{"id":9970,"date":"2023-08-30T17:41:00","date_gmt":"2023-08-30T15:41:00","guid":{"rendered":"https:\/\/www.rimocc.com\/?post_type=product&#038;p=9970"},"modified":"2025-07-02T12:56:50","modified_gmt":"2025-07-02T10:56:50","slug":"yamaha-washi-40th-anniversary-10-12-14-16-22-cc-14x65","status":"publish","type":"product","link":"https:\/\/www.rimocc.com\/en\/product\/yamaha-washi-40th-anniversary-10-12-14-16-22-cc-14x65\/","title":{"rendered":"Yamaha Washi 40th Anniversary 10&Prime; 12&Prime; 14&Prime; 16&Prime; 22&Prime; + CC 14&Prime;x6,5&Prime;"},"content":{"rendered":"<p>Yamaha Washi 40th Anniversary 10&Prime;x9&Prime; 12&Prime;x10&Prime; 14&Prime;x14&Prime;FT 16&Prime;x16&Prime;FT 22&Prime;x17&Prime; + CC 14&Prime;x6,5&Prime;<br \/>\nLimit\u00e9e \u00e0 40 ex dans le monde &#8211; Limited to 40 sets in the world<br \/>\nEtat Collection, comme neuve &#8211; Collector grade, as new<br \/>\nHokkaido Birch Shell<\/p>\n<p>La Fusion de l&rsquo;Art et de la Musique:<\/p>\n<p>La Yamaha Washi Drum Set est une batterie d&rsquo;exception, produite en \u00e9dition limit\u00e9e par Yamaha en 2007 pour comm\u00e9morer leurs 40 ans dans la fabrication de batteries. Elle se distingue par son esth\u00e9tique unique et ses caract\u00e9ristiques de haute qualit\u00e9.<br \/>\nEsth\u00e9tique et H\u00e9ritage Japonais<\/p>\n<p>Papier Washi: Le rev\u00eatement de cette batterie est r\u00e9alis\u00e9 en papier Washi, un papier traditionnel japonais, c\u00e9l\u00e8bre pour sa finesse et sa r\u00e9sistance.<br \/>\nIllustrations artistiques: Le papier Washi est orn\u00e9 de magnifiques illustrations inspir\u00e9es de la guerre de Genpei, un conflit majeur de l&rsquo;histoire japonaise. Ces dessins conf\u00e8rent \u00e0 la batterie une dimension culturelle et artistique forte.<\/p>\n<p>Caract\u00e9ristiques Techniques<\/p>\n<p>Inspiration Recording Custom: La conception de la Washi Drum Set s&rsquo;inspire de la prestigieuse s\u00e9rie Recording Custom de Yamaha, reconnue pour la qualit\u00e9 de ses instruments.<br \/>\nF\u00fbts en bouleau: Les f\u00fbts sont fabriqu\u00e9s en bouleau, un bois appr\u00e9ci\u00e9 pour sa sonorit\u00e9 claire, chaleureuse et polyvalente, adapt\u00e9e \u00e0 diff\u00e9rents styles musicaux.<br \/>\nAccastillage sp\u00e9cifique: La batterie est \u00e9quip\u00e9e de coquilles de cerclage sp\u00e9ciales, de cerceaux en bois vintage et de bords de chanfrein \u00e0 60 degr\u00e9s. Ces \u00e9l\u00e9ments contribuent \u00e0 la sonorit\u00e9 vintage et chaleureuse de l&rsquo;ensemble.<\/p>\n<p>Une Batterie Rare et Exceptionnelle<\/p>\n<p>Production limit\u00e9e: Seulement un nombre restreint de batteries Yamaha Washi ont \u00e9t\u00e9 produites, ce qui en fait une pi\u00e8ce de collection tr\u00e8s pris\u00e9e par les batteurs et les passionn\u00e9s d&rsquo;instruments de musique.<br \/>\nValeur de collection: La combinaison de son esth\u00e9tique unique, de sa qualit\u00e9 de fabrication et de sa raret\u00e9 en fait un objet de valeur pour les collectionneurs.<\/p>\n<p>En r\u00e9sum\u00e9<\/p>\n<p>La Yamaha Washi Drum Set est bien plus qu&rsquo;une simple batterie, c&rsquo;est un instrument d&rsquo;exception qui t\u00e9moigne du savoir-faire de Yamaha et de son attachement \u00e0 la culture japonaise. Elle ravira les batteurs \u00e0 la recherche d&rsquo;un instrument unique, tant sur le plan esth\u00e9tique que sonore.<\/p>\n<p><a href=\"https:\/\/usa.yamaha.com\/news_events\/2007\/20070110_yamaha-drums-commemorates-40th-anniversary-with-limited-edition-drum-set_us.html\">https:\/\/usa.yamaha.com\/news_events\/2007\/20070110_yamaha-drums-commemorates-40th-anniversary-with-limited-edition-drum-set_us.html<\/a><br \/>\n<a href=\"https:\/\/fr.yamaha.com\/fr\/products\/musical_instruments\/drums\/index.html\">https:\/\/fr.yamaha.com\/fr\/products\/musical_instruments\/drums\/index.html<\/a><br \/>\n<a href=\"https:\/\/www.rimocc.com\/en\/product-category\/batterie\/\">https:\/\/www.rimocc.com\/product-category\/batterie\/<\/a><\/p>\n<p><strong>Pas d&rsquo;envoi, \u00e0 r\u00e9cup\u00e9rer sur place &#8211; Pick-up only<\/strong><\/p>\n<p>Batterie Percussions Rimocc&rsquo; Lyon D\u00e9p\u00f4t-Vente, Achat Cash, Reprise<\/p>","protected":false},"excerpt":{"rendered":"<p>Yamaha Washi 40th Anniversary 10&Prime;x9&Prime; 12&Prime;x10&Prime; 14&Prime;x14&Prime;FT 16&Prime;x16&Prime;FT 22&Prime;x17&Prime; + CC 14&Prime;x6,5&Prime; Limit\u00e9e \u00e0 40 ex dans le monde &#8211; Limited to 40 sets in the world Etat Collection, comme neuve &#8211; Collector grade, as new Hokkaido Birch Shell La Fusion de l&rsquo;Art et de la Musique: La Yamaha Washi Drum Set est une batterie [&hellip;]<\/p>\n","protected":false},"featured_media":9949,"comment_status":"open","ping_status":"closed","template":"","meta":{"jetpack_publicize_message":"","jetpack_publicize_feature_enabled":true,"jetpack_social_post_already_shared":false,"jetpack_social_options":{"image_generator_settings":{"template":"highway","default_image_id":0,"font":"","enabled":false},"version":2}},"product_brand":[],"product_cat":[20],"product_tag":[41,56,212],"class_list":{"0":"post-9970","1":"product","2":"type-product","3":"status-publish","4":"has-post-thumbnail","6":"product_cat-batterie","7":"product_tag-batterie","8":"product_tag-yamaha","9":"product_tag-yamaha-washi","11":"entry","12":"has-media","14":"first","15":"outofstock","16":"shipping-taxable","17":"purchasable","18":"product-type-simple","19":"has-product-nav","20":"col","21":"span_1_of_3","22":"owp-content-center","23":"owp-thumbs-layout-horizontal","24":"owp-btn-normal","25":"owp-tabs-layout-horizontal"},"yoast_head":"<!-- This site is optimized with the Yoast SEO plugin v27.4 - https:\/\/yoast.com\/product\/yoast-seo-wordpress\/ -->\n<title>Yamaha Washi 40th Anniversary 10&quot; 12&quot; 14&quot; 16&quot; 22&quot; + CC 14&quot;x6,5&quot; - D\u00e9p\u00f4t Vente Batterie Percussion | Rimocc Lyon<\/title>\n<meta name=\"description\" content=\"Limit\u00e9e \u00e0 40 ex dans le monde - Limited to 40 sets in the world Etat Collection, comme neuve - Collector grade, as new Hokkaido Birch Shell\" \/>\n<meta name=\"robots\" content=\"index, follow, max-snippet:-1, max-image-preview:large, max-video-preview:-1\" \/>\n<link rel=\"canonical\" href=\"https:\/\/www.rimocc.com\/en\/product\/yamaha-washi-40th-anniversary-10-12-14-16-22-cc-14x65\/\" \/>\n<meta property=\"og:locale\" content=\"en_US\" \/>\n<meta property=\"og:type\" content=\"article\" \/>\n<meta property=\"og:title\" content=\"Yamaha Washi 40th Anniversary 10&quot; 12&quot; 14&quot; 16&quot; 22&quot; + CC 14&quot;x6,5&quot; - D\u00e9p\u00f4t Vente Batterie Percussion | Rimocc Lyon\" \/>\n<meta property=\"og:description\" content=\"Limit\u00e9e \u00e0 40 ex dans le monde - Limited to 40 sets in the world Etat Collection, comme neuve - Collector grade, as new Hokkaido Birch Shell\" \/>\n<meta property=\"og:url\" content=\"https:\/\/www.rimocc.com\/en\/product\/yamaha-washi-40th-anniversary-10-12-14-16-22-cc-14x65\/\" \/>\n<meta property=\"og:site_name\" content=\"D\u00e9p\u00f4t Vente Batterie Percussion | Rimocc Lyon\" \/>\n<meta property=\"article:publisher\" content=\"https:\/\/www.facebook.com\/rimocclyon\/?locale=fr_FR\" \/>\n<meta property=\"article:modified_time\" content=\"2025-07-02T10:56:50+00:00\" \/>\n<meta property=\"og:image\" content=\"https:\/\/www.rimocc.com\/wp-content\/uploads\/2023\/08\/Yamaha-Washi-1.jpg\" \/>\n\t<meta property=\"og:image:width\" content=\"1920\" \/>\n\t<meta property=\"og:image:height\" content=\"1920\" \/>\n\t<meta property=\"og:image:type\" content=\"image\/jpeg\" \/>\n<meta name=\"twitter:card\" content=\"summary_large_image\" \/>\n<meta name=\"twitter:label1\" content=\"Est. reading time\" \/>\n\t<meta name=\"twitter:data1\" content=\"2 minutes\" \/>\n<script type=\"application\/ld+json\" class=\"yoast-schema-graph\">{\"@context\":\"https:\\\/\\\/schema.org\",\"@graph\":[{\"@type\":\"WebPage\",\"@id\":\"https:\\\/\\\/www.rimocc.com\\\/product\\\/yamaha-washi-40th-anniversary-10-12-14-16-22-cc-14x65\\\/\",\"url\":\"https:\\\/\\\/www.rimocc.com\\\/product\\\/yamaha-washi-40th-anniversary-10-12-14-16-22-cc-14x65\\\/\",\"name\":\"Yamaha Washi 40th Anniversary 10\\\" 12\\\" 14\\\" 16\\\" 22\\\" + CC 14\\\"x6,5\\\" - D\u00e9p\u00f4t Vente Batterie Percussion | Rimocc Lyon\",\"isPartOf\":{\"@id\":\"https:\\\/\\\/www.rimocc.com\\\/#website\"},\"primaryImageOfPage\":{\"@id\":\"https:\\\/\\\/www.rimocc.com\\\/product\\\/yamaha-washi-40th-anniversary-10-12-14-16-22-cc-14x65\\\/#primaryimage\"},\"image\":{\"@id\":\"https:\\\/\\\/www.rimocc.com\\\/product\\\/yamaha-washi-40th-anniversary-10-12-14-16-22-cc-14x65\\\/#primaryimage\"},\"thumbnailUrl\":\"https:\\\/\\\/www.rimocc.com\\\/wp-content\\\/uploads\\\/2023\\\/08\\\/Yamaha-Washi-1.jpg\",\"datePublished\":\"2023-08-30T15:41:00+00:00\",\"dateModified\":\"2025-07-02T10:56:50+00:00\",\"description\":\"Limit\u00e9e \u00e0 40 ex dans le monde - Limited to 40 sets in the world Etat Collection, comme neuve - Collector grade, as new Hokkaido Birch Shell\",\"breadcrumb\":{\"@id\":\"https:\\\/\\\/www.rimocc.com\\\/product\\\/yamaha-washi-40th-anniversary-10-12-14-16-22-cc-14x65\\\/#breadcrumb\"},\"inLanguage\":\"en-US\",\"potentialAction\":[{\"@type\":\"ReadAction\",\"target\":[\"https:\\\/\\\/www.rimocc.com\\\/product\\\/yamaha-washi-40th-anniversary-10-12-14-16-22-cc-14x65\\\/\"]}]},{\"@type\":\"ImageObject\",\"inLanguage\":\"en-US\",\"@id\":\"https:\\\/\\\/www.rimocc.com\\\/product\\\/yamaha-washi-40th-anniversary-10-12-14-16-22-cc-14x65\\\/#primaryimage\",\"url\":\"https:\\\/\\\/www.rimocc.com\\\/wp-content\\\/uploads\\\/2023\\\/08\\\/Yamaha-Washi-1.jpg\",\"contentUrl\":\"https:\\\/\\\/www.rimocc.com\\\/wp-content\\\/uploads\\\/2023\\\/08\\\/Yamaha-Washi-1.jpg\",\"width\":1920,\"height\":1920},{\"@type\":\"BreadcrumbList\",\"@id\":\"https:\\\/\\\/www.rimocc.com\\\/product\\\/yamaha-washi-40th-anniversary-10-12-14-16-22-cc-14x65\\\/#breadcrumb\",\"itemListElement\":[{\"@type\":\"ListItem\",\"position\":1,\"name\":\"Home\",\"item\":\"https:\\\/\\\/www.rimocc.com\\\/\"},{\"@type\":\"ListItem\",\"position\":2,\"name\":\"Shop\",\"item\":\"https:\\\/\\\/www.rimocc.com\\\/shop\\\/\"},{\"@type\":\"ListItem\",\"position\":3,\"name\":\"Yamaha Washi 40th Anniversary 10&#8243; 12&#8243; 14&#8243; 16&#8243; 22&#8243; + CC 14&#8243;x6,5&#8243;\"}]},{\"@type\":\"WebSite\",\"@id\":\"https:\\\/\\\/www.rimocc.com\\\/#website\",\"url\":\"https:\\\/\\\/www.rimocc.com\\\/\",\"name\":\"D\u00e9p\u00f4t Vente Batterie Percussion | Rimocc Lyon\",\"description\":\"Rimocc: l&#039;unique magasin d\u00e9di\u00e9 enti\u00e8rement \u00e0 la batterie, percussion d&#039;occasion et vintage \u00e0 Lyon, France\",\"publisher\":{\"@id\":\"https:\\\/\\\/www.rimocc.com\\\/#organization\"},\"alternateName\":\"Rimocc'\",\"potentialAction\":[{\"@type\":\"SearchAction\",\"target\":{\"@type\":\"EntryPoint\",\"urlTemplate\":\"https:\\\/\\\/www.rimocc.com\\\/?s={search_term_string}\"},\"query-input\":{\"@type\":\"PropertyValueSpecification\",\"valueRequired\":true,\"valueName\":\"search_term_string\"}}],\"inLanguage\":\"en-US\"},{\"@type\":\"Organization\",\"@id\":\"https:\\\/\\\/www.rimocc.com\\\/#organization\",\"name\":\"Rimocc'\",\"alternateName\":\"Rimocc\",\"url\":\"https:\\\/\\\/www.rimocc.com\\\/\",\"logo\":{\"@type\":\"ImageObject\",\"inLanguage\":\"en-US\",\"@id\":\"https:\\\/\\\/www.rimocc.com\\\/#\\\/schema\\\/logo\\\/image\\\/\",\"url\":\"https:\\\/\\\/i0.wp.com\\\/www.rimocc.com\\\/wp-content\\\/uploads\\\/2023\\\/07\\\/RIMOCC_LOGO.jpg?fit=459%2C114&ssl=1\",\"contentUrl\":\"https:\\\/\\\/i0.wp.com\\\/www.rimocc.com\\\/wp-content\\\/uploads\\\/2023\\\/07\\\/RIMOCC_LOGO.jpg?fit=459%2C114&ssl=1\",\"width\":459,\"height\":114,\"caption\":\"Rimocc'\"},\"image\":{\"@id\":\"https:\\\/\\\/www.rimocc.com\\\/#\\\/schema\\\/logo\\\/image\\\/\"},\"sameAs\":[\"https:\\\/\\\/www.facebook.com\\\/rimocclyon\\\/?locale=fr_FR\",\"https:\\\/\\\/www.instagram.com\\\/rimoccc\\\/?hl=fr\",\"https:\\\/\\\/www.tiktok.com\\\/@rimocc\",\"https:\\\/\\\/www.youtube.com\\\/@Rimocc\"]}]}<\/script>\n<!-- \/ Yoast SEO plugin. -->","yoast_head_json":{"title":"Yamaha Washi 40th Anniversary 10\" 12\" 14\" 16\" 22\" + CC 14\"x6,5\" - D\u00e9p\u00f4t Vente Batterie Percussion | Rimocc Lyon","description":"Limit\u00e9e \u00e0 40 ex dans le monde - Limited to 40 sets in the world Etat Collection, comme neuve - Collector grade, as new Hokkaido Birch Shell","robots":{"index":"index","follow":"follow","max-snippet":"max-snippet:-1","max-image-preview":"max-image-preview:large","max-video-preview":"max-video-preview:-1"},"canonical":"https:\/\/www.rimocc.com\/en\/product\/yamaha-washi-40th-anniversary-10-12-14-16-22-cc-14x65\/","og_locale":"en_US","og_type":"article","og_title":"Yamaha Washi 40th Anniversary 10\" 12\" 14\" 16\" 22\" + CC 14\"x6,5\" - D\u00e9p\u00f4t Vente Batterie Percussion | Rimocc Lyon","og_description":"Limit\u00e9e \u00e0 40 ex dans le monde - Limited to 40 sets in the world Etat Collection, comme neuve - Collector grade, as new Hokkaido Birch Shell","og_url":"https:\/\/www.rimocc.com\/en\/product\/yamaha-washi-40th-anniversary-10-12-14-16-22-cc-14x65\/","og_site_name":"D\u00e9p\u00f4t Vente Batterie Percussion | Rimocc Lyon","article_publisher":"https:\/\/www.facebook.com\/rimocclyon\/?locale=fr_FR","article_modified_time":"2025-07-02T10:56:50+00:00","og_image":[{"width":1920,"height":1920,"url":"https:\/\/www.rimocc.com\/wp-content\/uploads\/2023\/08\/Yamaha-Washi-1.jpg","type":"image\/jpeg"}],"twitter_card":"summary_large_image","twitter_misc":{"Est. reading time":"2 minutes"},"schema":{"@context":"https:\/\/schema.org","@graph":[{"@type":"WebPage","@id":"https:\/\/www.rimocc.com\/product\/yamaha-washi-40th-anniversary-10-12-14-16-22-cc-14x65\/","url":"https:\/\/www.rimocc.com\/product\/yamaha-washi-40th-anniversary-10-12-14-16-22-cc-14x65\/","name":"Yamaha Washi 40th Anniversary 10\" 12\" 14\" 16\" 22\" + CC 14\"x6,5\" - D\u00e9p\u00f4t Vente Batterie Percussion | Rimocc Lyon","isPartOf":{"@id":"https:\/\/www.rimocc.com\/#website"},"primaryImageOfPage":{"@id":"https:\/\/www.rimocc.com\/product\/yamaha-washi-40th-anniversary-10-12-14-16-22-cc-14x65\/#primaryimage"},"image":{"@id":"https:\/\/www.rimocc.com\/product\/yamaha-washi-40th-anniversary-10-12-14-16-22-cc-14x65\/#primaryimage"},"thumbnailUrl":"https:\/\/www.rimocc.com\/wp-content\/uploads\/2023\/08\/Yamaha-Washi-1.jpg","datePublished":"2023-08-30T15:41:00+00:00","dateModified":"2025-07-02T10:56:50+00:00","description":"Limit\u00e9e \u00e0 40 ex dans le monde - Limited to 40 sets in the world Etat Collection, comme neuve - Collector grade, as new Hokkaido Birch Shell","breadcrumb":{"@id":"https:\/\/www.rimocc.com\/product\/yamaha-washi-40th-anniversary-10-12-14-16-22-cc-14x65\/#breadcrumb"},"inLanguage":"en-US","potentialAction":[{"@type":"ReadAction","target":["https:\/\/www.rimocc.com\/product\/yamaha-washi-40th-anniversary-10-12-14-16-22-cc-14x65\/"]}]},{"@type":"ImageObject","inLanguage":"en-US","@id":"https:\/\/www.rimocc.com\/product\/yamaha-washi-40th-anniversary-10-12-14-16-22-cc-14x65\/#primaryimage","url":"https:\/\/www.rimocc.com\/wp-content\/uploads\/2023\/08\/Yamaha-Washi-1.jpg","contentUrl":"https:\/\/www.rimocc.com\/wp-content\/uploads\/2023\/08\/Yamaha-Washi-1.jpg","width":1920,"height":1920},{"@type":"BreadcrumbList","@id":"https:\/\/www.rimocc.com\/product\/yamaha-washi-40th-anniversary-10-12-14-16-22-cc-14x65\/#breadcrumb","itemListElement":[{"@type":"ListItem","position":1,"name":"Home","item":"https:\/\/www.rimocc.com\/"},{"@type":"ListItem","position":2,"name":"Shop","item":"https:\/\/www.rimocc.com\/shop\/"},{"@type":"ListItem","position":3,"name":"Yamaha Washi 40th Anniversary 10&#8243; 12&#8243; 14&#8243; 16&#8243; 22&#8243; + CC 14&#8243;x6,5&#8243;"}]},{"@type":"WebSite","@id":"https:\/\/www.rimocc.com\/#website","url":"https:\/\/www.rimocc.com\/","name":"D\u00e9p\u00f4t Vente Batterie Percussion | Rimocc Lyon","description":"Rimocc: l&#039;unique magasin d\u00e9di\u00e9 enti\u00e8rement \u00e0 la batterie, percussion d&#039;occasion et vintage \u00e0 Lyon, France","publisher":{"@id":"https:\/\/www.rimocc.com\/#organization"},"alternateName":"Rimocc'","potentialAction":[{"@type":"SearchAction","target":{"@type":"EntryPoint","urlTemplate":"https:\/\/www.rimocc.com\/?s={search_term_string}"},"query-input":{"@type":"PropertyValueSpecification","valueRequired":true,"valueName":"search_term_string"}}],"inLanguage":"en-US"},{"@type":"Organization","@id":"https:\/\/www.rimocc.com\/#organization","name":"Rimocc'","alternateName":"Rimocc","url":"https:\/\/www.rimocc.com\/","logo":{"@type":"ImageObject","inLanguage":"en-US","@id":"https:\/\/www.rimocc.com\/#\/schema\/logo\/image\/","url":"https:\/\/i0.wp.com\/www.rimocc.com\/wp-content\/uploads\/2023\/07\/RIMOCC_LOGO.jpg?fit=459%2C114&ssl=1","contentUrl":"https:\/\/i0.wp.com\/www.rimocc.com\/wp-content\/uploads\/2023\/07\/RIMOCC_LOGO.jpg?fit=459%2C114&ssl=1","width":459,"height":114,"caption":"Rimocc'"},"image":{"@id":"https:\/\/www.rimocc.com\/#\/schema\/logo\/image\/"},"sameAs":["https:\/\/www.facebook.com\/rimocclyon\/?locale=fr_FR","https:\/\/www.instagram.com\/rimoccc\/?hl=fr","https:\/\/www.tiktok.com\/@rimocc","https:\/\/www.youtube.com\/@Rimocc"]}]}},"jetpack_publicize_connections":[],"jetpack_sharing_enabled":true,"_links":{"self":[{"href":"https:\/\/www.rimocc.com\/en\/wp-json\/wp\/v2\/product\/9970","targetHints":{"allow":["GET"]}}],"collection":[{"href":"https:\/\/www.rimocc.com\/en\/wp-json\/wp\/v2\/product"}],"about":[{"href":"https:\/\/www.rimocc.com\/en\/wp-json\/wp\/v2\/types\/product"}],"replies":[{"embeddable":true,"href":"https:\/\/www.rimocc.com\/en\/wp-json\/wp\/v2\/comments?post=9970"}],"wp:featuredmedia":[{"embeddable":true,"href":"https:\/\/www.rimocc.com\/en\/wp-json\/wp\/v2\/media\/9949"}],"wp:attachment":[{"href":"https:\/\/www.rimocc.com\/en\/wp-json\/wp\/v2\/media?parent=9970"}],"wp:term":[{"taxonomy":"product_brand","embeddable":true,"href":"https:\/\/www.rimocc.com\/en\/wp-json\/wp\/v2\/product_brand?post=9970"},{"taxonomy":"product_cat","embeddable":true,"href":"https:\/\/www.rimocc.com\/en\/wp-json\/wp\/v2\/product_cat?post=9970"},{"taxonomy":"product_tag","embeddable":true,"href":"https:\/\/www.rimocc.com\/en\/wp-json\/wp\/v2\/product_tag?post=9970"}],"curies":[{"name":"wp","href":"https:\/\/api.w.org\/{rel}","templated":true}]}}