{"id":9928,"date":"2023-08-29T16:07:08","date_gmt":"2023-08-29T14:07:08","guid":{"rendered":"https:\/\/www.rimocc.com\/?post_type=product&#038;p=9928"},"modified":"2023-12-01T17:36:24","modified_gmt":"2023-12-01T16:36:24","slug":"sonor-select-force-s-drive-canadian-maple-shell-10-x-65-12-x-7-tb14-x-12-tb16-x-14-22-x-20-piano-black","status":"publish","type":"product","link":"https:\/\/www.rimocc.com\/en\/product\/sonor-select-force-s-drive-canadian-maple-shell-10-x-65-12-x-7-tb14-x-12-tb16-x-14-22-x-20-piano-black\/","title":{"rendered":"Sonor Select Force S-Drive (Canadian Maple Shell) 10\u00a0\u00bb x 6,5\u00a0\u00bb 12\u00a0\u00bb x 7\u00a0\u00bb TB14\u00a0\u00bb x 12\u00a0\u00bb TB16\u00a0\u00bb x 14\u00a0\u00bb  22\u00a0\u00bb x 20\u00a0\u00bb Piano Black"},"content":{"rendered":"<p>Sonor Select Force S-Drive (Canadian Maple Shell) Piano Black<br \/>\n10\u00a0\u00bb x 6,5\u00a0\u00bb 12\u00a0\u00bb x 7\u00a0\u00bb TB14\u00a0\u00bb x 12\u00a0\u00bb TB16\u00a0\u00bb x 14\u00a0\u00bb  22\u00a0\u00bb x 20\u00a0\u00bb<br \/>\n(Pieds perches non inclus)<br \/>\nTr\u00e8s bon \u00e9tat g\u00e9n\u00e9ral, quelques traces de frottements sur le haut de la grosse caisse (vernis)<br \/>\n<em>Very good condition overall with few traces on top of the BD<br \/>\nClamps &#038; tom holders included<br \/>\n(Cymbal boom stands not included)<\/em><\/p>\n<p>(enl\u00e8vement sur place privil\u00e9gi\u00e9 mais envoi possible dans toute la France sur devis s\u00e9par\u00e9 &#8211; merci de s\u00e9lectionner l&rsquo;option retrait sur place et nous vous ferons parvenir un devis s\u00e9par\u00e9 pour la livraison, \u00e0 r\u00e9gler s\u00e9par\u00e9ment)<\/p>\n<p>Batterie Rimocc&rsquo; Lyon Magasin de musique<\/p>","protected":false},"excerpt":{"rendered":"<p>Sonor Select Force S-Drive (Canadian Maple Shell) Piano Black 10\u00a0\u00bb x 6,5\u00a0\u00bb 12\u00a0\u00bb x 7\u00a0\u00bb TB14\u00a0\u00bb x 12\u00a0\u00bb TB16\u00a0\u00bb x 14\u00a0\u00bb 22\u00a0\u00bb x 20\u00a0\u00bb (Pieds perches non inclus) Tr\u00e8s bon \u00e9tat g\u00e9n\u00e9ral, quelques traces de frottements sur le haut de la grosse caisse (vernis) Very good condition overall with few traces on top of the [&hellip;]<\/p>\n","protected":false},"featured_media":9918,"comment_status":"open","ping_status":"closed","template":"","meta":{"jetpack_publicize_message":"","jetpack_publicize_feature_enabled":true,"jetpack_social_post_already_shared":false,"jetpack_social_options":{"image_generator_settings":{"template":"highway","default_image_id":0,"font":"","enabled":false},"version":2}},"product_brand":[],"product_cat":[20],"product_tag":[67,210],"class_list":{"0":"post-9928","1":"product","2":"type-product","3":"status-publish","4":"has-post-thumbnail","6":"product_cat-batterie","7":"product_tag-sonor","8":"product_tag-sonor-select-force","10":"entry","11":"has-media","13":"first","14":"outofstock","15":"shipping-taxable","16":"purchasable","17":"product-type-simple","18":"has-product-nav","19":"col","20":"span_1_of_3","21":"owp-content-center","22":"owp-thumbs-layout-horizontal","23":"owp-btn-normal","24":"owp-tabs-layout-horizontal"},"yoast_head":"<!-- This site is optimized with the Yoast SEO plugin v27.4 - https:\/\/yoast.com\/product\/yoast-seo-wordpress\/ -->\n<title>Sonor Select Force S-Drive (Canadian Maple Shell) 10&#039;&#039; x 6,5&#039;&#039; 12&#039;&#039; x 7&#039;&#039; TB14&#039;&#039; x 12&#039;&#039; TB16&#039;&#039; x 14&#039;&#039; 22&#039;&#039; x 20&#039;&#039; Piano Black - D\u00e9p\u00f4t Vente Batterie Percussion | Rimocc Lyon<\/title>\n<meta name=\"description\" content=\"The SONOR Select Force Series is the pinnacle of the new Force range. The Select Series is a set for every drummer: designed especially for advanced and semi-professional drummers, Select Force drum sets can also be an interesting alternative for professional drummers. A wide array of pre-configured sets, components and the very latest features from the professionals series make SONOR Select Force sets a real hit!\" \/>\n<meta name=\"robots\" content=\"index, follow, max-snippet:-1, max-image-preview:large, max-video-preview:-1\" \/>\n<link rel=\"canonical\" href=\"https:\/\/www.rimocc.com\/en\/product\/sonor-select-force-s-drive-canadian-maple-shell-10-x-65-12-x-7-tb14-x-12-tb16-x-14-22-x-20-piano-black\/\" \/>\n<meta property=\"og:locale\" content=\"en_US\" \/>\n<meta property=\"og:type\" content=\"article\" \/>\n<meta property=\"og:title\" content=\"Sonor Select Force S-Drive (Canadian Maple Shell) 10&#039;&#039; x 6,5&#039;&#039; 12&#039;&#039; x 7&#039;&#039; TB14&#039;&#039; x 12&#039;&#039; TB16&#039;&#039; x 14&#039;&#039; 22&#039;&#039; x 20&#039;&#039; Piano Black - D\u00e9p\u00f4t Vente Batterie Percussion | Rimocc Lyon\" \/>\n<meta property=\"og:description\" content=\"The SONOR Select Force Series is the pinnacle of the new Force range. The Select Series is a set for every drummer: designed especially for advanced and semi-professional drummers, Select Force drum sets can also be an interesting alternative for professional drummers. A wide array of pre-configured sets, components and the very latest features from the professionals series make SONOR Select Force sets a real hit!\" \/>\n<meta property=\"og:url\" content=\"https:\/\/www.rimocc.com\/en\/product\/sonor-select-force-s-drive-canadian-maple-shell-10-x-65-12-x-7-tb14-x-12-tb16-x-14-22-x-20-piano-black\/\" \/>\n<meta property=\"og:site_name\" content=\"D\u00e9p\u00f4t Vente Batterie Percussion | Rimocc Lyon\" \/>\n<meta property=\"article:publisher\" content=\"https:\/\/www.facebook.com\/rimocclyon\/?locale=fr_FR\" \/>\n<meta property=\"article:modified_time\" content=\"2023-12-01T16:36:24+00:00\" \/>\n<meta property=\"og:image\" content=\"https:\/\/www.rimocc.com\/wp-content\/uploads\/2023\/08\/Sonor-Select-Force-S-Drive-Canadian-Maple-Shell-1.jpg\" \/>\n\t<meta property=\"og:image:width\" content=\"1920\" \/>\n\t<meta property=\"og:image:height\" content=\"1920\" \/>\n\t<meta property=\"og:image:type\" content=\"image\/jpeg\" \/>\n<meta name=\"twitter:card\" content=\"summary_large_image\" \/>\n<meta name=\"twitter:label1\" content=\"Est. reading time\" \/>\n\t<meta name=\"twitter:data1\" content=\"1 minute\" \/>\n<script type=\"application\/ld+json\" class=\"yoast-schema-graph\">{\"@context\":\"https:\\\/\\\/schema.org\",\"@graph\":[{\"@type\":\"WebPage\",\"@id\":\"https:\\\/\\\/www.rimocc.com\\\/product\\\/sonor-select-force-s-drive-canadian-maple-shell-10-x-65-12-x-7-tb14-x-12-tb16-x-14-22-x-20-piano-black\\\/\",\"url\":\"https:\\\/\\\/www.rimocc.com\\\/product\\\/sonor-select-force-s-drive-canadian-maple-shell-10-x-65-12-x-7-tb14-x-12-tb16-x-14-22-x-20-piano-black\\\/\",\"name\":\"Sonor Select Force S-Drive (Canadian Maple Shell) 10'' x 6,5'' 12'' x 7'' TB14'' x 12'' TB16'' x 14'' 22'' x 20'' Piano Black - D\u00e9p\u00f4t Vente Batterie Percussion | Rimocc Lyon\",\"isPartOf\":{\"@id\":\"https:\\\/\\\/www.rimocc.com\\\/#website\"},\"primaryImageOfPage\":{\"@id\":\"https:\\\/\\\/www.rimocc.com\\\/product\\\/sonor-select-force-s-drive-canadian-maple-shell-10-x-65-12-x-7-tb14-x-12-tb16-x-14-22-x-20-piano-black\\\/#primaryimage\"},\"image\":{\"@id\":\"https:\\\/\\\/www.rimocc.com\\\/product\\\/sonor-select-force-s-drive-canadian-maple-shell-10-x-65-12-x-7-tb14-x-12-tb16-x-14-22-x-20-piano-black\\\/#primaryimage\"},\"thumbnailUrl\":\"https:\\\/\\\/www.rimocc.com\\\/wp-content\\\/uploads\\\/2023\\\/08\\\/Sonor-Select-Force-S-Drive-Canadian-Maple-Shell-1.jpg\",\"datePublished\":\"2023-08-29T14:07:08+00:00\",\"dateModified\":\"2023-12-01T16:36:24+00:00\",\"description\":\"The SONOR Select Force Series is the pinnacle of the new Force range. The Select Series is a set for every drummer: designed especially for advanced and semi-professional drummers, Select Force drum sets can also be an interesting alternative for professional drummers. A wide array of pre-configured sets, components and the very latest features from the professionals series make SONOR Select Force sets a real hit!\",\"breadcrumb\":{\"@id\":\"https:\\\/\\\/www.rimocc.com\\\/product\\\/sonor-select-force-s-drive-canadian-maple-shell-10-x-65-12-x-7-tb14-x-12-tb16-x-14-22-x-20-piano-black\\\/#breadcrumb\"},\"inLanguage\":\"en-US\",\"potentialAction\":[{\"@type\":\"ReadAction\",\"target\":[\"https:\\\/\\\/www.rimocc.com\\\/product\\\/sonor-select-force-s-drive-canadian-maple-shell-10-x-65-12-x-7-tb14-x-12-tb16-x-14-22-x-20-piano-black\\\/\"]}]},{\"@type\":\"ImageObject\",\"inLanguage\":\"en-US\",\"@id\":\"https:\\\/\\\/www.rimocc.com\\\/product\\\/sonor-select-force-s-drive-canadian-maple-shell-10-x-65-12-x-7-tb14-x-12-tb16-x-14-22-x-20-piano-black\\\/#primaryimage\",\"url\":\"https:\\\/\\\/www.rimocc.com\\\/wp-content\\\/uploads\\\/2023\\\/08\\\/Sonor-Select-Force-S-Drive-Canadian-Maple-Shell-1.jpg\",\"contentUrl\":\"https:\\\/\\\/www.rimocc.com\\\/wp-content\\\/uploads\\\/2023\\\/08\\\/Sonor-Select-Force-S-Drive-Canadian-Maple-Shell-1.jpg\",\"width\":1920,\"height\":1920},{\"@type\":\"BreadcrumbList\",\"@id\":\"https:\\\/\\\/www.rimocc.com\\\/product\\\/sonor-select-force-s-drive-canadian-maple-shell-10-x-65-12-x-7-tb14-x-12-tb16-x-14-22-x-20-piano-black\\\/#breadcrumb\",\"itemListElement\":[{\"@type\":\"ListItem\",\"position\":1,\"name\":\"Home\",\"item\":\"https:\\\/\\\/www.rimocc.com\\\/\"},{\"@type\":\"ListItem\",\"position\":2,\"name\":\"Shop\",\"item\":\"https:\\\/\\\/www.rimocc.com\\\/shop\\\/\"},{\"@type\":\"ListItem\",\"position\":3,\"name\":\"Sonor Select Force S-Drive (Canadian Maple Shell) 10&#8221; x 6,5&#8221; 12&#8221; x 7&#8221; TB14&#8221; x 12&#8221; TB16&#8221; x 14&#8221; 22&#8221; x 20&#8221; Piano Black\"}]},{\"@type\":\"WebSite\",\"@id\":\"https:\\\/\\\/www.rimocc.com\\\/#website\",\"url\":\"https:\\\/\\\/www.rimocc.com\\\/\",\"name\":\"D\u00e9p\u00f4t Vente Batterie Percussion | Rimocc Lyon\",\"description\":\"Rimocc: l&#039;unique magasin d\u00e9di\u00e9 enti\u00e8rement \u00e0 la batterie, percussion d&#039;occasion et vintage \u00e0 Lyon, France\",\"publisher\":{\"@id\":\"https:\\\/\\\/www.rimocc.com\\\/#organization\"},\"alternateName\":\"Rimocc'\",\"potentialAction\":[{\"@type\":\"SearchAction\",\"target\":{\"@type\":\"EntryPoint\",\"urlTemplate\":\"https:\\\/\\\/www.rimocc.com\\\/?s={search_term_string}\"},\"query-input\":{\"@type\":\"PropertyValueSpecification\",\"valueRequired\":true,\"valueName\":\"search_term_string\"}}],\"inLanguage\":\"en-US\"},{\"@type\":\"Organization\",\"@id\":\"https:\\\/\\\/www.rimocc.com\\\/#organization\",\"name\":\"Rimocc'\",\"alternateName\":\"Rimocc\",\"url\":\"https:\\\/\\\/www.rimocc.com\\\/\",\"logo\":{\"@type\":\"ImageObject\",\"inLanguage\":\"en-US\",\"@id\":\"https:\\\/\\\/www.rimocc.com\\\/#\\\/schema\\\/logo\\\/image\\\/\",\"url\":\"https:\\\/\\\/i0.wp.com\\\/www.rimocc.com\\\/wp-content\\\/uploads\\\/2023\\\/07\\\/RIMOCC_LOGO.jpg?fit=459%2C114&ssl=1\",\"contentUrl\":\"https:\\\/\\\/i0.wp.com\\\/www.rimocc.com\\\/wp-content\\\/uploads\\\/2023\\\/07\\\/RIMOCC_LOGO.jpg?fit=459%2C114&ssl=1\",\"width\":459,\"height\":114,\"caption\":\"Rimocc'\"},\"image\":{\"@id\":\"https:\\\/\\\/www.rimocc.com\\\/#\\\/schema\\\/logo\\\/image\\\/\"},\"sameAs\":[\"https:\\\/\\\/www.facebook.com\\\/rimocclyon\\\/?locale=fr_FR\",\"https:\\\/\\\/www.instagram.com\\\/rimoccc\\\/?hl=fr\",\"https:\\\/\\\/www.tiktok.com\\\/@rimocc\",\"https:\\\/\\\/www.youtube.com\\\/@Rimocc\"]}]}<\/script>\n<!-- \/ Yoast SEO plugin. -->","yoast_head_json":{"title":"Sonor Select Force S-Drive (Canadian Maple Shell) 10'' x 6,5'' 12'' x 7'' TB14'' x 12'' TB16'' x 14'' 22'' x 20'' Piano Black - D\u00e9p\u00f4t Vente Batterie Percussion | Rimocc Lyon","description":"The SONOR Select Force Series is the pinnacle of the new Force range. The Select Series is a set for every drummer: designed especially for advanced and semi-professional drummers, Select Force drum sets can also be an interesting alternative for professional drummers. A wide array of pre-configured sets, components and the very latest features from the professionals series make SONOR Select Force sets a real hit!","robots":{"index":"index","follow":"follow","max-snippet":"max-snippet:-1","max-image-preview":"max-image-preview:large","max-video-preview":"max-video-preview:-1"},"canonical":"https:\/\/www.rimocc.com\/en\/product\/sonor-select-force-s-drive-canadian-maple-shell-10-x-65-12-x-7-tb14-x-12-tb16-x-14-22-x-20-piano-black\/","og_locale":"en_US","og_type":"article","og_title":"Sonor Select Force S-Drive (Canadian Maple Shell) 10'' x 6,5'' 12'' x 7'' TB14'' x 12'' TB16'' x 14'' 22'' x 20'' Piano Black - D\u00e9p\u00f4t Vente Batterie Percussion | Rimocc Lyon","og_description":"The SONOR Select Force Series is the pinnacle of the new Force range. The Select Series is a set for every drummer: designed especially for advanced and semi-professional drummers, Select Force drum sets can also be an interesting alternative for professional drummers. A wide array of pre-configured sets, components and the very latest features from the professionals series make SONOR Select Force sets a real hit!","og_url":"https:\/\/www.rimocc.com\/en\/product\/sonor-select-force-s-drive-canadian-maple-shell-10-x-65-12-x-7-tb14-x-12-tb16-x-14-22-x-20-piano-black\/","og_site_name":"D\u00e9p\u00f4t Vente Batterie Percussion | Rimocc Lyon","article_publisher":"https:\/\/www.facebook.com\/rimocclyon\/?locale=fr_FR","article_modified_time":"2023-12-01T16:36:24+00:00","og_image":[{"width":1920,"height":1920,"url":"https:\/\/www.rimocc.com\/wp-content\/uploads\/2023\/08\/Sonor-Select-Force-S-Drive-Canadian-Maple-Shell-1.jpg","type":"image\/jpeg"}],"twitter_card":"summary_large_image","twitter_misc":{"Est. reading time":"1 minute"},"schema":{"@context":"https:\/\/schema.org","@graph":[{"@type":"WebPage","@id":"https:\/\/www.rimocc.com\/product\/sonor-select-force-s-drive-canadian-maple-shell-10-x-65-12-x-7-tb14-x-12-tb16-x-14-22-x-20-piano-black\/","url":"https:\/\/www.rimocc.com\/product\/sonor-select-force-s-drive-canadian-maple-shell-10-x-65-12-x-7-tb14-x-12-tb16-x-14-22-x-20-piano-black\/","name":"Sonor Select Force S-Drive (Canadian Maple Shell) 10'' x 6,5'' 12'' x 7'' TB14'' x 12'' TB16'' x 14'' 22'' x 20'' Piano Black - D\u00e9p\u00f4t Vente Batterie Percussion | Rimocc Lyon","isPartOf":{"@id":"https:\/\/www.rimocc.com\/#website"},"primaryImageOfPage":{"@id":"https:\/\/www.rimocc.com\/product\/sonor-select-force-s-drive-canadian-maple-shell-10-x-65-12-x-7-tb14-x-12-tb16-x-14-22-x-20-piano-black\/#primaryimage"},"image":{"@id":"https:\/\/www.rimocc.com\/product\/sonor-select-force-s-drive-canadian-maple-shell-10-x-65-12-x-7-tb14-x-12-tb16-x-14-22-x-20-piano-black\/#primaryimage"},"thumbnailUrl":"https:\/\/www.rimocc.com\/wp-content\/uploads\/2023\/08\/Sonor-Select-Force-S-Drive-Canadian-Maple-Shell-1.jpg","datePublished":"2023-08-29T14:07:08+00:00","dateModified":"2023-12-01T16:36:24+00:00","description":"The SONOR Select Force Series is the pinnacle of the new Force range. The Select Series is a set for every drummer: designed especially for advanced and semi-professional drummers, Select Force drum sets can also be an interesting alternative for professional drummers. A wide array of pre-configured sets, components and the very latest features from the professionals series make SONOR Select Force sets a real hit!","breadcrumb":{"@id":"https:\/\/www.rimocc.com\/product\/sonor-select-force-s-drive-canadian-maple-shell-10-x-65-12-x-7-tb14-x-12-tb16-x-14-22-x-20-piano-black\/#breadcrumb"},"inLanguage":"en-US","potentialAction":[{"@type":"ReadAction","target":["https:\/\/www.rimocc.com\/product\/sonor-select-force-s-drive-canadian-maple-shell-10-x-65-12-x-7-tb14-x-12-tb16-x-14-22-x-20-piano-black\/"]}]},{"@type":"ImageObject","inLanguage":"en-US","@id":"https:\/\/www.rimocc.com\/product\/sonor-select-force-s-drive-canadian-maple-shell-10-x-65-12-x-7-tb14-x-12-tb16-x-14-22-x-20-piano-black\/#primaryimage","url":"https:\/\/www.rimocc.com\/wp-content\/uploads\/2023\/08\/Sonor-Select-Force-S-Drive-Canadian-Maple-Shell-1.jpg","contentUrl":"https:\/\/www.rimocc.com\/wp-content\/uploads\/2023\/08\/Sonor-Select-Force-S-Drive-Canadian-Maple-Shell-1.jpg","width":1920,"height":1920},{"@type":"BreadcrumbList","@id":"https:\/\/www.rimocc.com\/product\/sonor-select-force-s-drive-canadian-maple-shell-10-x-65-12-x-7-tb14-x-12-tb16-x-14-22-x-20-piano-black\/#breadcrumb","itemListElement":[{"@type":"ListItem","position":1,"name":"Home","item":"https:\/\/www.rimocc.com\/"},{"@type":"ListItem","position":2,"name":"Shop","item":"https:\/\/www.rimocc.com\/shop\/"},{"@type":"ListItem","position":3,"name":"Sonor Select Force S-Drive (Canadian Maple Shell) 10&#8221; x 6,5&#8221; 12&#8221; x 7&#8221; TB14&#8221; x 12&#8221; TB16&#8221; x 14&#8221; 22&#8221; x 20&#8221; Piano Black"}]},{"@type":"WebSite","@id":"https:\/\/www.rimocc.com\/#website","url":"https:\/\/www.rimocc.com\/","name":"D\u00e9p\u00f4t Vente Batterie Percussion | Rimocc Lyon","description":"Rimocc: l&#039;unique magasin d\u00e9di\u00e9 enti\u00e8rement \u00e0 la batterie, percussion d&#039;occasion et vintage \u00e0 Lyon, France","publisher":{"@id":"https:\/\/www.rimocc.com\/#organization"},"alternateName":"Rimocc'","potentialAction":[{"@type":"SearchAction","target":{"@type":"EntryPoint","urlTemplate":"https:\/\/www.rimocc.com\/?s={search_term_string}"},"query-input":{"@type":"PropertyValueSpecification","valueRequired":true,"valueName":"search_term_string"}}],"inLanguage":"en-US"},{"@type":"Organization","@id":"https:\/\/www.rimocc.com\/#organization","name":"Rimocc'","alternateName":"Rimocc","url":"https:\/\/www.rimocc.com\/","logo":{"@type":"ImageObject","inLanguage":"en-US","@id":"https:\/\/www.rimocc.com\/#\/schema\/logo\/image\/","url":"https:\/\/i0.wp.com\/www.rimocc.com\/wp-content\/uploads\/2023\/07\/RIMOCC_LOGO.jpg?fit=459%2C114&ssl=1","contentUrl":"https:\/\/i0.wp.com\/www.rimocc.com\/wp-content\/uploads\/2023\/07\/RIMOCC_LOGO.jpg?fit=459%2C114&ssl=1","width":459,"height":114,"caption":"Rimocc'"},"image":{"@id":"https:\/\/www.rimocc.com\/#\/schema\/logo\/image\/"},"sameAs":["https:\/\/www.facebook.com\/rimocclyon\/?locale=fr_FR","https:\/\/www.instagram.com\/rimoccc\/?hl=fr","https:\/\/www.tiktok.com\/@rimocc","https:\/\/www.youtube.com\/@Rimocc"]}]}},"jetpack_publicize_connections":[],"jetpack_sharing_enabled":true,"_links":{"self":[{"href":"https:\/\/www.rimocc.com\/en\/wp-json\/wp\/v2\/product\/9928","targetHints":{"allow":["GET"]}}],"collection":[{"href":"https:\/\/www.rimocc.com\/en\/wp-json\/wp\/v2\/product"}],"about":[{"href":"https:\/\/www.rimocc.com\/en\/wp-json\/wp\/v2\/types\/product"}],"replies":[{"embeddable":true,"href":"https:\/\/www.rimocc.com\/en\/wp-json\/wp\/v2\/comments?post=9928"}],"wp:featuredmedia":[{"embeddable":true,"href":"https:\/\/www.rimocc.com\/en\/wp-json\/wp\/v2\/media\/9918"}],"wp:attachment":[{"href":"https:\/\/www.rimocc.com\/en\/wp-json\/wp\/v2\/media?parent=9928"}],"wp:term":[{"taxonomy":"product_brand","embeddable":true,"href":"https:\/\/www.rimocc.com\/en\/wp-json\/wp\/v2\/product_brand?post=9928"},{"taxonomy":"product_cat","embeddable":true,"href":"https:\/\/www.rimocc.com\/en\/wp-json\/wp\/v2\/product_cat?post=9928"},{"taxonomy":"product_tag","embeddable":true,"href":"https:\/\/www.rimocc.com\/en\/wp-json\/wp\/v2\/product_tag?post=9928"}],"curies":[{"name":"wp","href":"https:\/\/api.w.org\/{rel}","templated":true}]}}