{"id":9828,"date":"2023-08-23T17:12:23","date_gmt":"2023-08-23T15:12:23","guid":{"rendered":"https:\/\/www.rimocc.com\/?post_type=product&#038;p=9828"},"modified":"2023-09-21T18:54:35","modified_gmt":"2023-09-21T16:54:35","slug":"pearl-masters-maple-complete-22-10-12-16-attaches-clamps","status":"publish","type":"product","link":"https:\/\/www.rimocc.com\/en\/product\/pearl-masters-maple-complete-22-10-12-16-attaches-clamps\/","title":{"rendered":"Pearl Masters Maple Complete 22&Prime; 10&Prime; 12&Prime; 16&Prime; + attaches &#038; clamps"},"content":{"rendered":"<p>Comme neuve<br \/>\n22&Prime;x18&Prime; 10&Prime;x7&Prime; 12&Prime;x8&Prime; 16&Prime;x14&Prime; + attaches et clamps<br \/>\nNatural Matte<br \/>\nF\u00fbts en \u00e9rable nord am\u00e9ricain 6 plis &#8211; 5,4 mm<br \/>\nAccastillage chrom\u00e9<br \/>\nCercles Super Hoop II 2,3 mm<br \/>\nSyst\u00e8me de suspension Optimount<br \/>\n(Les pieds perche ne sont pas inclus)<\/p>\n<p>(enl\u00e8vement sur place privil\u00e9gi\u00e9 mais envoi possible dans toute la France sur devis s\u00e9par\u00e9 &#8211; merci de s\u00e9lectionner l&rsquo;option retrait sur place et nous vous ferons parvenir un devis s\u00e9par\u00e9 pour la livraison, \u00e0 r\u00e9gler s\u00e9par\u00e9ment)<br \/>\nInternational order, pick-up ONLY<\/p>\n<p>Batterie Rimocc&rsquo; Lyon Magasin de musique<\/p>","protected":false},"excerpt":{"rendered":"<p>Comme neuve 22&Prime;x18&Prime; 10&Prime;x7&Prime; 12&Prime;x8&Prime; 16&Prime;x14&Prime; + attaches et clamps Natural Matte F\u00fbts en \u00e9rable nord am\u00e9ricain 6 plis &#8211; 5,4 mm Accastillage chrom\u00e9 Cercles Super Hoop II 2,3 mm Syst\u00e8me de suspension Optimount (Les pieds perche ne sont pas inclus) (enl\u00e8vement sur place privil\u00e9gi\u00e9 mais envoi possible dans toute la France sur devis s\u00e9par\u00e9 [&hellip;]<\/p>\n","protected":false},"featured_media":9816,"comment_status":"open","ping_status":"closed","template":"","meta":{"jetpack_publicize_message":"","jetpack_publicize_feature_enabled":true,"jetpack_social_post_already_shared":false,"jetpack_social_options":{"image_generator_settings":{"template":"highway","default_image_id":0,"font":"","enabled":false},"version":2}},"product_brand":[],"product_cat":[20],"product_tag":[124,199],"class_list":{"0":"post-9828","1":"product","2":"type-product","3":"status-publish","4":"has-post-thumbnail","6":"product_cat-batterie","7":"product_tag-pearl","8":"product_tag-pearl-masters","10":"entry","11":"has-media","13":"first","14":"outofstock","15":"shipping-taxable","16":"purchasable","17":"product-type-simple","18":"has-product-nav","19":"col","20":"span_1_of_3","21":"owp-content-center","22":"owp-thumbs-layout-horizontal","23":"owp-btn-normal","24":"owp-tabs-layout-horizontal"},"yoast_head":"<!-- This site is optimized with the Yoast SEO plugin v27.4 - https:\/\/yoast.com\/product\/yoast-seo-wordpress\/ -->\n<title>Pearl Masters Maple Complete 22&quot; 10&quot; 12&quot; 16&quot; + attaches &amp; clamps - D\u00e9p\u00f4t Vente Batterie Percussion | Rimocc Lyon<\/title>\n<meta name=\"description\" content=\"Pearl\u2019s Masters Series has always been synonymous with the very best in professional instruments for the touring drummer.Masters Maple Complete drums present a refined representation of over two decades of Masters drums in one kit.Its road ready touches make it reliable for consistent sound and performance from venue to venue at a price that won\u2019t make you forfeit your per diem.\" \/>\n<meta name=\"robots\" content=\"index, follow, max-snippet:-1, max-image-preview:large, max-video-preview:-1\" \/>\n<link rel=\"canonical\" href=\"https:\/\/www.rimocc.com\/en\/product\/pearl-masters-maple-complete-22-10-12-16-attaches-clamps\/\" \/>\n<meta property=\"og:locale\" content=\"en_US\" \/>\n<meta property=\"og:type\" content=\"article\" \/>\n<meta property=\"og:title\" content=\"Pearl Masters Maple Complete 22&quot; 10&quot; 12&quot; 16&quot; + attaches &amp; clamps - D\u00e9p\u00f4t Vente Batterie Percussion | Rimocc Lyon\" \/>\n<meta property=\"og:description\" content=\"Pearl\u2019s Masters Series has always been synonymous with the very best in professional instruments for the touring drummer.Masters Maple Complete drums present a refined representation of over two decades of Masters drums in one kit.Its road ready touches make it reliable for consistent sound and performance from venue to venue at a price that won\u2019t make you forfeit your per diem.\" \/>\n<meta property=\"og:url\" content=\"https:\/\/www.rimocc.com\/en\/product\/pearl-masters-maple-complete-22-10-12-16-attaches-clamps\/\" \/>\n<meta property=\"og:site_name\" content=\"D\u00e9p\u00f4t Vente Batterie Percussion | Rimocc Lyon\" \/>\n<meta property=\"article:publisher\" content=\"https:\/\/www.facebook.com\/rimocclyon\/?locale=fr_FR\" \/>\n<meta property=\"article:modified_time\" content=\"2023-09-21T16:54:35+00:00\" \/>\n<meta property=\"og:image\" content=\"https:\/\/www.rimocc.com\/wp-content\/uploads\/2023\/08\/Pearl-Masters-Maple-Complete-22_-10_-12_-16_-1.jpg\" \/>\n\t<meta property=\"og:image:width\" content=\"1920\" \/>\n\t<meta property=\"og:image:height\" content=\"1920\" \/>\n\t<meta property=\"og:image:type\" content=\"image\/jpeg\" \/>\n<meta name=\"twitter:card\" content=\"summary_large_image\" \/>\n<meta name=\"twitter:label1\" content=\"Est. reading time\" \/>\n\t<meta name=\"twitter:data1\" content=\"1 minute\" \/>\n<script type=\"application\/ld+json\" class=\"yoast-schema-graph\">{\"@context\":\"https:\\\/\\\/schema.org\",\"@graph\":[{\"@type\":\"WebPage\",\"@id\":\"https:\\\/\\\/www.rimocc.com\\\/product\\\/pearl-masters-maple-complete-22-10-12-16-attaches-clamps\\\/\",\"url\":\"https:\\\/\\\/www.rimocc.com\\\/product\\\/pearl-masters-maple-complete-22-10-12-16-attaches-clamps\\\/\",\"name\":\"Pearl Masters Maple Complete 22\\\" 10\\\" 12\\\" 16\\\" + attaches & clamps - D\u00e9p\u00f4t Vente Batterie Percussion | Rimocc Lyon\",\"isPartOf\":{\"@id\":\"https:\\\/\\\/www.rimocc.com\\\/#website\"},\"primaryImageOfPage\":{\"@id\":\"https:\\\/\\\/www.rimocc.com\\\/product\\\/pearl-masters-maple-complete-22-10-12-16-attaches-clamps\\\/#primaryimage\"},\"image\":{\"@id\":\"https:\\\/\\\/www.rimocc.com\\\/product\\\/pearl-masters-maple-complete-22-10-12-16-attaches-clamps\\\/#primaryimage\"},\"thumbnailUrl\":\"https:\\\/\\\/www.rimocc.com\\\/wp-content\\\/uploads\\\/2023\\\/08\\\/Pearl-Masters-Maple-Complete-22_-10_-12_-16_-1.jpg\",\"datePublished\":\"2023-08-23T15:12:23+00:00\",\"dateModified\":\"2023-09-21T16:54:35+00:00\",\"description\":\"Pearl\u2019s Masters Series has always been synonymous with the very best in professional instruments for the touring drummer.Masters Maple Complete drums present a refined representation of over two decades of Masters drums in one kit.Its road ready touches make it reliable for consistent sound and performance from venue to venue at a price that won\u2019t make you forfeit your per diem.\",\"breadcrumb\":{\"@id\":\"https:\\\/\\\/www.rimocc.com\\\/product\\\/pearl-masters-maple-complete-22-10-12-16-attaches-clamps\\\/#breadcrumb\"},\"inLanguage\":\"en-US\",\"potentialAction\":[{\"@type\":\"ReadAction\",\"target\":[\"https:\\\/\\\/www.rimocc.com\\\/product\\\/pearl-masters-maple-complete-22-10-12-16-attaches-clamps\\\/\"]}]},{\"@type\":\"ImageObject\",\"inLanguage\":\"en-US\",\"@id\":\"https:\\\/\\\/www.rimocc.com\\\/product\\\/pearl-masters-maple-complete-22-10-12-16-attaches-clamps\\\/#primaryimage\",\"url\":\"https:\\\/\\\/www.rimocc.com\\\/wp-content\\\/uploads\\\/2023\\\/08\\\/Pearl-Masters-Maple-Complete-22_-10_-12_-16_-1.jpg\",\"contentUrl\":\"https:\\\/\\\/www.rimocc.com\\\/wp-content\\\/uploads\\\/2023\\\/08\\\/Pearl-Masters-Maple-Complete-22_-10_-12_-16_-1.jpg\",\"width\":1920,\"height\":1920},{\"@type\":\"BreadcrumbList\",\"@id\":\"https:\\\/\\\/www.rimocc.com\\\/product\\\/pearl-masters-maple-complete-22-10-12-16-attaches-clamps\\\/#breadcrumb\",\"itemListElement\":[{\"@type\":\"ListItem\",\"position\":1,\"name\":\"Home\",\"item\":\"https:\\\/\\\/www.rimocc.com\\\/\"},{\"@type\":\"ListItem\",\"position\":2,\"name\":\"Shop\",\"item\":\"https:\\\/\\\/www.rimocc.com\\\/shop\\\/\"},{\"@type\":\"ListItem\",\"position\":3,\"name\":\"Pearl Masters Maple Complete 22&#8243; 10&#8243; 12&#8243; 16&#8243; + attaches &#038; clamps\"}]},{\"@type\":\"WebSite\",\"@id\":\"https:\\\/\\\/www.rimocc.com\\\/#website\",\"url\":\"https:\\\/\\\/www.rimocc.com\\\/\",\"name\":\"D\u00e9p\u00f4t Vente Batterie Percussion | Rimocc Lyon\",\"description\":\"Rimocc: l&#039;unique magasin d\u00e9di\u00e9 enti\u00e8rement \u00e0 la batterie, percussion d&#039;occasion et vintage \u00e0 Lyon, France\",\"publisher\":{\"@id\":\"https:\\\/\\\/www.rimocc.com\\\/#organization\"},\"alternateName\":\"Rimocc'\",\"potentialAction\":[{\"@type\":\"SearchAction\",\"target\":{\"@type\":\"EntryPoint\",\"urlTemplate\":\"https:\\\/\\\/www.rimocc.com\\\/?s={search_term_string}\"},\"query-input\":{\"@type\":\"PropertyValueSpecification\",\"valueRequired\":true,\"valueName\":\"search_term_string\"}}],\"inLanguage\":\"en-US\"},{\"@type\":\"Organization\",\"@id\":\"https:\\\/\\\/www.rimocc.com\\\/#organization\",\"name\":\"Rimocc'\",\"alternateName\":\"Rimocc\",\"url\":\"https:\\\/\\\/www.rimocc.com\\\/\",\"logo\":{\"@type\":\"ImageObject\",\"inLanguage\":\"en-US\",\"@id\":\"https:\\\/\\\/www.rimocc.com\\\/#\\\/schema\\\/logo\\\/image\\\/\",\"url\":\"https:\\\/\\\/i0.wp.com\\\/www.rimocc.com\\\/wp-content\\\/uploads\\\/2023\\\/07\\\/RIMOCC_LOGO.jpg?fit=459%2C114&ssl=1\",\"contentUrl\":\"https:\\\/\\\/i0.wp.com\\\/www.rimocc.com\\\/wp-content\\\/uploads\\\/2023\\\/07\\\/RIMOCC_LOGO.jpg?fit=459%2C114&ssl=1\",\"width\":459,\"height\":114,\"caption\":\"Rimocc'\"},\"image\":{\"@id\":\"https:\\\/\\\/www.rimocc.com\\\/#\\\/schema\\\/logo\\\/image\\\/\"},\"sameAs\":[\"https:\\\/\\\/www.facebook.com\\\/rimocclyon\\\/?locale=fr_FR\",\"https:\\\/\\\/www.instagram.com\\\/rimoccc\\\/?hl=fr\",\"https:\\\/\\\/www.tiktok.com\\\/@rimocc\",\"https:\\\/\\\/www.youtube.com\\\/@Rimocc\"]}]}<\/script>\n<!-- \/ Yoast SEO plugin. -->","yoast_head_json":{"title":"Pearl Masters Maple Complete 22\" 10\" 12\" 16\" + attaches & clamps - D\u00e9p\u00f4t Vente Batterie Percussion | Rimocc Lyon","description":"Pearl\u2019s Masters Series has always been synonymous with the very best in professional instruments for the touring drummer.Masters Maple Complete drums present a refined representation of over two decades of Masters drums in one kit.Its road ready touches make it reliable for consistent sound and performance from venue to venue at a price that won\u2019t make you forfeit your per diem.","robots":{"index":"index","follow":"follow","max-snippet":"max-snippet:-1","max-image-preview":"max-image-preview:large","max-video-preview":"max-video-preview:-1"},"canonical":"https:\/\/www.rimocc.com\/en\/product\/pearl-masters-maple-complete-22-10-12-16-attaches-clamps\/","og_locale":"en_US","og_type":"article","og_title":"Pearl Masters Maple Complete 22\" 10\" 12\" 16\" + attaches & clamps - D\u00e9p\u00f4t Vente Batterie Percussion | Rimocc Lyon","og_description":"Pearl\u2019s Masters Series has always been synonymous with the very best in professional instruments for the touring drummer.Masters Maple Complete drums present a refined representation of over two decades of Masters drums in one kit.Its road ready touches make it reliable for consistent sound and performance from venue to venue at a price that won\u2019t make you forfeit your per diem.","og_url":"https:\/\/www.rimocc.com\/en\/product\/pearl-masters-maple-complete-22-10-12-16-attaches-clamps\/","og_site_name":"D\u00e9p\u00f4t Vente Batterie Percussion | Rimocc Lyon","article_publisher":"https:\/\/www.facebook.com\/rimocclyon\/?locale=fr_FR","article_modified_time":"2023-09-21T16:54:35+00:00","og_image":[{"width":1920,"height":1920,"url":"https:\/\/www.rimocc.com\/wp-content\/uploads\/2023\/08\/Pearl-Masters-Maple-Complete-22_-10_-12_-16_-1.jpg","type":"image\/jpeg"}],"twitter_card":"summary_large_image","twitter_misc":{"Est. reading time":"1 minute"},"schema":{"@context":"https:\/\/schema.org","@graph":[{"@type":"WebPage","@id":"https:\/\/www.rimocc.com\/product\/pearl-masters-maple-complete-22-10-12-16-attaches-clamps\/","url":"https:\/\/www.rimocc.com\/product\/pearl-masters-maple-complete-22-10-12-16-attaches-clamps\/","name":"Pearl Masters Maple Complete 22\" 10\" 12\" 16\" + attaches & clamps - D\u00e9p\u00f4t Vente Batterie Percussion | Rimocc Lyon","isPartOf":{"@id":"https:\/\/www.rimocc.com\/#website"},"primaryImageOfPage":{"@id":"https:\/\/www.rimocc.com\/product\/pearl-masters-maple-complete-22-10-12-16-attaches-clamps\/#primaryimage"},"image":{"@id":"https:\/\/www.rimocc.com\/product\/pearl-masters-maple-complete-22-10-12-16-attaches-clamps\/#primaryimage"},"thumbnailUrl":"https:\/\/www.rimocc.com\/wp-content\/uploads\/2023\/08\/Pearl-Masters-Maple-Complete-22_-10_-12_-16_-1.jpg","datePublished":"2023-08-23T15:12:23+00:00","dateModified":"2023-09-21T16:54:35+00:00","description":"Pearl\u2019s Masters Series has always been synonymous with the very best in professional instruments for the touring drummer.Masters Maple Complete drums present a refined representation of over two decades of Masters drums in one kit.Its road ready touches make it reliable for consistent sound and performance from venue to venue at a price that won\u2019t make you forfeit your per diem.","breadcrumb":{"@id":"https:\/\/www.rimocc.com\/product\/pearl-masters-maple-complete-22-10-12-16-attaches-clamps\/#breadcrumb"},"inLanguage":"en-US","potentialAction":[{"@type":"ReadAction","target":["https:\/\/www.rimocc.com\/product\/pearl-masters-maple-complete-22-10-12-16-attaches-clamps\/"]}]},{"@type":"ImageObject","inLanguage":"en-US","@id":"https:\/\/www.rimocc.com\/product\/pearl-masters-maple-complete-22-10-12-16-attaches-clamps\/#primaryimage","url":"https:\/\/www.rimocc.com\/wp-content\/uploads\/2023\/08\/Pearl-Masters-Maple-Complete-22_-10_-12_-16_-1.jpg","contentUrl":"https:\/\/www.rimocc.com\/wp-content\/uploads\/2023\/08\/Pearl-Masters-Maple-Complete-22_-10_-12_-16_-1.jpg","width":1920,"height":1920},{"@type":"BreadcrumbList","@id":"https:\/\/www.rimocc.com\/product\/pearl-masters-maple-complete-22-10-12-16-attaches-clamps\/#breadcrumb","itemListElement":[{"@type":"ListItem","position":1,"name":"Home","item":"https:\/\/www.rimocc.com\/"},{"@type":"ListItem","position":2,"name":"Shop","item":"https:\/\/www.rimocc.com\/shop\/"},{"@type":"ListItem","position":3,"name":"Pearl Masters Maple Complete 22&#8243; 10&#8243; 12&#8243; 16&#8243; + attaches &#038; clamps"}]},{"@type":"WebSite","@id":"https:\/\/www.rimocc.com\/#website","url":"https:\/\/www.rimocc.com\/","name":"D\u00e9p\u00f4t Vente Batterie Percussion | Rimocc Lyon","description":"Rimocc: l&#039;unique magasin d\u00e9di\u00e9 enti\u00e8rement \u00e0 la batterie, percussion d&#039;occasion et vintage \u00e0 Lyon, France","publisher":{"@id":"https:\/\/www.rimocc.com\/#organization"},"alternateName":"Rimocc'","potentialAction":[{"@type":"SearchAction","target":{"@type":"EntryPoint","urlTemplate":"https:\/\/www.rimocc.com\/?s={search_term_string}"},"query-input":{"@type":"PropertyValueSpecification","valueRequired":true,"valueName":"search_term_string"}}],"inLanguage":"en-US"},{"@type":"Organization","@id":"https:\/\/www.rimocc.com\/#organization","name":"Rimocc'","alternateName":"Rimocc","url":"https:\/\/www.rimocc.com\/","logo":{"@type":"ImageObject","inLanguage":"en-US","@id":"https:\/\/www.rimocc.com\/#\/schema\/logo\/image\/","url":"https:\/\/i0.wp.com\/www.rimocc.com\/wp-content\/uploads\/2023\/07\/RIMOCC_LOGO.jpg?fit=459%2C114&ssl=1","contentUrl":"https:\/\/i0.wp.com\/www.rimocc.com\/wp-content\/uploads\/2023\/07\/RIMOCC_LOGO.jpg?fit=459%2C114&ssl=1","width":459,"height":114,"caption":"Rimocc'"},"image":{"@id":"https:\/\/www.rimocc.com\/#\/schema\/logo\/image\/"},"sameAs":["https:\/\/www.facebook.com\/rimocclyon\/?locale=fr_FR","https:\/\/www.instagram.com\/rimoccc\/?hl=fr","https:\/\/www.tiktok.com\/@rimocc","https:\/\/www.youtube.com\/@Rimocc"]}]}},"jetpack_publicize_connections":[],"jetpack_sharing_enabled":true,"_links":{"self":[{"href":"https:\/\/www.rimocc.com\/en\/wp-json\/wp\/v2\/product\/9828","targetHints":{"allow":["GET"]}}],"collection":[{"href":"https:\/\/www.rimocc.com\/en\/wp-json\/wp\/v2\/product"}],"about":[{"href":"https:\/\/www.rimocc.com\/en\/wp-json\/wp\/v2\/types\/product"}],"replies":[{"embeddable":true,"href":"https:\/\/www.rimocc.com\/en\/wp-json\/wp\/v2\/comments?post=9828"}],"wp:featuredmedia":[{"embeddable":true,"href":"https:\/\/www.rimocc.com\/en\/wp-json\/wp\/v2\/media\/9816"}],"wp:attachment":[{"href":"https:\/\/www.rimocc.com\/en\/wp-json\/wp\/v2\/media?parent=9828"}],"wp:term":[{"taxonomy":"product_brand","embeddable":true,"href":"https:\/\/www.rimocc.com\/en\/wp-json\/wp\/v2\/product_brand?post=9828"},{"taxonomy":"product_cat","embeddable":true,"href":"https:\/\/www.rimocc.com\/en\/wp-json\/wp\/v2\/product_cat?post=9828"},{"taxonomy":"product_tag","embeddable":true,"href":"https:\/\/www.rimocc.com\/en\/wp-json\/wp\/v2\/product_tag?post=9828"}],"curies":[{"name":"wp","href":"https:\/\/api.w.org\/{rel}","templated":true}]}}