{"id":9811,"date":"2023-08-19T17:27:28","date_gmt":"2023-08-19T15:27:28","guid":{"rendered":"https:\/\/www.rimocc.com\/?post_type=product&#038;p=9811"},"modified":"2023-09-12T14:05:42","modified_gmt":"2023-09-12T12:05:42","slug":"roland-td27-kv-pied-hh-pied-cc-manuels","status":"publish","type":"product","link":"https:\/\/www.rimocc.com\/en\/product\/roland-td27-kv-pied-hh-pied-cc-manuels\/","title":{"rendered":"Roland TD27 KV + Pied HH + Pied CC + Manuels"},"content":{"rendered":"<p>Comme neuve, tr\u00e8s peu jou\u00e9e (2021)<br \/>\nInclus un pied de caisse claire Basix et pied de HH Mapex + manuels<br \/>\nComprenant:<br \/>\nSD: PD140 DS<br \/>\nToms X3 : PDX 100<br \/>\nHi Hat: VH10<br \/>\nCrash 1: CY 12C<br \/>\nCrash 2: CY 13R<br \/>\nRide: CY18 DR<br \/>\nKick: KD10<br \/>\nDrum sound module: TD-27<br \/>\nStand: MDS STD2<\/p>\n<p><strong>Pas d&rsquo;envoi, \u00e0 r\u00e9cup\u00e9rer sur place<\/strong><\/p>\n<p>Batterie \u00e9lectronique Rimocc&rsquo; Lyon Magasin de musique<\/p>","protected":false},"excerpt":{"rendered":"<p>Comme neuve, tr\u00e8s peu jou\u00e9e (2021) Inclus un pied de caisse claire Basix et pied de HH Mapex + manuels Comprenant: SD: PD140 DS Toms X3 : PDX 100 Hi Hat: VH10 Crash 1: CY 12C Crash 2: CY 13R Ride: CY18 DR Kick: KD10 Drum sound module: TD-27 Stand: MDS STD2 Pas d&rsquo;envoi, \u00e0 [&hellip;]<\/p>\n","protected":false},"featured_media":9803,"comment_status":"open","ping_status":"closed","template":"","meta":{"jetpack_publicize_message":"","jetpack_publicize_feature_enabled":true,"jetpack_social_post_already_shared":false,"jetpack_social_options":{"image_generator_settings":{"template":"highway","default_image_id":0,"font":"","enabled":false},"version":2}},"product_brand":[],"product_cat":[20],"product_tag":[57,82,198],"class_list":{"0":"post-9811","1":"product","2":"type-product","3":"status-publish","4":"has-post-thumbnail","6":"product_cat-batterie","7":"product_tag-batterie-electronique","8":"product_tag-roland","9":"product_tag-roland-td27-kv","11":"entry","12":"has-media","14":"first","15":"outofstock","16":"shipping-taxable","17":"purchasable","18":"product-type-simple","19":"has-product-nav","20":"col","21":"span_1_of_3","22":"owp-content-center","23":"owp-thumbs-layout-horizontal","24":"owp-btn-normal","25":"owp-tabs-layout-horizontal"},"yoast_head":"<!-- This site is optimized with the Yoast SEO plugin v27.4 - https:\/\/yoast.com\/product\/yoast-seo-wordpress\/ -->\n<title>Roland TD27 KV + Pied HH + Pied CC + Manuels - D\u00e9p\u00f4t Vente Batterie Percussion | Rimocc Lyon<\/title>\n<meta name=\"description\" content=\"Le TD-27KV est un mod\u00e8le de milieu de gamme qui propose un son immersif et une r\u00e9ponse dignes des meilleures V-Drums. Son c\u0153ur est constitu\u00e9 par le puissant nouveau module TD-27, rempli de sons de f\u00fbts et de cymbales de qualit\u00e9 premium et enti\u00e8rement personnalisables. Sa technologie de capteurs num\u00e9riques \u00e9volu\u00e9s est capable de d\u00e9tecter toutes les nuances de votre jeu en ultra haute d\u00e9finition, tandis que les pads de cymbale et de batterie de large diam\u00e8tre, dispos\u00e9s de mani\u00e8re analogue \u00e0 une batterie acoustique, offrent des sensations de jeu exceptionnelles.\" \/>\n<meta name=\"robots\" content=\"index, follow, max-snippet:-1, max-image-preview:large, max-video-preview:-1\" \/>\n<link rel=\"canonical\" href=\"https:\/\/www.rimocc.com\/en\/product\/roland-td27-kv-pied-hh-pied-cc-manuels\/\" \/>\n<meta property=\"og:locale\" content=\"en_US\" \/>\n<meta property=\"og:type\" content=\"article\" \/>\n<meta property=\"og:title\" content=\"Roland TD27 KV + Pied HH + Pied CC + Manuels - D\u00e9p\u00f4t Vente Batterie Percussion | Rimocc Lyon\" \/>\n<meta property=\"og:description\" content=\"Le TD-27KV est un mod\u00e8le de milieu de gamme qui propose un son immersif et une r\u00e9ponse dignes des meilleures V-Drums. Son c\u0153ur est constitu\u00e9 par le puissant nouveau module TD-27, rempli de sons de f\u00fbts et de cymbales de qualit\u00e9 premium et enti\u00e8rement personnalisables. Sa technologie de capteurs num\u00e9riques \u00e9volu\u00e9s est capable de d\u00e9tecter toutes les nuances de votre jeu en ultra haute d\u00e9finition, tandis que les pads de cymbale et de batterie de large diam\u00e8tre, dispos\u00e9s de mani\u00e8re analogue \u00e0 une batterie acoustique, offrent des sensations de jeu exceptionnelles.\" \/>\n<meta property=\"og:url\" content=\"https:\/\/www.rimocc.com\/en\/product\/roland-td27-kv-pied-hh-pied-cc-manuels\/\" \/>\n<meta property=\"og:site_name\" content=\"D\u00e9p\u00f4t Vente Batterie Percussion | Rimocc Lyon\" \/>\n<meta property=\"article:publisher\" content=\"https:\/\/www.facebook.com\/rimocclyon\/?locale=fr_FR\" \/>\n<meta property=\"article:modified_time\" content=\"2023-09-12T12:05:42+00:00\" \/>\n<meta property=\"og:image\" content=\"https:\/\/www.rimocc.com\/wp-content\/uploads\/2023\/08\/Roland-TD27-KV-1.jpg\" \/>\n\t<meta property=\"og:image:width\" content=\"1920\" \/>\n\t<meta property=\"og:image:height\" content=\"1920\" \/>\n\t<meta property=\"og:image:type\" content=\"image\/jpeg\" \/>\n<meta name=\"twitter:card\" content=\"summary_large_image\" \/>\n<meta name=\"twitter:label1\" content=\"Est. reading time\" \/>\n\t<meta name=\"twitter:data1\" content=\"1 minute\" \/>\n<script type=\"application\/ld+json\" class=\"yoast-schema-graph\">{\"@context\":\"https:\\\/\\\/schema.org\",\"@graph\":[{\"@type\":\"WebPage\",\"@id\":\"https:\\\/\\\/www.rimocc.com\\\/product\\\/roland-td27-kv-pied-hh-pied-cc-manuels\\\/\",\"url\":\"https:\\\/\\\/www.rimocc.com\\\/product\\\/roland-td27-kv-pied-hh-pied-cc-manuels\\\/\",\"name\":\"Roland TD27 KV + Pied HH + Pied CC + Manuels - D\u00e9p\u00f4t Vente Batterie Percussion | Rimocc Lyon\",\"isPartOf\":{\"@id\":\"https:\\\/\\\/www.rimocc.com\\\/#website\"},\"primaryImageOfPage\":{\"@id\":\"https:\\\/\\\/www.rimocc.com\\\/product\\\/roland-td27-kv-pied-hh-pied-cc-manuels\\\/#primaryimage\"},\"image\":{\"@id\":\"https:\\\/\\\/www.rimocc.com\\\/product\\\/roland-td27-kv-pied-hh-pied-cc-manuels\\\/#primaryimage\"},\"thumbnailUrl\":\"https:\\\/\\\/www.rimocc.com\\\/wp-content\\\/uploads\\\/2023\\\/08\\\/Roland-TD27-KV-1.jpg\",\"datePublished\":\"2023-08-19T15:27:28+00:00\",\"dateModified\":\"2023-09-12T12:05:42+00:00\",\"description\":\"Le TD-27KV est un mod\u00e8le de milieu de gamme qui propose un son immersif et une r\u00e9ponse dignes des meilleures V-Drums. Son c\u0153ur est constitu\u00e9 par le puissant nouveau module TD-27, rempli de sons de f\u00fbts et de cymbales de qualit\u00e9 premium et enti\u00e8rement personnalisables. Sa technologie de capteurs num\u00e9riques \u00e9volu\u00e9s est capable de d\u00e9tecter toutes les nuances de votre jeu en ultra haute d\u00e9finition, tandis que les pads de cymbale et de batterie de large diam\u00e8tre, dispos\u00e9s de mani\u00e8re analogue \u00e0 une batterie acoustique, offrent des sensations de jeu exceptionnelles.\",\"breadcrumb\":{\"@id\":\"https:\\\/\\\/www.rimocc.com\\\/product\\\/roland-td27-kv-pied-hh-pied-cc-manuels\\\/#breadcrumb\"},\"inLanguage\":\"en-US\",\"potentialAction\":[{\"@type\":\"ReadAction\",\"target\":[\"https:\\\/\\\/www.rimocc.com\\\/product\\\/roland-td27-kv-pied-hh-pied-cc-manuels\\\/\"]}]},{\"@type\":\"ImageObject\",\"inLanguage\":\"en-US\",\"@id\":\"https:\\\/\\\/www.rimocc.com\\\/product\\\/roland-td27-kv-pied-hh-pied-cc-manuels\\\/#primaryimage\",\"url\":\"https:\\\/\\\/www.rimocc.com\\\/wp-content\\\/uploads\\\/2023\\\/08\\\/Roland-TD27-KV-1.jpg\",\"contentUrl\":\"https:\\\/\\\/www.rimocc.com\\\/wp-content\\\/uploads\\\/2023\\\/08\\\/Roland-TD27-KV-1.jpg\",\"width\":1920,\"height\":1920},{\"@type\":\"BreadcrumbList\",\"@id\":\"https:\\\/\\\/www.rimocc.com\\\/product\\\/roland-td27-kv-pied-hh-pied-cc-manuels\\\/#breadcrumb\",\"itemListElement\":[{\"@type\":\"ListItem\",\"position\":1,\"name\":\"Home\",\"item\":\"https:\\\/\\\/www.rimocc.com\\\/\"},{\"@type\":\"ListItem\",\"position\":2,\"name\":\"Shop\",\"item\":\"https:\\\/\\\/www.rimocc.com\\\/shop\\\/\"},{\"@type\":\"ListItem\",\"position\":3,\"name\":\"Roland TD27 KV + Pied HH + Pied CC + Manuels\"}]},{\"@type\":\"WebSite\",\"@id\":\"https:\\\/\\\/www.rimocc.com\\\/#website\",\"url\":\"https:\\\/\\\/www.rimocc.com\\\/\",\"name\":\"D\u00e9p\u00f4t Vente Batterie Percussion | Rimocc Lyon\",\"description\":\"Rimocc: l&#039;unique magasin d\u00e9di\u00e9 enti\u00e8rement \u00e0 la batterie, percussion d&#039;occasion et vintage \u00e0 Lyon, France\",\"publisher\":{\"@id\":\"https:\\\/\\\/www.rimocc.com\\\/#organization\"},\"alternateName\":\"Rimocc'\",\"potentialAction\":[{\"@type\":\"SearchAction\",\"target\":{\"@type\":\"EntryPoint\",\"urlTemplate\":\"https:\\\/\\\/www.rimocc.com\\\/?s={search_term_string}\"},\"query-input\":{\"@type\":\"PropertyValueSpecification\",\"valueRequired\":true,\"valueName\":\"search_term_string\"}}],\"inLanguage\":\"en-US\"},{\"@type\":\"Organization\",\"@id\":\"https:\\\/\\\/www.rimocc.com\\\/#organization\",\"name\":\"Rimocc'\",\"alternateName\":\"Rimocc\",\"url\":\"https:\\\/\\\/www.rimocc.com\\\/\",\"logo\":{\"@type\":\"ImageObject\",\"inLanguage\":\"en-US\",\"@id\":\"https:\\\/\\\/www.rimocc.com\\\/#\\\/schema\\\/logo\\\/image\\\/\",\"url\":\"https:\\\/\\\/i0.wp.com\\\/www.rimocc.com\\\/wp-content\\\/uploads\\\/2023\\\/07\\\/RIMOCC_LOGO.jpg?fit=459%2C114&ssl=1\",\"contentUrl\":\"https:\\\/\\\/i0.wp.com\\\/www.rimocc.com\\\/wp-content\\\/uploads\\\/2023\\\/07\\\/RIMOCC_LOGO.jpg?fit=459%2C114&ssl=1\",\"width\":459,\"height\":114,\"caption\":\"Rimocc'\"},\"image\":{\"@id\":\"https:\\\/\\\/www.rimocc.com\\\/#\\\/schema\\\/logo\\\/image\\\/\"},\"sameAs\":[\"https:\\\/\\\/www.facebook.com\\\/rimocclyon\\\/?locale=fr_FR\",\"https:\\\/\\\/www.instagram.com\\\/rimoccc\\\/?hl=fr\",\"https:\\\/\\\/www.tiktok.com\\\/@rimocc\",\"https:\\\/\\\/www.youtube.com\\\/@Rimocc\"]}]}<\/script>\n<!-- \/ Yoast SEO plugin. -->","yoast_head_json":{"title":"Roland TD27 KV + Pied HH + Pied CC + Manuels - D\u00e9p\u00f4t Vente Batterie Percussion | Rimocc Lyon","description":"Le TD-27KV est un mod\u00e8le de milieu de gamme qui propose un son immersif et une r\u00e9ponse dignes des meilleures V-Drums. Son c\u0153ur est constitu\u00e9 par le puissant nouveau module TD-27, rempli de sons de f\u00fbts et de cymbales de qualit\u00e9 premium et enti\u00e8rement personnalisables. Sa technologie de capteurs num\u00e9riques \u00e9volu\u00e9s est capable de d\u00e9tecter toutes les nuances de votre jeu en ultra haute d\u00e9finition, tandis que les pads de cymbale et de batterie de large diam\u00e8tre, dispos\u00e9s de mani\u00e8re analogue \u00e0 une batterie acoustique, offrent des sensations de jeu exceptionnelles.","robots":{"index":"index","follow":"follow","max-snippet":"max-snippet:-1","max-image-preview":"max-image-preview:large","max-video-preview":"max-video-preview:-1"},"canonical":"https:\/\/www.rimocc.com\/en\/product\/roland-td27-kv-pied-hh-pied-cc-manuels\/","og_locale":"en_US","og_type":"article","og_title":"Roland TD27 KV + Pied HH + Pied CC + Manuels - D\u00e9p\u00f4t Vente Batterie Percussion | Rimocc Lyon","og_description":"Le TD-27KV est un mod\u00e8le de milieu de gamme qui propose un son immersif et une r\u00e9ponse dignes des meilleures V-Drums. Son c\u0153ur est constitu\u00e9 par le puissant nouveau module TD-27, rempli de sons de f\u00fbts et de cymbales de qualit\u00e9 premium et enti\u00e8rement personnalisables. Sa technologie de capteurs num\u00e9riques \u00e9volu\u00e9s est capable de d\u00e9tecter toutes les nuances de votre jeu en ultra haute d\u00e9finition, tandis que les pads de cymbale et de batterie de large diam\u00e8tre, dispos\u00e9s de mani\u00e8re analogue \u00e0 une batterie acoustique, offrent des sensations de jeu exceptionnelles.","og_url":"https:\/\/www.rimocc.com\/en\/product\/roland-td27-kv-pied-hh-pied-cc-manuels\/","og_site_name":"D\u00e9p\u00f4t Vente Batterie Percussion | Rimocc Lyon","article_publisher":"https:\/\/www.facebook.com\/rimocclyon\/?locale=fr_FR","article_modified_time":"2023-09-12T12:05:42+00:00","og_image":[{"width":1920,"height":1920,"url":"https:\/\/www.rimocc.com\/wp-content\/uploads\/2023\/08\/Roland-TD27-KV-1.jpg","type":"image\/jpeg"}],"twitter_card":"summary_large_image","twitter_misc":{"Est. reading time":"1 minute"},"schema":{"@context":"https:\/\/schema.org","@graph":[{"@type":"WebPage","@id":"https:\/\/www.rimocc.com\/product\/roland-td27-kv-pied-hh-pied-cc-manuels\/","url":"https:\/\/www.rimocc.com\/product\/roland-td27-kv-pied-hh-pied-cc-manuels\/","name":"Roland TD27 KV + Pied HH + Pied CC + Manuels - D\u00e9p\u00f4t Vente Batterie Percussion | Rimocc Lyon","isPartOf":{"@id":"https:\/\/www.rimocc.com\/#website"},"primaryImageOfPage":{"@id":"https:\/\/www.rimocc.com\/product\/roland-td27-kv-pied-hh-pied-cc-manuels\/#primaryimage"},"image":{"@id":"https:\/\/www.rimocc.com\/product\/roland-td27-kv-pied-hh-pied-cc-manuels\/#primaryimage"},"thumbnailUrl":"https:\/\/www.rimocc.com\/wp-content\/uploads\/2023\/08\/Roland-TD27-KV-1.jpg","datePublished":"2023-08-19T15:27:28+00:00","dateModified":"2023-09-12T12:05:42+00:00","description":"Le TD-27KV est un mod\u00e8le de milieu de gamme qui propose un son immersif et une r\u00e9ponse dignes des meilleures V-Drums. Son c\u0153ur est constitu\u00e9 par le puissant nouveau module TD-27, rempli de sons de f\u00fbts et de cymbales de qualit\u00e9 premium et enti\u00e8rement personnalisables. Sa technologie de capteurs num\u00e9riques \u00e9volu\u00e9s est capable de d\u00e9tecter toutes les nuances de votre jeu en ultra haute d\u00e9finition, tandis que les pads de cymbale et de batterie de large diam\u00e8tre, dispos\u00e9s de mani\u00e8re analogue \u00e0 une batterie acoustique, offrent des sensations de jeu exceptionnelles.","breadcrumb":{"@id":"https:\/\/www.rimocc.com\/product\/roland-td27-kv-pied-hh-pied-cc-manuels\/#breadcrumb"},"inLanguage":"en-US","potentialAction":[{"@type":"ReadAction","target":["https:\/\/www.rimocc.com\/product\/roland-td27-kv-pied-hh-pied-cc-manuels\/"]}]},{"@type":"ImageObject","inLanguage":"en-US","@id":"https:\/\/www.rimocc.com\/product\/roland-td27-kv-pied-hh-pied-cc-manuels\/#primaryimage","url":"https:\/\/www.rimocc.com\/wp-content\/uploads\/2023\/08\/Roland-TD27-KV-1.jpg","contentUrl":"https:\/\/www.rimocc.com\/wp-content\/uploads\/2023\/08\/Roland-TD27-KV-1.jpg","width":1920,"height":1920},{"@type":"BreadcrumbList","@id":"https:\/\/www.rimocc.com\/product\/roland-td27-kv-pied-hh-pied-cc-manuels\/#breadcrumb","itemListElement":[{"@type":"ListItem","position":1,"name":"Home","item":"https:\/\/www.rimocc.com\/"},{"@type":"ListItem","position":2,"name":"Shop","item":"https:\/\/www.rimocc.com\/shop\/"},{"@type":"ListItem","position":3,"name":"Roland TD27 KV + Pied HH + Pied CC + Manuels"}]},{"@type":"WebSite","@id":"https:\/\/www.rimocc.com\/#website","url":"https:\/\/www.rimocc.com\/","name":"D\u00e9p\u00f4t Vente Batterie Percussion | Rimocc Lyon","description":"Rimocc: l&#039;unique magasin d\u00e9di\u00e9 enti\u00e8rement \u00e0 la batterie, percussion d&#039;occasion et vintage \u00e0 Lyon, France","publisher":{"@id":"https:\/\/www.rimocc.com\/#organization"},"alternateName":"Rimocc'","potentialAction":[{"@type":"SearchAction","target":{"@type":"EntryPoint","urlTemplate":"https:\/\/www.rimocc.com\/?s={search_term_string}"},"query-input":{"@type":"PropertyValueSpecification","valueRequired":true,"valueName":"search_term_string"}}],"inLanguage":"en-US"},{"@type":"Organization","@id":"https:\/\/www.rimocc.com\/#organization","name":"Rimocc'","alternateName":"Rimocc","url":"https:\/\/www.rimocc.com\/","logo":{"@type":"ImageObject","inLanguage":"en-US","@id":"https:\/\/www.rimocc.com\/#\/schema\/logo\/image\/","url":"https:\/\/i0.wp.com\/www.rimocc.com\/wp-content\/uploads\/2023\/07\/RIMOCC_LOGO.jpg?fit=459%2C114&ssl=1","contentUrl":"https:\/\/i0.wp.com\/www.rimocc.com\/wp-content\/uploads\/2023\/07\/RIMOCC_LOGO.jpg?fit=459%2C114&ssl=1","width":459,"height":114,"caption":"Rimocc'"},"image":{"@id":"https:\/\/www.rimocc.com\/#\/schema\/logo\/image\/"},"sameAs":["https:\/\/www.facebook.com\/rimocclyon\/?locale=fr_FR","https:\/\/www.instagram.com\/rimoccc\/?hl=fr","https:\/\/www.tiktok.com\/@rimocc","https:\/\/www.youtube.com\/@Rimocc"]}]}},"jetpack_publicize_connections":[],"jetpack_sharing_enabled":true,"_links":{"self":[{"href":"https:\/\/www.rimocc.com\/en\/wp-json\/wp\/v2\/product\/9811","targetHints":{"allow":["GET"]}}],"collection":[{"href":"https:\/\/www.rimocc.com\/en\/wp-json\/wp\/v2\/product"}],"about":[{"href":"https:\/\/www.rimocc.com\/en\/wp-json\/wp\/v2\/types\/product"}],"replies":[{"embeddable":true,"href":"https:\/\/www.rimocc.com\/en\/wp-json\/wp\/v2\/comments?post=9811"}],"wp:featuredmedia":[{"embeddable":true,"href":"https:\/\/www.rimocc.com\/en\/wp-json\/wp\/v2\/media\/9803"}],"wp:attachment":[{"href":"https:\/\/www.rimocc.com\/en\/wp-json\/wp\/v2\/media?parent=9811"}],"wp:term":[{"taxonomy":"product_brand","embeddable":true,"href":"https:\/\/www.rimocc.com\/en\/wp-json\/wp\/v2\/product_brand?post=9811"},{"taxonomy":"product_cat","embeddable":true,"href":"https:\/\/www.rimocc.com\/en\/wp-json\/wp\/v2\/product_cat?post=9811"},{"taxonomy":"product_tag","embeddable":true,"href":"https:\/\/www.rimocc.com\/en\/wp-json\/wp\/v2\/product_tag?post=9811"}],"curies":[{"name":"wp","href":"https:\/\/api.w.org\/{rel}","templated":true}]}}