{"id":979,"date":"2023-06-08T21:12:36","date_gmt":"2023-06-08T21:12:36","guid":{"rendered":"https:\/\/rimocc.a2hosted.com\/product\/premier-signia-maple-topaz-22-10-12-13-16\/"},"modified":"2023-06-13T15:07:52","modified_gmt":"2023-06-13T15:07:52","slug":"premier-signia-maple-topaz-22-10-12-13-16","status":"publish","type":"product","link":"https:\/\/www.rimocc.com\/en\/product\/premier-signia-maple-topaz-22-10-12-13-16\/","title":{"rendered":"Premier Signia Maple Topaz 22&Prime; 10&Prime; 12&Prime; 13&Prime; 16&Prime;"},"content":{"rendered":"<div>\n<div>England rules \ud83d\ude09<\/div>\n<\/div>\n<div>\n<div>Superbe Premier Signia Maple Topaz 22&Prime; 10&Prime; 12&Prime; 13&Prime; 16&Prime; en \u00e9tat proche collection, pas une seule rayure sur les f\u00fbts, \u00e9quip\u00e9e de toutes les peaux d&rsquo;origine (Rod Morgenstein Signature, Premier CL) sauf la peau de frappe GC. La s\u00e9rie la plus haut de gamme des ann\u00e9es 90, le top du \u00ab\u00a0Made in England\u00a0\u00bb<\/div>\n<\/div>\n<div>\n<div>Tout est inclus sauf clamp et pied perche.<\/div>\n<p>Pas d&rsquo;envoi, pick-up en magasin<\/p>\n<div>\n<div><em>England rules \ud83d\ude09<\/em><\/div>\n<\/div>\n<div>\n<div><em>Superb Premier Signia Maple Topaz 22&Prime; 10&Prime; 12&Prime; 13&Prime; 16&Prime; in close to collector grade, not a scratch on the shells, fitted with all original Premier heads (Rod Morgenstein Signature &amp; Premier CL), except for the BD batter head. The 90&rsquo;s \u00ab\u00a0Made in England\u00a0\u00bb top of the line Premier serie. All included except for the clamp and boom stand<\/em><\/div>\n<\/div>\n<div>\n<div><em>Available as pick-up only, no delivery<\/em><\/div>\n<\/div>\n<\/div>","protected":false},"excerpt":{"rendered":"<p>England rules \ud83d\ude09 Superbe Premier Signia Maple Topaz 22&Prime; 10&Prime; 12&Prime; 13&Prime; 16&Prime; en \u00e9tat proche collection, pas une seule rayure sur les f\u00fbts, \u00e9quip\u00e9e de toutes les peaux d&rsquo;origine (Rod Morgenstein Signature, Premier CL) sauf la peau de frappe GC. La s\u00e9rie la plus haut de gamme des ann\u00e9es 90, le top du \u00ab\u00a0Made [&hellip;]<\/p>\n","protected":false},"featured_media":3143,"comment_status":"open","ping_status":"closed","template":"","meta":{"jetpack_publicize_message":"","jetpack_publicize_feature_enabled":true,"jetpack_social_post_already_shared":false,"jetpack_social_options":{"image_generator_settings":{"template":"highway","default_image_id":0,"font":"","enabled":false},"version":2}},"product_brand":[],"product_cat":[20],"product_tag":[],"class_list":{"0":"post-979","1":"product","2":"type-product","3":"status-publish","4":"has-post-thumbnail","6":"product_cat-batterie","8":"entry","9":"has-media","11":"first","12":"outofstock","13":"shipping-taxable","14":"purchasable","15":"product-type-simple","16":"has-product-nav","17":"col","18":"span_1_of_3","19":"owp-content-center","20":"owp-thumbs-layout-horizontal","21":"owp-btn-normal","22":"owp-tabs-layout-horizontal"},"yoast_head":"<!-- This site is optimized with the Yoast SEO plugin v27.4 - https:\/\/yoast.com\/product\/yoast-seo-wordpress\/ -->\n<title>Premier Signia Maple Topaz 22&quot; 10&quot; 12&quot; 13&quot; 16&quot; - D\u00e9p\u00f4t Vente Batterie Percussion | Rimocc Lyon<\/title>\n<meta name=\"robots\" content=\"index, follow, max-snippet:-1, max-image-preview:large, max-video-preview:-1\" \/>\n<link rel=\"canonical\" href=\"https:\/\/www.rimocc.com\/en\/product\/premier-signia-maple-topaz-22-10-12-13-16\/\" \/>\n<meta property=\"og:locale\" content=\"en_US\" \/>\n<meta property=\"og:type\" content=\"article\" \/>\n<meta property=\"og:title\" content=\"Premier Signia Maple Topaz 22&quot; 10&quot; 12&quot; 13&quot; 16&quot; - D\u00e9p\u00f4t Vente Batterie Percussion | Rimocc Lyon\" \/>\n<meta property=\"og:description\" content=\"England rules \ud83d\ude09 Superbe Premier Signia Maple Topaz 22&Prime; 10&Prime; 12&Prime; 13&Prime; 16&Prime; en \u00e9tat proche collection, pas une seule rayure sur les f\u00fbts, \u00e9quip\u00e9e de toutes les peaux d&rsquo;origine (Rod Morgenstein Signature, Premier CL) sauf la peau de frappe GC. La s\u00e9rie la plus haut de gamme des ann\u00e9es 90, le top du \u00ab\u00a0Made [&hellip;]\" \/>\n<meta property=\"og:url\" content=\"https:\/\/www.rimocc.com\/en\/product\/premier-signia-maple-topaz-22-10-12-13-16\/\" \/>\n<meta property=\"og:site_name\" content=\"D\u00e9p\u00f4t Vente Batterie Percussion | Rimocc Lyon\" \/>\n<meta property=\"article:publisher\" content=\"https:\/\/www.facebook.com\/rimocclyon\/?locale=fr_FR\" \/>\n<meta property=\"article:modified_time\" content=\"2023-06-13T15:07:52+00:00\" \/>\n<meta property=\"og:image\" content=\"https:\/\/www.rimocc.com\/wp-content\/uploads\/2023\/06\/0e6ab0_0e07e681cfd64d708da1351775d71668mv2.webp\" \/>\n\t<meta property=\"og:image:width\" content=\"625\" \/>\n\t<meta property=\"og:image:height\" content=\"625\" \/>\n\t<meta property=\"og:image:type\" content=\"image\/webp\" \/>\n<meta name=\"twitter:card\" content=\"summary_large_image\" \/>\n<meta name=\"twitter:label1\" content=\"Est. reading time\" \/>\n\t<meta name=\"twitter:data1\" content=\"1 minute\" \/>\n<script type=\"application\/ld+json\" class=\"yoast-schema-graph\">{\"@context\":\"https:\\\/\\\/schema.org\",\"@graph\":[{\"@type\":\"WebPage\",\"@id\":\"https:\\\/\\\/www.rimocc.com\\\/product\\\/premier-signia-maple-topaz-22-10-12-13-16\\\/\",\"url\":\"https:\\\/\\\/www.rimocc.com\\\/product\\\/premier-signia-maple-topaz-22-10-12-13-16\\\/\",\"name\":\"Premier Signia Maple Topaz 22\\\" 10\\\" 12\\\" 13\\\" 16\\\" - D\u00e9p\u00f4t Vente Batterie Percussion | Rimocc Lyon\",\"isPartOf\":{\"@id\":\"https:\\\/\\\/www.rimocc.com\\\/#website\"},\"primaryImageOfPage\":{\"@id\":\"https:\\\/\\\/www.rimocc.com\\\/product\\\/premier-signia-maple-topaz-22-10-12-13-16\\\/#primaryimage\"},\"image\":{\"@id\":\"https:\\\/\\\/www.rimocc.com\\\/product\\\/premier-signia-maple-topaz-22-10-12-13-16\\\/#primaryimage\"},\"thumbnailUrl\":\"https:\\\/\\\/www.rimocc.com\\\/wp-content\\\/uploads\\\/2023\\\/06\\\/0e6ab0_0e07e681cfd64d708da1351775d71668mv2.webp\",\"datePublished\":\"2023-06-08T21:12:36+00:00\",\"dateModified\":\"2023-06-13T15:07:52+00:00\",\"breadcrumb\":{\"@id\":\"https:\\\/\\\/www.rimocc.com\\\/product\\\/premier-signia-maple-topaz-22-10-12-13-16\\\/#breadcrumb\"},\"inLanguage\":\"en-US\",\"potentialAction\":[{\"@type\":\"ReadAction\",\"target\":[\"https:\\\/\\\/www.rimocc.com\\\/product\\\/premier-signia-maple-topaz-22-10-12-13-16\\\/\"]}]},{\"@type\":\"ImageObject\",\"inLanguage\":\"en-US\",\"@id\":\"https:\\\/\\\/www.rimocc.com\\\/product\\\/premier-signia-maple-topaz-22-10-12-13-16\\\/#primaryimage\",\"url\":\"https:\\\/\\\/www.rimocc.com\\\/wp-content\\\/uploads\\\/2023\\\/06\\\/0e6ab0_0e07e681cfd64d708da1351775d71668mv2.webp\",\"contentUrl\":\"https:\\\/\\\/www.rimocc.com\\\/wp-content\\\/uploads\\\/2023\\\/06\\\/0e6ab0_0e07e681cfd64d708da1351775d71668mv2.webp\",\"width\":625,\"height\":625},{\"@type\":\"BreadcrumbList\",\"@id\":\"https:\\\/\\\/www.rimocc.com\\\/product\\\/premier-signia-maple-topaz-22-10-12-13-16\\\/#breadcrumb\",\"itemListElement\":[{\"@type\":\"ListItem\",\"position\":1,\"name\":\"Home\",\"item\":\"https:\\\/\\\/www.rimocc.com\\\/\"},{\"@type\":\"ListItem\",\"position\":2,\"name\":\"Shop\",\"item\":\"https:\\\/\\\/www.rimocc.com\\\/shop\\\/\"},{\"@type\":\"ListItem\",\"position\":3,\"name\":\"Premier Signia Maple Topaz 22&#8243; 10&#8243; 12&#8243; 13&#8243; 16&#8243;\"}]},{\"@type\":\"WebSite\",\"@id\":\"https:\\\/\\\/www.rimocc.com\\\/#website\",\"url\":\"https:\\\/\\\/www.rimocc.com\\\/\",\"name\":\"D\u00e9p\u00f4t Vente Batterie Percussion | Rimocc Lyon\",\"description\":\"Rimocc: l&#039;unique magasin d\u00e9di\u00e9 enti\u00e8rement \u00e0 la batterie, percussion d&#039;occasion et vintage \u00e0 Lyon, France\",\"publisher\":{\"@id\":\"https:\\\/\\\/www.rimocc.com\\\/#organization\"},\"alternateName\":\"Rimocc'\",\"potentialAction\":[{\"@type\":\"SearchAction\",\"target\":{\"@type\":\"EntryPoint\",\"urlTemplate\":\"https:\\\/\\\/www.rimocc.com\\\/?s={search_term_string}\"},\"query-input\":{\"@type\":\"PropertyValueSpecification\",\"valueRequired\":true,\"valueName\":\"search_term_string\"}}],\"inLanguage\":\"en-US\"},{\"@type\":\"Organization\",\"@id\":\"https:\\\/\\\/www.rimocc.com\\\/#organization\",\"name\":\"Rimocc'\",\"alternateName\":\"Rimocc\",\"url\":\"https:\\\/\\\/www.rimocc.com\\\/\",\"logo\":{\"@type\":\"ImageObject\",\"inLanguage\":\"en-US\",\"@id\":\"https:\\\/\\\/www.rimocc.com\\\/#\\\/schema\\\/logo\\\/image\\\/\",\"url\":\"https:\\\/\\\/i0.wp.com\\\/www.rimocc.com\\\/wp-content\\\/uploads\\\/2023\\\/07\\\/RIMOCC_LOGO.jpg?fit=459%2C114&ssl=1\",\"contentUrl\":\"https:\\\/\\\/i0.wp.com\\\/www.rimocc.com\\\/wp-content\\\/uploads\\\/2023\\\/07\\\/RIMOCC_LOGO.jpg?fit=459%2C114&ssl=1\",\"width\":459,\"height\":114,\"caption\":\"Rimocc'\"},\"image\":{\"@id\":\"https:\\\/\\\/www.rimocc.com\\\/#\\\/schema\\\/logo\\\/image\\\/\"},\"sameAs\":[\"https:\\\/\\\/www.facebook.com\\\/rimocclyon\\\/?locale=fr_FR\",\"https:\\\/\\\/www.instagram.com\\\/rimoccc\\\/?hl=fr\",\"https:\\\/\\\/www.tiktok.com\\\/@rimocc\",\"https:\\\/\\\/www.youtube.com\\\/@Rimocc\"]}]}<\/script>\n<!-- \/ Yoast SEO plugin. -->","yoast_head_json":{"title":"Premier Signia Maple Topaz 22\" 10\" 12\" 13\" 16\" - D\u00e9p\u00f4t Vente Batterie Percussion | Rimocc Lyon","robots":{"index":"index","follow":"follow","max-snippet":"max-snippet:-1","max-image-preview":"max-image-preview:large","max-video-preview":"max-video-preview:-1"},"canonical":"https:\/\/www.rimocc.com\/en\/product\/premier-signia-maple-topaz-22-10-12-13-16\/","og_locale":"en_US","og_type":"article","og_title":"Premier Signia Maple Topaz 22\" 10\" 12\" 13\" 16\" - D\u00e9p\u00f4t Vente Batterie Percussion | Rimocc Lyon","og_description":"England rules \ud83d\ude09 Superbe Premier Signia Maple Topaz 22&Prime; 10&Prime; 12&Prime; 13&Prime; 16&Prime; en \u00e9tat proche collection, pas une seule rayure sur les f\u00fbts, \u00e9quip\u00e9e de toutes les peaux d&rsquo;origine (Rod Morgenstein Signature, Premier CL) sauf la peau de frappe GC. La s\u00e9rie la plus haut de gamme des ann\u00e9es 90, le top du \u00ab\u00a0Made [&hellip;]","og_url":"https:\/\/www.rimocc.com\/en\/product\/premier-signia-maple-topaz-22-10-12-13-16\/","og_site_name":"D\u00e9p\u00f4t Vente Batterie Percussion | Rimocc Lyon","article_publisher":"https:\/\/www.facebook.com\/rimocclyon\/?locale=fr_FR","article_modified_time":"2023-06-13T15:07:52+00:00","og_image":[{"width":625,"height":625,"url":"https:\/\/www.rimocc.com\/wp-content\/uploads\/2023\/06\/0e6ab0_0e07e681cfd64d708da1351775d71668mv2.webp","type":"image\/webp"}],"twitter_card":"summary_large_image","twitter_misc":{"Est. reading time":"1 minute"},"schema":{"@context":"https:\/\/schema.org","@graph":[{"@type":"WebPage","@id":"https:\/\/www.rimocc.com\/product\/premier-signia-maple-topaz-22-10-12-13-16\/","url":"https:\/\/www.rimocc.com\/product\/premier-signia-maple-topaz-22-10-12-13-16\/","name":"Premier Signia Maple Topaz 22\" 10\" 12\" 13\" 16\" - D\u00e9p\u00f4t Vente Batterie Percussion | Rimocc Lyon","isPartOf":{"@id":"https:\/\/www.rimocc.com\/#website"},"primaryImageOfPage":{"@id":"https:\/\/www.rimocc.com\/product\/premier-signia-maple-topaz-22-10-12-13-16\/#primaryimage"},"image":{"@id":"https:\/\/www.rimocc.com\/product\/premier-signia-maple-topaz-22-10-12-13-16\/#primaryimage"},"thumbnailUrl":"https:\/\/www.rimocc.com\/wp-content\/uploads\/2023\/06\/0e6ab0_0e07e681cfd64d708da1351775d71668mv2.webp","datePublished":"2023-06-08T21:12:36+00:00","dateModified":"2023-06-13T15:07:52+00:00","breadcrumb":{"@id":"https:\/\/www.rimocc.com\/product\/premier-signia-maple-topaz-22-10-12-13-16\/#breadcrumb"},"inLanguage":"en-US","potentialAction":[{"@type":"ReadAction","target":["https:\/\/www.rimocc.com\/product\/premier-signia-maple-topaz-22-10-12-13-16\/"]}]},{"@type":"ImageObject","inLanguage":"en-US","@id":"https:\/\/www.rimocc.com\/product\/premier-signia-maple-topaz-22-10-12-13-16\/#primaryimage","url":"https:\/\/www.rimocc.com\/wp-content\/uploads\/2023\/06\/0e6ab0_0e07e681cfd64d708da1351775d71668mv2.webp","contentUrl":"https:\/\/www.rimocc.com\/wp-content\/uploads\/2023\/06\/0e6ab0_0e07e681cfd64d708da1351775d71668mv2.webp","width":625,"height":625},{"@type":"BreadcrumbList","@id":"https:\/\/www.rimocc.com\/product\/premier-signia-maple-topaz-22-10-12-13-16\/#breadcrumb","itemListElement":[{"@type":"ListItem","position":1,"name":"Home","item":"https:\/\/www.rimocc.com\/"},{"@type":"ListItem","position":2,"name":"Shop","item":"https:\/\/www.rimocc.com\/shop\/"},{"@type":"ListItem","position":3,"name":"Premier Signia Maple Topaz 22&#8243; 10&#8243; 12&#8243; 13&#8243; 16&#8243;"}]},{"@type":"WebSite","@id":"https:\/\/www.rimocc.com\/#website","url":"https:\/\/www.rimocc.com\/","name":"D\u00e9p\u00f4t Vente Batterie Percussion | Rimocc Lyon","description":"Rimocc: l&#039;unique magasin d\u00e9di\u00e9 enti\u00e8rement \u00e0 la batterie, percussion d&#039;occasion et vintage \u00e0 Lyon, France","publisher":{"@id":"https:\/\/www.rimocc.com\/#organization"},"alternateName":"Rimocc'","potentialAction":[{"@type":"SearchAction","target":{"@type":"EntryPoint","urlTemplate":"https:\/\/www.rimocc.com\/?s={search_term_string}"},"query-input":{"@type":"PropertyValueSpecification","valueRequired":true,"valueName":"search_term_string"}}],"inLanguage":"en-US"},{"@type":"Organization","@id":"https:\/\/www.rimocc.com\/#organization","name":"Rimocc'","alternateName":"Rimocc","url":"https:\/\/www.rimocc.com\/","logo":{"@type":"ImageObject","inLanguage":"en-US","@id":"https:\/\/www.rimocc.com\/#\/schema\/logo\/image\/","url":"https:\/\/i0.wp.com\/www.rimocc.com\/wp-content\/uploads\/2023\/07\/RIMOCC_LOGO.jpg?fit=459%2C114&ssl=1","contentUrl":"https:\/\/i0.wp.com\/www.rimocc.com\/wp-content\/uploads\/2023\/07\/RIMOCC_LOGO.jpg?fit=459%2C114&ssl=1","width":459,"height":114,"caption":"Rimocc'"},"image":{"@id":"https:\/\/www.rimocc.com\/#\/schema\/logo\/image\/"},"sameAs":["https:\/\/www.facebook.com\/rimocclyon\/?locale=fr_FR","https:\/\/www.instagram.com\/rimoccc\/?hl=fr","https:\/\/www.tiktok.com\/@rimocc","https:\/\/www.youtube.com\/@Rimocc"]}]}},"jetpack_publicize_connections":[],"jetpack_sharing_enabled":true,"_links":{"self":[{"href":"https:\/\/www.rimocc.com\/en\/wp-json\/wp\/v2\/product\/979","targetHints":{"allow":["GET"]}}],"collection":[{"href":"https:\/\/www.rimocc.com\/en\/wp-json\/wp\/v2\/product"}],"about":[{"href":"https:\/\/www.rimocc.com\/en\/wp-json\/wp\/v2\/types\/product"}],"replies":[{"embeddable":true,"href":"https:\/\/www.rimocc.com\/en\/wp-json\/wp\/v2\/comments?post=979"}],"wp:featuredmedia":[{"embeddable":true,"href":"https:\/\/www.rimocc.com\/en\/wp-json\/wp\/v2\/media\/3143"}],"wp:attachment":[{"href":"https:\/\/www.rimocc.com\/en\/wp-json\/wp\/v2\/media?parent=979"}],"wp:term":[{"taxonomy":"product_brand","embeddable":true,"href":"https:\/\/www.rimocc.com\/en\/wp-json\/wp\/v2\/product_brand?post=979"},{"taxonomy":"product_cat","embeddable":true,"href":"https:\/\/www.rimocc.com\/en\/wp-json\/wp\/v2\/product_cat?post=979"},{"taxonomy":"product_tag","embeddable":true,"href":"https:\/\/www.rimocc.com\/en\/wp-json\/wp\/v2\/product_tag?post=979"}],"curies":[{"name":"wp","href":"https:\/\/api.w.org\/{rel}","templated":true}]}}