{"id":9767,"date":"2023-08-05T15:27:46","date_gmt":"2023-08-05T13:27:46","guid":{"rendered":"https:\/\/www.rimocc.com\/?post_type=product&#038;p=9767"},"modified":"2023-09-26T14:13:37","modified_gmt":"2023-09-26T12:13:37","slug":"pearl-export-ex-22-12-13-16-cc-14x5-black","status":"publish","type":"product","link":"https:\/\/www.rimocc.com\/en\/product\/pearl-export-ex-22-12-13-16-cc-14x5-black\/","title":{"rendered":"Pearl Export EX 22&Prime; 12&Prime; 13&Prime; 16&Prime; + CC 14&Prime;x5&Prime; Black"},"content":{"rendered":"<p>Tr\u00e8s bon \u00e9tat g\u00e9n\u00e9ral, \u00e0 nettoyer<br \/>\n(pied de cc sur les photos non inclus)<\/p>\n<p><strong>Pour un envoi, merci de nous contacter pour un devis s\u00e9par\u00e9. Les fdp automatiques sur le site ne seront pas adapt\u00e9s<\/strong><\/p>\n<p>Batterie Rimocc&rsquo; Lyon Magasin de musique<\/p>","protected":false},"excerpt":{"rendered":"<p>Tr\u00e8s bon \u00e9tat g\u00e9n\u00e9ral, \u00e0 nettoyer (pied de cc sur les photos non inclus) Pour un envoi, merci de nous contacter pour un devis s\u00e9par\u00e9. Les fdp automatiques sur le site ne seront pas adapt\u00e9s Batterie Rimocc&rsquo; Lyon Magasin de musique<\/p>","protected":false},"featured_media":9758,"comment_status":"open","ping_status":"closed","template":"","meta":{"jetpack_publicize_message":"","jetpack_publicize_feature_enabled":true,"jetpack_social_post_already_shared":false,"jetpack_social_options":{"image_generator_settings":{"template":"highway","default_image_id":0,"font":"","enabled":false},"version":2}},"product_brand":[],"product_cat":[20],"product_tag":[124,197],"class_list":{"0":"post-9767","1":"product","2":"type-product","3":"status-publish","4":"has-post-thumbnail","6":"product_cat-batterie","7":"product_tag-pearl","8":"product_tag-pearl-export-ex","10":"entry","11":"has-media","13":"first","14":"outofstock","15":"shipping-taxable","16":"purchasable","17":"product-type-simple","18":"has-product-nav","19":"col","20":"span_1_of_3","21":"owp-content-center","22":"owp-thumbs-layout-horizontal","23":"owp-btn-normal","24":"owp-tabs-layout-horizontal"},"yoast_head":"<!-- This site is optimized with the Yoast SEO plugin v27.3 - https:\/\/yoast.com\/product\/yoast-seo-wordpress\/ -->\n<title>Pearl Export EX 22&quot; 12&quot; 13&quot; 16&quot; + CC 14&quot;x5&quot; Black - D\u00e9p\u00f4t Vente Batterie Percussion | Rimocc Lyon<\/title>\n<meta name=\"description\" content=\"Pl\u00e9biscit\u00e9e par la plupart des batteurs, la s\u00e9rie Export est certainement la s\u00e9rie la plus populaire de Pearl. Remplac\u00e9e par la Vision series, elle f\u00fbt r\u00e9introduite en 2013 sous le nom de EXX Export, apr\u00e8s avoir \u00e9t\u00e9 am\u00e9lior\u00e9e. Tr\u00e8s complet, ce kit vous offrira de belles performances et un tr\u00e8s grand confort de jeu, le tout \u00e0 un prix raisonnable, au vu des possibilit\u00e9s permises par la batterie japonaise.\" \/>\n<meta name=\"robots\" content=\"index, follow, max-snippet:-1, max-image-preview:large, max-video-preview:-1\" \/>\n<link rel=\"canonical\" href=\"https:\/\/www.rimocc.com\/en\/product\/pearl-export-ex-22-12-13-16-cc-14x5-black\/\" \/>\n<meta property=\"og:locale\" content=\"en_US\" \/>\n<meta property=\"og:type\" content=\"article\" \/>\n<meta property=\"og:title\" content=\"Pearl Export EX 22&quot; 12&quot; 13&quot; 16&quot; + CC 14&quot;x5&quot; Black - D\u00e9p\u00f4t Vente Batterie Percussion | Rimocc Lyon\" \/>\n<meta property=\"og:description\" content=\"Pl\u00e9biscit\u00e9e par la plupart des batteurs, la s\u00e9rie Export est certainement la s\u00e9rie la plus populaire de Pearl. Remplac\u00e9e par la Vision series, elle f\u00fbt r\u00e9introduite en 2013 sous le nom de EXX Export, apr\u00e8s avoir \u00e9t\u00e9 am\u00e9lior\u00e9e. Tr\u00e8s complet, ce kit vous offrira de belles performances et un tr\u00e8s grand confort de jeu, le tout \u00e0 un prix raisonnable, au vu des possibilit\u00e9s permises par la batterie japonaise.\" \/>\n<meta property=\"og:url\" content=\"https:\/\/www.rimocc.com\/en\/product\/pearl-export-ex-22-12-13-16-cc-14x5-black\/\" \/>\n<meta property=\"og:site_name\" content=\"D\u00e9p\u00f4t Vente Batterie Percussion | Rimocc Lyon\" \/>\n<meta property=\"article:publisher\" content=\"https:\/\/www.facebook.com\/rimocclyon\/?locale=fr_FR\" \/>\n<meta property=\"article:modified_time\" content=\"2023-09-26T12:13:37+00:00\" \/>\n<meta property=\"og:image\" content=\"https:\/\/www.rimocc.com\/wp-content\/uploads\/2023\/08\/Pearl-Export-EX-22.jpg\" \/>\n\t<meta property=\"og:image:width\" content=\"1920\" \/>\n\t<meta property=\"og:image:height\" content=\"1920\" \/>\n\t<meta property=\"og:image:type\" content=\"image\/jpeg\" \/>\n<meta name=\"twitter:card\" content=\"summary_large_image\" \/>\n<meta name=\"twitter:label1\" content=\"Est. reading time\" \/>\n\t<meta name=\"twitter:data1\" content=\"1 minute\" \/>\n<script type=\"application\/ld+json\" class=\"yoast-schema-graph\">{\"@context\":\"https:\\\/\\\/schema.org\",\"@graph\":[{\"@type\":\"WebPage\",\"@id\":\"https:\\\/\\\/www.rimocc.com\\\/product\\\/pearl-export-ex-22-12-13-16-cc-14x5-black\\\/\",\"url\":\"https:\\\/\\\/www.rimocc.com\\\/product\\\/pearl-export-ex-22-12-13-16-cc-14x5-black\\\/\",\"name\":\"Pearl Export EX 22\\\" 12\\\" 13\\\" 16\\\" + CC 14\\\"x5\\\" Black - D\u00e9p\u00f4t Vente Batterie Percussion | Rimocc Lyon\",\"isPartOf\":{\"@id\":\"https:\\\/\\\/www.rimocc.com\\\/#website\"},\"primaryImageOfPage\":{\"@id\":\"https:\\\/\\\/www.rimocc.com\\\/product\\\/pearl-export-ex-22-12-13-16-cc-14x5-black\\\/#primaryimage\"},\"image\":{\"@id\":\"https:\\\/\\\/www.rimocc.com\\\/product\\\/pearl-export-ex-22-12-13-16-cc-14x5-black\\\/#primaryimage\"},\"thumbnailUrl\":\"https:\\\/\\\/www.rimocc.com\\\/wp-content\\\/uploads\\\/2023\\\/08\\\/Pearl-Export-EX-22.jpg\",\"datePublished\":\"2023-08-05T13:27:46+00:00\",\"dateModified\":\"2023-09-26T12:13:37+00:00\",\"description\":\"Pl\u00e9biscit\u00e9e par la plupart des batteurs, la s\u00e9rie Export est certainement la s\u00e9rie la plus populaire de Pearl. Remplac\u00e9e par la Vision series, elle f\u00fbt r\u00e9introduite en 2013 sous le nom de EXX Export, apr\u00e8s avoir \u00e9t\u00e9 am\u00e9lior\u00e9e. Tr\u00e8s complet, ce kit vous offrira de belles performances et un tr\u00e8s grand confort de jeu, le tout \u00e0 un prix raisonnable, au vu des possibilit\u00e9s permises par la batterie japonaise.\",\"breadcrumb\":{\"@id\":\"https:\\\/\\\/www.rimocc.com\\\/product\\\/pearl-export-ex-22-12-13-16-cc-14x5-black\\\/#breadcrumb\"},\"inLanguage\":\"en-US\",\"potentialAction\":[{\"@type\":\"ReadAction\",\"target\":[\"https:\\\/\\\/www.rimocc.com\\\/product\\\/pearl-export-ex-22-12-13-16-cc-14x5-black\\\/\"]}]},{\"@type\":\"ImageObject\",\"inLanguage\":\"en-US\",\"@id\":\"https:\\\/\\\/www.rimocc.com\\\/product\\\/pearl-export-ex-22-12-13-16-cc-14x5-black\\\/#primaryimage\",\"url\":\"https:\\\/\\\/www.rimocc.com\\\/wp-content\\\/uploads\\\/2023\\\/08\\\/Pearl-Export-EX-22.jpg\",\"contentUrl\":\"https:\\\/\\\/www.rimocc.com\\\/wp-content\\\/uploads\\\/2023\\\/08\\\/Pearl-Export-EX-22.jpg\",\"width\":1920,\"height\":1920},{\"@type\":\"BreadcrumbList\",\"@id\":\"https:\\\/\\\/www.rimocc.com\\\/product\\\/pearl-export-ex-22-12-13-16-cc-14x5-black\\\/#breadcrumb\",\"itemListElement\":[{\"@type\":\"ListItem\",\"position\":1,\"name\":\"Home\",\"item\":\"https:\\\/\\\/www.rimocc.com\\\/\"},{\"@type\":\"ListItem\",\"position\":2,\"name\":\"Shop\",\"item\":\"https:\\\/\\\/www.rimocc.com\\\/shop\\\/\"},{\"@type\":\"ListItem\",\"position\":3,\"name\":\"Pearl Export EX 22&#8243; 12&#8243; 13&#8243; 16&#8243; + CC 14&#8243;x5&#8243; Black\"}]},{\"@type\":\"WebSite\",\"@id\":\"https:\\\/\\\/www.rimocc.com\\\/#website\",\"url\":\"https:\\\/\\\/www.rimocc.com\\\/\",\"name\":\"D\u00e9p\u00f4t Vente Batterie Percussion | Rimocc Lyon\",\"description\":\"Rimocc: l&#039;unique magasin d\u00e9di\u00e9 enti\u00e8rement \u00e0 la batterie, percussion d&#039;occasion et vintage \u00e0 Lyon, France\",\"publisher\":{\"@id\":\"https:\\\/\\\/www.rimocc.com\\\/#organization\"},\"alternateName\":\"Rimocc'\",\"potentialAction\":[{\"@type\":\"SearchAction\",\"target\":{\"@type\":\"EntryPoint\",\"urlTemplate\":\"https:\\\/\\\/www.rimocc.com\\\/?s={search_term_string}\"},\"query-input\":{\"@type\":\"PropertyValueSpecification\",\"valueRequired\":true,\"valueName\":\"search_term_string\"}}],\"inLanguage\":\"en-US\"},{\"@type\":\"Organization\",\"@id\":\"https:\\\/\\\/www.rimocc.com\\\/#organization\",\"name\":\"Rimocc'\",\"alternateName\":\"Rimocc\",\"url\":\"https:\\\/\\\/www.rimocc.com\\\/\",\"logo\":{\"@type\":\"ImageObject\",\"inLanguage\":\"en-US\",\"@id\":\"https:\\\/\\\/www.rimocc.com\\\/#\\\/schema\\\/logo\\\/image\\\/\",\"url\":\"https:\\\/\\\/i0.wp.com\\\/www.rimocc.com\\\/wp-content\\\/uploads\\\/2023\\\/07\\\/RIMOCC_LOGO.jpg?fit=459%2C114&ssl=1\",\"contentUrl\":\"https:\\\/\\\/i0.wp.com\\\/www.rimocc.com\\\/wp-content\\\/uploads\\\/2023\\\/07\\\/RIMOCC_LOGO.jpg?fit=459%2C114&ssl=1\",\"width\":459,\"height\":114,\"caption\":\"Rimocc'\"},\"image\":{\"@id\":\"https:\\\/\\\/www.rimocc.com\\\/#\\\/schema\\\/logo\\\/image\\\/\"},\"sameAs\":[\"https:\\\/\\\/www.facebook.com\\\/rimocclyon\\\/?locale=fr_FR\",\"https:\\\/\\\/www.instagram.com\\\/rimoccc\\\/?hl=fr\",\"https:\\\/\\\/www.tiktok.com\\\/@rimocc\",\"https:\\\/\\\/www.youtube.com\\\/@Rimocc\"]}]}<\/script>\n<!-- \/ Yoast SEO plugin. -->","yoast_head_json":{"title":"Pearl Export EX 22\" 12\" 13\" 16\" + CC 14\"x5\" Black - D\u00e9p\u00f4t Vente Batterie Percussion | Rimocc Lyon","description":"Pl\u00e9biscit\u00e9e par la plupart des batteurs, la s\u00e9rie Export est certainement la s\u00e9rie la plus populaire de Pearl. Remplac\u00e9e par la Vision series, elle f\u00fbt r\u00e9introduite en 2013 sous le nom de EXX Export, apr\u00e8s avoir \u00e9t\u00e9 am\u00e9lior\u00e9e. Tr\u00e8s complet, ce kit vous offrira de belles performances et un tr\u00e8s grand confort de jeu, le tout \u00e0 un prix raisonnable, au vu des possibilit\u00e9s permises par la batterie japonaise.","robots":{"index":"index","follow":"follow","max-snippet":"max-snippet:-1","max-image-preview":"max-image-preview:large","max-video-preview":"max-video-preview:-1"},"canonical":"https:\/\/www.rimocc.com\/en\/product\/pearl-export-ex-22-12-13-16-cc-14x5-black\/","og_locale":"en_US","og_type":"article","og_title":"Pearl Export EX 22\" 12\" 13\" 16\" + CC 14\"x5\" Black - D\u00e9p\u00f4t Vente Batterie Percussion | Rimocc Lyon","og_description":"Pl\u00e9biscit\u00e9e par la plupart des batteurs, la s\u00e9rie Export est certainement la s\u00e9rie la plus populaire de Pearl. Remplac\u00e9e par la Vision series, elle f\u00fbt r\u00e9introduite en 2013 sous le nom de EXX Export, apr\u00e8s avoir \u00e9t\u00e9 am\u00e9lior\u00e9e. Tr\u00e8s complet, ce kit vous offrira de belles performances et un tr\u00e8s grand confort de jeu, le tout \u00e0 un prix raisonnable, au vu des possibilit\u00e9s permises par la batterie japonaise.","og_url":"https:\/\/www.rimocc.com\/en\/product\/pearl-export-ex-22-12-13-16-cc-14x5-black\/","og_site_name":"D\u00e9p\u00f4t Vente Batterie Percussion | Rimocc Lyon","article_publisher":"https:\/\/www.facebook.com\/rimocclyon\/?locale=fr_FR","article_modified_time":"2023-09-26T12:13:37+00:00","og_image":[{"width":1920,"height":1920,"url":"https:\/\/www.rimocc.com\/wp-content\/uploads\/2023\/08\/Pearl-Export-EX-22.jpg","type":"image\/jpeg"}],"twitter_card":"summary_large_image","twitter_misc":{"Est. reading time":"1 minute"},"schema":{"@context":"https:\/\/schema.org","@graph":[{"@type":"WebPage","@id":"https:\/\/www.rimocc.com\/product\/pearl-export-ex-22-12-13-16-cc-14x5-black\/","url":"https:\/\/www.rimocc.com\/product\/pearl-export-ex-22-12-13-16-cc-14x5-black\/","name":"Pearl Export EX 22\" 12\" 13\" 16\" + CC 14\"x5\" Black - D\u00e9p\u00f4t Vente Batterie Percussion | Rimocc Lyon","isPartOf":{"@id":"https:\/\/www.rimocc.com\/#website"},"primaryImageOfPage":{"@id":"https:\/\/www.rimocc.com\/product\/pearl-export-ex-22-12-13-16-cc-14x5-black\/#primaryimage"},"image":{"@id":"https:\/\/www.rimocc.com\/product\/pearl-export-ex-22-12-13-16-cc-14x5-black\/#primaryimage"},"thumbnailUrl":"https:\/\/www.rimocc.com\/wp-content\/uploads\/2023\/08\/Pearl-Export-EX-22.jpg","datePublished":"2023-08-05T13:27:46+00:00","dateModified":"2023-09-26T12:13:37+00:00","description":"Pl\u00e9biscit\u00e9e par la plupart des batteurs, la s\u00e9rie Export est certainement la s\u00e9rie la plus populaire de Pearl. Remplac\u00e9e par la Vision series, elle f\u00fbt r\u00e9introduite en 2013 sous le nom de EXX Export, apr\u00e8s avoir \u00e9t\u00e9 am\u00e9lior\u00e9e. Tr\u00e8s complet, ce kit vous offrira de belles performances et un tr\u00e8s grand confort de jeu, le tout \u00e0 un prix raisonnable, au vu des possibilit\u00e9s permises par la batterie japonaise.","breadcrumb":{"@id":"https:\/\/www.rimocc.com\/product\/pearl-export-ex-22-12-13-16-cc-14x5-black\/#breadcrumb"},"inLanguage":"en-US","potentialAction":[{"@type":"ReadAction","target":["https:\/\/www.rimocc.com\/product\/pearl-export-ex-22-12-13-16-cc-14x5-black\/"]}]},{"@type":"ImageObject","inLanguage":"en-US","@id":"https:\/\/www.rimocc.com\/product\/pearl-export-ex-22-12-13-16-cc-14x5-black\/#primaryimage","url":"https:\/\/www.rimocc.com\/wp-content\/uploads\/2023\/08\/Pearl-Export-EX-22.jpg","contentUrl":"https:\/\/www.rimocc.com\/wp-content\/uploads\/2023\/08\/Pearl-Export-EX-22.jpg","width":1920,"height":1920},{"@type":"BreadcrumbList","@id":"https:\/\/www.rimocc.com\/product\/pearl-export-ex-22-12-13-16-cc-14x5-black\/#breadcrumb","itemListElement":[{"@type":"ListItem","position":1,"name":"Home","item":"https:\/\/www.rimocc.com\/"},{"@type":"ListItem","position":2,"name":"Shop","item":"https:\/\/www.rimocc.com\/shop\/"},{"@type":"ListItem","position":3,"name":"Pearl Export EX 22&#8243; 12&#8243; 13&#8243; 16&#8243; + CC 14&#8243;x5&#8243; Black"}]},{"@type":"WebSite","@id":"https:\/\/www.rimocc.com\/#website","url":"https:\/\/www.rimocc.com\/","name":"D\u00e9p\u00f4t Vente Batterie Percussion | Rimocc Lyon","description":"Rimocc: l&#039;unique magasin d\u00e9di\u00e9 enti\u00e8rement \u00e0 la batterie, percussion d&#039;occasion et vintage \u00e0 Lyon, France","publisher":{"@id":"https:\/\/www.rimocc.com\/#organization"},"alternateName":"Rimocc'","potentialAction":[{"@type":"SearchAction","target":{"@type":"EntryPoint","urlTemplate":"https:\/\/www.rimocc.com\/?s={search_term_string}"},"query-input":{"@type":"PropertyValueSpecification","valueRequired":true,"valueName":"search_term_string"}}],"inLanguage":"en-US"},{"@type":"Organization","@id":"https:\/\/www.rimocc.com\/#organization","name":"Rimocc'","alternateName":"Rimocc","url":"https:\/\/www.rimocc.com\/","logo":{"@type":"ImageObject","inLanguage":"en-US","@id":"https:\/\/www.rimocc.com\/#\/schema\/logo\/image\/","url":"https:\/\/i0.wp.com\/www.rimocc.com\/wp-content\/uploads\/2023\/07\/RIMOCC_LOGO.jpg?fit=459%2C114&ssl=1","contentUrl":"https:\/\/i0.wp.com\/www.rimocc.com\/wp-content\/uploads\/2023\/07\/RIMOCC_LOGO.jpg?fit=459%2C114&ssl=1","width":459,"height":114,"caption":"Rimocc'"},"image":{"@id":"https:\/\/www.rimocc.com\/#\/schema\/logo\/image\/"},"sameAs":["https:\/\/www.facebook.com\/rimocclyon\/?locale=fr_FR","https:\/\/www.instagram.com\/rimoccc\/?hl=fr","https:\/\/www.tiktok.com\/@rimocc","https:\/\/www.youtube.com\/@Rimocc"]}]}},"jetpack_publicize_connections":[],"jetpack_sharing_enabled":true,"_links":{"self":[{"href":"https:\/\/www.rimocc.com\/en\/wp-json\/wp\/v2\/product\/9767","targetHints":{"allow":["GET"]}}],"collection":[{"href":"https:\/\/www.rimocc.com\/en\/wp-json\/wp\/v2\/product"}],"about":[{"href":"https:\/\/www.rimocc.com\/en\/wp-json\/wp\/v2\/types\/product"}],"replies":[{"embeddable":true,"href":"https:\/\/www.rimocc.com\/en\/wp-json\/wp\/v2\/comments?post=9767"}],"wp:featuredmedia":[{"embeddable":true,"href":"https:\/\/www.rimocc.com\/en\/wp-json\/wp\/v2\/media\/9758"}],"wp:attachment":[{"href":"https:\/\/www.rimocc.com\/en\/wp-json\/wp\/v2\/media?parent=9767"}],"wp:term":[{"taxonomy":"product_brand","embeddable":true,"href":"https:\/\/www.rimocc.com\/en\/wp-json\/wp\/v2\/product_brand?post=9767"},{"taxonomy":"product_cat","embeddable":true,"href":"https:\/\/www.rimocc.com\/en\/wp-json\/wp\/v2\/product_cat?post=9767"},{"taxonomy":"product_tag","embeddable":true,"href":"https:\/\/www.rimocc.com\/en\/wp-json\/wp\/v2\/product_tag?post=9767"}],"curies":[{"name":"wp","href":"https:\/\/api.w.org\/{rel}","templated":true}]}}