{"id":947,"date":"2023-06-08T21:12:34","date_gmt":"2023-06-08T21:12:34","guid":{"rendered":"https:\/\/rimocc.a2hosted.com\/product\/batterie-lalite-jeanne-10-14-16\/"},"modified":"2023-06-13T14:17:59","modified_gmt":"2023-06-13T14:17:59","slug":"batterie-lalite-jeanne-10-14-16","status":"publish","type":"product","link":"https:\/\/www.rimocc.com\/en\/product\/batterie-lalite-jeanne-10-14-16\/","title":{"rendered":"Batterie LALITE JEANNE 10&Prime; 14&Prime; 16&Prime;"},"content":{"rendered":"<p>Batterie LALITE Jeanne 10&Prime; 14&Prime; 16&Prime; Bop kit<br \/>\n6 plis 2 plis ext\u00e9rieurs en Olivier, 2 plis centraux en Ceiba et 2 plis int\u00e9rieurs en Acajou<\/p>\n<p>&#8211; 16&Prime;x16&Prime; Grosse Caisse<br \/>\n&#8211; 10&Prime;x07&Prime; Tom Tom<br \/>\n&#8211; 14&Prime;x14&Prime; Floor Tom<\/p>\n<p><strong>Comme neuve \/ utilisation studio seulement<\/strong><\/p>\n<p>Les batteries <strong>Lalite<\/strong> sont r\u00e9alis\u00e9es en France par Philippe Lalite<br \/>\nLes f\u00fbts sont fabriqu\u00e9s en Italie<\/p>\n<p>\u00ab\u00a0<em>Apr\u00e8s avoir v\u00e9cu une grande carri\u00e8re de musicien et fond\u00e9 le c\u00e9l\u00e8bre magasin des batteurs et des percussionnistes en France La Baguetterie en 1979 \u00e0 Paris, en m\u00eame temps que son c\u00e9l\u00e8bre festival annuel de batterie la BAG&rsquo;SHOW, Philippe Lalite, bricoleur passionn\u00e9 dans l&rsquo;\u00e2me, a d\u00e9cid\u00e9 de cr\u00e9er sa propre batterie, motiv\u00e9 uniquement par le d\u00e9sir et le devoir de mettre \u00e0 profit 50 ans d&rsquo;exp\u00e9rience.<br \/>\nC&rsquo;est un r\u00eave d&rsquo;enfant qui se r\u00e9alise, la synth\u00e8se de toute une vie au service des batteurs et des batteries.<br \/>\nUne batterie Lalite, c&rsquo;est \u00e0 la fois le charme d&rsquo;un kit vintage et la qualit\u00e9 d&rsquo;un moyen simple et efficace d&rsquo;aller \u00e0 l&rsquo;essentiel.<br \/>\nLes batteries Lalite Drums sont uniques, fabriqu\u00e9es avec passion, exp\u00e9rience et lucidit\u00e9<\/em>.\u00a0\u00bb<\/p>\n<p>R\u00e9up\u00e9ration sur place pr\u00e9f\u00e9r\u00e9e mais livraison possible sur devis s\u00e9par\u00e9<\/p>","protected":false},"excerpt":{"rendered":"<p>Batterie LALITE Jeanne 10&Prime; 14&Prime; 16&Prime; Bop kit 6 plis 2 plis ext\u00e9rieurs en Olivier, 2 plis centraux en Ceiba et 2 plis int\u00e9rieurs en Acajou &#8211; 16&Prime;x16&Prime; Grosse Caisse &#8211; 10&Prime;x07&Prime; Tom Tom &#8211; 14&Prime;x14&Prime; Floor Tom Comme neuve \/ utilisation studio seulement Les batteries Lalite sont r\u00e9alis\u00e9es en France par Philippe Lalite Les [&hellip;]<\/p>\n","protected":false},"featured_media":5439,"comment_status":"open","ping_status":"closed","template":"","meta":{"jetpack_publicize_message":"","jetpack_publicize_feature_enabled":true,"jetpack_social_post_already_shared":false,"jetpack_social_options":{"image_generator_settings":{"template":"highway","default_image_id":0,"font":"","enabled":false},"version":2}},"product_brand":[],"product_cat":[20],"product_tag":[],"class_list":{"0":"post-947","1":"product","2":"type-product","3":"status-publish","4":"has-post-thumbnail","6":"product_cat-batterie","8":"entry","9":"has-media","11":"first","12":"outofstock","13":"shipping-taxable","14":"purchasable","15":"product-type-simple","16":"has-product-nav","17":"col","18":"span_1_of_3","19":"owp-content-center","20":"owp-thumbs-layout-horizontal","21":"owp-btn-normal","22":"owp-tabs-layout-horizontal"},"yoast_head":"<!-- This site is optimized with the Yoast SEO plugin v27.5 - https:\/\/yoast.com\/product\/yoast-seo-wordpress\/ -->\n<title>Batterie LALITE JEANNE 10&quot; 14&quot; 16&quot; - D\u00e9p\u00f4t Vente Batterie Percussion | Rimocc Lyon<\/title>\n<meta name=\"robots\" content=\"index, follow, max-snippet:-1, max-image-preview:large, max-video-preview:-1\" \/>\n<link rel=\"canonical\" href=\"https:\/\/www.rimocc.com\/en\/product\/batterie-lalite-jeanne-10-14-16\/\" \/>\n<meta property=\"og:locale\" content=\"en_US\" \/>\n<meta property=\"og:type\" content=\"article\" \/>\n<meta property=\"og:title\" content=\"Batterie LALITE JEANNE 10&quot; 14&quot; 16&quot; - D\u00e9p\u00f4t Vente Batterie Percussion | Rimocc Lyon\" \/>\n<meta property=\"og:description\" content=\"Batterie LALITE Jeanne 10&Prime; 14&Prime; 16&Prime; Bop kit 6 plis 2 plis ext\u00e9rieurs en Olivier, 2 plis centraux en Ceiba et 2 plis int\u00e9rieurs en Acajou &#8211; 16&Prime;x16&Prime; Grosse Caisse &#8211; 10&Prime;x07&Prime; Tom Tom &#8211; 14&Prime;x14&Prime; Floor Tom Comme neuve \/ utilisation studio seulement Les batteries Lalite sont r\u00e9alis\u00e9es en France par Philippe Lalite Les [&hellip;]\" \/>\n<meta property=\"og:url\" content=\"https:\/\/www.rimocc.com\/en\/product\/batterie-lalite-jeanne-10-14-16\/\" \/>\n<meta property=\"og:site_name\" content=\"D\u00e9p\u00f4t Vente Batterie Percussion | Rimocc Lyon\" \/>\n<meta property=\"article:publisher\" content=\"https:\/\/www.facebook.com\/rimocclyon\/?locale=fr_FR\" \/>\n<meta property=\"article:modified_time\" content=\"2023-06-13T14:17:59+00:00\" \/>\n<meta property=\"og:image\" content=\"https:\/\/www.rimocc.com\/wp-content\/uploads\/2023\/06\/0e6ab0_3cce1ad46d4f4bffa7bfeaa43235fbcfmv2.webp\" \/>\n\t<meta property=\"og:image:width\" content=\"500\" \/>\n\t<meta property=\"og:image:height\" content=\"667\" \/>\n\t<meta property=\"og:image:type\" content=\"image\/webp\" \/>\n<meta name=\"twitter:card\" content=\"summary_large_image\" \/>\n<meta name=\"twitter:label1\" content=\"Est. reading time\" \/>\n\t<meta name=\"twitter:data1\" content=\"1 minute\" \/>\n<script type=\"application\/ld+json\" class=\"yoast-schema-graph\">{\"@context\":\"https:\\\/\\\/schema.org\",\"@graph\":[{\"@type\":\"WebPage\",\"@id\":\"https:\\\/\\\/www.rimocc.com\\\/product\\\/batterie-lalite-jeanne-10-14-16\\\/\",\"url\":\"https:\\\/\\\/www.rimocc.com\\\/product\\\/batterie-lalite-jeanne-10-14-16\\\/\",\"name\":\"Batterie LALITE JEANNE 10\\\" 14\\\" 16\\\" - D\u00e9p\u00f4t Vente Batterie Percussion | Rimocc Lyon\",\"isPartOf\":{\"@id\":\"https:\\\/\\\/www.rimocc.com\\\/#website\"},\"primaryImageOfPage\":{\"@id\":\"https:\\\/\\\/www.rimocc.com\\\/product\\\/batterie-lalite-jeanne-10-14-16\\\/#primaryimage\"},\"image\":{\"@id\":\"https:\\\/\\\/www.rimocc.com\\\/product\\\/batterie-lalite-jeanne-10-14-16\\\/#primaryimage\"},\"thumbnailUrl\":\"https:\\\/\\\/www.rimocc.com\\\/wp-content\\\/uploads\\\/2023\\\/06\\\/0e6ab0_3cce1ad46d4f4bffa7bfeaa43235fbcfmv2.webp\",\"datePublished\":\"2023-06-08T21:12:34+00:00\",\"dateModified\":\"2023-06-13T14:17:59+00:00\",\"breadcrumb\":{\"@id\":\"https:\\\/\\\/www.rimocc.com\\\/product\\\/batterie-lalite-jeanne-10-14-16\\\/#breadcrumb\"},\"inLanguage\":\"en-US\",\"potentialAction\":[{\"@type\":\"ReadAction\",\"target\":[\"https:\\\/\\\/www.rimocc.com\\\/product\\\/batterie-lalite-jeanne-10-14-16\\\/\"]}]},{\"@type\":\"ImageObject\",\"inLanguage\":\"en-US\",\"@id\":\"https:\\\/\\\/www.rimocc.com\\\/product\\\/batterie-lalite-jeanne-10-14-16\\\/#primaryimage\",\"url\":\"https:\\\/\\\/www.rimocc.com\\\/wp-content\\\/uploads\\\/2023\\\/06\\\/0e6ab0_3cce1ad46d4f4bffa7bfeaa43235fbcfmv2.webp\",\"contentUrl\":\"https:\\\/\\\/www.rimocc.com\\\/wp-content\\\/uploads\\\/2023\\\/06\\\/0e6ab0_3cce1ad46d4f4bffa7bfeaa43235fbcfmv2.webp\",\"width\":500,\"height\":667},{\"@type\":\"BreadcrumbList\",\"@id\":\"https:\\\/\\\/www.rimocc.com\\\/product\\\/batterie-lalite-jeanne-10-14-16\\\/#breadcrumb\",\"itemListElement\":[{\"@type\":\"ListItem\",\"position\":1,\"name\":\"Home\",\"item\":\"https:\\\/\\\/www.rimocc.com\\\/\"},{\"@type\":\"ListItem\",\"position\":2,\"name\":\"Shop\",\"item\":\"https:\\\/\\\/www.rimocc.com\\\/shop\\\/\"},{\"@type\":\"ListItem\",\"position\":3,\"name\":\"Batterie LALITE JEANNE 10&#8243; 14&#8243; 16&#8243;\"}]},{\"@type\":\"WebSite\",\"@id\":\"https:\\\/\\\/www.rimocc.com\\\/#website\",\"url\":\"https:\\\/\\\/www.rimocc.com\\\/\",\"name\":\"D\u00e9p\u00f4t Vente Batterie Percussion | Rimocc Lyon\",\"description\":\"Rimocc: l&#039;unique magasin d\u00e9di\u00e9 enti\u00e8rement \u00e0 la batterie, percussion d&#039;occasion et vintage \u00e0 Lyon, France\",\"publisher\":{\"@id\":\"https:\\\/\\\/www.rimocc.com\\\/#organization\"},\"alternateName\":\"Rimocc'\",\"potentialAction\":[{\"@type\":\"SearchAction\",\"target\":{\"@type\":\"EntryPoint\",\"urlTemplate\":\"https:\\\/\\\/www.rimocc.com\\\/?s={search_term_string}\"},\"query-input\":{\"@type\":\"PropertyValueSpecification\",\"valueRequired\":true,\"valueName\":\"search_term_string\"}}],\"inLanguage\":\"en-US\"},{\"@type\":\"Organization\",\"@id\":\"https:\\\/\\\/www.rimocc.com\\\/#organization\",\"name\":\"Rimocc'\",\"alternateName\":\"Rimocc\",\"url\":\"https:\\\/\\\/www.rimocc.com\\\/\",\"logo\":{\"@type\":\"ImageObject\",\"inLanguage\":\"en-US\",\"@id\":\"https:\\\/\\\/www.rimocc.com\\\/#\\\/schema\\\/logo\\\/image\\\/\",\"url\":\"https:\\\/\\\/i0.wp.com\\\/www.rimocc.com\\\/wp-content\\\/uploads\\\/2023\\\/07\\\/RIMOCC_LOGO.jpg?fit=459%2C114&ssl=1\",\"contentUrl\":\"https:\\\/\\\/i0.wp.com\\\/www.rimocc.com\\\/wp-content\\\/uploads\\\/2023\\\/07\\\/RIMOCC_LOGO.jpg?fit=459%2C114&ssl=1\",\"width\":459,\"height\":114,\"caption\":\"Rimocc'\"},\"image\":{\"@id\":\"https:\\\/\\\/www.rimocc.com\\\/#\\\/schema\\\/logo\\\/image\\\/\"},\"sameAs\":[\"https:\\\/\\\/www.facebook.com\\\/rimocclyon\\\/?locale=fr_FR\",\"https:\\\/\\\/www.instagram.com\\\/rimoccc\\\/?hl=fr\",\"https:\\\/\\\/www.tiktok.com\\\/@rimocc\",\"https:\\\/\\\/www.youtube.com\\\/@Rimocc\"]}]}<\/script>\n<!-- \/ Yoast SEO plugin. -->","yoast_head_json":{"title":"Batterie LALITE JEANNE 10\" 14\" 16\" - D\u00e9p\u00f4t Vente Batterie Percussion | Rimocc Lyon","robots":{"index":"index","follow":"follow","max-snippet":"max-snippet:-1","max-image-preview":"max-image-preview:large","max-video-preview":"max-video-preview:-1"},"canonical":"https:\/\/www.rimocc.com\/en\/product\/batterie-lalite-jeanne-10-14-16\/","og_locale":"en_US","og_type":"article","og_title":"Batterie LALITE JEANNE 10\" 14\" 16\" - D\u00e9p\u00f4t Vente Batterie Percussion | Rimocc Lyon","og_description":"Batterie LALITE Jeanne 10&Prime; 14&Prime; 16&Prime; Bop kit 6 plis 2 plis ext\u00e9rieurs en Olivier, 2 plis centraux en Ceiba et 2 plis int\u00e9rieurs en Acajou &#8211; 16&Prime;x16&Prime; Grosse Caisse &#8211; 10&Prime;x07&Prime; Tom Tom &#8211; 14&Prime;x14&Prime; Floor Tom Comme neuve \/ utilisation studio seulement Les batteries Lalite sont r\u00e9alis\u00e9es en France par Philippe Lalite Les [&hellip;]","og_url":"https:\/\/www.rimocc.com\/en\/product\/batterie-lalite-jeanne-10-14-16\/","og_site_name":"D\u00e9p\u00f4t Vente Batterie Percussion | Rimocc Lyon","article_publisher":"https:\/\/www.facebook.com\/rimocclyon\/?locale=fr_FR","article_modified_time":"2023-06-13T14:17:59+00:00","og_image":[{"width":500,"height":667,"url":"https:\/\/www.rimocc.com\/wp-content\/uploads\/2023\/06\/0e6ab0_3cce1ad46d4f4bffa7bfeaa43235fbcfmv2.webp","type":"image\/webp"}],"twitter_card":"summary_large_image","twitter_misc":{"Est. reading time":"1 minute"},"schema":{"@context":"https:\/\/schema.org","@graph":[{"@type":"WebPage","@id":"https:\/\/www.rimocc.com\/product\/batterie-lalite-jeanne-10-14-16\/","url":"https:\/\/www.rimocc.com\/product\/batterie-lalite-jeanne-10-14-16\/","name":"Batterie LALITE JEANNE 10\" 14\" 16\" - D\u00e9p\u00f4t Vente Batterie Percussion | Rimocc Lyon","isPartOf":{"@id":"https:\/\/www.rimocc.com\/#website"},"primaryImageOfPage":{"@id":"https:\/\/www.rimocc.com\/product\/batterie-lalite-jeanne-10-14-16\/#primaryimage"},"image":{"@id":"https:\/\/www.rimocc.com\/product\/batterie-lalite-jeanne-10-14-16\/#primaryimage"},"thumbnailUrl":"https:\/\/www.rimocc.com\/wp-content\/uploads\/2023\/06\/0e6ab0_3cce1ad46d4f4bffa7bfeaa43235fbcfmv2.webp","datePublished":"2023-06-08T21:12:34+00:00","dateModified":"2023-06-13T14:17:59+00:00","breadcrumb":{"@id":"https:\/\/www.rimocc.com\/product\/batterie-lalite-jeanne-10-14-16\/#breadcrumb"},"inLanguage":"en-US","potentialAction":[{"@type":"ReadAction","target":["https:\/\/www.rimocc.com\/product\/batterie-lalite-jeanne-10-14-16\/"]}]},{"@type":"ImageObject","inLanguage":"en-US","@id":"https:\/\/www.rimocc.com\/product\/batterie-lalite-jeanne-10-14-16\/#primaryimage","url":"https:\/\/www.rimocc.com\/wp-content\/uploads\/2023\/06\/0e6ab0_3cce1ad46d4f4bffa7bfeaa43235fbcfmv2.webp","contentUrl":"https:\/\/www.rimocc.com\/wp-content\/uploads\/2023\/06\/0e6ab0_3cce1ad46d4f4bffa7bfeaa43235fbcfmv2.webp","width":500,"height":667},{"@type":"BreadcrumbList","@id":"https:\/\/www.rimocc.com\/product\/batterie-lalite-jeanne-10-14-16\/#breadcrumb","itemListElement":[{"@type":"ListItem","position":1,"name":"Home","item":"https:\/\/www.rimocc.com\/"},{"@type":"ListItem","position":2,"name":"Shop","item":"https:\/\/www.rimocc.com\/shop\/"},{"@type":"ListItem","position":3,"name":"Batterie LALITE JEANNE 10&#8243; 14&#8243; 16&#8243;"}]},{"@type":"WebSite","@id":"https:\/\/www.rimocc.com\/#website","url":"https:\/\/www.rimocc.com\/","name":"D\u00e9p\u00f4t Vente Batterie Percussion | Rimocc Lyon","description":"Rimocc: l&#039;unique magasin d\u00e9di\u00e9 enti\u00e8rement \u00e0 la batterie, percussion d&#039;occasion et vintage \u00e0 Lyon, France","publisher":{"@id":"https:\/\/www.rimocc.com\/#organization"},"alternateName":"Rimocc'","potentialAction":[{"@type":"SearchAction","target":{"@type":"EntryPoint","urlTemplate":"https:\/\/www.rimocc.com\/?s={search_term_string}"},"query-input":{"@type":"PropertyValueSpecification","valueRequired":true,"valueName":"search_term_string"}}],"inLanguage":"en-US"},{"@type":"Organization","@id":"https:\/\/www.rimocc.com\/#organization","name":"Rimocc'","alternateName":"Rimocc","url":"https:\/\/www.rimocc.com\/","logo":{"@type":"ImageObject","inLanguage":"en-US","@id":"https:\/\/www.rimocc.com\/#\/schema\/logo\/image\/","url":"https:\/\/i0.wp.com\/www.rimocc.com\/wp-content\/uploads\/2023\/07\/RIMOCC_LOGO.jpg?fit=459%2C114&ssl=1","contentUrl":"https:\/\/i0.wp.com\/www.rimocc.com\/wp-content\/uploads\/2023\/07\/RIMOCC_LOGO.jpg?fit=459%2C114&ssl=1","width":459,"height":114,"caption":"Rimocc'"},"image":{"@id":"https:\/\/www.rimocc.com\/#\/schema\/logo\/image\/"},"sameAs":["https:\/\/www.facebook.com\/rimocclyon\/?locale=fr_FR","https:\/\/www.instagram.com\/rimoccc\/?hl=fr","https:\/\/www.tiktok.com\/@rimocc","https:\/\/www.youtube.com\/@Rimocc"]}]}},"jetpack_publicize_connections":[],"jetpack_sharing_enabled":true,"_links":{"self":[{"href":"https:\/\/www.rimocc.com\/en\/wp-json\/wp\/v2\/product\/947","targetHints":{"allow":["GET"]}}],"collection":[{"href":"https:\/\/www.rimocc.com\/en\/wp-json\/wp\/v2\/product"}],"about":[{"href":"https:\/\/www.rimocc.com\/en\/wp-json\/wp\/v2\/types\/product"}],"replies":[{"embeddable":true,"href":"https:\/\/www.rimocc.com\/en\/wp-json\/wp\/v2\/comments?post=947"}],"wp:featuredmedia":[{"embeddable":true,"href":"https:\/\/www.rimocc.com\/en\/wp-json\/wp\/v2\/media\/5439"}],"wp:attachment":[{"href":"https:\/\/www.rimocc.com\/en\/wp-json\/wp\/v2\/media?parent=947"}],"wp:term":[{"taxonomy":"product_brand","embeddable":true,"href":"https:\/\/www.rimocc.com\/en\/wp-json\/wp\/v2\/product_brand?post=947"},{"taxonomy":"product_cat","embeddable":true,"href":"https:\/\/www.rimocc.com\/en\/wp-json\/wp\/v2\/product_cat?post=947"},{"taxonomy":"product_tag","embeddable":true,"href":"https:\/\/www.rimocc.com\/en\/wp-json\/wp\/v2\/product_tag?post=947"}],"curies":[{"name":"wp","href":"https:\/\/api.w.org\/{rel}","templated":true}]}}