{"id":908,"date":"2023-06-08T21:12:32","date_gmt":"2023-06-08T21:12:32","guid":{"rendered":"https:\/\/rimocc.a2hosted.com\/product\/yamaha-oak-custom-musashi-black-lacquer-made-in-japan\/"},"modified":"2023-06-13T14:35:49","modified_gmt":"2023-06-13T14:35:49","slug":"yamaha-oak-custom-musashi-black-lacquer-made-in-japan","status":"publish","type":"product","link":"https:\/\/www.rimocc.com\/en\/product\/yamaha-oak-custom-musashi-black-lacquer-made-in-japan\/","title":{"rendered":"Yamaha Oak Custom Musashi Black Lacquer Made in Japan"},"content":{"rendered":"<div>\n<div>Rare config&rsquo; Fusion<\/div>\n<\/div>\n<div>\n<div>Yamaha Oak Custom Musashi Black Lacquer Made in Japan<\/div>\n<\/div>\n<div>\n<div>20&Prime;X17&Prime; 10&Prime;x8&Prime; 12&Prime;x9&Prime; 14&Prime;x12&Prime;<\/div>\n<\/div>\n<div>\n<div>Etat proche collection (quelques traces de frottements sur le vernis visibles de tr\u00e8s tr\u00e8s pr\u00eat). Supports Toms Yamaha inclus (pied de cymbale et pied de cc non inclus). Equip\u00e9e de peaux de frappe et r\u00e9so Remo Yamaha neuves. Toute d&rsquo;origine et compl\u00e8te.<\/div>\n<\/div>\n<div>\n<div>La plus belle finition de la s\u00e9rie, une pure merveille d&rsquo;esth\u00e9tique, de finition et de sonorit\u00e9 nippones. La s\u00e9rie de choix de Manu Katch\u00e9<\/div>\n<p>*Enl\u00e8vement sur place privil\u00e9gi\u00e9 mais envoi possible dans toute la France sur devis s\u00e9par\u00e9*<\/p>\n<div>\n<div><em>Yamaha Oak Custom Musashi Black Lacquer Made in Japan <\/em><\/div>\n<\/div>\n<div>\n<div><em>20&Prime;X17&Prime; 10&Prime;x8&Prime; 12&Prime;x9&Prime; 14&Prime;x12&Prime; <\/em><\/div>\n<\/div>\n<div>\n<div><em>Close to collector grade (few traces of friction on the lacquer but only visible when you look at it very closely). Yamaha toms holders included (cymbal boom stand &amp; snare stand not included). Fitted with new Remo Yamaha heads (top &amp; bottom). All original &amp; complete.<\/em><\/div>\n<\/div>\n<div>\n<div><em>Manu Katch\u00e9&rsquo;s favourite model <\/em><\/div>\n<p><em>Pick-up only<\/em><\/p>\n<\/div>\n<\/div>","protected":false},"excerpt":{"rendered":"<p>Rare config&rsquo; Fusion Yamaha Oak Custom Musashi Black Lacquer Made in Japan 20&Prime;X17&Prime; 10&Prime;x8&Prime; 12&Prime;x9&Prime; 14&Prime;x12&Prime; Etat proche collection (quelques traces de frottements sur le vernis visibles de tr\u00e8s tr\u00e8s pr\u00eat). Supports Toms Yamaha inclus (pied de cymbale et pied de cc non inclus). Equip\u00e9e de peaux de frappe et r\u00e9so Remo Yamaha neuves. Toute [&hellip;]<\/p>\n","protected":false},"featured_media":5520,"comment_status":"open","ping_status":"closed","template":"","meta":{"jetpack_publicize_message":"","jetpack_publicize_feature_enabled":true,"jetpack_social_post_already_shared":false,"jetpack_social_options":{"image_generator_settings":{"template":"highway","default_image_id":0,"font":"","enabled":false},"version":2}},"product_brand":[],"product_cat":[20],"product_tag":[],"class_list":{"0":"post-908","1":"product","2":"type-product","3":"status-publish","4":"has-post-thumbnail","6":"product_cat-batterie","8":"entry","9":"has-media","11":"first","12":"outofstock","13":"shipping-taxable","14":"purchasable","15":"product-type-simple","16":"has-product-nav","17":"col","18":"span_1_of_3","19":"owp-content-center","20":"owp-thumbs-layout-horizontal","21":"owp-btn-normal","22":"owp-tabs-layout-horizontal"},"yoast_head":"<!-- This site is optimized with the Yoast SEO plugin v27.5 - https:\/\/yoast.com\/product\/yoast-seo-wordpress\/ -->\n<title>Yamaha Oak Custom Musashi Black Lacquer Made in Japan - D\u00e9p\u00f4t Vente Batterie Percussion | Rimocc Lyon<\/title>\n<meta name=\"robots\" content=\"index, follow, max-snippet:-1, max-image-preview:large, max-video-preview:-1\" \/>\n<link rel=\"canonical\" href=\"https:\/\/www.rimocc.com\/en\/product\/yamaha-oak-custom-musashi-black-lacquer-made-in-japan\/\" \/>\n<meta property=\"og:locale\" content=\"en_US\" \/>\n<meta property=\"og:type\" content=\"article\" \/>\n<meta property=\"og:title\" content=\"Yamaha Oak Custom Musashi Black Lacquer Made in Japan - D\u00e9p\u00f4t Vente Batterie Percussion | Rimocc Lyon\" \/>\n<meta property=\"og:description\" content=\"Rare config&rsquo; Fusion Yamaha Oak Custom Musashi Black Lacquer Made in Japan 20&Prime;X17&Prime; 10&Prime;x8&Prime; 12&Prime;x9&Prime; 14&Prime;x12&Prime; Etat proche collection (quelques traces de frottements sur le vernis visibles de tr\u00e8s tr\u00e8s pr\u00eat). Supports Toms Yamaha inclus (pied de cymbale et pied de cc non inclus). Equip\u00e9e de peaux de frappe et r\u00e9so Remo Yamaha neuves. Toute [&hellip;]\" \/>\n<meta property=\"og:url\" content=\"https:\/\/www.rimocc.com\/en\/product\/yamaha-oak-custom-musashi-black-lacquer-made-in-japan\/\" \/>\n<meta property=\"og:site_name\" content=\"D\u00e9p\u00f4t Vente Batterie Percussion | Rimocc Lyon\" \/>\n<meta property=\"article:publisher\" content=\"https:\/\/www.facebook.com\/rimocclyon\/?locale=fr_FR\" \/>\n<meta property=\"article:modified_time\" content=\"2023-06-13T14:35:49+00:00\" \/>\n<meta property=\"og:image\" content=\"https:\/\/www.rimocc.com\/wp-content\/uploads\/2023\/06\/0e6ab0_55c44beb70b842dea536ebcd5516ad05mv2.webp\" \/>\n\t<meta property=\"og:image:width\" content=\"500\" \/>\n\t<meta property=\"og:image:height\" content=\"667\" \/>\n\t<meta property=\"og:image:type\" content=\"image\/webp\" \/>\n<meta name=\"twitter:card\" content=\"summary_large_image\" \/>\n<meta name=\"twitter:label1\" content=\"Est. reading time\" \/>\n\t<meta name=\"twitter:data1\" content=\"1 minute\" \/>\n<script type=\"application\/ld+json\" class=\"yoast-schema-graph\">{\"@context\":\"https:\\\/\\\/schema.org\",\"@graph\":[{\"@type\":\"WebPage\",\"@id\":\"https:\\\/\\\/www.rimocc.com\\\/product\\\/yamaha-oak-custom-musashi-black-lacquer-made-in-japan\\\/\",\"url\":\"https:\\\/\\\/www.rimocc.com\\\/product\\\/yamaha-oak-custom-musashi-black-lacquer-made-in-japan\\\/\",\"name\":\"Yamaha Oak Custom Musashi Black Lacquer Made in Japan - D\u00e9p\u00f4t Vente Batterie Percussion | Rimocc Lyon\",\"isPartOf\":{\"@id\":\"https:\\\/\\\/www.rimocc.com\\\/#website\"},\"primaryImageOfPage\":{\"@id\":\"https:\\\/\\\/www.rimocc.com\\\/product\\\/yamaha-oak-custom-musashi-black-lacquer-made-in-japan\\\/#primaryimage\"},\"image\":{\"@id\":\"https:\\\/\\\/www.rimocc.com\\\/product\\\/yamaha-oak-custom-musashi-black-lacquer-made-in-japan\\\/#primaryimage\"},\"thumbnailUrl\":\"https:\\\/\\\/www.rimocc.com\\\/wp-content\\\/uploads\\\/2023\\\/06\\\/0e6ab0_55c44beb70b842dea536ebcd5516ad05mv2.webp\",\"datePublished\":\"2023-06-08T21:12:32+00:00\",\"dateModified\":\"2023-06-13T14:35:49+00:00\",\"breadcrumb\":{\"@id\":\"https:\\\/\\\/www.rimocc.com\\\/product\\\/yamaha-oak-custom-musashi-black-lacquer-made-in-japan\\\/#breadcrumb\"},\"inLanguage\":\"en-US\",\"potentialAction\":[{\"@type\":\"ReadAction\",\"target\":[\"https:\\\/\\\/www.rimocc.com\\\/product\\\/yamaha-oak-custom-musashi-black-lacquer-made-in-japan\\\/\"]}]},{\"@type\":\"ImageObject\",\"inLanguage\":\"en-US\",\"@id\":\"https:\\\/\\\/www.rimocc.com\\\/product\\\/yamaha-oak-custom-musashi-black-lacquer-made-in-japan\\\/#primaryimage\",\"url\":\"https:\\\/\\\/www.rimocc.com\\\/wp-content\\\/uploads\\\/2023\\\/06\\\/0e6ab0_55c44beb70b842dea536ebcd5516ad05mv2.webp\",\"contentUrl\":\"https:\\\/\\\/www.rimocc.com\\\/wp-content\\\/uploads\\\/2023\\\/06\\\/0e6ab0_55c44beb70b842dea536ebcd5516ad05mv2.webp\",\"width\":500,\"height\":667},{\"@type\":\"BreadcrumbList\",\"@id\":\"https:\\\/\\\/www.rimocc.com\\\/product\\\/yamaha-oak-custom-musashi-black-lacquer-made-in-japan\\\/#breadcrumb\",\"itemListElement\":[{\"@type\":\"ListItem\",\"position\":1,\"name\":\"Home\",\"item\":\"https:\\\/\\\/www.rimocc.com\\\/\"},{\"@type\":\"ListItem\",\"position\":2,\"name\":\"Shop\",\"item\":\"https:\\\/\\\/www.rimocc.com\\\/shop\\\/\"},{\"@type\":\"ListItem\",\"position\":3,\"name\":\"Yamaha Oak Custom Musashi Black Lacquer Made in Japan\"}]},{\"@type\":\"WebSite\",\"@id\":\"https:\\\/\\\/www.rimocc.com\\\/#website\",\"url\":\"https:\\\/\\\/www.rimocc.com\\\/\",\"name\":\"D\u00e9p\u00f4t Vente Batterie Percussion | Rimocc Lyon\",\"description\":\"Rimocc: l&#039;unique magasin d\u00e9di\u00e9 enti\u00e8rement \u00e0 la batterie, percussion d&#039;occasion et vintage \u00e0 Lyon, France\",\"publisher\":{\"@id\":\"https:\\\/\\\/www.rimocc.com\\\/#organization\"},\"alternateName\":\"Rimocc'\",\"potentialAction\":[{\"@type\":\"SearchAction\",\"target\":{\"@type\":\"EntryPoint\",\"urlTemplate\":\"https:\\\/\\\/www.rimocc.com\\\/?s={search_term_string}\"},\"query-input\":{\"@type\":\"PropertyValueSpecification\",\"valueRequired\":true,\"valueName\":\"search_term_string\"}}],\"inLanguage\":\"en-US\"},{\"@type\":\"Organization\",\"@id\":\"https:\\\/\\\/www.rimocc.com\\\/#organization\",\"name\":\"Rimocc'\",\"alternateName\":\"Rimocc\",\"url\":\"https:\\\/\\\/www.rimocc.com\\\/\",\"logo\":{\"@type\":\"ImageObject\",\"inLanguage\":\"en-US\",\"@id\":\"https:\\\/\\\/www.rimocc.com\\\/#\\\/schema\\\/logo\\\/image\\\/\",\"url\":\"https:\\\/\\\/i0.wp.com\\\/www.rimocc.com\\\/wp-content\\\/uploads\\\/2023\\\/07\\\/RIMOCC_LOGO.jpg?fit=459%2C114&ssl=1\",\"contentUrl\":\"https:\\\/\\\/i0.wp.com\\\/www.rimocc.com\\\/wp-content\\\/uploads\\\/2023\\\/07\\\/RIMOCC_LOGO.jpg?fit=459%2C114&ssl=1\",\"width\":459,\"height\":114,\"caption\":\"Rimocc'\"},\"image\":{\"@id\":\"https:\\\/\\\/www.rimocc.com\\\/#\\\/schema\\\/logo\\\/image\\\/\"},\"sameAs\":[\"https:\\\/\\\/www.facebook.com\\\/rimocclyon\\\/?locale=fr_FR\",\"https:\\\/\\\/www.instagram.com\\\/rimoccc\\\/?hl=fr\",\"https:\\\/\\\/www.tiktok.com\\\/@rimocc\",\"https:\\\/\\\/www.youtube.com\\\/@Rimocc\"]}]}<\/script>\n<!-- \/ Yoast SEO plugin. -->","yoast_head_json":{"title":"Yamaha Oak Custom Musashi Black Lacquer Made in Japan - D\u00e9p\u00f4t Vente Batterie Percussion | Rimocc Lyon","robots":{"index":"index","follow":"follow","max-snippet":"max-snippet:-1","max-image-preview":"max-image-preview:large","max-video-preview":"max-video-preview:-1"},"canonical":"https:\/\/www.rimocc.com\/en\/product\/yamaha-oak-custom-musashi-black-lacquer-made-in-japan\/","og_locale":"en_US","og_type":"article","og_title":"Yamaha Oak Custom Musashi Black Lacquer Made in Japan - D\u00e9p\u00f4t Vente Batterie Percussion | Rimocc Lyon","og_description":"Rare config&rsquo; Fusion Yamaha Oak Custom Musashi Black Lacquer Made in Japan 20&Prime;X17&Prime; 10&Prime;x8&Prime; 12&Prime;x9&Prime; 14&Prime;x12&Prime; Etat proche collection (quelques traces de frottements sur le vernis visibles de tr\u00e8s tr\u00e8s pr\u00eat). Supports Toms Yamaha inclus (pied de cymbale et pied de cc non inclus). Equip\u00e9e de peaux de frappe et r\u00e9so Remo Yamaha neuves. Toute [&hellip;]","og_url":"https:\/\/www.rimocc.com\/en\/product\/yamaha-oak-custom-musashi-black-lacquer-made-in-japan\/","og_site_name":"D\u00e9p\u00f4t Vente Batterie Percussion | Rimocc Lyon","article_publisher":"https:\/\/www.facebook.com\/rimocclyon\/?locale=fr_FR","article_modified_time":"2023-06-13T14:35:49+00:00","og_image":[{"width":500,"height":667,"url":"https:\/\/www.rimocc.com\/wp-content\/uploads\/2023\/06\/0e6ab0_55c44beb70b842dea536ebcd5516ad05mv2.webp","type":"image\/webp"}],"twitter_card":"summary_large_image","twitter_misc":{"Est. reading time":"1 minute"},"schema":{"@context":"https:\/\/schema.org","@graph":[{"@type":"WebPage","@id":"https:\/\/www.rimocc.com\/product\/yamaha-oak-custom-musashi-black-lacquer-made-in-japan\/","url":"https:\/\/www.rimocc.com\/product\/yamaha-oak-custom-musashi-black-lacquer-made-in-japan\/","name":"Yamaha Oak Custom Musashi Black Lacquer Made in Japan - D\u00e9p\u00f4t Vente Batterie Percussion | Rimocc Lyon","isPartOf":{"@id":"https:\/\/www.rimocc.com\/#website"},"primaryImageOfPage":{"@id":"https:\/\/www.rimocc.com\/product\/yamaha-oak-custom-musashi-black-lacquer-made-in-japan\/#primaryimage"},"image":{"@id":"https:\/\/www.rimocc.com\/product\/yamaha-oak-custom-musashi-black-lacquer-made-in-japan\/#primaryimage"},"thumbnailUrl":"https:\/\/www.rimocc.com\/wp-content\/uploads\/2023\/06\/0e6ab0_55c44beb70b842dea536ebcd5516ad05mv2.webp","datePublished":"2023-06-08T21:12:32+00:00","dateModified":"2023-06-13T14:35:49+00:00","breadcrumb":{"@id":"https:\/\/www.rimocc.com\/product\/yamaha-oak-custom-musashi-black-lacquer-made-in-japan\/#breadcrumb"},"inLanguage":"en-US","potentialAction":[{"@type":"ReadAction","target":["https:\/\/www.rimocc.com\/product\/yamaha-oak-custom-musashi-black-lacquer-made-in-japan\/"]}]},{"@type":"ImageObject","inLanguage":"en-US","@id":"https:\/\/www.rimocc.com\/product\/yamaha-oak-custom-musashi-black-lacquer-made-in-japan\/#primaryimage","url":"https:\/\/www.rimocc.com\/wp-content\/uploads\/2023\/06\/0e6ab0_55c44beb70b842dea536ebcd5516ad05mv2.webp","contentUrl":"https:\/\/www.rimocc.com\/wp-content\/uploads\/2023\/06\/0e6ab0_55c44beb70b842dea536ebcd5516ad05mv2.webp","width":500,"height":667},{"@type":"BreadcrumbList","@id":"https:\/\/www.rimocc.com\/product\/yamaha-oak-custom-musashi-black-lacquer-made-in-japan\/#breadcrumb","itemListElement":[{"@type":"ListItem","position":1,"name":"Home","item":"https:\/\/www.rimocc.com\/"},{"@type":"ListItem","position":2,"name":"Shop","item":"https:\/\/www.rimocc.com\/shop\/"},{"@type":"ListItem","position":3,"name":"Yamaha Oak Custom Musashi Black Lacquer Made in Japan"}]},{"@type":"WebSite","@id":"https:\/\/www.rimocc.com\/#website","url":"https:\/\/www.rimocc.com\/","name":"D\u00e9p\u00f4t Vente Batterie Percussion | Rimocc Lyon","description":"Rimocc: l&#039;unique magasin d\u00e9di\u00e9 enti\u00e8rement \u00e0 la batterie, percussion d&#039;occasion et vintage \u00e0 Lyon, France","publisher":{"@id":"https:\/\/www.rimocc.com\/#organization"},"alternateName":"Rimocc'","potentialAction":[{"@type":"SearchAction","target":{"@type":"EntryPoint","urlTemplate":"https:\/\/www.rimocc.com\/?s={search_term_string}"},"query-input":{"@type":"PropertyValueSpecification","valueRequired":true,"valueName":"search_term_string"}}],"inLanguage":"en-US"},{"@type":"Organization","@id":"https:\/\/www.rimocc.com\/#organization","name":"Rimocc'","alternateName":"Rimocc","url":"https:\/\/www.rimocc.com\/","logo":{"@type":"ImageObject","inLanguage":"en-US","@id":"https:\/\/www.rimocc.com\/#\/schema\/logo\/image\/","url":"https:\/\/i0.wp.com\/www.rimocc.com\/wp-content\/uploads\/2023\/07\/RIMOCC_LOGO.jpg?fit=459%2C114&ssl=1","contentUrl":"https:\/\/i0.wp.com\/www.rimocc.com\/wp-content\/uploads\/2023\/07\/RIMOCC_LOGO.jpg?fit=459%2C114&ssl=1","width":459,"height":114,"caption":"Rimocc'"},"image":{"@id":"https:\/\/www.rimocc.com\/#\/schema\/logo\/image\/"},"sameAs":["https:\/\/www.facebook.com\/rimocclyon\/?locale=fr_FR","https:\/\/www.instagram.com\/rimoccc\/?hl=fr","https:\/\/www.tiktok.com\/@rimocc","https:\/\/www.youtube.com\/@Rimocc"]}]}},"jetpack_publicize_connections":[],"jetpack_sharing_enabled":true,"_links":{"self":[{"href":"https:\/\/www.rimocc.com\/en\/wp-json\/wp\/v2\/product\/908","targetHints":{"allow":["GET"]}}],"collection":[{"href":"https:\/\/www.rimocc.com\/en\/wp-json\/wp\/v2\/product"}],"about":[{"href":"https:\/\/www.rimocc.com\/en\/wp-json\/wp\/v2\/types\/product"}],"replies":[{"embeddable":true,"href":"https:\/\/www.rimocc.com\/en\/wp-json\/wp\/v2\/comments?post=908"}],"wp:featuredmedia":[{"embeddable":true,"href":"https:\/\/www.rimocc.com\/en\/wp-json\/wp\/v2\/media\/5520"}],"wp:attachment":[{"href":"https:\/\/www.rimocc.com\/en\/wp-json\/wp\/v2\/media?parent=908"}],"wp:term":[{"taxonomy":"product_brand","embeddable":true,"href":"https:\/\/www.rimocc.com\/en\/wp-json\/wp\/v2\/product_brand?post=908"},{"taxonomy":"product_cat","embeddable":true,"href":"https:\/\/www.rimocc.com\/en\/wp-json\/wp\/v2\/product_cat?post=908"},{"taxonomy":"product_tag","embeddable":true,"href":"https:\/\/www.rimocc.com\/en\/wp-json\/wp\/v2\/product_tag?post=908"}],"curies":[{"name":"wp","href":"https:\/\/api.w.org\/{rel}","templated":true}]}}