{"id":8970,"date":"2023-06-26T09:52:05","date_gmt":"2023-06-26T09:52:05","guid":{"rendered":"https:\/\/rimocc.a2hosted.com\/?post_type=product&#038;p=8970"},"modified":"2023-06-26T09:52:06","modified_gmt":"2023-06-26T09:52:06","slug":"mapex-saturn-bop-kit-18x14-10x8-12x8-14x14-vintage-90s","status":"publish","type":"product","link":"https:\/\/www.rimocc.com\/en\/product\/mapex-saturn-bop-kit-18x14-10x8-12x8-14x14-vintage-90s\/","title":{"rendered":"Mapex Saturn Bop Kit 18&Prime;x14&Prime; 10&Prime;x8&Prime; 12&Prime;x8&Prime; 14&Prime;x14&Prime; Vintage 90&rsquo;s"},"content":{"rendered":"<p>Maple\/Basswood<br \/>\nEtat player, \u00e0 nettoyer en profondeur.<br \/>\nCercle reso GC, certains tirants, coquilles chang\u00e9(e)s<br \/>\nChanfreins GC cot\u00e9 r\u00e9so \u00e0 reprendre<\/p>\n<p>(enl\u00e8vement sur place privil\u00e9gi\u00e9 mais envoi possible dans toute la France sur devis s\u00e9par\u00e9 &#8211; merci de s\u00e9lectionner l&rsquo;option retrait sur place et nous vous ferons parvenir un devis s\u00e9par\u00e9 pour la livraison, \u00e0 r\u00e9gler s\u00e9par\u00e9ment)<br \/>\nInternational order, pick-up ONLY<\/p>\n<p>Batterie Rimocc&rsquo; Lyon Magasin de musique<\/p>","protected":false},"excerpt":{"rendered":"<p>Maple\/Basswood Etat player, \u00e0 nettoyer en profondeur. Cercle reso GC, certains tirants, coquilles chang\u00e9(e)s Chanfreins GC cot\u00e9 r\u00e9so \u00e0 reprendre (enl\u00e8vement sur place privil\u00e9gi\u00e9 mais envoi possible dans toute la France sur devis s\u00e9par\u00e9 &#8211; merci de s\u00e9lectionner l&rsquo;option retrait sur place et nous vous ferons parvenir un devis s\u00e9par\u00e9 pour la livraison, \u00e0 r\u00e9gler [&hellip;]<\/p>\n","protected":false},"featured_media":8956,"comment_status":"open","ping_status":"closed","template":"","meta":{"jetpack_publicize_message":"","jetpack_publicize_feature_enabled":true,"jetpack_social_post_already_shared":false,"jetpack_social_options":{"image_generator_settings":{"template":"highway","default_image_id":0,"font":"","enabled":false},"version":2}},"product_brand":[],"product_cat":[20],"product_tag":[41,43,49,51,50],"class_list":{"0":"post-8970","1":"product","2":"type-product","3":"status-publish","4":"has-post-thumbnail","6":"product_cat-batterie","7":"product_tag-batterie","8":"product_tag-drums","9":"product_tag-mapex","10":"product_tag-mapex-saturn","11":"product_tag-saturn","13":"entry","14":"has-media","16":"first","17":"outofstock","18":"shipping-taxable","19":"purchasable","20":"product-type-simple","21":"has-product-nav","22":"col","23":"span_1_of_3","24":"owp-content-center","25":"owp-thumbs-layout-horizontal","26":"owp-btn-normal","27":"owp-tabs-layout-horizontal"},"yoast_head":"<!-- This site is optimized with the Yoast SEO plugin v27.4 - https:\/\/yoast.com\/product\/yoast-seo-wordpress\/ -->\n<title>Mapex Saturn Bop Kit 18&quot;x14&quot; 10&quot;x8&quot; 12&quot;x8&quot; 14&quot;x14&quot; Vintage 90&#039;s - D\u00e9p\u00f4t Vente Batterie Percussion | Rimocc Lyon<\/title>\n<meta name=\"robots\" content=\"index, follow, max-snippet:-1, max-image-preview:large, max-video-preview:-1\" \/>\n<link rel=\"canonical\" href=\"https:\/\/www.rimocc.com\/en\/product\/mapex-saturn-bop-kit-18x14-10x8-12x8-14x14-vintage-90s\/\" \/>\n<meta property=\"og:locale\" content=\"en_US\" \/>\n<meta property=\"og:type\" content=\"article\" \/>\n<meta property=\"og:title\" content=\"Mapex Saturn Bop Kit 18&quot;x14&quot; 10&quot;x8&quot; 12&quot;x8&quot; 14&quot;x14&quot; Vintage 90&#039;s - D\u00e9p\u00f4t Vente Batterie Percussion | Rimocc Lyon\" \/>\n<meta property=\"og:description\" content=\"Maple\/Basswood Etat player, \u00e0 nettoyer en profondeur. Cercle reso GC, certains tirants, coquilles chang\u00e9(e)s Chanfreins GC cot\u00e9 r\u00e9so \u00e0 reprendre (enl\u00e8vement sur place privil\u00e9gi\u00e9 mais envoi possible dans toute la France sur devis s\u00e9par\u00e9 &#8211; merci de s\u00e9lectionner l&rsquo;option retrait sur place et nous vous ferons parvenir un devis s\u00e9par\u00e9 pour la livraison, \u00e0 r\u00e9gler [&hellip;]\" \/>\n<meta property=\"og:url\" content=\"https:\/\/www.rimocc.com\/en\/product\/mapex-saturn-bop-kit-18x14-10x8-12x8-14x14-vintage-90s\/\" \/>\n<meta property=\"og:site_name\" content=\"D\u00e9p\u00f4t Vente Batterie Percussion | Rimocc Lyon\" \/>\n<meta property=\"article:publisher\" content=\"https:\/\/www.facebook.com\/rimocclyon\/?locale=fr_FR\" \/>\n<meta property=\"article:modified_time\" content=\"2023-06-26T09:52:06+00:00\" \/>\n<meta property=\"og:image\" content=\"https:\/\/www.rimocc.com\/wp-content\/uploads\/2023\/06\/Mapex-Saturn-Bop-Kit-18_x14_-10_x8_-12_x8_-14_x14_-Vintage-90s-1.jpg\" \/>\n\t<meta property=\"og:image:width\" content=\"1920\" \/>\n\t<meta property=\"og:image:height\" content=\"1920\" \/>\n\t<meta property=\"og:image:type\" content=\"image\/jpeg\" \/>\n<meta name=\"twitter:card\" content=\"summary_large_image\" \/>\n<script type=\"application\/ld+json\" class=\"yoast-schema-graph\">{\"@context\":\"https:\\\/\\\/schema.org\",\"@graph\":[{\"@type\":\"WebPage\",\"@id\":\"https:\\\/\\\/www.rimocc.com\\\/product\\\/mapex-saturn-bop-kit-18x14-10x8-12x8-14x14-vintage-90s\\\/\",\"url\":\"https:\\\/\\\/www.rimocc.com\\\/product\\\/mapex-saturn-bop-kit-18x14-10x8-12x8-14x14-vintage-90s\\\/\",\"name\":\"Mapex Saturn Bop Kit 18\\\"x14\\\" 10\\\"x8\\\" 12\\\"x8\\\" 14\\\"x14\\\" Vintage 90's - D\u00e9p\u00f4t Vente Batterie Percussion | Rimocc Lyon\",\"isPartOf\":{\"@id\":\"https:\\\/\\\/www.rimocc.com\\\/#website\"},\"primaryImageOfPage\":{\"@id\":\"https:\\\/\\\/www.rimocc.com\\\/product\\\/mapex-saturn-bop-kit-18x14-10x8-12x8-14x14-vintage-90s\\\/#primaryimage\"},\"image\":{\"@id\":\"https:\\\/\\\/www.rimocc.com\\\/product\\\/mapex-saturn-bop-kit-18x14-10x8-12x8-14x14-vintage-90s\\\/#primaryimage\"},\"thumbnailUrl\":\"https:\\\/\\\/www.rimocc.com\\\/wp-content\\\/uploads\\\/2023\\\/06\\\/Mapex-Saturn-Bop-Kit-18_x14_-10_x8_-12_x8_-14_x14_-Vintage-90s-1.jpg\",\"datePublished\":\"2023-06-26T09:52:05+00:00\",\"dateModified\":\"2023-06-26T09:52:06+00:00\",\"breadcrumb\":{\"@id\":\"https:\\\/\\\/www.rimocc.com\\\/product\\\/mapex-saturn-bop-kit-18x14-10x8-12x8-14x14-vintage-90s\\\/#breadcrumb\"},\"inLanguage\":\"en-US\",\"potentialAction\":[{\"@type\":\"ReadAction\",\"target\":[\"https:\\\/\\\/www.rimocc.com\\\/product\\\/mapex-saturn-bop-kit-18x14-10x8-12x8-14x14-vintage-90s\\\/\"]}]},{\"@type\":\"ImageObject\",\"inLanguage\":\"en-US\",\"@id\":\"https:\\\/\\\/www.rimocc.com\\\/product\\\/mapex-saturn-bop-kit-18x14-10x8-12x8-14x14-vintage-90s\\\/#primaryimage\",\"url\":\"https:\\\/\\\/www.rimocc.com\\\/wp-content\\\/uploads\\\/2023\\\/06\\\/Mapex-Saturn-Bop-Kit-18_x14_-10_x8_-12_x8_-14_x14_-Vintage-90s-1.jpg\",\"contentUrl\":\"https:\\\/\\\/www.rimocc.com\\\/wp-content\\\/uploads\\\/2023\\\/06\\\/Mapex-Saturn-Bop-Kit-18_x14_-10_x8_-12_x8_-14_x14_-Vintage-90s-1.jpg\",\"width\":1920,\"height\":1920},{\"@type\":\"BreadcrumbList\",\"@id\":\"https:\\\/\\\/www.rimocc.com\\\/product\\\/mapex-saturn-bop-kit-18x14-10x8-12x8-14x14-vintage-90s\\\/#breadcrumb\",\"itemListElement\":[{\"@type\":\"ListItem\",\"position\":1,\"name\":\"Home\",\"item\":\"https:\\\/\\\/www.rimocc.com\\\/\"},{\"@type\":\"ListItem\",\"position\":2,\"name\":\"Shop\",\"item\":\"https:\\\/\\\/www.rimocc.com\\\/shop\\\/\"},{\"@type\":\"ListItem\",\"position\":3,\"name\":\"Mapex Saturn Bop Kit 18&#8243;x14&#8243; 10&#8243;x8&#8243; 12&#8243;x8&#8243; 14&#8243;x14&#8243; Vintage 90&#8217;s\"}]},{\"@type\":\"WebSite\",\"@id\":\"https:\\\/\\\/www.rimocc.com\\\/#website\",\"url\":\"https:\\\/\\\/www.rimocc.com\\\/\",\"name\":\"D\u00e9p\u00f4t Vente Batterie Percussion | Rimocc Lyon\",\"description\":\"Rimocc: l&#039;unique magasin d\u00e9di\u00e9 enti\u00e8rement \u00e0 la batterie, percussion d&#039;occasion et vintage \u00e0 Lyon, France\",\"publisher\":{\"@id\":\"https:\\\/\\\/www.rimocc.com\\\/#organization\"},\"alternateName\":\"Rimocc'\",\"potentialAction\":[{\"@type\":\"SearchAction\",\"target\":{\"@type\":\"EntryPoint\",\"urlTemplate\":\"https:\\\/\\\/www.rimocc.com\\\/?s={search_term_string}\"},\"query-input\":{\"@type\":\"PropertyValueSpecification\",\"valueRequired\":true,\"valueName\":\"search_term_string\"}}],\"inLanguage\":\"en-US\"},{\"@type\":\"Organization\",\"@id\":\"https:\\\/\\\/www.rimocc.com\\\/#organization\",\"name\":\"Rimocc'\",\"alternateName\":\"Rimocc\",\"url\":\"https:\\\/\\\/www.rimocc.com\\\/\",\"logo\":{\"@type\":\"ImageObject\",\"inLanguage\":\"en-US\",\"@id\":\"https:\\\/\\\/www.rimocc.com\\\/#\\\/schema\\\/logo\\\/image\\\/\",\"url\":\"https:\\\/\\\/i0.wp.com\\\/www.rimocc.com\\\/wp-content\\\/uploads\\\/2023\\\/07\\\/RIMOCC_LOGO.jpg?fit=459%2C114&ssl=1\",\"contentUrl\":\"https:\\\/\\\/i0.wp.com\\\/www.rimocc.com\\\/wp-content\\\/uploads\\\/2023\\\/07\\\/RIMOCC_LOGO.jpg?fit=459%2C114&ssl=1\",\"width\":459,\"height\":114,\"caption\":\"Rimocc'\"},\"image\":{\"@id\":\"https:\\\/\\\/www.rimocc.com\\\/#\\\/schema\\\/logo\\\/image\\\/\"},\"sameAs\":[\"https:\\\/\\\/www.facebook.com\\\/rimocclyon\\\/?locale=fr_FR\",\"https:\\\/\\\/www.instagram.com\\\/rimoccc\\\/?hl=fr\",\"https:\\\/\\\/www.tiktok.com\\\/@rimocc\",\"https:\\\/\\\/www.youtube.com\\\/@Rimocc\"]}]}<\/script>\n<!-- \/ Yoast SEO plugin. -->","yoast_head_json":{"title":"Mapex Saturn Bop Kit 18\"x14\" 10\"x8\" 12\"x8\" 14\"x14\" Vintage 90's - D\u00e9p\u00f4t Vente Batterie Percussion | Rimocc Lyon","robots":{"index":"index","follow":"follow","max-snippet":"max-snippet:-1","max-image-preview":"max-image-preview:large","max-video-preview":"max-video-preview:-1"},"canonical":"https:\/\/www.rimocc.com\/en\/product\/mapex-saturn-bop-kit-18x14-10x8-12x8-14x14-vintage-90s\/","og_locale":"en_US","og_type":"article","og_title":"Mapex Saturn Bop Kit 18\"x14\" 10\"x8\" 12\"x8\" 14\"x14\" Vintage 90's - D\u00e9p\u00f4t Vente Batterie Percussion | Rimocc Lyon","og_description":"Maple\/Basswood Etat player, \u00e0 nettoyer en profondeur. Cercle reso GC, certains tirants, coquilles chang\u00e9(e)s Chanfreins GC cot\u00e9 r\u00e9so \u00e0 reprendre (enl\u00e8vement sur place privil\u00e9gi\u00e9 mais envoi possible dans toute la France sur devis s\u00e9par\u00e9 &#8211; merci de s\u00e9lectionner l&rsquo;option retrait sur place et nous vous ferons parvenir un devis s\u00e9par\u00e9 pour la livraison, \u00e0 r\u00e9gler [&hellip;]","og_url":"https:\/\/www.rimocc.com\/en\/product\/mapex-saturn-bop-kit-18x14-10x8-12x8-14x14-vintage-90s\/","og_site_name":"D\u00e9p\u00f4t Vente Batterie Percussion | Rimocc Lyon","article_publisher":"https:\/\/www.facebook.com\/rimocclyon\/?locale=fr_FR","article_modified_time":"2023-06-26T09:52:06+00:00","og_image":[{"width":1920,"height":1920,"url":"https:\/\/www.rimocc.com\/wp-content\/uploads\/2023\/06\/Mapex-Saturn-Bop-Kit-18_x14_-10_x8_-12_x8_-14_x14_-Vintage-90s-1.jpg","type":"image\/jpeg"}],"twitter_card":"summary_large_image","schema":{"@context":"https:\/\/schema.org","@graph":[{"@type":"WebPage","@id":"https:\/\/www.rimocc.com\/product\/mapex-saturn-bop-kit-18x14-10x8-12x8-14x14-vintage-90s\/","url":"https:\/\/www.rimocc.com\/product\/mapex-saturn-bop-kit-18x14-10x8-12x8-14x14-vintage-90s\/","name":"Mapex Saturn Bop Kit 18\"x14\" 10\"x8\" 12\"x8\" 14\"x14\" Vintage 90's - D\u00e9p\u00f4t Vente Batterie Percussion | Rimocc Lyon","isPartOf":{"@id":"https:\/\/www.rimocc.com\/#website"},"primaryImageOfPage":{"@id":"https:\/\/www.rimocc.com\/product\/mapex-saturn-bop-kit-18x14-10x8-12x8-14x14-vintage-90s\/#primaryimage"},"image":{"@id":"https:\/\/www.rimocc.com\/product\/mapex-saturn-bop-kit-18x14-10x8-12x8-14x14-vintage-90s\/#primaryimage"},"thumbnailUrl":"https:\/\/www.rimocc.com\/wp-content\/uploads\/2023\/06\/Mapex-Saturn-Bop-Kit-18_x14_-10_x8_-12_x8_-14_x14_-Vintage-90s-1.jpg","datePublished":"2023-06-26T09:52:05+00:00","dateModified":"2023-06-26T09:52:06+00:00","breadcrumb":{"@id":"https:\/\/www.rimocc.com\/product\/mapex-saturn-bop-kit-18x14-10x8-12x8-14x14-vintage-90s\/#breadcrumb"},"inLanguage":"en-US","potentialAction":[{"@type":"ReadAction","target":["https:\/\/www.rimocc.com\/product\/mapex-saturn-bop-kit-18x14-10x8-12x8-14x14-vintage-90s\/"]}]},{"@type":"ImageObject","inLanguage":"en-US","@id":"https:\/\/www.rimocc.com\/product\/mapex-saturn-bop-kit-18x14-10x8-12x8-14x14-vintage-90s\/#primaryimage","url":"https:\/\/www.rimocc.com\/wp-content\/uploads\/2023\/06\/Mapex-Saturn-Bop-Kit-18_x14_-10_x8_-12_x8_-14_x14_-Vintage-90s-1.jpg","contentUrl":"https:\/\/www.rimocc.com\/wp-content\/uploads\/2023\/06\/Mapex-Saturn-Bop-Kit-18_x14_-10_x8_-12_x8_-14_x14_-Vintage-90s-1.jpg","width":1920,"height":1920},{"@type":"BreadcrumbList","@id":"https:\/\/www.rimocc.com\/product\/mapex-saturn-bop-kit-18x14-10x8-12x8-14x14-vintage-90s\/#breadcrumb","itemListElement":[{"@type":"ListItem","position":1,"name":"Home","item":"https:\/\/www.rimocc.com\/"},{"@type":"ListItem","position":2,"name":"Shop","item":"https:\/\/www.rimocc.com\/shop\/"},{"@type":"ListItem","position":3,"name":"Mapex Saturn Bop Kit 18&#8243;x14&#8243; 10&#8243;x8&#8243; 12&#8243;x8&#8243; 14&#8243;x14&#8243; Vintage 90&#8217;s"}]},{"@type":"WebSite","@id":"https:\/\/www.rimocc.com\/#website","url":"https:\/\/www.rimocc.com\/","name":"D\u00e9p\u00f4t Vente Batterie Percussion | Rimocc Lyon","description":"Rimocc: l&#039;unique magasin d\u00e9di\u00e9 enti\u00e8rement \u00e0 la batterie, percussion d&#039;occasion et vintage \u00e0 Lyon, France","publisher":{"@id":"https:\/\/www.rimocc.com\/#organization"},"alternateName":"Rimocc'","potentialAction":[{"@type":"SearchAction","target":{"@type":"EntryPoint","urlTemplate":"https:\/\/www.rimocc.com\/?s={search_term_string}"},"query-input":{"@type":"PropertyValueSpecification","valueRequired":true,"valueName":"search_term_string"}}],"inLanguage":"en-US"},{"@type":"Organization","@id":"https:\/\/www.rimocc.com\/#organization","name":"Rimocc'","alternateName":"Rimocc","url":"https:\/\/www.rimocc.com\/","logo":{"@type":"ImageObject","inLanguage":"en-US","@id":"https:\/\/www.rimocc.com\/#\/schema\/logo\/image\/","url":"https:\/\/i0.wp.com\/www.rimocc.com\/wp-content\/uploads\/2023\/07\/RIMOCC_LOGO.jpg?fit=459%2C114&ssl=1","contentUrl":"https:\/\/i0.wp.com\/www.rimocc.com\/wp-content\/uploads\/2023\/07\/RIMOCC_LOGO.jpg?fit=459%2C114&ssl=1","width":459,"height":114,"caption":"Rimocc'"},"image":{"@id":"https:\/\/www.rimocc.com\/#\/schema\/logo\/image\/"},"sameAs":["https:\/\/www.facebook.com\/rimocclyon\/?locale=fr_FR","https:\/\/www.instagram.com\/rimoccc\/?hl=fr","https:\/\/www.tiktok.com\/@rimocc","https:\/\/www.youtube.com\/@Rimocc"]}]}},"jetpack_publicize_connections":[],"jetpack_sharing_enabled":true,"_links":{"self":[{"href":"https:\/\/www.rimocc.com\/en\/wp-json\/wp\/v2\/product\/8970","targetHints":{"allow":["GET"]}}],"collection":[{"href":"https:\/\/www.rimocc.com\/en\/wp-json\/wp\/v2\/product"}],"about":[{"href":"https:\/\/www.rimocc.com\/en\/wp-json\/wp\/v2\/types\/product"}],"replies":[{"embeddable":true,"href":"https:\/\/www.rimocc.com\/en\/wp-json\/wp\/v2\/comments?post=8970"}],"wp:featuredmedia":[{"embeddable":true,"href":"https:\/\/www.rimocc.com\/en\/wp-json\/wp\/v2\/media\/8956"}],"wp:attachment":[{"href":"https:\/\/www.rimocc.com\/en\/wp-json\/wp\/v2\/media?parent=8970"}],"wp:term":[{"taxonomy":"product_brand","embeddable":true,"href":"https:\/\/www.rimocc.com\/en\/wp-json\/wp\/v2\/product_brand?post=8970"},{"taxonomy":"product_cat","embeddable":true,"href":"https:\/\/www.rimocc.com\/en\/wp-json\/wp\/v2\/product_cat?post=8970"},{"taxonomy":"product_tag","embeddable":true,"href":"https:\/\/www.rimocc.com\/en\/wp-json\/wp\/v2\/product_tag?post=8970"}],"curies":[{"name":"wp","href":"https:\/\/api.w.org\/{rel}","templated":true}]}}