{"id":870,"date":"2023-06-08T21:12:29","date_gmt":"2023-06-08T21:12:29","guid":{"rendered":"https:\/\/rimocc.a2hosted.com\/product\/gretsch-catalina-club-mod-tatoo-12x8-16x14-22x20-14x65\/"},"modified":"2023-06-13T13:07:37","modified_gmt":"2023-06-13T13:07:37","slug":"gretsch-catalina-club-mod-tatoo-12x8-16x14-22x20-14x65","status":"publish","type":"product","link":"https:\/\/www.rimocc.com\/en\/product\/gretsch-catalina-club-mod-tatoo-12x8-16x14-22x20-14x65\/","title":{"rendered":"Gretsch Catalina Club Mod Tatoo 12&Prime;x8&Prime; 16&Prime;x14&Prime; 22&Prime;x20&Prime; 14&Prime;x6,5&Prime;"},"content":{"rendered":"<p>Gretsch Catalina Club Mod Tatoo (Mahogany)<\/p>\n<p>12&Prime;x8&Prime; 16&Prime;x14&Prime; 22&Prime;x20&Prime; 14&Prime;x6,5&Prime; + attache tom<\/p>\n<p>Tr\u00e8s bon \u00e9tat, \u00e0 lustrer, nettoyer<\/p>\n<p>Quelques traces de frottements sur le f\u00fbts<\/p>\n<p>(Pieds et clamp non inclus)<\/p>\n<p><strong><u>Pour un envoi, merci de nous consulter pour un devis s\u00e9par\u00e9<\/u><\/strong><\/p>\n<p>Gretsch&rsquo;s tattoo design was developed to project a visual vibe as distinctive as the Gretsch Catalina Club Mod tonal vibe. To enhance the Tribal tattoo pattern aesthetic, the lug placement on this kit is positioned in a straight line, not in the typical Club Mod offset lug design. Each drum has a different sized tattoo that is proportionate to shell size, a subtle feature that adds to the overall boutique appearance.<\/p>\n<p><em>\u00ab\u00a0This kit sets the stage for the modern player with tonal and visual distinction. Its mahogany shells pump out deep tones from the extra-deep 22&Prime; x 20&Prime; bass drum, 6.5&Prime; x 14&Prime; snare drum, and one up, one down tom set-up. The 20&Prime; depth of the bass drum gives extra low-end punch that can be felt as well as heard. The batter head of the bass drum is pre-muffled to control excessive overtones. Gretsch&rsquo;s GTS suspension system allows the rack tom to vibrate freely to maximize tone. Also, Evans G1 coated heads come standard with this Club Mod kit, so it sounds excellent right out of the box. The black hoops and lugs compliment this flashy drum finish. Characterized by its bold looks and thunderous sound, the Club Mod is a killer drum set for modern clubs.\u00a0\u00bb<\/em><\/p>","protected":false},"excerpt":{"rendered":"<p>Gretsch Catalina Club Mod Tatoo (Mahogany) 12&Prime;x8&Prime; 16&Prime;x14&Prime; 22&Prime;x20&Prime; 14&Prime;x6,5&Prime; + attache tom Tr\u00e8s bon \u00e9tat, \u00e0 lustrer, nettoyer Quelques traces de frottements sur le f\u00fbts (Pieds et clamp non inclus) Pour un envoi, merci de nous consulter pour un devis s\u00e9par\u00e9 Gretsch&rsquo;s tattoo design was developed to project a visual vibe as distinctive as [&hellip;]<\/p>\n","protected":false},"featured_media":5222,"comment_status":"open","ping_status":"closed","template":"","meta":{"jetpack_publicize_message":"","jetpack_publicize_feature_enabled":true,"jetpack_social_post_already_shared":false,"jetpack_social_options":{"image_generator_settings":{"template":"highway","default_image_id":0,"font":"","enabled":false},"version":2}},"product_brand":[],"product_cat":[20],"product_tag":[],"class_list":{"0":"post-870","1":"product","2":"type-product","3":"status-publish","4":"has-post-thumbnail","6":"product_cat-batterie","8":"entry","9":"has-media","11":"first","12":"outofstock","13":"shipping-taxable","14":"purchasable","15":"product-type-simple","16":"has-product-nav","17":"col","18":"span_1_of_3","19":"owp-content-center","20":"owp-thumbs-layout-horizontal","21":"owp-btn-normal","22":"owp-tabs-layout-horizontal"},"yoast_head":"<!-- This site is optimized with the Yoast SEO plugin v27.4 - https:\/\/yoast.com\/product\/yoast-seo-wordpress\/ -->\n<title>Gretsch Catalina Club Mod Tatoo 12&quot;x8&quot; 16&quot;x14&quot; 22&quot;x20&quot; 14&quot;x6,5&quot; - D\u00e9p\u00f4t Vente Batterie Percussion | Rimocc Lyon<\/title>\n<meta name=\"robots\" content=\"index, follow, max-snippet:-1, max-image-preview:large, max-video-preview:-1\" \/>\n<link rel=\"canonical\" href=\"https:\/\/www.rimocc.com\/en\/product\/gretsch-catalina-club-mod-tatoo-12x8-16x14-22x20-14x65\/\" \/>\n<meta property=\"og:locale\" content=\"en_US\" \/>\n<meta property=\"og:type\" content=\"article\" \/>\n<meta property=\"og:title\" content=\"Gretsch Catalina Club Mod Tatoo 12&quot;x8&quot; 16&quot;x14&quot; 22&quot;x20&quot; 14&quot;x6,5&quot; - D\u00e9p\u00f4t Vente Batterie Percussion | Rimocc Lyon\" \/>\n<meta property=\"og:description\" content=\"Gretsch Catalina Club Mod Tatoo (Mahogany) 12&Prime;x8&Prime; 16&Prime;x14&Prime; 22&Prime;x20&Prime; 14&Prime;x6,5&Prime; + attache tom Tr\u00e8s bon \u00e9tat, \u00e0 lustrer, nettoyer Quelques traces de frottements sur le f\u00fbts (Pieds et clamp non inclus) Pour un envoi, merci de nous consulter pour un devis s\u00e9par\u00e9 Gretsch&rsquo;s tattoo design was developed to project a visual vibe as distinctive as [&hellip;]\" \/>\n<meta property=\"og:url\" content=\"https:\/\/www.rimocc.com\/en\/product\/gretsch-catalina-club-mod-tatoo-12x8-16x14-22x20-14x65\/\" \/>\n<meta property=\"og:site_name\" content=\"D\u00e9p\u00f4t Vente Batterie Percussion | Rimocc Lyon\" \/>\n<meta property=\"article:publisher\" content=\"https:\/\/www.facebook.com\/rimocclyon\/?locale=fr_FR\" \/>\n<meta property=\"article:modified_time\" content=\"2023-06-13T13:07:37+00:00\" \/>\n<meta property=\"og:image\" content=\"https:\/\/www.rimocc.com\/wp-content\/uploads\/2023\/06\/0e6ab0_18d3c86a577844299317dfbc22b11b45mv2.webp\" \/>\n\t<meta property=\"og:image:width\" content=\"500\" \/>\n\t<meta property=\"og:image:height\" content=\"667\" \/>\n\t<meta property=\"og:image:type\" content=\"image\/webp\" \/>\n<meta name=\"twitter:card\" content=\"summary_large_image\" \/>\n<meta name=\"twitter:label1\" content=\"Est. reading time\" \/>\n\t<meta name=\"twitter:data1\" content=\"1 minute\" \/>\n<script type=\"application\/ld+json\" class=\"yoast-schema-graph\">{\"@context\":\"https:\\\/\\\/schema.org\",\"@graph\":[{\"@type\":\"WebPage\",\"@id\":\"https:\\\/\\\/www.rimocc.com\\\/product\\\/gretsch-catalina-club-mod-tatoo-12x8-16x14-22x20-14x65\\\/\",\"url\":\"https:\\\/\\\/www.rimocc.com\\\/product\\\/gretsch-catalina-club-mod-tatoo-12x8-16x14-22x20-14x65\\\/\",\"name\":\"Gretsch Catalina Club Mod Tatoo 12\\\"x8\\\" 16\\\"x14\\\" 22\\\"x20\\\" 14\\\"x6,5\\\" - D\u00e9p\u00f4t Vente Batterie Percussion | Rimocc Lyon\",\"isPartOf\":{\"@id\":\"https:\\\/\\\/www.rimocc.com\\\/#website\"},\"primaryImageOfPage\":{\"@id\":\"https:\\\/\\\/www.rimocc.com\\\/product\\\/gretsch-catalina-club-mod-tatoo-12x8-16x14-22x20-14x65\\\/#primaryimage\"},\"image\":{\"@id\":\"https:\\\/\\\/www.rimocc.com\\\/product\\\/gretsch-catalina-club-mod-tatoo-12x8-16x14-22x20-14x65\\\/#primaryimage\"},\"thumbnailUrl\":\"https:\\\/\\\/www.rimocc.com\\\/wp-content\\\/uploads\\\/2023\\\/06\\\/0e6ab0_18d3c86a577844299317dfbc22b11b45mv2.webp\",\"datePublished\":\"2023-06-08T21:12:29+00:00\",\"dateModified\":\"2023-06-13T13:07:37+00:00\",\"breadcrumb\":{\"@id\":\"https:\\\/\\\/www.rimocc.com\\\/product\\\/gretsch-catalina-club-mod-tatoo-12x8-16x14-22x20-14x65\\\/#breadcrumb\"},\"inLanguage\":\"en-US\",\"potentialAction\":[{\"@type\":\"ReadAction\",\"target\":[\"https:\\\/\\\/www.rimocc.com\\\/product\\\/gretsch-catalina-club-mod-tatoo-12x8-16x14-22x20-14x65\\\/\"]}]},{\"@type\":\"ImageObject\",\"inLanguage\":\"en-US\",\"@id\":\"https:\\\/\\\/www.rimocc.com\\\/product\\\/gretsch-catalina-club-mod-tatoo-12x8-16x14-22x20-14x65\\\/#primaryimage\",\"url\":\"https:\\\/\\\/www.rimocc.com\\\/wp-content\\\/uploads\\\/2023\\\/06\\\/0e6ab0_18d3c86a577844299317dfbc22b11b45mv2.webp\",\"contentUrl\":\"https:\\\/\\\/www.rimocc.com\\\/wp-content\\\/uploads\\\/2023\\\/06\\\/0e6ab0_18d3c86a577844299317dfbc22b11b45mv2.webp\",\"width\":500,\"height\":667},{\"@type\":\"BreadcrumbList\",\"@id\":\"https:\\\/\\\/www.rimocc.com\\\/product\\\/gretsch-catalina-club-mod-tatoo-12x8-16x14-22x20-14x65\\\/#breadcrumb\",\"itemListElement\":[{\"@type\":\"ListItem\",\"position\":1,\"name\":\"Home\",\"item\":\"https:\\\/\\\/www.rimocc.com\\\/\"},{\"@type\":\"ListItem\",\"position\":2,\"name\":\"Shop\",\"item\":\"https:\\\/\\\/www.rimocc.com\\\/shop\\\/\"},{\"@type\":\"ListItem\",\"position\":3,\"name\":\"Gretsch Catalina Club Mod Tatoo 12&#8243;x8&#8243; 16&#8243;x14&#8243; 22&#8243;x20&#8243; 14&#8243;x6,5&#8243;\"}]},{\"@type\":\"WebSite\",\"@id\":\"https:\\\/\\\/www.rimocc.com\\\/#website\",\"url\":\"https:\\\/\\\/www.rimocc.com\\\/\",\"name\":\"D\u00e9p\u00f4t Vente Batterie Percussion | Rimocc Lyon\",\"description\":\"Rimocc: l&#039;unique magasin d\u00e9di\u00e9 enti\u00e8rement \u00e0 la batterie, percussion d&#039;occasion et vintage \u00e0 Lyon, France\",\"publisher\":{\"@id\":\"https:\\\/\\\/www.rimocc.com\\\/#organization\"},\"alternateName\":\"Rimocc'\",\"potentialAction\":[{\"@type\":\"SearchAction\",\"target\":{\"@type\":\"EntryPoint\",\"urlTemplate\":\"https:\\\/\\\/www.rimocc.com\\\/?s={search_term_string}\"},\"query-input\":{\"@type\":\"PropertyValueSpecification\",\"valueRequired\":true,\"valueName\":\"search_term_string\"}}],\"inLanguage\":\"en-US\"},{\"@type\":\"Organization\",\"@id\":\"https:\\\/\\\/www.rimocc.com\\\/#organization\",\"name\":\"Rimocc'\",\"alternateName\":\"Rimocc\",\"url\":\"https:\\\/\\\/www.rimocc.com\\\/\",\"logo\":{\"@type\":\"ImageObject\",\"inLanguage\":\"en-US\",\"@id\":\"https:\\\/\\\/www.rimocc.com\\\/#\\\/schema\\\/logo\\\/image\\\/\",\"url\":\"https:\\\/\\\/i0.wp.com\\\/www.rimocc.com\\\/wp-content\\\/uploads\\\/2023\\\/07\\\/RIMOCC_LOGO.jpg?fit=459%2C114&ssl=1\",\"contentUrl\":\"https:\\\/\\\/i0.wp.com\\\/www.rimocc.com\\\/wp-content\\\/uploads\\\/2023\\\/07\\\/RIMOCC_LOGO.jpg?fit=459%2C114&ssl=1\",\"width\":459,\"height\":114,\"caption\":\"Rimocc'\"},\"image\":{\"@id\":\"https:\\\/\\\/www.rimocc.com\\\/#\\\/schema\\\/logo\\\/image\\\/\"},\"sameAs\":[\"https:\\\/\\\/www.facebook.com\\\/rimocclyon\\\/?locale=fr_FR\",\"https:\\\/\\\/www.instagram.com\\\/rimoccc\\\/?hl=fr\",\"https:\\\/\\\/www.tiktok.com\\\/@rimocc\",\"https:\\\/\\\/www.youtube.com\\\/@Rimocc\"]}]}<\/script>\n<!-- \/ Yoast SEO plugin. -->","yoast_head_json":{"title":"Gretsch Catalina Club Mod Tatoo 12\"x8\" 16\"x14\" 22\"x20\" 14\"x6,5\" - D\u00e9p\u00f4t Vente Batterie Percussion | Rimocc Lyon","robots":{"index":"index","follow":"follow","max-snippet":"max-snippet:-1","max-image-preview":"max-image-preview:large","max-video-preview":"max-video-preview:-1"},"canonical":"https:\/\/www.rimocc.com\/en\/product\/gretsch-catalina-club-mod-tatoo-12x8-16x14-22x20-14x65\/","og_locale":"en_US","og_type":"article","og_title":"Gretsch Catalina Club Mod Tatoo 12\"x8\" 16\"x14\" 22\"x20\" 14\"x6,5\" - D\u00e9p\u00f4t Vente Batterie Percussion | Rimocc Lyon","og_description":"Gretsch Catalina Club Mod Tatoo (Mahogany) 12&Prime;x8&Prime; 16&Prime;x14&Prime; 22&Prime;x20&Prime; 14&Prime;x6,5&Prime; + attache tom Tr\u00e8s bon \u00e9tat, \u00e0 lustrer, nettoyer Quelques traces de frottements sur le f\u00fbts (Pieds et clamp non inclus) Pour un envoi, merci de nous consulter pour un devis s\u00e9par\u00e9 Gretsch&rsquo;s tattoo design was developed to project a visual vibe as distinctive as [&hellip;]","og_url":"https:\/\/www.rimocc.com\/en\/product\/gretsch-catalina-club-mod-tatoo-12x8-16x14-22x20-14x65\/","og_site_name":"D\u00e9p\u00f4t Vente Batterie Percussion | Rimocc Lyon","article_publisher":"https:\/\/www.facebook.com\/rimocclyon\/?locale=fr_FR","article_modified_time":"2023-06-13T13:07:37+00:00","og_image":[{"width":500,"height":667,"url":"https:\/\/www.rimocc.com\/wp-content\/uploads\/2023\/06\/0e6ab0_18d3c86a577844299317dfbc22b11b45mv2.webp","type":"image\/webp"}],"twitter_card":"summary_large_image","twitter_misc":{"Est. reading time":"1 minute"},"schema":{"@context":"https:\/\/schema.org","@graph":[{"@type":"WebPage","@id":"https:\/\/www.rimocc.com\/product\/gretsch-catalina-club-mod-tatoo-12x8-16x14-22x20-14x65\/","url":"https:\/\/www.rimocc.com\/product\/gretsch-catalina-club-mod-tatoo-12x8-16x14-22x20-14x65\/","name":"Gretsch Catalina Club Mod Tatoo 12\"x8\" 16\"x14\" 22\"x20\" 14\"x6,5\" - D\u00e9p\u00f4t Vente Batterie Percussion | Rimocc Lyon","isPartOf":{"@id":"https:\/\/www.rimocc.com\/#website"},"primaryImageOfPage":{"@id":"https:\/\/www.rimocc.com\/product\/gretsch-catalina-club-mod-tatoo-12x8-16x14-22x20-14x65\/#primaryimage"},"image":{"@id":"https:\/\/www.rimocc.com\/product\/gretsch-catalina-club-mod-tatoo-12x8-16x14-22x20-14x65\/#primaryimage"},"thumbnailUrl":"https:\/\/www.rimocc.com\/wp-content\/uploads\/2023\/06\/0e6ab0_18d3c86a577844299317dfbc22b11b45mv2.webp","datePublished":"2023-06-08T21:12:29+00:00","dateModified":"2023-06-13T13:07:37+00:00","breadcrumb":{"@id":"https:\/\/www.rimocc.com\/product\/gretsch-catalina-club-mod-tatoo-12x8-16x14-22x20-14x65\/#breadcrumb"},"inLanguage":"en-US","potentialAction":[{"@type":"ReadAction","target":["https:\/\/www.rimocc.com\/product\/gretsch-catalina-club-mod-tatoo-12x8-16x14-22x20-14x65\/"]}]},{"@type":"ImageObject","inLanguage":"en-US","@id":"https:\/\/www.rimocc.com\/product\/gretsch-catalina-club-mod-tatoo-12x8-16x14-22x20-14x65\/#primaryimage","url":"https:\/\/www.rimocc.com\/wp-content\/uploads\/2023\/06\/0e6ab0_18d3c86a577844299317dfbc22b11b45mv2.webp","contentUrl":"https:\/\/www.rimocc.com\/wp-content\/uploads\/2023\/06\/0e6ab0_18d3c86a577844299317dfbc22b11b45mv2.webp","width":500,"height":667},{"@type":"BreadcrumbList","@id":"https:\/\/www.rimocc.com\/product\/gretsch-catalina-club-mod-tatoo-12x8-16x14-22x20-14x65\/#breadcrumb","itemListElement":[{"@type":"ListItem","position":1,"name":"Home","item":"https:\/\/www.rimocc.com\/"},{"@type":"ListItem","position":2,"name":"Shop","item":"https:\/\/www.rimocc.com\/shop\/"},{"@type":"ListItem","position":3,"name":"Gretsch Catalina Club Mod Tatoo 12&#8243;x8&#8243; 16&#8243;x14&#8243; 22&#8243;x20&#8243; 14&#8243;x6,5&#8243;"}]},{"@type":"WebSite","@id":"https:\/\/www.rimocc.com\/#website","url":"https:\/\/www.rimocc.com\/","name":"D\u00e9p\u00f4t Vente Batterie Percussion | Rimocc Lyon","description":"Rimocc: l&#039;unique magasin d\u00e9di\u00e9 enti\u00e8rement \u00e0 la batterie, percussion d&#039;occasion et vintage \u00e0 Lyon, France","publisher":{"@id":"https:\/\/www.rimocc.com\/#organization"},"alternateName":"Rimocc'","potentialAction":[{"@type":"SearchAction","target":{"@type":"EntryPoint","urlTemplate":"https:\/\/www.rimocc.com\/?s={search_term_string}"},"query-input":{"@type":"PropertyValueSpecification","valueRequired":true,"valueName":"search_term_string"}}],"inLanguage":"en-US"},{"@type":"Organization","@id":"https:\/\/www.rimocc.com\/#organization","name":"Rimocc'","alternateName":"Rimocc","url":"https:\/\/www.rimocc.com\/","logo":{"@type":"ImageObject","inLanguage":"en-US","@id":"https:\/\/www.rimocc.com\/#\/schema\/logo\/image\/","url":"https:\/\/i0.wp.com\/www.rimocc.com\/wp-content\/uploads\/2023\/07\/RIMOCC_LOGO.jpg?fit=459%2C114&ssl=1","contentUrl":"https:\/\/i0.wp.com\/www.rimocc.com\/wp-content\/uploads\/2023\/07\/RIMOCC_LOGO.jpg?fit=459%2C114&ssl=1","width":459,"height":114,"caption":"Rimocc'"},"image":{"@id":"https:\/\/www.rimocc.com\/#\/schema\/logo\/image\/"},"sameAs":["https:\/\/www.facebook.com\/rimocclyon\/?locale=fr_FR","https:\/\/www.instagram.com\/rimoccc\/?hl=fr","https:\/\/www.tiktok.com\/@rimocc","https:\/\/www.youtube.com\/@Rimocc"]}]}},"jetpack_publicize_connections":[],"jetpack_sharing_enabled":true,"_links":{"self":[{"href":"https:\/\/www.rimocc.com\/en\/wp-json\/wp\/v2\/product\/870","targetHints":{"allow":["GET"]}}],"collection":[{"href":"https:\/\/www.rimocc.com\/en\/wp-json\/wp\/v2\/product"}],"about":[{"href":"https:\/\/www.rimocc.com\/en\/wp-json\/wp\/v2\/types\/product"}],"replies":[{"embeddable":true,"href":"https:\/\/www.rimocc.com\/en\/wp-json\/wp\/v2\/comments?post=870"}],"wp:featuredmedia":[{"embeddable":true,"href":"https:\/\/www.rimocc.com\/en\/wp-json\/wp\/v2\/media\/5222"}],"wp:attachment":[{"href":"https:\/\/www.rimocc.com\/en\/wp-json\/wp\/v2\/media?parent=870"}],"wp:term":[{"taxonomy":"product_brand","embeddable":true,"href":"https:\/\/www.rimocc.com\/en\/wp-json\/wp\/v2\/product_brand?post=870"},{"taxonomy":"product_cat","embeddable":true,"href":"https:\/\/www.rimocc.com\/en\/wp-json\/wp\/v2\/product_cat?post=870"},{"taxonomy":"product_tag","embeddable":true,"href":"https:\/\/www.rimocc.com\/en\/wp-json\/wp\/v2\/product_tag?post=870"}],"curies":[{"name":"wp","href":"https:\/\/api.w.org\/{rel}","templated":true}]}}