{"id":869,"date":"2023-06-08T21:12:29","date_gmt":"2023-06-08T21:12:29","guid":{"rendered":"https:\/\/rimocc.a2hosted.com\/product\/ludwig-classic-maple-oyster-black-pearl-keystone-monroe-90s-2000-usa\/"},"modified":"2023-06-13T14:27:28","modified_gmt":"2023-06-13T14:27:28","slug":"ludwig-classic-maple-oyster-black-pearl-keystone-monroe-90s-2000-usa","status":"publish","type":"product","link":"https:\/\/www.rimocc.com\/en\/product\/ludwig-classic-maple-oyster-black-pearl-keystone-monroe-90s-2000-usa\/","title":{"rendered":"Ludwig Classic Maple Oyster Black Pearl Keystone Monroe 90&rsquo;s\/2000 USA"},"content":{"rendered":"<div>\n<div>\n<div>Ludwig Classic Maple Oyster Black Pearl Keystone Monroe 90&rsquo;s\/2000 USA<\/div>\n<\/div>\n<div>\n<div>22&Prime;x14&Prime; 13&Prime;x9&Prime; 16&Prime;x16&Prime; + CC 14&#215;6,5 !!<\/div>\n<\/div>\n<div>\n<div>Etat collection, comme neuve<\/div>\n<\/div>\n<div>\n<div>Peaux d&rsquo;origine Ludwig WeatherMaster tr\u00e8s peu jou\u00e9es<\/div>\n<\/div>\n<div>\n<div>Les exemplaires dans cette finition et de la p\u00e9riode Monroe ne sont pas courant et son \u00e9tat en font une opportunit\u00e9 \u00e0 ne pas louper \ud83d\ude09<\/div>\n<\/div>\n<div>\n<div>(enl\u00e8vement sur place privil\u00e9gi\u00e9 mais envoi possible dans toute la France sur devis s\u00e9par\u00e9)<\/div>\n<\/div>\n<div>\n<div><em>Ludwig Classic Maple Oyster Black Pearl Keystone Monroe 90&rsquo;s\/2000 USA<\/em><\/div>\n<\/div>\n<div>\n<div><em>22&Prime;x14&Prime; 13&Prime;x9&Prime; 16&Prime;x16&Prime; + snare 14&#215;6,5 !!<\/em><\/div>\n<\/div>\n<div>\n<div><em>Collector grade, as new<\/em><\/div>\n<\/div>\n<div>\n<div><em>Original Ludwig WeatherMaster heads, very lightly used<\/em><\/div>\n<\/div>\n<div>\n<div><em>Available as pick-up<\/em><\/div>\n<\/div>\n<\/div>","protected":false},"excerpt":{"rendered":"<p>Ludwig Classic Maple Oyster Black Pearl Keystone Monroe 90&rsquo;s\/2000 USA 22&Prime;x14&Prime; 13&Prime;x9&Prime; 16&Prime;x16&Prime; + CC 14&#215;6,5 !! Etat collection, comme neuve Peaux d&rsquo;origine Ludwig WeatherMaster tr\u00e8s peu jou\u00e9es Les exemplaires dans cette finition et de la p\u00e9riode Monroe ne sont pas courant et son \u00e9tat en font une opportunit\u00e9 \u00e0 ne pas louper \ud83d\ude09 (enl\u00e8vement [&hellip;]<\/p>\n","protected":false},"featured_media":5485,"comment_status":"open","ping_status":"closed","template":"","meta":{"jetpack_publicize_message":"","jetpack_publicize_feature_enabled":true,"jetpack_social_post_already_shared":false,"jetpack_social_options":{"image_generator_settings":{"template":"highway","default_image_id":0,"font":"","enabled":false},"version":2}},"product_brand":[],"product_cat":[20],"product_tag":[],"class_list":{"0":"post-869","1":"product","2":"type-product","3":"status-publish","4":"has-post-thumbnail","6":"product_cat-batterie","8":"entry","9":"has-media","11":"first","12":"outofstock","13":"shipping-taxable","14":"purchasable","15":"product-type-simple","16":"has-product-nav","17":"col","18":"span_1_of_3","19":"owp-content-center","20":"owp-thumbs-layout-horizontal","21":"owp-btn-normal","22":"owp-tabs-layout-horizontal"},"yoast_head":"<!-- This site is optimized with the Yoast SEO plugin v27.5 - https:\/\/yoast.com\/product\/yoast-seo-wordpress\/ -->\n<title>Ludwig Classic Maple Oyster Black Pearl Keystone Monroe 90&#039;s\/2000 USA - D\u00e9p\u00f4t Vente Batterie Percussion | Rimocc Lyon<\/title>\n<meta name=\"robots\" content=\"index, follow, max-snippet:-1, max-image-preview:large, max-video-preview:-1\" \/>\n<link rel=\"canonical\" href=\"https:\/\/www.rimocc.com\/en\/product\/ludwig-classic-maple-oyster-black-pearl-keystone-monroe-90s-2000-usa\/\" \/>\n<meta property=\"og:locale\" content=\"en_US\" \/>\n<meta property=\"og:type\" content=\"article\" \/>\n<meta property=\"og:title\" content=\"Ludwig Classic Maple Oyster Black Pearl Keystone Monroe 90&#039;s\/2000 USA - D\u00e9p\u00f4t Vente Batterie Percussion | Rimocc Lyon\" \/>\n<meta property=\"og:description\" content=\"Ludwig Classic Maple Oyster Black Pearl Keystone Monroe 90&rsquo;s\/2000 USA 22&Prime;x14&Prime; 13&Prime;x9&Prime; 16&Prime;x16&Prime; + CC 14&#215;6,5 !! Etat collection, comme neuve Peaux d&rsquo;origine Ludwig WeatherMaster tr\u00e8s peu jou\u00e9es Les exemplaires dans cette finition et de la p\u00e9riode Monroe ne sont pas courant et son \u00e9tat en font une opportunit\u00e9 \u00e0 ne pas louper \ud83d\ude09 (enl\u00e8vement [&hellip;]\" \/>\n<meta property=\"og:url\" content=\"https:\/\/www.rimocc.com\/en\/product\/ludwig-classic-maple-oyster-black-pearl-keystone-monroe-90s-2000-usa\/\" \/>\n<meta property=\"og:site_name\" content=\"D\u00e9p\u00f4t Vente Batterie Percussion | Rimocc Lyon\" \/>\n<meta property=\"article:publisher\" content=\"https:\/\/www.facebook.com\/rimocclyon\/?locale=fr_FR\" \/>\n<meta property=\"article:modified_time\" content=\"2023-06-13T14:27:28+00:00\" \/>\n<meta property=\"og:image\" content=\"https:\/\/www.rimocc.com\/wp-content\/uploads\/2023\/06\/0e6ab0_491532a352b4491cb9f31a4c7458f8f9mv2.webp\" \/>\n\t<meta property=\"og:image:width\" content=\"500\" \/>\n\t<meta property=\"og:image:height\" content=\"667\" \/>\n\t<meta property=\"og:image:type\" content=\"image\/webp\" \/>\n<meta name=\"twitter:card\" content=\"summary_large_image\" \/>\n<script type=\"application\/ld+json\" class=\"yoast-schema-graph\">{\"@context\":\"https:\\\/\\\/schema.org\",\"@graph\":[{\"@type\":\"WebPage\",\"@id\":\"https:\\\/\\\/www.rimocc.com\\\/product\\\/ludwig-classic-maple-oyster-black-pearl-keystone-monroe-90s-2000-usa\\\/\",\"url\":\"https:\\\/\\\/www.rimocc.com\\\/product\\\/ludwig-classic-maple-oyster-black-pearl-keystone-monroe-90s-2000-usa\\\/\",\"name\":\"Ludwig Classic Maple Oyster Black Pearl Keystone Monroe 90's\\\/2000 USA - D\u00e9p\u00f4t Vente Batterie Percussion | Rimocc Lyon\",\"isPartOf\":{\"@id\":\"https:\\\/\\\/www.rimocc.com\\\/#website\"},\"primaryImageOfPage\":{\"@id\":\"https:\\\/\\\/www.rimocc.com\\\/product\\\/ludwig-classic-maple-oyster-black-pearl-keystone-monroe-90s-2000-usa\\\/#primaryimage\"},\"image\":{\"@id\":\"https:\\\/\\\/www.rimocc.com\\\/product\\\/ludwig-classic-maple-oyster-black-pearl-keystone-monroe-90s-2000-usa\\\/#primaryimage\"},\"thumbnailUrl\":\"https:\\\/\\\/www.rimocc.com\\\/wp-content\\\/uploads\\\/2023\\\/06\\\/0e6ab0_491532a352b4491cb9f31a4c7458f8f9mv2.webp\",\"datePublished\":\"2023-06-08T21:12:29+00:00\",\"dateModified\":\"2023-06-13T14:27:28+00:00\",\"breadcrumb\":{\"@id\":\"https:\\\/\\\/www.rimocc.com\\\/product\\\/ludwig-classic-maple-oyster-black-pearl-keystone-monroe-90s-2000-usa\\\/#breadcrumb\"},\"inLanguage\":\"en-US\",\"potentialAction\":[{\"@type\":\"ReadAction\",\"target\":[\"https:\\\/\\\/www.rimocc.com\\\/product\\\/ludwig-classic-maple-oyster-black-pearl-keystone-monroe-90s-2000-usa\\\/\"]}]},{\"@type\":\"ImageObject\",\"inLanguage\":\"en-US\",\"@id\":\"https:\\\/\\\/www.rimocc.com\\\/product\\\/ludwig-classic-maple-oyster-black-pearl-keystone-monroe-90s-2000-usa\\\/#primaryimage\",\"url\":\"https:\\\/\\\/www.rimocc.com\\\/wp-content\\\/uploads\\\/2023\\\/06\\\/0e6ab0_491532a352b4491cb9f31a4c7458f8f9mv2.webp\",\"contentUrl\":\"https:\\\/\\\/www.rimocc.com\\\/wp-content\\\/uploads\\\/2023\\\/06\\\/0e6ab0_491532a352b4491cb9f31a4c7458f8f9mv2.webp\",\"width\":500,\"height\":667},{\"@type\":\"BreadcrumbList\",\"@id\":\"https:\\\/\\\/www.rimocc.com\\\/product\\\/ludwig-classic-maple-oyster-black-pearl-keystone-monroe-90s-2000-usa\\\/#breadcrumb\",\"itemListElement\":[{\"@type\":\"ListItem\",\"position\":1,\"name\":\"Home\",\"item\":\"https:\\\/\\\/www.rimocc.com\\\/\"},{\"@type\":\"ListItem\",\"position\":2,\"name\":\"Shop\",\"item\":\"https:\\\/\\\/www.rimocc.com\\\/shop\\\/\"},{\"@type\":\"ListItem\",\"position\":3,\"name\":\"Ludwig Classic Maple Oyster Black Pearl Keystone Monroe 90&#8217;s\\\/2000 USA\"}]},{\"@type\":\"WebSite\",\"@id\":\"https:\\\/\\\/www.rimocc.com\\\/#website\",\"url\":\"https:\\\/\\\/www.rimocc.com\\\/\",\"name\":\"D\u00e9p\u00f4t Vente Batterie Percussion | Rimocc Lyon\",\"description\":\"Rimocc: l&#039;unique magasin d\u00e9di\u00e9 enti\u00e8rement \u00e0 la batterie, percussion d&#039;occasion et vintage \u00e0 Lyon, France\",\"publisher\":{\"@id\":\"https:\\\/\\\/www.rimocc.com\\\/#organization\"},\"alternateName\":\"Rimocc'\",\"potentialAction\":[{\"@type\":\"SearchAction\",\"target\":{\"@type\":\"EntryPoint\",\"urlTemplate\":\"https:\\\/\\\/www.rimocc.com\\\/?s={search_term_string}\"},\"query-input\":{\"@type\":\"PropertyValueSpecification\",\"valueRequired\":true,\"valueName\":\"search_term_string\"}}],\"inLanguage\":\"en-US\"},{\"@type\":\"Organization\",\"@id\":\"https:\\\/\\\/www.rimocc.com\\\/#organization\",\"name\":\"Rimocc'\",\"alternateName\":\"Rimocc\",\"url\":\"https:\\\/\\\/www.rimocc.com\\\/\",\"logo\":{\"@type\":\"ImageObject\",\"inLanguage\":\"en-US\",\"@id\":\"https:\\\/\\\/www.rimocc.com\\\/#\\\/schema\\\/logo\\\/image\\\/\",\"url\":\"https:\\\/\\\/i0.wp.com\\\/www.rimocc.com\\\/wp-content\\\/uploads\\\/2023\\\/07\\\/RIMOCC_LOGO.jpg?fit=459%2C114&ssl=1\",\"contentUrl\":\"https:\\\/\\\/i0.wp.com\\\/www.rimocc.com\\\/wp-content\\\/uploads\\\/2023\\\/07\\\/RIMOCC_LOGO.jpg?fit=459%2C114&ssl=1\",\"width\":459,\"height\":114,\"caption\":\"Rimocc'\"},\"image\":{\"@id\":\"https:\\\/\\\/www.rimocc.com\\\/#\\\/schema\\\/logo\\\/image\\\/\"},\"sameAs\":[\"https:\\\/\\\/www.facebook.com\\\/rimocclyon\\\/?locale=fr_FR\",\"https:\\\/\\\/www.instagram.com\\\/rimoccc\\\/?hl=fr\",\"https:\\\/\\\/www.tiktok.com\\\/@rimocc\",\"https:\\\/\\\/www.youtube.com\\\/@Rimocc\"]}]}<\/script>\n<!-- \/ Yoast SEO plugin. -->","yoast_head_json":{"title":"Ludwig Classic Maple Oyster Black Pearl Keystone Monroe 90's\/2000 USA - D\u00e9p\u00f4t Vente Batterie Percussion | Rimocc Lyon","robots":{"index":"index","follow":"follow","max-snippet":"max-snippet:-1","max-image-preview":"max-image-preview:large","max-video-preview":"max-video-preview:-1"},"canonical":"https:\/\/www.rimocc.com\/en\/product\/ludwig-classic-maple-oyster-black-pearl-keystone-monroe-90s-2000-usa\/","og_locale":"en_US","og_type":"article","og_title":"Ludwig Classic Maple Oyster Black Pearl Keystone Monroe 90's\/2000 USA - D\u00e9p\u00f4t Vente Batterie Percussion | Rimocc Lyon","og_description":"Ludwig Classic Maple Oyster Black Pearl Keystone Monroe 90&rsquo;s\/2000 USA 22&Prime;x14&Prime; 13&Prime;x9&Prime; 16&Prime;x16&Prime; + CC 14&#215;6,5 !! Etat collection, comme neuve Peaux d&rsquo;origine Ludwig WeatherMaster tr\u00e8s peu jou\u00e9es Les exemplaires dans cette finition et de la p\u00e9riode Monroe ne sont pas courant et son \u00e9tat en font une opportunit\u00e9 \u00e0 ne pas louper \ud83d\ude09 (enl\u00e8vement [&hellip;]","og_url":"https:\/\/www.rimocc.com\/en\/product\/ludwig-classic-maple-oyster-black-pearl-keystone-monroe-90s-2000-usa\/","og_site_name":"D\u00e9p\u00f4t Vente Batterie Percussion | Rimocc Lyon","article_publisher":"https:\/\/www.facebook.com\/rimocclyon\/?locale=fr_FR","article_modified_time":"2023-06-13T14:27:28+00:00","og_image":[{"width":500,"height":667,"url":"https:\/\/www.rimocc.com\/wp-content\/uploads\/2023\/06\/0e6ab0_491532a352b4491cb9f31a4c7458f8f9mv2.webp","type":"image\/webp"}],"twitter_card":"summary_large_image","schema":{"@context":"https:\/\/schema.org","@graph":[{"@type":"WebPage","@id":"https:\/\/www.rimocc.com\/product\/ludwig-classic-maple-oyster-black-pearl-keystone-monroe-90s-2000-usa\/","url":"https:\/\/www.rimocc.com\/product\/ludwig-classic-maple-oyster-black-pearl-keystone-monroe-90s-2000-usa\/","name":"Ludwig Classic Maple Oyster Black Pearl Keystone Monroe 90's\/2000 USA - D\u00e9p\u00f4t Vente Batterie Percussion | Rimocc Lyon","isPartOf":{"@id":"https:\/\/www.rimocc.com\/#website"},"primaryImageOfPage":{"@id":"https:\/\/www.rimocc.com\/product\/ludwig-classic-maple-oyster-black-pearl-keystone-monroe-90s-2000-usa\/#primaryimage"},"image":{"@id":"https:\/\/www.rimocc.com\/product\/ludwig-classic-maple-oyster-black-pearl-keystone-monroe-90s-2000-usa\/#primaryimage"},"thumbnailUrl":"https:\/\/www.rimocc.com\/wp-content\/uploads\/2023\/06\/0e6ab0_491532a352b4491cb9f31a4c7458f8f9mv2.webp","datePublished":"2023-06-08T21:12:29+00:00","dateModified":"2023-06-13T14:27:28+00:00","breadcrumb":{"@id":"https:\/\/www.rimocc.com\/product\/ludwig-classic-maple-oyster-black-pearl-keystone-monroe-90s-2000-usa\/#breadcrumb"},"inLanguage":"en-US","potentialAction":[{"@type":"ReadAction","target":["https:\/\/www.rimocc.com\/product\/ludwig-classic-maple-oyster-black-pearl-keystone-monroe-90s-2000-usa\/"]}]},{"@type":"ImageObject","inLanguage":"en-US","@id":"https:\/\/www.rimocc.com\/product\/ludwig-classic-maple-oyster-black-pearl-keystone-monroe-90s-2000-usa\/#primaryimage","url":"https:\/\/www.rimocc.com\/wp-content\/uploads\/2023\/06\/0e6ab0_491532a352b4491cb9f31a4c7458f8f9mv2.webp","contentUrl":"https:\/\/www.rimocc.com\/wp-content\/uploads\/2023\/06\/0e6ab0_491532a352b4491cb9f31a4c7458f8f9mv2.webp","width":500,"height":667},{"@type":"BreadcrumbList","@id":"https:\/\/www.rimocc.com\/product\/ludwig-classic-maple-oyster-black-pearl-keystone-monroe-90s-2000-usa\/#breadcrumb","itemListElement":[{"@type":"ListItem","position":1,"name":"Home","item":"https:\/\/www.rimocc.com\/"},{"@type":"ListItem","position":2,"name":"Shop","item":"https:\/\/www.rimocc.com\/shop\/"},{"@type":"ListItem","position":3,"name":"Ludwig Classic Maple Oyster Black Pearl Keystone Monroe 90&#8217;s\/2000 USA"}]},{"@type":"WebSite","@id":"https:\/\/www.rimocc.com\/#website","url":"https:\/\/www.rimocc.com\/","name":"D\u00e9p\u00f4t Vente Batterie Percussion | Rimocc Lyon","description":"Rimocc: l&#039;unique magasin d\u00e9di\u00e9 enti\u00e8rement \u00e0 la batterie, percussion d&#039;occasion et vintage \u00e0 Lyon, France","publisher":{"@id":"https:\/\/www.rimocc.com\/#organization"},"alternateName":"Rimocc'","potentialAction":[{"@type":"SearchAction","target":{"@type":"EntryPoint","urlTemplate":"https:\/\/www.rimocc.com\/?s={search_term_string}"},"query-input":{"@type":"PropertyValueSpecification","valueRequired":true,"valueName":"search_term_string"}}],"inLanguage":"en-US"},{"@type":"Organization","@id":"https:\/\/www.rimocc.com\/#organization","name":"Rimocc'","alternateName":"Rimocc","url":"https:\/\/www.rimocc.com\/","logo":{"@type":"ImageObject","inLanguage":"en-US","@id":"https:\/\/www.rimocc.com\/#\/schema\/logo\/image\/","url":"https:\/\/i0.wp.com\/www.rimocc.com\/wp-content\/uploads\/2023\/07\/RIMOCC_LOGO.jpg?fit=459%2C114&ssl=1","contentUrl":"https:\/\/i0.wp.com\/www.rimocc.com\/wp-content\/uploads\/2023\/07\/RIMOCC_LOGO.jpg?fit=459%2C114&ssl=1","width":459,"height":114,"caption":"Rimocc'"},"image":{"@id":"https:\/\/www.rimocc.com\/#\/schema\/logo\/image\/"},"sameAs":["https:\/\/www.facebook.com\/rimocclyon\/?locale=fr_FR","https:\/\/www.instagram.com\/rimoccc\/?hl=fr","https:\/\/www.tiktok.com\/@rimocc","https:\/\/www.youtube.com\/@Rimocc"]}]}},"jetpack_publicize_connections":[],"jetpack_sharing_enabled":true,"_links":{"self":[{"href":"https:\/\/www.rimocc.com\/en\/wp-json\/wp\/v2\/product\/869","targetHints":{"allow":["GET"]}}],"collection":[{"href":"https:\/\/www.rimocc.com\/en\/wp-json\/wp\/v2\/product"}],"about":[{"href":"https:\/\/www.rimocc.com\/en\/wp-json\/wp\/v2\/types\/product"}],"replies":[{"embeddable":true,"href":"https:\/\/www.rimocc.com\/en\/wp-json\/wp\/v2\/comments?post=869"}],"wp:featuredmedia":[{"embeddable":true,"href":"https:\/\/www.rimocc.com\/en\/wp-json\/wp\/v2\/media\/5485"}],"wp:attachment":[{"href":"https:\/\/www.rimocc.com\/en\/wp-json\/wp\/v2\/media?parent=869"}],"wp:term":[{"taxonomy":"product_brand","embeddable":true,"href":"https:\/\/www.rimocc.com\/en\/wp-json\/wp\/v2\/product_brand?post=869"},{"taxonomy":"product_cat","embeddable":true,"href":"https:\/\/www.rimocc.com\/en\/wp-json\/wp\/v2\/product_cat?post=869"},{"taxonomy":"product_tag","embeddable":true,"href":"https:\/\/www.rimocc.com\/en\/wp-json\/wp\/v2\/product_tag?post=869"}],"curies":[{"name":"wp","href":"https:\/\/api.w.org\/{rel}","templated":true}]}}