{"id":868,"date":"2023-06-08T21:12:29","date_gmt":"2023-06-08T21:12:29","guid":{"rendered":"https:\/\/rimocc.a2hosted.com\/product\/yamaha-recording-custom-cherry-wine-lacquer-made-in-japan\/"},"modified":"2023-06-13T13:41:41","modified_gmt":"2023-06-13T13:41:41","slug":"yamaha-recording-custom-cherry-wine-lacquer-made-in-japan","status":"publish","type":"product","link":"https:\/\/www.rimocc.com\/en\/product\/yamaha-recording-custom-cherry-wine-lacquer-made-in-japan\/","title":{"rendered":"Yamaha Recording Custom Cherry Wine Lacquer Made in Japan"},"content":{"rendered":"<p>Batterie Yamaha Recording Custom Cherry Wine Lacquer Made in Japan Yess<\/p>\n<p>22&Prime;x16&Prime; 10&Prime;x9&Prime; 12&Prime;x10\u00a0 14&Prime;x12&Prime; + attaches et pied support TB<\/p>\n<div>\n<div>Une r\u00e9f\u00e9rence encore in\u00e9gal\u00e9e&#8230;<\/div>\n<\/div>\n<div>\n<div>Tr\u00e8s bon \u00e9tat g\u00e9n\u00e9ral, quelques traces de frottements, rayures sur les f\u00fbts<\/div>\n<\/div>\n<div>\n<div>(enl\u00e8vement sur place privil\u00e9gi\u00e9 mais envoi possible dans toute la France sur devis s\u00e9par\u00e9)<\/div>\n<\/div>\n<div>\n<div><em>Yamaha Recording Custom Cherry Wine Lacquer Set Made in Japan Yess 22&Prime;x16&Prime; 10&Prime;x9&Prime; 12&Prime;x10 14&Prime;x12&Prime; + tom holders &amp; stand <\/em><\/div>\n<\/div>\n<div>\n<div><em>Very good condition overall, few rubbing marks &amp; scratches on the toms<\/em><\/div>\n<\/div>\n<div>\n<div><em>Available as pick-up<\/em><\/div>\n<\/div>\n<p><em>\u00ab\u00a0The Yamaha 9000 Series Recording Custom\u2019s 100% birch shells combine a high gloss lacquer exterior finish with a hand-rubbed stain interior. The 7-ply bass drums and 6-ply tom toms have straight sided walls, allowing unimpeded sound projection. This is further aided by the perfect 45 degree bearing edges. The shells are manufactured using our Air Seal System where the wood plies, with staggered diagonal seams, are sealed together under evenly distributed air pressure. This ensures that all Yamaha shells are the model of consistency and durability.<\/em><\/p>\n<p><em>Birch shells deliver a lower fundamental tone than maple. As a result, they project a warm, rounded sound with a slightly shorter decay, ideal for the controlled environment of the studio. The legendary RC is consequently the most recorded drum kit of modern times. The controlled sound is further helped by sleek, one-piece Hi-Tension heavily chromed lug casings. Precision machined lug nuts provide noise-free operation due to their spring-less casing design.<\/em><\/p>\n<p><em>Yet another innovation of the 9000 Series Recording Custom series was the floor-stand suspended tom tom, pioneered by the world\u2019s number one studio drummer, Steve Gadd. This funky type of mount, at first designed for Steve\u2019s shallower floor toms, led to the now universal adoption of the \u2018fusion\u2019 style shell pack.<\/em><\/p>\n<p><em>The Yamaha Recording Custom 9000 is today improved even further by the addition of YESS (Yamaha Enhanced Sustain System) mounts. YESS minimizes tom mount-to-shell contact thereby increasing resonance and maximizing dynamic range and sustain.\u00a0\u00bb<\/em><\/p>","protected":false},"excerpt":{"rendered":"<p>Batterie Yamaha Recording Custom Cherry Wine Lacquer Made in Japan Yess 22&Prime;x16&Prime; 10&Prime;x9&Prime; 12&Prime;x10\u00a0 14&Prime;x12&Prime; + attaches et pied support TB Une r\u00e9f\u00e9rence encore in\u00e9gal\u00e9e&#8230; Tr\u00e8s bon \u00e9tat g\u00e9n\u00e9ral, quelques traces de frottements, rayures sur les f\u00fbts (enl\u00e8vement sur place privil\u00e9gi\u00e9 mais envoi possible dans toute la France sur devis s\u00e9par\u00e9) Yamaha Recording Custom Cherry [&hellip;]<\/p>\n","protected":false},"featured_media":5346,"comment_status":"open","ping_status":"closed","template":"","meta":{"jetpack_publicize_message":"","jetpack_publicize_feature_enabled":true,"jetpack_social_post_already_shared":false,"jetpack_social_options":{"image_generator_settings":{"template":"highway","default_image_id":0,"font":"","enabled":false},"version":2}},"product_brand":[],"product_cat":[20],"product_tag":[],"class_list":{"0":"post-868","1":"product","2":"type-product","3":"status-publish","4":"has-post-thumbnail","6":"product_cat-batterie","8":"entry","9":"has-media","11":"first","12":"outofstock","13":"shipping-taxable","14":"purchasable","15":"product-type-simple","16":"has-product-nav","17":"col","18":"span_1_of_3","19":"owp-content-center","20":"owp-thumbs-layout-horizontal","21":"owp-btn-normal","22":"owp-tabs-layout-horizontal"},"yoast_head":"<!-- This site is optimized with the Yoast SEO plugin v27.5 - https:\/\/yoast.com\/product\/yoast-seo-wordpress\/ -->\n<title>Yamaha Recording Custom Cherry Wine Lacquer Made in Japan - D\u00e9p\u00f4t Vente Batterie Percussion | Rimocc Lyon<\/title>\n<meta name=\"robots\" content=\"index, follow, max-snippet:-1, max-image-preview:large, max-video-preview:-1\" \/>\n<link rel=\"canonical\" href=\"https:\/\/www.rimocc.com\/en\/product\/yamaha-recording-custom-cherry-wine-lacquer-made-in-japan\/\" \/>\n<meta property=\"og:locale\" content=\"en_US\" \/>\n<meta property=\"og:type\" content=\"article\" \/>\n<meta property=\"og:title\" content=\"Yamaha Recording Custom Cherry Wine Lacquer Made in Japan - D\u00e9p\u00f4t Vente Batterie Percussion | Rimocc Lyon\" \/>\n<meta property=\"og:description\" content=\"Batterie Yamaha Recording Custom Cherry Wine Lacquer Made in Japan Yess 22&Prime;x16&Prime; 10&Prime;x9&Prime; 12&Prime;x10\u00a0 14&Prime;x12&Prime; + attaches et pied support TB Une r\u00e9f\u00e9rence encore in\u00e9gal\u00e9e&#8230; Tr\u00e8s bon \u00e9tat g\u00e9n\u00e9ral, quelques traces de frottements, rayures sur les f\u00fbts (enl\u00e8vement sur place privil\u00e9gi\u00e9 mais envoi possible dans toute la France sur devis s\u00e9par\u00e9) Yamaha Recording Custom Cherry [&hellip;]\" \/>\n<meta property=\"og:url\" content=\"https:\/\/www.rimocc.com\/en\/product\/yamaha-recording-custom-cherry-wine-lacquer-made-in-japan\/\" \/>\n<meta property=\"og:site_name\" content=\"D\u00e9p\u00f4t Vente Batterie Percussion | Rimocc Lyon\" \/>\n<meta property=\"article:publisher\" content=\"https:\/\/www.facebook.com\/rimocclyon\/?locale=fr_FR\" \/>\n<meta property=\"article:modified_time\" content=\"2023-06-13T13:41:41+00:00\" \/>\n<meta property=\"og:image\" content=\"https:\/\/www.rimocc.com\/wp-content\/uploads\/2023\/06\/0e6ab0_86c43cfe3385466b92efd1cd6e6de634mv2.webp\" \/>\n\t<meta property=\"og:image:width\" content=\"500\" \/>\n\t<meta property=\"og:image:height\" content=\"667\" \/>\n\t<meta property=\"og:image:type\" content=\"image\/webp\" \/>\n<meta name=\"twitter:card\" content=\"summary_large_image\" \/>\n<meta name=\"twitter:label1\" content=\"Est. reading time\" \/>\n\t<meta name=\"twitter:data1\" content=\"2 minutes\" \/>\n<script type=\"application\/ld+json\" class=\"yoast-schema-graph\">{\"@context\":\"https:\\\/\\\/schema.org\",\"@graph\":[{\"@type\":\"WebPage\",\"@id\":\"https:\\\/\\\/www.rimocc.com\\\/product\\\/yamaha-recording-custom-cherry-wine-lacquer-made-in-japan\\\/\",\"url\":\"https:\\\/\\\/www.rimocc.com\\\/product\\\/yamaha-recording-custom-cherry-wine-lacquer-made-in-japan\\\/\",\"name\":\"Yamaha Recording Custom Cherry Wine Lacquer Made in Japan - D\u00e9p\u00f4t Vente Batterie Percussion | Rimocc Lyon\",\"isPartOf\":{\"@id\":\"https:\\\/\\\/www.rimocc.com\\\/#website\"},\"primaryImageOfPage\":{\"@id\":\"https:\\\/\\\/www.rimocc.com\\\/product\\\/yamaha-recording-custom-cherry-wine-lacquer-made-in-japan\\\/#primaryimage\"},\"image\":{\"@id\":\"https:\\\/\\\/www.rimocc.com\\\/product\\\/yamaha-recording-custom-cherry-wine-lacquer-made-in-japan\\\/#primaryimage\"},\"thumbnailUrl\":\"https:\\\/\\\/www.rimocc.com\\\/wp-content\\\/uploads\\\/2023\\\/06\\\/0e6ab0_86c43cfe3385466b92efd1cd6e6de634mv2.webp\",\"datePublished\":\"2023-06-08T21:12:29+00:00\",\"dateModified\":\"2023-06-13T13:41:41+00:00\",\"breadcrumb\":{\"@id\":\"https:\\\/\\\/www.rimocc.com\\\/product\\\/yamaha-recording-custom-cherry-wine-lacquer-made-in-japan\\\/#breadcrumb\"},\"inLanguage\":\"en-US\",\"potentialAction\":[{\"@type\":\"ReadAction\",\"target\":[\"https:\\\/\\\/www.rimocc.com\\\/product\\\/yamaha-recording-custom-cherry-wine-lacquer-made-in-japan\\\/\"]}]},{\"@type\":\"ImageObject\",\"inLanguage\":\"en-US\",\"@id\":\"https:\\\/\\\/www.rimocc.com\\\/product\\\/yamaha-recording-custom-cherry-wine-lacquer-made-in-japan\\\/#primaryimage\",\"url\":\"https:\\\/\\\/www.rimocc.com\\\/wp-content\\\/uploads\\\/2023\\\/06\\\/0e6ab0_86c43cfe3385466b92efd1cd6e6de634mv2.webp\",\"contentUrl\":\"https:\\\/\\\/www.rimocc.com\\\/wp-content\\\/uploads\\\/2023\\\/06\\\/0e6ab0_86c43cfe3385466b92efd1cd6e6de634mv2.webp\",\"width\":500,\"height\":667},{\"@type\":\"BreadcrumbList\",\"@id\":\"https:\\\/\\\/www.rimocc.com\\\/product\\\/yamaha-recording-custom-cherry-wine-lacquer-made-in-japan\\\/#breadcrumb\",\"itemListElement\":[{\"@type\":\"ListItem\",\"position\":1,\"name\":\"Home\",\"item\":\"https:\\\/\\\/www.rimocc.com\\\/\"},{\"@type\":\"ListItem\",\"position\":2,\"name\":\"Shop\",\"item\":\"https:\\\/\\\/www.rimocc.com\\\/shop\\\/\"},{\"@type\":\"ListItem\",\"position\":3,\"name\":\"Yamaha Recording Custom Cherry Wine Lacquer Made in Japan\"}]},{\"@type\":\"WebSite\",\"@id\":\"https:\\\/\\\/www.rimocc.com\\\/#website\",\"url\":\"https:\\\/\\\/www.rimocc.com\\\/\",\"name\":\"D\u00e9p\u00f4t Vente Batterie Percussion | Rimocc Lyon\",\"description\":\"Rimocc: l&#039;unique magasin d\u00e9di\u00e9 enti\u00e8rement \u00e0 la batterie, percussion d&#039;occasion et vintage \u00e0 Lyon, France\",\"publisher\":{\"@id\":\"https:\\\/\\\/www.rimocc.com\\\/#organization\"},\"alternateName\":\"Rimocc'\",\"potentialAction\":[{\"@type\":\"SearchAction\",\"target\":{\"@type\":\"EntryPoint\",\"urlTemplate\":\"https:\\\/\\\/www.rimocc.com\\\/?s={search_term_string}\"},\"query-input\":{\"@type\":\"PropertyValueSpecification\",\"valueRequired\":true,\"valueName\":\"search_term_string\"}}],\"inLanguage\":\"en-US\"},{\"@type\":\"Organization\",\"@id\":\"https:\\\/\\\/www.rimocc.com\\\/#organization\",\"name\":\"Rimocc'\",\"alternateName\":\"Rimocc\",\"url\":\"https:\\\/\\\/www.rimocc.com\\\/\",\"logo\":{\"@type\":\"ImageObject\",\"inLanguage\":\"en-US\",\"@id\":\"https:\\\/\\\/www.rimocc.com\\\/#\\\/schema\\\/logo\\\/image\\\/\",\"url\":\"https:\\\/\\\/i0.wp.com\\\/www.rimocc.com\\\/wp-content\\\/uploads\\\/2023\\\/07\\\/RIMOCC_LOGO.jpg?fit=459%2C114&ssl=1\",\"contentUrl\":\"https:\\\/\\\/i0.wp.com\\\/www.rimocc.com\\\/wp-content\\\/uploads\\\/2023\\\/07\\\/RIMOCC_LOGO.jpg?fit=459%2C114&ssl=1\",\"width\":459,\"height\":114,\"caption\":\"Rimocc'\"},\"image\":{\"@id\":\"https:\\\/\\\/www.rimocc.com\\\/#\\\/schema\\\/logo\\\/image\\\/\"},\"sameAs\":[\"https:\\\/\\\/www.facebook.com\\\/rimocclyon\\\/?locale=fr_FR\",\"https:\\\/\\\/www.instagram.com\\\/rimoccc\\\/?hl=fr\",\"https:\\\/\\\/www.tiktok.com\\\/@rimocc\",\"https:\\\/\\\/www.youtube.com\\\/@Rimocc\"]}]}<\/script>\n<!-- \/ Yoast SEO plugin. -->","yoast_head_json":{"title":"Yamaha Recording Custom Cherry Wine Lacquer Made in Japan - D\u00e9p\u00f4t Vente Batterie Percussion | Rimocc Lyon","robots":{"index":"index","follow":"follow","max-snippet":"max-snippet:-1","max-image-preview":"max-image-preview:large","max-video-preview":"max-video-preview:-1"},"canonical":"https:\/\/www.rimocc.com\/en\/product\/yamaha-recording-custom-cherry-wine-lacquer-made-in-japan\/","og_locale":"en_US","og_type":"article","og_title":"Yamaha Recording Custom Cherry Wine Lacquer Made in Japan - D\u00e9p\u00f4t Vente Batterie Percussion | Rimocc Lyon","og_description":"Batterie Yamaha Recording Custom Cherry Wine Lacquer Made in Japan Yess 22&Prime;x16&Prime; 10&Prime;x9&Prime; 12&Prime;x10\u00a0 14&Prime;x12&Prime; + attaches et pied support TB Une r\u00e9f\u00e9rence encore in\u00e9gal\u00e9e&#8230; Tr\u00e8s bon \u00e9tat g\u00e9n\u00e9ral, quelques traces de frottements, rayures sur les f\u00fbts (enl\u00e8vement sur place privil\u00e9gi\u00e9 mais envoi possible dans toute la France sur devis s\u00e9par\u00e9) Yamaha Recording Custom Cherry [&hellip;]","og_url":"https:\/\/www.rimocc.com\/en\/product\/yamaha-recording-custom-cherry-wine-lacquer-made-in-japan\/","og_site_name":"D\u00e9p\u00f4t Vente Batterie Percussion | Rimocc Lyon","article_publisher":"https:\/\/www.facebook.com\/rimocclyon\/?locale=fr_FR","article_modified_time":"2023-06-13T13:41:41+00:00","og_image":[{"width":500,"height":667,"url":"https:\/\/www.rimocc.com\/wp-content\/uploads\/2023\/06\/0e6ab0_86c43cfe3385466b92efd1cd6e6de634mv2.webp","type":"image\/webp"}],"twitter_card":"summary_large_image","twitter_misc":{"Est. reading time":"2 minutes"},"schema":{"@context":"https:\/\/schema.org","@graph":[{"@type":"WebPage","@id":"https:\/\/www.rimocc.com\/product\/yamaha-recording-custom-cherry-wine-lacquer-made-in-japan\/","url":"https:\/\/www.rimocc.com\/product\/yamaha-recording-custom-cherry-wine-lacquer-made-in-japan\/","name":"Yamaha Recording Custom Cherry Wine Lacquer Made in Japan - D\u00e9p\u00f4t Vente Batterie Percussion | Rimocc Lyon","isPartOf":{"@id":"https:\/\/www.rimocc.com\/#website"},"primaryImageOfPage":{"@id":"https:\/\/www.rimocc.com\/product\/yamaha-recording-custom-cherry-wine-lacquer-made-in-japan\/#primaryimage"},"image":{"@id":"https:\/\/www.rimocc.com\/product\/yamaha-recording-custom-cherry-wine-lacquer-made-in-japan\/#primaryimage"},"thumbnailUrl":"https:\/\/www.rimocc.com\/wp-content\/uploads\/2023\/06\/0e6ab0_86c43cfe3385466b92efd1cd6e6de634mv2.webp","datePublished":"2023-06-08T21:12:29+00:00","dateModified":"2023-06-13T13:41:41+00:00","breadcrumb":{"@id":"https:\/\/www.rimocc.com\/product\/yamaha-recording-custom-cherry-wine-lacquer-made-in-japan\/#breadcrumb"},"inLanguage":"en-US","potentialAction":[{"@type":"ReadAction","target":["https:\/\/www.rimocc.com\/product\/yamaha-recording-custom-cherry-wine-lacquer-made-in-japan\/"]}]},{"@type":"ImageObject","inLanguage":"en-US","@id":"https:\/\/www.rimocc.com\/product\/yamaha-recording-custom-cherry-wine-lacquer-made-in-japan\/#primaryimage","url":"https:\/\/www.rimocc.com\/wp-content\/uploads\/2023\/06\/0e6ab0_86c43cfe3385466b92efd1cd6e6de634mv2.webp","contentUrl":"https:\/\/www.rimocc.com\/wp-content\/uploads\/2023\/06\/0e6ab0_86c43cfe3385466b92efd1cd6e6de634mv2.webp","width":500,"height":667},{"@type":"BreadcrumbList","@id":"https:\/\/www.rimocc.com\/product\/yamaha-recording-custom-cherry-wine-lacquer-made-in-japan\/#breadcrumb","itemListElement":[{"@type":"ListItem","position":1,"name":"Home","item":"https:\/\/www.rimocc.com\/"},{"@type":"ListItem","position":2,"name":"Shop","item":"https:\/\/www.rimocc.com\/shop\/"},{"@type":"ListItem","position":3,"name":"Yamaha Recording Custom Cherry Wine Lacquer Made in Japan"}]},{"@type":"WebSite","@id":"https:\/\/www.rimocc.com\/#website","url":"https:\/\/www.rimocc.com\/","name":"D\u00e9p\u00f4t Vente Batterie Percussion | Rimocc Lyon","description":"Rimocc: l&#039;unique magasin d\u00e9di\u00e9 enti\u00e8rement \u00e0 la batterie, percussion d&#039;occasion et vintage \u00e0 Lyon, France","publisher":{"@id":"https:\/\/www.rimocc.com\/#organization"},"alternateName":"Rimocc'","potentialAction":[{"@type":"SearchAction","target":{"@type":"EntryPoint","urlTemplate":"https:\/\/www.rimocc.com\/?s={search_term_string}"},"query-input":{"@type":"PropertyValueSpecification","valueRequired":true,"valueName":"search_term_string"}}],"inLanguage":"en-US"},{"@type":"Organization","@id":"https:\/\/www.rimocc.com\/#organization","name":"Rimocc'","alternateName":"Rimocc","url":"https:\/\/www.rimocc.com\/","logo":{"@type":"ImageObject","inLanguage":"en-US","@id":"https:\/\/www.rimocc.com\/#\/schema\/logo\/image\/","url":"https:\/\/i0.wp.com\/www.rimocc.com\/wp-content\/uploads\/2023\/07\/RIMOCC_LOGO.jpg?fit=459%2C114&ssl=1","contentUrl":"https:\/\/i0.wp.com\/www.rimocc.com\/wp-content\/uploads\/2023\/07\/RIMOCC_LOGO.jpg?fit=459%2C114&ssl=1","width":459,"height":114,"caption":"Rimocc'"},"image":{"@id":"https:\/\/www.rimocc.com\/#\/schema\/logo\/image\/"},"sameAs":["https:\/\/www.facebook.com\/rimocclyon\/?locale=fr_FR","https:\/\/www.instagram.com\/rimoccc\/?hl=fr","https:\/\/www.tiktok.com\/@rimocc","https:\/\/www.youtube.com\/@Rimocc"]}]}},"jetpack_publicize_connections":[],"jetpack_sharing_enabled":true,"_links":{"self":[{"href":"https:\/\/www.rimocc.com\/en\/wp-json\/wp\/v2\/product\/868","targetHints":{"allow":["GET"]}}],"collection":[{"href":"https:\/\/www.rimocc.com\/en\/wp-json\/wp\/v2\/product"}],"about":[{"href":"https:\/\/www.rimocc.com\/en\/wp-json\/wp\/v2\/types\/product"}],"replies":[{"embeddable":true,"href":"https:\/\/www.rimocc.com\/en\/wp-json\/wp\/v2\/comments?post=868"}],"wp:featuredmedia":[{"embeddable":true,"href":"https:\/\/www.rimocc.com\/en\/wp-json\/wp\/v2\/media\/5346"}],"wp:attachment":[{"href":"https:\/\/www.rimocc.com\/en\/wp-json\/wp\/v2\/media?parent=868"}],"wp:term":[{"taxonomy":"product_brand","embeddable":true,"href":"https:\/\/www.rimocc.com\/en\/wp-json\/wp\/v2\/product_brand?post=868"},{"taxonomy":"product_cat","embeddable":true,"href":"https:\/\/www.rimocc.com\/en\/wp-json\/wp\/v2\/product_cat?post=868"},{"taxonomy":"product_tag","embeddable":true,"href":"https:\/\/www.rimocc.com\/en\/wp-json\/wp\/v2\/product_tag?post=868"}],"curies":[{"name":"wp","href":"https:\/\/api.w.org\/{rel}","templated":true}]}}