{"id":851,"date":"2023-06-08T21:12:28","date_gmt":"2023-06-08T21:12:28","guid":{"rendered":"https:\/\/rimocc.a2hosted.com\/product\/dw-collectors-45th-anniversary-14x65-stradivari-ltd-edition-snare\/"},"modified":"2023-06-09T16:47:58","modified_gmt":"2023-06-09T16:47:58","slug":"dw-collectors-45th-anniversary-14x65-stradivari-ltd-edition-snare","status":"publish","type":"product","link":"https:\/\/www.rimocc.com\/en\/product\/dw-collectors-45th-anniversary-14x65-stradivari-ltd-edition-snare\/","title":{"rendered":"DW Collector&rsquo;s 45th Anniversary 14&Prime;x6,5&Prime; Stradivari Ltd Edition Snare"},"content":{"rendered":"<p>!!NEW OLD STOCK!! : stock\u00e9e NEUVE, non jou\u00e9e \/ STORED and UNTOUCHED since 2017<\/p>\n<p>DW Collector&rsquo;s 45th Anniversary Snare 14&Prime;x6,5&Prime; Ltd Edition Stradivari with DW Bag &amp; Certificate of Authenticity<\/p>\n<p>1 of only 145 in the world \u2014 ex N\u00b0 63<br \/>\nNorwegian Spruce from Stradivarius&rsquo;s Panaveggio Forest<br \/>\nQuarter-Sawn Croatian Sycamore Veneer<br \/>\nSpecial Commemorative Badges<br \/>\nInlayed Roman Numeral \u00ab\u00a045\u00a0\u00bb &amp; Violin Artwork<br \/>\nNatural-to-Candy Black Burst Lacquer Finish<\/p>\n<p>&nbsp;<\/p>\n<p>Entirely handcrafted in DW&rsquo;s California Custom Shop<br \/>\nBuilt from Norway spruce from Italy&rsquo;s Fiemme Valley \u2014 prized by instrument makers for centuries<br \/>\nBalanced by select plies of European sycamore<br \/>\nEach shell treated to a rare, highly figured, quarter-cut European sycamore veneer<br \/>\nBreathtaking natural-to-candy black burst lacquer finish<br \/>\n\u00ab\u00a0XLV\u00a0\u00bb badges, heads, and shell inlays commemorate DW&rsquo;s 45th anniversary<br \/>\nF-hole artwork honors the spruce&rsquo;s orchestral pedigree<br \/>\nGraduated True-Hoops<br \/>\nTrue-Pitch tension rods have high thread counts for exact tuning<br \/>\nMAG throw off with 3-position 3P butt plate affords a banquet of snare tones<br \/>\nResponsibly harvested<\/p>\n<p>What makes Italy&rsquo;s Fiemme Valley so celebrated among instrument makers?<br \/>\nSome believe that a mini ice age may have caused these ancient trees in the Italian Alps to grow at a slower rate, giving the woods the structural adaptability needed to retain their brilliant tones under the stress of the instrument-making process.<br \/>\nWhatever the cause, it&rsquo;s no secret that the Norway spruce in this region has been used in Stradivarius violins and other prized orchestral instruments for centuries.<br \/>\nIt&rsquo;s from these same trees that DW&rsquo;s John Good chose to source the Norway spruce in his Collector&rsquo;s Series Exotic Stradivarius 45th Anniversary shell pack.<\/p>\n<p>An intricate center inlay is laser-cut and hand-assembled from exotic woods including Italian Grey Poplar, Black-Dyed Pearwood, and Blue Sapphire-Dyed Koto wood.<br \/>\nThe classic F-Hole artwork pays tribute to world-renown violin makers, and the Roman numerals commemorate DW\u2019s milestone.<\/p>\n<p><u><strong>!!IMPORTANT!! Pour les envois en France, Luxembourg et Belgique, merci de nous contacter pour un devis d&rsquo;envoi + assurance, le tarif d&rsquo;envoi standard par Mondial Relay indiqu\u00e9 ne sera pas valable. Merci de proc\u00e9der avec l&rsquo;option \u00ab\u00a0\u00e0 retirer sur place\u00a0\u00bb pour la r\u00e9servation. Nous vous enverrons par la suite un devis adapt\u00e9 pour les frais d&rsquo;envoi. <\/strong><\/u><\/p>\n<p>&nbsp;<\/p>\n<p><em><u><strong>!!IMPORTANT!! For all deliveries to the following countries Netherlands, Spain, Portugal, Germany, Italy, Austria, please contact us for a delivery quote + insurance. The indicated Mondial Relay fee during check-up won&rsquo;t fit. Please proceed with the \u00ab\u00a0pick-up option on site\u00a0\u00bb for reservation. We&rsquo;ll the send you a quote for an adapted delivery fee.<\/strong><\/u><\/em><\/p>\n<p>&nbsp;<\/p>\n<p>Caisse Claire Lyon Rimocc&rsquo;<\/p>","protected":false},"excerpt":{"rendered":"<p>!!NEW OLD STOCK!! : stock\u00e9e NEUVE, non jou\u00e9e \/ STORED and UNTOUCHED since 2017 DW Collector&rsquo;s 45th Anniversary Snare 14&Prime;x6,5&Prime; Ltd Edition Stradivari with DW Bag &amp; Certificate of Authenticity 1 of only 145 in the world \u2014 ex N\u00b0 63 Norwegian Spruce from Stradivarius&rsquo;s Panaveggio Forest Quarter-Sawn Croatian Sycamore Veneer Special Commemorative Badges Inlayed [&hellip;]<\/p>\n","protected":false},"featured_media":2417,"comment_status":"open","ping_status":"closed","template":"","meta":{"jetpack_publicize_message":"","jetpack_publicize_feature_enabled":true,"jetpack_social_post_already_shared":false,"jetpack_social_options":{"image_generator_settings":{"template":"highway","default_image_id":0,"font":"","enabled":false},"version":2}},"product_brand":[],"product_cat":[25],"product_tag":[],"class_list":{"0":"post-851","1":"product","2":"type-product","3":"status-publish","4":"has-post-thumbnail","6":"product_cat-caisse-claire","8":"entry","9":"has-media","11":"first","12":"outofstock","13":"shipping-taxable","14":"purchasable","15":"product-type-simple","16":"has-product-nav","17":"col","18":"span_1_of_3","19":"owp-content-center","20":"owp-thumbs-layout-horizontal","21":"owp-btn-normal","22":"owp-tabs-layout-horizontal"},"yoast_head":"<!-- This site is optimized with the Yoast SEO plugin v27.4 - https:\/\/yoast.com\/product\/yoast-seo-wordpress\/ -->\n<title>DW Collector&#039;s 45th Anniversary 14&quot;x6,5&quot; Stradivari Ltd Edition Snare - D\u00e9p\u00f4t Vente Batterie Percussion | Rimocc Lyon<\/title>\n<meta name=\"robots\" content=\"index, follow, max-snippet:-1, max-image-preview:large, max-video-preview:-1\" \/>\n<link rel=\"canonical\" href=\"https:\/\/www.rimocc.com\/en\/product\/dw-collectors-45th-anniversary-14x65-stradivari-ltd-edition-snare\/\" \/>\n<meta property=\"og:locale\" content=\"en_US\" \/>\n<meta property=\"og:type\" content=\"article\" \/>\n<meta property=\"og:title\" content=\"DW Collector&#039;s 45th Anniversary 14&quot;x6,5&quot; Stradivari Ltd Edition Snare - D\u00e9p\u00f4t Vente Batterie Percussion | Rimocc Lyon\" \/>\n<meta property=\"og:description\" content=\"!!NEW OLD STOCK!! : stock\u00e9e NEUVE, non jou\u00e9e \/ STORED and UNTOUCHED since 2017 DW Collector&rsquo;s 45th Anniversary Snare 14&Prime;x6,5&Prime; Ltd Edition Stradivari with DW Bag &amp; Certificate of Authenticity 1 of only 145 in the world \u2014 ex N\u00b0 63 Norwegian Spruce from Stradivarius&rsquo;s Panaveggio Forest Quarter-Sawn Croatian Sycamore Veneer Special Commemorative Badges Inlayed [&hellip;]\" \/>\n<meta property=\"og:url\" content=\"https:\/\/www.rimocc.com\/en\/product\/dw-collectors-45th-anniversary-14x65-stradivari-ltd-edition-snare\/\" \/>\n<meta property=\"og:site_name\" content=\"D\u00e9p\u00f4t Vente Batterie Percussion | Rimocc Lyon\" \/>\n<meta property=\"article:publisher\" content=\"https:\/\/www.facebook.com\/rimocclyon\/?locale=fr_FR\" \/>\n<meta property=\"article:modified_time\" content=\"2023-06-09T16:47:58+00:00\" \/>\n<meta property=\"og:image\" content=\"https:\/\/www.rimocc.com\/wp-content\/uploads\/2023\/06\/0e6ab0_25f829774e9a4a689ffbe65c8d73881dmv2-1.webp\" \/>\n\t<meta property=\"og:image:width\" content=\"500\" \/>\n\t<meta property=\"og:image:height\" content=\"500\" \/>\n\t<meta property=\"og:image:type\" content=\"image\/webp\" \/>\n<meta name=\"twitter:card\" content=\"summary_large_image\" \/>\n<meta name=\"twitter:label1\" content=\"Est. reading time\" \/>\n\t<meta name=\"twitter:data1\" content=\"2 minutes\" \/>\n<script type=\"application\/ld+json\" class=\"yoast-schema-graph\">{\"@context\":\"https:\\\/\\\/schema.org\",\"@graph\":[{\"@type\":\"WebPage\",\"@id\":\"https:\\\/\\\/www.rimocc.com\\\/product\\\/dw-collectors-45th-anniversary-14x65-stradivari-ltd-edition-snare\\\/\",\"url\":\"https:\\\/\\\/www.rimocc.com\\\/product\\\/dw-collectors-45th-anniversary-14x65-stradivari-ltd-edition-snare\\\/\",\"name\":\"DW Collector's 45th Anniversary 14\\\"x6,5\\\" Stradivari Ltd Edition Snare - D\u00e9p\u00f4t Vente Batterie Percussion | Rimocc Lyon\",\"isPartOf\":{\"@id\":\"https:\\\/\\\/www.rimocc.com\\\/#website\"},\"primaryImageOfPage\":{\"@id\":\"https:\\\/\\\/www.rimocc.com\\\/product\\\/dw-collectors-45th-anniversary-14x65-stradivari-ltd-edition-snare\\\/#primaryimage\"},\"image\":{\"@id\":\"https:\\\/\\\/www.rimocc.com\\\/product\\\/dw-collectors-45th-anniversary-14x65-stradivari-ltd-edition-snare\\\/#primaryimage\"},\"thumbnailUrl\":\"https:\\\/\\\/www.rimocc.com\\\/wp-content\\\/uploads\\\/2023\\\/06\\\/0e6ab0_25f829774e9a4a689ffbe65c8d73881dmv2-1.webp\",\"datePublished\":\"2023-06-08T21:12:28+00:00\",\"dateModified\":\"2023-06-09T16:47:58+00:00\",\"breadcrumb\":{\"@id\":\"https:\\\/\\\/www.rimocc.com\\\/product\\\/dw-collectors-45th-anniversary-14x65-stradivari-ltd-edition-snare\\\/#breadcrumb\"},\"inLanguage\":\"en-US\",\"potentialAction\":[{\"@type\":\"ReadAction\",\"target\":[\"https:\\\/\\\/www.rimocc.com\\\/product\\\/dw-collectors-45th-anniversary-14x65-stradivari-ltd-edition-snare\\\/\"]}]},{\"@type\":\"ImageObject\",\"inLanguage\":\"en-US\",\"@id\":\"https:\\\/\\\/www.rimocc.com\\\/product\\\/dw-collectors-45th-anniversary-14x65-stradivari-ltd-edition-snare\\\/#primaryimage\",\"url\":\"https:\\\/\\\/www.rimocc.com\\\/wp-content\\\/uploads\\\/2023\\\/06\\\/0e6ab0_25f829774e9a4a689ffbe65c8d73881dmv2-1.webp\",\"contentUrl\":\"https:\\\/\\\/www.rimocc.com\\\/wp-content\\\/uploads\\\/2023\\\/06\\\/0e6ab0_25f829774e9a4a689ffbe65c8d73881dmv2-1.webp\",\"width\":500,\"height\":500},{\"@type\":\"BreadcrumbList\",\"@id\":\"https:\\\/\\\/www.rimocc.com\\\/product\\\/dw-collectors-45th-anniversary-14x65-stradivari-ltd-edition-snare\\\/#breadcrumb\",\"itemListElement\":[{\"@type\":\"ListItem\",\"position\":1,\"name\":\"Home\",\"item\":\"https:\\\/\\\/www.rimocc.com\\\/\"},{\"@type\":\"ListItem\",\"position\":2,\"name\":\"Shop\",\"item\":\"https:\\\/\\\/www.rimocc.com\\\/shop\\\/\"},{\"@type\":\"ListItem\",\"position\":3,\"name\":\"DW Collector&#8217;s 45th Anniversary 14&#8243;x6,5&#8243; Stradivari Ltd Edition Snare\"}]},{\"@type\":\"WebSite\",\"@id\":\"https:\\\/\\\/www.rimocc.com\\\/#website\",\"url\":\"https:\\\/\\\/www.rimocc.com\\\/\",\"name\":\"D\u00e9p\u00f4t Vente Batterie Percussion | Rimocc Lyon\",\"description\":\"Rimocc: l&#039;unique magasin d\u00e9di\u00e9 enti\u00e8rement \u00e0 la batterie, percussion d&#039;occasion et vintage \u00e0 Lyon, France\",\"publisher\":{\"@id\":\"https:\\\/\\\/www.rimocc.com\\\/#organization\"},\"alternateName\":\"Rimocc'\",\"potentialAction\":[{\"@type\":\"SearchAction\",\"target\":{\"@type\":\"EntryPoint\",\"urlTemplate\":\"https:\\\/\\\/www.rimocc.com\\\/?s={search_term_string}\"},\"query-input\":{\"@type\":\"PropertyValueSpecification\",\"valueRequired\":true,\"valueName\":\"search_term_string\"}}],\"inLanguage\":\"en-US\"},{\"@type\":\"Organization\",\"@id\":\"https:\\\/\\\/www.rimocc.com\\\/#organization\",\"name\":\"Rimocc'\",\"alternateName\":\"Rimocc\",\"url\":\"https:\\\/\\\/www.rimocc.com\\\/\",\"logo\":{\"@type\":\"ImageObject\",\"inLanguage\":\"en-US\",\"@id\":\"https:\\\/\\\/www.rimocc.com\\\/#\\\/schema\\\/logo\\\/image\\\/\",\"url\":\"https:\\\/\\\/i0.wp.com\\\/www.rimocc.com\\\/wp-content\\\/uploads\\\/2023\\\/07\\\/RIMOCC_LOGO.jpg?fit=459%2C114&ssl=1\",\"contentUrl\":\"https:\\\/\\\/i0.wp.com\\\/www.rimocc.com\\\/wp-content\\\/uploads\\\/2023\\\/07\\\/RIMOCC_LOGO.jpg?fit=459%2C114&ssl=1\",\"width\":459,\"height\":114,\"caption\":\"Rimocc'\"},\"image\":{\"@id\":\"https:\\\/\\\/www.rimocc.com\\\/#\\\/schema\\\/logo\\\/image\\\/\"},\"sameAs\":[\"https:\\\/\\\/www.facebook.com\\\/rimocclyon\\\/?locale=fr_FR\",\"https:\\\/\\\/www.instagram.com\\\/rimoccc\\\/?hl=fr\",\"https:\\\/\\\/www.tiktok.com\\\/@rimocc\",\"https:\\\/\\\/www.youtube.com\\\/@Rimocc\"]}]}<\/script>\n<!-- \/ Yoast SEO plugin. -->","yoast_head_json":{"title":"DW Collector's 45th Anniversary 14\"x6,5\" Stradivari Ltd Edition Snare - D\u00e9p\u00f4t Vente Batterie Percussion | Rimocc Lyon","robots":{"index":"index","follow":"follow","max-snippet":"max-snippet:-1","max-image-preview":"max-image-preview:large","max-video-preview":"max-video-preview:-1"},"canonical":"https:\/\/www.rimocc.com\/en\/product\/dw-collectors-45th-anniversary-14x65-stradivari-ltd-edition-snare\/","og_locale":"en_US","og_type":"article","og_title":"DW Collector's 45th Anniversary 14\"x6,5\" Stradivari Ltd Edition Snare - D\u00e9p\u00f4t Vente Batterie Percussion | Rimocc Lyon","og_description":"!!NEW OLD STOCK!! : stock\u00e9e NEUVE, non jou\u00e9e \/ STORED and UNTOUCHED since 2017 DW Collector&rsquo;s 45th Anniversary Snare 14&Prime;x6,5&Prime; Ltd Edition Stradivari with DW Bag &amp; Certificate of Authenticity 1 of only 145 in the world \u2014 ex N\u00b0 63 Norwegian Spruce from Stradivarius&rsquo;s Panaveggio Forest Quarter-Sawn Croatian Sycamore Veneer Special Commemorative Badges Inlayed [&hellip;]","og_url":"https:\/\/www.rimocc.com\/en\/product\/dw-collectors-45th-anniversary-14x65-stradivari-ltd-edition-snare\/","og_site_name":"D\u00e9p\u00f4t Vente Batterie Percussion | Rimocc Lyon","article_publisher":"https:\/\/www.facebook.com\/rimocclyon\/?locale=fr_FR","article_modified_time":"2023-06-09T16:47:58+00:00","og_image":[{"width":500,"height":500,"url":"https:\/\/www.rimocc.com\/wp-content\/uploads\/2023\/06\/0e6ab0_25f829774e9a4a689ffbe65c8d73881dmv2-1.webp","type":"image\/webp"}],"twitter_card":"summary_large_image","twitter_misc":{"Est. reading time":"2 minutes"},"schema":{"@context":"https:\/\/schema.org","@graph":[{"@type":"WebPage","@id":"https:\/\/www.rimocc.com\/product\/dw-collectors-45th-anniversary-14x65-stradivari-ltd-edition-snare\/","url":"https:\/\/www.rimocc.com\/product\/dw-collectors-45th-anniversary-14x65-stradivari-ltd-edition-snare\/","name":"DW Collector's 45th Anniversary 14\"x6,5\" Stradivari Ltd Edition Snare - D\u00e9p\u00f4t Vente Batterie Percussion | Rimocc Lyon","isPartOf":{"@id":"https:\/\/www.rimocc.com\/#website"},"primaryImageOfPage":{"@id":"https:\/\/www.rimocc.com\/product\/dw-collectors-45th-anniversary-14x65-stradivari-ltd-edition-snare\/#primaryimage"},"image":{"@id":"https:\/\/www.rimocc.com\/product\/dw-collectors-45th-anniversary-14x65-stradivari-ltd-edition-snare\/#primaryimage"},"thumbnailUrl":"https:\/\/www.rimocc.com\/wp-content\/uploads\/2023\/06\/0e6ab0_25f829774e9a4a689ffbe65c8d73881dmv2-1.webp","datePublished":"2023-06-08T21:12:28+00:00","dateModified":"2023-06-09T16:47:58+00:00","breadcrumb":{"@id":"https:\/\/www.rimocc.com\/product\/dw-collectors-45th-anniversary-14x65-stradivari-ltd-edition-snare\/#breadcrumb"},"inLanguage":"en-US","potentialAction":[{"@type":"ReadAction","target":["https:\/\/www.rimocc.com\/product\/dw-collectors-45th-anniversary-14x65-stradivari-ltd-edition-snare\/"]}]},{"@type":"ImageObject","inLanguage":"en-US","@id":"https:\/\/www.rimocc.com\/product\/dw-collectors-45th-anniversary-14x65-stradivari-ltd-edition-snare\/#primaryimage","url":"https:\/\/www.rimocc.com\/wp-content\/uploads\/2023\/06\/0e6ab0_25f829774e9a4a689ffbe65c8d73881dmv2-1.webp","contentUrl":"https:\/\/www.rimocc.com\/wp-content\/uploads\/2023\/06\/0e6ab0_25f829774e9a4a689ffbe65c8d73881dmv2-1.webp","width":500,"height":500},{"@type":"BreadcrumbList","@id":"https:\/\/www.rimocc.com\/product\/dw-collectors-45th-anniversary-14x65-stradivari-ltd-edition-snare\/#breadcrumb","itemListElement":[{"@type":"ListItem","position":1,"name":"Home","item":"https:\/\/www.rimocc.com\/"},{"@type":"ListItem","position":2,"name":"Shop","item":"https:\/\/www.rimocc.com\/shop\/"},{"@type":"ListItem","position":3,"name":"DW Collector&#8217;s 45th Anniversary 14&#8243;x6,5&#8243; Stradivari Ltd Edition Snare"}]},{"@type":"WebSite","@id":"https:\/\/www.rimocc.com\/#website","url":"https:\/\/www.rimocc.com\/","name":"D\u00e9p\u00f4t Vente Batterie Percussion | Rimocc Lyon","description":"Rimocc: l&#039;unique magasin d\u00e9di\u00e9 enti\u00e8rement \u00e0 la batterie, percussion d&#039;occasion et vintage \u00e0 Lyon, France","publisher":{"@id":"https:\/\/www.rimocc.com\/#organization"},"alternateName":"Rimocc'","potentialAction":[{"@type":"SearchAction","target":{"@type":"EntryPoint","urlTemplate":"https:\/\/www.rimocc.com\/?s={search_term_string}"},"query-input":{"@type":"PropertyValueSpecification","valueRequired":true,"valueName":"search_term_string"}}],"inLanguage":"en-US"},{"@type":"Organization","@id":"https:\/\/www.rimocc.com\/#organization","name":"Rimocc'","alternateName":"Rimocc","url":"https:\/\/www.rimocc.com\/","logo":{"@type":"ImageObject","inLanguage":"en-US","@id":"https:\/\/www.rimocc.com\/#\/schema\/logo\/image\/","url":"https:\/\/i0.wp.com\/www.rimocc.com\/wp-content\/uploads\/2023\/07\/RIMOCC_LOGO.jpg?fit=459%2C114&ssl=1","contentUrl":"https:\/\/i0.wp.com\/www.rimocc.com\/wp-content\/uploads\/2023\/07\/RIMOCC_LOGO.jpg?fit=459%2C114&ssl=1","width":459,"height":114,"caption":"Rimocc'"},"image":{"@id":"https:\/\/www.rimocc.com\/#\/schema\/logo\/image\/"},"sameAs":["https:\/\/www.facebook.com\/rimocclyon\/?locale=fr_FR","https:\/\/www.instagram.com\/rimoccc\/?hl=fr","https:\/\/www.tiktok.com\/@rimocc","https:\/\/www.youtube.com\/@Rimocc"]}]}},"jetpack_publicize_connections":[],"jetpack_sharing_enabled":true,"_links":{"self":[{"href":"https:\/\/www.rimocc.com\/en\/wp-json\/wp\/v2\/product\/851","targetHints":{"allow":["GET"]}}],"collection":[{"href":"https:\/\/www.rimocc.com\/en\/wp-json\/wp\/v2\/product"}],"about":[{"href":"https:\/\/www.rimocc.com\/en\/wp-json\/wp\/v2\/types\/product"}],"replies":[{"embeddable":true,"href":"https:\/\/www.rimocc.com\/en\/wp-json\/wp\/v2\/comments?post=851"}],"wp:featuredmedia":[{"embeddable":true,"href":"https:\/\/www.rimocc.com\/en\/wp-json\/wp\/v2\/media\/2417"}],"wp:attachment":[{"href":"https:\/\/www.rimocc.com\/en\/wp-json\/wp\/v2\/media?parent=851"}],"wp:term":[{"taxonomy":"product_brand","embeddable":true,"href":"https:\/\/www.rimocc.com\/en\/wp-json\/wp\/v2\/product_brand?post=851"},{"taxonomy":"product_cat","embeddable":true,"href":"https:\/\/www.rimocc.com\/en\/wp-json\/wp\/v2\/product_cat?post=851"},{"taxonomy":"product_tag","embeddable":true,"href":"https:\/\/www.rimocc.com\/en\/wp-json\/wp\/v2\/product_tag?post=851"}],"curies":[{"name":"wp","href":"https:\/\/api.w.org\/{rel}","templated":true}]}}