{"id":850,"date":"2023-06-08T21:12:28","date_gmt":"2023-06-08T21:12:28","guid":{"rendered":"https:\/\/rimocc.a2hosted.com\/product\/ludwig-aged-exotic-avodire-110th-anniversary-14-x-5-5-ls405avcx-housse\/"},"modified":"2023-06-09T16:48:06","modified_gmt":"2023-06-09T16:48:06","slug":"ludwig-aged-exotic-avodire-110th-anniversary-14-x-5-5-ls405avcx-housse","status":"publish","type":"product","link":"https:\/\/www.rimocc.com\/en\/product\/ludwig-aged-exotic-avodire-110th-anniversary-14-x-5-5-ls405avcx-housse\/","title":{"rendered":"Ludwig Aged Exotic Avodire 110th Anniversary 14&Prime; \u00d7 5.5&Prime; LS405AVCX + Housse"},"content":{"rendered":"<p>Edition limit\u00e9e \u00e0 110 ex. dans le monde 110\u00e8me anniversaire (2019)<\/p>\n<p><u><strong>Etat neuf<\/strong><\/u> avec certificat d&rsquo;authenticit\u00e9, cl\u00e9, fascicule Ludwig + Housse Ludwig Anniversaire<\/p>\n<p><strong>LIMITED EDITION, ONLY 110 IN THE WORLD!<\/strong><\/p>\n<p><strong>Ludwig Aged Exotic Avodire 110th Anniversary 14 \u00d7 5.5 \u00ab\u00a0LS405AVCX<\/strong><\/p>\n<p><strong>Material:\u00a0<\/strong>10-ply maple<\/p>\n<p><strong>Finish:<\/strong>\u00a0High Gloss Avodire Lacquer<\/p>\n<p><strong>Hardware:\u00a0<\/strong>Chromed, blocks\u00a0tube lugs<\/p>\n<p><strong>Hoops:<\/strong>\u00a0Die-cast nickel-plated<\/p>\n<p><u><strong>Condition NEW old stock<\/strong><\/u> . Including the Ludwig key, Ludwig ad, &amp; the new anniversary model snare bag<\/p>\n<p>&nbsp;<\/p>\n<p><u><strong>!!IMPORTANT!! Pour les envois en France, Luxembourg et Belgique, merci de nous contacter pour un devis d&rsquo;envoi + assurance, le tarif d&rsquo;envoi standard par Mondial Relay indiqu\u00e9 ne sera pas valable. Merci de proc\u00e9der avec l&rsquo;option \u00ab\u00a0\u00e0 retirer sur place\u00a0\u00bb pour la r\u00e9servation. Nous vous enverrons par la suite un devis adapt\u00e9 pour les frais d&rsquo;envoi. <\/strong><\/u><\/p>\n<p>&nbsp;<\/p>\n<p><em><u><strong>!!IMPORTANT!! For all deliveries to the following countries Netherlands, Spain, Portugal, Germany, Italy, Austria, please contact us for a delivery quote + insurance. The indicated Mondial Relay fee during check-up won&rsquo;t fit. Please proceed with the \u00ab\u00a0pick-up option on site\u00a0\u00bb for reservation. We&rsquo;ll the send you a quote for an adapted delivery fee.<\/strong><\/u><\/em><\/p>\n<p>&nbsp;<\/p>\n<p>Caisse Claire Rimocc&rsquo; Lyon<\/p>","protected":false},"excerpt":{"rendered":"<p>Edition limit\u00e9e \u00e0 110 ex. dans le monde 110\u00e8me anniversaire (2019) Etat neuf avec certificat d&rsquo;authenticit\u00e9, cl\u00e9, fascicule Ludwig + Housse Ludwig Anniversaire LIMITED EDITION, ONLY 110 IN THE WORLD! Ludwig Aged Exotic Avodire 110th Anniversary 14 \u00d7 5.5 \u00ab\u00a0LS405AVCX Material:\u00a010-ply maple Finish:\u00a0High Gloss Avodire Lacquer Hardware:\u00a0Chromed, blocks\u00a0tube lugs Hoops:\u00a0Die-cast nickel-plated Condition NEW old stock [&hellip;]<\/p>\n","protected":false},"featured_media":2448,"comment_status":"open","ping_status":"closed","template":"","meta":{"jetpack_publicize_message":"","jetpack_publicize_feature_enabled":true,"jetpack_social_post_already_shared":false,"jetpack_social_options":{"image_generator_settings":{"template":"highway","default_image_id":0,"font":"","enabled":false},"version":2}},"product_brand":[],"product_cat":[25],"product_tag":[],"class_list":{"0":"post-850","1":"product","2":"type-product","3":"status-publish","4":"has-post-thumbnail","6":"product_cat-caisse-claire","8":"entry","9":"has-media","11":"first","12":"outofstock","13":"shipping-taxable","14":"purchasable","15":"product-type-simple","16":"has-product-nav","17":"col","18":"span_1_of_3","19":"owp-content-center","20":"owp-thumbs-layout-horizontal","21":"owp-btn-normal","22":"owp-tabs-layout-horizontal"},"yoast_head":"<!-- This site is optimized with the Yoast SEO plugin v27.4 - https:\/\/yoast.com\/product\/yoast-seo-wordpress\/ -->\n<title>Ludwig Aged Exotic Avodire 110th Anniversary 14&quot; \u00d7 5.5&quot; LS405AVCX + Housse - D\u00e9p\u00f4t Vente Batterie Percussion | Rimocc Lyon<\/title>\n<meta name=\"robots\" content=\"index, follow, max-snippet:-1, max-image-preview:large, max-video-preview:-1\" \/>\n<link rel=\"canonical\" href=\"https:\/\/www.rimocc.com\/en\/product\/ludwig-aged-exotic-avodire-110th-anniversary-14-x-5-5-ls405avcx-housse\/\" \/>\n<meta property=\"og:locale\" content=\"en_US\" \/>\n<meta property=\"og:type\" content=\"article\" \/>\n<meta property=\"og:title\" content=\"Ludwig Aged Exotic Avodire 110th Anniversary 14&quot; \u00d7 5.5&quot; LS405AVCX + Housse - D\u00e9p\u00f4t Vente Batterie Percussion | Rimocc Lyon\" \/>\n<meta property=\"og:description\" content=\"Edition limit\u00e9e \u00e0 110 ex. dans le monde 110\u00e8me anniversaire (2019) Etat neuf avec certificat d&rsquo;authenticit\u00e9, cl\u00e9, fascicule Ludwig + Housse Ludwig Anniversaire LIMITED EDITION, ONLY 110 IN THE WORLD! Ludwig Aged Exotic Avodire 110th Anniversary 14 \u00d7 5.5 \u00ab\u00a0LS405AVCX Material:\u00a010-ply maple Finish:\u00a0High Gloss Avodire Lacquer Hardware:\u00a0Chromed, blocks\u00a0tube lugs Hoops:\u00a0Die-cast nickel-plated Condition NEW old stock [&hellip;]\" \/>\n<meta property=\"og:url\" content=\"https:\/\/www.rimocc.com\/en\/product\/ludwig-aged-exotic-avodire-110th-anniversary-14-x-5-5-ls405avcx-housse\/\" \/>\n<meta property=\"og:site_name\" content=\"D\u00e9p\u00f4t Vente Batterie Percussion | Rimocc Lyon\" \/>\n<meta property=\"article:publisher\" content=\"https:\/\/www.facebook.com\/rimocclyon\/?locale=fr_FR\" \/>\n<meta property=\"article:modified_time\" content=\"2023-06-09T16:48:06+00:00\" \/>\n<meta property=\"og:image\" content=\"https:\/\/www.rimocc.com\/wp-content\/uploads\/2023\/06\/0e6ab0_99be6cc364974eaf9ca773e508966c9amv2.webp\" \/>\n\t<meta property=\"og:image:width\" content=\"500\" \/>\n\t<meta property=\"og:image:height\" content=\"500\" \/>\n\t<meta property=\"og:image:type\" content=\"image\/webp\" \/>\n<meta name=\"twitter:card\" content=\"summary_large_image\" \/>\n<meta name=\"twitter:label1\" content=\"Est. reading time\" \/>\n\t<meta name=\"twitter:data1\" content=\"1 minute\" \/>\n<script type=\"application\/ld+json\" class=\"yoast-schema-graph\">{\"@context\":\"https:\\\/\\\/schema.org\",\"@graph\":[{\"@type\":\"WebPage\",\"@id\":\"https:\\\/\\\/www.rimocc.com\\\/product\\\/ludwig-aged-exotic-avodire-110th-anniversary-14-x-5-5-ls405avcx-housse\\\/\",\"url\":\"https:\\\/\\\/www.rimocc.com\\\/product\\\/ludwig-aged-exotic-avodire-110th-anniversary-14-x-5-5-ls405avcx-housse\\\/\",\"name\":\"Ludwig Aged Exotic Avodire 110th Anniversary 14\\\" \u00d7 5.5\\\" LS405AVCX + Housse - D\u00e9p\u00f4t Vente Batterie Percussion | Rimocc Lyon\",\"isPartOf\":{\"@id\":\"https:\\\/\\\/www.rimocc.com\\\/#website\"},\"primaryImageOfPage\":{\"@id\":\"https:\\\/\\\/www.rimocc.com\\\/product\\\/ludwig-aged-exotic-avodire-110th-anniversary-14-x-5-5-ls405avcx-housse\\\/#primaryimage\"},\"image\":{\"@id\":\"https:\\\/\\\/www.rimocc.com\\\/product\\\/ludwig-aged-exotic-avodire-110th-anniversary-14-x-5-5-ls405avcx-housse\\\/#primaryimage\"},\"thumbnailUrl\":\"https:\\\/\\\/www.rimocc.com\\\/wp-content\\\/uploads\\\/2023\\\/06\\\/0e6ab0_99be6cc364974eaf9ca773e508966c9amv2.webp\",\"datePublished\":\"2023-06-08T21:12:28+00:00\",\"dateModified\":\"2023-06-09T16:48:06+00:00\",\"breadcrumb\":{\"@id\":\"https:\\\/\\\/www.rimocc.com\\\/product\\\/ludwig-aged-exotic-avodire-110th-anniversary-14-x-5-5-ls405avcx-housse\\\/#breadcrumb\"},\"inLanguage\":\"en-US\",\"potentialAction\":[{\"@type\":\"ReadAction\",\"target\":[\"https:\\\/\\\/www.rimocc.com\\\/product\\\/ludwig-aged-exotic-avodire-110th-anniversary-14-x-5-5-ls405avcx-housse\\\/\"]}]},{\"@type\":\"ImageObject\",\"inLanguage\":\"en-US\",\"@id\":\"https:\\\/\\\/www.rimocc.com\\\/product\\\/ludwig-aged-exotic-avodire-110th-anniversary-14-x-5-5-ls405avcx-housse\\\/#primaryimage\",\"url\":\"https:\\\/\\\/www.rimocc.com\\\/wp-content\\\/uploads\\\/2023\\\/06\\\/0e6ab0_99be6cc364974eaf9ca773e508966c9amv2.webp\",\"contentUrl\":\"https:\\\/\\\/www.rimocc.com\\\/wp-content\\\/uploads\\\/2023\\\/06\\\/0e6ab0_99be6cc364974eaf9ca773e508966c9amv2.webp\",\"width\":500,\"height\":500},{\"@type\":\"BreadcrumbList\",\"@id\":\"https:\\\/\\\/www.rimocc.com\\\/product\\\/ludwig-aged-exotic-avodire-110th-anniversary-14-x-5-5-ls405avcx-housse\\\/#breadcrumb\",\"itemListElement\":[{\"@type\":\"ListItem\",\"position\":1,\"name\":\"Home\",\"item\":\"https:\\\/\\\/www.rimocc.com\\\/\"},{\"@type\":\"ListItem\",\"position\":2,\"name\":\"Shop\",\"item\":\"https:\\\/\\\/www.rimocc.com\\\/shop\\\/\"},{\"@type\":\"ListItem\",\"position\":3,\"name\":\"Ludwig Aged Exotic Avodire 110th Anniversary 14&#8243; \u00d7 5.5&#8243; LS405AVCX + Housse\"}]},{\"@type\":\"WebSite\",\"@id\":\"https:\\\/\\\/www.rimocc.com\\\/#website\",\"url\":\"https:\\\/\\\/www.rimocc.com\\\/\",\"name\":\"D\u00e9p\u00f4t Vente Batterie Percussion | Rimocc Lyon\",\"description\":\"Rimocc: l&#039;unique magasin d\u00e9di\u00e9 enti\u00e8rement \u00e0 la batterie, percussion d&#039;occasion et vintage \u00e0 Lyon, France\",\"publisher\":{\"@id\":\"https:\\\/\\\/www.rimocc.com\\\/#organization\"},\"alternateName\":\"Rimocc'\",\"potentialAction\":[{\"@type\":\"SearchAction\",\"target\":{\"@type\":\"EntryPoint\",\"urlTemplate\":\"https:\\\/\\\/www.rimocc.com\\\/?s={search_term_string}\"},\"query-input\":{\"@type\":\"PropertyValueSpecification\",\"valueRequired\":true,\"valueName\":\"search_term_string\"}}],\"inLanguage\":\"en-US\"},{\"@type\":\"Organization\",\"@id\":\"https:\\\/\\\/www.rimocc.com\\\/#organization\",\"name\":\"Rimocc'\",\"alternateName\":\"Rimocc\",\"url\":\"https:\\\/\\\/www.rimocc.com\\\/\",\"logo\":{\"@type\":\"ImageObject\",\"inLanguage\":\"en-US\",\"@id\":\"https:\\\/\\\/www.rimocc.com\\\/#\\\/schema\\\/logo\\\/image\\\/\",\"url\":\"https:\\\/\\\/i0.wp.com\\\/www.rimocc.com\\\/wp-content\\\/uploads\\\/2023\\\/07\\\/RIMOCC_LOGO.jpg?fit=459%2C114&ssl=1\",\"contentUrl\":\"https:\\\/\\\/i0.wp.com\\\/www.rimocc.com\\\/wp-content\\\/uploads\\\/2023\\\/07\\\/RIMOCC_LOGO.jpg?fit=459%2C114&ssl=1\",\"width\":459,\"height\":114,\"caption\":\"Rimocc'\"},\"image\":{\"@id\":\"https:\\\/\\\/www.rimocc.com\\\/#\\\/schema\\\/logo\\\/image\\\/\"},\"sameAs\":[\"https:\\\/\\\/www.facebook.com\\\/rimocclyon\\\/?locale=fr_FR\",\"https:\\\/\\\/www.instagram.com\\\/rimoccc\\\/?hl=fr\",\"https:\\\/\\\/www.tiktok.com\\\/@rimocc\",\"https:\\\/\\\/www.youtube.com\\\/@Rimocc\"]}]}<\/script>\n<!-- \/ Yoast SEO plugin. -->","yoast_head_json":{"title":"Ludwig Aged Exotic Avodire 110th Anniversary 14\" \u00d7 5.5\" LS405AVCX + Housse - D\u00e9p\u00f4t Vente Batterie Percussion | Rimocc Lyon","robots":{"index":"index","follow":"follow","max-snippet":"max-snippet:-1","max-image-preview":"max-image-preview:large","max-video-preview":"max-video-preview:-1"},"canonical":"https:\/\/www.rimocc.com\/en\/product\/ludwig-aged-exotic-avodire-110th-anniversary-14-x-5-5-ls405avcx-housse\/","og_locale":"en_US","og_type":"article","og_title":"Ludwig Aged Exotic Avodire 110th Anniversary 14\" \u00d7 5.5\" LS405AVCX + Housse - D\u00e9p\u00f4t Vente Batterie Percussion | Rimocc Lyon","og_description":"Edition limit\u00e9e \u00e0 110 ex. dans le monde 110\u00e8me anniversaire (2019) Etat neuf avec certificat d&rsquo;authenticit\u00e9, cl\u00e9, fascicule Ludwig + Housse Ludwig Anniversaire LIMITED EDITION, ONLY 110 IN THE WORLD! Ludwig Aged Exotic Avodire 110th Anniversary 14 \u00d7 5.5 \u00ab\u00a0LS405AVCX Material:\u00a010-ply maple Finish:\u00a0High Gloss Avodire Lacquer Hardware:\u00a0Chromed, blocks\u00a0tube lugs Hoops:\u00a0Die-cast nickel-plated Condition NEW old stock [&hellip;]","og_url":"https:\/\/www.rimocc.com\/en\/product\/ludwig-aged-exotic-avodire-110th-anniversary-14-x-5-5-ls405avcx-housse\/","og_site_name":"D\u00e9p\u00f4t Vente Batterie Percussion | Rimocc Lyon","article_publisher":"https:\/\/www.facebook.com\/rimocclyon\/?locale=fr_FR","article_modified_time":"2023-06-09T16:48:06+00:00","og_image":[{"width":500,"height":500,"url":"https:\/\/www.rimocc.com\/wp-content\/uploads\/2023\/06\/0e6ab0_99be6cc364974eaf9ca773e508966c9amv2.webp","type":"image\/webp"}],"twitter_card":"summary_large_image","twitter_misc":{"Est. reading time":"1 minute"},"schema":{"@context":"https:\/\/schema.org","@graph":[{"@type":"WebPage","@id":"https:\/\/www.rimocc.com\/product\/ludwig-aged-exotic-avodire-110th-anniversary-14-x-5-5-ls405avcx-housse\/","url":"https:\/\/www.rimocc.com\/product\/ludwig-aged-exotic-avodire-110th-anniversary-14-x-5-5-ls405avcx-housse\/","name":"Ludwig Aged Exotic Avodire 110th Anniversary 14\" \u00d7 5.5\" LS405AVCX + Housse - D\u00e9p\u00f4t Vente Batterie Percussion | Rimocc Lyon","isPartOf":{"@id":"https:\/\/www.rimocc.com\/#website"},"primaryImageOfPage":{"@id":"https:\/\/www.rimocc.com\/product\/ludwig-aged-exotic-avodire-110th-anniversary-14-x-5-5-ls405avcx-housse\/#primaryimage"},"image":{"@id":"https:\/\/www.rimocc.com\/product\/ludwig-aged-exotic-avodire-110th-anniversary-14-x-5-5-ls405avcx-housse\/#primaryimage"},"thumbnailUrl":"https:\/\/www.rimocc.com\/wp-content\/uploads\/2023\/06\/0e6ab0_99be6cc364974eaf9ca773e508966c9amv2.webp","datePublished":"2023-06-08T21:12:28+00:00","dateModified":"2023-06-09T16:48:06+00:00","breadcrumb":{"@id":"https:\/\/www.rimocc.com\/product\/ludwig-aged-exotic-avodire-110th-anniversary-14-x-5-5-ls405avcx-housse\/#breadcrumb"},"inLanguage":"en-US","potentialAction":[{"@type":"ReadAction","target":["https:\/\/www.rimocc.com\/product\/ludwig-aged-exotic-avodire-110th-anniversary-14-x-5-5-ls405avcx-housse\/"]}]},{"@type":"ImageObject","inLanguage":"en-US","@id":"https:\/\/www.rimocc.com\/product\/ludwig-aged-exotic-avodire-110th-anniversary-14-x-5-5-ls405avcx-housse\/#primaryimage","url":"https:\/\/www.rimocc.com\/wp-content\/uploads\/2023\/06\/0e6ab0_99be6cc364974eaf9ca773e508966c9amv2.webp","contentUrl":"https:\/\/www.rimocc.com\/wp-content\/uploads\/2023\/06\/0e6ab0_99be6cc364974eaf9ca773e508966c9amv2.webp","width":500,"height":500},{"@type":"BreadcrumbList","@id":"https:\/\/www.rimocc.com\/product\/ludwig-aged-exotic-avodire-110th-anniversary-14-x-5-5-ls405avcx-housse\/#breadcrumb","itemListElement":[{"@type":"ListItem","position":1,"name":"Home","item":"https:\/\/www.rimocc.com\/"},{"@type":"ListItem","position":2,"name":"Shop","item":"https:\/\/www.rimocc.com\/shop\/"},{"@type":"ListItem","position":3,"name":"Ludwig Aged Exotic Avodire 110th Anniversary 14&#8243; \u00d7 5.5&#8243; LS405AVCX + Housse"}]},{"@type":"WebSite","@id":"https:\/\/www.rimocc.com\/#website","url":"https:\/\/www.rimocc.com\/","name":"D\u00e9p\u00f4t Vente Batterie Percussion | Rimocc Lyon","description":"Rimocc: l&#039;unique magasin d\u00e9di\u00e9 enti\u00e8rement \u00e0 la batterie, percussion d&#039;occasion et vintage \u00e0 Lyon, France","publisher":{"@id":"https:\/\/www.rimocc.com\/#organization"},"alternateName":"Rimocc'","potentialAction":[{"@type":"SearchAction","target":{"@type":"EntryPoint","urlTemplate":"https:\/\/www.rimocc.com\/?s={search_term_string}"},"query-input":{"@type":"PropertyValueSpecification","valueRequired":true,"valueName":"search_term_string"}}],"inLanguage":"en-US"},{"@type":"Organization","@id":"https:\/\/www.rimocc.com\/#organization","name":"Rimocc'","alternateName":"Rimocc","url":"https:\/\/www.rimocc.com\/","logo":{"@type":"ImageObject","inLanguage":"en-US","@id":"https:\/\/www.rimocc.com\/#\/schema\/logo\/image\/","url":"https:\/\/i0.wp.com\/www.rimocc.com\/wp-content\/uploads\/2023\/07\/RIMOCC_LOGO.jpg?fit=459%2C114&ssl=1","contentUrl":"https:\/\/i0.wp.com\/www.rimocc.com\/wp-content\/uploads\/2023\/07\/RIMOCC_LOGO.jpg?fit=459%2C114&ssl=1","width":459,"height":114,"caption":"Rimocc'"},"image":{"@id":"https:\/\/www.rimocc.com\/#\/schema\/logo\/image\/"},"sameAs":["https:\/\/www.facebook.com\/rimocclyon\/?locale=fr_FR","https:\/\/www.instagram.com\/rimoccc\/?hl=fr","https:\/\/www.tiktok.com\/@rimocc","https:\/\/www.youtube.com\/@Rimocc"]}]}},"jetpack_publicize_connections":[],"jetpack_sharing_enabled":true,"_links":{"self":[{"href":"https:\/\/www.rimocc.com\/en\/wp-json\/wp\/v2\/product\/850","targetHints":{"allow":["GET"]}}],"collection":[{"href":"https:\/\/www.rimocc.com\/en\/wp-json\/wp\/v2\/product"}],"about":[{"href":"https:\/\/www.rimocc.com\/en\/wp-json\/wp\/v2\/types\/product"}],"replies":[{"embeddable":true,"href":"https:\/\/www.rimocc.com\/en\/wp-json\/wp\/v2\/comments?post=850"}],"wp:featuredmedia":[{"embeddable":true,"href":"https:\/\/www.rimocc.com\/en\/wp-json\/wp\/v2\/media\/2448"}],"wp:attachment":[{"href":"https:\/\/www.rimocc.com\/en\/wp-json\/wp\/v2\/media?parent=850"}],"wp:term":[{"taxonomy":"product_brand","embeddable":true,"href":"https:\/\/www.rimocc.com\/en\/wp-json\/wp\/v2\/product_brand?post=850"},{"taxonomy":"product_cat","embeddable":true,"href":"https:\/\/www.rimocc.com\/en\/wp-json\/wp\/v2\/product_cat?post=850"},{"taxonomy":"product_tag","embeddable":true,"href":"https:\/\/www.rimocc.com\/en\/wp-json\/wp\/v2\/product_tag?post=850"}],"curies":[{"name":"wp","href":"https:\/\/api.w.org\/{rel}","templated":true}]}}