{"id":848,"date":"2023-06-08T21:12:28","date_gmt":"2023-06-08T21:12:28","guid":{"rendered":"https:\/\/rimocc.a2hosted.com\/product\/ludwig-14-x-7-110th-anniversary-heirloom-black-brass-snare-drum-lbr0714cx\/"},"modified":"2023-06-09T16:48:19","modified_gmt":"2023-06-09T16:48:19","slug":"ludwig-14-x-7-110th-anniversary-heirloom-black-brass-snare-drum-lbr0714cx","status":"publish","type":"product","link":"https:\/\/www.rimocc.com\/en\/product\/ludwig-14-x-7-110th-anniversary-heirloom-black-brass-snare-drum-lbr0714cx\/","title":{"rendered":"Ludwig 14&Prime; x 7&Prime; 110th Anniversary Heirloom Black Brass Snare Drum LBR0714CX"},"content":{"rendered":"<p>!!NEUF!! New Old Stock &#8211; Ltd Edition<\/p>\n<p>&#8211; 1mm Laser-Engraved brass shell<br \/>\n&#8211; Gold 10 Flat Imperial lugs<br \/>\n&#8211; Gold P88 Throw &amp; P35 Butt Plate<br \/>\n&#8211; Gold Die Cast hoops<br \/>\n&#8211; 110th Annniversary bag<\/p>\n<p>&#8211; Ludwig Key &amp; Ludwig ad<\/p>\n<p>&nbsp;<\/p>\n<p><u><strong>Merci de nous contacter pour un devis de livraison (livraison monde)<\/strong><\/u><\/p>\n<p><u><strong>Pour la r\u00e9servation et le r\u00e8glement, merci de s\u00e9lectionner \u00ab\u00a0r\u00e9cup\u00e9ration sur site\u00a0\u00bb et nous vous ferons parvenir une facture s\u00e9par\u00e9e pour les frais de livraison<\/strong><\/u><\/p>\n<p>&nbsp;<\/p>\n<p><em>\u00ab\u00a0The Heirloom Black Brass honors a century of Ludwig Snare Drum prestige.<br \/>\nThis shell is finished as a brushed Black Brass shell for a darker presence and re-imagined with Die-Cast hoops for elevated focus and attack.<br \/>\nFeaturing the Heirloom series signature custom laser-etched banding, the presentation of this anniversary model is augmented with brass flat imperial lugs,<br \/>\nbrass Die-Cast hoops, brass P88 throw-off, brass P35 butt-plate, and embossed 110th Anniversary badge.<br \/>\nIncludes our new anniversary model snare bag\u00a0\u00bb<\/em><br \/>\n<u><strong>Please contact us for an exact shipping rate (worldwide delivery)<\/strong><\/u><\/p>","protected":false},"excerpt":{"rendered":"<p>!!NEUF!! New Old Stock &#8211; Ltd Edition &#8211; 1mm Laser-Engraved brass shell &#8211; Gold 10 Flat Imperial lugs &#8211; Gold P88 Throw &amp; P35 Butt Plate &#8211; Gold Die Cast hoops &#8211; 110th Annniversary bag &#8211; Ludwig Key &amp; Ludwig ad &nbsp; Merci de nous contacter pour un devis de livraison (livraison monde) Pour la [&hellip;]<\/p>\n","protected":false},"featured_media":2488,"comment_status":"open","ping_status":"closed","template":"","meta":{"jetpack_publicize_message":"","jetpack_publicize_feature_enabled":true,"jetpack_social_post_already_shared":false,"jetpack_social_options":{"image_generator_settings":{"template":"highway","default_image_id":0,"font":"","enabled":false},"version":2}},"product_brand":[],"product_cat":[25],"product_tag":[],"class_list":{"0":"post-848","1":"product","2":"type-product","3":"status-publish","4":"has-post-thumbnail","6":"product_cat-caisse-claire","8":"entry","9":"has-media","11":"first","12":"outofstock","13":"shipping-taxable","14":"purchasable","15":"product-type-simple","16":"has-product-nav","17":"col","18":"span_1_of_3","19":"owp-content-center","20":"owp-thumbs-layout-horizontal","21":"owp-btn-normal","22":"owp-tabs-layout-horizontal"},"yoast_head":"<!-- This site is optimized with the Yoast SEO plugin v27.4 - https:\/\/yoast.com\/product\/yoast-seo-wordpress\/ -->\n<title>Ludwig 14&quot; x 7&quot; 110th Anniversary Heirloom Black Brass Snare Drum LBR0714CX - D\u00e9p\u00f4t Vente Batterie Percussion | Rimocc Lyon<\/title>\n<meta name=\"robots\" content=\"index, follow, max-snippet:-1, max-image-preview:large, max-video-preview:-1\" \/>\n<link rel=\"canonical\" href=\"https:\/\/www.rimocc.com\/en\/product\/ludwig-14-x-7-110th-anniversary-heirloom-black-brass-snare-drum-lbr0714cx\/\" \/>\n<meta property=\"og:locale\" content=\"en_US\" \/>\n<meta property=\"og:type\" content=\"article\" \/>\n<meta property=\"og:title\" content=\"Ludwig 14&quot; x 7&quot; 110th Anniversary Heirloom Black Brass Snare Drum LBR0714CX - D\u00e9p\u00f4t Vente Batterie Percussion | Rimocc Lyon\" \/>\n<meta property=\"og:description\" content=\"!!NEUF!! New Old Stock &#8211; Ltd Edition &#8211; 1mm Laser-Engraved brass shell &#8211; Gold 10 Flat Imperial lugs &#8211; Gold P88 Throw &amp; P35 Butt Plate &#8211; Gold Die Cast hoops &#8211; 110th Annniversary bag &#8211; Ludwig Key &amp; Ludwig ad &nbsp; Merci de nous contacter pour un devis de livraison (livraison monde) Pour la [&hellip;]\" \/>\n<meta property=\"og:url\" content=\"https:\/\/www.rimocc.com\/en\/product\/ludwig-14-x-7-110th-anniversary-heirloom-black-brass-snare-drum-lbr0714cx\/\" \/>\n<meta property=\"og:site_name\" content=\"D\u00e9p\u00f4t Vente Batterie Percussion | Rimocc Lyon\" \/>\n<meta property=\"article:publisher\" content=\"https:\/\/www.facebook.com\/rimocclyon\/?locale=fr_FR\" \/>\n<meta property=\"article:modified_time\" content=\"2023-06-09T16:48:19+00:00\" \/>\n<meta property=\"og:image\" content=\"https:\/\/www.rimocc.com\/wp-content\/uploads\/2023\/06\/0e6ab0_99341425273047bfbfeda1e751f64523mv2.webp\" \/>\n\t<meta property=\"og:image:width\" content=\"500\" \/>\n\t<meta property=\"og:image:height\" content=\"500\" \/>\n\t<meta property=\"og:image:type\" content=\"image\/webp\" \/>\n<meta name=\"twitter:card\" content=\"summary_large_image\" \/>\n<meta name=\"twitter:label1\" content=\"Est. reading time\" \/>\n\t<meta name=\"twitter:data1\" content=\"1 minute\" \/>\n<script type=\"application\/ld+json\" class=\"yoast-schema-graph\">{\"@context\":\"https:\\\/\\\/schema.org\",\"@graph\":[{\"@type\":\"WebPage\",\"@id\":\"https:\\\/\\\/www.rimocc.com\\\/product\\\/ludwig-14-x-7-110th-anniversary-heirloom-black-brass-snare-drum-lbr0714cx\\\/\",\"url\":\"https:\\\/\\\/www.rimocc.com\\\/product\\\/ludwig-14-x-7-110th-anniversary-heirloom-black-brass-snare-drum-lbr0714cx\\\/\",\"name\":\"Ludwig 14\\\" x 7\\\" 110th Anniversary Heirloom Black Brass Snare Drum LBR0714CX - D\u00e9p\u00f4t Vente Batterie Percussion | Rimocc Lyon\",\"isPartOf\":{\"@id\":\"https:\\\/\\\/www.rimocc.com\\\/#website\"},\"primaryImageOfPage\":{\"@id\":\"https:\\\/\\\/www.rimocc.com\\\/product\\\/ludwig-14-x-7-110th-anniversary-heirloom-black-brass-snare-drum-lbr0714cx\\\/#primaryimage\"},\"image\":{\"@id\":\"https:\\\/\\\/www.rimocc.com\\\/product\\\/ludwig-14-x-7-110th-anniversary-heirloom-black-brass-snare-drum-lbr0714cx\\\/#primaryimage\"},\"thumbnailUrl\":\"https:\\\/\\\/www.rimocc.com\\\/wp-content\\\/uploads\\\/2023\\\/06\\\/0e6ab0_99341425273047bfbfeda1e751f64523mv2.webp\",\"datePublished\":\"2023-06-08T21:12:28+00:00\",\"dateModified\":\"2023-06-09T16:48:19+00:00\",\"breadcrumb\":{\"@id\":\"https:\\\/\\\/www.rimocc.com\\\/product\\\/ludwig-14-x-7-110th-anniversary-heirloom-black-brass-snare-drum-lbr0714cx\\\/#breadcrumb\"},\"inLanguage\":\"en-US\",\"potentialAction\":[{\"@type\":\"ReadAction\",\"target\":[\"https:\\\/\\\/www.rimocc.com\\\/product\\\/ludwig-14-x-7-110th-anniversary-heirloom-black-brass-snare-drum-lbr0714cx\\\/\"]}]},{\"@type\":\"ImageObject\",\"inLanguage\":\"en-US\",\"@id\":\"https:\\\/\\\/www.rimocc.com\\\/product\\\/ludwig-14-x-7-110th-anniversary-heirloom-black-brass-snare-drum-lbr0714cx\\\/#primaryimage\",\"url\":\"https:\\\/\\\/www.rimocc.com\\\/wp-content\\\/uploads\\\/2023\\\/06\\\/0e6ab0_99341425273047bfbfeda1e751f64523mv2.webp\",\"contentUrl\":\"https:\\\/\\\/www.rimocc.com\\\/wp-content\\\/uploads\\\/2023\\\/06\\\/0e6ab0_99341425273047bfbfeda1e751f64523mv2.webp\",\"width\":500,\"height\":500},{\"@type\":\"BreadcrumbList\",\"@id\":\"https:\\\/\\\/www.rimocc.com\\\/product\\\/ludwig-14-x-7-110th-anniversary-heirloom-black-brass-snare-drum-lbr0714cx\\\/#breadcrumb\",\"itemListElement\":[{\"@type\":\"ListItem\",\"position\":1,\"name\":\"Home\",\"item\":\"https:\\\/\\\/www.rimocc.com\\\/\"},{\"@type\":\"ListItem\",\"position\":2,\"name\":\"Shop\",\"item\":\"https:\\\/\\\/www.rimocc.com\\\/shop\\\/\"},{\"@type\":\"ListItem\",\"position\":3,\"name\":\"Ludwig 14&#8243; x 7&#8243; 110th Anniversary Heirloom Black Brass Snare Drum LBR0714CX\"}]},{\"@type\":\"WebSite\",\"@id\":\"https:\\\/\\\/www.rimocc.com\\\/#website\",\"url\":\"https:\\\/\\\/www.rimocc.com\\\/\",\"name\":\"D\u00e9p\u00f4t Vente Batterie Percussion | Rimocc Lyon\",\"description\":\"Rimocc: l&#039;unique magasin d\u00e9di\u00e9 enti\u00e8rement \u00e0 la batterie, percussion d&#039;occasion et vintage \u00e0 Lyon, France\",\"publisher\":{\"@id\":\"https:\\\/\\\/www.rimocc.com\\\/#organization\"},\"alternateName\":\"Rimocc'\",\"potentialAction\":[{\"@type\":\"SearchAction\",\"target\":{\"@type\":\"EntryPoint\",\"urlTemplate\":\"https:\\\/\\\/www.rimocc.com\\\/?s={search_term_string}\"},\"query-input\":{\"@type\":\"PropertyValueSpecification\",\"valueRequired\":true,\"valueName\":\"search_term_string\"}}],\"inLanguage\":\"en-US\"},{\"@type\":\"Organization\",\"@id\":\"https:\\\/\\\/www.rimocc.com\\\/#organization\",\"name\":\"Rimocc'\",\"alternateName\":\"Rimocc\",\"url\":\"https:\\\/\\\/www.rimocc.com\\\/\",\"logo\":{\"@type\":\"ImageObject\",\"inLanguage\":\"en-US\",\"@id\":\"https:\\\/\\\/www.rimocc.com\\\/#\\\/schema\\\/logo\\\/image\\\/\",\"url\":\"https:\\\/\\\/i0.wp.com\\\/www.rimocc.com\\\/wp-content\\\/uploads\\\/2023\\\/07\\\/RIMOCC_LOGO.jpg?fit=459%2C114&ssl=1\",\"contentUrl\":\"https:\\\/\\\/i0.wp.com\\\/www.rimocc.com\\\/wp-content\\\/uploads\\\/2023\\\/07\\\/RIMOCC_LOGO.jpg?fit=459%2C114&ssl=1\",\"width\":459,\"height\":114,\"caption\":\"Rimocc'\"},\"image\":{\"@id\":\"https:\\\/\\\/www.rimocc.com\\\/#\\\/schema\\\/logo\\\/image\\\/\"},\"sameAs\":[\"https:\\\/\\\/www.facebook.com\\\/rimocclyon\\\/?locale=fr_FR\",\"https:\\\/\\\/www.instagram.com\\\/rimoccc\\\/?hl=fr\",\"https:\\\/\\\/www.tiktok.com\\\/@rimocc\",\"https:\\\/\\\/www.youtube.com\\\/@Rimocc\"]}]}<\/script>\n<!-- \/ Yoast SEO plugin. -->","yoast_head_json":{"title":"Ludwig 14\" x 7\" 110th Anniversary Heirloom Black Brass Snare Drum LBR0714CX - D\u00e9p\u00f4t Vente Batterie Percussion | Rimocc Lyon","robots":{"index":"index","follow":"follow","max-snippet":"max-snippet:-1","max-image-preview":"max-image-preview:large","max-video-preview":"max-video-preview:-1"},"canonical":"https:\/\/www.rimocc.com\/en\/product\/ludwig-14-x-7-110th-anniversary-heirloom-black-brass-snare-drum-lbr0714cx\/","og_locale":"en_US","og_type":"article","og_title":"Ludwig 14\" x 7\" 110th Anniversary Heirloom Black Brass Snare Drum LBR0714CX - D\u00e9p\u00f4t Vente Batterie Percussion | Rimocc Lyon","og_description":"!!NEUF!! New Old Stock &#8211; Ltd Edition &#8211; 1mm Laser-Engraved brass shell &#8211; Gold 10 Flat Imperial lugs &#8211; Gold P88 Throw &amp; P35 Butt Plate &#8211; Gold Die Cast hoops &#8211; 110th Annniversary bag &#8211; Ludwig Key &amp; Ludwig ad &nbsp; Merci de nous contacter pour un devis de livraison (livraison monde) Pour la [&hellip;]","og_url":"https:\/\/www.rimocc.com\/en\/product\/ludwig-14-x-7-110th-anniversary-heirloom-black-brass-snare-drum-lbr0714cx\/","og_site_name":"D\u00e9p\u00f4t Vente Batterie Percussion | Rimocc Lyon","article_publisher":"https:\/\/www.facebook.com\/rimocclyon\/?locale=fr_FR","article_modified_time":"2023-06-09T16:48:19+00:00","og_image":[{"width":500,"height":500,"url":"https:\/\/www.rimocc.com\/wp-content\/uploads\/2023\/06\/0e6ab0_99341425273047bfbfeda1e751f64523mv2.webp","type":"image\/webp"}],"twitter_card":"summary_large_image","twitter_misc":{"Est. reading time":"1 minute"},"schema":{"@context":"https:\/\/schema.org","@graph":[{"@type":"WebPage","@id":"https:\/\/www.rimocc.com\/product\/ludwig-14-x-7-110th-anniversary-heirloom-black-brass-snare-drum-lbr0714cx\/","url":"https:\/\/www.rimocc.com\/product\/ludwig-14-x-7-110th-anniversary-heirloom-black-brass-snare-drum-lbr0714cx\/","name":"Ludwig 14\" x 7\" 110th Anniversary Heirloom Black Brass Snare Drum LBR0714CX - D\u00e9p\u00f4t Vente Batterie Percussion | Rimocc Lyon","isPartOf":{"@id":"https:\/\/www.rimocc.com\/#website"},"primaryImageOfPage":{"@id":"https:\/\/www.rimocc.com\/product\/ludwig-14-x-7-110th-anniversary-heirloom-black-brass-snare-drum-lbr0714cx\/#primaryimage"},"image":{"@id":"https:\/\/www.rimocc.com\/product\/ludwig-14-x-7-110th-anniversary-heirloom-black-brass-snare-drum-lbr0714cx\/#primaryimage"},"thumbnailUrl":"https:\/\/www.rimocc.com\/wp-content\/uploads\/2023\/06\/0e6ab0_99341425273047bfbfeda1e751f64523mv2.webp","datePublished":"2023-06-08T21:12:28+00:00","dateModified":"2023-06-09T16:48:19+00:00","breadcrumb":{"@id":"https:\/\/www.rimocc.com\/product\/ludwig-14-x-7-110th-anniversary-heirloom-black-brass-snare-drum-lbr0714cx\/#breadcrumb"},"inLanguage":"en-US","potentialAction":[{"@type":"ReadAction","target":["https:\/\/www.rimocc.com\/product\/ludwig-14-x-7-110th-anniversary-heirloom-black-brass-snare-drum-lbr0714cx\/"]}]},{"@type":"ImageObject","inLanguage":"en-US","@id":"https:\/\/www.rimocc.com\/product\/ludwig-14-x-7-110th-anniversary-heirloom-black-brass-snare-drum-lbr0714cx\/#primaryimage","url":"https:\/\/www.rimocc.com\/wp-content\/uploads\/2023\/06\/0e6ab0_99341425273047bfbfeda1e751f64523mv2.webp","contentUrl":"https:\/\/www.rimocc.com\/wp-content\/uploads\/2023\/06\/0e6ab0_99341425273047bfbfeda1e751f64523mv2.webp","width":500,"height":500},{"@type":"BreadcrumbList","@id":"https:\/\/www.rimocc.com\/product\/ludwig-14-x-7-110th-anniversary-heirloom-black-brass-snare-drum-lbr0714cx\/#breadcrumb","itemListElement":[{"@type":"ListItem","position":1,"name":"Home","item":"https:\/\/www.rimocc.com\/"},{"@type":"ListItem","position":2,"name":"Shop","item":"https:\/\/www.rimocc.com\/shop\/"},{"@type":"ListItem","position":3,"name":"Ludwig 14&#8243; x 7&#8243; 110th Anniversary Heirloom Black Brass Snare Drum LBR0714CX"}]},{"@type":"WebSite","@id":"https:\/\/www.rimocc.com\/#website","url":"https:\/\/www.rimocc.com\/","name":"D\u00e9p\u00f4t Vente Batterie Percussion | Rimocc Lyon","description":"Rimocc: l&#039;unique magasin d\u00e9di\u00e9 enti\u00e8rement \u00e0 la batterie, percussion d&#039;occasion et vintage \u00e0 Lyon, France","publisher":{"@id":"https:\/\/www.rimocc.com\/#organization"},"alternateName":"Rimocc'","potentialAction":[{"@type":"SearchAction","target":{"@type":"EntryPoint","urlTemplate":"https:\/\/www.rimocc.com\/?s={search_term_string}"},"query-input":{"@type":"PropertyValueSpecification","valueRequired":true,"valueName":"search_term_string"}}],"inLanguage":"en-US"},{"@type":"Organization","@id":"https:\/\/www.rimocc.com\/#organization","name":"Rimocc'","alternateName":"Rimocc","url":"https:\/\/www.rimocc.com\/","logo":{"@type":"ImageObject","inLanguage":"en-US","@id":"https:\/\/www.rimocc.com\/#\/schema\/logo\/image\/","url":"https:\/\/i0.wp.com\/www.rimocc.com\/wp-content\/uploads\/2023\/07\/RIMOCC_LOGO.jpg?fit=459%2C114&ssl=1","contentUrl":"https:\/\/i0.wp.com\/www.rimocc.com\/wp-content\/uploads\/2023\/07\/RIMOCC_LOGO.jpg?fit=459%2C114&ssl=1","width":459,"height":114,"caption":"Rimocc'"},"image":{"@id":"https:\/\/www.rimocc.com\/#\/schema\/logo\/image\/"},"sameAs":["https:\/\/www.facebook.com\/rimocclyon\/?locale=fr_FR","https:\/\/www.instagram.com\/rimoccc\/?hl=fr","https:\/\/www.tiktok.com\/@rimocc","https:\/\/www.youtube.com\/@Rimocc"]}]}},"jetpack_publicize_connections":[],"jetpack_sharing_enabled":true,"_links":{"self":[{"href":"https:\/\/www.rimocc.com\/en\/wp-json\/wp\/v2\/product\/848","targetHints":{"allow":["GET"]}}],"collection":[{"href":"https:\/\/www.rimocc.com\/en\/wp-json\/wp\/v2\/product"}],"about":[{"href":"https:\/\/www.rimocc.com\/en\/wp-json\/wp\/v2\/types\/product"}],"replies":[{"embeddable":true,"href":"https:\/\/www.rimocc.com\/en\/wp-json\/wp\/v2\/comments?post=848"}],"wp:featuredmedia":[{"embeddable":true,"href":"https:\/\/www.rimocc.com\/en\/wp-json\/wp\/v2\/media\/2488"}],"wp:attachment":[{"href":"https:\/\/www.rimocc.com\/en\/wp-json\/wp\/v2\/media?parent=848"}],"wp:term":[{"taxonomy":"product_brand","embeddable":true,"href":"https:\/\/www.rimocc.com\/en\/wp-json\/wp\/v2\/product_brand?post=848"},{"taxonomy":"product_cat","embeddable":true,"href":"https:\/\/www.rimocc.com\/en\/wp-json\/wp\/v2\/product_cat?post=848"},{"taxonomy":"product_tag","embeddable":true,"href":"https:\/\/www.rimocc.com\/en\/wp-json\/wp\/v2\/product_tag?post=848"}],"curies":[{"name":"wp","href":"https:\/\/api.w.org\/{rel}","templated":true}]}}