{"id":842,"date":"2023-06-08T21:12:28","date_gmt":"2023-06-08T21:12:28","guid":{"rendered":"https:\/\/rimocc.a2hosted.com\/product\/ludwig-lc662-14x-6-5-copper-phonic-smooth\/"},"modified":"2023-06-09T17:37:58","modified_gmt":"2023-06-09T17:37:58","slug":"ludwig-lc662-14x-6-5-copper-phonic-smooth","status":"publish","type":"product","link":"https:\/\/www.rimocc.com\/en\/product\/ludwig-lc662-14x-6-5-copper-phonic-smooth\/","title":{"rendered":"Ludwig LC662  14&Prime;x 6.5&Prime; COPPER PHONIC SMOOTH"},"content":{"rendered":"<p>!!NEUVE New Old Stock!!<\/p>\n<p>Compl\u00e8te avec Cl\u00e9 Ludwig &amp; fascicule (en carton)<\/p>\n<p><em>Complete with the Ludwig key &amp; ad (in original packaging)<\/em><\/p>\n<p>&nbsp;<\/p>\n<p><u><strong>!!Merci de nous contacter pour un devis de livraison (livraison monde)<\/strong><\/u><br \/>\n<strong><u>Pour la r\u00e9servation et le r\u00e8glement, merci de s\u00e9lectionner \u00ab\u00a0r\u00e9cup\u00e9ration sur site\u00a0\u00bb et nous vous ferons parvenir une facture s\u00e9par\u00e9e pour les frais de livraison!!<\/u><\/strong><\/p>\n<p><strong><u>!!Please contact us for an exact shipping rate (worldwide delivery)<\/u><\/strong><\/p>\n<p><strong><u>Please proceed with the \u00ab\u00a0pick-up option on site\u00a0\u00bb for reservation. We&rsquo;ll the send you a quote for an adapted delivery fee.!!<\/u><\/strong><br \/>\n<em>The Copper Phonic snare range was designed with Ludwig&rsquo;s decades of experience building copper timpani. High Volume performance with complete focus and dark-low qualities, the Copper Phonic is the next best in Ludwig&rsquo;s Phonic tone pallete. A true legend in the making. This Ludwig 14&#215;6.5 Snare Drum features a 1.2mm Seamless Copper Shell, 2.3mm Steel Triple-Flanged Hoops, 10 Imperial Lugs, and 20-Strand Snare Wires<\/em><\/p>","protected":false},"excerpt":{"rendered":"<p>!!NEUVE New Old Stock!! Compl\u00e8te avec Cl\u00e9 Ludwig &amp; fascicule (en carton) Complete with the Ludwig key &amp; ad (in original packaging) &nbsp; !!Merci de nous contacter pour un devis de livraison (livraison monde) Pour la r\u00e9servation et le r\u00e8glement, merci de s\u00e9lectionner \u00ab\u00a0r\u00e9cup\u00e9ration sur site\u00a0\u00bb et nous vous ferons parvenir une facture s\u00e9par\u00e9e pour [&hellip;]<\/p>\n","protected":false},"featured_media":2553,"comment_status":"open","ping_status":"closed","template":"","meta":{"jetpack_publicize_message":"","jetpack_publicize_feature_enabled":true,"jetpack_social_post_already_shared":false,"jetpack_social_options":{"image_generator_settings":{"template":"highway","default_image_id":0,"font":"","enabled":false},"version":2}},"product_brand":[],"product_cat":[25],"product_tag":[],"class_list":{"0":"post-842","1":"product","2":"type-product","3":"status-publish","4":"has-post-thumbnail","6":"product_cat-caisse-claire","8":"entry","9":"has-media","11":"first","12":"outofstock","13":"shipping-taxable","14":"purchasable","15":"product-type-simple","16":"has-product-nav","17":"col","18":"span_1_of_3","19":"owp-content-center","20":"owp-thumbs-layout-horizontal","21":"owp-btn-normal","22":"owp-tabs-layout-horizontal"},"yoast_head":"<!-- This site is optimized with the Yoast SEO plugin v27.4 - https:\/\/yoast.com\/product\/yoast-seo-wordpress\/ -->\n<title>Ludwig LC662 14&quot;x 6.5&quot; COPPER PHONIC SMOOTH - D\u00e9p\u00f4t Vente Batterie Percussion | Rimocc Lyon<\/title>\n<meta name=\"robots\" content=\"index, follow, max-snippet:-1, max-image-preview:large, max-video-preview:-1\" \/>\n<link rel=\"canonical\" href=\"https:\/\/www.rimocc.com\/en\/product\/ludwig-lc662-14x-6-5-copper-phonic-smooth\/\" \/>\n<meta property=\"og:locale\" content=\"en_US\" \/>\n<meta property=\"og:type\" content=\"article\" \/>\n<meta property=\"og:title\" content=\"Ludwig LC662 14&quot;x 6.5&quot; COPPER PHONIC SMOOTH - D\u00e9p\u00f4t Vente Batterie Percussion | Rimocc Lyon\" \/>\n<meta property=\"og:description\" content=\"!!NEUVE New Old Stock!! Compl\u00e8te avec Cl\u00e9 Ludwig &amp; fascicule (en carton) Complete with the Ludwig key &amp; ad (in original packaging) &nbsp; !!Merci de nous contacter pour un devis de livraison (livraison monde) Pour la r\u00e9servation et le r\u00e8glement, merci de s\u00e9lectionner \u00ab\u00a0r\u00e9cup\u00e9ration sur site\u00a0\u00bb et nous vous ferons parvenir une facture s\u00e9par\u00e9e pour [&hellip;]\" \/>\n<meta property=\"og:url\" content=\"https:\/\/www.rimocc.com\/en\/product\/ludwig-lc662-14x-6-5-copper-phonic-smooth\/\" \/>\n<meta property=\"og:site_name\" content=\"D\u00e9p\u00f4t Vente Batterie Percussion | Rimocc Lyon\" \/>\n<meta property=\"article:publisher\" content=\"https:\/\/www.facebook.com\/rimocclyon\/?locale=fr_FR\" \/>\n<meta property=\"article:modified_time\" content=\"2023-06-09T17:37:58+00:00\" \/>\n<meta property=\"og:image\" content=\"https:\/\/www.rimocc.com\/wp-content\/uploads\/2023\/06\/0e6ab0_d1cbae117ca348bf848be46020f2a89amv2.webp\" \/>\n\t<meta property=\"og:image:width\" content=\"500\" \/>\n\t<meta property=\"og:image:height\" content=\"500\" \/>\n\t<meta property=\"og:image:type\" content=\"image\/webp\" \/>\n<meta name=\"twitter:card\" content=\"summary_large_image\" \/>\n<meta name=\"twitter:label1\" content=\"Est. reading time\" \/>\n\t<meta name=\"twitter:data1\" content=\"1 minute\" \/>\n<script type=\"application\/ld+json\" class=\"yoast-schema-graph\">{\"@context\":\"https:\\\/\\\/schema.org\",\"@graph\":[{\"@type\":\"WebPage\",\"@id\":\"https:\\\/\\\/www.rimocc.com\\\/product\\\/ludwig-lc662-14x-6-5-copper-phonic-smooth\\\/\",\"url\":\"https:\\\/\\\/www.rimocc.com\\\/product\\\/ludwig-lc662-14x-6-5-copper-phonic-smooth\\\/\",\"name\":\"Ludwig LC662 14\\\"x 6.5\\\" COPPER PHONIC SMOOTH - D\u00e9p\u00f4t Vente Batterie Percussion | Rimocc Lyon\",\"isPartOf\":{\"@id\":\"https:\\\/\\\/www.rimocc.com\\\/#website\"},\"primaryImageOfPage\":{\"@id\":\"https:\\\/\\\/www.rimocc.com\\\/product\\\/ludwig-lc662-14x-6-5-copper-phonic-smooth\\\/#primaryimage\"},\"image\":{\"@id\":\"https:\\\/\\\/www.rimocc.com\\\/product\\\/ludwig-lc662-14x-6-5-copper-phonic-smooth\\\/#primaryimage\"},\"thumbnailUrl\":\"https:\\\/\\\/www.rimocc.com\\\/wp-content\\\/uploads\\\/2023\\\/06\\\/0e6ab0_d1cbae117ca348bf848be46020f2a89amv2.webp\",\"datePublished\":\"2023-06-08T21:12:28+00:00\",\"dateModified\":\"2023-06-09T17:37:58+00:00\",\"breadcrumb\":{\"@id\":\"https:\\\/\\\/www.rimocc.com\\\/product\\\/ludwig-lc662-14x-6-5-copper-phonic-smooth\\\/#breadcrumb\"},\"inLanguage\":\"en-US\",\"potentialAction\":[{\"@type\":\"ReadAction\",\"target\":[\"https:\\\/\\\/www.rimocc.com\\\/product\\\/ludwig-lc662-14x-6-5-copper-phonic-smooth\\\/\"]}]},{\"@type\":\"ImageObject\",\"inLanguage\":\"en-US\",\"@id\":\"https:\\\/\\\/www.rimocc.com\\\/product\\\/ludwig-lc662-14x-6-5-copper-phonic-smooth\\\/#primaryimage\",\"url\":\"https:\\\/\\\/www.rimocc.com\\\/wp-content\\\/uploads\\\/2023\\\/06\\\/0e6ab0_d1cbae117ca348bf848be46020f2a89amv2.webp\",\"contentUrl\":\"https:\\\/\\\/www.rimocc.com\\\/wp-content\\\/uploads\\\/2023\\\/06\\\/0e6ab0_d1cbae117ca348bf848be46020f2a89amv2.webp\",\"width\":500,\"height\":500},{\"@type\":\"BreadcrumbList\",\"@id\":\"https:\\\/\\\/www.rimocc.com\\\/product\\\/ludwig-lc662-14x-6-5-copper-phonic-smooth\\\/#breadcrumb\",\"itemListElement\":[{\"@type\":\"ListItem\",\"position\":1,\"name\":\"Home\",\"item\":\"https:\\\/\\\/www.rimocc.com\\\/\"},{\"@type\":\"ListItem\",\"position\":2,\"name\":\"Shop\",\"item\":\"https:\\\/\\\/www.rimocc.com\\\/shop\\\/\"},{\"@type\":\"ListItem\",\"position\":3,\"name\":\"Ludwig LC662 14&#8243;x 6.5&#8243; COPPER PHONIC SMOOTH\"}]},{\"@type\":\"WebSite\",\"@id\":\"https:\\\/\\\/www.rimocc.com\\\/#website\",\"url\":\"https:\\\/\\\/www.rimocc.com\\\/\",\"name\":\"D\u00e9p\u00f4t Vente Batterie Percussion | Rimocc Lyon\",\"description\":\"Rimocc: l&#039;unique magasin d\u00e9di\u00e9 enti\u00e8rement \u00e0 la batterie, percussion d&#039;occasion et vintage \u00e0 Lyon, France\",\"publisher\":{\"@id\":\"https:\\\/\\\/www.rimocc.com\\\/#organization\"},\"alternateName\":\"Rimocc'\",\"potentialAction\":[{\"@type\":\"SearchAction\",\"target\":{\"@type\":\"EntryPoint\",\"urlTemplate\":\"https:\\\/\\\/www.rimocc.com\\\/?s={search_term_string}\"},\"query-input\":{\"@type\":\"PropertyValueSpecification\",\"valueRequired\":true,\"valueName\":\"search_term_string\"}}],\"inLanguage\":\"en-US\"},{\"@type\":\"Organization\",\"@id\":\"https:\\\/\\\/www.rimocc.com\\\/#organization\",\"name\":\"Rimocc'\",\"alternateName\":\"Rimocc\",\"url\":\"https:\\\/\\\/www.rimocc.com\\\/\",\"logo\":{\"@type\":\"ImageObject\",\"inLanguage\":\"en-US\",\"@id\":\"https:\\\/\\\/www.rimocc.com\\\/#\\\/schema\\\/logo\\\/image\\\/\",\"url\":\"https:\\\/\\\/i0.wp.com\\\/www.rimocc.com\\\/wp-content\\\/uploads\\\/2023\\\/07\\\/RIMOCC_LOGO.jpg?fit=459%2C114&ssl=1\",\"contentUrl\":\"https:\\\/\\\/i0.wp.com\\\/www.rimocc.com\\\/wp-content\\\/uploads\\\/2023\\\/07\\\/RIMOCC_LOGO.jpg?fit=459%2C114&ssl=1\",\"width\":459,\"height\":114,\"caption\":\"Rimocc'\"},\"image\":{\"@id\":\"https:\\\/\\\/www.rimocc.com\\\/#\\\/schema\\\/logo\\\/image\\\/\"},\"sameAs\":[\"https:\\\/\\\/www.facebook.com\\\/rimocclyon\\\/?locale=fr_FR\",\"https:\\\/\\\/www.instagram.com\\\/rimoccc\\\/?hl=fr\",\"https:\\\/\\\/www.tiktok.com\\\/@rimocc\",\"https:\\\/\\\/www.youtube.com\\\/@Rimocc\"]}]}<\/script>\n<!-- \/ Yoast SEO plugin. -->","yoast_head_json":{"title":"Ludwig LC662 14\"x 6.5\" COPPER PHONIC SMOOTH - D\u00e9p\u00f4t Vente Batterie Percussion | Rimocc Lyon","robots":{"index":"index","follow":"follow","max-snippet":"max-snippet:-1","max-image-preview":"max-image-preview:large","max-video-preview":"max-video-preview:-1"},"canonical":"https:\/\/www.rimocc.com\/en\/product\/ludwig-lc662-14x-6-5-copper-phonic-smooth\/","og_locale":"en_US","og_type":"article","og_title":"Ludwig LC662 14\"x 6.5\" COPPER PHONIC SMOOTH - D\u00e9p\u00f4t Vente Batterie Percussion | Rimocc Lyon","og_description":"!!NEUVE New Old Stock!! Compl\u00e8te avec Cl\u00e9 Ludwig &amp; fascicule (en carton) Complete with the Ludwig key &amp; ad (in original packaging) &nbsp; !!Merci de nous contacter pour un devis de livraison (livraison monde) Pour la r\u00e9servation et le r\u00e8glement, merci de s\u00e9lectionner \u00ab\u00a0r\u00e9cup\u00e9ration sur site\u00a0\u00bb et nous vous ferons parvenir une facture s\u00e9par\u00e9e pour [&hellip;]","og_url":"https:\/\/www.rimocc.com\/en\/product\/ludwig-lc662-14x-6-5-copper-phonic-smooth\/","og_site_name":"D\u00e9p\u00f4t Vente Batterie Percussion | Rimocc Lyon","article_publisher":"https:\/\/www.facebook.com\/rimocclyon\/?locale=fr_FR","article_modified_time":"2023-06-09T17:37:58+00:00","og_image":[{"width":500,"height":500,"url":"https:\/\/www.rimocc.com\/wp-content\/uploads\/2023\/06\/0e6ab0_d1cbae117ca348bf848be46020f2a89amv2.webp","type":"image\/webp"}],"twitter_card":"summary_large_image","twitter_misc":{"Est. reading time":"1 minute"},"schema":{"@context":"https:\/\/schema.org","@graph":[{"@type":"WebPage","@id":"https:\/\/www.rimocc.com\/product\/ludwig-lc662-14x-6-5-copper-phonic-smooth\/","url":"https:\/\/www.rimocc.com\/product\/ludwig-lc662-14x-6-5-copper-phonic-smooth\/","name":"Ludwig LC662 14\"x 6.5\" COPPER PHONIC SMOOTH - D\u00e9p\u00f4t Vente Batterie Percussion | Rimocc Lyon","isPartOf":{"@id":"https:\/\/www.rimocc.com\/#website"},"primaryImageOfPage":{"@id":"https:\/\/www.rimocc.com\/product\/ludwig-lc662-14x-6-5-copper-phonic-smooth\/#primaryimage"},"image":{"@id":"https:\/\/www.rimocc.com\/product\/ludwig-lc662-14x-6-5-copper-phonic-smooth\/#primaryimage"},"thumbnailUrl":"https:\/\/www.rimocc.com\/wp-content\/uploads\/2023\/06\/0e6ab0_d1cbae117ca348bf848be46020f2a89amv2.webp","datePublished":"2023-06-08T21:12:28+00:00","dateModified":"2023-06-09T17:37:58+00:00","breadcrumb":{"@id":"https:\/\/www.rimocc.com\/product\/ludwig-lc662-14x-6-5-copper-phonic-smooth\/#breadcrumb"},"inLanguage":"en-US","potentialAction":[{"@type":"ReadAction","target":["https:\/\/www.rimocc.com\/product\/ludwig-lc662-14x-6-5-copper-phonic-smooth\/"]}]},{"@type":"ImageObject","inLanguage":"en-US","@id":"https:\/\/www.rimocc.com\/product\/ludwig-lc662-14x-6-5-copper-phonic-smooth\/#primaryimage","url":"https:\/\/www.rimocc.com\/wp-content\/uploads\/2023\/06\/0e6ab0_d1cbae117ca348bf848be46020f2a89amv2.webp","contentUrl":"https:\/\/www.rimocc.com\/wp-content\/uploads\/2023\/06\/0e6ab0_d1cbae117ca348bf848be46020f2a89amv2.webp","width":500,"height":500},{"@type":"BreadcrumbList","@id":"https:\/\/www.rimocc.com\/product\/ludwig-lc662-14x-6-5-copper-phonic-smooth\/#breadcrumb","itemListElement":[{"@type":"ListItem","position":1,"name":"Home","item":"https:\/\/www.rimocc.com\/"},{"@type":"ListItem","position":2,"name":"Shop","item":"https:\/\/www.rimocc.com\/shop\/"},{"@type":"ListItem","position":3,"name":"Ludwig LC662 14&#8243;x 6.5&#8243; COPPER PHONIC SMOOTH"}]},{"@type":"WebSite","@id":"https:\/\/www.rimocc.com\/#website","url":"https:\/\/www.rimocc.com\/","name":"D\u00e9p\u00f4t Vente Batterie Percussion | Rimocc Lyon","description":"Rimocc: l&#039;unique magasin d\u00e9di\u00e9 enti\u00e8rement \u00e0 la batterie, percussion d&#039;occasion et vintage \u00e0 Lyon, France","publisher":{"@id":"https:\/\/www.rimocc.com\/#organization"},"alternateName":"Rimocc'","potentialAction":[{"@type":"SearchAction","target":{"@type":"EntryPoint","urlTemplate":"https:\/\/www.rimocc.com\/?s={search_term_string}"},"query-input":{"@type":"PropertyValueSpecification","valueRequired":true,"valueName":"search_term_string"}}],"inLanguage":"en-US"},{"@type":"Organization","@id":"https:\/\/www.rimocc.com\/#organization","name":"Rimocc'","alternateName":"Rimocc","url":"https:\/\/www.rimocc.com\/","logo":{"@type":"ImageObject","inLanguage":"en-US","@id":"https:\/\/www.rimocc.com\/#\/schema\/logo\/image\/","url":"https:\/\/i0.wp.com\/www.rimocc.com\/wp-content\/uploads\/2023\/07\/RIMOCC_LOGO.jpg?fit=459%2C114&ssl=1","contentUrl":"https:\/\/i0.wp.com\/www.rimocc.com\/wp-content\/uploads\/2023\/07\/RIMOCC_LOGO.jpg?fit=459%2C114&ssl=1","width":459,"height":114,"caption":"Rimocc'"},"image":{"@id":"https:\/\/www.rimocc.com\/#\/schema\/logo\/image\/"},"sameAs":["https:\/\/www.facebook.com\/rimocclyon\/?locale=fr_FR","https:\/\/www.instagram.com\/rimoccc\/?hl=fr","https:\/\/www.tiktok.com\/@rimocc","https:\/\/www.youtube.com\/@Rimocc"]}]}},"jetpack_publicize_connections":[],"jetpack_sharing_enabled":true,"_links":{"self":[{"href":"https:\/\/www.rimocc.com\/en\/wp-json\/wp\/v2\/product\/842","targetHints":{"allow":["GET"]}}],"collection":[{"href":"https:\/\/www.rimocc.com\/en\/wp-json\/wp\/v2\/product"}],"about":[{"href":"https:\/\/www.rimocc.com\/en\/wp-json\/wp\/v2\/types\/product"}],"replies":[{"embeddable":true,"href":"https:\/\/www.rimocc.com\/en\/wp-json\/wp\/v2\/comments?post=842"}],"wp:featuredmedia":[{"embeddable":true,"href":"https:\/\/www.rimocc.com\/en\/wp-json\/wp\/v2\/media\/2553"}],"wp:attachment":[{"href":"https:\/\/www.rimocc.com\/en\/wp-json\/wp\/v2\/media?parent=842"}],"wp:term":[{"taxonomy":"product_brand","embeddable":true,"href":"https:\/\/www.rimocc.com\/en\/wp-json\/wp\/v2\/product_brand?post=842"},{"taxonomy":"product_cat","embeddable":true,"href":"https:\/\/www.rimocc.com\/en\/wp-json\/wp\/v2\/product_cat?post=842"},{"taxonomy":"product_tag","embeddable":true,"href":"https:\/\/www.rimocc.com\/en\/wp-json\/wp\/v2\/product_tag?post=842"}],"curies":[{"name":"wp","href":"https:\/\/api.w.org\/{rel}","templated":true}]}}