{"id":826,"date":"2023-06-08T21:12:27","date_gmt":"2023-06-08T21:12:27","guid":{"rendered":"https:\/\/rimocc.a2hosted.com\/product\/premier-signia-maple-cherry-red-lacquer-12-13-16-22\/"},"modified":"2023-06-13T14:03:29","modified_gmt":"2023-06-13T14:03:29","slug":"premier-signia-maple-cherry-red-lacquer-12-13-16-22","status":"publish","type":"product","link":"https:\/\/www.rimocc.com\/en\/product\/premier-signia-maple-cherry-red-lacquer-12-13-16-22\/","title":{"rendered":"Premier Signia Maple Cherry Red Lacquer 12&Prime; 13&Prime; 16&Prime; 22&Prime;"},"content":{"rendered":"<div>\n<div>Premier Signia Maple Cherry Red Lacquer<\/div>\n<\/div>\n<div>\n<div>12&Prime; 13&Prime; 16&Prime; 22&Prime;<\/div>\n<\/div>\n<div>\n<div>Le haut de gamme Premier des ann\u00e9es 90, renforts de chanfreins sur tous les f\u00fbts<\/div>\n<\/div>\n<div>\n<div>Tr\u00e8s bon \u00e9tat g\u00e9n\u00e9ral, quelques traces de frottements, rayures sur la GC et TB. Les pieds de TB ont \u00e9t\u00e9 chang\u00e9s par des Pearl pour encore plus d&rsquo;isolation<\/div>\n<\/div>\n<div>\n<div>Un must \u00e0 l&rsquo;Anglaise<\/div>\n<div>\n<div>(enl\u00e8vement sur place privil\u00e9gi\u00e9 mais envoi possible dans toute la France sur devis s\u00e9par\u00e9)<\/div>\n<p>&nbsp;<\/p>\n<p>&nbsp;<\/p>\n<p>Batterie Rimocc&rsquo; Lyon<\/p>\n<\/div>\n<\/div>","protected":false},"excerpt":{"rendered":"<p>Premier Signia Maple Cherry Red Lacquer 12&Prime; 13&Prime; 16&Prime; 22&Prime; Le haut de gamme Premier des ann\u00e9es 90, renforts de chanfreins sur tous les f\u00fbts Tr\u00e8s bon \u00e9tat g\u00e9n\u00e9ral, quelques traces de frottements, rayures sur la GC et TB. Les pieds de TB ont \u00e9t\u00e9 chang\u00e9s par des Pearl pour encore plus d&rsquo;isolation Un must [&hellip;]<\/p>\n","protected":false},"featured_media":5415,"comment_status":"open","ping_status":"closed","template":"","meta":{"jetpack_publicize_message":"","jetpack_publicize_feature_enabled":true,"jetpack_social_post_already_shared":false,"jetpack_social_options":{"image_generator_settings":{"template":"highway","default_image_id":0,"font":"","enabled":false},"version":2}},"product_brand":[],"product_cat":[20],"product_tag":[],"class_list":{"0":"post-826","1":"product","2":"type-product","3":"status-publish","4":"has-post-thumbnail","6":"product_cat-batterie","8":"entry","9":"has-media","11":"first","12":"outofstock","13":"shipping-taxable","14":"purchasable","15":"product-type-simple","16":"has-product-nav","17":"col","18":"span_1_of_3","19":"owp-content-center","20":"owp-thumbs-layout-horizontal","21":"owp-btn-normal","22":"owp-tabs-layout-horizontal"},"yoast_head":"<!-- This site is optimized with the Yoast SEO plugin v27.5 - https:\/\/yoast.com\/product\/yoast-seo-wordpress\/ -->\n<title>Premier Signia Maple Cherry Red Lacquer 12&quot; 13&quot; 16&quot; 22&quot; - D\u00e9p\u00f4t Vente Batterie Percussion | Rimocc Lyon<\/title>\n<meta name=\"robots\" content=\"index, follow, max-snippet:-1, max-image-preview:large, max-video-preview:-1\" \/>\n<link rel=\"canonical\" href=\"https:\/\/www.rimocc.com\/en\/product\/premier-signia-maple-cherry-red-lacquer-12-13-16-22\/\" \/>\n<meta property=\"og:locale\" content=\"en_US\" \/>\n<meta property=\"og:type\" content=\"article\" \/>\n<meta property=\"og:title\" content=\"Premier Signia Maple Cherry Red Lacquer 12&quot; 13&quot; 16&quot; 22&quot; - D\u00e9p\u00f4t Vente Batterie Percussion | Rimocc Lyon\" \/>\n<meta property=\"og:description\" content=\"Premier Signia Maple Cherry Red Lacquer 12&Prime; 13&Prime; 16&Prime; 22&Prime; Le haut de gamme Premier des ann\u00e9es 90, renforts de chanfreins sur tous les f\u00fbts Tr\u00e8s bon \u00e9tat g\u00e9n\u00e9ral, quelques traces de frottements, rayures sur la GC et TB. Les pieds de TB ont \u00e9t\u00e9 chang\u00e9s par des Pearl pour encore plus d&rsquo;isolation Un must [&hellip;]\" \/>\n<meta property=\"og:url\" content=\"https:\/\/www.rimocc.com\/en\/product\/premier-signia-maple-cherry-red-lacquer-12-13-16-22\/\" \/>\n<meta property=\"og:site_name\" content=\"D\u00e9p\u00f4t Vente Batterie Percussion | Rimocc Lyon\" \/>\n<meta property=\"article:publisher\" content=\"https:\/\/www.facebook.com\/rimocclyon\/?locale=fr_FR\" \/>\n<meta property=\"article:modified_time\" content=\"2023-06-13T14:03:29+00:00\" \/>\n<meta property=\"og:image\" content=\"https:\/\/www.rimocc.com\/wp-content\/uploads\/2023\/06\/0e6ab0_b6358852b6734d269698853ea0b78b47mv2.webp\" \/>\n\t<meta property=\"og:image:width\" content=\"500\" \/>\n\t<meta property=\"og:image:height\" content=\"500\" \/>\n\t<meta property=\"og:image:type\" content=\"image\/webp\" \/>\n<meta name=\"twitter:card\" content=\"summary_large_image\" \/>\n<script type=\"application\/ld+json\" class=\"yoast-schema-graph\">{\"@context\":\"https:\\\/\\\/schema.org\",\"@graph\":[{\"@type\":\"WebPage\",\"@id\":\"https:\\\/\\\/www.rimocc.com\\\/product\\\/premier-signia-maple-cherry-red-lacquer-12-13-16-22\\\/\",\"url\":\"https:\\\/\\\/www.rimocc.com\\\/product\\\/premier-signia-maple-cherry-red-lacquer-12-13-16-22\\\/\",\"name\":\"Premier Signia Maple Cherry Red Lacquer 12\\\" 13\\\" 16\\\" 22\\\" - D\u00e9p\u00f4t Vente Batterie Percussion | Rimocc Lyon\",\"isPartOf\":{\"@id\":\"https:\\\/\\\/www.rimocc.com\\\/#website\"},\"primaryImageOfPage\":{\"@id\":\"https:\\\/\\\/www.rimocc.com\\\/product\\\/premier-signia-maple-cherry-red-lacquer-12-13-16-22\\\/#primaryimage\"},\"image\":{\"@id\":\"https:\\\/\\\/www.rimocc.com\\\/product\\\/premier-signia-maple-cherry-red-lacquer-12-13-16-22\\\/#primaryimage\"},\"thumbnailUrl\":\"https:\\\/\\\/www.rimocc.com\\\/wp-content\\\/uploads\\\/2023\\\/06\\\/0e6ab0_b6358852b6734d269698853ea0b78b47mv2.webp\",\"datePublished\":\"2023-06-08T21:12:27+00:00\",\"dateModified\":\"2023-06-13T14:03:29+00:00\",\"breadcrumb\":{\"@id\":\"https:\\\/\\\/www.rimocc.com\\\/product\\\/premier-signia-maple-cherry-red-lacquer-12-13-16-22\\\/#breadcrumb\"},\"inLanguage\":\"en-US\",\"potentialAction\":[{\"@type\":\"ReadAction\",\"target\":[\"https:\\\/\\\/www.rimocc.com\\\/product\\\/premier-signia-maple-cherry-red-lacquer-12-13-16-22\\\/\"]}]},{\"@type\":\"ImageObject\",\"inLanguage\":\"en-US\",\"@id\":\"https:\\\/\\\/www.rimocc.com\\\/product\\\/premier-signia-maple-cherry-red-lacquer-12-13-16-22\\\/#primaryimage\",\"url\":\"https:\\\/\\\/www.rimocc.com\\\/wp-content\\\/uploads\\\/2023\\\/06\\\/0e6ab0_b6358852b6734d269698853ea0b78b47mv2.webp\",\"contentUrl\":\"https:\\\/\\\/www.rimocc.com\\\/wp-content\\\/uploads\\\/2023\\\/06\\\/0e6ab0_b6358852b6734d269698853ea0b78b47mv2.webp\",\"width\":500,\"height\":500},{\"@type\":\"BreadcrumbList\",\"@id\":\"https:\\\/\\\/www.rimocc.com\\\/product\\\/premier-signia-maple-cherry-red-lacquer-12-13-16-22\\\/#breadcrumb\",\"itemListElement\":[{\"@type\":\"ListItem\",\"position\":1,\"name\":\"Home\",\"item\":\"https:\\\/\\\/www.rimocc.com\\\/\"},{\"@type\":\"ListItem\",\"position\":2,\"name\":\"Shop\",\"item\":\"https:\\\/\\\/www.rimocc.com\\\/shop\\\/\"},{\"@type\":\"ListItem\",\"position\":3,\"name\":\"Premier Signia Maple Cherry Red Lacquer 12&#8243; 13&#8243; 16&#8243; 22&#8243;\"}]},{\"@type\":\"WebSite\",\"@id\":\"https:\\\/\\\/www.rimocc.com\\\/#website\",\"url\":\"https:\\\/\\\/www.rimocc.com\\\/\",\"name\":\"D\u00e9p\u00f4t Vente Batterie Percussion | Rimocc Lyon\",\"description\":\"Rimocc: l&#039;unique magasin d\u00e9di\u00e9 enti\u00e8rement \u00e0 la batterie, percussion d&#039;occasion et vintage \u00e0 Lyon, France\",\"publisher\":{\"@id\":\"https:\\\/\\\/www.rimocc.com\\\/#organization\"},\"alternateName\":\"Rimocc'\",\"potentialAction\":[{\"@type\":\"SearchAction\",\"target\":{\"@type\":\"EntryPoint\",\"urlTemplate\":\"https:\\\/\\\/www.rimocc.com\\\/?s={search_term_string}\"},\"query-input\":{\"@type\":\"PropertyValueSpecification\",\"valueRequired\":true,\"valueName\":\"search_term_string\"}}],\"inLanguage\":\"en-US\"},{\"@type\":\"Organization\",\"@id\":\"https:\\\/\\\/www.rimocc.com\\\/#organization\",\"name\":\"Rimocc'\",\"alternateName\":\"Rimocc\",\"url\":\"https:\\\/\\\/www.rimocc.com\\\/\",\"logo\":{\"@type\":\"ImageObject\",\"inLanguage\":\"en-US\",\"@id\":\"https:\\\/\\\/www.rimocc.com\\\/#\\\/schema\\\/logo\\\/image\\\/\",\"url\":\"https:\\\/\\\/i0.wp.com\\\/www.rimocc.com\\\/wp-content\\\/uploads\\\/2023\\\/07\\\/RIMOCC_LOGO.jpg?fit=459%2C114&ssl=1\",\"contentUrl\":\"https:\\\/\\\/i0.wp.com\\\/www.rimocc.com\\\/wp-content\\\/uploads\\\/2023\\\/07\\\/RIMOCC_LOGO.jpg?fit=459%2C114&ssl=1\",\"width\":459,\"height\":114,\"caption\":\"Rimocc'\"},\"image\":{\"@id\":\"https:\\\/\\\/www.rimocc.com\\\/#\\\/schema\\\/logo\\\/image\\\/\"},\"sameAs\":[\"https:\\\/\\\/www.facebook.com\\\/rimocclyon\\\/?locale=fr_FR\",\"https:\\\/\\\/www.instagram.com\\\/rimoccc\\\/?hl=fr\",\"https:\\\/\\\/www.tiktok.com\\\/@rimocc\",\"https:\\\/\\\/www.youtube.com\\\/@Rimocc\"]}]}<\/script>\n<!-- \/ Yoast SEO plugin. -->","yoast_head_json":{"title":"Premier Signia Maple Cherry Red Lacquer 12\" 13\" 16\" 22\" - D\u00e9p\u00f4t Vente Batterie Percussion | Rimocc Lyon","robots":{"index":"index","follow":"follow","max-snippet":"max-snippet:-1","max-image-preview":"max-image-preview:large","max-video-preview":"max-video-preview:-1"},"canonical":"https:\/\/www.rimocc.com\/en\/product\/premier-signia-maple-cherry-red-lacquer-12-13-16-22\/","og_locale":"en_US","og_type":"article","og_title":"Premier Signia Maple Cherry Red Lacquer 12\" 13\" 16\" 22\" - D\u00e9p\u00f4t Vente Batterie Percussion | Rimocc Lyon","og_description":"Premier Signia Maple Cherry Red Lacquer 12&Prime; 13&Prime; 16&Prime; 22&Prime; Le haut de gamme Premier des ann\u00e9es 90, renforts de chanfreins sur tous les f\u00fbts Tr\u00e8s bon \u00e9tat g\u00e9n\u00e9ral, quelques traces de frottements, rayures sur la GC et TB. Les pieds de TB ont \u00e9t\u00e9 chang\u00e9s par des Pearl pour encore plus d&rsquo;isolation Un must [&hellip;]","og_url":"https:\/\/www.rimocc.com\/en\/product\/premier-signia-maple-cherry-red-lacquer-12-13-16-22\/","og_site_name":"D\u00e9p\u00f4t Vente Batterie Percussion | Rimocc Lyon","article_publisher":"https:\/\/www.facebook.com\/rimocclyon\/?locale=fr_FR","article_modified_time":"2023-06-13T14:03:29+00:00","og_image":[{"width":500,"height":500,"url":"https:\/\/www.rimocc.com\/wp-content\/uploads\/2023\/06\/0e6ab0_b6358852b6734d269698853ea0b78b47mv2.webp","type":"image\/webp"}],"twitter_card":"summary_large_image","schema":{"@context":"https:\/\/schema.org","@graph":[{"@type":"WebPage","@id":"https:\/\/www.rimocc.com\/product\/premier-signia-maple-cherry-red-lacquer-12-13-16-22\/","url":"https:\/\/www.rimocc.com\/product\/premier-signia-maple-cherry-red-lacquer-12-13-16-22\/","name":"Premier Signia Maple Cherry Red Lacquer 12\" 13\" 16\" 22\" - D\u00e9p\u00f4t Vente Batterie Percussion | Rimocc Lyon","isPartOf":{"@id":"https:\/\/www.rimocc.com\/#website"},"primaryImageOfPage":{"@id":"https:\/\/www.rimocc.com\/product\/premier-signia-maple-cherry-red-lacquer-12-13-16-22\/#primaryimage"},"image":{"@id":"https:\/\/www.rimocc.com\/product\/premier-signia-maple-cherry-red-lacquer-12-13-16-22\/#primaryimage"},"thumbnailUrl":"https:\/\/www.rimocc.com\/wp-content\/uploads\/2023\/06\/0e6ab0_b6358852b6734d269698853ea0b78b47mv2.webp","datePublished":"2023-06-08T21:12:27+00:00","dateModified":"2023-06-13T14:03:29+00:00","breadcrumb":{"@id":"https:\/\/www.rimocc.com\/product\/premier-signia-maple-cherry-red-lacquer-12-13-16-22\/#breadcrumb"},"inLanguage":"en-US","potentialAction":[{"@type":"ReadAction","target":["https:\/\/www.rimocc.com\/product\/premier-signia-maple-cherry-red-lacquer-12-13-16-22\/"]}]},{"@type":"ImageObject","inLanguage":"en-US","@id":"https:\/\/www.rimocc.com\/product\/premier-signia-maple-cherry-red-lacquer-12-13-16-22\/#primaryimage","url":"https:\/\/www.rimocc.com\/wp-content\/uploads\/2023\/06\/0e6ab0_b6358852b6734d269698853ea0b78b47mv2.webp","contentUrl":"https:\/\/www.rimocc.com\/wp-content\/uploads\/2023\/06\/0e6ab0_b6358852b6734d269698853ea0b78b47mv2.webp","width":500,"height":500},{"@type":"BreadcrumbList","@id":"https:\/\/www.rimocc.com\/product\/premier-signia-maple-cherry-red-lacquer-12-13-16-22\/#breadcrumb","itemListElement":[{"@type":"ListItem","position":1,"name":"Home","item":"https:\/\/www.rimocc.com\/"},{"@type":"ListItem","position":2,"name":"Shop","item":"https:\/\/www.rimocc.com\/shop\/"},{"@type":"ListItem","position":3,"name":"Premier Signia Maple Cherry Red Lacquer 12&#8243; 13&#8243; 16&#8243; 22&#8243;"}]},{"@type":"WebSite","@id":"https:\/\/www.rimocc.com\/#website","url":"https:\/\/www.rimocc.com\/","name":"D\u00e9p\u00f4t Vente Batterie Percussion | Rimocc Lyon","description":"Rimocc: l&#039;unique magasin d\u00e9di\u00e9 enti\u00e8rement \u00e0 la batterie, percussion d&#039;occasion et vintage \u00e0 Lyon, France","publisher":{"@id":"https:\/\/www.rimocc.com\/#organization"},"alternateName":"Rimocc'","potentialAction":[{"@type":"SearchAction","target":{"@type":"EntryPoint","urlTemplate":"https:\/\/www.rimocc.com\/?s={search_term_string}"},"query-input":{"@type":"PropertyValueSpecification","valueRequired":true,"valueName":"search_term_string"}}],"inLanguage":"en-US"},{"@type":"Organization","@id":"https:\/\/www.rimocc.com\/#organization","name":"Rimocc'","alternateName":"Rimocc","url":"https:\/\/www.rimocc.com\/","logo":{"@type":"ImageObject","inLanguage":"en-US","@id":"https:\/\/www.rimocc.com\/#\/schema\/logo\/image\/","url":"https:\/\/i0.wp.com\/www.rimocc.com\/wp-content\/uploads\/2023\/07\/RIMOCC_LOGO.jpg?fit=459%2C114&ssl=1","contentUrl":"https:\/\/i0.wp.com\/www.rimocc.com\/wp-content\/uploads\/2023\/07\/RIMOCC_LOGO.jpg?fit=459%2C114&ssl=1","width":459,"height":114,"caption":"Rimocc'"},"image":{"@id":"https:\/\/www.rimocc.com\/#\/schema\/logo\/image\/"},"sameAs":["https:\/\/www.facebook.com\/rimocclyon\/?locale=fr_FR","https:\/\/www.instagram.com\/rimoccc\/?hl=fr","https:\/\/www.tiktok.com\/@rimocc","https:\/\/www.youtube.com\/@Rimocc"]}]}},"jetpack_publicize_connections":[],"jetpack_sharing_enabled":true,"_links":{"self":[{"href":"https:\/\/www.rimocc.com\/en\/wp-json\/wp\/v2\/product\/826","targetHints":{"allow":["GET"]}}],"collection":[{"href":"https:\/\/www.rimocc.com\/en\/wp-json\/wp\/v2\/product"}],"about":[{"href":"https:\/\/www.rimocc.com\/en\/wp-json\/wp\/v2\/types\/product"}],"replies":[{"embeddable":true,"href":"https:\/\/www.rimocc.com\/en\/wp-json\/wp\/v2\/comments?post=826"}],"wp:featuredmedia":[{"embeddable":true,"href":"https:\/\/www.rimocc.com\/en\/wp-json\/wp\/v2\/media\/5415"}],"wp:attachment":[{"href":"https:\/\/www.rimocc.com\/en\/wp-json\/wp\/v2\/media?parent=826"}],"wp:term":[{"taxonomy":"product_brand","embeddable":true,"href":"https:\/\/www.rimocc.com\/en\/wp-json\/wp\/v2\/product_brand?post=826"},{"taxonomy":"product_cat","embeddable":true,"href":"https:\/\/www.rimocc.com\/en\/wp-json\/wp\/v2\/product_cat?post=826"},{"taxonomy":"product_tag","embeddable":true,"href":"https:\/\/www.rimocc.com\/en\/wp-json\/wp\/v2\/product_tag?post=826"}],"curies":[{"name":"wp","href":"https:\/\/api.w.org\/{rel}","templated":true}]}}