{"id":821,"date":"2023-06-08T21:12:26","date_gmt":"2023-06-08T21:12:26","guid":{"rendered":"https:\/\/rimocc.a2hosted.com\/product\/ludwig-lb550kt-hammered-bronze-14-x-5\/"},"modified":"2023-06-09T16:49:13","modified_gmt":"2023-06-09T16:49:13","slug":"ludwig-lb550kt-hammered-bronze-14-x-5","status":"publish","type":"product","link":"https:\/\/www.rimocc.com\/en\/product\/ludwig-lb550kt-hammered-bronze-14-x-5\/","title":{"rendered":"Ludwig LB550KT Hammered Bronze 14&Prime; x 5&Prime;"},"content":{"rendered":"<div>\n<div>!!NEUVE New Old Stock!! 2015\/16<\/div>\n<\/div>\n<div>\n<div>Ludwig Weather Master Heavy Coated Batter Head<\/div>\n<\/div>\n<div>\n<div>Ludwig Weather Master Clear Snare Side Head<\/div>\n<\/div>\n<div>\n<div>1295\u20ac<\/div>\n<\/div>\n<div>\n<div><u><strong>!!Merci de nous contacter pour un devis de livraison<\/strong><\/u><\/div>\n<\/div>\n<div>\n<div><u><strong>Pour la r\u00e9servation et le r\u00e8glement, merci de s\u00e9lectionner \u00ab\u00a0r\u00e9cup\u00e9ration sur site\u00a0\u00bb et nous vous ferons parvenir une facture s\u00e9par\u00e9e pour les frais de livraison!!<\/strong><\/u><\/div>\n<\/div>\n<div>\n<div><u><strong><em>!!Please contact us for an exact shipping rate (worldwide delivery)<\/em><\/strong><\/u><\/div>\n<\/div>\n<div>\n<div><u><strong><em>Please proceed with the \u00ab\u00a0pick-up option on site\u00a0\u00bb for reservation. We&rsquo;ll then send you a quote for an adapted delivery fee.!!<\/em><\/strong><\/u><\/div>\n<p>&nbsp;<\/p>\n<p>Caisse claire Rimocc&rsquo; Lyon<\/p>\n<\/div>","protected":false},"excerpt":{"rendered":"<p>!!NEUVE New Old Stock!! 2015\/16 Ludwig Weather Master Heavy Coated Batter Head Ludwig Weather Master Clear Snare Side Head 1295\u20ac !!Merci de nous contacter pour un devis de livraison Pour la r\u00e9servation et le r\u00e8glement, merci de s\u00e9lectionner \u00ab\u00a0r\u00e9cup\u00e9ration sur site\u00a0\u00bb et nous vous ferons parvenir une facture s\u00e9par\u00e9e pour les frais de livraison!! !!Please [&hellip;]<\/p>\n","protected":false},"featured_media":2521,"comment_status":"open","ping_status":"closed","template":"","meta":{"jetpack_publicize_message":"","jetpack_publicize_feature_enabled":true,"jetpack_social_post_already_shared":false,"jetpack_social_options":{"image_generator_settings":{"template":"highway","default_image_id":0,"font":"","enabled":false},"version":2}},"product_brand":[],"product_cat":[25],"product_tag":[],"class_list":{"0":"post-821","1":"product","2":"type-product","3":"status-publish","4":"has-post-thumbnail","6":"product_cat-caisse-claire","8":"entry","9":"has-media","11":"first","12":"outofstock","13":"shipping-taxable","14":"purchasable","15":"product-type-simple","16":"has-product-nav","17":"col","18":"span_1_of_3","19":"owp-content-center","20":"owp-thumbs-layout-horizontal","21":"owp-btn-normal","22":"owp-tabs-layout-horizontal"},"yoast_head":"<!-- This site is optimized with the Yoast SEO plugin v27.4 - https:\/\/yoast.com\/product\/yoast-seo-wordpress\/ -->\n<title>Ludwig LB550KT Hammered Bronze 14&quot; x 5&quot; - D\u00e9p\u00f4t Vente Batterie Percussion | Rimocc Lyon<\/title>\n<meta name=\"robots\" content=\"index, follow, max-snippet:-1, max-image-preview:large, max-video-preview:-1\" \/>\n<link rel=\"canonical\" href=\"https:\/\/www.rimocc.com\/en\/product\/ludwig-lb550kt-hammered-bronze-14-x-5\/\" \/>\n<meta property=\"og:locale\" content=\"en_US\" \/>\n<meta property=\"og:type\" content=\"article\" \/>\n<meta property=\"og:title\" content=\"Ludwig LB550KT Hammered Bronze 14&quot; x 5&quot; - D\u00e9p\u00f4t Vente Batterie Percussion | Rimocc Lyon\" \/>\n<meta property=\"og:description\" content=\"!!NEUVE New Old Stock!! 2015\/16 Ludwig Weather Master Heavy Coated Batter Head Ludwig Weather Master Clear Snare Side Head 1295\u20ac !!Merci de nous contacter pour un devis de livraison Pour la r\u00e9servation et le r\u00e8glement, merci de s\u00e9lectionner \u00ab\u00a0r\u00e9cup\u00e9ration sur site\u00a0\u00bb et nous vous ferons parvenir une facture s\u00e9par\u00e9e pour les frais de livraison!! !!Please [&hellip;]\" \/>\n<meta property=\"og:url\" content=\"https:\/\/www.rimocc.com\/en\/product\/ludwig-lb550kt-hammered-bronze-14-x-5\/\" \/>\n<meta property=\"og:site_name\" content=\"D\u00e9p\u00f4t Vente Batterie Percussion | Rimocc Lyon\" \/>\n<meta property=\"article:publisher\" content=\"https:\/\/www.facebook.com\/rimocclyon\/?locale=fr_FR\" \/>\n<meta property=\"article:modified_time\" content=\"2023-06-09T16:49:13+00:00\" \/>\n<meta property=\"og:image\" content=\"https:\/\/www.rimocc.com\/wp-content\/uploads\/2023\/06\/0e6ab0_dd94f3c0f47f4054b81430a9f894a94amv2.webp\" \/>\n\t<meta property=\"og:image:width\" content=\"500\" \/>\n\t<meta property=\"og:image:height\" content=\"500\" \/>\n\t<meta property=\"og:image:type\" content=\"image\/webp\" \/>\n<meta name=\"twitter:card\" content=\"summary_large_image\" \/>\n<script type=\"application\/ld+json\" class=\"yoast-schema-graph\">{\"@context\":\"https:\\\/\\\/schema.org\",\"@graph\":[{\"@type\":\"WebPage\",\"@id\":\"https:\\\/\\\/www.rimocc.com\\\/product\\\/ludwig-lb550kt-hammered-bronze-14-x-5\\\/\",\"url\":\"https:\\\/\\\/www.rimocc.com\\\/product\\\/ludwig-lb550kt-hammered-bronze-14-x-5\\\/\",\"name\":\"Ludwig LB550KT Hammered Bronze 14\\\" x 5\\\" - D\u00e9p\u00f4t Vente Batterie Percussion | Rimocc Lyon\",\"isPartOf\":{\"@id\":\"https:\\\/\\\/www.rimocc.com\\\/#website\"},\"primaryImageOfPage\":{\"@id\":\"https:\\\/\\\/www.rimocc.com\\\/product\\\/ludwig-lb550kt-hammered-bronze-14-x-5\\\/#primaryimage\"},\"image\":{\"@id\":\"https:\\\/\\\/www.rimocc.com\\\/product\\\/ludwig-lb550kt-hammered-bronze-14-x-5\\\/#primaryimage\"},\"thumbnailUrl\":\"https:\\\/\\\/www.rimocc.com\\\/wp-content\\\/uploads\\\/2023\\\/06\\\/0e6ab0_dd94f3c0f47f4054b81430a9f894a94amv2.webp\",\"datePublished\":\"2023-06-08T21:12:26+00:00\",\"dateModified\":\"2023-06-09T16:49:13+00:00\",\"breadcrumb\":{\"@id\":\"https:\\\/\\\/www.rimocc.com\\\/product\\\/ludwig-lb550kt-hammered-bronze-14-x-5\\\/#breadcrumb\"},\"inLanguage\":\"en-US\",\"potentialAction\":[{\"@type\":\"ReadAction\",\"target\":[\"https:\\\/\\\/www.rimocc.com\\\/product\\\/ludwig-lb550kt-hammered-bronze-14-x-5\\\/\"]}]},{\"@type\":\"ImageObject\",\"inLanguage\":\"en-US\",\"@id\":\"https:\\\/\\\/www.rimocc.com\\\/product\\\/ludwig-lb550kt-hammered-bronze-14-x-5\\\/#primaryimage\",\"url\":\"https:\\\/\\\/www.rimocc.com\\\/wp-content\\\/uploads\\\/2023\\\/06\\\/0e6ab0_dd94f3c0f47f4054b81430a9f894a94amv2.webp\",\"contentUrl\":\"https:\\\/\\\/www.rimocc.com\\\/wp-content\\\/uploads\\\/2023\\\/06\\\/0e6ab0_dd94f3c0f47f4054b81430a9f894a94amv2.webp\",\"width\":500,\"height\":500},{\"@type\":\"BreadcrumbList\",\"@id\":\"https:\\\/\\\/www.rimocc.com\\\/product\\\/ludwig-lb550kt-hammered-bronze-14-x-5\\\/#breadcrumb\",\"itemListElement\":[{\"@type\":\"ListItem\",\"position\":1,\"name\":\"Home\",\"item\":\"https:\\\/\\\/www.rimocc.com\\\/\"},{\"@type\":\"ListItem\",\"position\":2,\"name\":\"Shop\",\"item\":\"https:\\\/\\\/www.rimocc.com\\\/shop\\\/\"},{\"@type\":\"ListItem\",\"position\":3,\"name\":\"Ludwig LB550KT Hammered Bronze 14&#8243; x 5&#8243;\"}]},{\"@type\":\"WebSite\",\"@id\":\"https:\\\/\\\/www.rimocc.com\\\/#website\",\"url\":\"https:\\\/\\\/www.rimocc.com\\\/\",\"name\":\"D\u00e9p\u00f4t Vente Batterie Percussion | Rimocc Lyon\",\"description\":\"Rimocc: l&#039;unique magasin d\u00e9di\u00e9 enti\u00e8rement \u00e0 la batterie, percussion d&#039;occasion et vintage \u00e0 Lyon, France\",\"publisher\":{\"@id\":\"https:\\\/\\\/www.rimocc.com\\\/#organization\"},\"alternateName\":\"Rimocc'\",\"potentialAction\":[{\"@type\":\"SearchAction\",\"target\":{\"@type\":\"EntryPoint\",\"urlTemplate\":\"https:\\\/\\\/www.rimocc.com\\\/?s={search_term_string}\"},\"query-input\":{\"@type\":\"PropertyValueSpecification\",\"valueRequired\":true,\"valueName\":\"search_term_string\"}}],\"inLanguage\":\"en-US\"},{\"@type\":\"Organization\",\"@id\":\"https:\\\/\\\/www.rimocc.com\\\/#organization\",\"name\":\"Rimocc'\",\"alternateName\":\"Rimocc\",\"url\":\"https:\\\/\\\/www.rimocc.com\\\/\",\"logo\":{\"@type\":\"ImageObject\",\"inLanguage\":\"en-US\",\"@id\":\"https:\\\/\\\/www.rimocc.com\\\/#\\\/schema\\\/logo\\\/image\\\/\",\"url\":\"https:\\\/\\\/i0.wp.com\\\/www.rimocc.com\\\/wp-content\\\/uploads\\\/2023\\\/07\\\/RIMOCC_LOGO.jpg?fit=459%2C114&ssl=1\",\"contentUrl\":\"https:\\\/\\\/i0.wp.com\\\/www.rimocc.com\\\/wp-content\\\/uploads\\\/2023\\\/07\\\/RIMOCC_LOGO.jpg?fit=459%2C114&ssl=1\",\"width\":459,\"height\":114,\"caption\":\"Rimocc'\"},\"image\":{\"@id\":\"https:\\\/\\\/www.rimocc.com\\\/#\\\/schema\\\/logo\\\/image\\\/\"},\"sameAs\":[\"https:\\\/\\\/www.facebook.com\\\/rimocclyon\\\/?locale=fr_FR\",\"https:\\\/\\\/www.instagram.com\\\/rimoccc\\\/?hl=fr\",\"https:\\\/\\\/www.tiktok.com\\\/@rimocc\",\"https:\\\/\\\/www.youtube.com\\\/@Rimocc\"]}]}<\/script>\n<!-- \/ Yoast SEO plugin. -->","yoast_head_json":{"title":"Ludwig LB550KT Hammered Bronze 14\" x 5\" - D\u00e9p\u00f4t Vente Batterie Percussion | Rimocc Lyon","robots":{"index":"index","follow":"follow","max-snippet":"max-snippet:-1","max-image-preview":"max-image-preview:large","max-video-preview":"max-video-preview:-1"},"canonical":"https:\/\/www.rimocc.com\/en\/product\/ludwig-lb550kt-hammered-bronze-14-x-5\/","og_locale":"en_US","og_type":"article","og_title":"Ludwig LB550KT Hammered Bronze 14\" x 5\" - D\u00e9p\u00f4t Vente Batterie Percussion | Rimocc Lyon","og_description":"!!NEUVE New Old Stock!! 2015\/16 Ludwig Weather Master Heavy Coated Batter Head Ludwig Weather Master Clear Snare Side Head 1295\u20ac !!Merci de nous contacter pour un devis de livraison Pour la r\u00e9servation et le r\u00e8glement, merci de s\u00e9lectionner \u00ab\u00a0r\u00e9cup\u00e9ration sur site\u00a0\u00bb et nous vous ferons parvenir une facture s\u00e9par\u00e9e pour les frais de livraison!! !!Please [&hellip;]","og_url":"https:\/\/www.rimocc.com\/en\/product\/ludwig-lb550kt-hammered-bronze-14-x-5\/","og_site_name":"D\u00e9p\u00f4t Vente Batterie Percussion | Rimocc Lyon","article_publisher":"https:\/\/www.facebook.com\/rimocclyon\/?locale=fr_FR","article_modified_time":"2023-06-09T16:49:13+00:00","og_image":[{"width":500,"height":500,"url":"https:\/\/www.rimocc.com\/wp-content\/uploads\/2023\/06\/0e6ab0_dd94f3c0f47f4054b81430a9f894a94amv2.webp","type":"image\/webp"}],"twitter_card":"summary_large_image","schema":{"@context":"https:\/\/schema.org","@graph":[{"@type":"WebPage","@id":"https:\/\/www.rimocc.com\/product\/ludwig-lb550kt-hammered-bronze-14-x-5\/","url":"https:\/\/www.rimocc.com\/product\/ludwig-lb550kt-hammered-bronze-14-x-5\/","name":"Ludwig LB550KT Hammered Bronze 14\" x 5\" - D\u00e9p\u00f4t Vente Batterie Percussion | Rimocc Lyon","isPartOf":{"@id":"https:\/\/www.rimocc.com\/#website"},"primaryImageOfPage":{"@id":"https:\/\/www.rimocc.com\/product\/ludwig-lb550kt-hammered-bronze-14-x-5\/#primaryimage"},"image":{"@id":"https:\/\/www.rimocc.com\/product\/ludwig-lb550kt-hammered-bronze-14-x-5\/#primaryimage"},"thumbnailUrl":"https:\/\/www.rimocc.com\/wp-content\/uploads\/2023\/06\/0e6ab0_dd94f3c0f47f4054b81430a9f894a94amv2.webp","datePublished":"2023-06-08T21:12:26+00:00","dateModified":"2023-06-09T16:49:13+00:00","breadcrumb":{"@id":"https:\/\/www.rimocc.com\/product\/ludwig-lb550kt-hammered-bronze-14-x-5\/#breadcrumb"},"inLanguage":"en-US","potentialAction":[{"@type":"ReadAction","target":["https:\/\/www.rimocc.com\/product\/ludwig-lb550kt-hammered-bronze-14-x-5\/"]}]},{"@type":"ImageObject","inLanguage":"en-US","@id":"https:\/\/www.rimocc.com\/product\/ludwig-lb550kt-hammered-bronze-14-x-5\/#primaryimage","url":"https:\/\/www.rimocc.com\/wp-content\/uploads\/2023\/06\/0e6ab0_dd94f3c0f47f4054b81430a9f894a94amv2.webp","contentUrl":"https:\/\/www.rimocc.com\/wp-content\/uploads\/2023\/06\/0e6ab0_dd94f3c0f47f4054b81430a9f894a94amv2.webp","width":500,"height":500},{"@type":"BreadcrumbList","@id":"https:\/\/www.rimocc.com\/product\/ludwig-lb550kt-hammered-bronze-14-x-5\/#breadcrumb","itemListElement":[{"@type":"ListItem","position":1,"name":"Home","item":"https:\/\/www.rimocc.com\/"},{"@type":"ListItem","position":2,"name":"Shop","item":"https:\/\/www.rimocc.com\/shop\/"},{"@type":"ListItem","position":3,"name":"Ludwig LB550KT Hammered Bronze 14&#8243; x 5&#8243;"}]},{"@type":"WebSite","@id":"https:\/\/www.rimocc.com\/#website","url":"https:\/\/www.rimocc.com\/","name":"D\u00e9p\u00f4t Vente Batterie Percussion | Rimocc Lyon","description":"Rimocc: l&#039;unique magasin d\u00e9di\u00e9 enti\u00e8rement \u00e0 la batterie, percussion d&#039;occasion et vintage \u00e0 Lyon, France","publisher":{"@id":"https:\/\/www.rimocc.com\/#organization"},"alternateName":"Rimocc'","potentialAction":[{"@type":"SearchAction","target":{"@type":"EntryPoint","urlTemplate":"https:\/\/www.rimocc.com\/?s={search_term_string}"},"query-input":{"@type":"PropertyValueSpecification","valueRequired":true,"valueName":"search_term_string"}}],"inLanguage":"en-US"},{"@type":"Organization","@id":"https:\/\/www.rimocc.com\/#organization","name":"Rimocc'","alternateName":"Rimocc","url":"https:\/\/www.rimocc.com\/","logo":{"@type":"ImageObject","inLanguage":"en-US","@id":"https:\/\/www.rimocc.com\/#\/schema\/logo\/image\/","url":"https:\/\/i0.wp.com\/www.rimocc.com\/wp-content\/uploads\/2023\/07\/RIMOCC_LOGO.jpg?fit=459%2C114&ssl=1","contentUrl":"https:\/\/i0.wp.com\/www.rimocc.com\/wp-content\/uploads\/2023\/07\/RIMOCC_LOGO.jpg?fit=459%2C114&ssl=1","width":459,"height":114,"caption":"Rimocc'"},"image":{"@id":"https:\/\/www.rimocc.com\/#\/schema\/logo\/image\/"},"sameAs":["https:\/\/www.facebook.com\/rimocclyon\/?locale=fr_FR","https:\/\/www.instagram.com\/rimoccc\/?hl=fr","https:\/\/www.tiktok.com\/@rimocc","https:\/\/www.youtube.com\/@Rimocc"]}]}},"jetpack_publicize_connections":[],"jetpack_sharing_enabled":true,"_links":{"self":[{"href":"https:\/\/www.rimocc.com\/en\/wp-json\/wp\/v2\/product\/821","targetHints":{"allow":["GET"]}}],"collection":[{"href":"https:\/\/www.rimocc.com\/en\/wp-json\/wp\/v2\/product"}],"about":[{"href":"https:\/\/www.rimocc.com\/en\/wp-json\/wp\/v2\/types\/product"}],"replies":[{"embeddable":true,"href":"https:\/\/www.rimocc.com\/en\/wp-json\/wp\/v2\/comments?post=821"}],"wp:featuredmedia":[{"embeddable":true,"href":"https:\/\/www.rimocc.com\/en\/wp-json\/wp\/v2\/media\/2521"}],"wp:attachment":[{"href":"https:\/\/www.rimocc.com\/en\/wp-json\/wp\/v2\/media?parent=821"}],"wp:term":[{"taxonomy":"product_brand","embeddable":true,"href":"https:\/\/www.rimocc.com\/en\/wp-json\/wp\/v2\/product_brand?post=821"},{"taxonomy":"product_cat","embeddable":true,"href":"https:\/\/www.rimocc.com\/en\/wp-json\/wp\/v2\/product_cat?post=821"},{"taxonomy":"product_tag","embeddable":true,"href":"https:\/\/www.rimocc.com\/en\/wp-json\/wp\/v2\/product_tag?post=821"}],"curies":[{"name":"wp","href":"https:\/\/api.w.org\/{rel}","templated":true}]}}