{"id":743,"date":"2023-06-08T21:12:22","date_gmt":"2023-06-08T21:12:22","guid":{"rendered":"https:\/\/rimocc.a2hosted.com\/product\/slingerland-gene-krupa-deluxe-outfit-20x14-13x9-16x16-black-diamond-pearl\/"},"modified":"2023-06-13T13:26:48","modified_gmt":"2023-06-13T13:26:48","slug":"slingerland-gene-krupa-deluxe-outfit-20x14-13x9-16x16-black-diamond-pearl","status":"publish","type":"product","link":"https:\/\/www.rimocc.com\/en\/product\/slingerland-gene-krupa-deluxe-outfit-20x14-13x9-16x16-black-diamond-pearl\/","title":{"rendered":"Slingerland Gene Krupa Deluxe Outfit 20&Prime;x14&Prime; 13&Prime;x9&Prime; 16&Prime;x16&Prime; Black Diamond Pearl"},"content":{"rendered":"<div>\n<div>Un magnifique set Slingerland Gene Krupa Deluxe Outfit<\/div>\n<\/div>\n<div>\n<div>20&Prime;x14&Prime; 13&Prime;x9&Prime; 16&Prime;x16&Prime; Black Diamond Pearl de 1969<\/div>\n<\/div>\n<div>\n<div>Renforts de chanfreins. Peaux d&rsquo;origine Slingerland sur tous les f\u00fbts sauf r\u00e9so GC<\/div>\n<\/div>\n<div>\n<div>Tr\u00e8s bon \u00e9tat + g\u00e9n\u00e9ral \u00e0 l&rsquo;exception d&rsquo;un trace de brulure sur le rhodo du tom bass (\u00e0 poncer\/voir photo). Il manque les patins des pics de grosse caisse sinon tout est complet. Possibilit\u00e9 de rajouter la cloche et la p\u00e9dale de GC d&rsquo;origine<\/div>\n<\/div>\n<div>\n<div>(enl\u00e8vement sur place privil\u00e9gi\u00e9 mais envoi possible dans toute la France sur devis s\u00e9par\u00e9)<\/div>\n<p>&nbsp;<\/p>\n<p>Batterie Caisse claire Cymbale Rimocc&rsquo; Lyon<\/p>\n<\/div>","protected":false},"excerpt":{"rendered":"<p>Un magnifique set Slingerland Gene Krupa Deluxe Outfit 20&Prime;x14&Prime; 13&Prime;x9&Prime; 16&Prime;x16&Prime; Black Diamond Pearl de 1969 Renforts de chanfreins. Peaux d&rsquo;origine Slingerland sur tous les f\u00fbts sauf r\u00e9so GC Tr\u00e8s bon \u00e9tat + g\u00e9n\u00e9ral \u00e0 l&rsquo;exception d&rsquo;un trace de brulure sur le rhodo du tom bass (\u00e0 poncer\/voir photo). Il manque les patins des pics [&hellip;]<\/p>\n","protected":false},"featured_media":5281,"comment_status":"open","ping_status":"closed","template":"","meta":{"jetpack_publicize_message":"","jetpack_publicize_feature_enabled":true,"jetpack_social_post_already_shared":false,"jetpack_social_options":{"image_generator_settings":{"template":"highway","default_image_id":0,"font":"","enabled":false},"version":2}},"product_brand":[],"product_cat":[20],"product_tag":[],"class_list":{"0":"post-743","1":"product","2":"type-product","3":"status-publish","4":"has-post-thumbnail","6":"product_cat-batterie","8":"entry","9":"has-media","11":"first","12":"outofstock","13":"shipping-taxable","14":"purchasable","15":"product-type-simple","16":"has-product-nav","17":"col","18":"span_1_of_3","19":"owp-content-center","20":"owp-thumbs-layout-horizontal","21":"owp-btn-normal","22":"owp-tabs-layout-horizontal"},"yoast_head":"<!-- This site is optimized with the Yoast SEO plugin v27.4 - https:\/\/yoast.com\/product\/yoast-seo-wordpress\/ -->\n<title>Slingerland Gene Krupa Deluxe Outfit 20&quot;x14&quot; 13&quot;x9&quot; 16&quot;x16&quot; Black Diamond Pearl - D\u00e9p\u00f4t Vente Batterie Percussion | Rimocc Lyon<\/title>\n<meta name=\"robots\" content=\"index, follow, max-snippet:-1, max-image-preview:large, max-video-preview:-1\" \/>\n<link rel=\"canonical\" href=\"https:\/\/www.rimocc.com\/en\/product\/slingerland-gene-krupa-deluxe-outfit-20x14-13x9-16x16-black-diamond-pearl\/\" \/>\n<meta property=\"og:locale\" content=\"en_US\" \/>\n<meta property=\"og:type\" content=\"article\" \/>\n<meta property=\"og:title\" content=\"Slingerland Gene Krupa Deluxe Outfit 20&quot;x14&quot; 13&quot;x9&quot; 16&quot;x16&quot; Black Diamond Pearl - D\u00e9p\u00f4t Vente Batterie Percussion | Rimocc Lyon\" \/>\n<meta property=\"og:description\" content=\"Un magnifique set Slingerland Gene Krupa Deluxe Outfit 20&Prime;x14&Prime; 13&Prime;x9&Prime; 16&Prime;x16&Prime; Black Diamond Pearl de 1969 Renforts de chanfreins. Peaux d&rsquo;origine Slingerland sur tous les f\u00fbts sauf r\u00e9so GC Tr\u00e8s bon \u00e9tat + g\u00e9n\u00e9ral \u00e0 l&rsquo;exception d&rsquo;un trace de brulure sur le rhodo du tom bass (\u00e0 poncer\/voir photo). Il manque les patins des pics [&hellip;]\" \/>\n<meta property=\"og:url\" content=\"https:\/\/www.rimocc.com\/en\/product\/slingerland-gene-krupa-deluxe-outfit-20x14-13x9-16x16-black-diamond-pearl\/\" \/>\n<meta property=\"og:site_name\" content=\"D\u00e9p\u00f4t Vente Batterie Percussion | Rimocc Lyon\" \/>\n<meta property=\"article:publisher\" content=\"https:\/\/www.facebook.com\/rimocclyon\/?locale=fr_FR\" \/>\n<meta property=\"article:modified_time\" content=\"2023-06-13T13:26:48+00:00\" \/>\n<meta property=\"og:image\" content=\"https:\/\/www.rimocc.com\/wp-content\/uploads\/2023\/06\/0e6ab0_4408fd5f5f1c457495f129766c3f2ae6mv2.webp\" \/>\n\t<meta property=\"og:image:width\" content=\"500\" \/>\n\t<meta property=\"og:image:height\" content=\"500\" \/>\n\t<meta property=\"og:image:type\" content=\"image\/webp\" \/>\n<meta name=\"twitter:card\" content=\"summary_large_image\" \/>\n<meta name=\"twitter:label1\" content=\"Est. reading time\" \/>\n\t<meta name=\"twitter:data1\" content=\"1 minute\" \/>\n<script type=\"application\/ld+json\" class=\"yoast-schema-graph\">{\"@context\":\"https:\\\/\\\/schema.org\",\"@graph\":[{\"@type\":\"WebPage\",\"@id\":\"https:\\\/\\\/www.rimocc.com\\\/product\\\/slingerland-gene-krupa-deluxe-outfit-20x14-13x9-16x16-black-diamond-pearl\\\/\",\"url\":\"https:\\\/\\\/www.rimocc.com\\\/product\\\/slingerland-gene-krupa-deluxe-outfit-20x14-13x9-16x16-black-diamond-pearl\\\/\",\"name\":\"Slingerland Gene Krupa Deluxe Outfit 20\\\"x14\\\" 13\\\"x9\\\" 16\\\"x16\\\" Black Diamond Pearl - D\u00e9p\u00f4t Vente Batterie Percussion | Rimocc Lyon\",\"isPartOf\":{\"@id\":\"https:\\\/\\\/www.rimocc.com\\\/#website\"},\"primaryImageOfPage\":{\"@id\":\"https:\\\/\\\/www.rimocc.com\\\/product\\\/slingerland-gene-krupa-deluxe-outfit-20x14-13x9-16x16-black-diamond-pearl\\\/#primaryimage\"},\"image\":{\"@id\":\"https:\\\/\\\/www.rimocc.com\\\/product\\\/slingerland-gene-krupa-deluxe-outfit-20x14-13x9-16x16-black-diamond-pearl\\\/#primaryimage\"},\"thumbnailUrl\":\"https:\\\/\\\/www.rimocc.com\\\/wp-content\\\/uploads\\\/2023\\\/06\\\/0e6ab0_4408fd5f5f1c457495f129766c3f2ae6mv2.webp\",\"datePublished\":\"2023-06-08T21:12:22+00:00\",\"dateModified\":\"2023-06-13T13:26:48+00:00\",\"breadcrumb\":{\"@id\":\"https:\\\/\\\/www.rimocc.com\\\/product\\\/slingerland-gene-krupa-deluxe-outfit-20x14-13x9-16x16-black-diamond-pearl\\\/#breadcrumb\"},\"inLanguage\":\"en-US\",\"potentialAction\":[{\"@type\":\"ReadAction\",\"target\":[\"https:\\\/\\\/www.rimocc.com\\\/product\\\/slingerland-gene-krupa-deluxe-outfit-20x14-13x9-16x16-black-diamond-pearl\\\/\"]}]},{\"@type\":\"ImageObject\",\"inLanguage\":\"en-US\",\"@id\":\"https:\\\/\\\/www.rimocc.com\\\/product\\\/slingerland-gene-krupa-deluxe-outfit-20x14-13x9-16x16-black-diamond-pearl\\\/#primaryimage\",\"url\":\"https:\\\/\\\/www.rimocc.com\\\/wp-content\\\/uploads\\\/2023\\\/06\\\/0e6ab0_4408fd5f5f1c457495f129766c3f2ae6mv2.webp\",\"contentUrl\":\"https:\\\/\\\/www.rimocc.com\\\/wp-content\\\/uploads\\\/2023\\\/06\\\/0e6ab0_4408fd5f5f1c457495f129766c3f2ae6mv2.webp\",\"width\":500,\"height\":500},{\"@type\":\"BreadcrumbList\",\"@id\":\"https:\\\/\\\/www.rimocc.com\\\/product\\\/slingerland-gene-krupa-deluxe-outfit-20x14-13x9-16x16-black-diamond-pearl\\\/#breadcrumb\",\"itemListElement\":[{\"@type\":\"ListItem\",\"position\":1,\"name\":\"Home\",\"item\":\"https:\\\/\\\/www.rimocc.com\\\/\"},{\"@type\":\"ListItem\",\"position\":2,\"name\":\"Shop\",\"item\":\"https:\\\/\\\/www.rimocc.com\\\/shop\\\/\"},{\"@type\":\"ListItem\",\"position\":3,\"name\":\"Slingerland Gene Krupa Deluxe Outfit 20&#8243;x14&#8243; 13&#8243;x9&#8243; 16&#8243;x16&#8243; Black Diamond Pearl\"}]},{\"@type\":\"WebSite\",\"@id\":\"https:\\\/\\\/www.rimocc.com\\\/#website\",\"url\":\"https:\\\/\\\/www.rimocc.com\\\/\",\"name\":\"D\u00e9p\u00f4t Vente Batterie Percussion | Rimocc Lyon\",\"description\":\"Rimocc: l&#039;unique magasin d\u00e9di\u00e9 enti\u00e8rement \u00e0 la batterie, percussion d&#039;occasion et vintage \u00e0 Lyon, France\",\"publisher\":{\"@id\":\"https:\\\/\\\/www.rimocc.com\\\/#organization\"},\"alternateName\":\"Rimocc'\",\"potentialAction\":[{\"@type\":\"SearchAction\",\"target\":{\"@type\":\"EntryPoint\",\"urlTemplate\":\"https:\\\/\\\/www.rimocc.com\\\/?s={search_term_string}\"},\"query-input\":{\"@type\":\"PropertyValueSpecification\",\"valueRequired\":true,\"valueName\":\"search_term_string\"}}],\"inLanguage\":\"en-US\"},{\"@type\":\"Organization\",\"@id\":\"https:\\\/\\\/www.rimocc.com\\\/#organization\",\"name\":\"Rimocc'\",\"alternateName\":\"Rimocc\",\"url\":\"https:\\\/\\\/www.rimocc.com\\\/\",\"logo\":{\"@type\":\"ImageObject\",\"inLanguage\":\"en-US\",\"@id\":\"https:\\\/\\\/www.rimocc.com\\\/#\\\/schema\\\/logo\\\/image\\\/\",\"url\":\"https:\\\/\\\/i0.wp.com\\\/www.rimocc.com\\\/wp-content\\\/uploads\\\/2023\\\/07\\\/RIMOCC_LOGO.jpg?fit=459%2C114&ssl=1\",\"contentUrl\":\"https:\\\/\\\/i0.wp.com\\\/www.rimocc.com\\\/wp-content\\\/uploads\\\/2023\\\/07\\\/RIMOCC_LOGO.jpg?fit=459%2C114&ssl=1\",\"width\":459,\"height\":114,\"caption\":\"Rimocc'\"},\"image\":{\"@id\":\"https:\\\/\\\/www.rimocc.com\\\/#\\\/schema\\\/logo\\\/image\\\/\"},\"sameAs\":[\"https:\\\/\\\/www.facebook.com\\\/rimocclyon\\\/?locale=fr_FR\",\"https:\\\/\\\/www.instagram.com\\\/rimoccc\\\/?hl=fr\",\"https:\\\/\\\/www.tiktok.com\\\/@rimocc\",\"https:\\\/\\\/www.youtube.com\\\/@Rimocc\"]}]}<\/script>\n<!-- \/ Yoast SEO plugin. -->","yoast_head_json":{"title":"Slingerland Gene Krupa Deluxe Outfit 20\"x14\" 13\"x9\" 16\"x16\" Black Diamond Pearl - D\u00e9p\u00f4t Vente Batterie Percussion | Rimocc Lyon","robots":{"index":"index","follow":"follow","max-snippet":"max-snippet:-1","max-image-preview":"max-image-preview:large","max-video-preview":"max-video-preview:-1"},"canonical":"https:\/\/www.rimocc.com\/en\/product\/slingerland-gene-krupa-deluxe-outfit-20x14-13x9-16x16-black-diamond-pearl\/","og_locale":"en_US","og_type":"article","og_title":"Slingerland Gene Krupa Deluxe Outfit 20\"x14\" 13\"x9\" 16\"x16\" Black Diamond Pearl - D\u00e9p\u00f4t Vente Batterie Percussion | Rimocc Lyon","og_description":"Un magnifique set Slingerland Gene Krupa Deluxe Outfit 20&Prime;x14&Prime; 13&Prime;x9&Prime; 16&Prime;x16&Prime; Black Diamond Pearl de 1969 Renforts de chanfreins. Peaux d&rsquo;origine Slingerland sur tous les f\u00fbts sauf r\u00e9so GC Tr\u00e8s bon \u00e9tat + g\u00e9n\u00e9ral \u00e0 l&rsquo;exception d&rsquo;un trace de brulure sur le rhodo du tom bass (\u00e0 poncer\/voir photo). Il manque les patins des pics [&hellip;]","og_url":"https:\/\/www.rimocc.com\/en\/product\/slingerland-gene-krupa-deluxe-outfit-20x14-13x9-16x16-black-diamond-pearl\/","og_site_name":"D\u00e9p\u00f4t Vente Batterie Percussion | Rimocc Lyon","article_publisher":"https:\/\/www.facebook.com\/rimocclyon\/?locale=fr_FR","article_modified_time":"2023-06-13T13:26:48+00:00","og_image":[{"width":500,"height":500,"url":"https:\/\/www.rimocc.com\/wp-content\/uploads\/2023\/06\/0e6ab0_4408fd5f5f1c457495f129766c3f2ae6mv2.webp","type":"image\/webp"}],"twitter_card":"summary_large_image","twitter_misc":{"Est. reading time":"1 minute"},"schema":{"@context":"https:\/\/schema.org","@graph":[{"@type":"WebPage","@id":"https:\/\/www.rimocc.com\/product\/slingerland-gene-krupa-deluxe-outfit-20x14-13x9-16x16-black-diamond-pearl\/","url":"https:\/\/www.rimocc.com\/product\/slingerland-gene-krupa-deluxe-outfit-20x14-13x9-16x16-black-diamond-pearl\/","name":"Slingerland Gene Krupa Deluxe Outfit 20\"x14\" 13\"x9\" 16\"x16\" Black Diamond Pearl - D\u00e9p\u00f4t Vente Batterie Percussion | Rimocc Lyon","isPartOf":{"@id":"https:\/\/www.rimocc.com\/#website"},"primaryImageOfPage":{"@id":"https:\/\/www.rimocc.com\/product\/slingerland-gene-krupa-deluxe-outfit-20x14-13x9-16x16-black-diamond-pearl\/#primaryimage"},"image":{"@id":"https:\/\/www.rimocc.com\/product\/slingerland-gene-krupa-deluxe-outfit-20x14-13x9-16x16-black-diamond-pearl\/#primaryimage"},"thumbnailUrl":"https:\/\/www.rimocc.com\/wp-content\/uploads\/2023\/06\/0e6ab0_4408fd5f5f1c457495f129766c3f2ae6mv2.webp","datePublished":"2023-06-08T21:12:22+00:00","dateModified":"2023-06-13T13:26:48+00:00","breadcrumb":{"@id":"https:\/\/www.rimocc.com\/product\/slingerland-gene-krupa-deluxe-outfit-20x14-13x9-16x16-black-diamond-pearl\/#breadcrumb"},"inLanguage":"en-US","potentialAction":[{"@type":"ReadAction","target":["https:\/\/www.rimocc.com\/product\/slingerland-gene-krupa-deluxe-outfit-20x14-13x9-16x16-black-diamond-pearl\/"]}]},{"@type":"ImageObject","inLanguage":"en-US","@id":"https:\/\/www.rimocc.com\/product\/slingerland-gene-krupa-deluxe-outfit-20x14-13x9-16x16-black-diamond-pearl\/#primaryimage","url":"https:\/\/www.rimocc.com\/wp-content\/uploads\/2023\/06\/0e6ab0_4408fd5f5f1c457495f129766c3f2ae6mv2.webp","contentUrl":"https:\/\/www.rimocc.com\/wp-content\/uploads\/2023\/06\/0e6ab0_4408fd5f5f1c457495f129766c3f2ae6mv2.webp","width":500,"height":500},{"@type":"BreadcrumbList","@id":"https:\/\/www.rimocc.com\/product\/slingerland-gene-krupa-deluxe-outfit-20x14-13x9-16x16-black-diamond-pearl\/#breadcrumb","itemListElement":[{"@type":"ListItem","position":1,"name":"Home","item":"https:\/\/www.rimocc.com\/"},{"@type":"ListItem","position":2,"name":"Shop","item":"https:\/\/www.rimocc.com\/shop\/"},{"@type":"ListItem","position":3,"name":"Slingerland Gene Krupa Deluxe Outfit 20&#8243;x14&#8243; 13&#8243;x9&#8243; 16&#8243;x16&#8243; Black Diamond Pearl"}]},{"@type":"WebSite","@id":"https:\/\/www.rimocc.com\/#website","url":"https:\/\/www.rimocc.com\/","name":"D\u00e9p\u00f4t Vente Batterie Percussion | Rimocc Lyon","description":"Rimocc: l&#039;unique magasin d\u00e9di\u00e9 enti\u00e8rement \u00e0 la batterie, percussion d&#039;occasion et vintage \u00e0 Lyon, France","publisher":{"@id":"https:\/\/www.rimocc.com\/#organization"},"alternateName":"Rimocc'","potentialAction":[{"@type":"SearchAction","target":{"@type":"EntryPoint","urlTemplate":"https:\/\/www.rimocc.com\/?s={search_term_string}"},"query-input":{"@type":"PropertyValueSpecification","valueRequired":true,"valueName":"search_term_string"}}],"inLanguage":"en-US"},{"@type":"Organization","@id":"https:\/\/www.rimocc.com\/#organization","name":"Rimocc'","alternateName":"Rimocc","url":"https:\/\/www.rimocc.com\/","logo":{"@type":"ImageObject","inLanguage":"en-US","@id":"https:\/\/www.rimocc.com\/#\/schema\/logo\/image\/","url":"https:\/\/i0.wp.com\/www.rimocc.com\/wp-content\/uploads\/2023\/07\/RIMOCC_LOGO.jpg?fit=459%2C114&ssl=1","contentUrl":"https:\/\/i0.wp.com\/www.rimocc.com\/wp-content\/uploads\/2023\/07\/RIMOCC_LOGO.jpg?fit=459%2C114&ssl=1","width":459,"height":114,"caption":"Rimocc'"},"image":{"@id":"https:\/\/www.rimocc.com\/#\/schema\/logo\/image\/"},"sameAs":["https:\/\/www.facebook.com\/rimocclyon\/?locale=fr_FR","https:\/\/www.instagram.com\/rimoccc\/?hl=fr","https:\/\/www.tiktok.com\/@rimocc","https:\/\/www.youtube.com\/@Rimocc"]}]}},"jetpack_publicize_connections":[],"jetpack_sharing_enabled":true,"_links":{"self":[{"href":"https:\/\/www.rimocc.com\/en\/wp-json\/wp\/v2\/product\/743","targetHints":{"allow":["GET"]}}],"collection":[{"href":"https:\/\/www.rimocc.com\/en\/wp-json\/wp\/v2\/product"}],"about":[{"href":"https:\/\/www.rimocc.com\/en\/wp-json\/wp\/v2\/types\/product"}],"replies":[{"embeddable":true,"href":"https:\/\/www.rimocc.com\/en\/wp-json\/wp\/v2\/comments?post=743"}],"wp:featuredmedia":[{"embeddable":true,"href":"https:\/\/www.rimocc.com\/en\/wp-json\/wp\/v2\/media\/5281"}],"wp:attachment":[{"href":"https:\/\/www.rimocc.com\/en\/wp-json\/wp\/v2\/media?parent=743"}],"wp:term":[{"taxonomy":"product_brand","embeddable":true,"href":"https:\/\/www.rimocc.com\/en\/wp-json\/wp\/v2\/product_brand?post=743"},{"taxonomy":"product_cat","embeddable":true,"href":"https:\/\/www.rimocc.com\/en\/wp-json\/wp\/v2\/product_cat?post=743"},{"taxonomy":"product_tag","embeddable":true,"href":"https:\/\/www.rimocc.com\/en\/wp-json\/wp\/v2\/product_tag?post=743"}],"curies":[{"name":"wp","href":"https:\/\/api.w.org\/{rel}","templated":true}]}}