{"id":635,"date":"2023-06-08T21:12:15","date_gmt":"2023-06-08T21:12:15","guid":{"rendered":"https:\/\/rimocc.a2hosted.com\/product\/yamaha-maple-custom-bop-18-10-12-14-black-maple-finish\/"},"modified":"2023-06-13T13:18:03","modified_gmt":"2023-06-13T13:18:03","slug":"yamaha-maple-custom-bop-18-10-12-14-black-maple-finish","status":"publish","type":"product","link":"https:\/\/www.rimocc.com\/en\/product\/yamaha-maple-custom-bop-18-10-12-14-black-maple-finish\/","title":{"rendered":"Yamaha Maple Custom Bop 18&Prime; 10&Prime; 12&Prime; 14&Prime; Black Maple Finish"},"content":{"rendered":"<p>Yamaha Maple Custom Bop 18&Prime; 10&Prime; 12&Prime; 14&Prime;<\/p>\n<p>1\u00e8re g\u00e9n\u00e9ration, coquilles dor\u00e9es<\/p>\n<p>Tom bass 14&Prime; sur pied d&rsquo;origine<\/p>\n<p>Bon \u00e9tat g\u00e9n\u00e9ral (quelques rayures, traces de frottements)<br \/>\nCertaines coquilles ont la dorure pass\u00e9e<\/p>\n<p>Les papillons de serrage du tom bass ont \u00e9t\u00e9 remplac\u00e9s par de plus solides. Possibilit\u00e9 de rajouter des originaux neufs<\/p>\n<p>Possibilit\u00e9 de rajouter la caisse claire en 14&#215;5 correspondante (voir section caisse claire)<\/p>\n<p>Equip\u00e9e de peaux Aquarian Jack De Johnette signature (grosse caisse Remo Weatherking sabl\u00e9e neuve)<\/p>\n<p>Configuration Bop rare<\/p>\n<p>(enl\u00e8vement sur place privil\u00e9gi\u00e9 mais envoi possible dans toute la France sur devis s\u00e9par\u00e9 &#8211; merci de s\u00e9lectionner l&rsquo;option retrait sur place et nous vous ferons parvenir un devis s\u00e9par\u00e9 pour la livraison, \u00e0 r\u00e9gler s\u00e9par\u00e9ment)<\/p>\n<p>1st generation, gold lugs<\/p>\n<p>Genuine 14&Prime; Floor Tom (legs)<\/p>\n<p>Good overall condition (some scratches on the varnish, rubbing traces on the shells)<br \/>\nSome lugs lugs have lost their gold finish<\/p>\n<p>The FT wing nuts have been replaced for more secure ones (possibility to add original yamaha ones)<\/p>\n<p>Fitted with Aquarian Jack De Johnette signature heads &amp;\u00a0 a new Remo Weatherking coated\u00a0 head for the BD)<\/p>\n<p>Option to add the relevant 14&#215;5 snare (see in snare drum section)<\/p>\n<p><u>International order, please enquire for a separate quote<\/u><\/p>\n<p>&nbsp;<\/p>\n<p>Batterie Caisse Claire Cymbale Rimocc&rsquo; Lyon<\/p>\n<p>&nbsp;<\/p>\n<p>&nbsp;<\/p>","protected":false},"excerpt":{"rendered":"<p>Yamaha Maple Custom Bop 18&Prime; 10&Prime; 12&Prime; 14&Prime; 1\u00e8re g\u00e9n\u00e9ration, coquilles dor\u00e9es Tom bass 14&Prime; sur pied d&rsquo;origine Bon \u00e9tat g\u00e9n\u00e9ral (quelques rayures, traces de frottements) Certaines coquilles ont la dorure pass\u00e9e Les papillons de serrage du tom bass ont \u00e9t\u00e9 remplac\u00e9s par de plus solides. Possibilit\u00e9 de rajouter des originaux neufs Possibilit\u00e9 de rajouter [&hellip;]<\/p>\n","protected":false},"featured_media":5256,"comment_status":"open","ping_status":"closed","template":"","meta":{"jetpack_publicize_message":"","jetpack_publicize_feature_enabled":true,"jetpack_social_post_already_shared":false,"jetpack_social_options":{"image_generator_settings":{"template":"highway","default_image_id":0,"font":"","enabled":false},"version":2}},"product_brand":[],"product_cat":[20],"product_tag":[],"class_list":{"0":"post-635","1":"product","2":"type-product","3":"status-publish","4":"has-post-thumbnail","6":"product_cat-batterie","8":"entry","9":"has-media","11":"first","12":"outofstock","13":"shipping-taxable","14":"purchasable","15":"product-type-simple","16":"has-product-nav","17":"col","18":"span_1_of_3","19":"owp-content-center","20":"owp-thumbs-layout-horizontal","21":"owp-btn-normal","22":"owp-tabs-layout-horizontal"},"yoast_head":"<!-- This site is optimized with the Yoast SEO plugin v27.4 - https:\/\/yoast.com\/product\/yoast-seo-wordpress\/ -->\n<title>Yamaha Maple Custom Bop 18&quot; 10&quot; 12&quot; 14&quot; Black Maple Finish - D\u00e9p\u00f4t Vente Batterie Percussion | Rimocc Lyon<\/title>\n<meta name=\"robots\" content=\"index, follow, max-snippet:-1, max-image-preview:large, max-video-preview:-1\" \/>\n<link rel=\"canonical\" href=\"https:\/\/www.rimocc.com\/en\/product\/yamaha-maple-custom-bop-18-10-12-14-black-maple-finish\/\" \/>\n<meta property=\"og:locale\" content=\"en_US\" \/>\n<meta property=\"og:type\" content=\"article\" \/>\n<meta property=\"og:title\" content=\"Yamaha Maple Custom Bop 18&quot; 10&quot; 12&quot; 14&quot; Black Maple Finish - D\u00e9p\u00f4t Vente Batterie Percussion | Rimocc Lyon\" \/>\n<meta property=\"og:description\" content=\"Yamaha Maple Custom Bop 18&Prime; 10&Prime; 12&Prime; 14&Prime; 1\u00e8re g\u00e9n\u00e9ration, coquilles dor\u00e9es Tom bass 14&Prime; sur pied d&rsquo;origine Bon \u00e9tat g\u00e9n\u00e9ral (quelques rayures, traces de frottements) Certaines coquilles ont la dorure pass\u00e9e Les papillons de serrage du tom bass ont \u00e9t\u00e9 remplac\u00e9s par de plus solides. Possibilit\u00e9 de rajouter des originaux neufs Possibilit\u00e9 de rajouter [&hellip;]\" \/>\n<meta property=\"og:url\" content=\"https:\/\/www.rimocc.com\/en\/product\/yamaha-maple-custom-bop-18-10-12-14-black-maple-finish\/\" \/>\n<meta property=\"og:site_name\" content=\"D\u00e9p\u00f4t Vente Batterie Percussion | Rimocc Lyon\" \/>\n<meta property=\"article:publisher\" content=\"https:\/\/www.facebook.com\/rimocclyon\/?locale=fr_FR\" \/>\n<meta property=\"article:modified_time\" content=\"2023-06-13T13:18:03+00:00\" \/>\n<meta property=\"og:image\" content=\"https:\/\/www.rimocc.com\/wp-content\/uploads\/2023\/06\/0e6ab0_d1352e4fa37f475bb275c8e3b5a634eemv2.webp\" \/>\n\t<meta property=\"og:image:width\" content=\"500\" \/>\n\t<meta property=\"og:image:height\" content=\"667\" \/>\n\t<meta property=\"og:image:type\" content=\"image\/webp\" \/>\n<meta name=\"twitter:card\" content=\"summary_large_image\" \/>\n<meta name=\"twitter:label1\" content=\"Est. reading time\" \/>\n\t<meta name=\"twitter:data1\" content=\"1 minute\" \/>\n<script type=\"application\/ld+json\" class=\"yoast-schema-graph\">{\"@context\":\"https:\\\/\\\/schema.org\",\"@graph\":[{\"@type\":\"WebPage\",\"@id\":\"https:\\\/\\\/www.rimocc.com\\\/product\\\/yamaha-maple-custom-bop-18-10-12-14-black-maple-finish\\\/\",\"url\":\"https:\\\/\\\/www.rimocc.com\\\/product\\\/yamaha-maple-custom-bop-18-10-12-14-black-maple-finish\\\/\",\"name\":\"Yamaha Maple Custom Bop 18\\\" 10\\\" 12\\\" 14\\\" Black Maple Finish - D\u00e9p\u00f4t Vente Batterie Percussion | Rimocc Lyon\",\"isPartOf\":{\"@id\":\"https:\\\/\\\/www.rimocc.com\\\/#website\"},\"primaryImageOfPage\":{\"@id\":\"https:\\\/\\\/www.rimocc.com\\\/product\\\/yamaha-maple-custom-bop-18-10-12-14-black-maple-finish\\\/#primaryimage\"},\"image\":{\"@id\":\"https:\\\/\\\/www.rimocc.com\\\/product\\\/yamaha-maple-custom-bop-18-10-12-14-black-maple-finish\\\/#primaryimage\"},\"thumbnailUrl\":\"https:\\\/\\\/www.rimocc.com\\\/wp-content\\\/uploads\\\/2023\\\/06\\\/0e6ab0_d1352e4fa37f475bb275c8e3b5a634eemv2.webp\",\"datePublished\":\"2023-06-08T21:12:15+00:00\",\"dateModified\":\"2023-06-13T13:18:03+00:00\",\"breadcrumb\":{\"@id\":\"https:\\\/\\\/www.rimocc.com\\\/product\\\/yamaha-maple-custom-bop-18-10-12-14-black-maple-finish\\\/#breadcrumb\"},\"inLanguage\":\"en-US\",\"potentialAction\":[{\"@type\":\"ReadAction\",\"target\":[\"https:\\\/\\\/www.rimocc.com\\\/product\\\/yamaha-maple-custom-bop-18-10-12-14-black-maple-finish\\\/\"]}]},{\"@type\":\"ImageObject\",\"inLanguage\":\"en-US\",\"@id\":\"https:\\\/\\\/www.rimocc.com\\\/product\\\/yamaha-maple-custom-bop-18-10-12-14-black-maple-finish\\\/#primaryimage\",\"url\":\"https:\\\/\\\/www.rimocc.com\\\/wp-content\\\/uploads\\\/2023\\\/06\\\/0e6ab0_d1352e4fa37f475bb275c8e3b5a634eemv2.webp\",\"contentUrl\":\"https:\\\/\\\/www.rimocc.com\\\/wp-content\\\/uploads\\\/2023\\\/06\\\/0e6ab0_d1352e4fa37f475bb275c8e3b5a634eemv2.webp\",\"width\":500,\"height\":667},{\"@type\":\"BreadcrumbList\",\"@id\":\"https:\\\/\\\/www.rimocc.com\\\/product\\\/yamaha-maple-custom-bop-18-10-12-14-black-maple-finish\\\/#breadcrumb\",\"itemListElement\":[{\"@type\":\"ListItem\",\"position\":1,\"name\":\"Home\",\"item\":\"https:\\\/\\\/www.rimocc.com\\\/\"},{\"@type\":\"ListItem\",\"position\":2,\"name\":\"Shop\",\"item\":\"https:\\\/\\\/www.rimocc.com\\\/shop\\\/\"},{\"@type\":\"ListItem\",\"position\":3,\"name\":\"Yamaha Maple Custom Bop 18&#8243; 10&#8243; 12&#8243; 14&#8243; Black Maple Finish\"}]},{\"@type\":\"WebSite\",\"@id\":\"https:\\\/\\\/www.rimocc.com\\\/#website\",\"url\":\"https:\\\/\\\/www.rimocc.com\\\/\",\"name\":\"D\u00e9p\u00f4t Vente Batterie Percussion | Rimocc Lyon\",\"description\":\"Rimocc: l&#039;unique magasin d\u00e9di\u00e9 enti\u00e8rement \u00e0 la batterie, percussion d&#039;occasion et vintage \u00e0 Lyon, France\",\"publisher\":{\"@id\":\"https:\\\/\\\/www.rimocc.com\\\/#organization\"},\"alternateName\":\"Rimocc'\",\"potentialAction\":[{\"@type\":\"SearchAction\",\"target\":{\"@type\":\"EntryPoint\",\"urlTemplate\":\"https:\\\/\\\/www.rimocc.com\\\/?s={search_term_string}\"},\"query-input\":{\"@type\":\"PropertyValueSpecification\",\"valueRequired\":true,\"valueName\":\"search_term_string\"}}],\"inLanguage\":\"en-US\"},{\"@type\":\"Organization\",\"@id\":\"https:\\\/\\\/www.rimocc.com\\\/#organization\",\"name\":\"Rimocc'\",\"alternateName\":\"Rimocc\",\"url\":\"https:\\\/\\\/www.rimocc.com\\\/\",\"logo\":{\"@type\":\"ImageObject\",\"inLanguage\":\"en-US\",\"@id\":\"https:\\\/\\\/www.rimocc.com\\\/#\\\/schema\\\/logo\\\/image\\\/\",\"url\":\"https:\\\/\\\/i0.wp.com\\\/www.rimocc.com\\\/wp-content\\\/uploads\\\/2023\\\/07\\\/RIMOCC_LOGO.jpg?fit=459%2C114&ssl=1\",\"contentUrl\":\"https:\\\/\\\/i0.wp.com\\\/www.rimocc.com\\\/wp-content\\\/uploads\\\/2023\\\/07\\\/RIMOCC_LOGO.jpg?fit=459%2C114&ssl=1\",\"width\":459,\"height\":114,\"caption\":\"Rimocc'\"},\"image\":{\"@id\":\"https:\\\/\\\/www.rimocc.com\\\/#\\\/schema\\\/logo\\\/image\\\/\"},\"sameAs\":[\"https:\\\/\\\/www.facebook.com\\\/rimocclyon\\\/?locale=fr_FR\",\"https:\\\/\\\/www.instagram.com\\\/rimoccc\\\/?hl=fr\",\"https:\\\/\\\/www.tiktok.com\\\/@rimocc\",\"https:\\\/\\\/www.youtube.com\\\/@Rimocc\"]}]}<\/script>\n<!-- \/ Yoast SEO plugin. -->","yoast_head_json":{"title":"Yamaha Maple Custom Bop 18\" 10\" 12\" 14\" Black Maple Finish - D\u00e9p\u00f4t Vente Batterie Percussion | Rimocc Lyon","robots":{"index":"index","follow":"follow","max-snippet":"max-snippet:-1","max-image-preview":"max-image-preview:large","max-video-preview":"max-video-preview:-1"},"canonical":"https:\/\/www.rimocc.com\/en\/product\/yamaha-maple-custom-bop-18-10-12-14-black-maple-finish\/","og_locale":"en_US","og_type":"article","og_title":"Yamaha Maple Custom Bop 18\" 10\" 12\" 14\" Black Maple Finish - D\u00e9p\u00f4t Vente Batterie Percussion | Rimocc Lyon","og_description":"Yamaha Maple Custom Bop 18&Prime; 10&Prime; 12&Prime; 14&Prime; 1\u00e8re g\u00e9n\u00e9ration, coquilles dor\u00e9es Tom bass 14&Prime; sur pied d&rsquo;origine Bon \u00e9tat g\u00e9n\u00e9ral (quelques rayures, traces de frottements) Certaines coquilles ont la dorure pass\u00e9e Les papillons de serrage du tom bass ont \u00e9t\u00e9 remplac\u00e9s par de plus solides. Possibilit\u00e9 de rajouter des originaux neufs Possibilit\u00e9 de rajouter [&hellip;]","og_url":"https:\/\/www.rimocc.com\/en\/product\/yamaha-maple-custom-bop-18-10-12-14-black-maple-finish\/","og_site_name":"D\u00e9p\u00f4t Vente Batterie Percussion | Rimocc Lyon","article_publisher":"https:\/\/www.facebook.com\/rimocclyon\/?locale=fr_FR","article_modified_time":"2023-06-13T13:18:03+00:00","og_image":[{"width":500,"height":667,"url":"https:\/\/www.rimocc.com\/wp-content\/uploads\/2023\/06\/0e6ab0_d1352e4fa37f475bb275c8e3b5a634eemv2.webp","type":"image\/webp"}],"twitter_card":"summary_large_image","twitter_misc":{"Est. reading time":"1 minute"},"schema":{"@context":"https:\/\/schema.org","@graph":[{"@type":"WebPage","@id":"https:\/\/www.rimocc.com\/product\/yamaha-maple-custom-bop-18-10-12-14-black-maple-finish\/","url":"https:\/\/www.rimocc.com\/product\/yamaha-maple-custom-bop-18-10-12-14-black-maple-finish\/","name":"Yamaha Maple Custom Bop 18\" 10\" 12\" 14\" Black Maple Finish - D\u00e9p\u00f4t Vente Batterie Percussion | Rimocc Lyon","isPartOf":{"@id":"https:\/\/www.rimocc.com\/#website"},"primaryImageOfPage":{"@id":"https:\/\/www.rimocc.com\/product\/yamaha-maple-custom-bop-18-10-12-14-black-maple-finish\/#primaryimage"},"image":{"@id":"https:\/\/www.rimocc.com\/product\/yamaha-maple-custom-bop-18-10-12-14-black-maple-finish\/#primaryimage"},"thumbnailUrl":"https:\/\/www.rimocc.com\/wp-content\/uploads\/2023\/06\/0e6ab0_d1352e4fa37f475bb275c8e3b5a634eemv2.webp","datePublished":"2023-06-08T21:12:15+00:00","dateModified":"2023-06-13T13:18:03+00:00","breadcrumb":{"@id":"https:\/\/www.rimocc.com\/product\/yamaha-maple-custom-bop-18-10-12-14-black-maple-finish\/#breadcrumb"},"inLanguage":"en-US","potentialAction":[{"@type":"ReadAction","target":["https:\/\/www.rimocc.com\/product\/yamaha-maple-custom-bop-18-10-12-14-black-maple-finish\/"]}]},{"@type":"ImageObject","inLanguage":"en-US","@id":"https:\/\/www.rimocc.com\/product\/yamaha-maple-custom-bop-18-10-12-14-black-maple-finish\/#primaryimage","url":"https:\/\/www.rimocc.com\/wp-content\/uploads\/2023\/06\/0e6ab0_d1352e4fa37f475bb275c8e3b5a634eemv2.webp","contentUrl":"https:\/\/www.rimocc.com\/wp-content\/uploads\/2023\/06\/0e6ab0_d1352e4fa37f475bb275c8e3b5a634eemv2.webp","width":500,"height":667},{"@type":"BreadcrumbList","@id":"https:\/\/www.rimocc.com\/product\/yamaha-maple-custom-bop-18-10-12-14-black-maple-finish\/#breadcrumb","itemListElement":[{"@type":"ListItem","position":1,"name":"Home","item":"https:\/\/www.rimocc.com\/"},{"@type":"ListItem","position":2,"name":"Shop","item":"https:\/\/www.rimocc.com\/shop\/"},{"@type":"ListItem","position":3,"name":"Yamaha Maple Custom Bop 18&#8243; 10&#8243; 12&#8243; 14&#8243; Black Maple Finish"}]},{"@type":"WebSite","@id":"https:\/\/www.rimocc.com\/#website","url":"https:\/\/www.rimocc.com\/","name":"D\u00e9p\u00f4t Vente Batterie Percussion | Rimocc Lyon","description":"Rimocc: l&#039;unique magasin d\u00e9di\u00e9 enti\u00e8rement \u00e0 la batterie, percussion d&#039;occasion et vintage \u00e0 Lyon, France","publisher":{"@id":"https:\/\/www.rimocc.com\/#organization"},"alternateName":"Rimocc'","potentialAction":[{"@type":"SearchAction","target":{"@type":"EntryPoint","urlTemplate":"https:\/\/www.rimocc.com\/?s={search_term_string}"},"query-input":{"@type":"PropertyValueSpecification","valueRequired":true,"valueName":"search_term_string"}}],"inLanguage":"en-US"},{"@type":"Organization","@id":"https:\/\/www.rimocc.com\/#organization","name":"Rimocc'","alternateName":"Rimocc","url":"https:\/\/www.rimocc.com\/","logo":{"@type":"ImageObject","inLanguage":"en-US","@id":"https:\/\/www.rimocc.com\/#\/schema\/logo\/image\/","url":"https:\/\/i0.wp.com\/www.rimocc.com\/wp-content\/uploads\/2023\/07\/RIMOCC_LOGO.jpg?fit=459%2C114&ssl=1","contentUrl":"https:\/\/i0.wp.com\/www.rimocc.com\/wp-content\/uploads\/2023\/07\/RIMOCC_LOGO.jpg?fit=459%2C114&ssl=1","width":459,"height":114,"caption":"Rimocc'"},"image":{"@id":"https:\/\/www.rimocc.com\/#\/schema\/logo\/image\/"},"sameAs":["https:\/\/www.facebook.com\/rimocclyon\/?locale=fr_FR","https:\/\/www.instagram.com\/rimoccc\/?hl=fr","https:\/\/www.tiktok.com\/@rimocc","https:\/\/www.youtube.com\/@Rimocc"]}]}},"jetpack_publicize_connections":[],"jetpack_sharing_enabled":true,"_links":{"self":[{"href":"https:\/\/www.rimocc.com\/en\/wp-json\/wp\/v2\/product\/635","targetHints":{"allow":["GET"]}}],"collection":[{"href":"https:\/\/www.rimocc.com\/en\/wp-json\/wp\/v2\/product"}],"about":[{"href":"https:\/\/www.rimocc.com\/en\/wp-json\/wp\/v2\/types\/product"}],"replies":[{"embeddable":true,"href":"https:\/\/www.rimocc.com\/en\/wp-json\/wp\/v2\/comments?post=635"}],"wp:featuredmedia":[{"embeddable":true,"href":"https:\/\/www.rimocc.com\/en\/wp-json\/wp\/v2\/media\/5256"}],"wp:attachment":[{"href":"https:\/\/www.rimocc.com\/en\/wp-json\/wp\/v2\/media?parent=635"}],"wp:term":[{"taxonomy":"product_brand","embeddable":true,"href":"https:\/\/www.rimocc.com\/en\/wp-json\/wp\/v2\/product_brand?post=635"},{"taxonomy":"product_cat","embeddable":true,"href":"https:\/\/www.rimocc.com\/en\/wp-json\/wp\/v2\/product_cat?post=635"},{"taxonomy":"product_tag","embeddable":true,"href":"https:\/\/www.rimocc.com\/en\/wp-json\/wp\/v2\/product_tag?post=635"}],"curies":[{"name":"wp","href":"https:\/\/api.w.org\/{rel}","templated":true}]}}