{"id":600,"date":"2023-06-08T21:12:13","date_gmt":"2023-06-08T21:12:13","guid":{"rendered":"https:\/\/rimocc.a2hosted.com\/product\/ludwig-super-classic-galaxy-sparkle-keystone-1964-22-13-16-vintage\/"},"modified":"2023-06-12T21:33:02","modified_gmt":"2023-06-12T21:33:02","slug":"ludwig-super-classic-galaxy-sparkle-keystone-1964-22-13-16-vintage","status":"publish","type":"product","link":"https:\/\/www.rimocc.com\/en\/product\/ludwig-super-classic-galaxy-sparkle-keystone-1964-22-13-16-vintage\/","title":{"rendered":"Ludwig Super Classic Galaxy Sparkle Keystone 1964 22&Prime; 13&Prime; 16&Prime; Vintage"},"content":{"rendered":"<p>Ludwig Super Classic Galaxy Sparkle Keystone 1964 22&Prime;x14&Prime; 13&Prime;x9&Prime; 16&Prime;x16&Prime; Vintage<br \/>\nFinition pr\u00e9sente au catalogue Ludwig pendant 2 ans seulement, de 1962 \u00e0 1964.<\/p>\n<p>Bon \u00e9tat g\u00e9n\u00e9ral pour son \u00e2ge et sa raret\u00e9 (finition), \u00e0 nettoyer pi\u00e8ce par pi\u00e8ce pour un retour \u00e0 un \u00e9tat tr\u00e8s bon ++<br \/>\nCertains T Rods et tirants sont bien oxyd\u00e9s, \u00e0 remplacer si besoin<br \/>\nLe cercle de r\u00e9so 13&Prime; remplac\u00e9 par un non original \u00e9quivalent Ludwig<br \/>\n3 petites traces de brulures de \u00ab\u00a0cigarette\u00a0\u00bb sur le rhodo GC. Une brulure plus importante du rhodoid sous la gc (non directement visible &#8211; voir photos)<\/p>\n<p>Ailette de fixation du L \u00e0 remplacer par une originale<\/p>\n<p><u>SOUS OFFRE serieuse svp \/ possibilit\u00e9 de reprise<\/u><\/p>\n<p>Merci de nous contacter si int\u00e9ress\u00e9 par le placement d&rsquo;une offre<\/p>\n<p>&nbsp;<\/p>\n<p>Galaxy Sparkle was included originally in the 1962 Ludwig catalog and the last catalog presence was in 1964 though some drums were still made after 1964<\/p>\n<p>Good condition for its age and scarce production (Galaxy Sparkle),\u00a0 to be dismantled for a complete clean &amp; for a good condition ++ result<br \/>\nSome T Rods and tension rods could need replacement as they are corroded (if needed)<br \/>\nThe 13&Prime; reso hoop is not original, replaced by a Ludwig hoop type.<br \/>\n3 little cigarette burns on top of the BD (rhodoid), a much larger one underneath the BD (not directly visible)<\/p>\n<p>The L wing nuts to be replaced by an original<\/p>\n<p><u>UNDER SERIOUS OFFER please \/ part exchange possible<\/u><\/p>\n<p>Contact us if interested in placing an offer<\/p>\n<p>Batterie Caisse Claire Cymbale Rimocc&rsquo; Lyon<\/p>\n<p>&nbsp;<\/p>","protected":false},"excerpt":{"rendered":"<p>Ludwig Super Classic Galaxy Sparkle Keystone 1964 22&Prime;x14&Prime; 13&Prime;x9&Prime; 16&Prime;x16&Prime; Vintage Finition pr\u00e9sente au catalogue Ludwig pendant 2 ans seulement, de 1962 \u00e0 1964. Bon \u00e9tat g\u00e9n\u00e9ral pour son \u00e2ge et sa raret\u00e9 (finition), \u00e0 nettoyer pi\u00e8ce par pi\u00e8ce pour un retour \u00e0 un \u00e9tat tr\u00e8s bon ++ Certains T Rods et tirants sont bien [&hellip;]<\/p>\n","protected":false},"featured_media":4881,"comment_status":"open","ping_status":"closed","template":"","meta":{"jetpack_publicize_message":"","jetpack_publicize_feature_enabled":true,"jetpack_social_post_already_shared":false,"jetpack_social_options":{"image_generator_settings":{"template":"highway","default_image_id":0,"font":"","enabled":false},"version":2}},"product_brand":[],"product_cat":[20],"product_tag":[],"class_list":{"0":"post-600","1":"product","2":"type-product","3":"status-publish","4":"has-post-thumbnail","6":"product_cat-batterie","8":"entry","9":"has-media","11":"first","12":"outofstock","13":"shipping-taxable","14":"product-type-simple","15":"has-product-nav","16":"col","17":"span_1_of_3","18":"owp-content-center","19":"owp-thumbs-layout-horizontal","20":"owp-btn-normal","21":"owp-tabs-layout-horizontal"},"yoast_head":"<!-- This site is optimized with the Yoast SEO plugin v27.5 - https:\/\/yoast.com\/product\/yoast-seo-wordpress\/ -->\n<title>Ludwig Super Classic Galaxy Sparkle Keystone 1964 22&quot; 13&quot; 16&quot; Vintage - D\u00e9p\u00f4t Vente Batterie Percussion | Rimocc Lyon<\/title>\n<meta name=\"robots\" content=\"index, follow, max-snippet:-1, max-image-preview:large, max-video-preview:-1\" \/>\n<link rel=\"canonical\" href=\"https:\/\/www.rimocc.com\/en\/product\/ludwig-super-classic-galaxy-sparkle-keystone-1964-22-13-16-vintage\/\" \/>\n<meta property=\"og:locale\" content=\"en_US\" \/>\n<meta property=\"og:type\" content=\"article\" \/>\n<meta property=\"og:title\" content=\"Ludwig Super Classic Galaxy Sparkle Keystone 1964 22&quot; 13&quot; 16&quot; Vintage - D\u00e9p\u00f4t Vente Batterie Percussion | Rimocc Lyon\" \/>\n<meta property=\"og:description\" content=\"Ludwig Super Classic Galaxy Sparkle Keystone 1964 22&Prime;x14&Prime; 13&Prime;x9&Prime; 16&Prime;x16&Prime; Vintage Finition pr\u00e9sente au catalogue Ludwig pendant 2 ans seulement, de 1962 \u00e0 1964. Bon \u00e9tat g\u00e9n\u00e9ral pour son \u00e2ge et sa raret\u00e9 (finition), \u00e0 nettoyer pi\u00e8ce par pi\u00e8ce pour un retour \u00e0 un \u00e9tat tr\u00e8s bon ++ Certains T Rods et tirants sont bien [&hellip;]\" \/>\n<meta property=\"og:url\" content=\"https:\/\/www.rimocc.com\/en\/product\/ludwig-super-classic-galaxy-sparkle-keystone-1964-22-13-16-vintage\/\" \/>\n<meta property=\"og:site_name\" content=\"D\u00e9p\u00f4t Vente Batterie Percussion | Rimocc Lyon\" \/>\n<meta property=\"article:publisher\" content=\"https:\/\/www.facebook.com\/rimocclyon\/?locale=fr_FR\" \/>\n<meta property=\"article:modified_time\" content=\"2023-06-12T21:33:02+00:00\" \/>\n<meta property=\"og:image\" content=\"https:\/\/www.rimocc.com\/wp-content\/uploads\/2023\/06\/0e6ab0_a693236806304c8ca8bfebca9924b064mv2.webp\" \/>\n\t<meta property=\"og:image:width\" content=\"625\" \/>\n\t<meta property=\"og:image:height\" content=\"625\" \/>\n\t<meta property=\"og:image:type\" content=\"image\/webp\" \/>\n<meta name=\"twitter:card\" content=\"summary_large_image\" \/>\n<meta name=\"twitter:label1\" content=\"Est. reading time\" \/>\n\t<meta name=\"twitter:data1\" content=\"1 minute\" \/>\n<script type=\"application\/ld+json\" class=\"yoast-schema-graph\">{\"@context\":\"https:\\\/\\\/schema.org\",\"@graph\":[{\"@type\":\"WebPage\",\"@id\":\"https:\\\/\\\/www.rimocc.com\\\/product\\\/ludwig-super-classic-galaxy-sparkle-keystone-1964-22-13-16-vintage\\\/\",\"url\":\"https:\\\/\\\/www.rimocc.com\\\/product\\\/ludwig-super-classic-galaxy-sparkle-keystone-1964-22-13-16-vintage\\\/\",\"name\":\"Ludwig Super Classic Galaxy Sparkle Keystone 1964 22\\\" 13\\\" 16\\\" Vintage - D\u00e9p\u00f4t Vente Batterie Percussion | Rimocc Lyon\",\"isPartOf\":{\"@id\":\"https:\\\/\\\/www.rimocc.com\\\/#website\"},\"primaryImageOfPage\":{\"@id\":\"https:\\\/\\\/www.rimocc.com\\\/product\\\/ludwig-super-classic-galaxy-sparkle-keystone-1964-22-13-16-vintage\\\/#primaryimage\"},\"image\":{\"@id\":\"https:\\\/\\\/www.rimocc.com\\\/product\\\/ludwig-super-classic-galaxy-sparkle-keystone-1964-22-13-16-vintage\\\/#primaryimage\"},\"thumbnailUrl\":\"https:\\\/\\\/www.rimocc.com\\\/wp-content\\\/uploads\\\/2023\\\/06\\\/0e6ab0_a693236806304c8ca8bfebca9924b064mv2.webp\",\"datePublished\":\"2023-06-08T21:12:13+00:00\",\"dateModified\":\"2023-06-12T21:33:02+00:00\",\"breadcrumb\":{\"@id\":\"https:\\\/\\\/www.rimocc.com\\\/product\\\/ludwig-super-classic-galaxy-sparkle-keystone-1964-22-13-16-vintage\\\/#breadcrumb\"},\"inLanguage\":\"en-US\",\"potentialAction\":[{\"@type\":\"ReadAction\",\"target\":[\"https:\\\/\\\/www.rimocc.com\\\/product\\\/ludwig-super-classic-galaxy-sparkle-keystone-1964-22-13-16-vintage\\\/\"]}]},{\"@type\":\"ImageObject\",\"inLanguage\":\"en-US\",\"@id\":\"https:\\\/\\\/www.rimocc.com\\\/product\\\/ludwig-super-classic-galaxy-sparkle-keystone-1964-22-13-16-vintage\\\/#primaryimage\",\"url\":\"https:\\\/\\\/www.rimocc.com\\\/wp-content\\\/uploads\\\/2023\\\/06\\\/0e6ab0_a693236806304c8ca8bfebca9924b064mv2.webp\",\"contentUrl\":\"https:\\\/\\\/www.rimocc.com\\\/wp-content\\\/uploads\\\/2023\\\/06\\\/0e6ab0_a693236806304c8ca8bfebca9924b064mv2.webp\",\"width\":625,\"height\":625},{\"@type\":\"BreadcrumbList\",\"@id\":\"https:\\\/\\\/www.rimocc.com\\\/product\\\/ludwig-super-classic-galaxy-sparkle-keystone-1964-22-13-16-vintage\\\/#breadcrumb\",\"itemListElement\":[{\"@type\":\"ListItem\",\"position\":1,\"name\":\"Home\",\"item\":\"https:\\\/\\\/www.rimocc.com\\\/\"},{\"@type\":\"ListItem\",\"position\":2,\"name\":\"Shop\",\"item\":\"https:\\\/\\\/www.rimocc.com\\\/shop\\\/\"},{\"@type\":\"ListItem\",\"position\":3,\"name\":\"Ludwig Super Classic Galaxy Sparkle Keystone 1964 22&#8243; 13&#8243; 16&#8243; Vintage\"}]},{\"@type\":\"WebSite\",\"@id\":\"https:\\\/\\\/www.rimocc.com\\\/#website\",\"url\":\"https:\\\/\\\/www.rimocc.com\\\/\",\"name\":\"D\u00e9p\u00f4t Vente Batterie Percussion | Rimocc Lyon\",\"description\":\"Rimocc: l&#039;unique magasin d\u00e9di\u00e9 enti\u00e8rement \u00e0 la batterie, percussion d&#039;occasion et vintage \u00e0 Lyon, France\",\"publisher\":{\"@id\":\"https:\\\/\\\/www.rimocc.com\\\/#organization\"},\"alternateName\":\"Rimocc'\",\"potentialAction\":[{\"@type\":\"SearchAction\",\"target\":{\"@type\":\"EntryPoint\",\"urlTemplate\":\"https:\\\/\\\/www.rimocc.com\\\/?s={search_term_string}\"},\"query-input\":{\"@type\":\"PropertyValueSpecification\",\"valueRequired\":true,\"valueName\":\"search_term_string\"}}],\"inLanguage\":\"en-US\"},{\"@type\":\"Organization\",\"@id\":\"https:\\\/\\\/www.rimocc.com\\\/#organization\",\"name\":\"Rimocc'\",\"alternateName\":\"Rimocc\",\"url\":\"https:\\\/\\\/www.rimocc.com\\\/\",\"logo\":{\"@type\":\"ImageObject\",\"inLanguage\":\"en-US\",\"@id\":\"https:\\\/\\\/www.rimocc.com\\\/#\\\/schema\\\/logo\\\/image\\\/\",\"url\":\"https:\\\/\\\/i0.wp.com\\\/www.rimocc.com\\\/wp-content\\\/uploads\\\/2023\\\/07\\\/RIMOCC_LOGO.jpg?fit=459%2C114&ssl=1\",\"contentUrl\":\"https:\\\/\\\/i0.wp.com\\\/www.rimocc.com\\\/wp-content\\\/uploads\\\/2023\\\/07\\\/RIMOCC_LOGO.jpg?fit=459%2C114&ssl=1\",\"width\":459,\"height\":114,\"caption\":\"Rimocc'\"},\"image\":{\"@id\":\"https:\\\/\\\/www.rimocc.com\\\/#\\\/schema\\\/logo\\\/image\\\/\"},\"sameAs\":[\"https:\\\/\\\/www.facebook.com\\\/rimocclyon\\\/?locale=fr_FR\",\"https:\\\/\\\/www.instagram.com\\\/rimoccc\\\/?hl=fr\",\"https:\\\/\\\/www.tiktok.com\\\/@rimocc\",\"https:\\\/\\\/www.youtube.com\\\/@Rimocc\"]}]}<\/script>\n<!-- \/ Yoast SEO plugin. -->","yoast_head_json":{"title":"Ludwig Super Classic Galaxy Sparkle Keystone 1964 22\" 13\" 16\" Vintage - D\u00e9p\u00f4t Vente Batterie Percussion | Rimocc Lyon","robots":{"index":"index","follow":"follow","max-snippet":"max-snippet:-1","max-image-preview":"max-image-preview:large","max-video-preview":"max-video-preview:-1"},"canonical":"https:\/\/www.rimocc.com\/en\/product\/ludwig-super-classic-galaxy-sparkle-keystone-1964-22-13-16-vintage\/","og_locale":"en_US","og_type":"article","og_title":"Ludwig Super Classic Galaxy Sparkle Keystone 1964 22\" 13\" 16\" Vintage - D\u00e9p\u00f4t Vente Batterie Percussion | Rimocc Lyon","og_description":"Ludwig Super Classic Galaxy Sparkle Keystone 1964 22&Prime;x14&Prime; 13&Prime;x9&Prime; 16&Prime;x16&Prime; Vintage Finition pr\u00e9sente au catalogue Ludwig pendant 2 ans seulement, de 1962 \u00e0 1964. Bon \u00e9tat g\u00e9n\u00e9ral pour son \u00e2ge et sa raret\u00e9 (finition), \u00e0 nettoyer pi\u00e8ce par pi\u00e8ce pour un retour \u00e0 un \u00e9tat tr\u00e8s bon ++ Certains T Rods et tirants sont bien [&hellip;]","og_url":"https:\/\/www.rimocc.com\/en\/product\/ludwig-super-classic-galaxy-sparkle-keystone-1964-22-13-16-vintage\/","og_site_name":"D\u00e9p\u00f4t Vente Batterie Percussion | Rimocc Lyon","article_publisher":"https:\/\/www.facebook.com\/rimocclyon\/?locale=fr_FR","article_modified_time":"2023-06-12T21:33:02+00:00","og_image":[{"width":625,"height":625,"url":"https:\/\/www.rimocc.com\/wp-content\/uploads\/2023\/06\/0e6ab0_a693236806304c8ca8bfebca9924b064mv2.webp","type":"image\/webp"}],"twitter_card":"summary_large_image","twitter_misc":{"Est. reading time":"1 minute"},"schema":{"@context":"https:\/\/schema.org","@graph":[{"@type":"WebPage","@id":"https:\/\/www.rimocc.com\/product\/ludwig-super-classic-galaxy-sparkle-keystone-1964-22-13-16-vintage\/","url":"https:\/\/www.rimocc.com\/product\/ludwig-super-classic-galaxy-sparkle-keystone-1964-22-13-16-vintage\/","name":"Ludwig Super Classic Galaxy Sparkle Keystone 1964 22\" 13\" 16\" Vintage - D\u00e9p\u00f4t Vente Batterie Percussion | Rimocc Lyon","isPartOf":{"@id":"https:\/\/www.rimocc.com\/#website"},"primaryImageOfPage":{"@id":"https:\/\/www.rimocc.com\/product\/ludwig-super-classic-galaxy-sparkle-keystone-1964-22-13-16-vintage\/#primaryimage"},"image":{"@id":"https:\/\/www.rimocc.com\/product\/ludwig-super-classic-galaxy-sparkle-keystone-1964-22-13-16-vintage\/#primaryimage"},"thumbnailUrl":"https:\/\/www.rimocc.com\/wp-content\/uploads\/2023\/06\/0e6ab0_a693236806304c8ca8bfebca9924b064mv2.webp","datePublished":"2023-06-08T21:12:13+00:00","dateModified":"2023-06-12T21:33:02+00:00","breadcrumb":{"@id":"https:\/\/www.rimocc.com\/product\/ludwig-super-classic-galaxy-sparkle-keystone-1964-22-13-16-vintage\/#breadcrumb"},"inLanguage":"en-US","potentialAction":[{"@type":"ReadAction","target":["https:\/\/www.rimocc.com\/product\/ludwig-super-classic-galaxy-sparkle-keystone-1964-22-13-16-vintage\/"]}]},{"@type":"ImageObject","inLanguage":"en-US","@id":"https:\/\/www.rimocc.com\/product\/ludwig-super-classic-galaxy-sparkle-keystone-1964-22-13-16-vintage\/#primaryimage","url":"https:\/\/www.rimocc.com\/wp-content\/uploads\/2023\/06\/0e6ab0_a693236806304c8ca8bfebca9924b064mv2.webp","contentUrl":"https:\/\/www.rimocc.com\/wp-content\/uploads\/2023\/06\/0e6ab0_a693236806304c8ca8bfebca9924b064mv2.webp","width":625,"height":625},{"@type":"BreadcrumbList","@id":"https:\/\/www.rimocc.com\/product\/ludwig-super-classic-galaxy-sparkle-keystone-1964-22-13-16-vintage\/#breadcrumb","itemListElement":[{"@type":"ListItem","position":1,"name":"Home","item":"https:\/\/www.rimocc.com\/"},{"@type":"ListItem","position":2,"name":"Shop","item":"https:\/\/www.rimocc.com\/shop\/"},{"@type":"ListItem","position":3,"name":"Ludwig Super Classic Galaxy Sparkle Keystone 1964 22&#8243; 13&#8243; 16&#8243; Vintage"}]},{"@type":"WebSite","@id":"https:\/\/www.rimocc.com\/#website","url":"https:\/\/www.rimocc.com\/","name":"D\u00e9p\u00f4t Vente Batterie Percussion | Rimocc Lyon","description":"Rimocc: l&#039;unique magasin d\u00e9di\u00e9 enti\u00e8rement \u00e0 la batterie, percussion d&#039;occasion et vintage \u00e0 Lyon, France","publisher":{"@id":"https:\/\/www.rimocc.com\/#organization"},"alternateName":"Rimocc'","potentialAction":[{"@type":"SearchAction","target":{"@type":"EntryPoint","urlTemplate":"https:\/\/www.rimocc.com\/?s={search_term_string}"},"query-input":{"@type":"PropertyValueSpecification","valueRequired":true,"valueName":"search_term_string"}}],"inLanguage":"en-US"},{"@type":"Organization","@id":"https:\/\/www.rimocc.com\/#organization","name":"Rimocc'","alternateName":"Rimocc","url":"https:\/\/www.rimocc.com\/","logo":{"@type":"ImageObject","inLanguage":"en-US","@id":"https:\/\/www.rimocc.com\/#\/schema\/logo\/image\/","url":"https:\/\/i0.wp.com\/www.rimocc.com\/wp-content\/uploads\/2023\/07\/RIMOCC_LOGO.jpg?fit=459%2C114&ssl=1","contentUrl":"https:\/\/i0.wp.com\/www.rimocc.com\/wp-content\/uploads\/2023\/07\/RIMOCC_LOGO.jpg?fit=459%2C114&ssl=1","width":459,"height":114,"caption":"Rimocc'"},"image":{"@id":"https:\/\/www.rimocc.com\/#\/schema\/logo\/image\/"},"sameAs":["https:\/\/www.facebook.com\/rimocclyon\/?locale=fr_FR","https:\/\/www.instagram.com\/rimoccc\/?hl=fr","https:\/\/www.tiktok.com\/@rimocc","https:\/\/www.youtube.com\/@Rimocc"]}]}},"jetpack_publicize_connections":[],"jetpack_sharing_enabled":true,"_links":{"self":[{"href":"https:\/\/www.rimocc.com\/en\/wp-json\/wp\/v2\/product\/600","targetHints":{"allow":["GET"]}}],"collection":[{"href":"https:\/\/www.rimocc.com\/en\/wp-json\/wp\/v2\/product"}],"about":[{"href":"https:\/\/www.rimocc.com\/en\/wp-json\/wp\/v2\/types\/product"}],"replies":[{"embeddable":true,"href":"https:\/\/www.rimocc.com\/en\/wp-json\/wp\/v2\/comments?post=600"}],"wp:featuredmedia":[{"embeddable":true,"href":"https:\/\/www.rimocc.com\/en\/wp-json\/wp\/v2\/media\/4881"}],"wp:attachment":[{"href":"https:\/\/www.rimocc.com\/en\/wp-json\/wp\/v2\/media?parent=600"}],"wp:term":[{"taxonomy":"product_brand","embeddable":true,"href":"https:\/\/www.rimocc.com\/en\/wp-json\/wp\/v2\/product_brand?post=600"},{"taxonomy":"product_cat","embeddable":true,"href":"https:\/\/www.rimocc.com\/en\/wp-json\/wp\/v2\/product_cat?post=600"},{"taxonomy":"product_tag","embeddable":true,"href":"https:\/\/www.rimocc.com\/en\/wp-json\/wp\/v2\/product_tag?post=600"}],"curies":[{"name":"wp","href":"https:\/\/api.w.org\/{rel}","templated":true}]}}