{"id":573,"date":"2023-06-08T21:12:11","date_gmt":"2023-06-08T21:12:11","guid":{"rendered":"https:\/\/rimocc.a2hosted.com\/product\/premier-olympic-20x14-12x8-16x15-white-silk-pearl-vintage-early-70s\/"},"modified":"2023-06-13T13:05:26","modified_gmt":"2023-06-13T13:05:26","slug":"premier-olympic-20x14-12x8-16x15-white-silk-pearl-vintage-early-70s","status":"publish","type":"product","link":"https:\/\/www.rimocc.com\/en\/product\/premier-olympic-20x14-12x8-16x15-white-silk-pearl-vintage-early-70s\/","title":{"rendered":"Premier Olympic 20&Prime;x14&Prime; 12&Prime;x8&Prime; 16&Prime;x15 White Silk Pearl Vintage early 70&rsquo;s"},"content":{"rendered":"<p>Premier Olympic 20&Prime;x14&Prime; 12&Prime;x8&Prime; 16&Prime;x15 White Silk Pearl Vintage early 70&rsquo;s<\/p>\n<p>Made in England &#8211; International Size &#8211; Mahogany<br \/>\nModel Europa 1031 (petites tailles)<\/p>\n<p>Renforts de chanfreins sur tous les f\u00fbts<\/p>\n<p>Tr\u00e8s bon \u00e9tat g\u00e9n\u00e9ral pour son \u00e2ge. Quelques craquelures sur le rhodoid (une petite partie \u00e0 nu sur le tom 12 \/ voir photo)<br \/>\nTout d&rsquo;origine, compl\u00e8te sauf un tampon caoutchouc remplac\u00e9 sur un des pieds du Tom Bass<br \/>\nPeaux d&rsquo;origine frappe Everplay Extra (comme neuves pour la grosse caisse)<\/p>\n<p>(enl\u00e8vement sur place privil\u00e9gi\u00e9 mais envoi possible dans toute la France sur devis s\u00e9par\u00e9 &#8211; merci de s\u00e9lectionner l&rsquo;option retrait sur place et nous vous ferons parvenir un devis s\u00e9par\u00e9 pour la livraison, \u00e0 r\u00e9gler s\u00e9par\u00e9ment)<\/p>\n<p><em>Model Europa 1031 (small sizes) &#8211; International Size<\/em><\/p>\n<p><em>Re-rings on all shells<\/em><\/p>\n<p><em>Very good condition for its age. Few cracks visible on the rhodoid (one small part missing on the 12&Prime; Tom \/ see photo) <\/em><\/p>\n<p><em>All original &amp; complete except for one replaced FT rubber foot)<br \/>\nAll original Everplay Extra top Heads (as new for the BD) <\/em><\/p>\n<p><em><u>International order, delivery, please enquire for a separate quote<\/u><\/em><\/p>\n<p>&nbsp;<\/p>\n<p>Batterie, Caisse Claire, Cymbale, Rimocc&rsquo; Lyon<\/p>\n<p>&nbsp;<\/p>","protected":false},"excerpt":{"rendered":"<p>Premier Olympic 20&Prime;x14&Prime; 12&Prime;x8&Prime; 16&Prime;x15 White Silk Pearl Vintage early 70&rsquo;s Made in England &#8211; International Size &#8211; Mahogany Model Europa 1031 (petites tailles) Renforts de chanfreins sur tous les f\u00fbts Tr\u00e8s bon \u00e9tat g\u00e9n\u00e9ral pour son \u00e2ge. Quelques craquelures sur le rhodoid (une petite partie \u00e0 nu sur le tom 12 \/ voir photo) [&hellip;]<\/p>\n","protected":false},"featured_media":5209,"comment_status":"open","ping_status":"closed","template":"","meta":{"jetpack_publicize_message":"","jetpack_publicize_feature_enabled":true,"jetpack_social_post_already_shared":false,"jetpack_social_options":{"image_generator_settings":{"template":"highway","default_image_id":0,"font":"","enabled":false},"version":2}},"product_brand":[],"product_cat":[20],"product_tag":[],"class_list":{"0":"post-573","1":"product","2":"type-product","3":"status-publish","4":"has-post-thumbnail","6":"product_cat-batterie","8":"entry","9":"has-media","11":"first","12":"outofstock","13":"shipping-taxable","14":"purchasable","15":"product-type-simple","16":"has-product-nav","17":"col","18":"span_1_of_3","19":"owp-content-center","20":"owp-thumbs-layout-horizontal","21":"owp-btn-normal","22":"owp-tabs-layout-horizontal"},"yoast_head":"<!-- This site is optimized with the Yoast SEO plugin v27.5 - https:\/\/yoast.com\/product\/yoast-seo-wordpress\/ -->\n<title>Premier Olympic 20&quot;x14&quot; 12&quot;x8&quot; 16&quot;x15 White Silk Pearl Vintage early 70&#039;s - D\u00e9p\u00f4t Vente Batterie Percussion | Rimocc Lyon<\/title>\n<meta name=\"robots\" content=\"index, follow, max-snippet:-1, max-image-preview:large, max-video-preview:-1\" \/>\n<link rel=\"canonical\" href=\"https:\/\/www.rimocc.com\/en\/product\/premier-olympic-20x14-12x8-16x15-white-silk-pearl-vintage-early-70s\/\" \/>\n<meta property=\"og:locale\" content=\"en_US\" \/>\n<meta property=\"og:type\" content=\"article\" \/>\n<meta property=\"og:title\" content=\"Premier Olympic 20&quot;x14&quot; 12&quot;x8&quot; 16&quot;x15 White Silk Pearl Vintage early 70&#039;s - D\u00e9p\u00f4t Vente Batterie Percussion | Rimocc Lyon\" \/>\n<meta property=\"og:description\" content=\"Premier Olympic 20&Prime;x14&Prime; 12&Prime;x8&Prime; 16&Prime;x15 White Silk Pearl Vintage early 70&rsquo;s Made in England &#8211; International Size &#8211; Mahogany Model Europa 1031 (petites tailles) Renforts de chanfreins sur tous les f\u00fbts Tr\u00e8s bon \u00e9tat g\u00e9n\u00e9ral pour son \u00e2ge. Quelques craquelures sur le rhodoid (une petite partie \u00e0 nu sur le tom 12 \/ voir photo) [&hellip;]\" \/>\n<meta property=\"og:url\" content=\"https:\/\/www.rimocc.com\/en\/product\/premier-olympic-20x14-12x8-16x15-white-silk-pearl-vintage-early-70s\/\" \/>\n<meta property=\"og:site_name\" content=\"D\u00e9p\u00f4t Vente Batterie Percussion | Rimocc Lyon\" \/>\n<meta property=\"article:publisher\" content=\"https:\/\/www.facebook.com\/rimocclyon\/?locale=fr_FR\" \/>\n<meta property=\"article:modified_time\" content=\"2023-06-13T13:05:26+00:00\" \/>\n<meta property=\"og:image\" content=\"https:\/\/www.rimocc.com\/wp-content\/uploads\/2023\/06\/0e6ab0_6d3db42cd1d544139481b2a627258f57mv2.webp\" \/>\n\t<meta property=\"og:image:width\" content=\"500\" \/>\n\t<meta property=\"og:image:height\" content=\"500\" \/>\n\t<meta property=\"og:image:type\" content=\"image\/webp\" \/>\n<meta name=\"twitter:card\" content=\"summary_large_image\" \/>\n<meta name=\"twitter:label1\" content=\"Est. reading time\" \/>\n\t<meta name=\"twitter:data1\" content=\"1 minute\" \/>\n<script type=\"application\/ld+json\" class=\"yoast-schema-graph\">{\"@context\":\"https:\\\/\\\/schema.org\",\"@graph\":[{\"@type\":\"WebPage\",\"@id\":\"https:\\\/\\\/www.rimocc.com\\\/product\\\/premier-olympic-20x14-12x8-16x15-white-silk-pearl-vintage-early-70s\\\/\",\"url\":\"https:\\\/\\\/www.rimocc.com\\\/product\\\/premier-olympic-20x14-12x8-16x15-white-silk-pearl-vintage-early-70s\\\/\",\"name\":\"Premier Olympic 20\\\"x14\\\" 12\\\"x8\\\" 16\\\"x15 White Silk Pearl Vintage early 70's - D\u00e9p\u00f4t Vente Batterie Percussion | Rimocc Lyon\",\"isPartOf\":{\"@id\":\"https:\\\/\\\/www.rimocc.com\\\/#website\"},\"primaryImageOfPage\":{\"@id\":\"https:\\\/\\\/www.rimocc.com\\\/product\\\/premier-olympic-20x14-12x8-16x15-white-silk-pearl-vintage-early-70s\\\/#primaryimage\"},\"image\":{\"@id\":\"https:\\\/\\\/www.rimocc.com\\\/product\\\/premier-olympic-20x14-12x8-16x15-white-silk-pearl-vintage-early-70s\\\/#primaryimage\"},\"thumbnailUrl\":\"https:\\\/\\\/www.rimocc.com\\\/wp-content\\\/uploads\\\/2023\\\/06\\\/0e6ab0_6d3db42cd1d544139481b2a627258f57mv2.webp\",\"datePublished\":\"2023-06-08T21:12:11+00:00\",\"dateModified\":\"2023-06-13T13:05:26+00:00\",\"breadcrumb\":{\"@id\":\"https:\\\/\\\/www.rimocc.com\\\/product\\\/premier-olympic-20x14-12x8-16x15-white-silk-pearl-vintage-early-70s\\\/#breadcrumb\"},\"inLanguage\":\"en-US\",\"potentialAction\":[{\"@type\":\"ReadAction\",\"target\":[\"https:\\\/\\\/www.rimocc.com\\\/product\\\/premier-olympic-20x14-12x8-16x15-white-silk-pearl-vintage-early-70s\\\/\"]}]},{\"@type\":\"ImageObject\",\"inLanguage\":\"en-US\",\"@id\":\"https:\\\/\\\/www.rimocc.com\\\/product\\\/premier-olympic-20x14-12x8-16x15-white-silk-pearl-vintage-early-70s\\\/#primaryimage\",\"url\":\"https:\\\/\\\/www.rimocc.com\\\/wp-content\\\/uploads\\\/2023\\\/06\\\/0e6ab0_6d3db42cd1d544139481b2a627258f57mv2.webp\",\"contentUrl\":\"https:\\\/\\\/www.rimocc.com\\\/wp-content\\\/uploads\\\/2023\\\/06\\\/0e6ab0_6d3db42cd1d544139481b2a627258f57mv2.webp\",\"width\":500,\"height\":500},{\"@type\":\"BreadcrumbList\",\"@id\":\"https:\\\/\\\/www.rimocc.com\\\/product\\\/premier-olympic-20x14-12x8-16x15-white-silk-pearl-vintage-early-70s\\\/#breadcrumb\",\"itemListElement\":[{\"@type\":\"ListItem\",\"position\":1,\"name\":\"Home\",\"item\":\"https:\\\/\\\/www.rimocc.com\\\/\"},{\"@type\":\"ListItem\",\"position\":2,\"name\":\"Shop\",\"item\":\"https:\\\/\\\/www.rimocc.com\\\/shop\\\/\"},{\"@type\":\"ListItem\",\"position\":3,\"name\":\"Premier Olympic 20&#8243;x14&#8243; 12&#8243;x8&#8243; 16&#8243;x15 White Silk Pearl Vintage early 70&#8217;s\"}]},{\"@type\":\"WebSite\",\"@id\":\"https:\\\/\\\/www.rimocc.com\\\/#website\",\"url\":\"https:\\\/\\\/www.rimocc.com\\\/\",\"name\":\"D\u00e9p\u00f4t Vente Batterie Percussion | Rimocc Lyon\",\"description\":\"Rimocc: l&#039;unique magasin d\u00e9di\u00e9 enti\u00e8rement \u00e0 la batterie, percussion d&#039;occasion et vintage \u00e0 Lyon, France\",\"publisher\":{\"@id\":\"https:\\\/\\\/www.rimocc.com\\\/#organization\"},\"alternateName\":\"Rimocc'\",\"potentialAction\":[{\"@type\":\"SearchAction\",\"target\":{\"@type\":\"EntryPoint\",\"urlTemplate\":\"https:\\\/\\\/www.rimocc.com\\\/?s={search_term_string}\"},\"query-input\":{\"@type\":\"PropertyValueSpecification\",\"valueRequired\":true,\"valueName\":\"search_term_string\"}}],\"inLanguage\":\"en-US\"},{\"@type\":\"Organization\",\"@id\":\"https:\\\/\\\/www.rimocc.com\\\/#organization\",\"name\":\"Rimocc'\",\"alternateName\":\"Rimocc\",\"url\":\"https:\\\/\\\/www.rimocc.com\\\/\",\"logo\":{\"@type\":\"ImageObject\",\"inLanguage\":\"en-US\",\"@id\":\"https:\\\/\\\/www.rimocc.com\\\/#\\\/schema\\\/logo\\\/image\\\/\",\"url\":\"https:\\\/\\\/i0.wp.com\\\/www.rimocc.com\\\/wp-content\\\/uploads\\\/2023\\\/07\\\/RIMOCC_LOGO.jpg?fit=459%2C114&ssl=1\",\"contentUrl\":\"https:\\\/\\\/i0.wp.com\\\/www.rimocc.com\\\/wp-content\\\/uploads\\\/2023\\\/07\\\/RIMOCC_LOGO.jpg?fit=459%2C114&ssl=1\",\"width\":459,\"height\":114,\"caption\":\"Rimocc'\"},\"image\":{\"@id\":\"https:\\\/\\\/www.rimocc.com\\\/#\\\/schema\\\/logo\\\/image\\\/\"},\"sameAs\":[\"https:\\\/\\\/www.facebook.com\\\/rimocclyon\\\/?locale=fr_FR\",\"https:\\\/\\\/www.instagram.com\\\/rimoccc\\\/?hl=fr\",\"https:\\\/\\\/www.tiktok.com\\\/@rimocc\",\"https:\\\/\\\/www.youtube.com\\\/@Rimocc\"]}]}<\/script>\n<!-- \/ Yoast SEO plugin. -->","yoast_head_json":{"title":"Premier Olympic 20\"x14\" 12\"x8\" 16\"x15 White Silk Pearl Vintage early 70's - D\u00e9p\u00f4t Vente Batterie Percussion | Rimocc Lyon","robots":{"index":"index","follow":"follow","max-snippet":"max-snippet:-1","max-image-preview":"max-image-preview:large","max-video-preview":"max-video-preview:-1"},"canonical":"https:\/\/www.rimocc.com\/en\/product\/premier-olympic-20x14-12x8-16x15-white-silk-pearl-vintage-early-70s\/","og_locale":"en_US","og_type":"article","og_title":"Premier Olympic 20\"x14\" 12\"x8\" 16\"x15 White Silk Pearl Vintage early 70's - D\u00e9p\u00f4t Vente Batterie Percussion | Rimocc Lyon","og_description":"Premier Olympic 20&Prime;x14&Prime; 12&Prime;x8&Prime; 16&Prime;x15 White Silk Pearl Vintage early 70&rsquo;s Made in England &#8211; International Size &#8211; Mahogany Model Europa 1031 (petites tailles) Renforts de chanfreins sur tous les f\u00fbts Tr\u00e8s bon \u00e9tat g\u00e9n\u00e9ral pour son \u00e2ge. Quelques craquelures sur le rhodoid (une petite partie \u00e0 nu sur le tom 12 \/ voir photo) [&hellip;]","og_url":"https:\/\/www.rimocc.com\/en\/product\/premier-olympic-20x14-12x8-16x15-white-silk-pearl-vintage-early-70s\/","og_site_name":"D\u00e9p\u00f4t Vente Batterie Percussion | Rimocc Lyon","article_publisher":"https:\/\/www.facebook.com\/rimocclyon\/?locale=fr_FR","article_modified_time":"2023-06-13T13:05:26+00:00","og_image":[{"width":500,"height":500,"url":"https:\/\/www.rimocc.com\/wp-content\/uploads\/2023\/06\/0e6ab0_6d3db42cd1d544139481b2a627258f57mv2.webp","type":"image\/webp"}],"twitter_card":"summary_large_image","twitter_misc":{"Est. reading time":"1 minute"},"schema":{"@context":"https:\/\/schema.org","@graph":[{"@type":"WebPage","@id":"https:\/\/www.rimocc.com\/product\/premier-olympic-20x14-12x8-16x15-white-silk-pearl-vintage-early-70s\/","url":"https:\/\/www.rimocc.com\/product\/premier-olympic-20x14-12x8-16x15-white-silk-pearl-vintage-early-70s\/","name":"Premier Olympic 20\"x14\" 12\"x8\" 16\"x15 White Silk Pearl Vintage early 70's - D\u00e9p\u00f4t Vente Batterie Percussion | Rimocc Lyon","isPartOf":{"@id":"https:\/\/www.rimocc.com\/#website"},"primaryImageOfPage":{"@id":"https:\/\/www.rimocc.com\/product\/premier-olympic-20x14-12x8-16x15-white-silk-pearl-vintage-early-70s\/#primaryimage"},"image":{"@id":"https:\/\/www.rimocc.com\/product\/premier-olympic-20x14-12x8-16x15-white-silk-pearl-vintage-early-70s\/#primaryimage"},"thumbnailUrl":"https:\/\/www.rimocc.com\/wp-content\/uploads\/2023\/06\/0e6ab0_6d3db42cd1d544139481b2a627258f57mv2.webp","datePublished":"2023-06-08T21:12:11+00:00","dateModified":"2023-06-13T13:05:26+00:00","breadcrumb":{"@id":"https:\/\/www.rimocc.com\/product\/premier-olympic-20x14-12x8-16x15-white-silk-pearl-vintage-early-70s\/#breadcrumb"},"inLanguage":"en-US","potentialAction":[{"@type":"ReadAction","target":["https:\/\/www.rimocc.com\/product\/premier-olympic-20x14-12x8-16x15-white-silk-pearl-vintage-early-70s\/"]}]},{"@type":"ImageObject","inLanguage":"en-US","@id":"https:\/\/www.rimocc.com\/product\/premier-olympic-20x14-12x8-16x15-white-silk-pearl-vintage-early-70s\/#primaryimage","url":"https:\/\/www.rimocc.com\/wp-content\/uploads\/2023\/06\/0e6ab0_6d3db42cd1d544139481b2a627258f57mv2.webp","contentUrl":"https:\/\/www.rimocc.com\/wp-content\/uploads\/2023\/06\/0e6ab0_6d3db42cd1d544139481b2a627258f57mv2.webp","width":500,"height":500},{"@type":"BreadcrumbList","@id":"https:\/\/www.rimocc.com\/product\/premier-olympic-20x14-12x8-16x15-white-silk-pearl-vintage-early-70s\/#breadcrumb","itemListElement":[{"@type":"ListItem","position":1,"name":"Home","item":"https:\/\/www.rimocc.com\/"},{"@type":"ListItem","position":2,"name":"Shop","item":"https:\/\/www.rimocc.com\/shop\/"},{"@type":"ListItem","position":3,"name":"Premier Olympic 20&#8243;x14&#8243; 12&#8243;x8&#8243; 16&#8243;x15 White Silk Pearl Vintage early 70&#8217;s"}]},{"@type":"WebSite","@id":"https:\/\/www.rimocc.com\/#website","url":"https:\/\/www.rimocc.com\/","name":"D\u00e9p\u00f4t Vente Batterie Percussion | Rimocc Lyon","description":"Rimocc: l&#039;unique magasin d\u00e9di\u00e9 enti\u00e8rement \u00e0 la batterie, percussion d&#039;occasion et vintage \u00e0 Lyon, France","publisher":{"@id":"https:\/\/www.rimocc.com\/#organization"},"alternateName":"Rimocc'","potentialAction":[{"@type":"SearchAction","target":{"@type":"EntryPoint","urlTemplate":"https:\/\/www.rimocc.com\/?s={search_term_string}"},"query-input":{"@type":"PropertyValueSpecification","valueRequired":true,"valueName":"search_term_string"}}],"inLanguage":"en-US"},{"@type":"Organization","@id":"https:\/\/www.rimocc.com\/#organization","name":"Rimocc'","alternateName":"Rimocc","url":"https:\/\/www.rimocc.com\/","logo":{"@type":"ImageObject","inLanguage":"en-US","@id":"https:\/\/www.rimocc.com\/#\/schema\/logo\/image\/","url":"https:\/\/i0.wp.com\/www.rimocc.com\/wp-content\/uploads\/2023\/07\/RIMOCC_LOGO.jpg?fit=459%2C114&ssl=1","contentUrl":"https:\/\/i0.wp.com\/www.rimocc.com\/wp-content\/uploads\/2023\/07\/RIMOCC_LOGO.jpg?fit=459%2C114&ssl=1","width":459,"height":114,"caption":"Rimocc'"},"image":{"@id":"https:\/\/www.rimocc.com\/#\/schema\/logo\/image\/"},"sameAs":["https:\/\/www.facebook.com\/rimocclyon\/?locale=fr_FR","https:\/\/www.instagram.com\/rimoccc\/?hl=fr","https:\/\/www.tiktok.com\/@rimocc","https:\/\/www.youtube.com\/@Rimocc"]}]}},"jetpack_publicize_connections":[],"jetpack_sharing_enabled":true,"_links":{"self":[{"href":"https:\/\/www.rimocc.com\/en\/wp-json\/wp\/v2\/product\/573","targetHints":{"allow":["GET"]}}],"collection":[{"href":"https:\/\/www.rimocc.com\/en\/wp-json\/wp\/v2\/product"}],"about":[{"href":"https:\/\/www.rimocc.com\/en\/wp-json\/wp\/v2\/types\/product"}],"replies":[{"embeddable":true,"href":"https:\/\/www.rimocc.com\/en\/wp-json\/wp\/v2\/comments?post=573"}],"wp:featuredmedia":[{"embeddable":true,"href":"https:\/\/www.rimocc.com\/en\/wp-json\/wp\/v2\/media\/5209"}],"wp:attachment":[{"href":"https:\/\/www.rimocc.com\/en\/wp-json\/wp\/v2\/media?parent=573"}],"wp:term":[{"taxonomy":"product_brand","embeddable":true,"href":"https:\/\/www.rimocc.com\/en\/wp-json\/wp\/v2\/product_brand?post=573"},{"taxonomy":"product_cat","embeddable":true,"href":"https:\/\/www.rimocc.com\/en\/wp-json\/wp\/v2\/product_cat?post=573"},{"taxonomy":"product_tag","embeddable":true,"href":"https:\/\/www.rimocc.com\/en\/wp-json\/wp\/v2\/product_tag?post=573"}],"curies":[{"name":"wp","href":"https:\/\/api.w.org\/{rel}","templated":true}]}}