{"id":565,"date":"2023-06-08T21:12:11","date_gmt":"2023-06-08T21:12:11","guid":{"rendered":"https:\/\/rimocc.a2hosted.com\/product\/batterie-yamaha-hybrid-absolute-maple-erable-wenge\/"},"modified":"2023-06-13T12:58:44","modified_gmt":"2023-06-13T12:58:44","slug":"batterie-yamaha-hybrid-absolute-maple-erable-wenge","status":"publish","type":"product","link":"https:\/\/www.rimocc.com\/en\/product\/batterie-yamaha-hybrid-absolute-maple-erable-wenge\/","title":{"rendered":"Batterie Yamaha Hybrid Absolute Maple (Erable\/Weng\u00e9)"},"content":{"rendered":"<p>Batterie Yamaha Hybrid Absolute Maple (Erable\/Weng\u00e9)<\/p>\n<p>22&Prime;x 18&Prime;\u00a0 10&Prime;x 07&Prime; 12&Prime;x 08&Prime; 14&Prime;x 13&Prime; Floor Tom 16&Prime;x 15&Prime; Floor Tom<\/p>\n<p>Polar White<\/p>\n<p>Tr\u00e8s bon \u00e9tat g\u00e9n\u00e9ral, quelques traces de frottement, particuli\u00e8rement sur le tom bass de 14&Prime;<\/p>\n<p>(enl\u00e8vement sur place privil\u00e9gi\u00e9 mais envoi possible dans toute la France sur devis s\u00e9par\u00e9 &#8211; merci de s\u00e9lectionner l&rsquo;option retrait sur place et nous vous ferons parvenir un devis s\u00e9par\u00e9 pour la livraison, \u00e0 r\u00e9gler s\u00e9par\u00e9ment)<\/p>\n<p><em>Very good\u00a0 condition overall (some rubbing traces especially on the 14&Prime; Floor Tom)<\/em><\/p>\n<p><em><u>International order, available as pick-up only<\/u><\/em><\/p>\n<p>&nbsp;<\/p>\n<p>Batterie Caisse Claire Cymbale Rimocc&rsquo; Lyon<\/p>\n<p>&nbsp;<\/p>\n<p><em>\u00ab\u00a0Yamaha fit \u0153uvre de pionnier en mati\u00e8re de kit hybride acoustique avec sa ligne haut de gamme PHX Series. Comme son nom l&rsquo;indique, le kit Absolute Hybrid Maple combine \u00e9rable Nord Am\u00e9ricain et Weng\u00e9. Cette alliance produit une tonalit\u00e9 expressive et un large spectre dynamique, apte \u00e0 retranscrire les nuances les plus fines du musicien. Les kits de la s\u00e9rie Absolute Hybrid Maple sont \u00e9quip\u00e9s de coquilles \u00e0 crochet en partie d\u00e9montables (Hook Lugs), tir\u00e9es de la s\u00e9rie PHX, qui transmettent parfaitement le son naturel des f\u00fbts. Outre permettre un changement rapide et facile des peaux, ces coquilles assurent un accord pr\u00e9cis. La technologie hybride donne \u00e0 ces f\u00fbts une sonorit\u00e9 remarquable. Il faut l&rsquo;entendre pour le croire !<\/em><\/p>\n<ul>\n<li><em>F\u00fbts en \u00e9rable avec un pli central en weng\u00e9<\/em><\/li>\n<li><em>Coquilles \u00e0 d\u00e9montage rapide.<\/em><\/li>\n<li><em>YESS III<\/em><\/li>\n<li><em>Trous d&rsquo;\u00e9vent<\/em><\/li>\n<li><em>Finition int\u00e9rieure vintage<\/em>\u00ab\u00a0<\/li>\n<\/ul>","protected":false},"excerpt":{"rendered":"<p>Batterie Yamaha Hybrid Absolute Maple (Erable\/Weng\u00e9) 22&Prime;x 18&Prime;\u00a0 10&Prime;x 07&Prime; 12&Prime;x 08&Prime; 14&Prime;x 13&Prime; Floor Tom 16&Prime;x 15&Prime; Floor Tom Polar White Tr\u00e8s bon \u00e9tat g\u00e9n\u00e9ral, quelques traces de frottement, particuli\u00e8rement sur le tom bass de 14&Prime; (enl\u00e8vement sur place privil\u00e9gi\u00e9 mais envoi possible dans toute la France sur devis s\u00e9par\u00e9 &#8211; merci de s\u00e9lectionner [&hellip;]<\/p>\n","protected":false},"featured_media":5174,"comment_status":"open","ping_status":"closed","template":"","meta":{"jetpack_publicize_message":"","jetpack_publicize_feature_enabled":true,"jetpack_social_post_already_shared":false,"jetpack_social_options":{"image_generator_settings":{"template":"highway","default_image_id":0,"font":"","enabled":false},"version":2}},"product_brand":[],"product_cat":[20],"product_tag":[],"class_list":{"0":"post-565","1":"product","2":"type-product","3":"status-publish","4":"has-post-thumbnail","6":"product_cat-batterie","8":"entry","9":"has-media","11":"first","12":"outofstock","13":"shipping-taxable","14":"purchasable","15":"product-type-simple","16":"has-product-nav","17":"col","18":"span_1_of_3","19":"owp-content-center","20":"owp-thumbs-layout-horizontal","21":"owp-btn-normal","22":"owp-tabs-layout-horizontal"},"yoast_head":"<!-- This site is optimized with the Yoast SEO plugin v27.4 - https:\/\/yoast.com\/product\/yoast-seo-wordpress\/ -->\n<title>Batterie Yamaha Hybrid Absolute Maple (Erable\/Weng\u00e9) - D\u00e9p\u00f4t Vente Batterie Percussion | Rimocc Lyon<\/title>\n<meta name=\"robots\" content=\"index, follow, max-snippet:-1, max-image-preview:large, max-video-preview:-1\" \/>\n<link rel=\"canonical\" href=\"https:\/\/www.rimocc.com\/en\/product\/batterie-yamaha-hybrid-absolute-maple-erable-wenge\/\" \/>\n<meta property=\"og:locale\" content=\"en_US\" \/>\n<meta property=\"og:type\" content=\"article\" \/>\n<meta property=\"og:title\" content=\"Batterie Yamaha Hybrid Absolute Maple (Erable\/Weng\u00e9) - D\u00e9p\u00f4t Vente Batterie Percussion | Rimocc Lyon\" \/>\n<meta property=\"og:description\" content=\"Batterie Yamaha Hybrid Absolute Maple (Erable\/Weng\u00e9) 22&Prime;x 18&Prime;\u00a0 10&Prime;x 07&Prime; 12&Prime;x 08&Prime; 14&Prime;x 13&Prime; Floor Tom 16&Prime;x 15&Prime; Floor Tom Polar White Tr\u00e8s bon \u00e9tat g\u00e9n\u00e9ral, quelques traces de frottement, particuli\u00e8rement sur le tom bass de 14&Prime; (enl\u00e8vement sur place privil\u00e9gi\u00e9 mais envoi possible dans toute la France sur devis s\u00e9par\u00e9 &#8211; merci de s\u00e9lectionner [&hellip;]\" \/>\n<meta property=\"og:url\" content=\"https:\/\/www.rimocc.com\/en\/product\/batterie-yamaha-hybrid-absolute-maple-erable-wenge\/\" \/>\n<meta property=\"og:site_name\" content=\"D\u00e9p\u00f4t Vente Batterie Percussion | Rimocc Lyon\" \/>\n<meta property=\"article:publisher\" content=\"https:\/\/www.facebook.com\/rimocclyon\/?locale=fr_FR\" \/>\n<meta property=\"article:modified_time\" content=\"2023-06-13T12:58:44+00:00\" \/>\n<meta property=\"og:image\" content=\"https:\/\/www.rimocc.com\/wp-content\/uploads\/2023\/06\/0e6ab0_11d717e7780e4d1d9bdc8da563e1d3dbmv2.webp\" \/>\n\t<meta property=\"og:image:width\" content=\"500\" \/>\n\t<meta property=\"og:image:height\" content=\"500\" \/>\n\t<meta property=\"og:image:type\" content=\"image\/webp\" \/>\n<meta name=\"twitter:card\" content=\"summary_large_image\" \/>\n<meta name=\"twitter:label1\" content=\"Est. reading time\" \/>\n\t<meta name=\"twitter:data1\" content=\"1 minute\" \/>\n<script type=\"application\/ld+json\" class=\"yoast-schema-graph\">{\"@context\":\"https:\\\/\\\/schema.org\",\"@graph\":[{\"@type\":\"WebPage\",\"@id\":\"https:\\\/\\\/www.rimocc.com\\\/product\\\/batterie-yamaha-hybrid-absolute-maple-erable-wenge\\\/\",\"url\":\"https:\\\/\\\/www.rimocc.com\\\/product\\\/batterie-yamaha-hybrid-absolute-maple-erable-wenge\\\/\",\"name\":\"Batterie Yamaha Hybrid Absolute Maple (Erable\\\/Weng\u00e9) - D\u00e9p\u00f4t Vente Batterie Percussion | Rimocc Lyon\",\"isPartOf\":{\"@id\":\"https:\\\/\\\/www.rimocc.com\\\/#website\"},\"primaryImageOfPage\":{\"@id\":\"https:\\\/\\\/www.rimocc.com\\\/product\\\/batterie-yamaha-hybrid-absolute-maple-erable-wenge\\\/#primaryimage\"},\"image\":{\"@id\":\"https:\\\/\\\/www.rimocc.com\\\/product\\\/batterie-yamaha-hybrid-absolute-maple-erable-wenge\\\/#primaryimage\"},\"thumbnailUrl\":\"https:\\\/\\\/www.rimocc.com\\\/wp-content\\\/uploads\\\/2023\\\/06\\\/0e6ab0_11d717e7780e4d1d9bdc8da563e1d3dbmv2.webp\",\"datePublished\":\"2023-06-08T21:12:11+00:00\",\"dateModified\":\"2023-06-13T12:58:44+00:00\",\"breadcrumb\":{\"@id\":\"https:\\\/\\\/www.rimocc.com\\\/product\\\/batterie-yamaha-hybrid-absolute-maple-erable-wenge\\\/#breadcrumb\"},\"inLanguage\":\"en-US\",\"potentialAction\":[{\"@type\":\"ReadAction\",\"target\":[\"https:\\\/\\\/www.rimocc.com\\\/product\\\/batterie-yamaha-hybrid-absolute-maple-erable-wenge\\\/\"]}]},{\"@type\":\"ImageObject\",\"inLanguage\":\"en-US\",\"@id\":\"https:\\\/\\\/www.rimocc.com\\\/product\\\/batterie-yamaha-hybrid-absolute-maple-erable-wenge\\\/#primaryimage\",\"url\":\"https:\\\/\\\/www.rimocc.com\\\/wp-content\\\/uploads\\\/2023\\\/06\\\/0e6ab0_11d717e7780e4d1d9bdc8da563e1d3dbmv2.webp\",\"contentUrl\":\"https:\\\/\\\/www.rimocc.com\\\/wp-content\\\/uploads\\\/2023\\\/06\\\/0e6ab0_11d717e7780e4d1d9bdc8da563e1d3dbmv2.webp\",\"width\":500,\"height\":500},{\"@type\":\"BreadcrumbList\",\"@id\":\"https:\\\/\\\/www.rimocc.com\\\/product\\\/batterie-yamaha-hybrid-absolute-maple-erable-wenge\\\/#breadcrumb\",\"itemListElement\":[{\"@type\":\"ListItem\",\"position\":1,\"name\":\"Home\",\"item\":\"https:\\\/\\\/www.rimocc.com\\\/\"},{\"@type\":\"ListItem\",\"position\":2,\"name\":\"Shop\",\"item\":\"https:\\\/\\\/www.rimocc.com\\\/shop\\\/\"},{\"@type\":\"ListItem\",\"position\":3,\"name\":\"Batterie Yamaha Hybrid Absolute Maple (Erable\\\/Weng\u00e9)\"}]},{\"@type\":\"WebSite\",\"@id\":\"https:\\\/\\\/www.rimocc.com\\\/#website\",\"url\":\"https:\\\/\\\/www.rimocc.com\\\/\",\"name\":\"D\u00e9p\u00f4t Vente Batterie Percussion | Rimocc Lyon\",\"description\":\"Rimocc: l&#039;unique magasin d\u00e9di\u00e9 enti\u00e8rement \u00e0 la batterie, percussion d&#039;occasion et vintage \u00e0 Lyon, France\",\"publisher\":{\"@id\":\"https:\\\/\\\/www.rimocc.com\\\/#organization\"},\"alternateName\":\"Rimocc'\",\"potentialAction\":[{\"@type\":\"SearchAction\",\"target\":{\"@type\":\"EntryPoint\",\"urlTemplate\":\"https:\\\/\\\/www.rimocc.com\\\/?s={search_term_string}\"},\"query-input\":{\"@type\":\"PropertyValueSpecification\",\"valueRequired\":true,\"valueName\":\"search_term_string\"}}],\"inLanguage\":\"en-US\"},{\"@type\":\"Organization\",\"@id\":\"https:\\\/\\\/www.rimocc.com\\\/#organization\",\"name\":\"Rimocc'\",\"alternateName\":\"Rimocc\",\"url\":\"https:\\\/\\\/www.rimocc.com\\\/\",\"logo\":{\"@type\":\"ImageObject\",\"inLanguage\":\"en-US\",\"@id\":\"https:\\\/\\\/www.rimocc.com\\\/#\\\/schema\\\/logo\\\/image\\\/\",\"url\":\"https:\\\/\\\/i0.wp.com\\\/www.rimocc.com\\\/wp-content\\\/uploads\\\/2023\\\/07\\\/RIMOCC_LOGO.jpg?fit=459%2C114&ssl=1\",\"contentUrl\":\"https:\\\/\\\/i0.wp.com\\\/www.rimocc.com\\\/wp-content\\\/uploads\\\/2023\\\/07\\\/RIMOCC_LOGO.jpg?fit=459%2C114&ssl=1\",\"width\":459,\"height\":114,\"caption\":\"Rimocc'\"},\"image\":{\"@id\":\"https:\\\/\\\/www.rimocc.com\\\/#\\\/schema\\\/logo\\\/image\\\/\"},\"sameAs\":[\"https:\\\/\\\/www.facebook.com\\\/rimocclyon\\\/?locale=fr_FR\",\"https:\\\/\\\/www.instagram.com\\\/rimoccc\\\/?hl=fr\",\"https:\\\/\\\/www.tiktok.com\\\/@rimocc\",\"https:\\\/\\\/www.youtube.com\\\/@Rimocc\"]}]}<\/script>\n<!-- \/ Yoast SEO plugin. -->","yoast_head_json":{"title":"Batterie Yamaha Hybrid Absolute Maple (Erable\/Weng\u00e9) - D\u00e9p\u00f4t Vente Batterie Percussion | Rimocc Lyon","robots":{"index":"index","follow":"follow","max-snippet":"max-snippet:-1","max-image-preview":"max-image-preview:large","max-video-preview":"max-video-preview:-1"},"canonical":"https:\/\/www.rimocc.com\/en\/product\/batterie-yamaha-hybrid-absolute-maple-erable-wenge\/","og_locale":"en_US","og_type":"article","og_title":"Batterie Yamaha Hybrid Absolute Maple (Erable\/Weng\u00e9) - D\u00e9p\u00f4t Vente Batterie Percussion | Rimocc Lyon","og_description":"Batterie Yamaha Hybrid Absolute Maple (Erable\/Weng\u00e9) 22&Prime;x 18&Prime;\u00a0 10&Prime;x 07&Prime; 12&Prime;x 08&Prime; 14&Prime;x 13&Prime; Floor Tom 16&Prime;x 15&Prime; Floor Tom Polar White Tr\u00e8s bon \u00e9tat g\u00e9n\u00e9ral, quelques traces de frottement, particuli\u00e8rement sur le tom bass de 14&Prime; (enl\u00e8vement sur place privil\u00e9gi\u00e9 mais envoi possible dans toute la France sur devis s\u00e9par\u00e9 &#8211; merci de s\u00e9lectionner [&hellip;]","og_url":"https:\/\/www.rimocc.com\/en\/product\/batterie-yamaha-hybrid-absolute-maple-erable-wenge\/","og_site_name":"D\u00e9p\u00f4t Vente Batterie Percussion | Rimocc Lyon","article_publisher":"https:\/\/www.facebook.com\/rimocclyon\/?locale=fr_FR","article_modified_time":"2023-06-13T12:58:44+00:00","og_image":[{"width":500,"height":500,"url":"https:\/\/www.rimocc.com\/wp-content\/uploads\/2023\/06\/0e6ab0_11d717e7780e4d1d9bdc8da563e1d3dbmv2.webp","type":"image\/webp"}],"twitter_card":"summary_large_image","twitter_misc":{"Est. reading time":"1 minute"},"schema":{"@context":"https:\/\/schema.org","@graph":[{"@type":"WebPage","@id":"https:\/\/www.rimocc.com\/product\/batterie-yamaha-hybrid-absolute-maple-erable-wenge\/","url":"https:\/\/www.rimocc.com\/product\/batterie-yamaha-hybrid-absolute-maple-erable-wenge\/","name":"Batterie Yamaha Hybrid Absolute Maple (Erable\/Weng\u00e9) - D\u00e9p\u00f4t Vente Batterie Percussion | Rimocc Lyon","isPartOf":{"@id":"https:\/\/www.rimocc.com\/#website"},"primaryImageOfPage":{"@id":"https:\/\/www.rimocc.com\/product\/batterie-yamaha-hybrid-absolute-maple-erable-wenge\/#primaryimage"},"image":{"@id":"https:\/\/www.rimocc.com\/product\/batterie-yamaha-hybrid-absolute-maple-erable-wenge\/#primaryimage"},"thumbnailUrl":"https:\/\/www.rimocc.com\/wp-content\/uploads\/2023\/06\/0e6ab0_11d717e7780e4d1d9bdc8da563e1d3dbmv2.webp","datePublished":"2023-06-08T21:12:11+00:00","dateModified":"2023-06-13T12:58:44+00:00","breadcrumb":{"@id":"https:\/\/www.rimocc.com\/product\/batterie-yamaha-hybrid-absolute-maple-erable-wenge\/#breadcrumb"},"inLanguage":"en-US","potentialAction":[{"@type":"ReadAction","target":["https:\/\/www.rimocc.com\/product\/batterie-yamaha-hybrid-absolute-maple-erable-wenge\/"]}]},{"@type":"ImageObject","inLanguage":"en-US","@id":"https:\/\/www.rimocc.com\/product\/batterie-yamaha-hybrid-absolute-maple-erable-wenge\/#primaryimage","url":"https:\/\/www.rimocc.com\/wp-content\/uploads\/2023\/06\/0e6ab0_11d717e7780e4d1d9bdc8da563e1d3dbmv2.webp","contentUrl":"https:\/\/www.rimocc.com\/wp-content\/uploads\/2023\/06\/0e6ab0_11d717e7780e4d1d9bdc8da563e1d3dbmv2.webp","width":500,"height":500},{"@type":"BreadcrumbList","@id":"https:\/\/www.rimocc.com\/product\/batterie-yamaha-hybrid-absolute-maple-erable-wenge\/#breadcrumb","itemListElement":[{"@type":"ListItem","position":1,"name":"Home","item":"https:\/\/www.rimocc.com\/"},{"@type":"ListItem","position":2,"name":"Shop","item":"https:\/\/www.rimocc.com\/shop\/"},{"@type":"ListItem","position":3,"name":"Batterie Yamaha Hybrid Absolute Maple (Erable\/Weng\u00e9)"}]},{"@type":"WebSite","@id":"https:\/\/www.rimocc.com\/#website","url":"https:\/\/www.rimocc.com\/","name":"D\u00e9p\u00f4t Vente Batterie Percussion | Rimocc Lyon","description":"Rimocc: l&#039;unique magasin d\u00e9di\u00e9 enti\u00e8rement \u00e0 la batterie, percussion d&#039;occasion et vintage \u00e0 Lyon, France","publisher":{"@id":"https:\/\/www.rimocc.com\/#organization"},"alternateName":"Rimocc'","potentialAction":[{"@type":"SearchAction","target":{"@type":"EntryPoint","urlTemplate":"https:\/\/www.rimocc.com\/?s={search_term_string}"},"query-input":{"@type":"PropertyValueSpecification","valueRequired":true,"valueName":"search_term_string"}}],"inLanguage":"en-US"},{"@type":"Organization","@id":"https:\/\/www.rimocc.com\/#organization","name":"Rimocc'","alternateName":"Rimocc","url":"https:\/\/www.rimocc.com\/","logo":{"@type":"ImageObject","inLanguage":"en-US","@id":"https:\/\/www.rimocc.com\/#\/schema\/logo\/image\/","url":"https:\/\/i0.wp.com\/www.rimocc.com\/wp-content\/uploads\/2023\/07\/RIMOCC_LOGO.jpg?fit=459%2C114&ssl=1","contentUrl":"https:\/\/i0.wp.com\/www.rimocc.com\/wp-content\/uploads\/2023\/07\/RIMOCC_LOGO.jpg?fit=459%2C114&ssl=1","width":459,"height":114,"caption":"Rimocc'"},"image":{"@id":"https:\/\/www.rimocc.com\/#\/schema\/logo\/image\/"},"sameAs":["https:\/\/www.facebook.com\/rimocclyon\/?locale=fr_FR","https:\/\/www.instagram.com\/rimoccc\/?hl=fr","https:\/\/www.tiktok.com\/@rimocc","https:\/\/www.youtube.com\/@Rimocc"]}]}},"jetpack_publicize_connections":[],"jetpack_sharing_enabled":true,"_links":{"self":[{"href":"https:\/\/www.rimocc.com\/en\/wp-json\/wp\/v2\/product\/565","targetHints":{"allow":["GET"]}}],"collection":[{"href":"https:\/\/www.rimocc.com\/en\/wp-json\/wp\/v2\/product"}],"about":[{"href":"https:\/\/www.rimocc.com\/en\/wp-json\/wp\/v2\/types\/product"}],"replies":[{"embeddable":true,"href":"https:\/\/www.rimocc.com\/en\/wp-json\/wp\/v2\/comments?post=565"}],"wp:featuredmedia":[{"embeddable":true,"href":"https:\/\/www.rimocc.com\/en\/wp-json\/wp\/v2\/media\/5174"}],"wp:attachment":[{"href":"https:\/\/www.rimocc.com\/en\/wp-json\/wp\/v2\/media?parent=565"}],"wp:term":[{"taxonomy":"product_brand","embeddable":true,"href":"https:\/\/www.rimocc.com\/en\/wp-json\/wp\/v2\/product_brand?post=565"},{"taxonomy":"product_cat","embeddable":true,"href":"https:\/\/www.rimocc.com\/en\/wp-json\/wp\/v2\/product_cat?post=565"},{"taxonomy":"product_tag","embeddable":true,"href":"https:\/\/www.rimocc.com\/en\/wp-json\/wp\/v2\/product_tag?post=565"}],"curies":[{"name":"wp","href":"https:\/\/api.w.org\/{rel}","templated":true}]}}