{"id":542,"date":"2023-06-08T21:12:09","date_gmt":"2023-06-08T21:12:09","guid":{"rendered":"https:\/\/rimocc.a2hosted.com\/product\/los-cabos-7a-red-hickory\/"},"modified":"2023-09-27T12:42:04","modified_gmt":"2023-09-27T10:42:04","slug":"los-cabos-7a-red-hickory","status":"publish","type":"product","link":"https:\/\/www.rimocc.com\/en\/product\/los-cabos-7a-red-hickory\/","title":{"rendered":"Los Cabos 7A Red Hickory"},"content":{"rendered":"<p>Los Cabos 7A Red Hickory<\/p>\n<p>Hickory Red 100% Canadien<br \/>\n\u00e9quilibr\u00e9es &#038; poids similaire<br \/>\nEco responsable FSC<br \/>\nTaille : 7A (L: 393,70 mm \/ \u00d8:13,79 mm)<br \/>\nOlive bois<\/p>\n<p>Los Cabos, marque Canadienne, fabrique des baguettes et accessoires \u00e0 partir de bois 100% Canadien. Le bois est r\u00e9colt\u00e9 de fa\u00e7on \u00e9co-responsable par les fournisseurs agr\u00e9\u00e9s FSC et Los Cabos tient compte de l&rsquo;enjeu environnemental.<br \/>\nToutes les baguettes sont \u00e9quilibr\u00e9es, choisies une \u00e0 une puis associ\u00e9es par paire de poids \u00e9quivalent (au gr).<br \/>\nLos Cabos est l&rsquo;une des seule marque \u00e0 utiliser l&rsquo;Hickory Rouge (coeur de l&rsquo;arbre) dont les sp\u00e9cificit\u00e9s sont l&rsquo;\u00e9lasticit\u00e9 et sa rigidit\u00e9 in\u00e9gal\u00e9e !<\/p>","protected":false},"excerpt":{"rendered":"<p>Los Cabos 7A Red Hickory Hickory Red 100% Canadien \u00e9quilibr\u00e9es &#038; poids similaire Eco responsable FSC Taille : 7A (L: 393,70 mm \/ \u00d8:13,79 mm) Olive bois Los Cabos, marque Canadienne, fabrique des baguettes et accessoires \u00e0 partir de bois 100% Canadien. Le bois est r\u00e9colt\u00e9 de fa\u00e7on \u00e9co-responsable par les fournisseurs agr\u00e9\u00e9s FSC et [&hellip;]<\/p>\n","protected":false},"featured_media":9621,"comment_status":"open","ping_status":"closed","template":"","meta":{"jetpack_publicize_message":"","jetpack_publicize_feature_enabled":true,"jetpack_social_post_already_shared":false,"jetpack_social_options":{"image_generator_settings":{"template":"highway","default_image_id":0,"font":"","enabled":false},"version":2}},"product_brand":[],"product_cat":[23],"product_tag":[92,177],"class_list":{"0":"post-542","1":"product","2":"type-product","3":"status-publish","4":"has-post-thumbnail","6":"product_cat-baguettes","7":"product_tag-baguettes","8":"product_tag-los-cabos","10":"entry","11":"has-media","13":"first","14":"instock","15":"shipping-taxable","16":"purchasable","17":"product-type-simple","18":"has-product-nav","19":"col","20":"span_1_of_3","21":"owp-content-center","22":"owp-thumbs-layout-horizontal","23":"owp-btn-normal","24":"owp-tabs-layout-horizontal","25":"has-no-thumbnails"},"yoast_head":"<!-- This site is optimized with the Yoast SEO plugin v27.4 - https:\/\/yoast.com\/product\/yoast-seo-wordpress\/ -->\n<title>Los Cabos 7A Red Hickory - D\u00e9p\u00f4t Vente Batterie Percussion | Rimocc Lyon<\/title>\n<meta name=\"description\" content=\"Los Cabos, marque Canadienne, fabrique des baguettes et accessoires \u00e0 partir de bois 100% Canadien. Le bois est r\u00e9colt\u00e9 de fa\u00e7on \u00e9co-responsable par les fournisseurs agr\u00e9\u00e9s FSC et Los Cabos tient compte de l&#039;enjeu environnemental.Toutes les baguettes sont \u00e9quilibr\u00e9es, choisies une \u00e0 une puis associ\u00e9es par paire de poids \u00e9quivalent (au gr).Los Cabos est l&#039;une des seule marque \u00e0 utiliser l&#039;Hickory Rouge (coeur de l&#039;arbre) dont les sp\u00e9cificit\u00e9s sont l&#039;\u00e9lasticit\u00e9 et sa rigidit\u00e9 in\u00e9gal\u00e9e !\" \/>\n<meta name=\"robots\" content=\"index, follow, max-snippet:-1, max-image-preview:large, max-video-preview:-1\" \/>\n<link rel=\"canonical\" href=\"https:\/\/www.rimocc.com\/en\/product\/los-cabos-7a-red-hickory\/\" \/>\n<meta property=\"og:locale\" content=\"en_US\" \/>\n<meta property=\"og:type\" content=\"article\" \/>\n<meta property=\"og:title\" content=\"Los Cabos 7A Red Hickory - D\u00e9p\u00f4t Vente Batterie Percussion | Rimocc Lyon\" \/>\n<meta property=\"og:description\" content=\"Los Cabos, marque Canadienne, fabrique des baguettes et accessoires \u00e0 partir de bois 100% Canadien. Le bois est r\u00e9colt\u00e9 de fa\u00e7on \u00e9co-responsable par les fournisseurs agr\u00e9\u00e9s FSC et Los Cabos tient compte de l&#039;enjeu environnemental.Toutes les baguettes sont \u00e9quilibr\u00e9es, choisies une \u00e0 une puis associ\u00e9es par paire de poids \u00e9quivalent (au gr).Los Cabos est l&#039;une des seule marque \u00e0 utiliser l&#039;Hickory Rouge (coeur de l&#039;arbre) dont les sp\u00e9cificit\u00e9s sont l&#039;\u00e9lasticit\u00e9 et sa rigidit\u00e9 in\u00e9gal\u00e9e !\" \/>\n<meta property=\"og:url\" content=\"https:\/\/www.rimocc.com\/en\/product\/los-cabos-7a-red-hickory\/\" \/>\n<meta property=\"og:site_name\" content=\"D\u00e9p\u00f4t Vente Batterie Percussion | Rimocc Lyon\" \/>\n<meta property=\"article:publisher\" content=\"https:\/\/www.facebook.com\/rimocclyon\/?locale=fr_FR\" \/>\n<meta property=\"article:modified_time\" content=\"2023-09-27T10:42:04+00:00\" \/>\n<meta property=\"og:image\" content=\"https:\/\/www.rimocc.com\/wp-content\/uploads\/2023\/07\/Los-Cabos-red-hickory-7a.jpg\" \/>\n\t<meta property=\"og:image:width\" content=\"305\" \/>\n\t<meta property=\"og:image:height\" content=\"305\" \/>\n\t<meta property=\"og:image:type\" content=\"image\/jpeg\" \/>\n<meta name=\"twitter:card\" content=\"summary_large_image\" \/>\n<meta name=\"twitter:label1\" content=\"Est. reading time\" \/>\n\t<meta name=\"twitter:data1\" content=\"1 minute\" \/>\n<script type=\"application\/ld+json\" class=\"yoast-schema-graph\">{\"@context\":\"https:\\\/\\\/schema.org\",\"@graph\":[{\"@type\":\"WebPage\",\"@id\":\"https:\\\/\\\/www.rimocc.com\\\/product\\\/los-cabos-7a-red-hickory\\\/\",\"url\":\"https:\\\/\\\/www.rimocc.com\\\/product\\\/los-cabos-7a-red-hickory\\\/\",\"name\":\"Los Cabos 7A Red Hickory - D\u00e9p\u00f4t Vente Batterie Percussion | Rimocc Lyon\",\"isPartOf\":{\"@id\":\"https:\\\/\\\/www.rimocc.com\\\/#website\"},\"primaryImageOfPage\":{\"@id\":\"https:\\\/\\\/www.rimocc.com\\\/product\\\/los-cabos-7a-red-hickory\\\/#primaryimage\"},\"image\":{\"@id\":\"https:\\\/\\\/www.rimocc.com\\\/product\\\/los-cabos-7a-red-hickory\\\/#primaryimage\"},\"thumbnailUrl\":\"https:\\\/\\\/www.rimocc.com\\\/wp-content\\\/uploads\\\/2023\\\/07\\\/Los-Cabos-red-hickory-7a.jpg\",\"datePublished\":\"2023-06-08T21:12:09+00:00\",\"dateModified\":\"2023-09-27T10:42:04+00:00\",\"description\":\"Los Cabos, marque Canadienne, fabrique des baguettes et accessoires \u00e0 partir de bois 100% Canadien. Le bois est r\u00e9colt\u00e9 de fa\u00e7on \u00e9co-responsable par les fournisseurs agr\u00e9\u00e9s FSC et Los Cabos tient compte de l'enjeu environnemental.Toutes les baguettes sont \u00e9quilibr\u00e9es, choisies une \u00e0 une puis associ\u00e9es par paire de poids \u00e9quivalent (au gr).Los Cabos est l'une des seule marque \u00e0 utiliser l'Hickory Rouge (coeur de l'arbre) dont les sp\u00e9cificit\u00e9s sont l'\u00e9lasticit\u00e9 et sa rigidit\u00e9 in\u00e9gal\u00e9e !\",\"breadcrumb\":{\"@id\":\"https:\\\/\\\/www.rimocc.com\\\/product\\\/los-cabos-7a-red-hickory\\\/#breadcrumb\"},\"inLanguage\":\"en-US\",\"potentialAction\":[{\"@type\":\"ReadAction\",\"target\":[\"https:\\\/\\\/www.rimocc.com\\\/product\\\/los-cabos-7a-red-hickory\\\/\"]}]},{\"@type\":\"ImageObject\",\"inLanguage\":\"en-US\",\"@id\":\"https:\\\/\\\/www.rimocc.com\\\/product\\\/los-cabos-7a-red-hickory\\\/#primaryimage\",\"url\":\"https:\\\/\\\/www.rimocc.com\\\/wp-content\\\/uploads\\\/2023\\\/07\\\/Los-Cabos-red-hickory-7a.jpg\",\"contentUrl\":\"https:\\\/\\\/www.rimocc.com\\\/wp-content\\\/uploads\\\/2023\\\/07\\\/Los-Cabos-red-hickory-7a.jpg\",\"width\":305,\"height\":305},{\"@type\":\"BreadcrumbList\",\"@id\":\"https:\\\/\\\/www.rimocc.com\\\/product\\\/los-cabos-7a-red-hickory\\\/#breadcrumb\",\"itemListElement\":[{\"@type\":\"ListItem\",\"position\":1,\"name\":\"Home\",\"item\":\"https:\\\/\\\/www.rimocc.com\\\/\"},{\"@type\":\"ListItem\",\"position\":2,\"name\":\"Shop\",\"item\":\"https:\\\/\\\/www.rimocc.com\\\/shop\\\/\"},{\"@type\":\"ListItem\",\"position\":3,\"name\":\"Los Cabos 7A Red Hickory\"}]},{\"@type\":\"WebSite\",\"@id\":\"https:\\\/\\\/www.rimocc.com\\\/#website\",\"url\":\"https:\\\/\\\/www.rimocc.com\\\/\",\"name\":\"D\u00e9p\u00f4t Vente Batterie Percussion | Rimocc Lyon\",\"description\":\"Rimocc: l&#039;unique magasin d\u00e9di\u00e9 enti\u00e8rement \u00e0 la batterie, percussion d&#039;occasion et vintage \u00e0 Lyon, France\",\"publisher\":{\"@id\":\"https:\\\/\\\/www.rimocc.com\\\/#organization\"},\"alternateName\":\"Rimocc'\",\"potentialAction\":[{\"@type\":\"SearchAction\",\"target\":{\"@type\":\"EntryPoint\",\"urlTemplate\":\"https:\\\/\\\/www.rimocc.com\\\/?s={search_term_string}\"},\"query-input\":{\"@type\":\"PropertyValueSpecification\",\"valueRequired\":true,\"valueName\":\"search_term_string\"}}],\"inLanguage\":\"en-US\"},{\"@type\":\"Organization\",\"@id\":\"https:\\\/\\\/www.rimocc.com\\\/#organization\",\"name\":\"Rimocc'\",\"alternateName\":\"Rimocc\",\"url\":\"https:\\\/\\\/www.rimocc.com\\\/\",\"logo\":{\"@type\":\"ImageObject\",\"inLanguage\":\"en-US\",\"@id\":\"https:\\\/\\\/www.rimocc.com\\\/#\\\/schema\\\/logo\\\/image\\\/\",\"url\":\"https:\\\/\\\/i0.wp.com\\\/www.rimocc.com\\\/wp-content\\\/uploads\\\/2023\\\/07\\\/RIMOCC_LOGO.jpg?fit=459%2C114&ssl=1\",\"contentUrl\":\"https:\\\/\\\/i0.wp.com\\\/www.rimocc.com\\\/wp-content\\\/uploads\\\/2023\\\/07\\\/RIMOCC_LOGO.jpg?fit=459%2C114&ssl=1\",\"width\":459,\"height\":114,\"caption\":\"Rimocc'\"},\"image\":{\"@id\":\"https:\\\/\\\/www.rimocc.com\\\/#\\\/schema\\\/logo\\\/image\\\/\"},\"sameAs\":[\"https:\\\/\\\/www.facebook.com\\\/rimocclyon\\\/?locale=fr_FR\",\"https:\\\/\\\/www.instagram.com\\\/rimoccc\\\/?hl=fr\",\"https:\\\/\\\/www.tiktok.com\\\/@rimocc\",\"https:\\\/\\\/www.youtube.com\\\/@Rimocc\"]}]}<\/script>\n<!-- \/ Yoast SEO plugin. -->","yoast_head_json":{"title":"Los Cabos 7A Red Hickory - D\u00e9p\u00f4t Vente Batterie Percussion | Rimocc Lyon","description":"Los Cabos, marque Canadienne, fabrique des baguettes et accessoires \u00e0 partir de bois 100% Canadien. Le bois est r\u00e9colt\u00e9 de fa\u00e7on \u00e9co-responsable par les fournisseurs agr\u00e9\u00e9s FSC et Los Cabos tient compte de l'enjeu environnemental.Toutes les baguettes sont \u00e9quilibr\u00e9es, choisies une \u00e0 une puis associ\u00e9es par paire de poids \u00e9quivalent (au gr).Los Cabos est l'une des seule marque \u00e0 utiliser l'Hickory Rouge (coeur de l'arbre) dont les sp\u00e9cificit\u00e9s sont l'\u00e9lasticit\u00e9 et sa rigidit\u00e9 in\u00e9gal\u00e9e !","robots":{"index":"index","follow":"follow","max-snippet":"max-snippet:-1","max-image-preview":"max-image-preview:large","max-video-preview":"max-video-preview:-1"},"canonical":"https:\/\/www.rimocc.com\/en\/product\/los-cabos-7a-red-hickory\/","og_locale":"en_US","og_type":"article","og_title":"Los Cabos 7A Red Hickory - D\u00e9p\u00f4t Vente Batterie Percussion | Rimocc Lyon","og_description":"Los Cabos, marque Canadienne, fabrique des baguettes et accessoires \u00e0 partir de bois 100% Canadien. Le bois est r\u00e9colt\u00e9 de fa\u00e7on \u00e9co-responsable par les fournisseurs agr\u00e9\u00e9s FSC et Los Cabos tient compte de l'enjeu environnemental.Toutes les baguettes sont \u00e9quilibr\u00e9es, choisies une \u00e0 une puis associ\u00e9es par paire de poids \u00e9quivalent (au gr).Los Cabos est l'une des seule marque \u00e0 utiliser l'Hickory Rouge (coeur de l'arbre) dont les sp\u00e9cificit\u00e9s sont l'\u00e9lasticit\u00e9 et sa rigidit\u00e9 in\u00e9gal\u00e9e !","og_url":"https:\/\/www.rimocc.com\/en\/product\/los-cabos-7a-red-hickory\/","og_site_name":"D\u00e9p\u00f4t Vente Batterie Percussion | Rimocc Lyon","article_publisher":"https:\/\/www.facebook.com\/rimocclyon\/?locale=fr_FR","article_modified_time":"2023-09-27T10:42:04+00:00","og_image":[{"width":305,"height":305,"url":"https:\/\/www.rimocc.com\/wp-content\/uploads\/2023\/07\/Los-Cabos-red-hickory-7a.jpg","type":"image\/jpeg"}],"twitter_card":"summary_large_image","twitter_misc":{"Est. reading time":"1 minute"},"schema":{"@context":"https:\/\/schema.org","@graph":[{"@type":"WebPage","@id":"https:\/\/www.rimocc.com\/product\/los-cabos-7a-red-hickory\/","url":"https:\/\/www.rimocc.com\/product\/los-cabos-7a-red-hickory\/","name":"Los Cabos 7A Red Hickory - D\u00e9p\u00f4t Vente Batterie Percussion | Rimocc Lyon","isPartOf":{"@id":"https:\/\/www.rimocc.com\/#website"},"primaryImageOfPage":{"@id":"https:\/\/www.rimocc.com\/product\/los-cabos-7a-red-hickory\/#primaryimage"},"image":{"@id":"https:\/\/www.rimocc.com\/product\/los-cabos-7a-red-hickory\/#primaryimage"},"thumbnailUrl":"https:\/\/www.rimocc.com\/wp-content\/uploads\/2023\/07\/Los-Cabos-red-hickory-7a.jpg","datePublished":"2023-06-08T21:12:09+00:00","dateModified":"2023-09-27T10:42:04+00:00","description":"Los Cabos, marque Canadienne, fabrique des baguettes et accessoires \u00e0 partir de bois 100% Canadien. Le bois est r\u00e9colt\u00e9 de fa\u00e7on \u00e9co-responsable par les fournisseurs agr\u00e9\u00e9s FSC et Los Cabos tient compte de l'enjeu environnemental.Toutes les baguettes sont \u00e9quilibr\u00e9es, choisies une \u00e0 une puis associ\u00e9es par paire de poids \u00e9quivalent (au gr).Los Cabos est l'une des seule marque \u00e0 utiliser l'Hickory Rouge (coeur de l'arbre) dont les sp\u00e9cificit\u00e9s sont l'\u00e9lasticit\u00e9 et sa rigidit\u00e9 in\u00e9gal\u00e9e !","breadcrumb":{"@id":"https:\/\/www.rimocc.com\/product\/los-cabos-7a-red-hickory\/#breadcrumb"},"inLanguage":"en-US","potentialAction":[{"@type":"ReadAction","target":["https:\/\/www.rimocc.com\/product\/los-cabos-7a-red-hickory\/"]}]},{"@type":"ImageObject","inLanguage":"en-US","@id":"https:\/\/www.rimocc.com\/product\/los-cabos-7a-red-hickory\/#primaryimage","url":"https:\/\/www.rimocc.com\/wp-content\/uploads\/2023\/07\/Los-Cabos-red-hickory-7a.jpg","contentUrl":"https:\/\/www.rimocc.com\/wp-content\/uploads\/2023\/07\/Los-Cabos-red-hickory-7a.jpg","width":305,"height":305},{"@type":"BreadcrumbList","@id":"https:\/\/www.rimocc.com\/product\/los-cabos-7a-red-hickory\/#breadcrumb","itemListElement":[{"@type":"ListItem","position":1,"name":"Home","item":"https:\/\/www.rimocc.com\/"},{"@type":"ListItem","position":2,"name":"Shop","item":"https:\/\/www.rimocc.com\/shop\/"},{"@type":"ListItem","position":3,"name":"Los Cabos 7A Red Hickory"}]},{"@type":"WebSite","@id":"https:\/\/www.rimocc.com\/#website","url":"https:\/\/www.rimocc.com\/","name":"D\u00e9p\u00f4t Vente Batterie Percussion | Rimocc Lyon","description":"Rimocc: l&#039;unique magasin d\u00e9di\u00e9 enti\u00e8rement \u00e0 la batterie, percussion d&#039;occasion et vintage \u00e0 Lyon, France","publisher":{"@id":"https:\/\/www.rimocc.com\/#organization"},"alternateName":"Rimocc'","potentialAction":[{"@type":"SearchAction","target":{"@type":"EntryPoint","urlTemplate":"https:\/\/www.rimocc.com\/?s={search_term_string}"},"query-input":{"@type":"PropertyValueSpecification","valueRequired":true,"valueName":"search_term_string"}}],"inLanguage":"en-US"},{"@type":"Organization","@id":"https:\/\/www.rimocc.com\/#organization","name":"Rimocc'","alternateName":"Rimocc","url":"https:\/\/www.rimocc.com\/","logo":{"@type":"ImageObject","inLanguage":"en-US","@id":"https:\/\/www.rimocc.com\/#\/schema\/logo\/image\/","url":"https:\/\/i0.wp.com\/www.rimocc.com\/wp-content\/uploads\/2023\/07\/RIMOCC_LOGO.jpg?fit=459%2C114&ssl=1","contentUrl":"https:\/\/i0.wp.com\/www.rimocc.com\/wp-content\/uploads\/2023\/07\/RIMOCC_LOGO.jpg?fit=459%2C114&ssl=1","width":459,"height":114,"caption":"Rimocc'"},"image":{"@id":"https:\/\/www.rimocc.com\/#\/schema\/logo\/image\/"},"sameAs":["https:\/\/www.facebook.com\/rimocclyon\/?locale=fr_FR","https:\/\/www.instagram.com\/rimoccc\/?hl=fr","https:\/\/www.tiktok.com\/@rimocc","https:\/\/www.youtube.com\/@Rimocc"]}]}},"jetpack_publicize_connections":[],"jetpack_sharing_enabled":true,"_links":{"self":[{"href":"https:\/\/www.rimocc.com\/en\/wp-json\/wp\/v2\/product\/542","targetHints":{"allow":["GET"]}}],"collection":[{"href":"https:\/\/www.rimocc.com\/en\/wp-json\/wp\/v2\/product"}],"about":[{"href":"https:\/\/www.rimocc.com\/en\/wp-json\/wp\/v2\/types\/product"}],"replies":[{"embeddable":true,"href":"https:\/\/www.rimocc.com\/en\/wp-json\/wp\/v2\/comments?post=542"}],"wp:featuredmedia":[{"embeddable":true,"href":"https:\/\/www.rimocc.com\/en\/wp-json\/wp\/v2\/media\/9621"}],"wp:attachment":[{"href":"https:\/\/www.rimocc.com\/en\/wp-json\/wp\/v2\/media?parent=542"}],"wp:term":[{"taxonomy":"product_brand","embeddable":true,"href":"https:\/\/www.rimocc.com\/en\/wp-json\/wp\/v2\/product_brand?post=542"},{"taxonomy":"product_cat","embeddable":true,"href":"https:\/\/www.rimocc.com\/en\/wp-json\/wp\/v2\/product_cat?post=542"},{"taxonomy":"product_tag","embeddable":true,"href":"https:\/\/www.rimocc.com\/en\/wp-json\/wp\/v2\/product_tag?post=542"}],"curies":[{"name":"wp","href":"https:\/\/api.w.org\/{rel}","templated":true}]}}