{"id":438,"date":"2023-06-08T21:12:03","date_gmt":"2023-06-08T21:12:03","guid":{"rendered":"https:\/\/rimocc.a2hosted.com\/product\/asba-soundlight-14x65-fiberglass-vintage-70s-rare\/"},"modified":"2023-06-09T14:16:14","modified_gmt":"2023-06-09T14:16:14","slug":"asba-soundlight-14x65-fiberglass-vintage-70s-rare","status":"publish","type":"product","link":"https:\/\/www.rimocc.com\/en\/product\/asba-soundlight-14x65-fiberglass-vintage-70s-rare\/","title":{"rendered":"Asba Soundlight 14&Prime;x6,5&Prime; Fiberglass Vintage 70&rsquo;s RARE"},"content":{"rendered":"<p>Asba Soundlight 14&Prime;x6,5&Prime; Fiberglass Vintage 70&rsquo;s<br \/>\nEtat collection<\/p>\n<p>&nbsp;<\/p>\n<div>\n<div>Vous recherchez une pi\u00e8ce, un mod\u00e8le que vous ne trouvez pas (caisse claire, cymbale, kit, etc&#8230;). Rimocc&rsquo; s&rsquo;en charge pour vous de A \u00e0 Z jusqu&rsquo;\u00e0 la livraison<\/div>\n<div>Voici un bel exemple d&rsquo;une demande qui nous est parvenue et cette fabuleuse raret\u00e9 a \u00e9t\u00e9 livr\u00e9e \u00e0 son nouveau propri\u00e9taire :<\/div>\n<div><\/div>\n<\/div>\n<div>\n<div><em>You haven&rsquo;t succeeded in finding the particular snare, cymbal, kit, &#8230; you&rsquo;re longing to find<\/em><\/div>\n<div><em>As part of its services, Rimocc&rsquo; can do that for you <\/em><\/div>\n<div><em>Here&rsquo;s a nice example of a special request we received. This very rare snare model has been delivered to his new owner <\/em><\/div>\n<p>&nbsp;<\/p>\n<\/div>\n<p>Caisse Claire Rimocc&rsquo; Lyon<\/p>","protected":false},"excerpt":{"rendered":"<p>Asba Soundlight 14&Prime;x6,5&Prime; Fiberglass Vintage 70&rsquo;s Etat collection &nbsp; Vous recherchez une pi\u00e8ce, un mod\u00e8le que vous ne trouvez pas (caisse claire, cymbale, kit, etc&#8230;). Rimocc&rsquo; s&rsquo;en charge pour vous de A \u00e0 Z jusqu&rsquo;\u00e0 la livraison Voici un bel exemple d&rsquo;une demande qui nous est parvenue et cette fabuleuse raret\u00e9 a \u00e9t\u00e9 livr\u00e9e \u00e0 [&hellip;]<\/p>\n","protected":false},"featured_media":2219,"comment_status":"open","ping_status":"closed","template":"","meta":{"jetpack_publicize_message":"","jetpack_publicize_feature_enabled":true,"jetpack_social_post_already_shared":false,"jetpack_social_options":{"image_generator_settings":{"template":"highway","default_image_id":0,"font":"","enabled":false},"version":2}},"product_brand":[],"product_cat":[25],"product_tag":[],"class_list":{"0":"post-438","1":"product","2":"type-product","3":"status-publish","4":"has-post-thumbnail","6":"product_cat-caisse-claire","8":"entry","9":"has-media","11":"first","12":"outofstock","13":"shipping-taxable","14":"purchasable","15":"product-type-simple","16":"has-product-nav","17":"col","18":"span_1_of_3","19":"owp-content-center","20":"owp-thumbs-layout-horizontal","21":"owp-btn-normal","22":"owp-tabs-layout-horizontal"},"yoast_head":"<!-- This site is optimized with the Yoast SEO plugin v27.3 - https:\/\/yoast.com\/product\/yoast-seo-wordpress\/ -->\n<title>Asba Soundlight 14&quot;x6,5&quot; Fiberglass Vintage 70&#039;s RARE - D\u00e9p\u00f4t Vente Batterie Percussion | Rimocc Lyon<\/title>\n<meta name=\"robots\" content=\"index, follow, max-snippet:-1, max-image-preview:large, max-video-preview:-1\" \/>\n<link rel=\"canonical\" href=\"https:\/\/www.rimocc.com\/en\/product\/asba-soundlight-14x65-fiberglass-vintage-70s-rare\/\" \/>\n<meta property=\"og:locale\" content=\"en_US\" \/>\n<meta property=\"og:type\" content=\"article\" \/>\n<meta property=\"og:title\" content=\"Asba Soundlight 14&quot;x6,5&quot; Fiberglass Vintage 70&#039;s RARE - D\u00e9p\u00f4t Vente Batterie Percussion | Rimocc Lyon\" \/>\n<meta property=\"og:description\" content=\"Asba Soundlight 14&Prime;x6,5&Prime; Fiberglass Vintage 70&rsquo;s Etat collection &nbsp; Vous recherchez une pi\u00e8ce, un mod\u00e8le que vous ne trouvez pas (caisse claire, cymbale, kit, etc&#8230;). Rimocc&rsquo; s&rsquo;en charge pour vous de A \u00e0 Z jusqu&rsquo;\u00e0 la livraison Voici un bel exemple d&rsquo;une demande qui nous est parvenue et cette fabuleuse raret\u00e9 a \u00e9t\u00e9 livr\u00e9e \u00e0 [&hellip;]\" \/>\n<meta property=\"og:url\" content=\"https:\/\/www.rimocc.com\/en\/product\/asba-soundlight-14x65-fiberglass-vintage-70s-rare\/\" \/>\n<meta property=\"og:site_name\" content=\"D\u00e9p\u00f4t Vente Batterie Percussion | Rimocc Lyon\" \/>\n<meta property=\"article:publisher\" content=\"https:\/\/www.facebook.com\/rimocclyon\/?locale=fr_FR\" \/>\n<meta property=\"article:modified_time\" content=\"2023-06-09T14:16:14+00:00\" \/>\n<meta property=\"og:image\" content=\"https:\/\/www.rimocc.com\/wp-content\/uploads\/2023\/06\/0e6ab0_b353d4d47547481b98d3bc23c2d2b327mv2.webp\" \/>\n\t<meta property=\"og:image:width\" content=\"500\" \/>\n\t<meta property=\"og:image:height\" content=\"500\" \/>\n\t<meta property=\"og:image:type\" content=\"image\/webp\" \/>\n<meta name=\"twitter:card\" content=\"summary_large_image\" \/>\n<meta name=\"twitter:label1\" content=\"Est. reading time\" \/>\n\t<meta name=\"twitter:data1\" content=\"1 minute\" \/>\n<script type=\"application\/ld+json\" class=\"yoast-schema-graph\">{\"@context\":\"https:\\\/\\\/schema.org\",\"@graph\":[{\"@type\":\"WebPage\",\"@id\":\"https:\\\/\\\/www.rimocc.com\\\/product\\\/asba-soundlight-14x65-fiberglass-vintage-70s-rare\\\/\",\"url\":\"https:\\\/\\\/www.rimocc.com\\\/product\\\/asba-soundlight-14x65-fiberglass-vintage-70s-rare\\\/\",\"name\":\"Asba Soundlight 14\\\"x6,5\\\" Fiberglass Vintage 70's RARE - D\u00e9p\u00f4t Vente Batterie Percussion | Rimocc Lyon\",\"isPartOf\":{\"@id\":\"https:\\\/\\\/www.rimocc.com\\\/#website\"},\"primaryImageOfPage\":{\"@id\":\"https:\\\/\\\/www.rimocc.com\\\/product\\\/asba-soundlight-14x65-fiberglass-vintage-70s-rare\\\/#primaryimage\"},\"image\":{\"@id\":\"https:\\\/\\\/www.rimocc.com\\\/product\\\/asba-soundlight-14x65-fiberglass-vintage-70s-rare\\\/#primaryimage\"},\"thumbnailUrl\":\"https:\\\/\\\/www.rimocc.com\\\/wp-content\\\/uploads\\\/2023\\\/06\\\/0e6ab0_b353d4d47547481b98d3bc23c2d2b327mv2.webp\",\"datePublished\":\"2023-06-08T21:12:03+00:00\",\"dateModified\":\"2023-06-09T14:16:14+00:00\",\"breadcrumb\":{\"@id\":\"https:\\\/\\\/www.rimocc.com\\\/product\\\/asba-soundlight-14x65-fiberglass-vintage-70s-rare\\\/#breadcrumb\"},\"inLanguage\":\"en-US\",\"potentialAction\":[{\"@type\":\"ReadAction\",\"target\":[\"https:\\\/\\\/www.rimocc.com\\\/product\\\/asba-soundlight-14x65-fiberglass-vintage-70s-rare\\\/\"]}]},{\"@type\":\"ImageObject\",\"inLanguage\":\"en-US\",\"@id\":\"https:\\\/\\\/www.rimocc.com\\\/product\\\/asba-soundlight-14x65-fiberglass-vintage-70s-rare\\\/#primaryimage\",\"url\":\"https:\\\/\\\/www.rimocc.com\\\/wp-content\\\/uploads\\\/2023\\\/06\\\/0e6ab0_b353d4d47547481b98d3bc23c2d2b327mv2.webp\",\"contentUrl\":\"https:\\\/\\\/www.rimocc.com\\\/wp-content\\\/uploads\\\/2023\\\/06\\\/0e6ab0_b353d4d47547481b98d3bc23c2d2b327mv2.webp\",\"width\":500,\"height\":500},{\"@type\":\"BreadcrumbList\",\"@id\":\"https:\\\/\\\/www.rimocc.com\\\/product\\\/asba-soundlight-14x65-fiberglass-vintage-70s-rare\\\/#breadcrumb\",\"itemListElement\":[{\"@type\":\"ListItem\",\"position\":1,\"name\":\"Home\",\"item\":\"https:\\\/\\\/www.rimocc.com\\\/\"},{\"@type\":\"ListItem\",\"position\":2,\"name\":\"Shop\",\"item\":\"https:\\\/\\\/www.rimocc.com\\\/shop\\\/\"},{\"@type\":\"ListItem\",\"position\":3,\"name\":\"Asba Soundlight 14&#8243;x6,5&#8243; Fiberglass Vintage 70&#8217;s RARE\"}]},{\"@type\":\"WebSite\",\"@id\":\"https:\\\/\\\/www.rimocc.com\\\/#website\",\"url\":\"https:\\\/\\\/www.rimocc.com\\\/\",\"name\":\"D\u00e9p\u00f4t Vente Batterie Percussion | Rimocc Lyon\",\"description\":\"Rimocc: l&#039;unique magasin d\u00e9di\u00e9 enti\u00e8rement \u00e0 la batterie, percussion d&#039;occasion et vintage \u00e0 Lyon, France\",\"publisher\":{\"@id\":\"https:\\\/\\\/www.rimocc.com\\\/#organization\"},\"alternateName\":\"Rimocc'\",\"potentialAction\":[{\"@type\":\"SearchAction\",\"target\":{\"@type\":\"EntryPoint\",\"urlTemplate\":\"https:\\\/\\\/www.rimocc.com\\\/?s={search_term_string}\"},\"query-input\":{\"@type\":\"PropertyValueSpecification\",\"valueRequired\":true,\"valueName\":\"search_term_string\"}}],\"inLanguage\":\"en-US\"},{\"@type\":\"Organization\",\"@id\":\"https:\\\/\\\/www.rimocc.com\\\/#organization\",\"name\":\"Rimocc'\",\"alternateName\":\"Rimocc\",\"url\":\"https:\\\/\\\/www.rimocc.com\\\/\",\"logo\":{\"@type\":\"ImageObject\",\"inLanguage\":\"en-US\",\"@id\":\"https:\\\/\\\/www.rimocc.com\\\/#\\\/schema\\\/logo\\\/image\\\/\",\"url\":\"https:\\\/\\\/i0.wp.com\\\/www.rimocc.com\\\/wp-content\\\/uploads\\\/2023\\\/07\\\/RIMOCC_LOGO.jpg?fit=459%2C114&ssl=1\",\"contentUrl\":\"https:\\\/\\\/i0.wp.com\\\/www.rimocc.com\\\/wp-content\\\/uploads\\\/2023\\\/07\\\/RIMOCC_LOGO.jpg?fit=459%2C114&ssl=1\",\"width\":459,\"height\":114,\"caption\":\"Rimocc'\"},\"image\":{\"@id\":\"https:\\\/\\\/www.rimocc.com\\\/#\\\/schema\\\/logo\\\/image\\\/\"},\"sameAs\":[\"https:\\\/\\\/www.facebook.com\\\/rimocclyon\\\/?locale=fr_FR\",\"https:\\\/\\\/www.instagram.com\\\/rimoccc\\\/?hl=fr\",\"https:\\\/\\\/www.tiktok.com\\\/@rimocc\",\"https:\\\/\\\/www.youtube.com\\\/@Rimocc\"]}]}<\/script>\n<!-- \/ Yoast SEO plugin. -->","yoast_head_json":{"title":"Asba Soundlight 14\"x6,5\" Fiberglass Vintage 70's RARE - D\u00e9p\u00f4t Vente Batterie Percussion | Rimocc Lyon","robots":{"index":"index","follow":"follow","max-snippet":"max-snippet:-1","max-image-preview":"max-image-preview:large","max-video-preview":"max-video-preview:-1"},"canonical":"https:\/\/www.rimocc.com\/en\/product\/asba-soundlight-14x65-fiberglass-vintage-70s-rare\/","og_locale":"en_US","og_type":"article","og_title":"Asba Soundlight 14\"x6,5\" Fiberglass Vintage 70's RARE - D\u00e9p\u00f4t Vente Batterie Percussion | Rimocc Lyon","og_description":"Asba Soundlight 14&Prime;x6,5&Prime; Fiberglass Vintage 70&rsquo;s Etat collection &nbsp; Vous recherchez une pi\u00e8ce, un mod\u00e8le que vous ne trouvez pas (caisse claire, cymbale, kit, etc&#8230;). Rimocc&rsquo; s&rsquo;en charge pour vous de A \u00e0 Z jusqu&rsquo;\u00e0 la livraison Voici un bel exemple d&rsquo;une demande qui nous est parvenue et cette fabuleuse raret\u00e9 a \u00e9t\u00e9 livr\u00e9e \u00e0 [&hellip;]","og_url":"https:\/\/www.rimocc.com\/en\/product\/asba-soundlight-14x65-fiberglass-vintage-70s-rare\/","og_site_name":"D\u00e9p\u00f4t Vente Batterie Percussion | Rimocc Lyon","article_publisher":"https:\/\/www.facebook.com\/rimocclyon\/?locale=fr_FR","article_modified_time":"2023-06-09T14:16:14+00:00","og_image":[{"width":500,"height":500,"url":"https:\/\/www.rimocc.com\/wp-content\/uploads\/2023\/06\/0e6ab0_b353d4d47547481b98d3bc23c2d2b327mv2.webp","type":"image\/webp"}],"twitter_card":"summary_large_image","twitter_misc":{"Est. reading time":"1 minute"},"schema":{"@context":"https:\/\/schema.org","@graph":[{"@type":"WebPage","@id":"https:\/\/www.rimocc.com\/product\/asba-soundlight-14x65-fiberglass-vintage-70s-rare\/","url":"https:\/\/www.rimocc.com\/product\/asba-soundlight-14x65-fiberglass-vintage-70s-rare\/","name":"Asba Soundlight 14\"x6,5\" Fiberglass Vintage 70's RARE - D\u00e9p\u00f4t Vente Batterie Percussion | Rimocc Lyon","isPartOf":{"@id":"https:\/\/www.rimocc.com\/#website"},"primaryImageOfPage":{"@id":"https:\/\/www.rimocc.com\/product\/asba-soundlight-14x65-fiberglass-vintage-70s-rare\/#primaryimage"},"image":{"@id":"https:\/\/www.rimocc.com\/product\/asba-soundlight-14x65-fiberglass-vintage-70s-rare\/#primaryimage"},"thumbnailUrl":"https:\/\/www.rimocc.com\/wp-content\/uploads\/2023\/06\/0e6ab0_b353d4d47547481b98d3bc23c2d2b327mv2.webp","datePublished":"2023-06-08T21:12:03+00:00","dateModified":"2023-06-09T14:16:14+00:00","breadcrumb":{"@id":"https:\/\/www.rimocc.com\/product\/asba-soundlight-14x65-fiberglass-vintage-70s-rare\/#breadcrumb"},"inLanguage":"en-US","potentialAction":[{"@type":"ReadAction","target":["https:\/\/www.rimocc.com\/product\/asba-soundlight-14x65-fiberglass-vintage-70s-rare\/"]}]},{"@type":"ImageObject","inLanguage":"en-US","@id":"https:\/\/www.rimocc.com\/product\/asba-soundlight-14x65-fiberglass-vintage-70s-rare\/#primaryimage","url":"https:\/\/www.rimocc.com\/wp-content\/uploads\/2023\/06\/0e6ab0_b353d4d47547481b98d3bc23c2d2b327mv2.webp","contentUrl":"https:\/\/www.rimocc.com\/wp-content\/uploads\/2023\/06\/0e6ab0_b353d4d47547481b98d3bc23c2d2b327mv2.webp","width":500,"height":500},{"@type":"BreadcrumbList","@id":"https:\/\/www.rimocc.com\/product\/asba-soundlight-14x65-fiberglass-vintage-70s-rare\/#breadcrumb","itemListElement":[{"@type":"ListItem","position":1,"name":"Home","item":"https:\/\/www.rimocc.com\/"},{"@type":"ListItem","position":2,"name":"Shop","item":"https:\/\/www.rimocc.com\/shop\/"},{"@type":"ListItem","position":3,"name":"Asba Soundlight 14&#8243;x6,5&#8243; Fiberglass Vintage 70&#8217;s RARE"}]},{"@type":"WebSite","@id":"https:\/\/www.rimocc.com\/#website","url":"https:\/\/www.rimocc.com\/","name":"D\u00e9p\u00f4t Vente Batterie Percussion | Rimocc Lyon","description":"Rimocc: l&#039;unique magasin d\u00e9di\u00e9 enti\u00e8rement \u00e0 la batterie, percussion d&#039;occasion et vintage \u00e0 Lyon, France","publisher":{"@id":"https:\/\/www.rimocc.com\/#organization"},"alternateName":"Rimocc'","potentialAction":[{"@type":"SearchAction","target":{"@type":"EntryPoint","urlTemplate":"https:\/\/www.rimocc.com\/?s={search_term_string}"},"query-input":{"@type":"PropertyValueSpecification","valueRequired":true,"valueName":"search_term_string"}}],"inLanguage":"en-US"},{"@type":"Organization","@id":"https:\/\/www.rimocc.com\/#organization","name":"Rimocc'","alternateName":"Rimocc","url":"https:\/\/www.rimocc.com\/","logo":{"@type":"ImageObject","inLanguage":"en-US","@id":"https:\/\/www.rimocc.com\/#\/schema\/logo\/image\/","url":"https:\/\/i0.wp.com\/www.rimocc.com\/wp-content\/uploads\/2023\/07\/RIMOCC_LOGO.jpg?fit=459%2C114&ssl=1","contentUrl":"https:\/\/i0.wp.com\/www.rimocc.com\/wp-content\/uploads\/2023\/07\/RIMOCC_LOGO.jpg?fit=459%2C114&ssl=1","width":459,"height":114,"caption":"Rimocc'"},"image":{"@id":"https:\/\/www.rimocc.com\/#\/schema\/logo\/image\/"},"sameAs":["https:\/\/www.facebook.com\/rimocclyon\/?locale=fr_FR","https:\/\/www.instagram.com\/rimoccc\/?hl=fr","https:\/\/www.tiktok.com\/@rimocc","https:\/\/www.youtube.com\/@Rimocc"]}]}},"jetpack_publicize_connections":[],"jetpack_sharing_enabled":true,"_links":{"self":[{"href":"https:\/\/www.rimocc.com\/en\/wp-json\/wp\/v2\/product\/438","targetHints":{"allow":["GET"]}}],"collection":[{"href":"https:\/\/www.rimocc.com\/en\/wp-json\/wp\/v2\/product"}],"about":[{"href":"https:\/\/www.rimocc.com\/en\/wp-json\/wp\/v2\/types\/product"}],"replies":[{"embeddable":true,"href":"https:\/\/www.rimocc.com\/en\/wp-json\/wp\/v2\/comments?post=438"}],"wp:featuredmedia":[{"embeddable":true,"href":"https:\/\/www.rimocc.com\/en\/wp-json\/wp\/v2\/media\/2219"}],"wp:attachment":[{"href":"https:\/\/www.rimocc.com\/en\/wp-json\/wp\/v2\/media?parent=438"}],"wp:term":[{"taxonomy":"product_brand","embeddable":true,"href":"https:\/\/www.rimocc.com\/en\/wp-json\/wp\/v2\/product_brand?post=438"},{"taxonomy":"product_cat","embeddable":true,"href":"https:\/\/www.rimocc.com\/en\/wp-json\/wp\/v2\/product_cat?post=438"},{"taxonomy":"product_tag","embeddable":true,"href":"https:\/\/www.rimocc.com\/en\/wp-json\/wp\/v2\/product_tag?post=438"}],"curies":[{"name":"wp","href":"https:\/\/api.w.org\/{rel}","templated":true}]}}