{"id":428,"date":"2023-06-08T21:12:03","date_gmt":"2023-06-08T21:12:03","guid":{"rendered":"https:\/\/rimocc.a2hosted.com\/product\/sonor-vintage-series-red-oyster-20-12-14\/"},"modified":"2023-06-12T21:24:33","modified_gmt":"2023-06-12T21:24:33","slug":"sonor-vintage-series-red-oyster-20-12-14","status":"publish","type":"product","link":"https:\/\/www.rimocc.com\/en\/product\/sonor-vintage-series-red-oyster-20-12-14\/","title":{"rendered":"Sonor Vintage Series Red Oyster 20&Prime; 12&Prime; 14&Prime;"},"content":{"rendered":"<p>20&Prime;x 14&Prime; (non perc\u00e9e) 12&Prime;x 08&Prime; 14&Prime;x 12&Prime; + support L (pied caisse claire non inclus)<\/p>\n<p>Set NEUF, simplement sorti des carton pour un essai<br \/>\nPossibilit\u00e9 de rajouter la caisse claire correspondante 14&Prime; x 5.75&Prime;<\/p>\n<p>(voir photo &#8211; disponible s\u00e9par\u00e9ment)<br \/>\nNEW, just out of the box for a test (snare stand not included)<br \/>\nPossibility to add the matching snare 14&Prime; x 5.75&Prime; (see photo &#8211; available separately)<\/p>\n<p>&nbsp;<\/p>\n<p><em>F\u00fbts en h\u00eatre 9 plis &#8211; 6 mm &#8211; Processus de fabrication CLTF (Cross Laminated Tension Free)- Chanfreins arrondis- Coquilles chrom\u00e9es- TuneSafe<\/em><\/p>\n<p><em>Peaux toms : Ambassador coated, Ambassador clear resonant. Peaux GC : Powerstroke3 coated, Powerstroke3 Fiberskyn resonant. <\/em><\/p>\n<p>&nbsp;<\/p>\n<p><em>\u00ab\u00a0La s\u00e9rie Vintage peut \u00eatre consid\u00e9r\u00e9e comme une r\u00e9\u00e9dition des c\u00e9l\u00e8bres batteries Teardrop. Ces derni\u00e8res, produites des ann\u00e9es 50 aux ann\u00e9es 70, furent fabriqu\u00e9es avec des mat\u00e9riaux haut de gamme. Dans les sixties, des batteurs tels que Connie Kay et Sonny Payne ont beaucoup contribu\u00e9 \u00e0 la popularit\u00e9 des batteries Teardrop. Actuellement, les mod\u00e8les Teardrop sont tr\u00e8s populaires aupr\u00e8s des collectionneurs de batteries vintage. \u00c0 l&rsquo;occasion de son 140e anniversaire en 2015, la marque allemande a r\u00e9\u00e9dit\u00e9 sa s\u00e9rie Teardrop sous le nom de Sonor Vintage. Tout comme les mod\u00e8les d&rsquo;\u00e9poque, les f\u00fbts de la s\u00e9rie Vintage sont fabriqu\u00e9s en h\u00eatre de haute qualit\u00e9. Il suffisait d&rsquo;en am\u00e9liorer quelques d\u00e9tails afin de les moderniser sans perdre leur look, leur sensation et leur sonorit\u00e9 vintage.\u00a0\u00bb<\/em><br \/>\n(enl\u00e8vement sur place privil\u00e9gi\u00e9 mais envoi possible dans toute la France sur devis s\u00e9par\u00e9 &#8211; merci de s\u00e9lectionner l&rsquo;option retrait sur place et nous vous ferons parvenir un devis s\u00e9par\u00e9 pour la livraison, \u00e0 r\u00e9gler s\u00e9par\u00e9ment)<br \/>\nInternational order, pick-up ONLY<\/p>","protected":false},"excerpt":{"rendered":"<p>20&Prime;x 14&Prime; (non perc\u00e9e) 12&Prime;x 08&Prime; 14&Prime;x 12&Prime; + support L (pied caisse claire non inclus) Set NEUF, simplement sorti des carton pour un essai Possibilit\u00e9 de rajouter la caisse claire correspondante 14&Prime; x 5.75&Prime; (voir photo &#8211; disponible s\u00e9par\u00e9ment) NEW, just out of the box for a test (snare stand not included) Possibility to [&hellip;]<\/p>\n","protected":false},"featured_media":4839,"comment_status":"open","ping_status":"closed","template":"","meta":{"jetpack_publicize_message":"","jetpack_publicize_feature_enabled":true,"jetpack_social_post_already_shared":false,"jetpack_social_options":{"image_generator_settings":{"template":"highway","default_image_id":0,"font":"","enabled":false},"version":2}},"product_brand":[],"product_cat":[20],"product_tag":[],"class_list":{"0":"post-428","1":"product","2":"type-product","3":"status-publish","4":"has-post-thumbnail","6":"product_cat-batterie","8":"entry","9":"has-media","11":"first","12":"outofstock","13":"shipping-taxable","14":"purchasable","15":"product-type-simple","16":"has-product-nav","17":"col","18":"span_1_of_3","19":"owp-content-center","20":"owp-thumbs-layout-horizontal","21":"owp-btn-normal","22":"owp-tabs-layout-horizontal"},"yoast_head":"<!-- This site is optimized with the Yoast SEO plugin v27.4 - https:\/\/yoast.com\/product\/yoast-seo-wordpress\/ -->\n<title>Sonor Vintage Series Red Oyster 20&quot; 12&quot; 14&quot; - D\u00e9p\u00f4t Vente Batterie Percussion | Rimocc Lyon<\/title>\n<meta name=\"robots\" content=\"index, follow, max-snippet:-1, max-image-preview:large, max-video-preview:-1\" \/>\n<link rel=\"canonical\" href=\"https:\/\/www.rimocc.com\/en\/product\/sonor-vintage-series-red-oyster-20-12-14\/\" \/>\n<meta property=\"og:locale\" content=\"en_US\" \/>\n<meta property=\"og:type\" content=\"article\" \/>\n<meta property=\"og:title\" content=\"Sonor Vintage Series Red Oyster 20&quot; 12&quot; 14&quot; - D\u00e9p\u00f4t Vente Batterie Percussion | Rimocc Lyon\" \/>\n<meta property=\"og:description\" content=\"20&Prime;x 14&Prime; (non perc\u00e9e) 12&Prime;x 08&Prime; 14&Prime;x 12&Prime; + support L (pied caisse claire non inclus) Set NEUF, simplement sorti des carton pour un essai Possibilit\u00e9 de rajouter la caisse claire correspondante 14&Prime; x 5.75&Prime; (voir photo &#8211; disponible s\u00e9par\u00e9ment) NEW, just out of the box for a test (snare stand not included) Possibility to [&hellip;]\" \/>\n<meta property=\"og:url\" content=\"https:\/\/www.rimocc.com\/en\/product\/sonor-vintage-series-red-oyster-20-12-14\/\" \/>\n<meta property=\"og:site_name\" content=\"D\u00e9p\u00f4t Vente Batterie Percussion | Rimocc Lyon\" \/>\n<meta property=\"article:publisher\" content=\"https:\/\/www.facebook.com\/rimocclyon\/?locale=fr_FR\" \/>\n<meta property=\"article:modified_time\" content=\"2023-06-12T21:24:33+00:00\" \/>\n<meta property=\"og:image\" content=\"https:\/\/www.rimocc.com\/wp-content\/uploads\/2023\/06\/0e6ab0_d444897da3f34af8bb9248e5d9e1bb5amv2.webp\" \/>\n\t<meta property=\"og:image:width\" content=\"625\" \/>\n\t<meta property=\"og:image:height\" content=\"625\" \/>\n\t<meta property=\"og:image:type\" content=\"image\/webp\" \/>\n<meta name=\"twitter:card\" content=\"summary_large_image\" \/>\n<meta name=\"twitter:label1\" content=\"Est. reading time\" \/>\n\t<meta name=\"twitter:data1\" content=\"1 minute\" \/>\n<script type=\"application\/ld+json\" class=\"yoast-schema-graph\">{\"@context\":\"https:\\\/\\\/schema.org\",\"@graph\":[{\"@type\":\"WebPage\",\"@id\":\"https:\\\/\\\/www.rimocc.com\\\/product\\\/sonor-vintage-series-red-oyster-20-12-14\\\/\",\"url\":\"https:\\\/\\\/www.rimocc.com\\\/product\\\/sonor-vintage-series-red-oyster-20-12-14\\\/\",\"name\":\"Sonor Vintage Series Red Oyster 20\\\" 12\\\" 14\\\" - D\u00e9p\u00f4t Vente Batterie Percussion | Rimocc Lyon\",\"isPartOf\":{\"@id\":\"https:\\\/\\\/www.rimocc.com\\\/#website\"},\"primaryImageOfPage\":{\"@id\":\"https:\\\/\\\/www.rimocc.com\\\/product\\\/sonor-vintage-series-red-oyster-20-12-14\\\/#primaryimage\"},\"image\":{\"@id\":\"https:\\\/\\\/www.rimocc.com\\\/product\\\/sonor-vintage-series-red-oyster-20-12-14\\\/#primaryimage\"},\"thumbnailUrl\":\"https:\\\/\\\/www.rimocc.com\\\/wp-content\\\/uploads\\\/2023\\\/06\\\/0e6ab0_d444897da3f34af8bb9248e5d9e1bb5amv2.webp\",\"datePublished\":\"2023-06-08T21:12:03+00:00\",\"dateModified\":\"2023-06-12T21:24:33+00:00\",\"breadcrumb\":{\"@id\":\"https:\\\/\\\/www.rimocc.com\\\/product\\\/sonor-vintage-series-red-oyster-20-12-14\\\/#breadcrumb\"},\"inLanguage\":\"en-US\",\"potentialAction\":[{\"@type\":\"ReadAction\",\"target\":[\"https:\\\/\\\/www.rimocc.com\\\/product\\\/sonor-vintage-series-red-oyster-20-12-14\\\/\"]}]},{\"@type\":\"ImageObject\",\"inLanguage\":\"en-US\",\"@id\":\"https:\\\/\\\/www.rimocc.com\\\/product\\\/sonor-vintage-series-red-oyster-20-12-14\\\/#primaryimage\",\"url\":\"https:\\\/\\\/www.rimocc.com\\\/wp-content\\\/uploads\\\/2023\\\/06\\\/0e6ab0_d444897da3f34af8bb9248e5d9e1bb5amv2.webp\",\"contentUrl\":\"https:\\\/\\\/www.rimocc.com\\\/wp-content\\\/uploads\\\/2023\\\/06\\\/0e6ab0_d444897da3f34af8bb9248e5d9e1bb5amv2.webp\",\"width\":625,\"height\":625},{\"@type\":\"BreadcrumbList\",\"@id\":\"https:\\\/\\\/www.rimocc.com\\\/product\\\/sonor-vintage-series-red-oyster-20-12-14\\\/#breadcrumb\",\"itemListElement\":[{\"@type\":\"ListItem\",\"position\":1,\"name\":\"Home\",\"item\":\"https:\\\/\\\/www.rimocc.com\\\/\"},{\"@type\":\"ListItem\",\"position\":2,\"name\":\"Shop\",\"item\":\"https:\\\/\\\/www.rimocc.com\\\/shop\\\/\"},{\"@type\":\"ListItem\",\"position\":3,\"name\":\"Sonor Vintage Series Red Oyster 20&#8243; 12&#8243; 14&#8243;\"}]},{\"@type\":\"WebSite\",\"@id\":\"https:\\\/\\\/www.rimocc.com\\\/#website\",\"url\":\"https:\\\/\\\/www.rimocc.com\\\/\",\"name\":\"D\u00e9p\u00f4t Vente Batterie Percussion | Rimocc Lyon\",\"description\":\"Rimocc: l&#039;unique magasin d\u00e9di\u00e9 enti\u00e8rement \u00e0 la batterie, percussion d&#039;occasion et vintage \u00e0 Lyon, France\",\"publisher\":{\"@id\":\"https:\\\/\\\/www.rimocc.com\\\/#organization\"},\"alternateName\":\"Rimocc'\",\"potentialAction\":[{\"@type\":\"SearchAction\",\"target\":{\"@type\":\"EntryPoint\",\"urlTemplate\":\"https:\\\/\\\/www.rimocc.com\\\/?s={search_term_string}\"},\"query-input\":{\"@type\":\"PropertyValueSpecification\",\"valueRequired\":true,\"valueName\":\"search_term_string\"}}],\"inLanguage\":\"en-US\"},{\"@type\":\"Organization\",\"@id\":\"https:\\\/\\\/www.rimocc.com\\\/#organization\",\"name\":\"Rimocc'\",\"alternateName\":\"Rimocc\",\"url\":\"https:\\\/\\\/www.rimocc.com\\\/\",\"logo\":{\"@type\":\"ImageObject\",\"inLanguage\":\"en-US\",\"@id\":\"https:\\\/\\\/www.rimocc.com\\\/#\\\/schema\\\/logo\\\/image\\\/\",\"url\":\"https:\\\/\\\/i0.wp.com\\\/www.rimocc.com\\\/wp-content\\\/uploads\\\/2023\\\/07\\\/RIMOCC_LOGO.jpg?fit=459%2C114&ssl=1\",\"contentUrl\":\"https:\\\/\\\/i0.wp.com\\\/www.rimocc.com\\\/wp-content\\\/uploads\\\/2023\\\/07\\\/RIMOCC_LOGO.jpg?fit=459%2C114&ssl=1\",\"width\":459,\"height\":114,\"caption\":\"Rimocc'\"},\"image\":{\"@id\":\"https:\\\/\\\/www.rimocc.com\\\/#\\\/schema\\\/logo\\\/image\\\/\"},\"sameAs\":[\"https:\\\/\\\/www.facebook.com\\\/rimocclyon\\\/?locale=fr_FR\",\"https:\\\/\\\/www.instagram.com\\\/rimoccc\\\/?hl=fr\",\"https:\\\/\\\/www.tiktok.com\\\/@rimocc\",\"https:\\\/\\\/www.youtube.com\\\/@Rimocc\"]}]}<\/script>\n<!-- \/ Yoast SEO plugin. -->","yoast_head_json":{"title":"Sonor Vintage Series Red Oyster 20\" 12\" 14\" - D\u00e9p\u00f4t Vente Batterie Percussion | Rimocc Lyon","robots":{"index":"index","follow":"follow","max-snippet":"max-snippet:-1","max-image-preview":"max-image-preview:large","max-video-preview":"max-video-preview:-1"},"canonical":"https:\/\/www.rimocc.com\/en\/product\/sonor-vintage-series-red-oyster-20-12-14\/","og_locale":"en_US","og_type":"article","og_title":"Sonor Vintage Series Red Oyster 20\" 12\" 14\" - D\u00e9p\u00f4t Vente Batterie Percussion | Rimocc Lyon","og_description":"20&Prime;x 14&Prime; (non perc\u00e9e) 12&Prime;x 08&Prime; 14&Prime;x 12&Prime; + support L (pied caisse claire non inclus) Set NEUF, simplement sorti des carton pour un essai Possibilit\u00e9 de rajouter la caisse claire correspondante 14&Prime; x 5.75&Prime; (voir photo &#8211; disponible s\u00e9par\u00e9ment) NEW, just out of the box for a test (snare stand not included) Possibility to [&hellip;]","og_url":"https:\/\/www.rimocc.com\/en\/product\/sonor-vintage-series-red-oyster-20-12-14\/","og_site_name":"D\u00e9p\u00f4t Vente Batterie Percussion | Rimocc Lyon","article_publisher":"https:\/\/www.facebook.com\/rimocclyon\/?locale=fr_FR","article_modified_time":"2023-06-12T21:24:33+00:00","og_image":[{"width":625,"height":625,"url":"https:\/\/www.rimocc.com\/wp-content\/uploads\/2023\/06\/0e6ab0_d444897da3f34af8bb9248e5d9e1bb5amv2.webp","type":"image\/webp"}],"twitter_card":"summary_large_image","twitter_misc":{"Est. reading time":"1 minute"},"schema":{"@context":"https:\/\/schema.org","@graph":[{"@type":"WebPage","@id":"https:\/\/www.rimocc.com\/product\/sonor-vintage-series-red-oyster-20-12-14\/","url":"https:\/\/www.rimocc.com\/product\/sonor-vintage-series-red-oyster-20-12-14\/","name":"Sonor Vintage Series Red Oyster 20\" 12\" 14\" - D\u00e9p\u00f4t Vente Batterie Percussion | Rimocc Lyon","isPartOf":{"@id":"https:\/\/www.rimocc.com\/#website"},"primaryImageOfPage":{"@id":"https:\/\/www.rimocc.com\/product\/sonor-vintage-series-red-oyster-20-12-14\/#primaryimage"},"image":{"@id":"https:\/\/www.rimocc.com\/product\/sonor-vintage-series-red-oyster-20-12-14\/#primaryimage"},"thumbnailUrl":"https:\/\/www.rimocc.com\/wp-content\/uploads\/2023\/06\/0e6ab0_d444897da3f34af8bb9248e5d9e1bb5amv2.webp","datePublished":"2023-06-08T21:12:03+00:00","dateModified":"2023-06-12T21:24:33+00:00","breadcrumb":{"@id":"https:\/\/www.rimocc.com\/product\/sonor-vintage-series-red-oyster-20-12-14\/#breadcrumb"},"inLanguage":"en-US","potentialAction":[{"@type":"ReadAction","target":["https:\/\/www.rimocc.com\/product\/sonor-vintage-series-red-oyster-20-12-14\/"]}]},{"@type":"ImageObject","inLanguage":"en-US","@id":"https:\/\/www.rimocc.com\/product\/sonor-vintage-series-red-oyster-20-12-14\/#primaryimage","url":"https:\/\/www.rimocc.com\/wp-content\/uploads\/2023\/06\/0e6ab0_d444897da3f34af8bb9248e5d9e1bb5amv2.webp","contentUrl":"https:\/\/www.rimocc.com\/wp-content\/uploads\/2023\/06\/0e6ab0_d444897da3f34af8bb9248e5d9e1bb5amv2.webp","width":625,"height":625},{"@type":"BreadcrumbList","@id":"https:\/\/www.rimocc.com\/product\/sonor-vintage-series-red-oyster-20-12-14\/#breadcrumb","itemListElement":[{"@type":"ListItem","position":1,"name":"Home","item":"https:\/\/www.rimocc.com\/"},{"@type":"ListItem","position":2,"name":"Shop","item":"https:\/\/www.rimocc.com\/shop\/"},{"@type":"ListItem","position":3,"name":"Sonor Vintage Series Red Oyster 20&#8243; 12&#8243; 14&#8243;"}]},{"@type":"WebSite","@id":"https:\/\/www.rimocc.com\/#website","url":"https:\/\/www.rimocc.com\/","name":"D\u00e9p\u00f4t Vente Batterie Percussion | Rimocc Lyon","description":"Rimocc: l&#039;unique magasin d\u00e9di\u00e9 enti\u00e8rement \u00e0 la batterie, percussion d&#039;occasion et vintage \u00e0 Lyon, France","publisher":{"@id":"https:\/\/www.rimocc.com\/#organization"},"alternateName":"Rimocc'","potentialAction":[{"@type":"SearchAction","target":{"@type":"EntryPoint","urlTemplate":"https:\/\/www.rimocc.com\/?s={search_term_string}"},"query-input":{"@type":"PropertyValueSpecification","valueRequired":true,"valueName":"search_term_string"}}],"inLanguage":"en-US"},{"@type":"Organization","@id":"https:\/\/www.rimocc.com\/#organization","name":"Rimocc'","alternateName":"Rimocc","url":"https:\/\/www.rimocc.com\/","logo":{"@type":"ImageObject","inLanguage":"en-US","@id":"https:\/\/www.rimocc.com\/#\/schema\/logo\/image\/","url":"https:\/\/i0.wp.com\/www.rimocc.com\/wp-content\/uploads\/2023\/07\/RIMOCC_LOGO.jpg?fit=459%2C114&ssl=1","contentUrl":"https:\/\/i0.wp.com\/www.rimocc.com\/wp-content\/uploads\/2023\/07\/RIMOCC_LOGO.jpg?fit=459%2C114&ssl=1","width":459,"height":114,"caption":"Rimocc'"},"image":{"@id":"https:\/\/www.rimocc.com\/#\/schema\/logo\/image\/"},"sameAs":["https:\/\/www.facebook.com\/rimocclyon\/?locale=fr_FR","https:\/\/www.instagram.com\/rimoccc\/?hl=fr","https:\/\/www.tiktok.com\/@rimocc","https:\/\/www.youtube.com\/@Rimocc"]}]}},"jetpack_publicize_connections":[],"jetpack_sharing_enabled":true,"_links":{"self":[{"href":"https:\/\/www.rimocc.com\/en\/wp-json\/wp\/v2\/product\/428","targetHints":{"allow":["GET"]}}],"collection":[{"href":"https:\/\/www.rimocc.com\/en\/wp-json\/wp\/v2\/product"}],"about":[{"href":"https:\/\/www.rimocc.com\/en\/wp-json\/wp\/v2\/types\/product"}],"replies":[{"embeddable":true,"href":"https:\/\/www.rimocc.com\/en\/wp-json\/wp\/v2\/comments?post=428"}],"wp:featuredmedia":[{"embeddable":true,"href":"https:\/\/www.rimocc.com\/en\/wp-json\/wp\/v2\/media\/4839"}],"wp:attachment":[{"href":"https:\/\/www.rimocc.com\/en\/wp-json\/wp\/v2\/media?parent=428"}],"wp:term":[{"taxonomy":"product_brand","embeddable":true,"href":"https:\/\/www.rimocc.com\/en\/wp-json\/wp\/v2\/product_brand?post=428"},{"taxonomy":"product_cat","embeddable":true,"href":"https:\/\/www.rimocc.com\/en\/wp-json\/wp\/v2\/product_cat?post=428"},{"taxonomy":"product_tag","embeddable":true,"href":"https:\/\/www.rimocc.com\/en\/wp-json\/wp\/v2\/product_tag?post=428"}],"curies":[{"name":"wp","href":"https:\/\/api.w.org\/{rel}","templated":true}]}}