{"id":409,"date":"2023-06-08T21:12:02","date_gmt":"2023-06-08T21:12:02","guid":{"rendered":"https:\/\/rimocc.a2hosted.com\/product\/carlsbro-club-100-compact-electronic-drum-kit\/"},"modified":"2023-06-12T22:05:42","modified_gmt":"2023-06-12T22:05:42","slug":"carlsbro-club-100-compact-electronic-drum-kit","status":"publish","type":"product","link":"https:\/\/www.rimocc.com\/en\/product\/carlsbro-club-100-compact-electronic-drum-kit\/","title":{"rendered":"CARLSBRO CLUB-100 COMPACT ELECTRONIC DRUM KIT"},"content":{"rendered":"<p>!!NEUF!! Carton scell\u00e9<\/p>\n<p>Inclus: 1 x Module sonore Commander 101, 1 x caisse claire 7&Prime; simple zone, 2 x pads de tom 7&Prime; simple zone, 2 x cymbale 8&Prime; simple zone, 1 x p\u00e9dale de grosse caisse, 1 x p\u00e9dale charleston, 1 x stand 3 pieds pliable compact, r\u00e9glable, t\u00e9lescopique<br \/>\n&#8211; Son : 108 voix de batterie, 10 kits de batterie pr\u00e9d\u00e9finis, 2 kits de batterie utilisateur, 10 chansons d\u00e9mo, m\u00e9tronome<br \/>\n&#8211; Fonction d\u2019enregistrement et de lecture<br \/>\n&#8211; Entr\u00e9e: Auxiliaire<br \/>\n&#8211; Sorties: Ligne, casque, MIDI<br \/>\nBatterie \u00e9lectronique Rimocc&rsquo; Lyon<\/p>","protected":false},"excerpt":{"rendered":"<p>!!NEUF!! Carton scell\u00e9 Inclus: 1 x Module sonore Commander 101, 1 x caisse claire 7&Prime; simple zone, 2 x pads de tom 7&Prime; simple zone, 2 x cymbale 8&Prime; simple zone, 1 x p\u00e9dale de grosse caisse, 1 x p\u00e9dale charleston, 1 x stand 3 pieds pliable compact, r\u00e9glable, t\u00e9lescopique &#8211; Son : 108 voix [&hellip;]<\/p>\n","protected":false},"featured_media":5031,"comment_status":"open","ping_status":"closed","template":"","meta":{"jetpack_publicize_message":"","jetpack_publicize_feature_enabled":true,"jetpack_social_post_already_shared":false,"jetpack_social_options":{"image_generator_settings":{"template":"highway","default_image_id":0,"font":"","enabled":false},"version":2}},"product_brand":[],"product_cat":[20],"product_tag":[],"class_list":{"0":"post-409","1":"product","2":"type-product","3":"status-publish","4":"has-post-thumbnail","6":"product_cat-batterie","8":"entry","9":"has-media","11":"first","12":"outofstock","13":"shipping-taxable","14":"purchasable","15":"product-type-simple","16":"has-product-nav","17":"col","18":"span_1_of_3","19":"owp-content-center","20":"owp-thumbs-layout-horizontal","21":"owp-btn-normal","22":"owp-tabs-layout-horizontal"},"yoast_head":"<!-- This site is optimized with the Yoast SEO plugin v27.4 - https:\/\/yoast.com\/product\/yoast-seo-wordpress\/ -->\n<title>CARLSBRO CLUB-100 COMPACT ELECTRONIC DRUM KIT - D\u00e9p\u00f4t Vente Batterie Percussion | Rimocc Lyon<\/title>\n<meta name=\"robots\" content=\"index, follow, max-snippet:-1, max-image-preview:large, max-video-preview:-1\" \/>\n<link rel=\"canonical\" href=\"https:\/\/www.rimocc.com\/en\/product\/carlsbro-club-100-compact-electronic-drum-kit\/\" \/>\n<meta property=\"og:locale\" content=\"en_US\" \/>\n<meta property=\"og:type\" content=\"article\" \/>\n<meta property=\"og:title\" content=\"CARLSBRO CLUB-100 COMPACT ELECTRONIC DRUM KIT - D\u00e9p\u00f4t Vente Batterie Percussion | Rimocc Lyon\" \/>\n<meta property=\"og:description\" content=\"!!NEUF!! Carton scell\u00e9 Inclus: 1 x Module sonore Commander 101, 1 x caisse claire 7&Prime; simple zone, 2 x pads de tom 7&Prime; simple zone, 2 x cymbale 8&Prime; simple zone, 1 x p\u00e9dale de grosse caisse, 1 x p\u00e9dale charleston, 1 x stand 3 pieds pliable compact, r\u00e9glable, t\u00e9lescopique &#8211; Son : 108 voix [&hellip;]\" \/>\n<meta property=\"og:url\" content=\"https:\/\/www.rimocc.com\/en\/product\/carlsbro-club-100-compact-electronic-drum-kit\/\" \/>\n<meta property=\"og:site_name\" content=\"D\u00e9p\u00f4t Vente Batterie Percussion | Rimocc Lyon\" \/>\n<meta property=\"article:publisher\" content=\"https:\/\/www.facebook.com\/rimocclyon\/?locale=fr_FR\" \/>\n<meta property=\"article:modified_time\" content=\"2023-06-12T22:05:42+00:00\" \/>\n<meta property=\"og:image\" content=\"https:\/\/www.rimocc.com\/wp-content\/uploads\/2023\/06\/0e6ab0_86667add42dc44f0957a37103e343dfbmv2.webp\" \/>\n\t<meta property=\"og:image:width\" content=\"600\" \/>\n\t<meta property=\"og:image:height\" content=\"600\" \/>\n\t<meta property=\"og:image:type\" content=\"image\/webp\" \/>\n<meta name=\"twitter:card\" content=\"summary_large_image\" \/>\n<script type=\"application\/ld+json\" class=\"yoast-schema-graph\">{\"@context\":\"https:\\\/\\\/schema.org\",\"@graph\":[{\"@type\":\"WebPage\",\"@id\":\"https:\\\/\\\/www.rimocc.com\\\/product\\\/carlsbro-club-100-compact-electronic-drum-kit\\\/\",\"url\":\"https:\\\/\\\/www.rimocc.com\\\/product\\\/carlsbro-club-100-compact-electronic-drum-kit\\\/\",\"name\":\"CARLSBRO CLUB-100 COMPACT ELECTRONIC DRUM KIT - D\u00e9p\u00f4t Vente Batterie Percussion | Rimocc Lyon\",\"isPartOf\":{\"@id\":\"https:\\\/\\\/www.rimocc.com\\\/#website\"},\"primaryImageOfPage\":{\"@id\":\"https:\\\/\\\/www.rimocc.com\\\/product\\\/carlsbro-club-100-compact-electronic-drum-kit\\\/#primaryimage\"},\"image\":{\"@id\":\"https:\\\/\\\/www.rimocc.com\\\/product\\\/carlsbro-club-100-compact-electronic-drum-kit\\\/#primaryimage\"},\"thumbnailUrl\":\"https:\\\/\\\/www.rimocc.com\\\/wp-content\\\/uploads\\\/2023\\\/06\\\/0e6ab0_86667add42dc44f0957a37103e343dfbmv2.webp\",\"datePublished\":\"2023-06-08T21:12:02+00:00\",\"dateModified\":\"2023-06-12T22:05:42+00:00\",\"breadcrumb\":{\"@id\":\"https:\\\/\\\/www.rimocc.com\\\/product\\\/carlsbro-club-100-compact-electronic-drum-kit\\\/#breadcrumb\"},\"inLanguage\":\"en-US\",\"potentialAction\":[{\"@type\":\"ReadAction\",\"target\":[\"https:\\\/\\\/www.rimocc.com\\\/product\\\/carlsbro-club-100-compact-electronic-drum-kit\\\/\"]}]},{\"@type\":\"ImageObject\",\"inLanguage\":\"en-US\",\"@id\":\"https:\\\/\\\/www.rimocc.com\\\/product\\\/carlsbro-club-100-compact-electronic-drum-kit\\\/#primaryimage\",\"url\":\"https:\\\/\\\/www.rimocc.com\\\/wp-content\\\/uploads\\\/2023\\\/06\\\/0e6ab0_86667add42dc44f0957a37103e343dfbmv2.webp\",\"contentUrl\":\"https:\\\/\\\/www.rimocc.com\\\/wp-content\\\/uploads\\\/2023\\\/06\\\/0e6ab0_86667add42dc44f0957a37103e343dfbmv2.webp\",\"width\":600,\"height\":600},{\"@type\":\"BreadcrumbList\",\"@id\":\"https:\\\/\\\/www.rimocc.com\\\/product\\\/carlsbro-club-100-compact-electronic-drum-kit\\\/#breadcrumb\",\"itemListElement\":[{\"@type\":\"ListItem\",\"position\":1,\"name\":\"Home\",\"item\":\"https:\\\/\\\/www.rimocc.com\\\/\"},{\"@type\":\"ListItem\",\"position\":2,\"name\":\"Shop\",\"item\":\"https:\\\/\\\/www.rimocc.com\\\/shop\\\/\"},{\"@type\":\"ListItem\",\"position\":3,\"name\":\"CARLSBRO CLUB-100 COMPACT ELECTRONIC DRUM KIT\"}]},{\"@type\":\"WebSite\",\"@id\":\"https:\\\/\\\/www.rimocc.com\\\/#website\",\"url\":\"https:\\\/\\\/www.rimocc.com\\\/\",\"name\":\"D\u00e9p\u00f4t Vente Batterie Percussion | Rimocc Lyon\",\"description\":\"Rimocc: l&#039;unique magasin d\u00e9di\u00e9 enti\u00e8rement \u00e0 la batterie, percussion d&#039;occasion et vintage \u00e0 Lyon, France\",\"publisher\":{\"@id\":\"https:\\\/\\\/www.rimocc.com\\\/#organization\"},\"alternateName\":\"Rimocc'\",\"potentialAction\":[{\"@type\":\"SearchAction\",\"target\":{\"@type\":\"EntryPoint\",\"urlTemplate\":\"https:\\\/\\\/www.rimocc.com\\\/?s={search_term_string}\"},\"query-input\":{\"@type\":\"PropertyValueSpecification\",\"valueRequired\":true,\"valueName\":\"search_term_string\"}}],\"inLanguage\":\"en-US\"},{\"@type\":\"Organization\",\"@id\":\"https:\\\/\\\/www.rimocc.com\\\/#organization\",\"name\":\"Rimocc'\",\"alternateName\":\"Rimocc\",\"url\":\"https:\\\/\\\/www.rimocc.com\\\/\",\"logo\":{\"@type\":\"ImageObject\",\"inLanguage\":\"en-US\",\"@id\":\"https:\\\/\\\/www.rimocc.com\\\/#\\\/schema\\\/logo\\\/image\\\/\",\"url\":\"https:\\\/\\\/i0.wp.com\\\/www.rimocc.com\\\/wp-content\\\/uploads\\\/2023\\\/07\\\/RIMOCC_LOGO.jpg?fit=459%2C114&ssl=1\",\"contentUrl\":\"https:\\\/\\\/i0.wp.com\\\/www.rimocc.com\\\/wp-content\\\/uploads\\\/2023\\\/07\\\/RIMOCC_LOGO.jpg?fit=459%2C114&ssl=1\",\"width\":459,\"height\":114,\"caption\":\"Rimocc'\"},\"image\":{\"@id\":\"https:\\\/\\\/www.rimocc.com\\\/#\\\/schema\\\/logo\\\/image\\\/\"},\"sameAs\":[\"https:\\\/\\\/www.facebook.com\\\/rimocclyon\\\/?locale=fr_FR\",\"https:\\\/\\\/www.instagram.com\\\/rimoccc\\\/?hl=fr\",\"https:\\\/\\\/www.tiktok.com\\\/@rimocc\",\"https:\\\/\\\/www.youtube.com\\\/@Rimocc\"]}]}<\/script>\n<!-- \/ Yoast SEO plugin. -->","yoast_head_json":{"title":"CARLSBRO CLUB-100 COMPACT ELECTRONIC DRUM KIT - D\u00e9p\u00f4t Vente Batterie Percussion | Rimocc Lyon","robots":{"index":"index","follow":"follow","max-snippet":"max-snippet:-1","max-image-preview":"max-image-preview:large","max-video-preview":"max-video-preview:-1"},"canonical":"https:\/\/www.rimocc.com\/en\/product\/carlsbro-club-100-compact-electronic-drum-kit\/","og_locale":"en_US","og_type":"article","og_title":"CARLSBRO CLUB-100 COMPACT ELECTRONIC DRUM KIT - D\u00e9p\u00f4t Vente Batterie Percussion | Rimocc Lyon","og_description":"!!NEUF!! Carton scell\u00e9 Inclus: 1 x Module sonore Commander 101, 1 x caisse claire 7&Prime; simple zone, 2 x pads de tom 7&Prime; simple zone, 2 x cymbale 8&Prime; simple zone, 1 x p\u00e9dale de grosse caisse, 1 x p\u00e9dale charleston, 1 x stand 3 pieds pliable compact, r\u00e9glable, t\u00e9lescopique &#8211; Son : 108 voix [&hellip;]","og_url":"https:\/\/www.rimocc.com\/en\/product\/carlsbro-club-100-compact-electronic-drum-kit\/","og_site_name":"D\u00e9p\u00f4t Vente Batterie Percussion | Rimocc Lyon","article_publisher":"https:\/\/www.facebook.com\/rimocclyon\/?locale=fr_FR","article_modified_time":"2023-06-12T22:05:42+00:00","og_image":[{"width":600,"height":600,"url":"https:\/\/www.rimocc.com\/wp-content\/uploads\/2023\/06\/0e6ab0_86667add42dc44f0957a37103e343dfbmv2.webp","type":"image\/webp"}],"twitter_card":"summary_large_image","schema":{"@context":"https:\/\/schema.org","@graph":[{"@type":"WebPage","@id":"https:\/\/www.rimocc.com\/product\/carlsbro-club-100-compact-electronic-drum-kit\/","url":"https:\/\/www.rimocc.com\/product\/carlsbro-club-100-compact-electronic-drum-kit\/","name":"CARLSBRO CLUB-100 COMPACT ELECTRONIC DRUM KIT - D\u00e9p\u00f4t Vente Batterie Percussion | Rimocc Lyon","isPartOf":{"@id":"https:\/\/www.rimocc.com\/#website"},"primaryImageOfPage":{"@id":"https:\/\/www.rimocc.com\/product\/carlsbro-club-100-compact-electronic-drum-kit\/#primaryimage"},"image":{"@id":"https:\/\/www.rimocc.com\/product\/carlsbro-club-100-compact-electronic-drum-kit\/#primaryimage"},"thumbnailUrl":"https:\/\/www.rimocc.com\/wp-content\/uploads\/2023\/06\/0e6ab0_86667add42dc44f0957a37103e343dfbmv2.webp","datePublished":"2023-06-08T21:12:02+00:00","dateModified":"2023-06-12T22:05:42+00:00","breadcrumb":{"@id":"https:\/\/www.rimocc.com\/product\/carlsbro-club-100-compact-electronic-drum-kit\/#breadcrumb"},"inLanguage":"en-US","potentialAction":[{"@type":"ReadAction","target":["https:\/\/www.rimocc.com\/product\/carlsbro-club-100-compact-electronic-drum-kit\/"]}]},{"@type":"ImageObject","inLanguage":"en-US","@id":"https:\/\/www.rimocc.com\/product\/carlsbro-club-100-compact-electronic-drum-kit\/#primaryimage","url":"https:\/\/www.rimocc.com\/wp-content\/uploads\/2023\/06\/0e6ab0_86667add42dc44f0957a37103e343dfbmv2.webp","contentUrl":"https:\/\/www.rimocc.com\/wp-content\/uploads\/2023\/06\/0e6ab0_86667add42dc44f0957a37103e343dfbmv2.webp","width":600,"height":600},{"@type":"BreadcrumbList","@id":"https:\/\/www.rimocc.com\/product\/carlsbro-club-100-compact-electronic-drum-kit\/#breadcrumb","itemListElement":[{"@type":"ListItem","position":1,"name":"Home","item":"https:\/\/www.rimocc.com\/"},{"@type":"ListItem","position":2,"name":"Shop","item":"https:\/\/www.rimocc.com\/shop\/"},{"@type":"ListItem","position":3,"name":"CARLSBRO CLUB-100 COMPACT ELECTRONIC DRUM KIT"}]},{"@type":"WebSite","@id":"https:\/\/www.rimocc.com\/#website","url":"https:\/\/www.rimocc.com\/","name":"D\u00e9p\u00f4t Vente Batterie Percussion | Rimocc Lyon","description":"Rimocc: l&#039;unique magasin d\u00e9di\u00e9 enti\u00e8rement \u00e0 la batterie, percussion d&#039;occasion et vintage \u00e0 Lyon, France","publisher":{"@id":"https:\/\/www.rimocc.com\/#organization"},"alternateName":"Rimocc'","potentialAction":[{"@type":"SearchAction","target":{"@type":"EntryPoint","urlTemplate":"https:\/\/www.rimocc.com\/?s={search_term_string}"},"query-input":{"@type":"PropertyValueSpecification","valueRequired":true,"valueName":"search_term_string"}}],"inLanguage":"en-US"},{"@type":"Organization","@id":"https:\/\/www.rimocc.com\/#organization","name":"Rimocc'","alternateName":"Rimocc","url":"https:\/\/www.rimocc.com\/","logo":{"@type":"ImageObject","inLanguage":"en-US","@id":"https:\/\/www.rimocc.com\/#\/schema\/logo\/image\/","url":"https:\/\/i0.wp.com\/www.rimocc.com\/wp-content\/uploads\/2023\/07\/RIMOCC_LOGO.jpg?fit=459%2C114&ssl=1","contentUrl":"https:\/\/i0.wp.com\/www.rimocc.com\/wp-content\/uploads\/2023\/07\/RIMOCC_LOGO.jpg?fit=459%2C114&ssl=1","width":459,"height":114,"caption":"Rimocc'"},"image":{"@id":"https:\/\/www.rimocc.com\/#\/schema\/logo\/image\/"},"sameAs":["https:\/\/www.facebook.com\/rimocclyon\/?locale=fr_FR","https:\/\/www.instagram.com\/rimoccc\/?hl=fr","https:\/\/www.tiktok.com\/@rimocc","https:\/\/www.youtube.com\/@Rimocc"]}]}},"jetpack_publicize_connections":[],"jetpack_sharing_enabled":true,"_links":{"self":[{"href":"https:\/\/www.rimocc.com\/en\/wp-json\/wp\/v2\/product\/409","targetHints":{"allow":["GET"]}}],"collection":[{"href":"https:\/\/www.rimocc.com\/en\/wp-json\/wp\/v2\/product"}],"about":[{"href":"https:\/\/www.rimocc.com\/en\/wp-json\/wp\/v2\/types\/product"}],"replies":[{"embeddable":true,"href":"https:\/\/www.rimocc.com\/en\/wp-json\/wp\/v2\/comments?post=409"}],"wp:featuredmedia":[{"embeddable":true,"href":"https:\/\/www.rimocc.com\/en\/wp-json\/wp\/v2\/media\/5031"}],"wp:attachment":[{"href":"https:\/\/www.rimocc.com\/en\/wp-json\/wp\/v2\/media?parent=409"}],"wp:term":[{"taxonomy":"product_brand","embeddable":true,"href":"https:\/\/www.rimocc.com\/en\/wp-json\/wp\/v2\/product_brand?post=409"},{"taxonomy":"product_cat","embeddable":true,"href":"https:\/\/www.rimocc.com\/en\/wp-json\/wp\/v2\/product_cat?post=409"},{"taxonomy":"product_tag","embeddable":true,"href":"https:\/\/www.rimocc.com\/en\/wp-json\/wp\/v2\/product_tag?post=409"}],"curies":[{"name":"wp","href":"https:\/\/api.w.org\/{rel}","templated":true}]}}