{"id":403,"date":"2023-06-08T21:12:01","date_gmt":"2023-06-08T21:12:01","guid":{"rendered":"https:\/\/rimocc.a2hosted.com\/product\/gretsch-usa-brooklyn-satin-mahogany-22-10-12-16-clamps-supports\/"},"modified":"2023-06-12T21:22:02","modified_gmt":"2023-06-12T21:22:02","slug":"gretsch-usa-brooklyn-satin-mahogany-22-10-12-16-clamps-supports","status":"publish","type":"product","link":"https:\/\/www.rimocc.com\/en\/product\/gretsch-usa-brooklyn-satin-mahogany-22-10-12-16-clamps-supports\/","title":{"rendered":"Gretsch USA Brooklyn Satin Mahogany 22&Prime; 10&Prime; 12&Prime; 16&Prime; + clamps &#038; supports"},"content":{"rendered":"<p>Made in USA<\/p>\n<p>F\u00fbt 6 plis Erable \/Peuplier<\/p>\n<p>Chanfrein 30\u00b0<\/p>\n<p>Rev\u00eatement int\u00e9rieur de f\u00fbt\u00a0Gretsch &lsquo;Silver Sealer&rsquo;<\/p>\n<p>Cercles Gretsch &lsquo;302&rsquo;, an acier 3 mm, double emboutissage<\/p>\n<p>Chrome Hardware<br \/>\nTr\u00e8s bon \u00e9tat g\u00e9n\u00e9ral. Quelques traces de frottement (voir photo)<br \/>\nClamps et supports Gretsch inclus<br \/>\nUn papillon de serrage support tom remplac\u00e9 par un Ludwig<br \/>\nPieds de cymbales non inclus<\/p>\n<p>(enl\u00e8vement sur place privil\u00e9gi\u00e9 mais envoi possible dans toute la France sur devis s\u00e9par\u00e9 &#8211; merci de s\u00e9lectionner l&rsquo;option retrait sur place et nous vous ferons parvenir un devis s\u00e9par\u00e9 pour la livraison, \u00e0 r\u00e9gler s\u00e9par\u00e9ment)<\/p>\n<p>International order, pick-up ONLY<\/p>","protected":false},"excerpt":{"rendered":"<p>Made in USA F\u00fbt 6 plis Erable \/Peuplier Chanfrein 30\u00b0 Rev\u00eatement int\u00e9rieur de f\u00fbt\u00a0Gretsch &lsquo;Silver Sealer&rsquo; Cercles Gretsch &lsquo;302&rsquo;, an acier 3 mm, double emboutissage Chrome Hardware Tr\u00e8s bon \u00e9tat g\u00e9n\u00e9ral. Quelques traces de frottement (voir photo) Clamps et supports Gretsch inclus Un papillon de serrage support tom remplac\u00e9 par un Ludwig Pieds de cymbales [&hellip;]<\/p>\n","protected":false},"featured_media":4822,"comment_status":"open","ping_status":"closed","template":"","meta":{"jetpack_publicize_message":"","jetpack_publicize_feature_enabled":true,"jetpack_social_post_already_shared":false,"jetpack_social_options":{"image_generator_settings":{"template":"highway","default_image_id":0,"font":"","enabled":false},"version":2}},"product_brand":[],"product_cat":[20],"product_tag":[],"class_list":{"0":"post-403","1":"product","2":"type-product","3":"status-publish","4":"has-post-thumbnail","6":"product_cat-batterie","8":"entry","9":"has-media","11":"first","12":"outofstock","13":"shipping-taxable","14":"purchasable","15":"product-type-simple","16":"has-product-nav","17":"col","18":"span_1_of_3","19":"owp-content-center","20":"owp-thumbs-layout-horizontal","21":"owp-btn-normal","22":"owp-tabs-layout-horizontal"},"yoast_head":"<!-- This site is optimized with the Yoast SEO plugin v27.5 - https:\/\/yoast.com\/product\/yoast-seo-wordpress\/ -->\n<title>Gretsch USA Brooklyn Satin Mahogany 22&quot; 10&quot; 12&quot; 16&quot; + clamps &amp; supports - D\u00e9p\u00f4t Vente Batterie Percussion | Rimocc Lyon<\/title>\n<meta name=\"robots\" content=\"index, follow, max-snippet:-1, max-image-preview:large, max-video-preview:-1\" \/>\n<link rel=\"canonical\" href=\"https:\/\/www.rimocc.com\/en\/product\/gretsch-usa-brooklyn-satin-mahogany-22-10-12-16-clamps-supports\/\" \/>\n<meta property=\"og:locale\" content=\"en_US\" \/>\n<meta property=\"og:type\" content=\"article\" \/>\n<meta property=\"og:title\" content=\"Gretsch USA Brooklyn Satin Mahogany 22&quot; 10&quot; 12&quot; 16&quot; + clamps &amp; supports - D\u00e9p\u00f4t Vente Batterie Percussion | Rimocc Lyon\" \/>\n<meta property=\"og:description\" content=\"Made in USA F\u00fbt 6 plis Erable \/Peuplier Chanfrein 30\u00b0 Rev\u00eatement int\u00e9rieur de f\u00fbt\u00a0Gretsch &lsquo;Silver Sealer&rsquo; Cercles Gretsch &lsquo;302&rsquo;, an acier 3 mm, double emboutissage Chrome Hardware Tr\u00e8s bon \u00e9tat g\u00e9n\u00e9ral. Quelques traces de frottement (voir photo) Clamps et supports Gretsch inclus Un papillon de serrage support tom remplac\u00e9 par un Ludwig Pieds de cymbales [&hellip;]\" \/>\n<meta property=\"og:url\" content=\"https:\/\/www.rimocc.com\/en\/product\/gretsch-usa-brooklyn-satin-mahogany-22-10-12-16-clamps-supports\/\" \/>\n<meta property=\"og:site_name\" content=\"D\u00e9p\u00f4t Vente Batterie Percussion | Rimocc Lyon\" \/>\n<meta property=\"article:publisher\" content=\"https:\/\/www.facebook.com\/rimocclyon\/?locale=fr_FR\" \/>\n<meta property=\"article:modified_time\" content=\"2023-06-12T21:22:02+00:00\" \/>\n<meta property=\"og:image\" content=\"https:\/\/www.rimocc.com\/wp-content\/uploads\/2023\/06\/0e6ab0_cf24c3b51549438aabf4a3690a399b53mv2.webp\" \/>\n\t<meta property=\"og:image:width\" content=\"625\" \/>\n\t<meta property=\"og:image:height\" content=\"625\" \/>\n\t<meta property=\"og:image:type\" content=\"image\/webp\" \/>\n<meta name=\"twitter:card\" content=\"summary_large_image\" \/>\n<meta name=\"twitter:label1\" content=\"Est. reading time\" \/>\n\t<meta name=\"twitter:data1\" content=\"1 minute\" \/>\n<script type=\"application\/ld+json\" class=\"yoast-schema-graph\">{\"@context\":\"https:\\\/\\\/schema.org\",\"@graph\":[{\"@type\":\"WebPage\",\"@id\":\"https:\\\/\\\/www.rimocc.com\\\/product\\\/gretsch-usa-brooklyn-satin-mahogany-22-10-12-16-clamps-supports\\\/\",\"url\":\"https:\\\/\\\/www.rimocc.com\\\/product\\\/gretsch-usa-brooklyn-satin-mahogany-22-10-12-16-clamps-supports\\\/\",\"name\":\"Gretsch USA Brooklyn Satin Mahogany 22\\\" 10\\\" 12\\\" 16\\\" + clamps & supports - D\u00e9p\u00f4t Vente Batterie Percussion | Rimocc Lyon\",\"isPartOf\":{\"@id\":\"https:\\\/\\\/www.rimocc.com\\\/#website\"},\"primaryImageOfPage\":{\"@id\":\"https:\\\/\\\/www.rimocc.com\\\/product\\\/gretsch-usa-brooklyn-satin-mahogany-22-10-12-16-clamps-supports\\\/#primaryimage\"},\"image\":{\"@id\":\"https:\\\/\\\/www.rimocc.com\\\/product\\\/gretsch-usa-brooklyn-satin-mahogany-22-10-12-16-clamps-supports\\\/#primaryimage\"},\"thumbnailUrl\":\"https:\\\/\\\/www.rimocc.com\\\/wp-content\\\/uploads\\\/2023\\\/06\\\/0e6ab0_cf24c3b51549438aabf4a3690a399b53mv2.webp\",\"datePublished\":\"2023-06-08T21:12:01+00:00\",\"dateModified\":\"2023-06-12T21:22:02+00:00\",\"breadcrumb\":{\"@id\":\"https:\\\/\\\/www.rimocc.com\\\/product\\\/gretsch-usa-brooklyn-satin-mahogany-22-10-12-16-clamps-supports\\\/#breadcrumb\"},\"inLanguage\":\"en-US\",\"potentialAction\":[{\"@type\":\"ReadAction\",\"target\":[\"https:\\\/\\\/www.rimocc.com\\\/product\\\/gretsch-usa-brooklyn-satin-mahogany-22-10-12-16-clamps-supports\\\/\"]}]},{\"@type\":\"ImageObject\",\"inLanguage\":\"en-US\",\"@id\":\"https:\\\/\\\/www.rimocc.com\\\/product\\\/gretsch-usa-brooklyn-satin-mahogany-22-10-12-16-clamps-supports\\\/#primaryimage\",\"url\":\"https:\\\/\\\/www.rimocc.com\\\/wp-content\\\/uploads\\\/2023\\\/06\\\/0e6ab0_cf24c3b51549438aabf4a3690a399b53mv2.webp\",\"contentUrl\":\"https:\\\/\\\/www.rimocc.com\\\/wp-content\\\/uploads\\\/2023\\\/06\\\/0e6ab0_cf24c3b51549438aabf4a3690a399b53mv2.webp\",\"width\":625,\"height\":625},{\"@type\":\"BreadcrumbList\",\"@id\":\"https:\\\/\\\/www.rimocc.com\\\/product\\\/gretsch-usa-brooklyn-satin-mahogany-22-10-12-16-clamps-supports\\\/#breadcrumb\",\"itemListElement\":[{\"@type\":\"ListItem\",\"position\":1,\"name\":\"Home\",\"item\":\"https:\\\/\\\/www.rimocc.com\\\/\"},{\"@type\":\"ListItem\",\"position\":2,\"name\":\"Shop\",\"item\":\"https:\\\/\\\/www.rimocc.com\\\/shop\\\/\"},{\"@type\":\"ListItem\",\"position\":3,\"name\":\"Gretsch USA Brooklyn Satin Mahogany 22&#8243; 10&#8243; 12&#8243; 16&#8243; + clamps &#038; supports\"}]},{\"@type\":\"WebSite\",\"@id\":\"https:\\\/\\\/www.rimocc.com\\\/#website\",\"url\":\"https:\\\/\\\/www.rimocc.com\\\/\",\"name\":\"D\u00e9p\u00f4t Vente Batterie Percussion | Rimocc Lyon\",\"description\":\"Rimocc: l&#039;unique magasin d\u00e9di\u00e9 enti\u00e8rement \u00e0 la batterie, percussion d&#039;occasion et vintage \u00e0 Lyon, France\",\"publisher\":{\"@id\":\"https:\\\/\\\/www.rimocc.com\\\/#organization\"},\"alternateName\":\"Rimocc'\",\"potentialAction\":[{\"@type\":\"SearchAction\",\"target\":{\"@type\":\"EntryPoint\",\"urlTemplate\":\"https:\\\/\\\/www.rimocc.com\\\/?s={search_term_string}\"},\"query-input\":{\"@type\":\"PropertyValueSpecification\",\"valueRequired\":true,\"valueName\":\"search_term_string\"}}],\"inLanguage\":\"en-US\"},{\"@type\":\"Organization\",\"@id\":\"https:\\\/\\\/www.rimocc.com\\\/#organization\",\"name\":\"Rimocc'\",\"alternateName\":\"Rimocc\",\"url\":\"https:\\\/\\\/www.rimocc.com\\\/\",\"logo\":{\"@type\":\"ImageObject\",\"inLanguage\":\"en-US\",\"@id\":\"https:\\\/\\\/www.rimocc.com\\\/#\\\/schema\\\/logo\\\/image\\\/\",\"url\":\"https:\\\/\\\/i0.wp.com\\\/www.rimocc.com\\\/wp-content\\\/uploads\\\/2023\\\/07\\\/RIMOCC_LOGO.jpg?fit=459%2C114&ssl=1\",\"contentUrl\":\"https:\\\/\\\/i0.wp.com\\\/www.rimocc.com\\\/wp-content\\\/uploads\\\/2023\\\/07\\\/RIMOCC_LOGO.jpg?fit=459%2C114&ssl=1\",\"width\":459,\"height\":114,\"caption\":\"Rimocc'\"},\"image\":{\"@id\":\"https:\\\/\\\/www.rimocc.com\\\/#\\\/schema\\\/logo\\\/image\\\/\"},\"sameAs\":[\"https:\\\/\\\/www.facebook.com\\\/rimocclyon\\\/?locale=fr_FR\",\"https:\\\/\\\/www.instagram.com\\\/rimoccc\\\/?hl=fr\",\"https:\\\/\\\/www.tiktok.com\\\/@rimocc\",\"https:\\\/\\\/www.youtube.com\\\/@Rimocc\"]}]}<\/script>\n<!-- \/ Yoast SEO plugin. -->","yoast_head_json":{"title":"Gretsch USA Brooklyn Satin Mahogany 22\" 10\" 12\" 16\" + clamps & supports - D\u00e9p\u00f4t Vente Batterie Percussion | Rimocc Lyon","robots":{"index":"index","follow":"follow","max-snippet":"max-snippet:-1","max-image-preview":"max-image-preview:large","max-video-preview":"max-video-preview:-1"},"canonical":"https:\/\/www.rimocc.com\/en\/product\/gretsch-usa-brooklyn-satin-mahogany-22-10-12-16-clamps-supports\/","og_locale":"en_US","og_type":"article","og_title":"Gretsch USA Brooklyn Satin Mahogany 22\" 10\" 12\" 16\" + clamps & supports - D\u00e9p\u00f4t Vente Batterie Percussion | Rimocc Lyon","og_description":"Made in USA F\u00fbt 6 plis Erable \/Peuplier Chanfrein 30\u00b0 Rev\u00eatement int\u00e9rieur de f\u00fbt\u00a0Gretsch &lsquo;Silver Sealer&rsquo; Cercles Gretsch &lsquo;302&rsquo;, an acier 3 mm, double emboutissage Chrome Hardware Tr\u00e8s bon \u00e9tat g\u00e9n\u00e9ral. Quelques traces de frottement (voir photo) Clamps et supports Gretsch inclus Un papillon de serrage support tom remplac\u00e9 par un Ludwig Pieds de cymbales [&hellip;]","og_url":"https:\/\/www.rimocc.com\/en\/product\/gretsch-usa-brooklyn-satin-mahogany-22-10-12-16-clamps-supports\/","og_site_name":"D\u00e9p\u00f4t Vente Batterie Percussion | Rimocc Lyon","article_publisher":"https:\/\/www.facebook.com\/rimocclyon\/?locale=fr_FR","article_modified_time":"2023-06-12T21:22:02+00:00","og_image":[{"width":625,"height":625,"url":"https:\/\/www.rimocc.com\/wp-content\/uploads\/2023\/06\/0e6ab0_cf24c3b51549438aabf4a3690a399b53mv2.webp","type":"image\/webp"}],"twitter_card":"summary_large_image","twitter_misc":{"Est. reading time":"1 minute"},"schema":{"@context":"https:\/\/schema.org","@graph":[{"@type":"WebPage","@id":"https:\/\/www.rimocc.com\/product\/gretsch-usa-brooklyn-satin-mahogany-22-10-12-16-clamps-supports\/","url":"https:\/\/www.rimocc.com\/product\/gretsch-usa-brooklyn-satin-mahogany-22-10-12-16-clamps-supports\/","name":"Gretsch USA Brooklyn Satin Mahogany 22\" 10\" 12\" 16\" + clamps & supports - D\u00e9p\u00f4t Vente Batterie Percussion | Rimocc Lyon","isPartOf":{"@id":"https:\/\/www.rimocc.com\/#website"},"primaryImageOfPage":{"@id":"https:\/\/www.rimocc.com\/product\/gretsch-usa-brooklyn-satin-mahogany-22-10-12-16-clamps-supports\/#primaryimage"},"image":{"@id":"https:\/\/www.rimocc.com\/product\/gretsch-usa-brooklyn-satin-mahogany-22-10-12-16-clamps-supports\/#primaryimage"},"thumbnailUrl":"https:\/\/www.rimocc.com\/wp-content\/uploads\/2023\/06\/0e6ab0_cf24c3b51549438aabf4a3690a399b53mv2.webp","datePublished":"2023-06-08T21:12:01+00:00","dateModified":"2023-06-12T21:22:02+00:00","breadcrumb":{"@id":"https:\/\/www.rimocc.com\/product\/gretsch-usa-brooklyn-satin-mahogany-22-10-12-16-clamps-supports\/#breadcrumb"},"inLanguage":"en-US","potentialAction":[{"@type":"ReadAction","target":["https:\/\/www.rimocc.com\/product\/gretsch-usa-brooklyn-satin-mahogany-22-10-12-16-clamps-supports\/"]}]},{"@type":"ImageObject","inLanguage":"en-US","@id":"https:\/\/www.rimocc.com\/product\/gretsch-usa-brooklyn-satin-mahogany-22-10-12-16-clamps-supports\/#primaryimage","url":"https:\/\/www.rimocc.com\/wp-content\/uploads\/2023\/06\/0e6ab0_cf24c3b51549438aabf4a3690a399b53mv2.webp","contentUrl":"https:\/\/www.rimocc.com\/wp-content\/uploads\/2023\/06\/0e6ab0_cf24c3b51549438aabf4a3690a399b53mv2.webp","width":625,"height":625},{"@type":"BreadcrumbList","@id":"https:\/\/www.rimocc.com\/product\/gretsch-usa-brooklyn-satin-mahogany-22-10-12-16-clamps-supports\/#breadcrumb","itemListElement":[{"@type":"ListItem","position":1,"name":"Home","item":"https:\/\/www.rimocc.com\/"},{"@type":"ListItem","position":2,"name":"Shop","item":"https:\/\/www.rimocc.com\/shop\/"},{"@type":"ListItem","position":3,"name":"Gretsch USA Brooklyn Satin Mahogany 22&#8243; 10&#8243; 12&#8243; 16&#8243; + clamps &#038; supports"}]},{"@type":"WebSite","@id":"https:\/\/www.rimocc.com\/#website","url":"https:\/\/www.rimocc.com\/","name":"D\u00e9p\u00f4t Vente Batterie Percussion | Rimocc Lyon","description":"Rimocc: l&#039;unique magasin d\u00e9di\u00e9 enti\u00e8rement \u00e0 la batterie, percussion d&#039;occasion et vintage \u00e0 Lyon, France","publisher":{"@id":"https:\/\/www.rimocc.com\/#organization"},"alternateName":"Rimocc'","potentialAction":[{"@type":"SearchAction","target":{"@type":"EntryPoint","urlTemplate":"https:\/\/www.rimocc.com\/?s={search_term_string}"},"query-input":{"@type":"PropertyValueSpecification","valueRequired":true,"valueName":"search_term_string"}}],"inLanguage":"en-US"},{"@type":"Organization","@id":"https:\/\/www.rimocc.com\/#organization","name":"Rimocc'","alternateName":"Rimocc","url":"https:\/\/www.rimocc.com\/","logo":{"@type":"ImageObject","inLanguage":"en-US","@id":"https:\/\/www.rimocc.com\/#\/schema\/logo\/image\/","url":"https:\/\/i0.wp.com\/www.rimocc.com\/wp-content\/uploads\/2023\/07\/RIMOCC_LOGO.jpg?fit=459%2C114&ssl=1","contentUrl":"https:\/\/i0.wp.com\/www.rimocc.com\/wp-content\/uploads\/2023\/07\/RIMOCC_LOGO.jpg?fit=459%2C114&ssl=1","width":459,"height":114,"caption":"Rimocc'"},"image":{"@id":"https:\/\/www.rimocc.com\/#\/schema\/logo\/image\/"},"sameAs":["https:\/\/www.facebook.com\/rimocclyon\/?locale=fr_FR","https:\/\/www.instagram.com\/rimoccc\/?hl=fr","https:\/\/www.tiktok.com\/@rimocc","https:\/\/www.youtube.com\/@Rimocc"]}]}},"jetpack_publicize_connections":[],"jetpack_sharing_enabled":true,"_links":{"self":[{"href":"https:\/\/www.rimocc.com\/en\/wp-json\/wp\/v2\/product\/403","targetHints":{"allow":["GET"]}}],"collection":[{"href":"https:\/\/www.rimocc.com\/en\/wp-json\/wp\/v2\/product"}],"about":[{"href":"https:\/\/www.rimocc.com\/en\/wp-json\/wp\/v2\/types\/product"}],"replies":[{"embeddable":true,"href":"https:\/\/www.rimocc.com\/en\/wp-json\/wp\/v2\/comments?post=403"}],"wp:featuredmedia":[{"embeddable":true,"href":"https:\/\/www.rimocc.com\/en\/wp-json\/wp\/v2\/media\/4822"}],"wp:attachment":[{"href":"https:\/\/www.rimocc.com\/en\/wp-json\/wp\/v2\/media?parent=403"}],"wp:term":[{"taxonomy":"product_brand","embeddable":true,"href":"https:\/\/www.rimocc.com\/en\/wp-json\/wp\/v2\/product_brand?post=403"},{"taxonomy":"product_cat","embeddable":true,"href":"https:\/\/www.rimocc.com\/en\/wp-json\/wp\/v2\/product_cat?post=403"},{"taxonomy":"product_tag","embeddable":true,"href":"https:\/\/www.rimocc.com\/en\/wp-json\/wp\/v2\/product_tag?post=403"}],"curies":[{"name":"wp","href":"https:\/\/api.w.org\/{rel}","templated":true}]}}