{"id":360,"date":"2023-06-08T21:11:59","date_gmt":"2023-06-08T21:11:59","guid":{"rendered":"https:\/\/rimocc.a2hosted.com\/product\/ludwig-supraphonic-bronze-14x65-vintage-1987-monroe\/"},"modified":"2023-06-09T14:14:39","modified_gmt":"2023-06-09T14:14:39","slug":"ludwig-supraphonic-bronze-14x65-vintage-1987-monroe","status":"publish","type":"product","link":"https:\/\/www.rimocc.com\/en\/product\/ludwig-supraphonic-bronze-14x65-vintage-1987-monroe\/","title":{"rendered":"Ludwig Supraphonic Bronze 14&Prime;x6,5&Prime; Vintage 1987 Monroe"},"content":{"rendered":"<p>Keystone Monroe Large Gold Badge<br \/>\nOctobre 87<br \/>\nTout d&rsquo;origine sauf timbre Puresound<br \/>\nB renvers\u00e9 au dessus de la molette de la sourdine<br \/>\nTr\u00e8s bon \u00e9tat g\u00e9n\u00e9ral. Le rev\u00eatement du f\u00fbt est piqu\u00e9, tr\u00e8s commun pour ce mod\u00e8le et \u00e2ge<br \/>\nL&rsquo;action du P85 est un peu dure<br \/>\nOctober 1987<br \/>\nAll original except fitted with Puresound wires<br \/>\nFeatures the reversed B above the muffler control knob<br \/>\nVery good condition overall. The coating has traces of oxydation, common for this model &amp; age<br \/>\nThe P85 action is a bit hard<br \/>\nCaisse Claire Rimocc&rsquo; Lyon<\/p>","protected":false},"excerpt":{"rendered":"<p>Keystone Monroe Large Gold Badge Octobre 87 Tout d&rsquo;origine sauf timbre Puresound B renvers\u00e9 au dessus de la molette de la sourdine Tr\u00e8s bon \u00e9tat g\u00e9n\u00e9ral. Le rev\u00eatement du f\u00fbt est piqu\u00e9, tr\u00e8s commun pour ce mod\u00e8le et \u00e2ge L&rsquo;action du P85 est un peu dure October 1987 All original except fitted with Puresound wires [&hellip;]<\/p>\n","protected":false},"featured_media":2168,"comment_status":"open","ping_status":"closed","template":"","meta":{"jetpack_publicize_message":"","jetpack_publicize_feature_enabled":true,"jetpack_social_post_already_shared":false,"jetpack_social_options":{"image_generator_settings":{"template":"highway","default_image_id":0,"font":"","enabled":false},"version":2}},"product_brand":[],"product_cat":[25],"product_tag":[],"class_list":{"0":"post-360","1":"product","2":"type-product","3":"status-publish","4":"has-post-thumbnail","6":"product_cat-caisse-claire","8":"entry","9":"has-media","11":"first","12":"outofstock","13":"shipping-taxable","14":"purchasable","15":"product-type-simple","16":"has-product-nav","17":"col","18":"span_1_of_3","19":"owp-content-center","20":"owp-thumbs-layout-horizontal","21":"owp-btn-normal","22":"owp-tabs-layout-horizontal"},"yoast_head":"<!-- This site is optimized with the Yoast SEO plugin v27.3 - https:\/\/yoast.com\/product\/yoast-seo-wordpress\/ -->\n<title>Ludwig Supraphonic Bronze 14&quot;x6,5&quot; Vintage 1987 Monroe - D\u00e9p\u00f4t Vente Batterie Percussion | Rimocc Lyon<\/title>\n<meta name=\"robots\" content=\"index, follow, max-snippet:-1, max-image-preview:large, max-video-preview:-1\" \/>\n<link rel=\"canonical\" href=\"https:\/\/www.rimocc.com\/en\/product\/ludwig-supraphonic-bronze-14x65-vintage-1987-monroe\/\" \/>\n<meta property=\"og:locale\" content=\"en_US\" \/>\n<meta property=\"og:type\" content=\"article\" \/>\n<meta property=\"og:title\" content=\"Ludwig Supraphonic Bronze 14&quot;x6,5&quot; Vintage 1987 Monroe - D\u00e9p\u00f4t Vente Batterie Percussion | Rimocc Lyon\" \/>\n<meta property=\"og:description\" content=\"Keystone Monroe Large Gold Badge Octobre 87 Tout d&rsquo;origine sauf timbre Puresound B renvers\u00e9 au dessus de la molette de la sourdine Tr\u00e8s bon \u00e9tat g\u00e9n\u00e9ral. Le rev\u00eatement du f\u00fbt est piqu\u00e9, tr\u00e8s commun pour ce mod\u00e8le et \u00e2ge L&rsquo;action du P85 est un peu dure October 1987 All original except fitted with Puresound wires [&hellip;]\" \/>\n<meta property=\"og:url\" content=\"https:\/\/www.rimocc.com\/en\/product\/ludwig-supraphonic-bronze-14x65-vintage-1987-monroe\/\" \/>\n<meta property=\"og:site_name\" content=\"D\u00e9p\u00f4t Vente Batterie Percussion | Rimocc Lyon\" \/>\n<meta property=\"article:publisher\" content=\"https:\/\/www.facebook.com\/rimocclyon\/?locale=fr_FR\" \/>\n<meta property=\"article:modified_time\" content=\"2023-06-09T14:14:39+00:00\" \/>\n<meta property=\"og:image\" content=\"https:\/\/www.rimocc.com\/wp-content\/uploads\/2023\/06\/0e6ab0_344bc91269c54b37a03cd9947cfab5dfmv2.webp\" \/>\n\t<meta property=\"og:image:width\" content=\"500\" \/>\n\t<meta property=\"og:image:height\" content=\"500\" \/>\n\t<meta property=\"og:image:type\" content=\"image\/webp\" \/>\n<meta name=\"twitter:card\" content=\"summary_large_image\" \/>\n<script type=\"application\/ld+json\" class=\"yoast-schema-graph\">{\"@context\":\"https:\\\/\\\/schema.org\",\"@graph\":[{\"@type\":\"WebPage\",\"@id\":\"https:\\\/\\\/www.rimocc.com\\\/product\\\/ludwig-supraphonic-bronze-14x65-vintage-1987-monroe\\\/\",\"url\":\"https:\\\/\\\/www.rimocc.com\\\/product\\\/ludwig-supraphonic-bronze-14x65-vintage-1987-monroe\\\/\",\"name\":\"Ludwig Supraphonic Bronze 14\\\"x6,5\\\" Vintage 1987 Monroe - D\u00e9p\u00f4t Vente Batterie Percussion | Rimocc Lyon\",\"isPartOf\":{\"@id\":\"https:\\\/\\\/www.rimocc.com\\\/#website\"},\"primaryImageOfPage\":{\"@id\":\"https:\\\/\\\/www.rimocc.com\\\/product\\\/ludwig-supraphonic-bronze-14x65-vintage-1987-monroe\\\/#primaryimage\"},\"image\":{\"@id\":\"https:\\\/\\\/www.rimocc.com\\\/product\\\/ludwig-supraphonic-bronze-14x65-vintage-1987-monroe\\\/#primaryimage\"},\"thumbnailUrl\":\"https:\\\/\\\/www.rimocc.com\\\/wp-content\\\/uploads\\\/2023\\\/06\\\/0e6ab0_344bc91269c54b37a03cd9947cfab5dfmv2.webp\",\"datePublished\":\"2023-06-08T21:11:59+00:00\",\"dateModified\":\"2023-06-09T14:14:39+00:00\",\"breadcrumb\":{\"@id\":\"https:\\\/\\\/www.rimocc.com\\\/product\\\/ludwig-supraphonic-bronze-14x65-vintage-1987-monroe\\\/#breadcrumb\"},\"inLanguage\":\"en-US\",\"potentialAction\":[{\"@type\":\"ReadAction\",\"target\":[\"https:\\\/\\\/www.rimocc.com\\\/product\\\/ludwig-supraphonic-bronze-14x65-vintage-1987-monroe\\\/\"]}]},{\"@type\":\"ImageObject\",\"inLanguage\":\"en-US\",\"@id\":\"https:\\\/\\\/www.rimocc.com\\\/product\\\/ludwig-supraphonic-bronze-14x65-vintage-1987-monroe\\\/#primaryimage\",\"url\":\"https:\\\/\\\/www.rimocc.com\\\/wp-content\\\/uploads\\\/2023\\\/06\\\/0e6ab0_344bc91269c54b37a03cd9947cfab5dfmv2.webp\",\"contentUrl\":\"https:\\\/\\\/www.rimocc.com\\\/wp-content\\\/uploads\\\/2023\\\/06\\\/0e6ab0_344bc91269c54b37a03cd9947cfab5dfmv2.webp\",\"width\":500,\"height\":500},{\"@type\":\"BreadcrumbList\",\"@id\":\"https:\\\/\\\/www.rimocc.com\\\/product\\\/ludwig-supraphonic-bronze-14x65-vintage-1987-monroe\\\/#breadcrumb\",\"itemListElement\":[{\"@type\":\"ListItem\",\"position\":1,\"name\":\"Home\",\"item\":\"https:\\\/\\\/www.rimocc.com\\\/\"},{\"@type\":\"ListItem\",\"position\":2,\"name\":\"Shop\",\"item\":\"https:\\\/\\\/www.rimocc.com\\\/shop\\\/\"},{\"@type\":\"ListItem\",\"position\":3,\"name\":\"Ludwig Supraphonic Bronze 14&#8243;x6,5&#8243; Vintage 1987 Monroe\"}]},{\"@type\":\"WebSite\",\"@id\":\"https:\\\/\\\/www.rimocc.com\\\/#website\",\"url\":\"https:\\\/\\\/www.rimocc.com\\\/\",\"name\":\"D\u00e9p\u00f4t Vente Batterie Percussion | Rimocc Lyon\",\"description\":\"Rimocc: l&#039;unique magasin d\u00e9di\u00e9 enti\u00e8rement \u00e0 la batterie, percussion d&#039;occasion et vintage \u00e0 Lyon, France\",\"publisher\":{\"@id\":\"https:\\\/\\\/www.rimocc.com\\\/#organization\"},\"alternateName\":\"Rimocc'\",\"potentialAction\":[{\"@type\":\"SearchAction\",\"target\":{\"@type\":\"EntryPoint\",\"urlTemplate\":\"https:\\\/\\\/www.rimocc.com\\\/?s={search_term_string}\"},\"query-input\":{\"@type\":\"PropertyValueSpecification\",\"valueRequired\":true,\"valueName\":\"search_term_string\"}}],\"inLanguage\":\"en-US\"},{\"@type\":\"Organization\",\"@id\":\"https:\\\/\\\/www.rimocc.com\\\/#organization\",\"name\":\"Rimocc'\",\"alternateName\":\"Rimocc\",\"url\":\"https:\\\/\\\/www.rimocc.com\\\/\",\"logo\":{\"@type\":\"ImageObject\",\"inLanguage\":\"en-US\",\"@id\":\"https:\\\/\\\/www.rimocc.com\\\/#\\\/schema\\\/logo\\\/image\\\/\",\"url\":\"https:\\\/\\\/i0.wp.com\\\/www.rimocc.com\\\/wp-content\\\/uploads\\\/2023\\\/07\\\/RIMOCC_LOGO.jpg?fit=459%2C114&ssl=1\",\"contentUrl\":\"https:\\\/\\\/i0.wp.com\\\/www.rimocc.com\\\/wp-content\\\/uploads\\\/2023\\\/07\\\/RIMOCC_LOGO.jpg?fit=459%2C114&ssl=1\",\"width\":459,\"height\":114,\"caption\":\"Rimocc'\"},\"image\":{\"@id\":\"https:\\\/\\\/www.rimocc.com\\\/#\\\/schema\\\/logo\\\/image\\\/\"},\"sameAs\":[\"https:\\\/\\\/www.facebook.com\\\/rimocclyon\\\/?locale=fr_FR\",\"https:\\\/\\\/www.instagram.com\\\/rimoccc\\\/?hl=fr\",\"https:\\\/\\\/www.tiktok.com\\\/@rimocc\",\"https:\\\/\\\/www.youtube.com\\\/@Rimocc\"]}]}<\/script>\n<!-- \/ Yoast SEO plugin. -->","yoast_head_json":{"title":"Ludwig Supraphonic Bronze 14\"x6,5\" Vintage 1987 Monroe - D\u00e9p\u00f4t Vente Batterie Percussion | Rimocc Lyon","robots":{"index":"index","follow":"follow","max-snippet":"max-snippet:-1","max-image-preview":"max-image-preview:large","max-video-preview":"max-video-preview:-1"},"canonical":"https:\/\/www.rimocc.com\/en\/product\/ludwig-supraphonic-bronze-14x65-vintage-1987-monroe\/","og_locale":"en_US","og_type":"article","og_title":"Ludwig Supraphonic Bronze 14\"x6,5\" Vintage 1987 Monroe - D\u00e9p\u00f4t Vente Batterie Percussion | Rimocc Lyon","og_description":"Keystone Monroe Large Gold Badge Octobre 87 Tout d&rsquo;origine sauf timbre Puresound B renvers\u00e9 au dessus de la molette de la sourdine Tr\u00e8s bon \u00e9tat g\u00e9n\u00e9ral. Le rev\u00eatement du f\u00fbt est piqu\u00e9, tr\u00e8s commun pour ce mod\u00e8le et \u00e2ge L&rsquo;action du P85 est un peu dure October 1987 All original except fitted with Puresound wires [&hellip;]","og_url":"https:\/\/www.rimocc.com\/en\/product\/ludwig-supraphonic-bronze-14x65-vintage-1987-monroe\/","og_site_name":"D\u00e9p\u00f4t Vente Batterie Percussion | Rimocc Lyon","article_publisher":"https:\/\/www.facebook.com\/rimocclyon\/?locale=fr_FR","article_modified_time":"2023-06-09T14:14:39+00:00","og_image":[{"width":500,"height":500,"url":"https:\/\/www.rimocc.com\/wp-content\/uploads\/2023\/06\/0e6ab0_344bc91269c54b37a03cd9947cfab5dfmv2.webp","type":"image\/webp"}],"twitter_card":"summary_large_image","schema":{"@context":"https:\/\/schema.org","@graph":[{"@type":"WebPage","@id":"https:\/\/www.rimocc.com\/product\/ludwig-supraphonic-bronze-14x65-vintage-1987-monroe\/","url":"https:\/\/www.rimocc.com\/product\/ludwig-supraphonic-bronze-14x65-vintage-1987-monroe\/","name":"Ludwig Supraphonic Bronze 14\"x6,5\" Vintage 1987 Monroe - D\u00e9p\u00f4t Vente Batterie Percussion | Rimocc Lyon","isPartOf":{"@id":"https:\/\/www.rimocc.com\/#website"},"primaryImageOfPage":{"@id":"https:\/\/www.rimocc.com\/product\/ludwig-supraphonic-bronze-14x65-vintage-1987-monroe\/#primaryimage"},"image":{"@id":"https:\/\/www.rimocc.com\/product\/ludwig-supraphonic-bronze-14x65-vintage-1987-monroe\/#primaryimage"},"thumbnailUrl":"https:\/\/www.rimocc.com\/wp-content\/uploads\/2023\/06\/0e6ab0_344bc91269c54b37a03cd9947cfab5dfmv2.webp","datePublished":"2023-06-08T21:11:59+00:00","dateModified":"2023-06-09T14:14:39+00:00","breadcrumb":{"@id":"https:\/\/www.rimocc.com\/product\/ludwig-supraphonic-bronze-14x65-vintage-1987-monroe\/#breadcrumb"},"inLanguage":"en-US","potentialAction":[{"@type":"ReadAction","target":["https:\/\/www.rimocc.com\/product\/ludwig-supraphonic-bronze-14x65-vintage-1987-monroe\/"]}]},{"@type":"ImageObject","inLanguage":"en-US","@id":"https:\/\/www.rimocc.com\/product\/ludwig-supraphonic-bronze-14x65-vintage-1987-monroe\/#primaryimage","url":"https:\/\/www.rimocc.com\/wp-content\/uploads\/2023\/06\/0e6ab0_344bc91269c54b37a03cd9947cfab5dfmv2.webp","contentUrl":"https:\/\/www.rimocc.com\/wp-content\/uploads\/2023\/06\/0e6ab0_344bc91269c54b37a03cd9947cfab5dfmv2.webp","width":500,"height":500},{"@type":"BreadcrumbList","@id":"https:\/\/www.rimocc.com\/product\/ludwig-supraphonic-bronze-14x65-vintage-1987-monroe\/#breadcrumb","itemListElement":[{"@type":"ListItem","position":1,"name":"Home","item":"https:\/\/www.rimocc.com\/"},{"@type":"ListItem","position":2,"name":"Shop","item":"https:\/\/www.rimocc.com\/shop\/"},{"@type":"ListItem","position":3,"name":"Ludwig Supraphonic Bronze 14&#8243;x6,5&#8243; Vintage 1987 Monroe"}]},{"@type":"WebSite","@id":"https:\/\/www.rimocc.com\/#website","url":"https:\/\/www.rimocc.com\/","name":"D\u00e9p\u00f4t Vente Batterie Percussion | Rimocc Lyon","description":"Rimocc: l&#039;unique magasin d\u00e9di\u00e9 enti\u00e8rement \u00e0 la batterie, percussion d&#039;occasion et vintage \u00e0 Lyon, France","publisher":{"@id":"https:\/\/www.rimocc.com\/#organization"},"alternateName":"Rimocc'","potentialAction":[{"@type":"SearchAction","target":{"@type":"EntryPoint","urlTemplate":"https:\/\/www.rimocc.com\/?s={search_term_string}"},"query-input":{"@type":"PropertyValueSpecification","valueRequired":true,"valueName":"search_term_string"}}],"inLanguage":"en-US"},{"@type":"Organization","@id":"https:\/\/www.rimocc.com\/#organization","name":"Rimocc'","alternateName":"Rimocc","url":"https:\/\/www.rimocc.com\/","logo":{"@type":"ImageObject","inLanguage":"en-US","@id":"https:\/\/www.rimocc.com\/#\/schema\/logo\/image\/","url":"https:\/\/i0.wp.com\/www.rimocc.com\/wp-content\/uploads\/2023\/07\/RIMOCC_LOGO.jpg?fit=459%2C114&ssl=1","contentUrl":"https:\/\/i0.wp.com\/www.rimocc.com\/wp-content\/uploads\/2023\/07\/RIMOCC_LOGO.jpg?fit=459%2C114&ssl=1","width":459,"height":114,"caption":"Rimocc'"},"image":{"@id":"https:\/\/www.rimocc.com\/#\/schema\/logo\/image\/"},"sameAs":["https:\/\/www.facebook.com\/rimocclyon\/?locale=fr_FR","https:\/\/www.instagram.com\/rimoccc\/?hl=fr","https:\/\/www.tiktok.com\/@rimocc","https:\/\/www.youtube.com\/@Rimocc"]}]}},"jetpack_publicize_connections":[],"jetpack_sharing_enabled":true,"_links":{"self":[{"href":"https:\/\/www.rimocc.com\/en\/wp-json\/wp\/v2\/product\/360","targetHints":{"allow":["GET"]}}],"collection":[{"href":"https:\/\/www.rimocc.com\/en\/wp-json\/wp\/v2\/product"}],"about":[{"href":"https:\/\/www.rimocc.com\/en\/wp-json\/wp\/v2\/types\/product"}],"replies":[{"embeddable":true,"href":"https:\/\/www.rimocc.com\/en\/wp-json\/wp\/v2\/comments?post=360"}],"wp:featuredmedia":[{"embeddable":true,"href":"https:\/\/www.rimocc.com\/en\/wp-json\/wp\/v2\/media\/2168"}],"wp:attachment":[{"href":"https:\/\/www.rimocc.com\/en\/wp-json\/wp\/v2\/media?parent=360"}],"wp:term":[{"taxonomy":"product_brand","embeddable":true,"href":"https:\/\/www.rimocc.com\/en\/wp-json\/wp\/v2\/product_brand?post=360"},{"taxonomy":"product_cat","embeddable":true,"href":"https:\/\/www.rimocc.com\/en\/wp-json\/wp\/v2\/product_cat?post=360"},{"taxonomy":"product_tag","embeddable":true,"href":"https:\/\/www.rimocc.com\/en\/wp-json\/wp\/v2\/product_tag?post=360"}],"curies":[{"name":"wp","href":"https:\/\/api.w.org\/{rel}","templated":true}]}}