{"id":17831,"date":"2026-04-22T16:30:31","date_gmt":"2026-04-22T14:30:31","guid":{"rendered":"https:\/\/www.rimocc.com\/?post_type=product&#038;p=17831"},"modified":"2026-04-22T17:53:22","modified_gmt":"2026-04-22T15:53:22","slug":"garrahand-double-sac-de-transport-jack-xlr","status":"publish","type":"product","link":"https:\/\/www.rimocc.com\/en\/product\/garrahand-double-sac-de-transport-jack-xlr\/","title":{"rendered":"Garrahand (double) + sac de transport + Jack\/XLR"},"content":{"rendered":"<p>Garrahand (double) + sac de transport + Jack\/XLR<br \/>\nTr\u00e8s bon \u00e9tat g\u00e9n\u00e9ral<\/p>\n<p><strong>\u00ab\u00a0IMPORTANT\u00a0\u00bb: pour un envoi, merci de s\u00e9lectionner imp\u00e9rativement l&rsquo;option La Poste Colissimo avec signature afin que l&rsquo;assurance compl\u00e8te soit inclue (ne pas s\u00e9lectionner Mondial Relay)<br \/>\n<em>\u00ab\u00a0IMPORTANT: For shipping, please ensure you select the &lsquo;La Poste Colissimo with signature&rsquo; option to guarantee full insurance coverage. (Do not select Mondial Relay).\u00a0\u00bb<\/em><\/strong><\/p>\n<p><strong>Informations techniques:<\/strong><br \/>\n&#8211; Syst\u00e8me de microphone exclusif (brevet\u00e9)<br \/>\n&#8211; Sortie jack<br \/>\n&#8211; Sortie XLR avec direct box int\u00e9gr\u00e9e<br \/>\n&#8211; Pottar de r\u00e9glage du volume<br \/>\n&#8211; sourdine modulable<br \/>\n&#8211; Orifice de fixation sur pied de cymbale<br \/>\n&#8211; 7 lames (d\u00e9coupe assist\u00e9e par ordinateur)<br \/>\n&#8211; Accordage ind\u00e9pendant des lames rapide et facile<br \/>\n&#8211; Fond modulable (jeu avec ou sans fond)<br \/>\n&#8211; Diam\u00e8tre 24 cm et hauteur 18 cm<\/p>\n<p>Amplitude d&rsquo;accordage du garrahand:<br \/>\n1\u00e8re lame: 6 demi-tons de DO# \u00e0 FA# (quarte)<br \/>\n2\u00e8me lame: 6 demi-tons de MI \u00e0 LA (quarte)<br \/>\n3\u00e8me lame: 6 demi-tons de LA# \u00e0 RE# (quarte)<br \/>\n4\u00e8me lame: 5 demi-tons de RE \u00e0 FA# (tierce majeure)<br \/>\n5\u00e8me lame: 6 demi-tons de MI \u00e0 LA (quarte)<br \/>\n6\u00e8me lame: 6 demi-tons de SOL# \u00e0 DO# (quarte)<br \/>\n7\u00e8me lame: 6 demi-tons de SI \u00e0 FA (quinte augment\u00e9e)<\/p>\n<p>L&rsquo;amplitude compl\u00e8te du garrahand est de deux octaves et cinq demi-tons (de DO#1 \u00e0 DO#2 \u00e0 DO#3 \u00e0 FA) ou 29 demi-tons.<\/p>\n<div id=\"model-response-message-contentr_57903a6bf515d829\" class=\"markdown markdown-main-panel enable-updated-hr-color\" dir=\"ltr\" aria-live=\"off\" aria-busy=\"false\">\n<p data-path-to-node=\"6\">Le <b data-path-to-node=\"6\" data-index-in-node=\"3\">Garrahand<\/b> est un instrument de percussion m\u00e9tallique appartenant \u00e0 la famille des <i data-path-to-node=\"6\" data-index-in-node=\"85\">steel tongue drums<\/i>, mais dont la conception s&rsquo;inspire du Hang et de l&rsquo;Udu. Contrairement aux mod\u00e8les circulaires classiques, le Garrahand double pr\u00e9sente une architecture ergonomique unique permettant une polyvalence de jeu accrue. Le f\u00fbt est \u00e9labor\u00e9 \u00e0 partir d&rsquo;un alliage d&rsquo;acier trait\u00e9 thermiquement pour stabiliser les propri\u00e9t\u00e9s \u00e9lastiques du m\u00e9tal. En raison de sa configuration \u00ab\u00a0double\u00a0\u00bb, l&rsquo;instrument dispose de deux surfaces de frappe distinctes, optimisant ainsi la tessiture m\u00e9lodique disponible pour le percussionniste.<\/p>\n<h3 data-path-to-node=\"7\">Caract\u00e9ristiques m\u00e9caniques des lamelles et r\u00e9sonance physique<\/h3>\n<p data-path-to-node=\"8\">L&rsquo;ing\u00e9nierie de cet instrument repose sur le d\u00e9coupage laser de pr\u00e9cision des lamelles (ou langues) vibrantes. En effet, chaque \u00e9l\u00e9ment est calibr\u00e9 pour une fr\u00e9quence sp\u00e9cifique :<\/p>\n<ul data-path-to-node=\"9\">\n<li>\n<p data-path-to-node=\"9,0,0\"><b data-path-to-node=\"9,0,0\" data-index-in-node=\"0\">Syst\u00e8me de d\u00e9coupe harmonique :<\/b> Les lamelles sont con\u00e7ues pour g\u00e9n\u00e9rer une note fondamentale ainsi que des harmoniques contr\u00f4l\u00e9es. Par cons\u00e9quent, la puret\u00e9 du son est pr\u00e9serv\u00e9e m\u00eame lors de frappes dynamiques.<\/p>\n<\/li>\n<li>\n<p data-path-to-node=\"9,1,0\"><b data-path-to-node=\"9,1,0\" data-index-in-node=\"0\">Rev\u00eatement de surface technique :<\/b> L&rsquo;acier est recouvert d&rsquo;une finition textur\u00e9e qui influence la friction entre la main et l&rsquo;instrument. Ainsi, les techniques de roulements et de pressions (bending) sont facilit\u00e9es.<\/p>\n<\/li>\n<li>\n<p data-path-to-node=\"9,2,0\"><b data-path-to-node=\"9,2,0\" data-index-in-node=\"0\">Ouverture de d\u00e9compression acoustique :<\/b> La base de l&rsquo;instrument int\u00e8gre un \u00e9vent permettant le d\u00e9placement de l&rsquo;air interne. En r\u00e9sum\u00e9, cette ouverture assure une projection sonore optimale des basses fr\u00e9quences.<\/p>\n<\/li>\n<\/ul>\n<hr data-path-to-node=\"10\" \/>\n<h2 data-path-to-node=\"11\">Composants \u00e9lectroniques et connectique professionnelle Jack\/XLR<\/h2>\n<p data-path-to-node=\"12\">L&rsquo;une des sp\u00e9cificit\u00e9s majeures du <b data-path-to-node=\"12\" data-index-in-node=\"35\">Garrahand<\/b> r\u00e9side dans son syst\u00e8me de captation sonore interne. Puisque l&rsquo;instrument est destin\u00e9 \u00e0 la fois aux performances acoustiques et amplifi\u00e9es, l&rsquo;int\u00e9gration de l&rsquo;\u00e9lectronique est un point critique de sa fiche technique.<\/p>\n<h3 data-path-to-node=\"13\">Analyse du syst\u00e8me de pr\u00e9amplification et sortie sym\u00e9trique<\/h3>\n<p data-path-to-node=\"14\">L&rsquo;instrument est \u00e9quip\u00e9 de capteurs pi\u00e9zo\u00e9lectriques internes positionn\u00e9s de mani\u00e8re \u00e0 capturer uniform\u00e9ment les vibrations des deux surfaces de frappe.<\/p>\n<ol start=\"1\" data-path-to-node=\"15\">\n<li>\n<p data-path-to-node=\"15,0,0\"><b data-path-to-node=\"15,0,0\" data-index-in-node=\"0\">Transducteurs haute fid\u00e9lit\u00e9 :<\/b> Les capteurs sont isol\u00e9s pour minimiser les bruits de manipulation m\u00e9canique du f\u00fbt. Par ailleurs, la r\u00e9ponse en fr\u00e9quence est optimis\u00e9e pour restituer la chaleur naturelle du m\u00e9tal.<\/p>\n<\/li>\n<li>\n<p data-path-to-node=\"15,1,0\"><b data-path-to-node=\"15,1,0\" data-index-in-node=\"0\">Interface de sortie hybride :<\/b> L&rsquo;unit\u00e9 int\u00e8gre une connectique permettant l&rsquo;utilisation de c\u00e2bles <b data-path-to-node=\"15,1,0\" data-index-in-node=\"97\">Jack 6.35 mm<\/b> (asym\u00e9trique) ou <b data-path-to-node=\"15,1,0\" data-index-in-node=\"127\">XLR<\/b> (sym\u00e9trique). En cons\u00e9quence, le Garrahand peut \u00eatre branch\u00e9 directement sur une console de mixage, une carte son ou un amplificateur sans perte de signal.<\/p>\n<\/li>\n<li>\n<p data-path-to-node=\"15,2,0\"><b data-path-to-node=\"15,2,0\" data-index-in-node=\"0\">Contr\u00f4le de l&rsquo;imp\u00e9dance :<\/b> Le circuit interne stabilise le signal de sortie. Ainsi, l&rsquo;instrument conserve son int\u00e9grit\u00e9 acoustique sur de longues distances de c\u00e2blage.<\/p>\n<\/li>\n<\/ol>\n<hr data-path-to-node=\"16\" \/>\n<h3 data-path-to-node=\"2\">M\u00e9canisme de modification de la fr\u00e9quence vibratoire<\/h3>\n<p data-path-to-node=\"3\">Le Garrahand utilise un syst\u00e8me de <b data-path-to-node=\"3\" data-index-in-node=\"35\">curseurs ou aimants n\u00e9odyme<\/b> (selon la g\u00e9n\u00e9ration du mod\u00e8le) situ\u00e9s \u00e0 l&rsquo;int\u00e9rieur du f\u00fbt, sous les lamelles de m\u00e9tal. Ce dispositif modifie la masse de la langue vibrante, ce qui alt\u00e8re ses propri\u00e9t\u00e9s cin\u00e9matiques :<\/p>\n<ul data-path-to-node=\"4\">\n<li>\n<p data-path-to-node=\"4,0,0\"><b data-path-to-node=\"4,0,0\" data-index-in-node=\"0\">Ajustement de la masse oscillante :<\/b> En d\u00e9pla\u00e7ant l&rsquo;\u00e9l\u00e9ment mobile vers l&rsquo;extr\u00e9mit\u00e9 de la lamelle, la fr\u00e9quence de vibration diminue (note plus grave). Inversement, le retrait vers la base augmente la tension per\u00e7ue, produisant une note plus aigu\u00eb.<\/p>\n<\/li>\n<li>\n<p data-path-to-node=\"4,1,0\"><b data-path-to-node=\"4,1,0\" data-index-in-node=\"0\">Stabilit\u00e9 magn\u00e9tique :<\/b> Les aimants de haute puissance garantissent que l&rsquo;accordage reste stable malgr\u00e9 les impacts physiques r\u00e9p\u00e9t\u00e9s. Par cons\u00e9quent, l&rsquo;instrument ne se d\u00e9saccorde pas lors de sessions de jeu intensives.<\/p>\n<\/li>\n<\/ul>\n<h3 data-path-to-node=\"5\">Polyvalence des gammes et micro-accordage<\/h3>\n<p data-path-to-node=\"6\">L&rsquo;architecture du Garrahand permet au musicien de passer d&rsquo;une gamme \u00e0 une autre sans n\u00e9cessiter d&rsquo;outils complexes de forgeage.<\/p>\n<ol start=\"1\" data-path-to-node=\"7\">\n<li>\n<p data-path-to-node=\"7,0,0\"><b data-path-to-node=\"7,0,0\" data-index-in-node=\"0\">Changement de mode :<\/b> Puisque chaque lamelle peut \u00eatre ajust\u00e9e individuellement sur une plage d&rsquo;un demi-ton \u00e0 un ton complet, il est possible de modifier la structure modale de l&rsquo;instrument (passer d&rsquo;une gamme majeure \u00e0 mineure, ou pentatonique).<\/p>\n<\/li>\n<li>\n<p data-path-to-node=\"7,1,0\"><b data-path-to-node=\"7,1,0\" data-index-in-node=\"0\">Compensation thermique :<\/b> Comme l&rsquo;acier r\u00e9agit aux variations de temp\u00e9rature (le froid contracte le m\u00e9tal et rend la note plus aigu\u00eb), le syst\u00e8me de r\u00e9glage permet d&rsquo;effectuer un micro-accordage de compensation. En cons\u00e9quence, la pr\u00e9cision tonale est maintenue quel que soit l&rsquo;environnement de performance.<\/p>\n<\/li>\n<\/ol>\n<h3 data-path-to-node=\"8\">Diagnostic de la pr\u00e9cision harmonique<\/h3>\n<p data-path-to-node=\"9\">En r\u00e9sum\u00e9, la capacit\u00e9 d&rsquo;accordage du Garrahand repose sur une modification contr\u00f4l\u00e9e de la <b data-path-to-node=\"9\" data-index-in-node=\"92\">fr\u00e9quence de r\u00e9sonance<\/b> des langues. Par ailleurs, cette flexibilit\u00e9 technique permet d&rsquo;accorder l&rsquo;instrument au standard <b data-path-to-node=\"9\" data-index-in-node=\"213\">440 Hz<\/b> ou de basculer vers le <b data-path-to-node=\"9\" data-index-in-node=\"243\">432 Hz<\/b> selon les besoins acoustiques. Ainsi, les caract\u00e9ristiques physiques du Garrahand en font l&rsquo;un des rares <i data-path-to-node=\"9\" data-index-in-node=\"355\">tongue drums<\/i> du march\u00e9 \u00e0 offrir une telle mall\u00e9abilit\u00e9 fr\u00e9quentielle.<\/p>\n<h2 data-path-to-node=\"17\">Accessoires de protection et transport : Le sac de transport renforc\u00e9<\/h2>\n<p data-path-to-node=\"18\">Pour maintenir l&rsquo;int\u00e9grit\u00e9 de l&rsquo;instrument et de son \u00e9lectronique, le <b data-path-to-node=\"18\" data-index-in-node=\"70\">Garrahand<\/b> est accompagn\u00e9 d&rsquo;un sac de transport technique.<\/p>\n<ul data-path-to-node=\"19\">\n<li>\n<p data-path-to-node=\"19,0,0\"><b data-path-to-node=\"19,0,0\" data-index-in-node=\"0\">Composition textile :<\/b> Le sac est fabriqu\u00e9 en nylon haute densit\u00e9 (Cordura) avec un rembourrage en mousse de polyur\u00e9thane.<\/p>\n<\/li>\n<li>\n<p data-path-to-node=\"19,1,0\"><b data-path-to-node=\"19,1,0\" data-index-in-node=\"0\">Compartimentation auxiliaire :<\/b> Des poches d\u00e9di\u00e9es permettent le rangement s\u00e9curis\u00e9 des c\u00e2bles <b data-path-to-node=\"19,1,0\" data-index-in-node=\"94\">Jack\/XLR<\/b>.<\/p>\n<\/li>\n<li>\n<p data-path-to-node=\"19,2,0\"><b data-path-to-node=\"19,2,0\" data-index-in-node=\"0\">Propri\u00e9t\u00e9s thermiques :<\/b> Le sac limite les chocs thermiques. En r\u00e9sum\u00e9, il prot\u00e8ge l&rsquo;acier des variations de temp\u00e9rature qui pourraient alt\u00e9rer l&rsquo;accordage des lamelles.<\/p>\n<\/li>\n<\/ul>\n<hr data-path-to-node=\"20\" \/>\n<h2 data-path-to-node=\"21\">Histoire de la manufacture Garrahand et innovation argentine<\/h2>\n<p data-path-to-node=\"22\">Le <b data-path-to-node=\"22\" data-index-in-node=\"3\">Garrahand<\/b> est le fruit du travail de recherche de l&rsquo;inventeur et musicien argentin <b data-path-to-node=\"22\" data-index-in-node=\"86\">Fernando Garra<\/b>. Cr\u00e9\u00e9 au d\u00e9but des ann\u00e9es 2000, cet instrument est n\u00e9 de la volont\u00e9 de fusionner les propri\u00e9t\u00e9s m\u00e9lodiques des tambours \u00e0 languettes avec la portabilit\u00e9 et les capacit\u00e9s de branchement des instruments modernes.<\/p>\n<h3 data-path-to-node=\"23\">\u00c9volution technologique du Tongue Drum \u00e9lectronique<\/h3>\n<p data-path-to-node=\"24\">Le d\u00e9veloppement du Garrahand a marqu\u00e9 une transition importante dans le monde de la percussion intuitive. Si les premiers mod\u00e8les \u00e9taient purement acoustiques, l&rsquo;introduction de la connectique Jack\/XLR a permis aux musiciens de session d&rsquo;int\u00e9grer des effets (delay, reverb) de mani\u00e8re fluide. En r\u00e9sum\u00e9, la manufacture a r\u00e9ussi \u00e0 standardiser un instrument artisanal pour r\u00e9pondre aux contraintes techniques de la sc\u00e8ne et du studio.<\/p>\n<p><a href=\"https:\/\/www.rimocc.com\/en\/product-category\/percussions\/\">https:\/\/www.rimocc.com\/product-category\/percussions\/<\/a><\/p>\n<p class=\"responsive-video-wrap clr\"><iframe title=\"Garrahand double @Rimocc\" width=\"563\" height=\"1000\" src=\"https:\/\/www.youtube.com\/embed\/5UKmiAGT6Ks?feature=oembed\" frameborder=\"0\" allow=\"accelerometer; autoplay; clipboard-write; encrypted-media; gyroscope; picture-in-picture; web-share\" referrerpolicy=\"strict-origin-when-cross-origin\" allowfullscreen><\/iframe><\/p>\n<\/div>","protected":false},"excerpt":{"rendered":"<p>Garrahand (double) + sac de transport + Jack\/XLR Tr\u00e8s bon \u00e9tat g\u00e9n\u00e9ral \u00ab\u00a0IMPORTANT\u00a0\u00bb: pour un envoi, merci de s\u00e9lectionner imp\u00e9rativement l&rsquo;option La Poste Colissimo avec signature afin que l&rsquo;assurance compl\u00e8te soit inclue (ne pas s\u00e9lectionner Mondial Relay) \u00ab\u00a0IMPORTANT: For shipping, please ensure you select the &lsquo;La Poste Colissimo with signature&rsquo; option to guarantee full insurance [&hellip;]<\/p>\n","protected":false},"featured_media":17830,"comment_status":"open","ping_status":"closed","template":"","meta":{"jetpack_publicize_message":"","jetpack_publicize_feature_enabled":true,"jetpack_social_post_already_shared":true,"jetpack_social_options":{"image_generator_settings":{"template":"highway","default_image_id":0,"font":"","enabled":false},"version":2}},"product_brand":[],"product_cat":[16],"product_tag":[],"class_list":{"0":"post-17831","1":"product","2":"type-product","3":"status-publish","4":"has-post-thumbnail","6":"product_cat-percussions","8":"entry","9":"has-media","11":"first","12":"instock","13":"shipping-taxable","14":"purchasable","15":"product-type-simple","16":"has-product-nav","17":"col","18":"span_1_of_3","19":"owp-content-center","20":"owp-thumbs-layout-horizontal","21":"owp-btn-normal","22":"owp-tabs-layout-horizontal"},"yoast_head":"<!-- This site is optimized with the Yoast SEO plugin v27.4 - https:\/\/yoast.com\/product\/yoast-seo-wordpress\/ -->\n<title>Garrahand (double) + sac de transport + Jack\/XLR - D\u00e9p\u00f4t Vente Batterie Percussion | Rimocc Lyon<\/title>\n<meta name=\"description\" content=\"Garrahand double, une percussion m\u00e9lodique unique avec \u00e9lectronique int\u00e9gr\u00e9e Jack\/XLR. Structure robuste en acier pour un son pur et puissant.\" \/>\n<meta name=\"robots\" content=\"index, follow, max-snippet:-1, max-image-preview:large, max-video-preview:-1\" \/>\n<link rel=\"canonical\" href=\"https:\/\/www.rimocc.com\/en\/product\/garrahand-double-sac-de-transport-jack-xlr\/\" \/>\n<meta property=\"og:locale\" content=\"en_US\" \/>\n<meta property=\"og:type\" content=\"article\" \/>\n<meta property=\"og:title\" content=\"Garrahand (double) + sac de transport + Jack\/XLR - D\u00e9p\u00f4t Vente Batterie Percussion | Rimocc Lyon\" \/>\n<meta property=\"og:description\" content=\"Garrahand double, une percussion m\u00e9lodique unique avec \u00e9lectronique int\u00e9gr\u00e9e Jack\/XLR. Structure robuste en acier pour un son pur et puissant.\" \/>\n<meta property=\"og:url\" content=\"https:\/\/www.rimocc.com\/en\/product\/garrahand-double-sac-de-transport-jack-xlr\/\" \/>\n<meta property=\"og:site_name\" content=\"D\u00e9p\u00f4t Vente Batterie Percussion | Rimocc Lyon\" \/>\n<meta property=\"article:publisher\" content=\"https:\/\/www.facebook.com\/rimocclyon\/?locale=fr_FR\" \/>\n<meta property=\"article:modified_time\" content=\"2026-04-22T15:53:22+00:00\" \/>\n<meta property=\"og:image\" content=\"https:\/\/www.rimocc.com\/wp-content\/uploads\/2026\/04\/Garrahand-double1-1024x1024.jpg\" \/>\n\t<meta property=\"og:image:width\" content=\"1024\" \/>\n\t<meta property=\"og:image:height\" content=\"1024\" \/>\n\t<meta property=\"og:image:type\" content=\"image\/jpeg\" \/>\n<meta name=\"twitter:card\" content=\"summary_large_image\" \/>\n<meta name=\"twitter:label1\" content=\"Est. reading time\" \/>\n\t<meta name=\"twitter:data1\" content=\"5 minutes\" \/>\n<script type=\"application\/ld+json\" class=\"yoast-schema-graph\">{\"@context\":\"https:\\\/\\\/schema.org\",\"@graph\":[{\"@type\":\"WebPage\",\"@id\":\"https:\\\/\\\/www.rimocc.com\\\/product\\\/garrahand-double-sac-de-transport-jack-xlr\\\/\",\"url\":\"https:\\\/\\\/www.rimocc.com\\\/product\\\/garrahand-double-sac-de-transport-jack-xlr\\\/\",\"name\":\"Garrahand (double) + sac de transport + Jack\\\/XLR - D\u00e9p\u00f4t Vente Batterie Percussion | Rimocc Lyon\",\"isPartOf\":{\"@id\":\"https:\\\/\\\/www.rimocc.com\\\/#website\"},\"primaryImageOfPage\":{\"@id\":\"https:\\\/\\\/www.rimocc.com\\\/product\\\/garrahand-double-sac-de-transport-jack-xlr\\\/#primaryimage\"},\"image\":{\"@id\":\"https:\\\/\\\/www.rimocc.com\\\/product\\\/garrahand-double-sac-de-transport-jack-xlr\\\/#primaryimage\"},\"thumbnailUrl\":\"https:\\\/\\\/www.rimocc.com\\\/wp-content\\\/uploads\\\/2026\\\/04\\\/Garrahand-double1.jpg\",\"datePublished\":\"2026-04-22T14:30:31+00:00\",\"dateModified\":\"2026-04-22T15:53:22+00:00\",\"description\":\"Garrahand double, une percussion m\u00e9lodique unique avec \u00e9lectronique int\u00e9gr\u00e9e Jack\\\/XLR. Structure robuste en acier pour un son pur et puissant.\",\"breadcrumb\":{\"@id\":\"https:\\\/\\\/www.rimocc.com\\\/product\\\/garrahand-double-sac-de-transport-jack-xlr\\\/#breadcrumb\"},\"inLanguage\":\"en-US\",\"potentialAction\":[{\"@type\":\"ReadAction\",\"target\":[\"https:\\\/\\\/www.rimocc.com\\\/product\\\/garrahand-double-sac-de-transport-jack-xlr\\\/\"]}]},{\"@type\":\"ImageObject\",\"inLanguage\":\"en-US\",\"@id\":\"https:\\\/\\\/www.rimocc.com\\\/product\\\/garrahand-double-sac-de-transport-jack-xlr\\\/#primaryimage\",\"url\":\"https:\\\/\\\/www.rimocc.com\\\/wp-content\\\/uploads\\\/2026\\\/04\\\/Garrahand-double1.jpg\",\"contentUrl\":\"https:\\\/\\\/www.rimocc.com\\\/wp-content\\\/uploads\\\/2026\\\/04\\\/Garrahand-double1.jpg\",\"width\":1920,\"height\":1920,\"caption\":\"Garrahand (double)\"},{\"@type\":\"BreadcrumbList\",\"@id\":\"https:\\\/\\\/www.rimocc.com\\\/product\\\/garrahand-double-sac-de-transport-jack-xlr\\\/#breadcrumb\",\"itemListElement\":[{\"@type\":\"ListItem\",\"position\":1,\"name\":\"Home\",\"item\":\"https:\\\/\\\/www.rimocc.com\\\/\"},{\"@type\":\"ListItem\",\"position\":2,\"name\":\"Shop\",\"item\":\"https:\\\/\\\/www.rimocc.com\\\/shop\\\/\"},{\"@type\":\"ListItem\",\"position\":3,\"name\":\"Garrahand (double) + sac de transport + Jack\\\/XLR\"}]},{\"@type\":\"WebSite\",\"@id\":\"https:\\\/\\\/www.rimocc.com\\\/#website\",\"url\":\"https:\\\/\\\/www.rimocc.com\\\/\",\"name\":\"D\u00e9p\u00f4t Vente Batterie Percussion | Rimocc Lyon\",\"description\":\"Rimocc: l&#039;unique magasin d\u00e9di\u00e9 enti\u00e8rement \u00e0 la batterie, percussion d&#039;occasion et vintage \u00e0 Lyon, France\",\"publisher\":{\"@id\":\"https:\\\/\\\/www.rimocc.com\\\/#organization\"},\"alternateName\":\"Rimocc'\",\"potentialAction\":[{\"@type\":\"SearchAction\",\"target\":{\"@type\":\"EntryPoint\",\"urlTemplate\":\"https:\\\/\\\/www.rimocc.com\\\/?s={search_term_string}\"},\"query-input\":{\"@type\":\"PropertyValueSpecification\",\"valueRequired\":true,\"valueName\":\"search_term_string\"}}],\"inLanguage\":\"en-US\"},{\"@type\":\"Organization\",\"@id\":\"https:\\\/\\\/www.rimocc.com\\\/#organization\",\"name\":\"Rimocc'\",\"alternateName\":\"Rimocc\",\"url\":\"https:\\\/\\\/www.rimocc.com\\\/\",\"logo\":{\"@type\":\"ImageObject\",\"inLanguage\":\"en-US\",\"@id\":\"https:\\\/\\\/www.rimocc.com\\\/#\\\/schema\\\/logo\\\/image\\\/\",\"url\":\"https:\\\/\\\/i0.wp.com\\\/www.rimocc.com\\\/wp-content\\\/uploads\\\/2023\\\/07\\\/RIMOCC_LOGO.jpg?fit=459%2C114&ssl=1\",\"contentUrl\":\"https:\\\/\\\/i0.wp.com\\\/www.rimocc.com\\\/wp-content\\\/uploads\\\/2023\\\/07\\\/RIMOCC_LOGO.jpg?fit=459%2C114&ssl=1\",\"width\":459,\"height\":114,\"caption\":\"Rimocc'\"},\"image\":{\"@id\":\"https:\\\/\\\/www.rimocc.com\\\/#\\\/schema\\\/logo\\\/image\\\/\"},\"sameAs\":[\"https:\\\/\\\/www.facebook.com\\\/rimocclyon\\\/?locale=fr_FR\",\"https:\\\/\\\/www.instagram.com\\\/rimoccc\\\/?hl=fr\",\"https:\\\/\\\/www.tiktok.com\\\/@rimocc\",\"https:\\\/\\\/www.youtube.com\\\/@Rimocc\"]}]}<\/script>\n<!-- \/ Yoast SEO plugin. -->","yoast_head_json":{"title":"Garrahand (double) + sac de transport + Jack\/XLR - D\u00e9p\u00f4t Vente Batterie Percussion | Rimocc Lyon","description":"Garrahand double, une percussion m\u00e9lodique unique avec \u00e9lectronique int\u00e9gr\u00e9e Jack\/XLR. Structure robuste en acier pour un son pur et puissant.","robots":{"index":"index","follow":"follow","max-snippet":"max-snippet:-1","max-image-preview":"max-image-preview:large","max-video-preview":"max-video-preview:-1"},"canonical":"https:\/\/www.rimocc.com\/en\/product\/garrahand-double-sac-de-transport-jack-xlr\/","og_locale":"en_US","og_type":"article","og_title":"Garrahand (double) + sac de transport + Jack\/XLR - D\u00e9p\u00f4t Vente Batterie Percussion | Rimocc Lyon","og_description":"Garrahand double, une percussion m\u00e9lodique unique avec \u00e9lectronique int\u00e9gr\u00e9e Jack\/XLR. Structure robuste en acier pour un son pur et puissant.","og_url":"https:\/\/www.rimocc.com\/en\/product\/garrahand-double-sac-de-transport-jack-xlr\/","og_site_name":"D\u00e9p\u00f4t Vente Batterie Percussion | Rimocc Lyon","article_publisher":"https:\/\/www.facebook.com\/rimocclyon\/?locale=fr_FR","article_modified_time":"2026-04-22T15:53:22+00:00","og_image":[{"width":1024,"height":1024,"url":"https:\/\/www.rimocc.com\/wp-content\/uploads\/2026\/04\/Garrahand-double1-1024x1024.jpg","type":"image\/jpeg"}],"twitter_card":"summary_large_image","twitter_misc":{"Est. reading time":"5 minutes"},"schema":{"@context":"https:\/\/schema.org","@graph":[{"@type":"WebPage","@id":"https:\/\/www.rimocc.com\/product\/garrahand-double-sac-de-transport-jack-xlr\/","url":"https:\/\/www.rimocc.com\/product\/garrahand-double-sac-de-transport-jack-xlr\/","name":"Garrahand (double) + sac de transport + Jack\/XLR - D\u00e9p\u00f4t Vente Batterie Percussion | Rimocc Lyon","isPartOf":{"@id":"https:\/\/www.rimocc.com\/#website"},"primaryImageOfPage":{"@id":"https:\/\/www.rimocc.com\/product\/garrahand-double-sac-de-transport-jack-xlr\/#primaryimage"},"image":{"@id":"https:\/\/www.rimocc.com\/product\/garrahand-double-sac-de-transport-jack-xlr\/#primaryimage"},"thumbnailUrl":"https:\/\/www.rimocc.com\/wp-content\/uploads\/2026\/04\/Garrahand-double1.jpg","datePublished":"2026-04-22T14:30:31+00:00","dateModified":"2026-04-22T15:53:22+00:00","description":"Garrahand double, une percussion m\u00e9lodique unique avec \u00e9lectronique int\u00e9gr\u00e9e Jack\/XLR. Structure robuste en acier pour un son pur et puissant.","breadcrumb":{"@id":"https:\/\/www.rimocc.com\/product\/garrahand-double-sac-de-transport-jack-xlr\/#breadcrumb"},"inLanguage":"en-US","potentialAction":[{"@type":"ReadAction","target":["https:\/\/www.rimocc.com\/product\/garrahand-double-sac-de-transport-jack-xlr\/"]}]},{"@type":"ImageObject","inLanguage":"en-US","@id":"https:\/\/www.rimocc.com\/product\/garrahand-double-sac-de-transport-jack-xlr\/#primaryimage","url":"https:\/\/www.rimocc.com\/wp-content\/uploads\/2026\/04\/Garrahand-double1.jpg","contentUrl":"https:\/\/www.rimocc.com\/wp-content\/uploads\/2026\/04\/Garrahand-double1.jpg","width":1920,"height":1920,"caption":"Garrahand (double)"},{"@type":"BreadcrumbList","@id":"https:\/\/www.rimocc.com\/product\/garrahand-double-sac-de-transport-jack-xlr\/#breadcrumb","itemListElement":[{"@type":"ListItem","position":1,"name":"Home","item":"https:\/\/www.rimocc.com\/"},{"@type":"ListItem","position":2,"name":"Shop","item":"https:\/\/www.rimocc.com\/shop\/"},{"@type":"ListItem","position":3,"name":"Garrahand (double) + sac de transport + Jack\/XLR"}]},{"@type":"WebSite","@id":"https:\/\/www.rimocc.com\/#website","url":"https:\/\/www.rimocc.com\/","name":"D\u00e9p\u00f4t Vente Batterie Percussion | Rimocc Lyon","description":"Rimocc: l&#039;unique magasin d\u00e9di\u00e9 enti\u00e8rement \u00e0 la batterie, percussion d&#039;occasion et vintage \u00e0 Lyon, France","publisher":{"@id":"https:\/\/www.rimocc.com\/#organization"},"alternateName":"Rimocc'","potentialAction":[{"@type":"SearchAction","target":{"@type":"EntryPoint","urlTemplate":"https:\/\/www.rimocc.com\/?s={search_term_string}"},"query-input":{"@type":"PropertyValueSpecification","valueRequired":true,"valueName":"search_term_string"}}],"inLanguage":"en-US"},{"@type":"Organization","@id":"https:\/\/www.rimocc.com\/#organization","name":"Rimocc'","alternateName":"Rimocc","url":"https:\/\/www.rimocc.com\/","logo":{"@type":"ImageObject","inLanguage":"en-US","@id":"https:\/\/www.rimocc.com\/#\/schema\/logo\/image\/","url":"https:\/\/i0.wp.com\/www.rimocc.com\/wp-content\/uploads\/2023\/07\/RIMOCC_LOGO.jpg?fit=459%2C114&ssl=1","contentUrl":"https:\/\/i0.wp.com\/www.rimocc.com\/wp-content\/uploads\/2023\/07\/RIMOCC_LOGO.jpg?fit=459%2C114&ssl=1","width":459,"height":114,"caption":"Rimocc'"},"image":{"@id":"https:\/\/www.rimocc.com\/#\/schema\/logo\/image\/"},"sameAs":["https:\/\/www.facebook.com\/rimocclyon\/?locale=fr_FR","https:\/\/www.instagram.com\/rimoccc\/?hl=fr","https:\/\/www.tiktok.com\/@rimocc","https:\/\/www.youtube.com\/@Rimocc"]}]}},"jetpack_publicize_connections":[],"jetpack_sharing_enabled":true,"_links":{"self":[{"href":"https:\/\/www.rimocc.com\/en\/wp-json\/wp\/v2\/product\/17831","targetHints":{"allow":["GET"]}}],"collection":[{"href":"https:\/\/www.rimocc.com\/en\/wp-json\/wp\/v2\/product"}],"about":[{"href":"https:\/\/www.rimocc.com\/en\/wp-json\/wp\/v2\/types\/product"}],"replies":[{"embeddable":true,"href":"https:\/\/www.rimocc.com\/en\/wp-json\/wp\/v2\/comments?post=17831"}],"wp:featuredmedia":[{"embeddable":true,"href":"https:\/\/www.rimocc.com\/en\/wp-json\/wp\/v2\/media\/17830"}],"wp:attachment":[{"href":"https:\/\/www.rimocc.com\/en\/wp-json\/wp\/v2\/media?parent=17831"}],"wp:term":[{"taxonomy":"product_brand","embeddable":true,"href":"https:\/\/www.rimocc.com\/en\/wp-json\/wp\/v2\/product_brand?post=17831"},{"taxonomy":"product_cat","embeddable":true,"href":"https:\/\/www.rimocc.com\/en\/wp-json\/wp\/v2\/product_cat?post=17831"},{"taxonomy":"product_tag","embeddable":true,"href":"https:\/\/www.rimocc.com\/en\/wp-json\/wp\/v2\/product_tag?post=17831"}],"curies":[{"name":"wp","href":"https:\/\/api.w.org\/{rel}","templated":true}]}}