{"id":17036,"date":"2026-01-17T17:02:49","date_gmt":"2026-01-17T16:02:49","guid":{"rendered":"https:\/\/www.rimocc.com\/?post_type=product&#038;p=17036"},"modified":"2026-03-26T18:30:55","modified_gmt":"2026-03-26T17:30:55","slug":"mapex-qr-22x16-12x10-13x11-16x16-black","status":"publish","type":"product","link":"https:\/\/www.rimocc.com\/en\/product\/mapex-qr-22x16-12x10-13x11-16x16-black\/","title":{"rendered":"Mapex QR 22&Prime;x16&Prime; 12&Prime;x10&Prime; 13&Prime;x11&Prime; 16&Prime;x16&Prime; Black"},"content":{"rendered":"<p>Mapex QR 22&Prime;x16&Prime; 12&Prime;x10&Prime; 13&Prime;x11&Prime; 16&Prime;x16&Prime; Black<br \/>\n8 ply Basswood<br \/>\nTr\u00e8s bon \u00e9tat g\u00e9n\u00e9ral<\/p>\n<p><strong>\u00ab\u00a0Enl\u00e8vement sur place privil\u00e9gi\u00e9 mais envoi possible dans toute la France sur devis s\u00e9par\u00e9 &#8211; merci de s\u00e9lectionner l&rsquo;option \u00ab\u00a0retrait en magasin\u00a0\u00bb et nous vous ferons parvenir un devis s\u00e9par\u00e9 pour la livraison, \u00e0 r\u00e9gler s\u00e9par\u00e9ment. Pas d&rsquo;envoi par Mondial Relay ou La Poste<\/strong><br \/>\n<strong>International order, pick-up ONLY\u00a0\u00bb<\/strong><\/p>\n<div id=\"model-response-message-contentr_94ea57fcb32d1b68\" class=\"markdown markdown-main-panel enable-updated-hr-color\" dir=\"ltr\" aria-live=\"polite\" aria-busy=\"false\">\n<p data-path-to-node=\"3\">La s\u00e9rie QR de Mapex se distingue par une configuration robuste, sp\u00e9cifiquement assembl\u00e9e pour r\u00e9pondre aux exigences des batteurs interm\u00e9diaires. <span class=\"citation-9 citation-end-9\">Ce kit, configur\u00e9 en cinq f\u00fbts, repose sur l&rsquo;utilisation du bois de tilleul (Basswood), s\u00e9lectionn\u00e9 pour ses propri\u00e9t\u00e9s acoustiques \u00e9quilibr\u00e9es.<\/span><\/p>\n<h3 data-path-to-node=\"4\">Composition et dimensions des f\u00fbts<\/h3>\n<p data-path-to-node=\"5\">La structure de cet ensemble repose sur des dimensions standardis\u00e9es qui assurent une polyvalence sonore sur diff\u00e9rents styles musicaux :<\/p>\n<ul data-path-to-node=\"6\">\n<li>\n<p data-path-to-node=\"6,0,0\"><b data-path-to-node=\"6,0,0\" data-index-in-node=\"0\"><span class=\"citation-8\">Grosse Caisse :<\/span><\/b><span class=\"citation-8 citation-end-8\"> 22&Prime; x 16&Prime;<sup class=\"superscript\" data-turn-source-index=\"2\">2<\/sup><\/span><\/p>\n<\/li>\n<li>\n<p data-path-to-node=\"6,1,0\"><b data-path-to-node=\"6,1,0\" data-index-in-node=\"0\">Tom Alto :<\/b> 12&Prime; x 10&Prime;<\/p>\n<\/li>\n<li>\n<p data-path-to-node=\"6,2,0\"><b data-path-to-node=\"6,2,0\" data-index-in-node=\"0\">Tom M\u00e9dium :<\/b> 13&Prime; x 11&Prime;<\/p>\n<\/li>\n<li>\n<p data-path-to-node=\"6,3,0\"><b data-path-to-node=\"6,3,0\" data-index-in-node=\"0\">Tom Basse :<\/b> 16&Prime; x 16&Prime;<\/p>\n<\/li>\n<\/ul>\n<hr data-path-to-node=\"7\" \/>\n<h2 data-path-to-node=\"8\">Conception structurelle en tilleul 8 plis (8-ply Basswood)<\/h2>\n<h3 data-path-to-node=\"9\">Propri\u00e9t\u00e9s acoustiques des f\u00fbts en bois de tilleul<\/h3>\n<p data-path-to-node=\"10\">Le choix du <b data-path-to-node=\"10\" data-index-in-node=\"12\">tilleul (Basswood)<\/b> pour la fabrication des f\u00fbts n&rsquo;est pas anodin. En effet, ce bois poss\u00e8de une densit\u00e9 plus faible que l&rsquo;\u00e9rable, ce qui permet une projection sonore imm\u00e9diate. Comme les f\u00fbts sont compos\u00e9s de <b data-path-to-node=\"10\" data-index-in-node=\"221\">8 plis<\/b>, l&rsquo;\u00e9paisseur totale offre une rigidit\u00e9 structurelle augmentant la r\u00e9sonance des basses fr\u00e9quences. Par cons\u00e9quent, l&rsquo;attaque est franche tandis que le sustain reste contr\u00f4l\u00e9.<\/p>\n<h3 data-path-to-node=\"11\">Finition et esth\u00e9tique technique<\/h3>\n<p data-path-to-node=\"12\">L&rsquo;aspect ext\u00e9rieur pr\u00e9sente un rev\u00eatement rhodo\u00efd haute r\u00e9sistance en coloris <b data-path-to-node=\"12\" data-index-in-node=\"78\">Black<\/b>. Ce choix de finition prot\u00e8ge efficacement le bois contre les variations d&rsquo;humidit\u00e9 et les chocs m\u00e9caniques lors du transport. De plus, les cerclages en acier triple bride de 1,6 mm garantissent une tenue d&rsquo;accordage stable sur l&rsquo;ensemble de la plage de tension.<\/p>\n<hr data-path-to-node=\"19\" \/>\n<h2 data-path-to-node=\"20\">Historique et expertise du fabricant Mapex Drums<\/h2>\n<p data-path-to-node=\"21\">Depuis sa cr\u00e9ation par la firme KHS Musical Instruments \u00e0 la fin des ann\u00e9es 1980, <b data-path-to-node=\"21\" data-index-in-node=\"82\">Mapex<\/b> s&rsquo;est impos\u00e9 comme un acteur majeur dans l&rsquo;ing\u00e9nierie des instruments \u00e0 percussion. <span class=\"citation-5 citation-end-5\">Bien que la marque soit originaire de Ta\u00efwan, ses centres de recherche et d\u00e9veloppement collaborent avec des ing\u00e9nieurs mondiaux pour perfectionner la coupe des chanfreins (Bearing Edges).<\/span><\/p>\n<p data-path-to-node=\"22\">Initialement, Mapex a concentr\u00e9 ses efforts sur la s\u00e9rie Orion en \u00e9rable avant de d\u00e9cliner son savoir-faire sur des gammes plus accessibles comme la s\u00e9rie QR. En raison de l&rsquo;automatisation pr\u00e9cise de leurs usines, le fabricant assure une uniformit\u00e9 de production, garantissant que chaque pli de tilleul est coll\u00e9 avec une pression hydraulique constante. Cette rigueur industrielle permet \u00e0 la s\u00e9rie QR de conserver une int\u00e9grit\u00e9 structurelle m\u00eame apr\u00e8s plusieurs ann\u00e9es d&rsquo;utilisation intensive.<\/p>\n<p><a href=\"https:\/\/www.mapexdrums.com\/\">https:\/\/www.mapexdrums.com\/<\/a><br \/>\n<a href=\"https:\/\/www.rimocc.com\/en\/product-category\/batterie\/\">https:\/\/www.rimocc.com\/product-category\/batterie\/<\/a><\/p>\n<\/div>","protected":false},"excerpt":{"rendered":"<p>Mapex QR 22&Prime;x16&Prime; 12&Prime;x10&Prime; 13&Prime;x11&Prime; 16&Prime;x16&Prime; Black 8 ply Basswood Tr\u00e8s bon \u00e9tat g\u00e9n\u00e9ral \u00ab\u00a0Enl\u00e8vement sur place privil\u00e9gi\u00e9 mais envoi possible dans toute la France sur devis s\u00e9par\u00e9 &#8211; merci de s\u00e9lectionner l&rsquo;option \u00ab\u00a0retrait en magasin\u00a0\u00bb et nous vous ferons parvenir un devis s\u00e9par\u00e9 pour la livraison, \u00e0 r\u00e9gler s\u00e9par\u00e9ment. Pas d&rsquo;envoi par Mondial Relay [&hellip;]<\/p>\n","protected":false},"featured_media":17035,"comment_status":"open","ping_status":"closed","template":"","meta":{"jetpack_publicize_message":"","jetpack_publicize_feature_enabled":true,"jetpack_social_post_already_shared":true,"jetpack_social_options":{"image_generator_settings":{"template":"highway","default_image_id":0,"font":"","enabled":false},"version":2}},"product_brand":[662],"product_cat":[20],"product_tag":[49],"class_list":{"0":"post-17036","1":"product","2":"type-product","3":"status-publish","4":"has-post-thumbnail","6":"product_brand-mapex","7":"product_cat-batterie","8":"product_tag-mapex","10":"entry","11":"has-media","13":"first","14":"outofstock","15":"shipping-taxable","16":"purchasable","17":"product-type-simple","18":"has-product-nav","19":"col","20":"span_1_of_3","21":"owp-content-center","22":"owp-thumbs-layout-horizontal","23":"owp-btn-normal","24":"owp-tabs-layout-horizontal"},"yoast_head":"<!-- This site is optimized with the Yoast SEO plugin v27.5 - https:\/\/yoast.com\/product\/yoast-seo-wordpress\/ -->\n<title>Mapex QR 22&quot;x16&quot; 12&quot;x10&quot; 13&quot;x11&quot; 16&quot;x16&quot; Black - D\u00e9p\u00f4t Vente Batterie Percussion | Rimocc Lyon<\/title>\n<meta name=\"description\" content=\"Mapex QR Series : f\u00fbts 8 plis en tilleul pour une r\u00e9sonance optimale. Dimensions 22&quot;x16&quot;, 12&quot;, 13&quot; et 16&quot;, finition noire.\" \/>\n<meta name=\"robots\" content=\"index, follow, max-snippet:-1, max-image-preview:large, max-video-preview:-1\" \/>\n<link rel=\"canonical\" href=\"https:\/\/www.rimocc.com\/en\/product\/mapex-qr-22x16-12x10-13x11-16x16-black\/\" \/>\n<meta property=\"og:locale\" content=\"en_US\" \/>\n<meta property=\"og:type\" content=\"article\" \/>\n<meta property=\"og:title\" content=\"Mapex QR 22&quot;x16&quot; 12&quot;x10&quot; 13&quot;x11&quot; 16&quot;x16&quot; Black - D\u00e9p\u00f4t Vente Batterie Percussion | Rimocc Lyon\" \/>\n<meta property=\"og:description\" content=\"Mapex QR Series : f\u00fbts 8 plis en tilleul pour une r\u00e9sonance optimale. Dimensions 22&quot;x16&quot;, 12&quot;, 13&quot; et 16&quot;, finition noire.\" \/>\n<meta property=\"og:url\" content=\"https:\/\/www.rimocc.com\/en\/product\/mapex-qr-22x16-12x10-13x11-16x16-black\/\" \/>\n<meta property=\"og:site_name\" content=\"D\u00e9p\u00f4t Vente Batterie Percussion | Rimocc Lyon\" \/>\n<meta property=\"article:publisher\" content=\"https:\/\/www.facebook.com\/rimocclyon\/?locale=fr_FR\" \/>\n<meta property=\"article:modified_time\" content=\"2026-03-26T17:30:55+00:00\" \/>\n<meta property=\"og:image\" content=\"https:\/\/www.rimocc.com\/wp-content\/uploads\/2026\/01\/Mapex-22x16-12x10-13x11-16x16-Black-1.jpg\" \/>\n\t<meta property=\"og:image:width\" content=\"1920\" \/>\n\t<meta property=\"og:image:height\" content=\"1920\" \/>\n\t<meta property=\"og:image:type\" content=\"image\/jpeg\" \/>\n<meta name=\"twitter:card\" content=\"summary_large_image\" \/>\n<meta name=\"twitter:label1\" content=\"Est. reading time\" \/>\n\t<meta name=\"twitter:data1\" content=\"3 minutes\" \/>\n<script type=\"application\/ld+json\" class=\"yoast-schema-graph\">{\"@context\":\"https:\\\/\\\/schema.org\",\"@graph\":[{\"@type\":\"WebPage\",\"@id\":\"https:\\\/\\\/www.rimocc.com\\\/product\\\/mapex-qr-22x16-12x10-13x11-16x16-black\\\/\",\"url\":\"https:\\\/\\\/www.rimocc.com\\\/product\\\/mapex-qr-22x16-12x10-13x11-16x16-black\\\/\",\"name\":\"Mapex QR 22\\\"x16\\\" 12\\\"x10\\\" 13\\\"x11\\\" 16\\\"x16\\\" Black - D\u00e9p\u00f4t Vente Batterie Percussion | Rimocc Lyon\",\"isPartOf\":{\"@id\":\"https:\\\/\\\/www.rimocc.com\\\/#website\"},\"primaryImageOfPage\":{\"@id\":\"https:\\\/\\\/www.rimocc.com\\\/product\\\/mapex-qr-22x16-12x10-13x11-16x16-black\\\/#primaryimage\"},\"image\":{\"@id\":\"https:\\\/\\\/www.rimocc.com\\\/product\\\/mapex-qr-22x16-12x10-13x11-16x16-black\\\/#primaryimage\"},\"thumbnailUrl\":\"https:\\\/\\\/www.rimocc.com\\\/wp-content\\\/uploads\\\/2026\\\/01\\\/Mapex-22x16-12x10-13x11-16x16-Black-1.jpg\",\"datePublished\":\"2026-01-17T16:02:49+00:00\",\"dateModified\":\"2026-03-26T17:30:55+00:00\",\"description\":\"Mapex QR Series : f\u00fbts 8 plis en tilleul pour une r\u00e9sonance optimale. Dimensions 22\\\"x16\\\", 12\\\", 13\\\" et 16\\\", finition noire.\",\"breadcrumb\":{\"@id\":\"https:\\\/\\\/www.rimocc.com\\\/product\\\/mapex-qr-22x16-12x10-13x11-16x16-black\\\/#breadcrumb\"},\"inLanguage\":\"en-US\",\"potentialAction\":[{\"@type\":\"ReadAction\",\"target\":[\"https:\\\/\\\/www.rimocc.com\\\/product\\\/mapex-qr-22x16-12x10-13x11-16x16-black\\\/\"]}]},{\"@type\":\"ImageObject\",\"inLanguage\":\"en-US\",\"@id\":\"https:\\\/\\\/www.rimocc.com\\\/product\\\/mapex-qr-22x16-12x10-13x11-16x16-black\\\/#primaryimage\",\"url\":\"https:\\\/\\\/www.rimocc.com\\\/wp-content\\\/uploads\\\/2026\\\/01\\\/Mapex-22x16-12x10-13x11-16x16-Black-1.jpg\",\"contentUrl\":\"https:\\\/\\\/www.rimocc.com\\\/wp-content\\\/uploads\\\/2026\\\/01\\\/Mapex-22x16-12x10-13x11-16x16-Black-1.jpg\",\"width\":1920,\"height\":1920,\"caption\":\"Mapex QR 22x16 12x10 13x11 16x16\"},{\"@type\":\"BreadcrumbList\",\"@id\":\"https:\\\/\\\/www.rimocc.com\\\/product\\\/mapex-qr-22x16-12x10-13x11-16x16-black\\\/#breadcrumb\",\"itemListElement\":[{\"@type\":\"ListItem\",\"position\":1,\"name\":\"Home\",\"item\":\"https:\\\/\\\/www.rimocc.com\\\/\"},{\"@type\":\"ListItem\",\"position\":2,\"name\":\"Shop\",\"item\":\"https:\\\/\\\/www.rimocc.com\\\/shop\\\/\"},{\"@type\":\"ListItem\",\"position\":3,\"name\":\"Mapex QR 22&#8243;x16&#8243; 12&#8243;x10&#8243; 13&#8243;x11&#8243; 16&#8243;x16&#8243; Black\"}]},{\"@type\":\"WebSite\",\"@id\":\"https:\\\/\\\/www.rimocc.com\\\/#website\",\"url\":\"https:\\\/\\\/www.rimocc.com\\\/\",\"name\":\"D\u00e9p\u00f4t Vente Batterie Percussion | Rimocc Lyon\",\"description\":\"Rimocc: l&#039;unique magasin d\u00e9di\u00e9 enti\u00e8rement \u00e0 la batterie, percussion d&#039;occasion et vintage \u00e0 Lyon, France\",\"publisher\":{\"@id\":\"https:\\\/\\\/www.rimocc.com\\\/#organization\"},\"alternateName\":\"Rimocc'\",\"potentialAction\":[{\"@type\":\"SearchAction\",\"target\":{\"@type\":\"EntryPoint\",\"urlTemplate\":\"https:\\\/\\\/www.rimocc.com\\\/?s={search_term_string}\"},\"query-input\":{\"@type\":\"PropertyValueSpecification\",\"valueRequired\":true,\"valueName\":\"search_term_string\"}}],\"inLanguage\":\"en-US\"},{\"@type\":\"Organization\",\"@id\":\"https:\\\/\\\/www.rimocc.com\\\/#organization\",\"name\":\"Rimocc'\",\"alternateName\":\"Rimocc\",\"url\":\"https:\\\/\\\/www.rimocc.com\\\/\",\"logo\":{\"@type\":\"ImageObject\",\"inLanguage\":\"en-US\",\"@id\":\"https:\\\/\\\/www.rimocc.com\\\/#\\\/schema\\\/logo\\\/image\\\/\",\"url\":\"https:\\\/\\\/i0.wp.com\\\/www.rimocc.com\\\/wp-content\\\/uploads\\\/2023\\\/07\\\/RIMOCC_LOGO.jpg?fit=459%2C114&ssl=1\",\"contentUrl\":\"https:\\\/\\\/i0.wp.com\\\/www.rimocc.com\\\/wp-content\\\/uploads\\\/2023\\\/07\\\/RIMOCC_LOGO.jpg?fit=459%2C114&ssl=1\",\"width\":459,\"height\":114,\"caption\":\"Rimocc'\"},\"image\":{\"@id\":\"https:\\\/\\\/www.rimocc.com\\\/#\\\/schema\\\/logo\\\/image\\\/\"},\"sameAs\":[\"https:\\\/\\\/www.facebook.com\\\/rimocclyon\\\/?locale=fr_FR\",\"https:\\\/\\\/www.instagram.com\\\/rimoccc\\\/?hl=fr\",\"https:\\\/\\\/www.tiktok.com\\\/@rimocc\",\"https:\\\/\\\/www.youtube.com\\\/@Rimocc\"]}]}<\/script>\n<!-- \/ Yoast SEO plugin. -->","yoast_head_json":{"title":"Mapex QR 22\"x16\" 12\"x10\" 13\"x11\" 16\"x16\" Black - D\u00e9p\u00f4t Vente Batterie Percussion | Rimocc Lyon","description":"Mapex QR Series : f\u00fbts 8 plis en tilleul pour une r\u00e9sonance optimale. Dimensions 22\"x16\", 12\", 13\" et 16\", finition noire.","robots":{"index":"index","follow":"follow","max-snippet":"max-snippet:-1","max-image-preview":"max-image-preview:large","max-video-preview":"max-video-preview:-1"},"canonical":"https:\/\/www.rimocc.com\/en\/product\/mapex-qr-22x16-12x10-13x11-16x16-black\/","og_locale":"en_US","og_type":"article","og_title":"Mapex QR 22\"x16\" 12\"x10\" 13\"x11\" 16\"x16\" Black - D\u00e9p\u00f4t Vente Batterie Percussion | Rimocc Lyon","og_description":"Mapex QR Series : f\u00fbts 8 plis en tilleul pour une r\u00e9sonance optimale. Dimensions 22\"x16\", 12\", 13\" et 16\", finition noire.","og_url":"https:\/\/www.rimocc.com\/en\/product\/mapex-qr-22x16-12x10-13x11-16x16-black\/","og_site_name":"D\u00e9p\u00f4t Vente Batterie Percussion | Rimocc Lyon","article_publisher":"https:\/\/www.facebook.com\/rimocclyon\/?locale=fr_FR","article_modified_time":"2026-03-26T17:30:55+00:00","og_image":[{"width":1920,"height":1920,"url":"https:\/\/www.rimocc.com\/wp-content\/uploads\/2026\/01\/Mapex-22x16-12x10-13x11-16x16-Black-1.jpg","type":"image\/jpeg"}],"twitter_card":"summary_large_image","twitter_misc":{"Est. reading time":"3 minutes"},"schema":{"@context":"https:\/\/schema.org","@graph":[{"@type":"WebPage","@id":"https:\/\/www.rimocc.com\/product\/mapex-qr-22x16-12x10-13x11-16x16-black\/","url":"https:\/\/www.rimocc.com\/product\/mapex-qr-22x16-12x10-13x11-16x16-black\/","name":"Mapex QR 22\"x16\" 12\"x10\" 13\"x11\" 16\"x16\" Black - D\u00e9p\u00f4t Vente Batterie Percussion | Rimocc Lyon","isPartOf":{"@id":"https:\/\/www.rimocc.com\/#website"},"primaryImageOfPage":{"@id":"https:\/\/www.rimocc.com\/product\/mapex-qr-22x16-12x10-13x11-16x16-black\/#primaryimage"},"image":{"@id":"https:\/\/www.rimocc.com\/product\/mapex-qr-22x16-12x10-13x11-16x16-black\/#primaryimage"},"thumbnailUrl":"https:\/\/www.rimocc.com\/wp-content\/uploads\/2026\/01\/Mapex-22x16-12x10-13x11-16x16-Black-1.jpg","datePublished":"2026-01-17T16:02:49+00:00","dateModified":"2026-03-26T17:30:55+00:00","description":"Mapex QR Series : f\u00fbts 8 plis en tilleul pour une r\u00e9sonance optimale. Dimensions 22\"x16\", 12\", 13\" et 16\", finition noire.","breadcrumb":{"@id":"https:\/\/www.rimocc.com\/product\/mapex-qr-22x16-12x10-13x11-16x16-black\/#breadcrumb"},"inLanguage":"en-US","potentialAction":[{"@type":"ReadAction","target":["https:\/\/www.rimocc.com\/product\/mapex-qr-22x16-12x10-13x11-16x16-black\/"]}]},{"@type":"ImageObject","inLanguage":"en-US","@id":"https:\/\/www.rimocc.com\/product\/mapex-qr-22x16-12x10-13x11-16x16-black\/#primaryimage","url":"https:\/\/www.rimocc.com\/wp-content\/uploads\/2026\/01\/Mapex-22x16-12x10-13x11-16x16-Black-1.jpg","contentUrl":"https:\/\/www.rimocc.com\/wp-content\/uploads\/2026\/01\/Mapex-22x16-12x10-13x11-16x16-Black-1.jpg","width":1920,"height":1920,"caption":"Mapex QR 22x16 12x10 13x11 16x16"},{"@type":"BreadcrumbList","@id":"https:\/\/www.rimocc.com\/product\/mapex-qr-22x16-12x10-13x11-16x16-black\/#breadcrumb","itemListElement":[{"@type":"ListItem","position":1,"name":"Home","item":"https:\/\/www.rimocc.com\/"},{"@type":"ListItem","position":2,"name":"Shop","item":"https:\/\/www.rimocc.com\/shop\/"},{"@type":"ListItem","position":3,"name":"Mapex QR 22&#8243;x16&#8243; 12&#8243;x10&#8243; 13&#8243;x11&#8243; 16&#8243;x16&#8243; Black"}]},{"@type":"WebSite","@id":"https:\/\/www.rimocc.com\/#website","url":"https:\/\/www.rimocc.com\/","name":"D\u00e9p\u00f4t Vente Batterie Percussion | Rimocc Lyon","description":"Rimocc: l&#039;unique magasin d\u00e9di\u00e9 enti\u00e8rement \u00e0 la batterie, percussion d&#039;occasion et vintage \u00e0 Lyon, France","publisher":{"@id":"https:\/\/www.rimocc.com\/#organization"},"alternateName":"Rimocc'","potentialAction":[{"@type":"SearchAction","target":{"@type":"EntryPoint","urlTemplate":"https:\/\/www.rimocc.com\/?s={search_term_string}"},"query-input":{"@type":"PropertyValueSpecification","valueRequired":true,"valueName":"search_term_string"}}],"inLanguage":"en-US"},{"@type":"Organization","@id":"https:\/\/www.rimocc.com\/#organization","name":"Rimocc'","alternateName":"Rimocc","url":"https:\/\/www.rimocc.com\/","logo":{"@type":"ImageObject","inLanguage":"en-US","@id":"https:\/\/www.rimocc.com\/#\/schema\/logo\/image\/","url":"https:\/\/i0.wp.com\/www.rimocc.com\/wp-content\/uploads\/2023\/07\/RIMOCC_LOGO.jpg?fit=459%2C114&ssl=1","contentUrl":"https:\/\/i0.wp.com\/www.rimocc.com\/wp-content\/uploads\/2023\/07\/RIMOCC_LOGO.jpg?fit=459%2C114&ssl=1","width":459,"height":114,"caption":"Rimocc'"},"image":{"@id":"https:\/\/www.rimocc.com\/#\/schema\/logo\/image\/"},"sameAs":["https:\/\/www.facebook.com\/rimocclyon\/?locale=fr_FR","https:\/\/www.instagram.com\/rimoccc\/?hl=fr","https:\/\/www.tiktok.com\/@rimocc","https:\/\/www.youtube.com\/@Rimocc"]}]}},"jetpack_publicize_connections":[],"jetpack_sharing_enabled":true,"_links":{"self":[{"href":"https:\/\/www.rimocc.com\/en\/wp-json\/wp\/v2\/product\/17036","targetHints":{"allow":["GET"]}}],"collection":[{"href":"https:\/\/www.rimocc.com\/en\/wp-json\/wp\/v2\/product"}],"about":[{"href":"https:\/\/www.rimocc.com\/en\/wp-json\/wp\/v2\/types\/product"}],"replies":[{"embeddable":true,"href":"https:\/\/www.rimocc.com\/en\/wp-json\/wp\/v2\/comments?post=17036"}],"wp:featuredmedia":[{"embeddable":true,"href":"https:\/\/www.rimocc.com\/en\/wp-json\/wp\/v2\/media\/17035"}],"wp:attachment":[{"href":"https:\/\/www.rimocc.com\/en\/wp-json\/wp\/v2\/media?parent=17036"}],"wp:term":[{"taxonomy":"product_brand","embeddable":true,"href":"https:\/\/www.rimocc.com\/en\/wp-json\/wp\/v2\/product_brand?post=17036"},{"taxonomy":"product_cat","embeddable":true,"href":"https:\/\/www.rimocc.com\/en\/wp-json\/wp\/v2\/product_cat?post=17036"},{"taxonomy":"product_tag","embeddable":true,"href":"https:\/\/www.rimocc.com\/en\/wp-json\/wp\/v2\/product_tag?post=17036"}],"curies":[{"name":"wp","href":"https:\/\/api.w.org\/{rel}","templated":true}]}}