{"id":16728,"date":"2025-12-17T15:40:27","date_gmt":"2025-12-17T14:40:27","guid":{"rendered":"https:\/\/www.rimocc.com\/?post_type=product&#038;p=16728"},"modified":"2025-12-17T15:44:26","modified_gmt":"2025-12-17T14:44:26","slug":"rogers-powertone-butcher-block-22-12-13-16-vintage-70s","status":"publish","type":"product","link":"https:\/\/www.rimocc.com\/en\/product\/rogers-powertone-butcher-block-22-12-13-16-vintage-70s\/","title":{"rendered":"Rogers Powertone Butcher Block 22&Prime; 12&Prime; 13&Prime; 16&Prime; Vintage 70&rsquo;s"},"content":{"rendered":"<p>Rogers Powertone Butcher Block 22&Prime;x14&Prime; 12&Prime;x8&Prime; 13&Prime;x9&Prime; 16&Prime;x16&Prime;<br \/>\nVintage 1971 Fullerton &#8211; int\u00e9rieur gris, renforts de chanfreins<br \/>\nTr\u00e8s bon \u00e9tat g\u00e9n\u00e9ral<br \/>\nA noter, le hardware a \u00e9t\u00e9 chang\u00e9 par des supports plus modernes et stables (support toms Tama, attaches tom Pearl, pieds et attaches TB Pearl, pieds GC Pearl)<br \/>\nLes cercles de GC ont \u00e9t\u00e9 chang\u00e9s mais les originaux sont disponibles avec la batterie (un des cercles originaux est fendu mais a \u00e9t\u00e9 r\u00e9par\u00e9 &#8211; voir photo)<\/p>\n<p><strong>\u00ab\u00a0Enl\u00e8vement sur place privil\u00e9gi\u00e9 mais envoi possible dans toute la France sur devis s\u00e9par\u00e9 &#8211; merci de s\u00e9lectionner l&rsquo;option \u00ab\u00a0retrait en magasin\u00a0\u00bb et nous vous ferons parvenir un devis s\u00e9par\u00e9 pour la livraison, \u00e0 r\u00e9gler s\u00e9par\u00e9ment<\/strong><br \/>\n<strong>International order, pick-up ONLY\u00a0\u00bb<\/strong><\/p>\n<div id=\"model-response-message-contentr_d7c5ad52b88d6c31\" class=\"markdown markdown-main-panel enable-updated-hr-color\" dir=\"ltr\" aria-live=\"polite\" aria-busy=\"false\">\n<hr data-path-to-node=\"1\" \/>\n<h2 data-path-to-node=\"2\"><b>Rogers Powertone 1971<\/b> : L&rsquo;Excellence du Son Vintage de l&rsquo;<b>\u00c8re Fullerton<\/b><\/h2>\n<p data-path-to-node=\"3\">Le set<b>\u00a0Rogers Powertone<\/b> de 1971 est un instrument l\u00e9gendaire qui incarne l&rsquo;\u00e2ge d&rsquo;or de la fabrication de percussions am\u00e9ricaines. Produit durant la c\u00e9l\u00e8bre p\u00e9riode de <b>Fullerton<\/b>, ce kit se distingue par une conception robuste et une signature sonore qui a d\u00e9fini le rock et le funk des ann\u00e9es 70. Ce mod\u00e8le est devenu une pi\u00e8ce de choix pour les collectionneurs et les musiciens de studio \u00e0 la recherche de cette r\u00e9sonance organique et puissante. Avec ses f\u00fbts de haute pr\u00e9cision et sa finition <b>Butcher Block<\/b> distinctive, la Rogers Powertone reste, encore aujourd&rsquo;hui, une r\u00e9f\u00e9rence absolue en termes de qualit\u00e9 acoustique.<\/p>\n<h3 data-path-to-node=\"4\">L&rsquo;Histoire de Rogers Drums : De Dayton \u00e0 <b>Fullerton<\/b><\/h3>\n<p data-path-to-node=\"5\">Pour bien comprendre l&rsquo;importance de ce kit, il est essentiel de retracer bri\u00e8vement l&rsquo;histoire de la marque. <span class=\"citation-11\">Fond\u00e9e initialement en 1849, <\/span><b><span class=\"citation-11\">Rogers Drums<\/span><\/b><span class=\"citation-11\"> a r\u00e9volutionn\u00e9 l&rsquo;industrie avec des innovations telles que le syst\u00e8me de support <\/span><i><span class=\"citation-11\">Swiv-o-matic<\/span><\/i><span class=\"citation-11 citation-end-11\">.<\/span><\/p>\n<p data-path-to-node=\"6\">Cependant, l&rsquo;ann\u00e9e 1971 marque une transition majeure : apr\u00e8s les \u00e8res Cleveland et Dayton, la production a \u00e9t\u00e9 d\u00e9plac\u00e9e \u00e0 <b>Fullerton<\/b>, en Californie, sous l&rsquo;\u00e9gide de CBS. Bien que cette p\u00e9riode ait vu des changements industriels, les kits sortis au d\u00e9but des ann\u00e9es 70, comme cette <b>Powertone<\/b>, ont conserv\u00e9 la construction de f\u00fbts qui a fait la renomm\u00e9e de Rogers. Par cons\u00e9quent, ces batteries sont souvent consid\u00e9r\u00e9es comme le parfait \u00e9quilibre entre l&rsquo;innovation technique et le savoir-faire artisanal traditionnel.<\/p>\n<hr data-path-to-node=\"7\" \/>\n<h3 data-path-to-node=\"8\">Caract\u00e9ristiques des F\u00fbts : <b>Int\u00e9rieur Gris<\/b> et <b>Renforts de Chanfreins<\/b><\/h3>\n<p data-path-to-node=\"9\">La construction technique de cette <b>Rogers Powertone 1971<\/b> est ce qui lui conf\u00e8re ses propri\u00e9t\u00e9s acoustiques exceptionnelles. En effet, chaque d\u00e9tail du f\u00fbt a \u00e9t\u00e9 pens\u00e9 pour maximiser la projection et la chaleur tonale.<\/p>\n<table data-path-to-node=\"10\">\n<thead>\n<tr>\n<td><strong>Caract\u00e9ristique<\/strong><\/td>\n<td><strong>Sp\u00e9cification Technique<\/strong><\/td>\n<td><strong>Impact Sonore<\/strong><\/td>\n<\/tr>\n<\/thead>\n<tbody>\n<tr>\n<td><span data-path-to-node=\"10,1,0,0\"><b>Mat\u00e9riau du F\u00fbt<\/b><\/span><\/td>\n<td><span data-path-to-node=\"10,1,1,0\">5 Plis \u00c9rable \/ Peuplier (Maple\/Poplar)<\/span><\/td>\n<td><span data-path-to-node=\"10,1,2,0\">Offre un \u00e9quilibre parfait entre <b>chaleur<\/b> et <b>attaque<\/b>.<\/span><\/td>\n<\/tr>\n<tr>\n<td><span data-path-to-node=\"10,2,0,0\"><b>Int\u00e9rieur des F\u00fbts<\/b><\/span><\/td>\n<td><span data-path-to-node=\"10,2,1,0\">Finition <b>Flat Grey<\/b> (Gris)<\/span><\/td>\n<td><span data-path-to-node=\"10,2,2,0\">Signature de l&rsquo;\u00e9poque Fullerton, offrant une esth\u00e9tique propre et une l\u00e9g\u00e8re compression naturelle.<\/span><\/td>\n<\/tr>\n<tr>\n<td><span data-path-to-node=\"10,3,0,0\"><b>Structure<\/b><\/span><\/td>\n<td><span data-path-to-node=\"10,3,1,0\"><b>Renforts de chanfreins<\/b> (Reinforcement Rings)<\/span><\/td>\n<td><span data-path-to-node=\"10,3,2,0\">Stabilise le f\u00fbt et concentre le son, augmentant le <b>sustain<\/b> et la pr\u00e9cision de la note.<\/span><\/td>\n<\/tr>\n<tr>\n<td><span data-path-to-node=\"10,4,0,0\"><b>Finition<\/b><\/span><\/td>\n<td><span data-path-to-node=\"10,4,1,0\">Butcher Block\u00a0<\/span><\/td>\n<td><span data-path-to-node=\"10,4,2,0\">Une esth\u00e9tique iconique des ann\u00e9es 70, durable et visuellement unique.<\/span><\/td>\n<\/tr>\n<\/tbody>\n<\/table>\n<h4 data-path-to-node=\"11\"><b>Une Conception Acoustique Sup\u00e9rieure<\/b><\/h4>\n<p data-path-to-node=\"12\"><span class=\"citation-10\">L&rsquo;utilisation de <\/span><b><span class=\"citation-10\">f\u00fbts 5-plis<\/span><\/b><span class=\"citation-10 citation-end-10\"> avec renforts de chanfreins permet une vibration optimale de la peau, tout en assurant que le f\u00fbt reste parfaitement rond malgr\u00e9 les ann\u00e9es.<\/span> En outre, l&rsquo;<b>int\u00e9rieur gris<\/b>, caract\u00e9ristique typique des premiers mod\u00e8les de Fullerton, est tr\u00e8s recherch\u00e9 car il t\u00e9moigne de la transition directe apr\u00e8s l&rsquo;\u00e8re Dayton. De plus, les chanfreins taill\u00e9s avec pr\u00e9cision garantissent un accordage facile et une r\u00e9sonance pure, faisant de ce kit un instrument extr\u00eamement \u00ab\u00a0musical\u00a0\u00bb.<\/p>\n<p data-path-to-node=\"17\">Gr\u00e2ce \u00e0 ces dimensions, la <b>Rogers Powertone<\/b> s&rsquo;adapte aussi bien au jazz fusion qu&rsquo;au rock le plus \u00e9nergique. N\u00e9anmoins, c&rsquo;est dans le mixage que la qualit\u00e9 Rogers brille r\u00e9ellement, car les f\u00fbts poss\u00e8dent une s\u00e9paration de notes naturelle qui facilite grandement le travail des ing\u00e9nieurs du son.<\/p>\n<p data-path-to-node=\"17\"><a href=\"https:\/\/rogersdrumsusa.com\/\">https:\/\/rogersdrumsusa.com\/<\/a><br \/>\n<a href=\"https:\/\/www.rimocc.com\/en\/product-category\/batterie\/\">https:\/\/www.rimocc.com\/product-category\/batterie\/<\/a><\/p>\n<\/div>","protected":false},"excerpt":{"rendered":"<p>Rogers Powertone Butcher Block 22&Prime;x14&Prime; 12&Prime;x8&Prime; 13&Prime;x9&Prime; 16&Prime;x16&Prime; Vintage 1971 Fullerton &#8211; int\u00e9rieur gris, renforts de chanfreins Tr\u00e8s bon \u00e9tat g\u00e9n\u00e9ral A noter, le hardware a \u00e9t\u00e9 chang\u00e9 par des supports plus modernes et stables (support toms Tama, attaches tom Pearl, pieds et attaches TB Pearl, pieds GC Pearl) Les cercles de GC ont \u00e9t\u00e9 [&hellip;]<\/p>\n","protected":false},"featured_media":16727,"comment_status":"open","ping_status":"closed","template":"","meta":{"jetpack_publicize_message":"","jetpack_publicize_feature_enabled":true,"jetpack_social_post_already_shared":true,"jetpack_social_options":{"image_generator_settings":{"template":"highway","default_image_id":0,"font":"","enabled":false},"version":2}},"product_brand":[752],"product_cat":[20],"product_tag":[54],"class_list":{"0":"post-16728","1":"product","2":"type-product","3":"status-publish","4":"has-post-thumbnail","6":"product_brand-rogers","7":"product_cat-batterie","8":"product_tag-rogers","10":"entry","11":"has-media","13":"first","14":"instock","15":"shipping-taxable","16":"purchasable","17":"product-type-simple","18":"has-product-nav","19":"col","20":"span_1_of_3","21":"owp-content-center","22":"owp-thumbs-layout-horizontal","23":"owp-btn-normal","24":"owp-tabs-layout-horizontal"},"yoast_head":"<!-- This site is optimized with the Yoast SEO plugin v27.5 - https:\/\/yoast.com\/product\/yoast-seo-wordpress\/ -->\n<title>Rogers Powertone Butcher Block 22&quot; 12&quot; 13&quot; 16&quot; Vintage 70&#039;s - D\u00e9p\u00f4t Vente Batterie Percussion | Rimocc Lyon<\/title>\n<meta name=\"description\" content=\"Batterie Rogers Powertone 1971 Fullerton. Finition Butcher Block, int\u00e9rieur gris et renforts de chanfreins. Le son vintage US par excellence !\" \/>\n<meta name=\"robots\" content=\"index, follow, max-snippet:-1, max-image-preview:large, max-video-preview:-1\" \/>\n<link rel=\"canonical\" href=\"https:\/\/www.rimocc.com\/en\/product\/rogers-powertone-butcher-block-22-12-13-16-vintage-70s\/\" \/>\n<meta property=\"og:locale\" content=\"en_US\" \/>\n<meta property=\"og:type\" content=\"article\" \/>\n<meta property=\"og:title\" content=\"Rogers Powertone Butcher Block 22&quot; 12&quot; 13&quot; 16&quot; Vintage 70&#039;s - D\u00e9p\u00f4t Vente Batterie Percussion | Rimocc Lyon\" \/>\n<meta property=\"og:description\" content=\"Batterie Rogers Powertone 1971 Fullerton. Finition Butcher Block, int\u00e9rieur gris et renforts de chanfreins. Le son vintage US par excellence !\" \/>\n<meta property=\"og:url\" content=\"https:\/\/www.rimocc.com\/en\/product\/rogers-powertone-butcher-block-22-12-13-16-vintage-70s\/\" \/>\n<meta property=\"og:site_name\" content=\"D\u00e9p\u00f4t Vente Batterie Percussion | Rimocc Lyon\" \/>\n<meta property=\"article:publisher\" content=\"https:\/\/www.facebook.com\/rimocclyon\/?locale=fr_FR\" \/>\n<meta property=\"article:modified_time\" content=\"2025-12-17T14:44:26+00:00\" \/>\n<meta property=\"og:image\" content=\"https:\/\/www.rimocc.com\/wp-content\/uploads\/2025\/12\/Rogers-Powertone-Butcher-1.jpg\" \/>\n\t<meta property=\"og:image:width\" content=\"1920\" \/>\n\t<meta property=\"og:image:height\" content=\"1920\" \/>\n\t<meta property=\"og:image:type\" content=\"image\/jpeg\" \/>\n<meta name=\"twitter:card\" content=\"summary_large_image\" \/>\n<meta name=\"twitter:label1\" content=\"Est. reading time\" \/>\n\t<meta name=\"twitter:data1\" content=\"3 minutes\" \/>\n<script type=\"application\/ld+json\" class=\"yoast-schema-graph\">{\"@context\":\"https:\\\/\\\/schema.org\",\"@graph\":[{\"@type\":\"WebPage\",\"@id\":\"https:\\\/\\\/www.rimocc.com\\\/product\\\/rogers-powertone-butcher-block-22-12-13-16-vintage-70s\\\/\",\"url\":\"https:\\\/\\\/www.rimocc.com\\\/product\\\/rogers-powertone-butcher-block-22-12-13-16-vintage-70s\\\/\",\"name\":\"Rogers Powertone Butcher Block 22\\\" 12\\\" 13\\\" 16\\\" Vintage 70's - D\u00e9p\u00f4t Vente Batterie Percussion | Rimocc Lyon\",\"isPartOf\":{\"@id\":\"https:\\\/\\\/www.rimocc.com\\\/#website\"},\"primaryImageOfPage\":{\"@id\":\"https:\\\/\\\/www.rimocc.com\\\/product\\\/rogers-powertone-butcher-block-22-12-13-16-vintage-70s\\\/#primaryimage\"},\"image\":{\"@id\":\"https:\\\/\\\/www.rimocc.com\\\/product\\\/rogers-powertone-butcher-block-22-12-13-16-vintage-70s\\\/#primaryimage\"},\"thumbnailUrl\":\"https:\\\/\\\/www.rimocc.com\\\/wp-content\\\/uploads\\\/2025\\\/12\\\/Rogers-Powertone-Butcher-1.jpg\",\"datePublished\":\"2025-12-17T14:40:27+00:00\",\"dateModified\":\"2025-12-17T14:44:26+00:00\",\"description\":\"Batterie Rogers Powertone 1971 Fullerton. Finition Butcher Block, int\u00e9rieur gris et renforts de chanfreins. Le son vintage US par excellence !\",\"breadcrumb\":{\"@id\":\"https:\\\/\\\/www.rimocc.com\\\/product\\\/rogers-powertone-butcher-block-22-12-13-16-vintage-70s\\\/#breadcrumb\"},\"inLanguage\":\"en-US\",\"potentialAction\":[{\"@type\":\"ReadAction\",\"target\":[\"https:\\\/\\\/www.rimocc.com\\\/product\\\/rogers-powertone-butcher-block-22-12-13-16-vintage-70s\\\/\"]}]},{\"@type\":\"ImageObject\",\"inLanguage\":\"en-US\",\"@id\":\"https:\\\/\\\/www.rimocc.com\\\/product\\\/rogers-powertone-butcher-block-22-12-13-16-vintage-70s\\\/#primaryimage\",\"url\":\"https:\\\/\\\/www.rimocc.com\\\/wp-content\\\/uploads\\\/2025\\\/12\\\/Rogers-Powertone-Butcher-1.jpg\",\"contentUrl\":\"https:\\\/\\\/www.rimocc.com\\\/wp-content\\\/uploads\\\/2025\\\/12\\\/Rogers-Powertone-Butcher-1.jpg\",\"width\":1920,\"height\":1920,\"caption\":\"Rogers Powertone Butcher\"},{\"@type\":\"BreadcrumbList\",\"@id\":\"https:\\\/\\\/www.rimocc.com\\\/product\\\/rogers-powertone-butcher-block-22-12-13-16-vintage-70s\\\/#breadcrumb\",\"itemListElement\":[{\"@type\":\"ListItem\",\"position\":1,\"name\":\"Home\",\"item\":\"https:\\\/\\\/www.rimocc.com\\\/\"},{\"@type\":\"ListItem\",\"position\":2,\"name\":\"Shop\",\"item\":\"https:\\\/\\\/www.rimocc.com\\\/shop\\\/\"},{\"@type\":\"ListItem\",\"position\":3,\"name\":\"Rogers Powertone Butcher Block 22&#8243; 12&#8243; 13&#8243; 16&#8243; Vintage 70&#8217;s\"}]},{\"@type\":\"WebSite\",\"@id\":\"https:\\\/\\\/www.rimocc.com\\\/#website\",\"url\":\"https:\\\/\\\/www.rimocc.com\\\/\",\"name\":\"D\u00e9p\u00f4t Vente Batterie Percussion | Rimocc Lyon\",\"description\":\"Rimocc: l&#039;unique magasin d\u00e9di\u00e9 enti\u00e8rement \u00e0 la batterie, percussion d&#039;occasion et vintage \u00e0 Lyon, France\",\"publisher\":{\"@id\":\"https:\\\/\\\/www.rimocc.com\\\/#organization\"},\"alternateName\":\"Rimocc'\",\"potentialAction\":[{\"@type\":\"SearchAction\",\"target\":{\"@type\":\"EntryPoint\",\"urlTemplate\":\"https:\\\/\\\/www.rimocc.com\\\/?s={search_term_string}\"},\"query-input\":{\"@type\":\"PropertyValueSpecification\",\"valueRequired\":true,\"valueName\":\"search_term_string\"}}],\"inLanguage\":\"en-US\"},{\"@type\":\"Organization\",\"@id\":\"https:\\\/\\\/www.rimocc.com\\\/#organization\",\"name\":\"Rimocc'\",\"alternateName\":\"Rimocc\",\"url\":\"https:\\\/\\\/www.rimocc.com\\\/\",\"logo\":{\"@type\":\"ImageObject\",\"inLanguage\":\"en-US\",\"@id\":\"https:\\\/\\\/www.rimocc.com\\\/#\\\/schema\\\/logo\\\/image\\\/\",\"url\":\"https:\\\/\\\/i0.wp.com\\\/www.rimocc.com\\\/wp-content\\\/uploads\\\/2023\\\/07\\\/RIMOCC_LOGO.jpg?fit=459%2C114&ssl=1\",\"contentUrl\":\"https:\\\/\\\/i0.wp.com\\\/www.rimocc.com\\\/wp-content\\\/uploads\\\/2023\\\/07\\\/RIMOCC_LOGO.jpg?fit=459%2C114&ssl=1\",\"width\":459,\"height\":114,\"caption\":\"Rimocc'\"},\"image\":{\"@id\":\"https:\\\/\\\/www.rimocc.com\\\/#\\\/schema\\\/logo\\\/image\\\/\"},\"sameAs\":[\"https:\\\/\\\/www.facebook.com\\\/rimocclyon\\\/?locale=fr_FR\",\"https:\\\/\\\/www.instagram.com\\\/rimoccc\\\/?hl=fr\",\"https:\\\/\\\/www.tiktok.com\\\/@rimocc\",\"https:\\\/\\\/www.youtube.com\\\/@Rimocc\"]}]}<\/script>\n<!-- \/ Yoast SEO plugin. -->","yoast_head_json":{"title":"Rogers Powertone Butcher Block 22\" 12\" 13\" 16\" Vintage 70's - D\u00e9p\u00f4t Vente Batterie Percussion | Rimocc Lyon","description":"Batterie Rogers Powertone 1971 Fullerton. Finition Butcher Block, int\u00e9rieur gris et renforts de chanfreins. Le son vintage US par excellence !","robots":{"index":"index","follow":"follow","max-snippet":"max-snippet:-1","max-image-preview":"max-image-preview:large","max-video-preview":"max-video-preview:-1"},"canonical":"https:\/\/www.rimocc.com\/en\/product\/rogers-powertone-butcher-block-22-12-13-16-vintage-70s\/","og_locale":"en_US","og_type":"article","og_title":"Rogers Powertone Butcher Block 22\" 12\" 13\" 16\" Vintage 70's - D\u00e9p\u00f4t Vente Batterie Percussion | Rimocc Lyon","og_description":"Batterie Rogers Powertone 1971 Fullerton. Finition Butcher Block, int\u00e9rieur gris et renforts de chanfreins. Le son vintage US par excellence !","og_url":"https:\/\/www.rimocc.com\/en\/product\/rogers-powertone-butcher-block-22-12-13-16-vintage-70s\/","og_site_name":"D\u00e9p\u00f4t Vente Batterie Percussion | Rimocc Lyon","article_publisher":"https:\/\/www.facebook.com\/rimocclyon\/?locale=fr_FR","article_modified_time":"2025-12-17T14:44:26+00:00","og_image":[{"width":1920,"height":1920,"url":"https:\/\/www.rimocc.com\/wp-content\/uploads\/2025\/12\/Rogers-Powertone-Butcher-1.jpg","type":"image\/jpeg"}],"twitter_card":"summary_large_image","twitter_misc":{"Est. reading time":"3 minutes"},"schema":{"@context":"https:\/\/schema.org","@graph":[{"@type":"WebPage","@id":"https:\/\/www.rimocc.com\/product\/rogers-powertone-butcher-block-22-12-13-16-vintage-70s\/","url":"https:\/\/www.rimocc.com\/product\/rogers-powertone-butcher-block-22-12-13-16-vintage-70s\/","name":"Rogers Powertone Butcher Block 22\" 12\" 13\" 16\" Vintage 70's - D\u00e9p\u00f4t Vente Batterie Percussion | Rimocc Lyon","isPartOf":{"@id":"https:\/\/www.rimocc.com\/#website"},"primaryImageOfPage":{"@id":"https:\/\/www.rimocc.com\/product\/rogers-powertone-butcher-block-22-12-13-16-vintage-70s\/#primaryimage"},"image":{"@id":"https:\/\/www.rimocc.com\/product\/rogers-powertone-butcher-block-22-12-13-16-vintage-70s\/#primaryimage"},"thumbnailUrl":"https:\/\/www.rimocc.com\/wp-content\/uploads\/2025\/12\/Rogers-Powertone-Butcher-1.jpg","datePublished":"2025-12-17T14:40:27+00:00","dateModified":"2025-12-17T14:44:26+00:00","description":"Batterie Rogers Powertone 1971 Fullerton. Finition Butcher Block, int\u00e9rieur gris et renforts de chanfreins. Le son vintage US par excellence !","breadcrumb":{"@id":"https:\/\/www.rimocc.com\/product\/rogers-powertone-butcher-block-22-12-13-16-vintage-70s\/#breadcrumb"},"inLanguage":"en-US","potentialAction":[{"@type":"ReadAction","target":["https:\/\/www.rimocc.com\/product\/rogers-powertone-butcher-block-22-12-13-16-vintage-70s\/"]}]},{"@type":"ImageObject","inLanguage":"en-US","@id":"https:\/\/www.rimocc.com\/product\/rogers-powertone-butcher-block-22-12-13-16-vintage-70s\/#primaryimage","url":"https:\/\/www.rimocc.com\/wp-content\/uploads\/2025\/12\/Rogers-Powertone-Butcher-1.jpg","contentUrl":"https:\/\/www.rimocc.com\/wp-content\/uploads\/2025\/12\/Rogers-Powertone-Butcher-1.jpg","width":1920,"height":1920,"caption":"Rogers Powertone Butcher"},{"@type":"BreadcrumbList","@id":"https:\/\/www.rimocc.com\/product\/rogers-powertone-butcher-block-22-12-13-16-vintage-70s\/#breadcrumb","itemListElement":[{"@type":"ListItem","position":1,"name":"Home","item":"https:\/\/www.rimocc.com\/"},{"@type":"ListItem","position":2,"name":"Shop","item":"https:\/\/www.rimocc.com\/shop\/"},{"@type":"ListItem","position":3,"name":"Rogers Powertone Butcher Block 22&#8243; 12&#8243; 13&#8243; 16&#8243; Vintage 70&#8217;s"}]},{"@type":"WebSite","@id":"https:\/\/www.rimocc.com\/#website","url":"https:\/\/www.rimocc.com\/","name":"D\u00e9p\u00f4t Vente Batterie Percussion | Rimocc Lyon","description":"Rimocc: l&#039;unique magasin d\u00e9di\u00e9 enti\u00e8rement \u00e0 la batterie, percussion d&#039;occasion et vintage \u00e0 Lyon, France","publisher":{"@id":"https:\/\/www.rimocc.com\/#organization"},"alternateName":"Rimocc'","potentialAction":[{"@type":"SearchAction","target":{"@type":"EntryPoint","urlTemplate":"https:\/\/www.rimocc.com\/?s={search_term_string}"},"query-input":{"@type":"PropertyValueSpecification","valueRequired":true,"valueName":"search_term_string"}}],"inLanguage":"en-US"},{"@type":"Organization","@id":"https:\/\/www.rimocc.com\/#organization","name":"Rimocc'","alternateName":"Rimocc","url":"https:\/\/www.rimocc.com\/","logo":{"@type":"ImageObject","inLanguage":"en-US","@id":"https:\/\/www.rimocc.com\/#\/schema\/logo\/image\/","url":"https:\/\/i0.wp.com\/www.rimocc.com\/wp-content\/uploads\/2023\/07\/RIMOCC_LOGO.jpg?fit=459%2C114&ssl=1","contentUrl":"https:\/\/i0.wp.com\/www.rimocc.com\/wp-content\/uploads\/2023\/07\/RIMOCC_LOGO.jpg?fit=459%2C114&ssl=1","width":459,"height":114,"caption":"Rimocc'"},"image":{"@id":"https:\/\/www.rimocc.com\/#\/schema\/logo\/image\/"},"sameAs":["https:\/\/www.facebook.com\/rimocclyon\/?locale=fr_FR","https:\/\/www.instagram.com\/rimoccc\/?hl=fr","https:\/\/www.tiktok.com\/@rimocc","https:\/\/www.youtube.com\/@Rimocc"]}]}},"jetpack_publicize_connections":[],"jetpack_sharing_enabled":true,"_links":{"self":[{"href":"https:\/\/www.rimocc.com\/en\/wp-json\/wp\/v2\/product\/16728","targetHints":{"allow":["GET"]}}],"collection":[{"href":"https:\/\/www.rimocc.com\/en\/wp-json\/wp\/v2\/product"}],"about":[{"href":"https:\/\/www.rimocc.com\/en\/wp-json\/wp\/v2\/types\/product"}],"replies":[{"embeddable":true,"href":"https:\/\/www.rimocc.com\/en\/wp-json\/wp\/v2\/comments?post=16728"}],"wp:featuredmedia":[{"embeddable":true,"href":"https:\/\/www.rimocc.com\/en\/wp-json\/wp\/v2\/media\/16727"}],"wp:attachment":[{"href":"https:\/\/www.rimocc.com\/en\/wp-json\/wp\/v2\/media?parent=16728"}],"wp:term":[{"taxonomy":"product_brand","embeddable":true,"href":"https:\/\/www.rimocc.com\/en\/wp-json\/wp\/v2\/product_brand?post=16728"},{"taxonomy":"product_cat","embeddable":true,"href":"https:\/\/www.rimocc.com\/en\/wp-json\/wp\/v2\/product_cat?post=16728"},{"taxonomy":"product_tag","embeddable":true,"href":"https:\/\/www.rimocc.com\/en\/wp-json\/wp\/v2\/product_tag?post=16728"}],"curies":[{"name":"wp","href":"https:\/\/api.w.org\/{rel}","templated":true}]}}