{"id":16699,"date":"2025-12-14T09:03:34","date_gmt":"2025-12-14T08:03:34","guid":{"rendered":"https:\/\/www.rimocc.com\/?post_type=product&#038;p=16699"},"modified":"2025-12-15T04:43:30","modified_gmt":"2025-12-15T03:43:30","slug":"meazzi-hollywood-president-18x14-12x8-16x16-multisound-new-sensitive-36-14x5","status":"publish","type":"product","link":"https:\/\/www.rimocc.com\/en\/product\/meazzi-hollywood-president-18x14-12x8-16x16-multisound-new-sensitive-36-14x5\/","title":{"rendered":"Meazzi Hollywood President 18&#215;14 12&#215;8 16&#215;16 Multisound + New Sensitive 36 14&#215;5"},"content":{"rendered":"<p>Meazzi Hollywood President 18&#215;14 12&#215;8 16&#215;16 Multisound + New Sensitive 36 14&#215;5 Vintage 60&rsquo;s<br \/>\n(16&#215;16 Multisound + New Sensitive 36 14&#215;5, \u00e9tat proche collection) !!Rares!!<br \/>\nGrosse caisse et toms, rhodoid \u00e0 refaire, et support tom gc et fixation chang\u00e9s pour des plus modernes<br \/>\nEquip\u00e9e de tout le hardware sauf perchette grosse caisse (\u00e9tat collection)<br \/>\nS\u00e9rie Hollywood President Concue pour et r\u00e9alis\u00e9e avec Max Roach<br \/>\nMade in Italy<\/p>\n<p><strong>\u00ab\u00a0Enl\u00e8vement sur place privil\u00e9gi\u00e9 mais envoi possible dans toute la France sur devis s\u00e9par\u00e9 &#8211; merci de s\u00e9lectionner l&rsquo;option \u00ab\u00a0retrait en magasin\u00a0\u00bb et nous vous ferons parvenir un devis s\u00e9par\u00e9 pour la livraison, \u00e0 r\u00e9gler s\u00e9par\u00e9ment<\/strong><br \/>\n<strong>International order, pick-up ONLY\u00a0\u00bb<\/strong><\/p>\n<div id=\"model-response-message-contentr_78393ed8fa0d5fa0\" class=\"markdown markdown-main-panel enable-updated-hr-color\" dir=\"ltr\" aria-live=\"off\" aria-busy=\"false\">\n<p data-path-to-node=\"4\"><span class=\"citation-3\">La <\/span><b><span class=\"citation-3\">Batterie Meazzi Hollywood President<\/span><\/b><span class=\"citation-3\"> est un kit historique \u00ab\u00a0Made in Italy\u00a0\u00bb des ann\u00e9es 1960, cr\u00e9\u00e9 en collaboration avec le virtuose <\/span><b><span class=\"citation-3\">Max Roach<\/span><\/b><span class=\"citation-3 citation-end-3\">.<\/span> Cette configuration est extr\u00eamement <b>rare<\/b> et se distingue par l&rsquo;int\u00e9gration du syst\u00e8me r\u00e9volutionnaire <b>Multisound<\/b> sur le tom basse (16&#215;16) et de la caisse claire New Sensitive 36 14&#215;5, mod\u00e8le <b>embl\u00e9matique<\/b> \u00e0 double d\u00e9clencheur et timbre. Ce kit repr\u00e9sente l&rsquo;apog\u00e9e de l&rsquo;innovation italienne de l&rsquo;\u00e9poque<br \/>\nIl s&rsquo;agit d&rsquo;une pi\u00e8ce de collection incontournable pour les puristes et les mus\u00e9es.<\/p>\n<h3 data-path-to-node=\"5\">Le <b>Syst\u00e8me Multisound<\/b> : Une <b>Innovation<\/b> Technique Majeure (Tom Basse 16&#215;16)<\/h3>\n<p data-path-to-node=\"6\">Le tom basse de 16&#215;16 pouces de ce kit n&rsquo;est pas un tom standard ; il est \u00e9quip\u00e9 du syst\u00e8me <b>Multisound<\/b>, transformant l&rsquo;instrument en une v\u00e9ritable <b>timbale \u00e0 p\u00e9dale<\/b> miniature. Ce m\u00e9canisme permet de modifier la hauteur du son de mani\u00e8re continue (<i>Glissando<\/i>) pendant le jeu, offrant des possibilit\u00e9s m\u00e9lodiques in\u00e9dites sur une batterie.<\/p>\n<h4 data-path-to-node=\"7\"><b>Fonctionnement M\u00e9canique R\u00e9volutionnaire<\/b><\/h4>\n<p data-path-to-node=\"8\">Ce syst\u00e8me sophistiqu\u00e9 fonctionne comme suit :<\/p>\n<ul data-path-to-node=\"9\">\n<li>\n<p data-path-to-node=\"9,0,0\"><b>Tension et P\u00e9dale :<\/b> La tension de la peau est ajust\u00e9e par une <b>p\u00e9dale externe<\/b>. Lorsque l&rsquo;on applique ou rel\u00e2che la pression sur cette p\u00e9dale, la hauteur du son de la timbale change instantan\u00e9ment, couvrant un intervalle d&rsquo;une <b>sixte<\/b>.<\/p>\n<\/li>\n<li>\n<p data-path-to-node=\"9,1,0\"><b>Transmission du Mouvement :<\/b> Le cerclage sup\u00e9rieur m\u00e9tallique est abaiss\u00e9 pour ajuster la tension. Ce cercle est reli\u00e9 \u00e0 <b>huit carters de tension oscillants (lugs)<\/b> qui transmettent leur mouvement \u00e0 un <b>pivot central<\/b> via huit leviers.<\/p>\n<\/li>\n<li>\n<p data-path-to-node=\"9,2,0\"><b>Fluidit\u00e9 et Pr\u00e9cision :<\/b> Le pivot central est lui-m\u00eame connect\u00e9 \u00e0 un bras rotatif fix\u00e9 au f\u00fbt par des <b>joints \u00e0 rotule<\/b>. Cette conception ing\u00e9nieuse <b>\u00e9limine toute friction<\/b> et assure un fonctionnement \u00ab\u00a0doux et silencieux\u00a0\u00bb, permettant des variations de ton pr\u00e9cises et rapides sans \u00e0-coups.<\/p>\n<\/li>\n<\/ul>\n<p data-path-to-node=\"10\">Gr\u00e2ce \u00e0 cette technologie, le <b>Meazzi Multisound<\/b> offre : 1) Des effets de <i>Glissando<\/i>, 2) La possibilit\u00e9 de jouer des notes formant des accords, et 3) Un <b>rendu acoustique magnifique<\/b> avec des changements de tonalit\u00e9 imm\u00e9diats.<\/p>\n<p data-path-to-node=\"13\"><b>Caisse claire New Sensitive 36 14&#215;5: d<\/b>ouble d\u00e9clencheur ind\u00e9pendant <b>:<\/b> La caisse claire est dot\u00e9e de <b>deux m\u00e9canismes de d\u00e9clenchement (Strainers)<\/b> ind\u00e9pendants, permettant de g\u00e9rer <b>deux jeux de timbres diff\u00e9rents<\/b> ou de les r\u00e9gler avec des tensions distinctes.<\/p>\n<p><a href=\"https:\/\/www.rimocc.com\/en\/product-category\/batterie\/\">https:\/\/www.rimocc.com\/product-category\/batterie\/<\/a><\/p>\n<p class=\"responsive-video-wrap clr\"><iframe title=\"Meazzi Hollywood President @Rimocc\" width=\"563\" height=\"1000\" src=\"https:\/\/www.youtube.com\/embed\/7flsIBk-2lA?feature=oembed\" frameborder=\"0\" allow=\"accelerometer; autoplay; clipboard-write; encrypted-media; gyroscope; picture-in-picture; web-share\" referrerpolicy=\"strict-origin-when-cross-origin\" allowfullscreen><\/iframe><\/p>\n<\/div>","protected":false},"excerpt":{"rendered":"<p>Meazzi Hollywood President 18&#215;14 12&#215;8 16&#215;16 Multisound + New Sensitive 36 14&#215;5 Vintage 60&rsquo;s (16&#215;16 Multisound + New Sensitive 36 14&#215;5, \u00e9tat proche collection) !!Rares!! Grosse caisse et toms, rhodoid \u00e0 refaire, et support tom gc et fixation chang\u00e9s pour des plus modernes Equip\u00e9e de tout le hardware sauf perchette grosse caisse (\u00e9tat collection) S\u00e9rie [&hellip;]<\/p>\n","protected":false},"featured_media":16698,"comment_status":"open","ping_status":"closed","template":"","meta":{"jetpack_publicize_message":"","jetpack_publicize_feature_enabled":true,"jetpack_social_post_already_shared":true,"jetpack_social_options":{"image_generator_settings":{"template":"highway","default_image_id":0,"font":"","enabled":false},"version":2}},"product_brand":[750],"product_cat":[20],"product_tag":[751],"class_list":{"0":"post-16699","1":"product","2":"type-product","3":"status-publish","4":"has-post-thumbnail","6":"product_brand-meazzi","7":"product_cat-batterie","8":"product_tag-meazzi","10":"entry","11":"has-media","13":"first","14":"outofstock","15":"shipping-taxable","16":"purchasable","17":"product-type-simple","18":"has-product-nav","19":"col","20":"span_1_of_3","21":"owp-content-center","22":"owp-thumbs-layout-horizontal","23":"owp-btn-normal","24":"owp-tabs-layout-horizontal"},"yoast_head":"<!-- This site is optimized with the Yoast SEO plugin v27.5 - https:\/\/yoast.com\/product\/yoast-seo-wordpress\/ -->\n<title>Meazzi Hollywood President 18x14 12x8 16x16 Multisound + New Sensitive 36 14x5 - D\u00e9p\u00f4t Vente Batterie Percussion | Rimocc Lyon<\/title>\n<meta name=\"description\" content=\"Batterie Meazzi Hollywood President RARE : Kit 18\/12\/16 Multisound (Timbales \u00e0 P\u00e9dale) + Caisse Claire New Sensitive 36. Collaboration Max Roach.\" \/>\n<meta name=\"robots\" content=\"index, follow, max-snippet:-1, max-image-preview:large, max-video-preview:-1\" \/>\n<link rel=\"canonical\" href=\"https:\/\/www.rimocc.com\/en\/product\/meazzi-hollywood-president-18x14-12x8-16x16-multisound-new-sensitive-36-14x5\/\" \/>\n<meta property=\"og:locale\" content=\"en_US\" \/>\n<meta property=\"og:type\" content=\"article\" \/>\n<meta property=\"og:title\" content=\"Meazzi Hollywood President 18x14 12x8 16x16 Multisound + New Sensitive 36 14x5 - D\u00e9p\u00f4t Vente Batterie Percussion | Rimocc Lyon\" \/>\n<meta property=\"og:description\" content=\"Batterie Meazzi Hollywood President RARE : Kit 18\/12\/16 Multisound (Timbales \u00e0 P\u00e9dale) + Caisse Claire New Sensitive 36. Collaboration Max Roach.\" \/>\n<meta property=\"og:url\" content=\"https:\/\/www.rimocc.com\/en\/product\/meazzi-hollywood-president-18x14-12x8-16x16-multisound-new-sensitive-36-14x5\/\" \/>\n<meta property=\"og:site_name\" content=\"D\u00e9p\u00f4t Vente Batterie Percussion | Rimocc Lyon\" \/>\n<meta property=\"article:publisher\" content=\"https:\/\/www.facebook.com\/rimocclyon\/?locale=fr_FR\" \/>\n<meta property=\"article:modified_time\" content=\"2025-12-15T03:43:30+00:00\" \/>\n<meta property=\"og:image\" content=\"https:\/\/www.rimocc.com\/wp-content\/uploads\/2025\/12\/Meazzi-Hollywood-President-1.jpg\" \/>\n\t<meta property=\"og:image:width\" content=\"1920\" \/>\n\t<meta property=\"og:image:height\" content=\"1920\" \/>\n\t<meta property=\"og:image:type\" content=\"image\/jpeg\" \/>\n<meta name=\"twitter:card\" content=\"summary_large_image\" \/>\n<meta name=\"twitter:label1\" content=\"Est. reading time\" \/>\n\t<meta name=\"twitter:data1\" content=\"3 minutes\" \/>\n<script type=\"application\/ld+json\" class=\"yoast-schema-graph\">{\"@context\":\"https:\\\/\\\/schema.org\",\"@graph\":[{\"@type\":\"WebPage\",\"@id\":\"https:\\\/\\\/www.rimocc.com\\\/product\\\/meazzi-hollywood-president-18x14-12x8-16x16-multisound-new-sensitive-36-14x5\\\/\",\"url\":\"https:\\\/\\\/www.rimocc.com\\\/product\\\/meazzi-hollywood-president-18x14-12x8-16x16-multisound-new-sensitive-36-14x5\\\/\",\"name\":\"Meazzi Hollywood President 18x14 12x8 16x16 Multisound + New Sensitive 36 14x5 - D\u00e9p\u00f4t Vente Batterie Percussion | Rimocc Lyon\",\"isPartOf\":{\"@id\":\"https:\\\/\\\/www.rimocc.com\\\/#website\"},\"primaryImageOfPage\":{\"@id\":\"https:\\\/\\\/www.rimocc.com\\\/product\\\/meazzi-hollywood-president-18x14-12x8-16x16-multisound-new-sensitive-36-14x5\\\/#primaryimage\"},\"image\":{\"@id\":\"https:\\\/\\\/www.rimocc.com\\\/product\\\/meazzi-hollywood-president-18x14-12x8-16x16-multisound-new-sensitive-36-14x5\\\/#primaryimage\"},\"thumbnailUrl\":\"https:\\\/\\\/www.rimocc.com\\\/wp-content\\\/uploads\\\/2025\\\/12\\\/Meazzi-Hollywood-President-1.jpg\",\"datePublished\":\"2025-12-14T08:03:34+00:00\",\"dateModified\":\"2025-12-15T03:43:30+00:00\",\"description\":\"Batterie Meazzi Hollywood President RARE : Kit 18\\\/12\\\/16 Multisound (Timbales \u00e0 P\u00e9dale) + Caisse Claire New Sensitive 36. Collaboration Max Roach.\",\"breadcrumb\":{\"@id\":\"https:\\\/\\\/www.rimocc.com\\\/product\\\/meazzi-hollywood-president-18x14-12x8-16x16-multisound-new-sensitive-36-14x5\\\/#breadcrumb\"},\"inLanguage\":\"en-US\",\"potentialAction\":[{\"@type\":\"ReadAction\",\"target\":[\"https:\\\/\\\/www.rimocc.com\\\/product\\\/meazzi-hollywood-president-18x14-12x8-16x16-multisound-new-sensitive-36-14x5\\\/\"]}]},{\"@type\":\"ImageObject\",\"inLanguage\":\"en-US\",\"@id\":\"https:\\\/\\\/www.rimocc.com\\\/product\\\/meazzi-hollywood-president-18x14-12x8-16x16-multisound-new-sensitive-36-14x5\\\/#primaryimage\",\"url\":\"https:\\\/\\\/www.rimocc.com\\\/wp-content\\\/uploads\\\/2025\\\/12\\\/Meazzi-Hollywood-President-1.jpg\",\"contentUrl\":\"https:\\\/\\\/www.rimocc.com\\\/wp-content\\\/uploads\\\/2025\\\/12\\\/Meazzi-Hollywood-President-1.jpg\",\"width\":1920,\"height\":1920,\"caption\":\"Meazzi Hollywood President\"},{\"@type\":\"BreadcrumbList\",\"@id\":\"https:\\\/\\\/www.rimocc.com\\\/product\\\/meazzi-hollywood-president-18x14-12x8-16x16-multisound-new-sensitive-36-14x5\\\/#breadcrumb\",\"itemListElement\":[{\"@type\":\"ListItem\",\"position\":1,\"name\":\"Home\",\"item\":\"https:\\\/\\\/www.rimocc.com\\\/\"},{\"@type\":\"ListItem\",\"position\":2,\"name\":\"Shop\",\"item\":\"https:\\\/\\\/www.rimocc.com\\\/shop\\\/\"},{\"@type\":\"ListItem\",\"position\":3,\"name\":\"Meazzi Hollywood President 18&#215;14 12&#215;8 16&#215;16 Multisound + New Sensitive 36 14&#215;5\"}]},{\"@type\":\"WebSite\",\"@id\":\"https:\\\/\\\/www.rimocc.com\\\/#website\",\"url\":\"https:\\\/\\\/www.rimocc.com\\\/\",\"name\":\"D\u00e9p\u00f4t Vente Batterie Percussion | Rimocc Lyon\",\"description\":\"Rimocc: l&#039;unique magasin d\u00e9di\u00e9 enti\u00e8rement \u00e0 la batterie, percussion d&#039;occasion et vintage \u00e0 Lyon, France\",\"publisher\":{\"@id\":\"https:\\\/\\\/www.rimocc.com\\\/#organization\"},\"alternateName\":\"Rimocc'\",\"potentialAction\":[{\"@type\":\"SearchAction\",\"target\":{\"@type\":\"EntryPoint\",\"urlTemplate\":\"https:\\\/\\\/www.rimocc.com\\\/?s={search_term_string}\"},\"query-input\":{\"@type\":\"PropertyValueSpecification\",\"valueRequired\":true,\"valueName\":\"search_term_string\"}}],\"inLanguage\":\"en-US\"},{\"@type\":\"Organization\",\"@id\":\"https:\\\/\\\/www.rimocc.com\\\/#organization\",\"name\":\"Rimocc'\",\"alternateName\":\"Rimocc\",\"url\":\"https:\\\/\\\/www.rimocc.com\\\/\",\"logo\":{\"@type\":\"ImageObject\",\"inLanguage\":\"en-US\",\"@id\":\"https:\\\/\\\/www.rimocc.com\\\/#\\\/schema\\\/logo\\\/image\\\/\",\"url\":\"https:\\\/\\\/i0.wp.com\\\/www.rimocc.com\\\/wp-content\\\/uploads\\\/2023\\\/07\\\/RIMOCC_LOGO.jpg?fit=459%2C114&ssl=1\",\"contentUrl\":\"https:\\\/\\\/i0.wp.com\\\/www.rimocc.com\\\/wp-content\\\/uploads\\\/2023\\\/07\\\/RIMOCC_LOGO.jpg?fit=459%2C114&ssl=1\",\"width\":459,\"height\":114,\"caption\":\"Rimocc'\"},\"image\":{\"@id\":\"https:\\\/\\\/www.rimocc.com\\\/#\\\/schema\\\/logo\\\/image\\\/\"},\"sameAs\":[\"https:\\\/\\\/www.facebook.com\\\/rimocclyon\\\/?locale=fr_FR\",\"https:\\\/\\\/www.instagram.com\\\/rimoccc\\\/?hl=fr\",\"https:\\\/\\\/www.tiktok.com\\\/@rimocc\",\"https:\\\/\\\/www.youtube.com\\\/@Rimocc\"]}]}<\/script>\n<!-- \/ Yoast SEO plugin. -->","yoast_head_json":{"title":"Meazzi Hollywood President 18x14 12x8 16x16 Multisound + New Sensitive 36 14x5 - D\u00e9p\u00f4t Vente Batterie Percussion | Rimocc Lyon","description":"Batterie Meazzi Hollywood President RARE : Kit 18\/12\/16 Multisound (Timbales \u00e0 P\u00e9dale) + Caisse Claire New Sensitive 36. Collaboration Max Roach.","robots":{"index":"index","follow":"follow","max-snippet":"max-snippet:-1","max-image-preview":"max-image-preview:large","max-video-preview":"max-video-preview:-1"},"canonical":"https:\/\/www.rimocc.com\/en\/product\/meazzi-hollywood-president-18x14-12x8-16x16-multisound-new-sensitive-36-14x5\/","og_locale":"en_US","og_type":"article","og_title":"Meazzi Hollywood President 18x14 12x8 16x16 Multisound + New Sensitive 36 14x5 - D\u00e9p\u00f4t Vente Batterie Percussion | Rimocc Lyon","og_description":"Batterie Meazzi Hollywood President RARE : Kit 18\/12\/16 Multisound (Timbales \u00e0 P\u00e9dale) + Caisse Claire New Sensitive 36. Collaboration Max Roach.","og_url":"https:\/\/www.rimocc.com\/en\/product\/meazzi-hollywood-president-18x14-12x8-16x16-multisound-new-sensitive-36-14x5\/","og_site_name":"D\u00e9p\u00f4t Vente Batterie Percussion | Rimocc Lyon","article_publisher":"https:\/\/www.facebook.com\/rimocclyon\/?locale=fr_FR","article_modified_time":"2025-12-15T03:43:30+00:00","og_image":[{"width":1920,"height":1920,"url":"https:\/\/www.rimocc.com\/wp-content\/uploads\/2025\/12\/Meazzi-Hollywood-President-1.jpg","type":"image\/jpeg"}],"twitter_card":"summary_large_image","twitter_misc":{"Est. reading time":"3 minutes"},"schema":{"@context":"https:\/\/schema.org","@graph":[{"@type":"WebPage","@id":"https:\/\/www.rimocc.com\/product\/meazzi-hollywood-president-18x14-12x8-16x16-multisound-new-sensitive-36-14x5\/","url":"https:\/\/www.rimocc.com\/product\/meazzi-hollywood-president-18x14-12x8-16x16-multisound-new-sensitive-36-14x5\/","name":"Meazzi Hollywood President 18x14 12x8 16x16 Multisound + New Sensitive 36 14x5 - D\u00e9p\u00f4t Vente Batterie Percussion | Rimocc Lyon","isPartOf":{"@id":"https:\/\/www.rimocc.com\/#website"},"primaryImageOfPage":{"@id":"https:\/\/www.rimocc.com\/product\/meazzi-hollywood-president-18x14-12x8-16x16-multisound-new-sensitive-36-14x5\/#primaryimage"},"image":{"@id":"https:\/\/www.rimocc.com\/product\/meazzi-hollywood-president-18x14-12x8-16x16-multisound-new-sensitive-36-14x5\/#primaryimage"},"thumbnailUrl":"https:\/\/www.rimocc.com\/wp-content\/uploads\/2025\/12\/Meazzi-Hollywood-President-1.jpg","datePublished":"2025-12-14T08:03:34+00:00","dateModified":"2025-12-15T03:43:30+00:00","description":"Batterie Meazzi Hollywood President RARE : Kit 18\/12\/16 Multisound (Timbales \u00e0 P\u00e9dale) + Caisse Claire New Sensitive 36. Collaboration Max Roach.","breadcrumb":{"@id":"https:\/\/www.rimocc.com\/product\/meazzi-hollywood-president-18x14-12x8-16x16-multisound-new-sensitive-36-14x5\/#breadcrumb"},"inLanguage":"en-US","potentialAction":[{"@type":"ReadAction","target":["https:\/\/www.rimocc.com\/product\/meazzi-hollywood-president-18x14-12x8-16x16-multisound-new-sensitive-36-14x5\/"]}]},{"@type":"ImageObject","inLanguage":"en-US","@id":"https:\/\/www.rimocc.com\/product\/meazzi-hollywood-president-18x14-12x8-16x16-multisound-new-sensitive-36-14x5\/#primaryimage","url":"https:\/\/www.rimocc.com\/wp-content\/uploads\/2025\/12\/Meazzi-Hollywood-President-1.jpg","contentUrl":"https:\/\/www.rimocc.com\/wp-content\/uploads\/2025\/12\/Meazzi-Hollywood-President-1.jpg","width":1920,"height":1920,"caption":"Meazzi Hollywood President"},{"@type":"BreadcrumbList","@id":"https:\/\/www.rimocc.com\/product\/meazzi-hollywood-president-18x14-12x8-16x16-multisound-new-sensitive-36-14x5\/#breadcrumb","itemListElement":[{"@type":"ListItem","position":1,"name":"Home","item":"https:\/\/www.rimocc.com\/"},{"@type":"ListItem","position":2,"name":"Shop","item":"https:\/\/www.rimocc.com\/shop\/"},{"@type":"ListItem","position":3,"name":"Meazzi Hollywood President 18&#215;14 12&#215;8 16&#215;16 Multisound + New Sensitive 36 14&#215;5"}]},{"@type":"WebSite","@id":"https:\/\/www.rimocc.com\/#website","url":"https:\/\/www.rimocc.com\/","name":"D\u00e9p\u00f4t Vente Batterie Percussion | Rimocc Lyon","description":"Rimocc: l&#039;unique magasin d\u00e9di\u00e9 enti\u00e8rement \u00e0 la batterie, percussion d&#039;occasion et vintage \u00e0 Lyon, France","publisher":{"@id":"https:\/\/www.rimocc.com\/#organization"},"alternateName":"Rimocc'","potentialAction":[{"@type":"SearchAction","target":{"@type":"EntryPoint","urlTemplate":"https:\/\/www.rimocc.com\/?s={search_term_string}"},"query-input":{"@type":"PropertyValueSpecification","valueRequired":true,"valueName":"search_term_string"}}],"inLanguage":"en-US"},{"@type":"Organization","@id":"https:\/\/www.rimocc.com\/#organization","name":"Rimocc'","alternateName":"Rimocc","url":"https:\/\/www.rimocc.com\/","logo":{"@type":"ImageObject","inLanguage":"en-US","@id":"https:\/\/www.rimocc.com\/#\/schema\/logo\/image\/","url":"https:\/\/i0.wp.com\/www.rimocc.com\/wp-content\/uploads\/2023\/07\/RIMOCC_LOGO.jpg?fit=459%2C114&ssl=1","contentUrl":"https:\/\/i0.wp.com\/www.rimocc.com\/wp-content\/uploads\/2023\/07\/RIMOCC_LOGO.jpg?fit=459%2C114&ssl=1","width":459,"height":114,"caption":"Rimocc'"},"image":{"@id":"https:\/\/www.rimocc.com\/#\/schema\/logo\/image\/"},"sameAs":["https:\/\/www.facebook.com\/rimocclyon\/?locale=fr_FR","https:\/\/www.instagram.com\/rimoccc\/?hl=fr","https:\/\/www.tiktok.com\/@rimocc","https:\/\/www.youtube.com\/@Rimocc"]}]}},"jetpack_publicize_connections":[],"jetpack_sharing_enabled":true,"_links":{"self":[{"href":"https:\/\/www.rimocc.com\/en\/wp-json\/wp\/v2\/product\/16699","targetHints":{"allow":["GET"]}}],"collection":[{"href":"https:\/\/www.rimocc.com\/en\/wp-json\/wp\/v2\/product"}],"about":[{"href":"https:\/\/www.rimocc.com\/en\/wp-json\/wp\/v2\/types\/product"}],"replies":[{"embeddable":true,"href":"https:\/\/www.rimocc.com\/en\/wp-json\/wp\/v2\/comments?post=16699"}],"wp:featuredmedia":[{"embeddable":true,"href":"https:\/\/www.rimocc.com\/en\/wp-json\/wp\/v2\/media\/16698"}],"wp:attachment":[{"href":"https:\/\/www.rimocc.com\/en\/wp-json\/wp\/v2\/media?parent=16699"}],"wp:term":[{"taxonomy":"product_brand","embeddable":true,"href":"https:\/\/www.rimocc.com\/en\/wp-json\/wp\/v2\/product_brand?post=16699"},{"taxonomy":"product_cat","embeddable":true,"href":"https:\/\/www.rimocc.com\/en\/wp-json\/wp\/v2\/product_cat?post=16699"},{"taxonomy":"product_tag","embeddable":true,"href":"https:\/\/www.rimocc.com\/en\/wp-json\/wp\/v2\/product_tag?post=16699"}],"curies":[{"name":"wp","href":"https:\/\/api.w.org\/{rel}","templated":true}]}}