{"id":16679,"date":"2025-12-12T18:05:12","date_gmt":"2025-12-12T17:05:12","guid":{"rendered":"https:\/\/www.rimocc.com\/?post_type=product&#038;p=16679"},"modified":"2025-12-13T10:49:26","modified_gmt":"2025-12-13T09:49:26","slug":"ludwig-pioneer-14x5-nob-vintage-30s","status":"publish","type":"product","link":"https:\/\/www.rimocc.com\/en\/product\/ludwig-pioneer-14x5-nob-vintage-30s\/","title":{"rendered":"Ludwig Pioneer 14&#215;5 NOB Vintage 30&rsquo;s"},"content":{"rendered":"<p>Ludwig Pioneer 14&#215;5 NOB Vintage 30&rsquo;s\u00a0 **Rare**<br \/>\nNickel Over Brass &#8211; Chicago USA<br \/>\nTr\u00e8s bon \u00e9tat g\u00e9n\u00e9ral<br \/>\nTout d&rsquo;origine sauf timbre (Grover)<br \/>\nPeau Top neuve (SD)<\/p>\n<p><strong>\u00ab\u00a0IMPORTANT\u00a0\u00bb: pour un envoi, merci de s\u00e9lectionner imp\u00e9rativement l&rsquo;option La Poste Colissimo avec signature afin que l&rsquo;assurance compl\u00e8te soit inclue (pas d&rsquo;option Mondial Relay)<\/strong><\/p>\n<p>&nbsp;<\/p>\n<div id=\"model-response-message-contentr_dc38cf7b920194d3\" class=\"markdown markdown-main-panel enable-updated-hr-color\" dir=\"ltr\" aria-live=\"off\" aria-busy=\"false\">\n<p data-path-to-node=\"4\">La s\u00e9rie Pioneer de Ludwig &amp; Ludwig, surtout celle des ann\u00e9es 1930, est c\u00e9l\u00e8bre pour son ing\u00e9nierie et sa qualit\u00e9 de fabrication.<\/p>\n<h4 data-path-to-node=\"5\">F\u00fbt et Mat\u00e9riaux : Le Secret de la Sonorit\u00e9 Cuivr\u00e9e et Riche<\/h4>\n<ul data-path-to-node=\"6\">\n<li>\n<p data-path-to-node=\"6,0,0\"><b><span class=\"citation-5\">Dimensions :<\/span><\/b> <b><span class=\"citation-5\">14 pouces<\/span><\/b><span class=\"citation-5\"> de diam\u00e8tre (35,56 cm) par <\/span><b><span class=\"citation-5\">5 pouces<\/span><\/b><span class=\"citation-5 citation-end-5\"> de profondeur (12,7 cm).<\/span> Ces <b>dimensions 14&#215;5<\/b> offrent un \u00e9quilibre parfait entre un son puissant et une r\u00e9ponse sensible, id\u00e9ales pour le jazz et les big bands de l&rsquo;\u00e9poque.<\/p>\n<\/li>\n<li>\n<p data-path-to-node=\"6,1,0\"><b>Mat\u00e9riau du F\u00fbt :<\/b> <b>Laiton<\/b> (Brass) \u2013 Le c\u0153ur du son. Le laiton est reconnu pour sa <b>chaleur<\/b> exceptionnelle, sa <b>r\u00e9sonance<\/b> riche et un son d&rsquo;une grande pl\u00e9nitude.<\/p>\n<\/li>\n<li>\n<p data-path-to-node=\"6,2,0\"><b><span class=\"citation-4\">Finition :<\/span><\/b> <b><span class=\"citation-4\">Nickel sur Laiton<\/span><\/b><span class=\"citation-4\"> (Nickel Over Brass &#8211; NOB) \u2013 Cette technique de placage au nickel sur la f\u00fbt en laiton ajoute une projection et un <\/span><i><span class=\"citation-4\">crack<\/span><\/i><span class=\"citation-4 citation-end-4\"> distinctifs, tout en offrant une esth\u00e9tique d&rsquo;\u00e9poque tr\u00e8s appr\u00e9ci\u00e9e.<\/span> <span class=\"citation-3\">Souvent, ces f\u00fbts sont \u00e0 <\/span><b><span class=\"citation-3\">pi\u00e8ce unique<\/span><\/b><span class=\"citation-3 citation-end-3\"> (one-piece brass shell) ou \u00e0 bords roul\u00e9s (beaded brass shell), garantissant une int\u00e9grit\u00e9 sonore maximale.<\/span><\/p>\n<\/li>\n<\/ul>\n<h4 data-path-to-node=\"7\">Accastillage et Composants Cl\u00e9s pour la Sensibilit\u00e9<\/h4>\n<table data-path-to-node=\"9\">\n<thead>\n<tr>\n<td><strong>Composant<\/strong><\/td>\n<td><strong>Sp\u00e9cification Technique<\/strong><\/td>\n<td><strong>Avantages Sonores et Historiques<\/strong><\/td>\n<\/tr>\n<\/thead>\n<tbody>\n<tr>\n<td><span data-path-to-node=\"9,1,0,0\"><b>Coquilles (Lugs)<\/b><\/span><\/td>\n<td><span data-path-to-node=\"9,1,1,0\">G\u00e9n\u00e9ralement <b>8 tirants<\/b> (8-lug design) de type <i>Tube Lugs<\/i>.<\/span><\/td>\n<td><span data-path-to-node=\"9,1,2,0\">Permet un accordage stable et une tension uniforme, conf\u00e9rant un son contr\u00f4l\u00e9 mais chaleureux, contrastant avec les mod\u00e8les 10 tirants.<\/span><\/td>\n<\/tr>\n<tr>\n<td><span data-path-to-node=\"9,2,0,0\"><b>Cercles<\/b><\/span><\/td>\n<td><span data-path-to-node=\"9,2,1,0\">Cercles \u00e0 <b>simple bride<\/b> (Single Flange Hoops) avec pinces (hoop clips).<\/span><\/td>\n<td><span data-path-to-node=\"9,2,2,0\">Ces cercles fins maximisent la r\u00e9sonance du f\u00fbt en laiton et sont un marqueur esth\u00e9tique et sonore fort des <b>batteries Ludwig 1930<\/b>.<\/span><\/td>\n<\/tr>\n<tr>\n<td><span data-path-to-node=\"9,3,0,0\"><b>D\u00e9clencheur (Strainer)<\/b><\/span><\/td>\n<td><span data-path-to-node=\"9,3,1,0\">Mod\u00e8le d&rsquo;\u00e9poque Ludwig &amp; Ludwig,\u00a0 le <b>P-338<\/b>\u00a0<\/span><\/td>\n<td><\/td>\n<\/tr>\n<tr>\n<td><span data-path-to-node=\"9,4,0,0\"><b>Timbres (Snare Wires)<\/b><\/span><\/td>\n<td><span data-path-to-node=\"9,4,1,0\">Anciens mod\u00e8les \u00e0 brins en soie\/fil ou modernes de remplacement (ex. Grover).<\/span><\/td>\n<td><\/td>\n<\/tr>\n<\/tbody>\n<\/table>\n<h3 data-path-to-node=\"10\">La Sonorit\u00e9 Incomparable de la Ludwig Pioneer NOB<\/h3>\n<p data-path-to-node=\"11\">Le son de cette <b>Ludwig Pioneer Nickel sur Laiton des ann\u00e9es 30<\/b> est l\u00e9gendaire. La combinaison du laiton fin et du placage nickel\u00e9 produit un son qui est \u00e0 la fois <b>chaud<\/b> et <b>m\u00e9tallique<\/b>. Par cons\u00e9quent, en jouant doucement, on obtient une <b>sensibilit\u00e9<\/b> impressionnante; mais quand on la frappe fort, la caisse claire offre un <b>volume<\/b> et un <i>rimshot<\/i> percutant (pop) sans \u00eatre \u00ab\u00a0criard\u00a0\u00bb.<\/p>\n<p><a href=\"https:\/\/www.rimocc.com\/en\/product-category\/caisse-claire\/\">https:\/\/www.rimocc.com\/product-category\/caisse-claire\/<\/a><br \/>\n<a href=\"https:\/\/www.ludwig-drums.com\/\">https:\/\/www.ludwig-drums.com\/<\/a><\/p>\n<\/div>","protected":false},"excerpt":{"rendered":"<p>Ludwig Pioneer 14&#215;5 NOB Vintage 30&rsquo;s\u00a0 **Rare** Nickel Over Brass &#8211; Chicago USA Tr\u00e8s bon \u00e9tat g\u00e9n\u00e9ral Tout d&rsquo;origine sauf timbre (Grover) Peau Top neuve (SD) \u00ab\u00a0IMPORTANT\u00a0\u00bb: pour un envoi, merci de s\u00e9lectionner imp\u00e9rativement l&rsquo;option La Poste Colissimo avec signature afin que l&rsquo;assurance compl\u00e8te soit inclue (pas d&rsquo;option Mondial Relay) &nbsp; La s\u00e9rie Pioneer de [&hellip;]<\/p>\n","protected":false},"featured_media":16678,"comment_status":"open","ping_status":"closed","template":"","meta":{"jetpack_publicize_message":"","jetpack_publicize_feature_enabled":true,"jetpack_social_post_already_shared":true,"jetpack_social_options":{"image_generator_settings":{"template":"highway","default_image_id":0,"font":"","enabled":false},"version":2}},"product_brand":[669],"product_cat":[25],"product_tag":[93],"class_list":{"0":"post-16679","1":"product","2":"type-product","3":"status-publish","4":"has-post-thumbnail","6":"product_brand-ludwig","7":"product_cat-caisse-claire","8":"product_tag-ludwig","10":"entry","11":"has-media","13":"first","14":"outofstock","15":"shipping-taxable","16":"purchasable","17":"product-type-simple","18":"has-product-nav","19":"col","20":"span_1_of_3","21":"owp-content-center","22":"owp-thumbs-layout-horizontal","23":"owp-btn-normal","24":"owp-tabs-layout-horizontal"},"yoast_head":"<!-- This site is optimized with the Yoast SEO plugin v27.4 - https:\/\/yoast.com\/product\/yoast-seo-wordpress\/ -->\n<title>Ludwig Pioneer 14x5 NOB Vintage 30&#039;s - D\u00e9p\u00f4t Vente Batterie Percussion | Rimocc Lyon<\/title>\n<meta name=\"description\" content=\"Ludwig Pioneer 14x5 Nickel sur Laiton (NOB) Vintage 1930s en tr\u00e8s bon \u00e9tat. Le son chaud et puissant du laiton nickel\u00e9 d&#039;\u00e9poque. Pi\u00e8ce de collection !\" \/>\n<meta name=\"robots\" content=\"index, follow, max-snippet:-1, max-image-preview:large, max-video-preview:-1\" \/>\n<link rel=\"canonical\" href=\"https:\/\/www.rimocc.com\/en\/product\/ludwig-pioneer-14x5-nob-vintage-30s\/\" \/>\n<meta property=\"og:locale\" content=\"en_US\" \/>\n<meta property=\"og:type\" content=\"article\" \/>\n<meta property=\"og:title\" content=\"Ludwig Pioneer 14x5 NOB Vintage 30&#039;s - D\u00e9p\u00f4t Vente Batterie Percussion | Rimocc Lyon\" \/>\n<meta property=\"og:description\" content=\"Ludwig Pioneer 14x5 Nickel sur Laiton (NOB) Vintage 1930s en tr\u00e8s bon \u00e9tat. Le son chaud et puissant du laiton nickel\u00e9 d&#039;\u00e9poque. Pi\u00e8ce de collection !\" \/>\n<meta property=\"og:url\" content=\"https:\/\/www.rimocc.com\/en\/product\/ludwig-pioneer-14x5-nob-vintage-30s\/\" \/>\n<meta property=\"og:site_name\" content=\"D\u00e9p\u00f4t Vente Batterie Percussion | Rimocc Lyon\" \/>\n<meta property=\"article:publisher\" content=\"https:\/\/www.facebook.com\/rimocclyon\/?locale=fr_FR\" \/>\n<meta property=\"article:modified_time\" content=\"2025-12-13T09:49:26+00:00\" \/>\n<meta property=\"og:image\" content=\"https:\/\/www.rimocc.com\/wp-content\/uploads\/2025\/12\/Ludwig-Pioneer-14x5-NOB-1.jpg\" \/>\n\t<meta property=\"og:image:width\" content=\"1920\" \/>\n\t<meta property=\"og:image:height\" content=\"1920\" \/>\n\t<meta property=\"og:image:type\" content=\"image\/jpeg\" \/>\n<meta name=\"twitter:card\" content=\"summary_large_image\" \/>\n<meta name=\"twitter:label1\" content=\"Est. reading time\" \/>\n\t<meta name=\"twitter:data1\" content=\"2 minutes\" \/>\n<script type=\"application\/ld+json\" class=\"yoast-schema-graph\">{\"@context\":\"https:\\\/\\\/schema.org\",\"@graph\":[{\"@type\":\"WebPage\",\"@id\":\"https:\\\/\\\/www.rimocc.com\\\/product\\\/ludwig-pioneer-14x5-nob-vintage-30s\\\/\",\"url\":\"https:\\\/\\\/www.rimocc.com\\\/product\\\/ludwig-pioneer-14x5-nob-vintage-30s\\\/\",\"name\":\"Ludwig Pioneer 14x5 NOB Vintage 30's - D\u00e9p\u00f4t Vente Batterie Percussion | Rimocc Lyon\",\"isPartOf\":{\"@id\":\"https:\\\/\\\/www.rimocc.com\\\/#website\"},\"primaryImageOfPage\":{\"@id\":\"https:\\\/\\\/www.rimocc.com\\\/product\\\/ludwig-pioneer-14x5-nob-vintage-30s\\\/#primaryimage\"},\"image\":{\"@id\":\"https:\\\/\\\/www.rimocc.com\\\/product\\\/ludwig-pioneer-14x5-nob-vintage-30s\\\/#primaryimage\"},\"thumbnailUrl\":\"https:\\\/\\\/www.rimocc.com\\\/wp-content\\\/uploads\\\/2025\\\/12\\\/Ludwig-Pioneer-14x5-NOB-1.jpg\",\"datePublished\":\"2025-12-12T17:05:12+00:00\",\"dateModified\":\"2025-12-13T09:49:26+00:00\",\"description\":\"Ludwig Pioneer 14x5 Nickel sur Laiton (NOB) Vintage 1930s en tr\u00e8s bon \u00e9tat. Le son chaud et puissant du laiton nickel\u00e9 d'\u00e9poque. Pi\u00e8ce de collection !\",\"breadcrumb\":{\"@id\":\"https:\\\/\\\/www.rimocc.com\\\/product\\\/ludwig-pioneer-14x5-nob-vintage-30s\\\/#breadcrumb\"},\"inLanguage\":\"en-US\",\"potentialAction\":[{\"@type\":\"ReadAction\",\"target\":[\"https:\\\/\\\/www.rimocc.com\\\/product\\\/ludwig-pioneer-14x5-nob-vintage-30s\\\/\"]}]},{\"@type\":\"ImageObject\",\"inLanguage\":\"en-US\",\"@id\":\"https:\\\/\\\/www.rimocc.com\\\/product\\\/ludwig-pioneer-14x5-nob-vintage-30s\\\/#primaryimage\",\"url\":\"https:\\\/\\\/www.rimocc.com\\\/wp-content\\\/uploads\\\/2025\\\/12\\\/Ludwig-Pioneer-14x5-NOB-1.jpg\",\"contentUrl\":\"https:\\\/\\\/www.rimocc.com\\\/wp-content\\\/uploads\\\/2025\\\/12\\\/Ludwig-Pioneer-14x5-NOB-1.jpg\",\"width\":1920,\"height\":1920,\"caption\":\"Ludwig Pioneer 14x5 NOB Vintage 30's\"},{\"@type\":\"BreadcrumbList\",\"@id\":\"https:\\\/\\\/www.rimocc.com\\\/product\\\/ludwig-pioneer-14x5-nob-vintage-30s\\\/#breadcrumb\",\"itemListElement\":[{\"@type\":\"ListItem\",\"position\":1,\"name\":\"Home\",\"item\":\"https:\\\/\\\/www.rimocc.com\\\/\"},{\"@type\":\"ListItem\",\"position\":2,\"name\":\"Shop\",\"item\":\"https:\\\/\\\/www.rimocc.com\\\/shop\\\/\"},{\"@type\":\"ListItem\",\"position\":3,\"name\":\"Ludwig Pioneer 14&#215;5 NOB Vintage 30&#8217;s\"}]},{\"@type\":\"WebSite\",\"@id\":\"https:\\\/\\\/www.rimocc.com\\\/#website\",\"url\":\"https:\\\/\\\/www.rimocc.com\\\/\",\"name\":\"D\u00e9p\u00f4t Vente Batterie Percussion | Rimocc Lyon\",\"description\":\"Rimocc: l&#039;unique magasin d\u00e9di\u00e9 enti\u00e8rement \u00e0 la batterie, percussion d&#039;occasion et vintage \u00e0 Lyon, France\",\"publisher\":{\"@id\":\"https:\\\/\\\/www.rimocc.com\\\/#organization\"},\"alternateName\":\"Rimocc'\",\"potentialAction\":[{\"@type\":\"SearchAction\",\"target\":{\"@type\":\"EntryPoint\",\"urlTemplate\":\"https:\\\/\\\/www.rimocc.com\\\/?s={search_term_string}\"},\"query-input\":{\"@type\":\"PropertyValueSpecification\",\"valueRequired\":true,\"valueName\":\"search_term_string\"}}],\"inLanguage\":\"en-US\"},{\"@type\":\"Organization\",\"@id\":\"https:\\\/\\\/www.rimocc.com\\\/#organization\",\"name\":\"Rimocc'\",\"alternateName\":\"Rimocc\",\"url\":\"https:\\\/\\\/www.rimocc.com\\\/\",\"logo\":{\"@type\":\"ImageObject\",\"inLanguage\":\"en-US\",\"@id\":\"https:\\\/\\\/www.rimocc.com\\\/#\\\/schema\\\/logo\\\/image\\\/\",\"url\":\"https:\\\/\\\/i0.wp.com\\\/www.rimocc.com\\\/wp-content\\\/uploads\\\/2023\\\/07\\\/RIMOCC_LOGO.jpg?fit=459%2C114&ssl=1\",\"contentUrl\":\"https:\\\/\\\/i0.wp.com\\\/www.rimocc.com\\\/wp-content\\\/uploads\\\/2023\\\/07\\\/RIMOCC_LOGO.jpg?fit=459%2C114&ssl=1\",\"width\":459,\"height\":114,\"caption\":\"Rimocc'\"},\"image\":{\"@id\":\"https:\\\/\\\/www.rimocc.com\\\/#\\\/schema\\\/logo\\\/image\\\/\"},\"sameAs\":[\"https:\\\/\\\/www.facebook.com\\\/rimocclyon\\\/?locale=fr_FR\",\"https:\\\/\\\/www.instagram.com\\\/rimoccc\\\/?hl=fr\",\"https:\\\/\\\/www.tiktok.com\\\/@rimocc\",\"https:\\\/\\\/www.youtube.com\\\/@Rimocc\"]}]}<\/script>\n<!-- \/ Yoast SEO plugin. -->","yoast_head_json":{"title":"Ludwig Pioneer 14x5 NOB Vintage 30's - D\u00e9p\u00f4t Vente Batterie Percussion | Rimocc Lyon","description":"Ludwig Pioneer 14x5 Nickel sur Laiton (NOB) Vintage 1930s en tr\u00e8s bon \u00e9tat. Le son chaud et puissant du laiton nickel\u00e9 d'\u00e9poque. Pi\u00e8ce de collection !","robots":{"index":"index","follow":"follow","max-snippet":"max-snippet:-1","max-image-preview":"max-image-preview:large","max-video-preview":"max-video-preview:-1"},"canonical":"https:\/\/www.rimocc.com\/en\/product\/ludwig-pioneer-14x5-nob-vintage-30s\/","og_locale":"en_US","og_type":"article","og_title":"Ludwig Pioneer 14x5 NOB Vintage 30's - D\u00e9p\u00f4t Vente Batterie Percussion | Rimocc Lyon","og_description":"Ludwig Pioneer 14x5 Nickel sur Laiton (NOB) Vintage 1930s en tr\u00e8s bon \u00e9tat. Le son chaud et puissant du laiton nickel\u00e9 d'\u00e9poque. Pi\u00e8ce de collection !","og_url":"https:\/\/www.rimocc.com\/en\/product\/ludwig-pioneer-14x5-nob-vintage-30s\/","og_site_name":"D\u00e9p\u00f4t Vente Batterie Percussion | Rimocc Lyon","article_publisher":"https:\/\/www.facebook.com\/rimocclyon\/?locale=fr_FR","article_modified_time":"2025-12-13T09:49:26+00:00","og_image":[{"width":1920,"height":1920,"url":"https:\/\/www.rimocc.com\/wp-content\/uploads\/2025\/12\/Ludwig-Pioneer-14x5-NOB-1.jpg","type":"image\/jpeg"}],"twitter_card":"summary_large_image","twitter_misc":{"Est. reading time":"2 minutes"},"schema":{"@context":"https:\/\/schema.org","@graph":[{"@type":"WebPage","@id":"https:\/\/www.rimocc.com\/product\/ludwig-pioneer-14x5-nob-vintage-30s\/","url":"https:\/\/www.rimocc.com\/product\/ludwig-pioneer-14x5-nob-vintage-30s\/","name":"Ludwig Pioneer 14x5 NOB Vintage 30's - D\u00e9p\u00f4t Vente Batterie Percussion | Rimocc Lyon","isPartOf":{"@id":"https:\/\/www.rimocc.com\/#website"},"primaryImageOfPage":{"@id":"https:\/\/www.rimocc.com\/product\/ludwig-pioneer-14x5-nob-vintage-30s\/#primaryimage"},"image":{"@id":"https:\/\/www.rimocc.com\/product\/ludwig-pioneer-14x5-nob-vintage-30s\/#primaryimage"},"thumbnailUrl":"https:\/\/www.rimocc.com\/wp-content\/uploads\/2025\/12\/Ludwig-Pioneer-14x5-NOB-1.jpg","datePublished":"2025-12-12T17:05:12+00:00","dateModified":"2025-12-13T09:49:26+00:00","description":"Ludwig Pioneer 14x5 Nickel sur Laiton (NOB) Vintage 1930s en tr\u00e8s bon \u00e9tat. Le son chaud et puissant du laiton nickel\u00e9 d'\u00e9poque. Pi\u00e8ce de collection !","breadcrumb":{"@id":"https:\/\/www.rimocc.com\/product\/ludwig-pioneer-14x5-nob-vintage-30s\/#breadcrumb"},"inLanguage":"en-US","potentialAction":[{"@type":"ReadAction","target":["https:\/\/www.rimocc.com\/product\/ludwig-pioneer-14x5-nob-vintage-30s\/"]}]},{"@type":"ImageObject","inLanguage":"en-US","@id":"https:\/\/www.rimocc.com\/product\/ludwig-pioneer-14x5-nob-vintage-30s\/#primaryimage","url":"https:\/\/www.rimocc.com\/wp-content\/uploads\/2025\/12\/Ludwig-Pioneer-14x5-NOB-1.jpg","contentUrl":"https:\/\/www.rimocc.com\/wp-content\/uploads\/2025\/12\/Ludwig-Pioneer-14x5-NOB-1.jpg","width":1920,"height":1920,"caption":"Ludwig Pioneer 14x5 NOB Vintage 30's"},{"@type":"BreadcrumbList","@id":"https:\/\/www.rimocc.com\/product\/ludwig-pioneer-14x5-nob-vintage-30s\/#breadcrumb","itemListElement":[{"@type":"ListItem","position":1,"name":"Home","item":"https:\/\/www.rimocc.com\/"},{"@type":"ListItem","position":2,"name":"Shop","item":"https:\/\/www.rimocc.com\/shop\/"},{"@type":"ListItem","position":3,"name":"Ludwig Pioneer 14&#215;5 NOB Vintage 30&#8217;s"}]},{"@type":"WebSite","@id":"https:\/\/www.rimocc.com\/#website","url":"https:\/\/www.rimocc.com\/","name":"D\u00e9p\u00f4t Vente Batterie Percussion | Rimocc Lyon","description":"Rimocc: l&#039;unique magasin d\u00e9di\u00e9 enti\u00e8rement \u00e0 la batterie, percussion d&#039;occasion et vintage \u00e0 Lyon, France","publisher":{"@id":"https:\/\/www.rimocc.com\/#organization"},"alternateName":"Rimocc'","potentialAction":[{"@type":"SearchAction","target":{"@type":"EntryPoint","urlTemplate":"https:\/\/www.rimocc.com\/?s={search_term_string}"},"query-input":{"@type":"PropertyValueSpecification","valueRequired":true,"valueName":"search_term_string"}}],"inLanguage":"en-US"},{"@type":"Organization","@id":"https:\/\/www.rimocc.com\/#organization","name":"Rimocc'","alternateName":"Rimocc","url":"https:\/\/www.rimocc.com\/","logo":{"@type":"ImageObject","inLanguage":"en-US","@id":"https:\/\/www.rimocc.com\/#\/schema\/logo\/image\/","url":"https:\/\/i0.wp.com\/www.rimocc.com\/wp-content\/uploads\/2023\/07\/RIMOCC_LOGO.jpg?fit=459%2C114&ssl=1","contentUrl":"https:\/\/i0.wp.com\/www.rimocc.com\/wp-content\/uploads\/2023\/07\/RIMOCC_LOGO.jpg?fit=459%2C114&ssl=1","width":459,"height":114,"caption":"Rimocc'"},"image":{"@id":"https:\/\/www.rimocc.com\/#\/schema\/logo\/image\/"},"sameAs":["https:\/\/www.facebook.com\/rimocclyon\/?locale=fr_FR","https:\/\/www.instagram.com\/rimoccc\/?hl=fr","https:\/\/www.tiktok.com\/@rimocc","https:\/\/www.youtube.com\/@Rimocc"]}]}},"jetpack_publicize_connections":[],"jetpack_sharing_enabled":true,"_links":{"self":[{"href":"https:\/\/www.rimocc.com\/en\/wp-json\/wp\/v2\/product\/16679","targetHints":{"allow":["GET"]}}],"collection":[{"href":"https:\/\/www.rimocc.com\/en\/wp-json\/wp\/v2\/product"}],"about":[{"href":"https:\/\/www.rimocc.com\/en\/wp-json\/wp\/v2\/types\/product"}],"replies":[{"embeddable":true,"href":"https:\/\/www.rimocc.com\/en\/wp-json\/wp\/v2\/comments?post=16679"}],"wp:featuredmedia":[{"embeddable":true,"href":"https:\/\/www.rimocc.com\/en\/wp-json\/wp\/v2\/media\/16678"}],"wp:attachment":[{"href":"https:\/\/www.rimocc.com\/en\/wp-json\/wp\/v2\/media?parent=16679"}],"wp:term":[{"taxonomy":"product_brand","embeddable":true,"href":"https:\/\/www.rimocc.com\/en\/wp-json\/wp\/v2\/product_brand?post=16679"},{"taxonomy":"product_cat","embeddable":true,"href":"https:\/\/www.rimocc.com\/en\/wp-json\/wp\/v2\/product_cat?post=16679"},{"taxonomy":"product_tag","embeddable":true,"href":"https:\/\/www.rimocc.com\/en\/wp-json\/wp\/v2\/product_tag?post=16679"}],"curies":[{"name":"wp","href":"https:\/\/api.w.org\/{rel}","templated":true}]}}