{"id":16660,"date":"2025-12-10T16:59:23","date_gmt":"2025-12-10T15:59:23","guid":{"rendered":"https:\/\/www.rimocc.com\/?post_type=product&#038;p=16660"},"modified":"2025-12-10T18:37:40","modified_gmt":"2025-12-10T17:37:40","slug":"yamaha-dave-weckl-signature-14x55","status":"publish","type":"product","link":"https:\/\/www.rimocc.com\/en\/product\/yamaha-dave-weckl-signature-14x55\/","title":{"rendered":"Yamaha Dave Weckl Signature 14&#215;5,5"},"content":{"rendered":"<p>Yamaha Dave Weckl Signature 14&#215;5,5<br \/>\nMSD14ADW<br \/>\nEtat proche collection<br \/>\nToute d&rsquo;origine et compl\u00e8te<br \/>\nPeau top neuve (r\u00e9so Yamaha d&rsquo;origine)<\/p>\n<p><strong>\u00ab\u00a0IMPORTANT\u00a0\u00bb: pour un envoi, merci de s\u00e9lectionner imp\u00e9rativement l&rsquo;option La Poste Colissimo avec signature afin que l&rsquo;assurance compl\u00e8te soit inclue (pas d&rsquo;option Mondial Relay)<\/strong><\/p>\n<div id=\"model-response-message-contentr_fe8ba3a4d6fae7a6\" class=\"markdown markdown-main-panel enable-updated-hr-color\" dir=\"ltr\" aria-live=\"off\" aria-busy=\"false\">\n<p data-path-to-node=\"3\">La caisse claire <b>Yamaha Dave Weckl Signature MSD14ADW<\/b> (14&Prime; x 5,5&Prime;) repr\u00e9sente l&rsquo;aboutissement de la collaboration entre le l\u00e9gendaire batteur <b>Dave Weckl<\/b> et les artisans de Yamaha. Cette caisse claire <b>haut de gamme<\/b> est con\u00e7ue pour les batteurs exigeants qui recherchent une polyvalence, une sensibilit\u00e9 et une puissance de son sans compromis. Gr\u00e2ce \u00e0 ses caract\u00e9ristiques techniques uniques et innovantes, cette caisse claire <b>haut de gamme <\/b>s&rsquo;impose comme un incontournable\u00a0et est imm\u00e9diatement reconnaissable.<\/p>\n<h3 data-path-to-node=\"4\">Caract\u00e9ristiques Techniques Cl\u00e9s pour un <b>Son de Caisse Claire Inimitable<\/b><\/h3>\n<p data-path-to-node=\"5\">Afin d&rsquo;offrir la sonorit\u00e9 riche et articul\u00e9e que l&rsquo;on attend d&rsquo;un instrument <b>Signature<\/b>, Yamaha a m\u00e9ticuleusement s\u00e9lectionn\u00e9 des mat\u00e9riaux et des sp\u00e9cifications de fabrication de premier ordre.<\/p>\n<table data-path-to-node=\"6\">\n<thead>\n<tr>\n<td><strong>Caract\u00e9ristique<\/strong><\/td>\n<td><strong>Sp\u00e9cification D\u00e9taill\u00e9e<\/strong><\/td>\n<td><strong>Avantage Sonore et Technique<\/strong><\/td>\n<\/tr>\n<\/thead>\n<tbody>\n<tr>\n<td><span data-path-to-node=\"6,1,0,0\"><b>Mod\u00e8le<\/b><\/span><\/td>\n<td><span data-path-to-node=\"6,1,1,0\"><b>MSD14ADW Dave Weckl Signature<\/b><\/span><\/td>\n<td><span data-path-to-node=\"6,1,2,0\">R\u00e9f\u00e9rence mondiale pour les <b>caisse claires Maple<\/b> polyvalentes.<\/span><\/td>\n<\/tr>\n<tr>\n<td><span data-path-to-node=\"6,2,0,0\"><b>Dimensions<\/b><\/span><\/td>\n<td><span data-path-to-node=\"6,2,1,0\">14&Prime; x 5,5&Prime; (Diam\u00e8tre x Profondeur)<\/span><\/td>\n<td><span data-path-to-node=\"6,2,2,0\">Un format classique mais optimis\u00e9 pour une grande <b>polyvalence de r\u00e9glage<\/b> (du gras et profond au claquant et coupant).<\/span><\/td>\n<\/tr>\n<tr>\n<td><span data-path-to-node=\"6,3,0,0\"><b>F\u00fbt (Shell)<\/b><\/span><\/td>\n<td><span data-path-to-node=\"6,3,1,0\">\u00c9rable (Maple) 6 plis (environ 6 mm)<\/span><\/td>\n<td><span data-path-to-node=\"6,3,2,0\">L&rsquo;\u00c9rable (Maple) est reconnu pour sa <b>chaleur, sa richesse harmonique<\/b> et son <i>large \u00e9ventail dynamique<\/i>.<\/span><\/td>\n<\/tr>\n<tr>\n<td><span data-path-to-node=\"6,4,0,0\"><b>Finition<\/b><\/span><\/td>\n<td><span data-path-to-node=\"6,4,1,0\">Noir Piano (Solid Piano Black)<\/span><\/td>\n<td><span data-path-to-node=\"6,4,2,0\">Une finition \u00e9l\u00e9gante, profonde et durable, souvent utilis\u00e9e sur les <b>pianos \u00e0 queue Yamaha<\/b>.<\/span><\/td>\n<\/tr>\n<tr>\n<td><span data-path-to-node=\"6,5,0,0\"><b>Cercles (Hoops)<\/b><\/span><\/td>\n<td><span data-path-to-node=\"6,5,1,0\">Moul\u00e9s sous pression en Aluminium (Die-Cast, 8 tirants)<\/span><\/td>\n<td><span data-path-to-node=\"6,5,2,0\">Offrent une <b>accordage pr\u00e9cis<\/b> et stable tout en minimisant le contact avec le f\u00fbt, ce qui permet au f\u00fbt en \u00e9rable de <b>r\u00e9sonner librement<\/b> pour un son plus chaud et ouvert.<\/span><\/td>\n<\/tr>\n<tr>\n<td><span data-path-to-node=\"6,6,0,0\"><b>Coquilles (Lugs)<\/b><\/span><\/td>\n<td><span data-path-to-node=\"6,6,1,0\"><b>Nouveau Lug<\/b> (\u00e0 faible contact et \u00e0 d\u00e9gagement rapide)<\/span><\/td>\n<td><span data-path-to-node=\"6,6,2,0\">Ces coquilles uniques facilitent le <b>changement rapide de peau<\/b> (id\u00e9al en studio) et contribuent \u00e0 la <b>sensibilit\u00e9 et au sustain<\/b> de l&rsquo;instrument.<\/span><\/td>\n<\/tr>\n<\/tbody>\n<\/table>\n<hr data-path-to-node=\"7\" \/>\n<h3 data-path-to-node=\"8\">Le Syst\u00e8me <b>Dual Strainer<\/b> : Innovation et Flexibilit\u00e9 Sonore Maximale<\/h3>\n<p data-path-to-node=\"9\">Le v\u00e9ritable atout de la caisse claire <b>MSD14ADW<\/b> r\u00e9side dans son syst\u00e8me de <b>double d\u00e9clencheur de timbre (Dual Strainer)<\/b>, une innovation majeure demand\u00e9e par Dave Weckl lui-m\u00eame.<\/p>\n<h4 data-path-to-node=\"10\"><b>Double Timbre (Dual Snare Wires) pour un Son Hybride<\/b><\/h4>\n<p data-path-to-node=\"11\">Gr\u00e2ce \u00e0 ce dispositif unique, le batteur dispose de deux timbres ind\u00e9pendants et de compositions diff\u00e9rentes, offrant ainsi une flexibilit\u00e9 sonore in\u00e9gal\u00e9e :<\/p>\n<ol start=\"1\" data-path-to-node=\"12\">\n<li>\n<p data-path-to-node=\"12,0,0\"><b>Timbre A : Acier Hi-Carbon<\/b> (g\u00e9n\u00e9ralement r\u00e9gl\u00e9 serr\u00e9) : Il procure un <b>claquement (crack)<\/b> pr\u00e9cis et une <b>sensibilit\u00e9<\/b> accrue, essentiels pour les phras\u00e9s rapides et complexes.<\/p>\n<\/li>\n<li>\n<p data-path-to-node=\"12,1,0\"><b>Timbre B : Acier Inoxydable<\/b> (souvent r\u00e9gl\u00e9 l\u00e2che) : Il ajoute du <b>corps, du \u00ab buzz \u00bb<\/b> et un son plus <b>ouvert et a\u00e9rien<\/b>, ce qui enrichit l&rsquo;attaque de la caisse claire.<\/p>\n<\/li>\n<\/ol>\n<h4 data-path-to-node=\"13\"><b>M\u00e9canisme de D\u00e9clenchement Ind\u00e9pendant<\/b><\/h4>\n<p data-path-to-node=\"14\">En outre, chaque timbre poss\u00e8de son propre m\u00e9canisme de tension (<b>P-Type Strainer<\/b>), permettant au musicien de :<\/p>\n<ul data-path-to-node=\"15\">\n<li>\n<p data-path-to-node=\"15,0,0\">Utiliser le Timbre A seul (pr\u00e9cision).<\/p>\n<\/li>\n<li>\n<p data-path-to-node=\"15,1,0\">Utiliser le Timbre B seul (corps).<\/p>\n<\/li>\n<li>\n<p data-path-to-node=\"15,2,0\">Utiliser les deux simultan\u00e9ment pour un <b>son hybride<\/b> riche, qui combine le <i>\u00ab claquement \u00bb serr\u00e9<\/i> avec le <i>\u00ab corps \u00bb l\u00e2che<\/i>.<\/p>\n<\/li>\n<\/ul>\n<p data-path-to-node=\"16\">Cette configuration offre le meilleur des deux mondes, permettant \u00e0 la caisse claire <b>Yamaha Dave Weckl<\/b> de s&rsquo;adapter instantan\u00e9ment \u00e0 une multitude de genres musicaux, du Jazz Fusion au Rock, sans n\u00e9cessiter de changement d&rsquo;instrument.<\/p>\n<p><a href=\"https:\/\/fr.yamaha.com\/fr\/musical-instruments\/drums\/\">https:\/\/fr.yamaha.com\/fr\/musical-instruments\/drums\/<\/a><br \/>\n<a href=\"https:\/\/www.rimocc.com\/en\/product-category\/caisse-claire\/\">https:\/\/www.rimocc.com\/product-category\/caisse-claire\/<\/a><\/p>\n<p class=\"responsive-video-wrap clr\"><iframe title=\"Yamaha Dave Weckl Signature 14x5,5 @Rimocc\" width=\"563\" height=\"1000\" src=\"https:\/\/www.youtube.com\/embed\/gHzrdjQLITk?feature=oembed\" frameborder=\"0\" allow=\"accelerometer; autoplay; clipboard-write; encrypted-media; gyroscope; picture-in-picture; web-share\" referrerpolicy=\"strict-origin-when-cross-origin\" allowfullscreen><\/iframe><\/p>\n<\/div>","protected":false},"excerpt":{"rendered":"<p>Yamaha Dave Weckl Signature 14&#215;5,5 MSD14ADW Etat proche collection Toute d&rsquo;origine et compl\u00e8te Peau top neuve (r\u00e9so Yamaha d&rsquo;origine) \u00ab\u00a0IMPORTANT\u00a0\u00bb: pour un envoi, merci de s\u00e9lectionner imp\u00e9rativement l&rsquo;option La Poste Colissimo avec signature afin que l&rsquo;assurance compl\u00e8te soit inclue (pas d&rsquo;option Mondial Relay) La caisse claire Yamaha Dave Weckl Signature MSD14ADW (14&Prime; x 5,5&Prime;) repr\u00e9sente [&hellip;]<\/p>\n","protected":false},"featured_media":16659,"comment_status":"open","ping_status":"closed","template":"","meta":{"jetpack_publicize_message":"","jetpack_publicize_feature_enabled":true,"jetpack_social_post_already_shared":true,"jetpack_social_options":{"image_generator_settings":{"template":"highway","default_image_id":0,"font":"","enabled":false},"version":2}},"product_brand":[718],"product_cat":[25],"product_tag":[56],"class_list":{"0":"post-16660","1":"product","2":"type-product","3":"status-publish","4":"has-post-thumbnail","6":"product_brand-yamaha","7":"product_cat-caisse-claire","8":"product_tag-yamaha","10":"entry","11":"has-media","13":"first","14":"outofstock","15":"shipping-taxable","16":"purchasable","17":"product-type-simple","18":"has-product-nav","19":"col","20":"span_1_of_3","21":"owp-content-center","22":"owp-thumbs-layout-horizontal","23":"owp-btn-normal","24":"owp-tabs-layout-horizontal"},"yoast_head":"<!-- This site is optimized with the Yoast SEO plugin v27.4 - https:\/\/yoast.com\/product\/yoast-seo-wordpress\/ -->\n<title>Yamaha Dave Weckl Signature 14x5,5 - D\u00e9p\u00f4t Vente Batterie Percussion | Rimocc Lyon<\/title>\n<meta name=\"description\" content=\"Caisse Claire Yamaha Dave Weckl Signature MSD14ADW (14x5.5) : F\u00fbt \u00c9rable 6 plis, Cercles Aluminium Die-Cast et syst\u00e8me Dual Strainer (Double Timbre).\" \/>\n<meta name=\"robots\" content=\"index, follow, max-snippet:-1, max-image-preview:large, max-video-preview:-1\" \/>\n<link rel=\"canonical\" href=\"https:\/\/www.rimocc.com\/en\/product\/yamaha-dave-weckl-signature-14x55\/\" \/>\n<meta property=\"og:locale\" content=\"en_US\" \/>\n<meta property=\"og:type\" content=\"article\" \/>\n<meta property=\"og:title\" content=\"Yamaha Dave Weckl Signature 14x5,5 - D\u00e9p\u00f4t Vente Batterie Percussion | Rimocc Lyon\" \/>\n<meta property=\"og:description\" content=\"Caisse Claire Yamaha Dave Weckl Signature MSD14ADW (14x5.5) : F\u00fbt \u00c9rable 6 plis, Cercles Aluminium Die-Cast et syst\u00e8me Dual Strainer (Double Timbre).\" \/>\n<meta property=\"og:url\" content=\"https:\/\/www.rimocc.com\/en\/product\/yamaha-dave-weckl-signature-14x55\/\" \/>\n<meta property=\"og:site_name\" content=\"D\u00e9p\u00f4t Vente Batterie Percussion | Rimocc Lyon\" \/>\n<meta property=\"article:publisher\" content=\"https:\/\/www.facebook.com\/rimocclyon\/?locale=fr_FR\" \/>\n<meta property=\"article:modified_time\" content=\"2025-12-10T17:37:40+00:00\" \/>\n<meta property=\"og:image\" content=\"https:\/\/www.rimocc.com\/wp-content\/uploads\/2025\/12\/Yamaha-Dave-Weckl-Signature-14x55-1.jpg\" \/>\n\t<meta property=\"og:image:width\" content=\"1920\" \/>\n\t<meta property=\"og:image:height\" content=\"1920\" \/>\n\t<meta property=\"og:image:type\" content=\"image\/jpeg\" \/>\n<meta name=\"twitter:card\" content=\"summary_large_image\" \/>\n<meta name=\"twitter:label1\" content=\"Est. reading time\" \/>\n\t<meta name=\"twitter:data1\" content=\"3 minutes\" \/>\n<script type=\"application\/ld+json\" class=\"yoast-schema-graph\">{\"@context\":\"https:\\\/\\\/schema.org\",\"@graph\":[{\"@type\":\"WebPage\",\"@id\":\"https:\\\/\\\/www.rimocc.com\\\/product\\\/yamaha-dave-weckl-signature-14x55\\\/\",\"url\":\"https:\\\/\\\/www.rimocc.com\\\/product\\\/yamaha-dave-weckl-signature-14x55\\\/\",\"name\":\"Yamaha Dave Weckl Signature 14x5,5 - D\u00e9p\u00f4t Vente Batterie Percussion | Rimocc Lyon\",\"isPartOf\":{\"@id\":\"https:\\\/\\\/www.rimocc.com\\\/#website\"},\"primaryImageOfPage\":{\"@id\":\"https:\\\/\\\/www.rimocc.com\\\/product\\\/yamaha-dave-weckl-signature-14x55\\\/#primaryimage\"},\"image\":{\"@id\":\"https:\\\/\\\/www.rimocc.com\\\/product\\\/yamaha-dave-weckl-signature-14x55\\\/#primaryimage\"},\"thumbnailUrl\":\"https:\\\/\\\/www.rimocc.com\\\/wp-content\\\/uploads\\\/2025\\\/12\\\/Yamaha-Dave-Weckl-Signature-14x55-1.jpg\",\"datePublished\":\"2025-12-10T15:59:23+00:00\",\"dateModified\":\"2025-12-10T17:37:40+00:00\",\"description\":\"Caisse Claire Yamaha Dave Weckl Signature MSD14ADW (14x5.5) : F\u00fbt \u00c9rable 6 plis, Cercles Aluminium Die-Cast et syst\u00e8me Dual Strainer (Double Timbre).\",\"breadcrumb\":{\"@id\":\"https:\\\/\\\/www.rimocc.com\\\/product\\\/yamaha-dave-weckl-signature-14x55\\\/#breadcrumb\"},\"inLanguage\":\"en-US\",\"potentialAction\":[{\"@type\":\"ReadAction\",\"target\":[\"https:\\\/\\\/www.rimocc.com\\\/product\\\/yamaha-dave-weckl-signature-14x55\\\/\"]}]},{\"@type\":\"ImageObject\",\"inLanguage\":\"en-US\",\"@id\":\"https:\\\/\\\/www.rimocc.com\\\/product\\\/yamaha-dave-weckl-signature-14x55\\\/#primaryimage\",\"url\":\"https:\\\/\\\/www.rimocc.com\\\/wp-content\\\/uploads\\\/2025\\\/12\\\/Yamaha-Dave-Weckl-Signature-14x55-1.jpg\",\"contentUrl\":\"https:\\\/\\\/www.rimocc.com\\\/wp-content\\\/uploads\\\/2025\\\/12\\\/Yamaha-Dave-Weckl-Signature-14x55-1.jpg\",\"width\":1920,\"height\":1920,\"caption\":\"Yamaha Dave Weckl Signature 14x5,5\"},{\"@type\":\"BreadcrumbList\",\"@id\":\"https:\\\/\\\/www.rimocc.com\\\/product\\\/yamaha-dave-weckl-signature-14x55\\\/#breadcrumb\",\"itemListElement\":[{\"@type\":\"ListItem\",\"position\":1,\"name\":\"Home\",\"item\":\"https:\\\/\\\/www.rimocc.com\\\/\"},{\"@type\":\"ListItem\",\"position\":2,\"name\":\"Shop\",\"item\":\"https:\\\/\\\/www.rimocc.com\\\/shop\\\/\"},{\"@type\":\"ListItem\",\"position\":3,\"name\":\"Yamaha Dave Weckl Signature 14&#215;5,5\"}]},{\"@type\":\"WebSite\",\"@id\":\"https:\\\/\\\/www.rimocc.com\\\/#website\",\"url\":\"https:\\\/\\\/www.rimocc.com\\\/\",\"name\":\"D\u00e9p\u00f4t Vente Batterie Percussion | Rimocc Lyon\",\"description\":\"Rimocc: l&#039;unique magasin d\u00e9di\u00e9 enti\u00e8rement \u00e0 la batterie, percussion d&#039;occasion et vintage \u00e0 Lyon, France\",\"publisher\":{\"@id\":\"https:\\\/\\\/www.rimocc.com\\\/#organization\"},\"alternateName\":\"Rimocc'\",\"potentialAction\":[{\"@type\":\"SearchAction\",\"target\":{\"@type\":\"EntryPoint\",\"urlTemplate\":\"https:\\\/\\\/www.rimocc.com\\\/?s={search_term_string}\"},\"query-input\":{\"@type\":\"PropertyValueSpecification\",\"valueRequired\":true,\"valueName\":\"search_term_string\"}}],\"inLanguage\":\"en-US\"},{\"@type\":\"Organization\",\"@id\":\"https:\\\/\\\/www.rimocc.com\\\/#organization\",\"name\":\"Rimocc'\",\"alternateName\":\"Rimocc\",\"url\":\"https:\\\/\\\/www.rimocc.com\\\/\",\"logo\":{\"@type\":\"ImageObject\",\"inLanguage\":\"en-US\",\"@id\":\"https:\\\/\\\/www.rimocc.com\\\/#\\\/schema\\\/logo\\\/image\\\/\",\"url\":\"https:\\\/\\\/i0.wp.com\\\/www.rimocc.com\\\/wp-content\\\/uploads\\\/2023\\\/07\\\/RIMOCC_LOGO.jpg?fit=459%2C114&ssl=1\",\"contentUrl\":\"https:\\\/\\\/i0.wp.com\\\/www.rimocc.com\\\/wp-content\\\/uploads\\\/2023\\\/07\\\/RIMOCC_LOGO.jpg?fit=459%2C114&ssl=1\",\"width\":459,\"height\":114,\"caption\":\"Rimocc'\"},\"image\":{\"@id\":\"https:\\\/\\\/www.rimocc.com\\\/#\\\/schema\\\/logo\\\/image\\\/\"},\"sameAs\":[\"https:\\\/\\\/www.facebook.com\\\/rimocclyon\\\/?locale=fr_FR\",\"https:\\\/\\\/www.instagram.com\\\/rimoccc\\\/?hl=fr\",\"https:\\\/\\\/www.tiktok.com\\\/@rimocc\",\"https:\\\/\\\/www.youtube.com\\\/@Rimocc\"]}]}<\/script>\n<!-- \/ Yoast SEO plugin. -->","yoast_head_json":{"title":"Yamaha Dave Weckl Signature 14x5,5 - D\u00e9p\u00f4t Vente Batterie Percussion | Rimocc Lyon","description":"Caisse Claire Yamaha Dave Weckl Signature MSD14ADW (14x5.5) : F\u00fbt \u00c9rable 6 plis, Cercles Aluminium Die-Cast et syst\u00e8me Dual Strainer (Double Timbre).","robots":{"index":"index","follow":"follow","max-snippet":"max-snippet:-1","max-image-preview":"max-image-preview:large","max-video-preview":"max-video-preview:-1"},"canonical":"https:\/\/www.rimocc.com\/en\/product\/yamaha-dave-weckl-signature-14x55\/","og_locale":"en_US","og_type":"article","og_title":"Yamaha Dave Weckl Signature 14x5,5 - D\u00e9p\u00f4t Vente Batterie Percussion | Rimocc Lyon","og_description":"Caisse Claire Yamaha Dave Weckl Signature MSD14ADW (14x5.5) : F\u00fbt \u00c9rable 6 plis, Cercles Aluminium Die-Cast et syst\u00e8me Dual Strainer (Double Timbre).","og_url":"https:\/\/www.rimocc.com\/en\/product\/yamaha-dave-weckl-signature-14x55\/","og_site_name":"D\u00e9p\u00f4t Vente Batterie Percussion | Rimocc Lyon","article_publisher":"https:\/\/www.facebook.com\/rimocclyon\/?locale=fr_FR","article_modified_time":"2025-12-10T17:37:40+00:00","og_image":[{"width":1920,"height":1920,"url":"https:\/\/www.rimocc.com\/wp-content\/uploads\/2025\/12\/Yamaha-Dave-Weckl-Signature-14x55-1.jpg","type":"image\/jpeg"}],"twitter_card":"summary_large_image","twitter_misc":{"Est. reading time":"3 minutes"},"schema":{"@context":"https:\/\/schema.org","@graph":[{"@type":"WebPage","@id":"https:\/\/www.rimocc.com\/product\/yamaha-dave-weckl-signature-14x55\/","url":"https:\/\/www.rimocc.com\/product\/yamaha-dave-weckl-signature-14x55\/","name":"Yamaha Dave Weckl Signature 14x5,5 - D\u00e9p\u00f4t Vente Batterie Percussion | Rimocc Lyon","isPartOf":{"@id":"https:\/\/www.rimocc.com\/#website"},"primaryImageOfPage":{"@id":"https:\/\/www.rimocc.com\/product\/yamaha-dave-weckl-signature-14x55\/#primaryimage"},"image":{"@id":"https:\/\/www.rimocc.com\/product\/yamaha-dave-weckl-signature-14x55\/#primaryimage"},"thumbnailUrl":"https:\/\/www.rimocc.com\/wp-content\/uploads\/2025\/12\/Yamaha-Dave-Weckl-Signature-14x55-1.jpg","datePublished":"2025-12-10T15:59:23+00:00","dateModified":"2025-12-10T17:37:40+00:00","description":"Caisse Claire Yamaha Dave Weckl Signature MSD14ADW (14x5.5) : F\u00fbt \u00c9rable 6 plis, Cercles Aluminium Die-Cast et syst\u00e8me Dual Strainer (Double Timbre).","breadcrumb":{"@id":"https:\/\/www.rimocc.com\/product\/yamaha-dave-weckl-signature-14x55\/#breadcrumb"},"inLanguage":"en-US","potentialAction":[{"@type":"ReadAction","target":["https:\/\/www.rimocc.com\/product\/yamaha-dave-weckl-signature-14x55\/"]}]},{"@type":"ImageObject","inLanguage":"en-US","@id":"https:\/\/www.rimocc.com\/product\/yamaha-dave-weckl-signature-14x55\/#primaryimage","url":"https:\/\/www.rimocc.com\/wp-content\/uploads\/2025\/12\/Yamaha-Dave-Weckl-Signature-14x55-1.jpg","contentUrl":"https:\/\/www.rimocc.com\/wp-content\/uploads\/2025\/12\/Yamaha-Dave-Weckl-Signature-14x55-1.jpg","width":1920,"height":1920,"caption":"Yamaha Dave Weckl Signature 14x5,5"},{"@type":"BreadcrumbList","@id":"https:\/\/www.rimocc.com\/product\/yamaha-dave-weckl-signature-14x55\/#breadcrumb","itemListElement":[{"@type":"ListItem","position":1,"name":"Home","item":"https:\/\/www.rimocc.com\/"},{"@type":"ListItem","position":2,"name":"Shop","item":"https:\/\/www.rimocc.com\/shop\/"},{"@type":"ListItem","position":3,"name":"Yamaha Dave Weckl Signature 14&#215;5,5"}]},{"@type":"WebSite","@id":"https:\/\/www.rimocc.com\/#website","url":"https:\/\/www.rimocc.com\/","name":"D\u00e9p\u00f4t Vente Batterie Percussion | Rimocc Lyon","description":"Rimocc: l&#039;unique magasin d\u00e9di\u00e9 enti\u00e8rement \u00e0 la batterie, percussion d&#039;occasion et vintage \u00e0 Lyon, France","publisher":{"@id":"https:\/\/www.rimocc.com\/#organization"},"alternateName":"Rimocc'","potentialAction":[{"@type":"SearchAction","target":{"@type":"EntryPoint","urlTemplate":"https:\/\/www.rimocc.com\/?s={search_term_string}"},"query-input":{"@type":"PropertyValueSpecification","valueRequired":true,"valueName":"search_term_string"}}],"inLanguage":"en-US"},{"@type":"Organization","@id":"https:\/\/www.rimocc.com\/#organization","name":"Rimocc'","alternateName":"Rimocc","url":"https:\/\/www.rimocc.com\/","logo":{"@type":"ImageObject","inLanguage":"en-US","@id":"https:\/\/www.rimocc.com\/#\/schema\/logo\/image\/","url":"https:\/\/i0.wp.com\/www.rimocc.com\/wp-content\/uploads\/2023\/07\/RIMOCC_LOGO.jpg?fit=459%2C114&ssl=1","contentUrl":"https:\/\/i0.wp.com\/www.rimocc.com\/wp-content\/uploads\/2023\/07\/RIMOCC_LOGO.jpg?fit=459%2C114&ssl=1","width":459,"height":114,"caption":"Rimocc'"},"image":{"@id":"https:\/\/www.rimocc.com\/#\/schema\/logo\/image\/"},"sameAs":["https:\/\/www.facebook.com\/rimocclyon\/?locale=fr_FR","https:\/\/www.instagram.com\/rimoccc\/?hl=fr","https:\/\/www.tiktok.com\/@rimocc","https:\/\/www.youtube.com\/@Rimocc"]}]}},"jetpack_publicize_connections":[],"jetpack_sharing_enabled":true,"_links":{"self":[{"href":"https:\/\/www.rimocc.com\/en\/wp-json\/wp\/v2\/product\/16660","targetHints":{"allow":["GET"]}}],"collection":[{"href":"https:\/\/www.rimocc.com\/en\/wp-json\/wp\/v2\/product"}],"about":[{"href":"https:\/\/www.rimocc.com\/en\/wp-json\/wp\/v2\/types\/product"}],"replies":[{"embeddable":true,"href":"https:\/\/www.rimocc.com\/en\/wp-json\/wp\/v2\/comments?post=16660"}],"wp:featuredmedia":[{"embeddable":true,"href":"https:\/\/www.rimocc.com\/en\/wp-json\/wp\/v2\/media\/16659"}],"wp:attachment":[{"href":"https:\/\/www.rimocc.com\/en\/wp-json\/wp\/v2\/media?parent=16660"}],"wp:term":[{"taxonomy":"product_brand","embeddable":true,"href":"https:\/\/www.rimocc.com\/en\/wp-json\/wp\/v2\/product_brand?post=16660"},{"taxonomy":"product_cat","embeddable":true,"href":"https:\/\/www.rimocc.com\/en\/wp-json\/wp\/v2\/product_cat?post=16660"},{"taxonomy":"product_tag","embeddable":true,"href":"https:\/\/www.rimocc.com\/en\/wp-json\/wp\/v2\/product_tag?post=16660"}],"curies":[{"name":"wp","href":"https:\/\/api.w.org\/{rel}","templated":true}]}}