{"id":16642,"date":"2025-12-06T18:48:37","date_gmt":"2025-12-06T17:48:37","guid":{"rendered":"https:\/\/www.rimocc.com\/?post_type=product&#038;p=16642"},"modified":"2025-12-10T06:43:43","modified_gmt":"2025-12-10T05:43:43","slug":"quiqeg-golem-series-hi-hat-15","status":"publish","type":"product","link":"https:\/\/www.rimocc.com\/en\/product\/quiqeg-golem-series-hi-hat-15\/","title":{"rendered":"Quiqeg Golem Series Hi Hat 15&Prime;"},"content":{"rendered":"<p>Quiqeg Golem Series Hi Hat 15&Prime;<br \/>\n1188grs \/ 1380grs<\/p>\n<div id=\"model-response-message-contentr_4370fb1c7401b77a\" class=\"markdown markdown-main-panel enable-updated-hr-color\" dir=\"ltr\" aria-live=\"polite\" aria-busy=\"false\">\n<p data-path-to-node=\"3\">Les <b>Hi-Hats Quiqeg Golem Series 15 pouces<\/b> repr\u00e9sentent un choix audacieux et sophistiqu\u00e9 pour le batteur. Avec un poids distinctif de <b>1188 grammes<\/b> (Top Cymbale) et <b>1380 grammes<\/b> (Bottom Cymbale), cette paire s&rsquo;inscrit dans la tradition des <b>Hi-Hats surdimensionn\u00e9s<\/b> pris\u00e9s en Jazz, Funk et Rock Alternatif. L&rsquo;atelier d&rsquo;<b>Enrico D&rsquo;Allessandro<\/b> (Quiqeg Cymbalsmith) a forg\u00e9 une paire qui offre une <b>attaque sombre, un \u00ab\u00a0chick\u00a0\u00bb puissant et un volume contr\u00f4l\u00e9<\/b>.<\/p>\n<p data-path-to-node=\"5\">La taille de 15 pouces, combin\u00e9e \u00e0 une diff\u00e9rence de poids tr\u00e8s sp\u00e9cifique entre les deux cymbales, est la cl\u00e9 de la richesse harmonique et de la r\u00e9ponse de ce <b>Hi-Hat Golem Series<\/b>. En effet, le martelage manuel et le choix de l&rsquo;alliage assurent une sonorit\u00e9 unique et terreuse.<\/p>\n<h3 data-path-to-node=\"6\">Construction B20 et Diff\u00e9rence de Poids Optimale<\/h3>\n<ul data-path-to-node=\"7\">\n<li>\n<p data-path-to-node=\"7,0,0\"><b>Alliage B20 Professionnel :<\/b> Premi\u00e8rement, ces cymbales sont fabriqu\u00e9es \u00e0 partir du meilleur alliage de bronze, le <b>B20<\/b> (80% Cuivre, 20% \u00c9tain). Ceci garantit une r\u00e9sonance complexe et une long\u00e9vit\u00e9 sup\u00e9rieure pour ces <b>Hi-Hats faits \u00e0 la main<\/b>.<\/p>\n<\/li>\n<li>\n<p data-path-to-node=\"7,1,0\"><b>Poids du Top (1188grs) :<\/b> Le poids relativement l\u00e9ger de la cymbale sup\u00e9rieure (Top) permet une <b>r\u00e9ponse rapide<\/b> et un <b>son \u00ab\u00a0sizzle\u00a0\u00bb chaud<\/b> et pr\u00e9sent lors de l&rsquo;ouverture du Hi-Hat.<\/p>\n<\/li>\n<li>\n<p data-path-to-node=\"7,2,0\"><b>Poids du Bottom (1380grs) :<\/b> Ensuite, la cymbale inf\u00e9rieure (Bottom) plus lourde conf\u00e8re une <b>base sonore solide<\/b> et g\u00e9n\u00e8re un <b>\u00ab\u00a0chick\u00a0\u00bb (fermeture)<\/b> sec, articul\u00e9 et puissant, typique des grands Hi-Hats.<\/p>\n<\/li>\n<li>\n<p data-path-to-node=\"7,3,0\"><b>Martelage Manuel Complet :<\/b> De plus, l&rsquo;int\u00e9gralit\u00e9 du martelage est ex\u00e9cut\u00e9e \u00e0 la main. Ce processus cr\u00e9e des tensions et des irr\u00e9gularit\u00e9s qui contribuent \u00e0 une <b>sonorit\u00e9 \u00ab\u00a0trashy\u00a0\u00bb et vintage<\/b>, tr\u00e8s recherch\u00e9e par les musiciens professionnels.<\/p>\n<\/li>\n<\/ul>\n<h3 data-path-to-node=\"8\">La Sonorit\u00e9 Golem 15&Prime; : Dark, Sourd et Puissant<\/h3>\n<table data-path-to-node=\"9\">\n<thead>\n<tr>\n<td><strong>Crit\u00e8re Acoustique<\/strong><\/td>\n<td><strong>Description de l&rsquo;Impact Sonore<\/strong><\/td>\n<td><\/td>\n<\/tr>\n<\/thead>\n<tbody>\n<tr>\n<td><span data-path-to-node=\"9,1,0,0\"><b>Diam\u00e8tre (15&Prime;)<\/b><\/span><\/td>\n<td><span data-path-to-node=\"9,1,1,0\">Conf\u00e8re plus de <b>volume, de corps et de \u00ab\u00a0low end\u00a0\u00bb<\/b> que les Hi-Hats 14&Prime; standard.<\/span><\/td>\n<td><span data-path-to-node=\"9,1,2,0\">Hi-Hat 15 pouces<\/span><\/td>\n<\/tr>\n<tr>\n<td><span data-path-to-node=\"9,2,0,0\"><b>Sonorit\u00e9 Globale<\/b><\/span><\/td>\n<td><span data-path-to-node=\"9,2,1,0\"><b>Sombre<\/b>, <b>Chaleureuse<\/b>, <b>S\u00e8che<\/b> (<i>Dry<\/i>) en position ferm\u00e9e, avec une belle \u00e9paisseur.<\/span><\/td>\n<td><span data-path-to-node=\"9,2,2,0\">Charley Sombre<\/span><\/td>\n<\/tr>\n<tr>\n<td><span data-path-to-node=\"9,3,0,0\"><b>\u00ab\u00a0Chick\u00a0\u00bb (Fermeture)<\/b><\/span><\/td>\n<td><span data-path-to-node=\"9,3,1,0\"><b>Puissant et Sourde<\/b>. Le poids du Bottom cymbale assure une <b>d\u00e9finition claire et percutante<\/b> \u00e0 la fermeture, sans \u00eatre trop cinglante.<\/span><\/td>\n<td><span data-path-to-node=\"9,3,2,0\">Hi-Hat pour Funk<\/span><\/td>\n<\/tr>\n<tr>\n<td><span data-path-to-node=\"9,4,0,0\"><b>Jeu Ouvert (<i>Sizzle<\/i>)<\/b><\/span><\/td>\n<td><span data-path-to-node=\"9,4,1,0\"><b>Gras et Sale<\/b> (<i>Trashy<\/i>). Le m\u00e9lange de poids g\u00e9n\u00e8re un <b>\u00ab\u00a0slosh\u00a0\u00bb ample et expressif<\/b>, parfait pour les grooves R&amp;B ou le Rock Alternatif.<\/span><\/td>\n<td><span data-path-to-node=\"9,4,2,0\">Hi-Hat Fat Sound<\/span><\/td>\n<\/tr>\n<tr>\n<td><span data-path-to-node=\"9,5,0,0\"><b>Volume<\/b><\/span><\/td>\n<td><span data-path-to-node=\"9,5,1,0\">Moyen-\u00c9lev\u00e9, mais facilement contr\u00f4lable gr\u00e2ce au poids du Top.<\/span><\/td>\n<td><span data-path-to-node=\"9,5,2,0\">Hi-Hat Volume Contr\u00f4l\u00e9<\/span><\/td>\n<\/tr>\n<\/tbody>\n<\/table>\n<h2 data-path-to-node=\"10\">Avantages Cl\u00e9s des Hi-Hats Quiqeg 15&Prime; pour votre Jeu<\/h2>\n<ul data-path-to-node=\"12\">\n<li>\n<p data-path-to-node=\"12,0,0\"><b>Id\u00e9al pour les Grooves Lourds :<\/b> Par cons\u00e9quent, leur taille et leur poids les rendent parfaits pour les genres o\u00f9 le Hi-Hat doit avoir une pr\u00e9sence marqu\u00e9e dans le mix, comme le <b>Hip-Hop<\/b>, le <b>Funk<\/b> ou les styles Rock plus lourds.<\/p>\n<\/li>\n<li>\n<p data-path-to-node=\"12,1,0\"><b>Expression et Sensibilit\u00e9 Accrues :<\/b> La combinaison d&rsquo;un Top plus l\u00e9ger et d&rsquo;un Bottom plus lourd conf\u00e8re une <b>grande sensibilit\u00e9 dynamique<\/b>, permettant au batteur d&rsquo;explorer une large palette de textures avec une frappe l\u00e9g\u00e8re ou puissante.<\/p>\n<\/li>\n<li>\n<p data-path-to-node=\"12,2,0\"><b>Look et Toucher Artisanaux :<\/b> Enfin, la finition brute et l&rsquo;aspect non conventionnel des <b>cymbales Quiqeg<\/b> ajoutent un \u00e9l\u00e9ment visuel \u00ab\u00a0vintage\u00a0\u00bb et un prestige artisanal \u00e0 votre kit de batterie.<\/p>\n<\/li>\n<\/ul>\n<p><a href=\"https:\/\/www.rimocc.com\/en\/product-category\/cymbales\/\">https:\/\/www.rimocc.com\/product-category\/cymbales\/<\/a><\/p>\n<hr data-path-to-node=\"14\" \/>\n<p>&nbsp;<\/p>\n<\/div>","protected":false},"excerpt":{"rendered":"<p>Quiqeg Golem Series Hi Hat 15&Prime; 1188grs \/ 1380grs Les Hi-Hats Quiqeg Golem Series 15 pouces repr\u00e9sentent un choix audacieux et sophistiqu\u00e9 pour le batteur. Avec un poids distinctif de 1188 grammes (Top Cymbale) et 1380 grammes (Bottom Cymbale), cette paire s&rsquo;inscrit dans la tradition des Hi-Hats surdimensionn\u00e9s pris\u00e9s en Jazz, Funk et Rock Alternatif. [&hellip;]<\/p>\n","protected":false},"featured_media":16641,"comment_status":"open","ping_status":"closed","template":"","meta":{"jetpack_publicize_message":"","jetpack_publicize_feature_enabled":true,"jetpack_social_post_already_shared":true,"jetpack_social_options":{"image_generator_settings":{"template":"highway","default_image_id":0,"font":"","enabled":false},"version":2}},"product_brand":[747],"product_cat":[749],"product_tag":[748],"class_list":{"0":"post-16642","1":"product","2":"type-product","3":"status-publish","4":"has-post-thumbnail","6":"product_brand-quiqeg","7":"product_cat-cymbales-dartisans-independants","8":"product_tag-quiqeg","10":"entry","11":"has-media","13":"first","14":"instock","15":"shipping-taxable","16":"purchasable","17":"product-type-simple","18":"has-product-nav","19":"col","20":"span_1_of_3","21":"owp-content-center","22":"owp-thumbs-layout-horizontal","23":"owp-btn-normal","24":"owp-tabs-layout-horizontal"},"yoast_head":"<!-- This site is optimized with the Yoast SEO plugin v27.4 - https:\/\/yoast.com\/product\/yoast-seo-wordpress\/ -->\n<title>Quiqeg Golem Series Hi Hat 15&quot; - D\u00e9p\u00f4t Vente Batterie Percussion | Rimocc Lyon<\/title>\n<meta name=\"description\" content=\"Hi-Hat Quiqeg Golem 15&quot; (1188g\/1380g). Charley B20 artisanal italien. Son sombre, chick puissant et gros &quot;slosh&quot;. Parfait pour Funk, Jazz, R&amp;B\" \/>\n<meta name=\"robots\" content=\"index, follow, max-snippet:-1, max-image-preview:large, max-video-preview:-1\" \/>\n<link rel=\"canonical\" href=\"https:\/\/www.rimocc.com\/en\/product\/quiqeg-golem-series-hi-hat-15\/\" \/>\n<meta property=\"og:locale\" content=\"en_US\" \/>\n<meta property=\"og:type\" content=\"article\" \/>\n<meta property=\"og:title\" content=\"Quiqeg Golem Series Hi Hat 15&quot; - D\u00e9p\u00f4t Vente Batterie Percussion | Rimocc Lyon\" \/>\n<meta property=\"og:description\" content=\"Hi-Hat Quiqeg Golem 15&quot; (1188g\/1380g). Charley B20 artisanal italien. Son sombre, chick puissant et gros &quot;slosh&quot;. Parfait pour Funk, Jazz, R&amp;B\" \/>\n<meta property=\"og:url\" content=\"https:\/\/www.rimocc.com\/en\/product\/quiqeg-golem-series-hi-hat-15\/\" \/>\n<meta property=\"og:site_name\" content=\"D\u00e9p\u00f4t Vente Batterie Percussion | Rimocc Lyon\" \/>\n<meta property=\"article:publisher\" content=\"https:\/\/www.facebook.com\/rimocclyon\/?locale=fr_FR\" \/>\n<meta property=\"article:modified_time\" content=\"2025-12-10T05:43:43+00:00\" \/>\n<meta property=\"og:image\" content=\"https:\/\/www.rimocc.com\/wp-content\/uploads\/2025\/12\/Quiqeg-Golem-Series-Hi-Hat-15-1-1024x1024.jpg\" \/>\n\t<meta property=\"og:image:width\" content=\"1024\" \/>\n\t<meta property=\"og:image:height\" content=\"1024\" \/>\n\t<meta property=\"og:image:type\" content=\"image\/jpeg\" \/>\n<meta name=\"twitter:card\" content=\"summary_large_image\" \/>\n<meta name=\"twitter:label1\" content=\"Est. reading time\" \/>\n\t<meta name=\"twitter:data1\" content=\"3 minutes\" \/>\n<script type=\"application\/ld+json\" class=\"yoast-schema-graph\">{\"@context\":\"https:\\\/\\\/schema.org\",\"@graph\":[{\"@type\":\"WebPage\",\"@id\":\"https:\\\/\\\/www.rimocc.com\\\/product\\\/quiqeg-golem-series-hi-hat-15\\\/\",\"url\":\"https:\\\/\\\/www.rimocc.com\\\/product\\\/quiqeg-golem-series-hi-hat-15\\\/\",\"name\":\"Quiqeg Golem Series Hi Hat 15\\\" - D\u00e9p\u00f4t Vente Batterie Percussion | Rimocc Lyon\",\"isPartOf\":{\"@id\":\"https:\\\/\\\/www.rimocc.com\\\/#website\"},\"primaryImageOfPage\":{\"@id\":\"https:\\\/\\\/www.rimocc.com\\\/product\\\/quiqeg-golem-series-hi-hat-15\\\/#primaryimage\"},\"image\":{\"@id\":\"https:\\\/\\\/www.rimocc.com\\\/product\\\/quiqeg-golem-series-hi-hat-15\\\/#primaryimage\"},\"thumbnailUrl\":\"https:\\\/\\\/www.rimocc.com\\\/wp-content\\\/uploads\\\/2025\\\/12\\\/Quiqeg-Golem-Series-Hi-Hat-15-1.jpg\",\"datePublished\":\"2025-12-06T17:48:37+00:00\",\"dateModified\":\"2025-12-10T05:43:43+00:00\",\"description\":\"Hi-Hat Quiqeg Golem 15\\\" (1188g\\\/1380g). Charley B20 artisanal italien. Son sombre, chick puissant et gros \\\"slosh\\\". Parfait pour Funk, Jazz, R&B\",\"breadcrumb\":{\"@id\":\"https:\\\/\\\/www.rimocc.com\\\/product\\\/quiqeg-golem-series-hi-hat-15\\\/#breadcrumb\"},\"inLanguage\":\"en-US\",\"potentialAction\":[{\"@type\":\"ReadAction\",\"target\":[\"https:\\\/\\\/www.rimocc.com\\\/product\\\/quiqeg-golem-series-hi-hat-15\\\/\"]}]},{\"@type\":\"ImageObject\",\"inLanguage\":\"en-US\",\"@id\":\"https:\\\/\\\/www.rimocc.com\\\/product\\\/quiqeg-golem-series-hi-hat-15\\\/#primaryimage\",\"url\":\"https:\\\/\\\/www.rimocc.com\\\/wp-content\\\/uploads\\\/2025\\\/12\\\/Quiqeg-Golem-Series-Hi-Hat-15-1.jpg\",\"contentUrl\":\"https:\\\/\\\/www.rimocc.com\\\/wp-content\\\/uploads\\\/2025\\\/12\\\/Quiqeg-Golem-Series-Hi-Hat-15-1.jpg\",\"width\":1920,\"height\":1920,\"caption\":\"Quiqeg Golem Series Hi Hat 15\"},{\"@type\":\"BreadcrumbList\",\"@id\":\"https:\\\/\\\/www.rimocc.com\\\/product\\\/quiqeg-golem-series-hi-hat-15\\\/#breadcrumb\",\"itemListElement\":[{\"@type\":\"ListItem\",\"position\":1,\"name\":\"Home\",\"item\":\"https:\\\/\\\/www.rimocc.com\\\/\"},{\"@type\":\"ListItem\",\"position\":2,\"name\":\"Shop\",\"item\":\"https:\\\/\\\/www.rimocc.com\\\/shop\\\/\"},{\"@type\":\"ListItem\",\"position\":3,\"name\":\"Quiqeg Golem Series Hi Hat 15&#8243;\"}]},{\"@type\":\"WebSite\",\"@id\":\"https:\\\/\\\/www.rimocc.com\\\/#website\",\"url\":\"https:\\\/\\\/www.rimocc.com\\\/\",\"name\":\"D\u00e9p\u00f4t Vente Batterie Percussion | Rimocc Lyon\",\"description\":\"Rimocc: l&#039;unique magasin d\u00e9di\u00e9 enti\u00e8rement \u00e0 la batterie, percussion d&#039;occasion et vintage \u00e0 Lyon, France\",\"publisher\":{\"@id\":\"https:\\\/\\\/www.rimocc.com\\\/#organization\"},\"alternateName\":\"Rimocc'\",\"potentialAction\":[{\"@type\":\"SearchAction\",\"target\":{\"@type\":\"EntryPoint\",\"urlTemplate\":\"https:\\\/\\\/www.rimocc.com\\\/?s={search_term_string}\"},\"query-input\":{\"@type\":\"PropertyValueSpecification\",\"valueRequired\":true,\"valueName\":\"search_term_string\"}}],\"inLanguage\":\"en-US\"},{\"@type\":\"Organization\",\"@id\":\"https:\\\/\\\/www.rimocc.com\\\/#organization\",\"name\":\"Rimocc'\",\"alternateName\":\"Rimocc\",\"url\":\"https:\\\/\\\/www.rimocc.com\\\/\",\"logo\":{\"@type\":\"ImageObject\",\"inLanguage\":\"en-US\",\"@id\":\"https:\\\/\\\/www.rimocc.com\\\/#\\\/schema\\\/logo\\\/image\\\/\",\"url\":\"https:\\\/\\\/i0.wp.com\\\/www.rimocc.com\\\/wp-content\\\/uploads\\\/2023\\\/07\\\/RIMOCC_LOGO.jpg?fit=459%2C114&ssl=1\",\"contentUrl\":\"https:\\\/\\\/i0.wp.com\\\/www.rimocc.com\\\/wp-content\\\/uploads\\\/2023\\\/07\\\/RIMOCC_LOGO.jpg?fit=459%2C114&ssl=1\",\"width\":459,\"height\":114,\"caption\":\"Rimocc'\"},\"image\":{\"@id\":\"https:\\\/\\\/www.rimocc.com\\\/#\\\/schema\\\/logo\\\/image\\\/\"},\"sameAs\":[\"https:\\\/\\\/www.facebook.com\\\/rimocclyon\\\/?locale=fr_FR\",\"https:\\\/\\\/www.instagram.com\\\/rimoccc\\\/?hl=fr\",\"https:\\\/\\\/www.tiktok.com\\\/@rimocc\",\"https:\\\/\\\/www.youtube.com\\\/@Rimocc\"]}]}<\/script>\n<!-- \/ Yoast SEO plugin. -->","yoast_head_json":{"title":"Quiqeg Golem Series Hi Hat 15\" - D\u00e9p\u00f4t Vente Batterie Percussion | Rimocc Lyon","description":"Hi-Hat Quiqeg Golem 15\" (1188g\/1380g). Charley B20 artisanal italien. Son sombre, chick puissant et gros \"slosh\". Parfait pour Funk, Jazz, R&B","robots":{"index":"index","follow":"follow","max-snippet":"max-snippet:-1","max-image-preview":"max-image-preview:large","max-video-preview":"max-video-preview:-1"},"canonical":"https:\/\/www.rimocc.com\/en\/product\/quiqeg-golem-series-hi-hat-15\/","og_locale":"en_US","og_type":"article","og_title":"Quiqeg Golem Series Hi Hat 15\" - D\u00e9p\u00f4t Vente Batterie Percussion | Rimocc Lyon","og_description":"Hi-Hat Quiqeg Golem 15\" (1188g\/1380g). Charley B20 artisanal italien. Son sombre, chick puissant et gros \"slosh\". Parfait pour Funk, Jazz, R&B","og_url":"https:\/\/www.rimocc.com\/en\/product\/quiqeg-golem-series-hi-hat-15\/","og_site_name":"D\u00e9p\u00f4t Vente Batterie Percussion | Rimocc Lyon","article_publisher":"https:\/\/www.facebook.com\/rimocclyon\/?locale=fr_FR","article_modified_time":"2025-12-10T05:43:43+00:00","og_image":[{"width":1024,"height":1024,"url":"https:\/\/www.rimocc.com\/wp-content\/uploads\/2025\/12\/Quiqeg-Golem-Series-Hi-Hat-15-1-1024x1024.jpg","type":"image\/jpeg"}],"twitter_card":"summary_large_image","twitter_misc":{"Est. reading time":"3 minutes"},"schema":{"@context":"https:\/\/schema.org","@graph":[{"@type":"WebPage","@id":"https:\/\/www.rimocc.com\/product\/quiqeg-golem-series-hi-hat-15\/","url":"https:\/\/www.rimocc.com\/product\/quiqeg-golem-series-hi-hat-15\/","name":"Quiqeg Golem Series Hi Hat 15\" - D\u00e9p\u00f4t Vente Batterie Percussion | Rimocc Lyon","isPartOf":{"@id":"https:\/\/www.rimocc.com\/#website"},"primaryImageOfPage":{"@id":"https:\/\/www.rimocc.com\/product\/quiqeg-golem-series-hi-hat-15\/#primaryimage"},"image":{"@id":"https:\/\/www.rimocc.com\/product\/quiqeg-golem-series-hi-hat-15\/#primaryimage"},"thumbnailUrl":"https:\/\/www.rimocc.com\/wp-content\/uploads\/2025\/12\/Quiqeg-Golem-Series-Hi-Hat-15-1.jpg","datePublished":"2025-12-06T17:48:37+00:00","dateModified":"2025-12-10T05:43:43+00:00","description":"Hi-Hat Quiqeg Golem 15\" (1188g\/1380g). Charley B20 artisanal italien. Son sombre, chick puissant et gros \"slosh\". Parfait pour Funk, Jazz, R&B","breadcrumb":{"@id":"https:\/\/www.rimocc.com\/product\/quiqeg-golem-series-hi-hat-15\/#breadcrumb"},"inLanguage":"en-US","potentialAction":[{"@type":"ReadAction","target":["https:\/\/www.rimocc.com\/product\/quiqeg-golem-series-hi-hat-15\/"]}]},{"@type":"ImageObject","inLanguage":"en-US","@id":"https:\/\/www.rimocc.com\/product\/quiqeg-golem-series-hi-hat-15\/#primaryimage","url":"https:\/\/www.rimocc.com\/wp-content\/uploads\/2025\/12\/Quiqeg-Golem-Series-Hi-Hat-15-1.jpg","contentUrl":"https:\/\/www.rimocc.com\/wp-content\/uploads\/2025\/12\/Quiqeg-Golem-Series-Hi-Hat-15-1.jpg","width":1920,"height":1920,"caption":"Quiqeg Golem Series Hi Hat 15"},{"@type":"BreadcrumbList","@id":"https:\/\/www.rimocc.com\/product\/quiqeg-golem-series-hi-hat-15\/#breadcrumb","itemListElement":[{"@type":"ListItem","position":1,"name":"Home","item":"https:\/\/www.rimocc.com\/"},{"@type":"ListItem","position":2,"name":"Shop","item":"https:\/\/www.rimocc.com\/shop\/"},{"@type":"ListItem","position":3,"name":"Quiqeg Golem Series Hi Hat 15&#8243;"}]},{"@type":"WebSite","@id":"https:\/\/www.rimocc.com\/#website","url":"https:\/\/www.rimocc.com\/","name":"D\u00e9p\u00f4t Vente Batterie Percussion | Rimocc Lyon","description":"Rimocc: l&#039;unique magasin d\u00e9di\u00e9 enti\u00e8rement \u00e0 la batterie, percussion d&#039;occasion et vintage \u00e0 Lyon, France","publisher":{"@id":"https:\/\/www.rimocc.com\/#organization"},"alternateName":"Rimocc'","potentialAction":[{"@type":"SearchAction","target":{"@type":"EntryPoint","urlTemplate":"https:\/\/www.rimocc.com\/?s={search_term_string}"},"query-input":{"@type":"PropertyValueSpecification","valueRequired":true,"valueName":"search_term_string"}}],"inLanguage":"en-US"},{"@type":"Organization","@id":"https:\/\/www.rimocc.com\/#organization","name":"Rimocc'","alternateName":"Rimocc","url":"https:\/\/www.rimocc.com\/","logo":{"@type":"ImageObject","inLanguage":"en-US","@id":"https:\/\/www.rimocc.com\/#\/schema\/logo\/image\/","url":"https:\/\/i0.wp.com\/www.rimocc.com\/wp-content\/uploads\/2023\/07\/RIMOCC_LOGO.jpg?fit=459%2C114&ssl=1","contentUrl":"https:\/\/i0.wp.com\/www.rimocc.com\/wp-content\/uploads\/2023\/07\/RIMOCC_LOGO.jpg?fit=459%2C114&ssl=1","width":459,"height":114,"caption":"Rimocc'"},"image":{"@id":"https:\/\/www.rimocc.com\/#\/schema\/logo\/image\/"},"sameAs":["https:\/\/www.facebook.com\/rimocclyon\/?locale=fr_FR","https:\/\/www.instagram.com\/rimoccc\/?hl=fr","https:\/\/www.tiktok.com\/@rimocc","https:\/\/www.youtube.com\/@Rimocc"]}]}},"jetpack_publicize_connections":[],"jetpack_sharing_enabled":true,"_links":{"self":[{"href":"https:\/\/www.rimocc.com\/en\/wp-json\/wp\/v2\/product\/16642","targetHints":{"allow":["GET"]}}],"collection":[{"href":"https:\/\/www.rimocc.com\/en\/wp-json\/wp\/v2\/product"}],"about":[{"href":"https:\/\/www.rimocc.com\/en\/wp-json\/wp\/v2\/types\/product"}],"replies":[{"embeddable":true,"href":"https:\/\/www.rimocc.com\/en\/wp-json\/wp\/v2\/comments?post=16642"}],"wp:featuredmedia":[{"embeddable":true,"href":"https:\/\/www.rimocc.com\/en\/wp-json\/wp\/v2\/media\/16641"}],"wp:attachment":[{"href":"https:\/\/www.rimocc.com\/en\/wp-json\/wp\/v2\/media?parent=16642"}],"wp:term":[{"taxonomy":"product_brand","embeddable":true,"href":"https:\/\/www.rimocc.com\/en\/wp-json\/wp\/v2\/product_brand?post=16642"},{"taxonomy":"product_cat","embeddable":true,"href":"https:\/\/www.rimocc.com\/en\/wp-json\/wp\/v2\/product_cat?post=16642"},{"taxonomy":"product_tag","embeddable":true,"href":"https:\/\/www.rimocc.com\/en\/wp-json\/wp\/v2\/product_tag?post=16642"}],"curies":[{"name":"wp","href":"https:\/\/api.w.org\/{rel}","templated":true}]}}