{"id":16634,"date":"2025-12-06T18:33:17","date_gmt":"2025-12-06T17:33:17","guid":{"rendered":"https:\/\/www.rimocc.com\/?post_type=product&#038;p=16634"},"modified":"2026-02-15T18:26:01","modified_gmt":"2026-02-15T17:26:01","slug":"quiqeg-golem-series-ride-20","status":"publish","type":"product","link":"https:\/\/www.rimocc.com\/en\/product\/quiqeg-golem-series-ride-20\/","title":{"rendered":"Quiqeg Golem Series Ride 20&Prime;"},"content":{"rendered":"<p>Quiqeg Golem Series Ride 20&Prime;<br \/>\n1854grs<\/p>\n<div id=\"model-response-message-contentr_9d3508148a6601f9\" class=\"markdown markdown-main-panel enable-updated-hr-color\" dir=\"ltr\" aria-live=\"polite\" aria-busy=\"false\">\n<p data-path-to-node=\"3\">La cymbale <b>Quiqeg Golem Series Ride 20&Prime;<\/b> affichant un poids tr\u00e8s l\u00e9ger de <b>1854 grammes<\/b> est une pi\u00e8ce ma\u00eetresse de l&rsquo;atelier d&rsquo;<b>Enrico D&rsquo;Allessandro<\/b>, fondateur de <b>Quiqeg Cymbalsmith<\/b> en Italie. Cette cymbale Ride de 20 pouces est sp\u00e9cifiquement con\u00e7ue pour le batteur qui cherche une <b>r\u00e9ponse rapide, un son ultra-sombre et un &lsquo;wash&rsquo; ample et chaleureux<\/b>, sans sacrifier la musicalit\u00e9.<\/p>\n<h2 data-path-to-node=\"4\">Performance Sonore et Sp\u00e9cifications Techniques de cette Ride 20 pouces L\u00e9g\u00e8re<\/h2>\n<p data-path-to-node=\"5\">La philosophie de la gamme <b>Golem Series<\/b> repose sur la mise en valeur du caract\u00e8re brut et non raffin\u00e9 du bronze. La cymbale Ride 20&Prime; avec son poids exceptionnel de <b>1854grs<\/b> (Grammes) se positionne fermement dans la cat\u00e9gorie des <b>Light Rides<\/b>, offrant des attributs sonores id\u00e9aux pour les dynamiques douces.<\/p>\n<h3 data-path-to-node=\"6\">Fabrication B20 et Martelage pour un Son Dark &amp; Washy<\/h3>\n<ul data-path-to-node=\"7\">\n<li>\n<p data-path-to-node=\"7,0,0\"><b><span class=\"citation-15\">Alliage B20 Traditionnel :<\/span><\/b><span class=\"citation-15\"> Tout d&rsquo;abord, cette cymbale professionnelle est forg\u00e9e \u00e0 partir de l&rsquo;alliage <\/span><b><span class=\"citation-15\">B20<\/span><\/b><span class=\"citation-15 citation-end-15\"> de premi\u00e8re qualit\u00e9 (80% Cuivre, 20% \u00c9tain).<\/span> Cet alliage est essentiel pour produire les harmoniques complexes et la profondeur sonore exig\u00e9es par les <b>cymbales haut de gamme<\/b>.<\/p>\n<\/li>\n<li>\n<p data-path-to-node=\"7,1,0\"><b>Poids Plume (1854grs) :<\/b> Le poids particuli\u00e8rement bas est la cl\u00e9 de son identit\u00e9 sonore. Il permet \u00e0 la cymbale de r\u00e9agir imm\u00e9diatement \u00e0 l&rsquo;impact, g\u00e9n\u00e9rant un <b>wash doux et enveloppant<\/b> et un <b>sustain plus long<\/b> que ses homologues plus lourdes. C&rsquo;est le choix parfait pour une <b>cymbale Jazz Ride<\/b>.<\/p>\n<\/li>\n<li>\n<p data-path-to-node=\"7,2,0\"><b>Martelage Manuel Intensif :<\/b> le processus de martelage r\u00e9alis\u00e9 int\u00e9gralement \u00e0 la main par le cymbalier conf\u00e8re \u00e0 la cymbale une <b>tension extr\u00eamement basse<\/b> et une structure irr\u00e9guli\u00e8re, ce qui amplifie sa couleur <b>sombre, \u00ab\u00a0trashy\u00a0\u00bb et vintage<\/b>.<\/p>\n<\/li>\n<li>\n<p data-path-to-node=\"7,3,0\"><b><span class=\"citation-14\">Finition et Profil :<\/span><\/b><span class=\"citation-14\"> Comme les autres Golem, elle pr\u00e9sente souvent une finition brute (<\/span><i><span class=\"citation-14\">unlathed<\/span><\/i><span class=\"citation-14 citation-end-14\">) ou partiellement tourn\u00e9e.<\/span> Le profil peut \u00eatre plus fin vers le bord (<i>tapered<\/i>) pour maximiser la sensibilit\u00e9.<\/p>\n<\/li>\n<\/ul>\n<h3 data-path-to-node=\"8\">Caract\u00e9ristiques Acoustiques : La Meilleure Cymbale Ride pour le Jazz et le Studio<\/h3>\n<table data-path-to-node=\"9\">\n<thead>\n<tr>\n<td><strong>Param\u00e8tre Cl\u00e9<\/strong><\/td>\n<td><strong>Impact Sonore et Usage<\/strong><\/td>\n<td><\/td>\n<\/tr>\n<\/thead>\n<tbody>\n<tr>\n<td><span data-path-to-node=\"9,1,0,0\"><b>Poids (1854grs)<\/b><\/span><\/td>\n<td><span data-path-to-node=\"9,1,1,0\">Cat\u00e9gorie <b>Extra-L\u00e9g\u00e8re<\/b>. Provoque un <b>wash instantan\u00e9<\/b> et un faible volume contr\u00f4lable.<\/span><\/td>\n<td><span data-path-to-node=\"9,1,2,0\">Cymbale Light Ride 20&Prime;<\/span><\/td>\n<\/tr>\n<tr>\n<td><span data-path-to-node=\"9,2,0,0\"><b>Sustain \/ Decay<\/b><\/span><\/td>\n<td><span data-path-to-node=\"9,2,1,0\">Long et riche. Le son se d\u00e9veloppe rapidement en un <b>nuage harmonique<\/b> (wash) tr\u00e8s pr\u00e9sent.<\/span><\/td>\n<td><span data-path-to-node=\"9,2,2,0\">Ride avec Wash<\/span><\/td>\n<\/tr>\n<tr>\n<td><span data-path-to-node=\"9,3,0,0\"><b>D\u00e9finition de Baguette<\/b><\/span><\/td>\n<td><span data-path-to-node=\"9,3,1,0\">D\u00e9finition mod\u00e9r\u00e9e et fondue dans le \u00ab\u00a0wash\u00a0\u00bb g\u00e9n\u00e9ral. C&rsquo;est id\u00e9al lorsque l&rsquo;on souhaite un son plus int\u00e9gr\u00e9 au m\u00e9lange musical.<\/span><\/td>\n<td><span data-path-to-node=\"9,3,2,0\">Cymbale Jazz Dark<\/span><\/td>\n<\/tr>\n<tr>\n<td><span data-path-to-node=\"9,4,0,0\"><b>Sonorit\u00e9 Globale<\/b><\/span><\/td>\n<td><span data-path-to-node=\"9,4,1,0\"><b>Tr\u00e8s Sombre<\/b>, <b>Chaleureuse<\/b>, <b>\u00c9th\u00e9r\u00e9e<\/b> (Washy) et <b>Riche en harmoniques basses<\/b>.<\/span><\/td>\n<td><span data-path-to-node=\"9,4,2,0\">Meilleure Cymbale Jazz<\/span><\/td>\n<\/tr>\n<tr>\n<td><span data-path-to-node=\"9,5,0,0\"><b>Crashability<\/b><\/span><\/td>\n<td><span data-path-to-node=\"9,5,1,0\"><b>Exceptionnelle<\/b>. La finesse de la cymbale permet de la <i>crasher<\/i> tr\u00e8s facilement, offrant un <b>Crash sombre, puissant et tr\u00e8s Trash<\/b> \u00e0 la fois.<\/span><\/td>\n<td><span data-path-to-node=\"9,5,2,0\">Cymbale Crash Ride<\/span><\/td>\n<\/tr>\n<\/tbody>\n<\/table>\n<h2 data-path-to-node=\"10\">Optimisation pour les Batteurs Pro et les Amateurs de Son Vintage<\/h2>\n<p data-path-to-node=\"11\">Choisir la <b>Ride 20 pouces Quiqeg Golem 1854g<\/b> signifie opter pour un instrument dot\u00e9 d&rsquo;une personnalit\u00e9 unique.<\/p>\n<ul data-path-to-node=\"12\">\n<li>\n<p data-path-to-node=\"12,0,0\"><b>Instrument de Studio Id\u00e9al :<\/b> Gr\u00e2ce \u00e0 son faible volume de base et \u00e0 son sustain contr\u00f4l\u00e9 (malgr\u00e9 le wash), elle s&rsquo;int\u00e8gre parfaitement aux enregistrements qui n\u00e9cessitent de la chaleur sans exc\u00e8s de d\u00e9cibels.<\/p>\n<\/li>\n<li>\n<p data-path-to-node=\"12,1,0\"><b>Le Son Jazz Authentique :<\/b> En outre, elle capture l&rsquo;essence des <b>cymbales vintage turques et am\u00e9ricaines<\/b>, offrant la complexit\u00e9 tonale recherch\u00e9e par les batteurs de Jazz, de Folk et d&rsquo;Ambient.<\/p>\n<\/li>\n<li>\n<p data-path-to-node=\"12,2,0\"><b>Valeur d&rsquo;Artisanat Sup\u00e9rieure :<\/b> Chaque frappe r\u00e9v\u00e8le le travail manuel d&rsquo;Enrico D&rsquo;Allessandro, garantissant que votre <b>cymbale Golem Series<\/b> est un investissement unique pour votre set de batterie.<\/p>\n<\/li>\n<\/ul>\n<hr data-path-to-node=\"14\" \/>\n<p>&nbsp;<\/p>\n<\/div>\n<p><a href=\"https:\/\/www.rimocc.com\/en\/product-category\/cymbales\/\">https:\/\/www.rimocc.com\/product-category\/cymbales\/<\/a><\/p>","protected":false},"excerpt":{"rendered":"<p>Quiqeg Golem Series Ride 20&Prime; 1854grs La cymbale Quiqeg Golem Series Ride 20&Prime; affichant un poids tr\u00e8s l\u00e9ger de 1854 grammes est une pi\u00e8ce ma\u00eetresse de l&rsquo;atelier d&rsquo;Enrico D&rsquo;Allessandro, fondateur de Quiqeg Cymbalsmith en Italie. Cette cymbale Ride de 20 pouces est sp\u00e9cifiquement con\u00e7ue pour le batteur qui cherche une r\u00e9ponse rapide, un son ultra-sombre [&hellip;]<\/p>\n","protected":false},"featured_media":16633,"comment_status":"open","ping_status":"closed","template":"","meta":{"jetpack_publicize_message":"","jetpack_publicize_feature_enabled":true,"jetpack_social_post_already_shared":true,"jetpack_social_options":{"image_generator_settings":{"template":"highway","default_image_id":0,"font":"","enabled":false},"version":2}},"product_brand":[747],"product_cat":[749],"product_tag":[748],"class_list":{"0":"post-16634","1":"product","2":"type-product","3":"status-publish","4":"has-post-thumbnail","6":"product_brand-quiqeg","7":"product_cat-cymbales-dartisans-independants","8":"product_tag-quiqeg","10":"entry","11":"has-media","13":"first","14":"outofstock","15":"shipping-taxable","16":"purchasable","17":"product-type-simple","18":"has-product-nav","19":"col","20":"span_1_of_3","21":"owp-content-center","22":"owp-thumbs-layout-horizontal","23":"owp-btn-normal","24":"owp-tabs-layout-horizontal"},"yoast_head":"<!-- This site is optimized with the Yoast SEO plugin v27.4 - https:\/\/yoast.com\/product\/yoast-seo-wordpress\/ -->\n<title>Quiqeg Golem Series Ride 20&quot; - D\u00e9p\u00f4t Vente Batterie Percussion | Rimocc Lyon<\/title>\n<meta name=\"description\" content=\"Quiqeg Golem Ride 20&quot; (1854grs) Light. Cymbale B20 artisanale italienne, ultra-l\u00e9g\u00e8re. Son sombre, wash ample, id\u00e9al Jazz.\" \/>\n<meta name=\"robots\" content=\"index, follow, max-snippet:-1, max-image-preview:large, max-video-preview:-1\" \/>\n<link rel=\"canonical\" href=\"https:\/\/www.rimocc.com\/en\/product\/quiqeg-golem-series-ride-20\/\" \/>\n<meta property=\"og:locale\" content=\"en_US\" \/>\n<meta property=\"og:type\" content=\"article\" \/>\n<meta property=\"og:title\" content=\"Quiqeg Golem Series Ride 20&quot; - D\u00e9p\u00f4t Vente Batterie Percussion | Rimocc Lyon\" \/>\n<meta property=\"og:description\" content=\"Quiqeg Golem Ride 20&quot; (1854grs) Light. Cymbale B20 artisanale italienne, ultra-l\u00e9g\u00e8re. Son sombre, wash ample, id\u00e9al Jazz.\" \/>\n<meta property=\"og:url\" content=\"https:\/\/www.rimocc.com\/en\/product\/quiqeg-golem-series-ride-20\/\" \/>\n<meta property=\"og:site_name\" content=\"D\u00e9p\u00f4t Vente Batterie Percussion | Rimocc Lyon\" \/>\n<meta property=\"article:publisher\" content=\"https:\/\/www.facebook.com\/rimocclyon\/?locale=fr_FR\" \/>\n<meta property=\"article:modified_time\" content=\"2026-02-15T17:26:01+00:00\" \/>\n<meta property=\"og:image\" content=\"https:\/\/www.rimocc.com\/wp-content\/uploads\/2025\/12\/Quiqeg-Golem-Series-Ride-20-1.jpg\" \/>\n\t<meta property=\"og:image:width\" content=\"1920\" \/>\n\t<meta property=\"og:image:height\" content=\"1920\" \/>\n\t<meta property=\"og:image:type\" content=\"image\/jpeg\" \/>\n<meta name=\"twitter:card\" content=\"summary_large_image\" \/>\n<meta name=\"twitter:label1\" content=\"Est. reading time\" \/>\n\t<meta name=\"twitter:data1\" content=\"3 minutes\" \/>\n<script type=\"application\/ld+json\" class=\"yoast-schema-graph\">{\"@context\":\"https:\\\/\\\/schema.org\",\"@graph\":[{\"@type\":\"WebPage\",\"@id\":\"https:\\\/\\\/www.rimocc.com\\\/product\\\/quiqeg-golem-series-ride-20\\\/\",\"url\":\"https:\\\/\\\/www.rimocc.com\\\/product\\\/quiqeg-golem-series-ride-20\\\/\",\"name\":\"Quiqeg Golem Series Ride 20\\\" - D\u00e9p\u00f4t Vente Batterie Percussion | Rimocc Lyon\",\"isPartOf\":{\"@id\":\"https:\\\/\\\/www.rimocc.com\\\/#website\"},\"primaryImageOfPage\":{\"@id\":\"https:\\\/\\\/www.rimocc.com\\\/product\\\/quiqeg-golem-series-ride-20\\\/#primaryimage\"},\"image\":{\"@id\":\"https:\\\/\\\/www.rimocc.com\\\/product\\\/quiqeg-golem-series-ride-20\\\/#primaryimage\"},\"thumbnailUrl\":\"https:\\\/\\\/www.rimocc.com\\\/wp-content\\\/uploads\\\/2025\\\/12\\\/Quiqeg-Golem-Series-Ride-20-1.jpg\",\"datePublished\":\"2025-12-06T17:33:17+00:00\",\"dateModified\":\"2026-02-15T17:26:01+00:00\",\"description\":\"Quiqeg Golem Ride 20\\\" (1854grs) Light. Cymbale B20 artisanale italienne, ultra-l\u00e9g\u00e8re. Son sombre, wash ample, id\u00e9al Jazz.\",\"breadcrumb\":{\"@id\":\"https:\\\/\\\/www.rimocc.com\\\/product\\\/quiqeg-golem-series-ride-20\\\/#breadcrumb\"},\"inLanguage\":\"en-US\",\"potentialAction\":[{\"@type\":\"ReadAction\",\"target\":[\"https:\\\/\\\/www.rimocc.com\\\/product\\\/quiqeg-golem-series-ride-20\\\/\"]}]},{\"@type\":\"ImageObject\",\"inLanguage\":\"en-US\",\"@id\":\"https:\\\/\\\/www.rimocc.com\\\/product\\\/quiqeg-golem-series-ride-20\\\/#primaryimage\",\"url\":\"https:\\\/\\\/www.rimocc.com\\\/wp-content\\\/uploads\\\/2025\\\/12\\\/Quiqeg-Golem-Series-Ride-20-1.jpg\",\"contentUrl\":\"https:\\\/\\\/www.rimocc.com\\\/wp-content\\\/uploads\\\/2025\\\/12\\\/Quiqeg-Golem-Series-Ride-20-1.jpg\",\"width\":1920,\"height\":1920,\"caption\":\"Quiqeg Golem Series Ride 20\"},{\"@type\":\"BreadcrumbList\",\"@id\":\"https:\\\/\\\/www.rimocc.com\\\/product\\\/quiqeg-golem-series-ride-20\\\/#breadcrumb\",\"itemListElement\":[{\"@type\":\"ListItem\",\"position\":1,\"name\":\"Home\",\"item\":\"https:\\\/\\\/www.rimocc.com\\\/\"},{\"@type\":\"ListItem\",\"position\":2,\"name\":\"Shop\",\"item\":\"https:\\\/\\\/www.rimocc.com\\\/shop\\\/\"},{\"@type\":\"ListItem\",\"position\":3,\"name\":\"Quiqeg Golem Series Ride 20&#8243;\"}]},{\"@type\":\"WebSite\",\"@id\":\"https:\\\/\\\/www.rimocc.com\\\/#website\",\"url\":\"https:\\\/\\\/www.rimocc.com\\\/\",\"name\":\"D\u00e9p\u00f4t Vente Batterie Percussion | Rimocc Lyon\",\"description\":\"Rimocc: l&#039;unique magasin d\u00e9di\u00e9 enti\u00e8rement \u00e0 la batterie, percussion d&#039;occasion et vintage \u00e0 Lyon, France\",\"publisher\":{\"@id\":\"https:\\\/\\\/www.rimocc.com\\\/#organization\"},\"alternateName\":\"Rimocc'\",\"potentialAction\":[{\"@type\":\"SearchAction\",\"target\":{\"@type\":\"EntryPoint\",\"urlTemplate\":\"https:\\\/\\\/www.rimocc.com\\\/?s={search_term_string}\"},\"query-input\":{\"@type\":\"PropertyValueSpecification\",\"valueRequired\":true,\"valueName\":\"search_term_string\"}}],\"inLanguage\":\"en-US\"},{\"@type\":\"Organization\",\"@id\":\"https:\\\/\\\/www.rimocc.com\\\/#organization\",\"name\":\"Rimocc'\",\"alternateName\":\"Rimocc\",\"url\":\"https:\\\/\\\/www.rimocc.com\\\/\",\"logo\":{\"@type\":\"ImageObject\",\"inLanguage\":\"en-US\",\"@id\":\"https:\\\/\\\/www.rimocc.com\\\/#\\\/schema\\\/logo\\\/image\\\/\",\"url\":\"https:\\\/\\\/i0.wp.com\\\/www.rimocc.com\\\/wp-content\\\/uploads\\\/2023\\\/07\\\/RIMOCC_LOGO.jpg?fit=459%2C114&ssl=1\",\"contentUrl\":\"https:\\\/\\\/i0.wp.com\\\/www.rimocc.com\\\/wp-content\\\/uploads\\\/2023\\\/07\\\/RIMOCC_LOGO.jpg?fit=459%2C114&ssl=1\",\"width\":459,\"height\":114,\"caption\":\"Rimocc'\"},\"image\":{\"@id\":\"https:\\\/\\\/www.rimocc.com\\\/#\\\/schema\\\/logo\\\/image\\\/\"},\"sameAs\":[\"https:\\\/\\\/www.facebook.com\\\/rimocclyon\\\/?locale=fr_FR\",\"https:\\\/\\\/www.instagram.com\\\/rimoccc\\\/?hl=fr\",\"https:\\\/\\\/www.tiktok.com\\\/@rimocc\",\"https:\\\/\\\/www.youtube.com\\\/@Rimocc\"]}]}<\/script>\n<!-- \/ Yoast SEO plugin. -->","yoast_head_json":{"title":"Quiqeg Golem Series Ride 20\" - D\u00e9p\u00f4t Vente Batterie Percussion | Rimocc Lyon","description":"Quiqeg Golem Ride 20\" (1854grs) Light. Cymbale B20 artisanale italienne, ultra-l\u00e9g\u00e8re. Son sombre, wash ample, id\u00e9al Jazz.","robots":{"index":"index","follow":"follow","max-snippet":"max-snippet:-1","max-image-preview":"max-image-preview:large","max-video-preview":"max-video-preview:-1"},"canonical":"https:\/\/www.rimocc.com\/en\/product\/quiqeg-golem-series-ride-20\/","og_locale":"en_US","og_type":"article","og_title":"Quiqeg Golem Series Ride 20\" - D\u00e9p\u00f4t Vente Batterie Percussion | Rimocc Lyon","og_description":"Quiqeg Golem Ride 20\" (1854grs) Light. Cymbale B20 artisanale italienne, ultra-l\u00e9g\u00e8re. Son sombre, wash ample, id\u00e9al Jazz.","og_url":"https:\/\/www.rimocc.com\/en\/product\/quiqeg-golem-series-ride-20\/","og_site_name":"D\u00e9p\u00f4t Vente Batterie Percussion | Rimocc Lyon","article_publisher":"https:\/\/www.facebook.com\/rimocclyon\/?locale=fr_FR","article_modified_time":"2026-02-15T17:26:01+00:00","og_image":[{"width":1920,"height":1920,"url":"https:\/\/www.rimocc.com\/wp-content\/uploads\/2025\/12\/Quiqeg-Golem-Series-Ride-20-1.jpg","type":"image\/jpeg"}],"twitter_card":"summary_large_image","twitter_misc":{"Est. reading time":"3 minutes"},"schema":{"@context":"https:\/\/schema.org","@graph":[{"@type":"WebPage","@id":"https:\/\/www.rimocc.com\/product\/quiqeg-golem-series-ride-20\/","url":"https:\/\/www.rimocc.com\/product\/quiqeg-golem-series-ride-20\/","name":"Quiqeg Golem Series Ride 20\" - D\u00e9p\u00f4t Vente Batterie Percussion | Rimocc Lyon","isPartOf":{"@id":"https:\/\/www.rimocc.com\/#website"},"primaryImageOfPage":{"@id":"https:\/\/www.rimocc.com\/product\/quiqeg-golem-series-ride-20\/#primaryimage"},"image":{"@id":"https:\/\/www.rimocc.com\/product\/quiqeg-golem-series-ride-20\/#primaryimage"},"thumbnailUrl":"https:\/\/www.rimocc.com\/wp-content\/uploads\/2025\/12\/Quiqeg-Golem-Series-Ride-20-1.jpg","datePublished":"2025-12-06T17:33:17+00:00","dateModified":"2026-02-15T17:26:01+00:00","description":"Quiqeg Golem Ride 20\" (1854grs) Light. Cymbale B20 artisanale italienne, ultra-l\u00e9g\u00e8re. Son sombre, wash ample, id\u00e9al Jazz.","breadcrumb":{"@id":"https:\/\/www.rimocc.com\/product\/quiqeg-golem-series-ride-20\/#breadcrumb"},"inLanguage":"en-US","potentialAction":[{"@type":"ReadAction","target":["https:\/\/www.rimocc.com\/product\/quiqeg-golem-series-ride-20\/"]}]},{"@type":"ImageObject","inLanguage":"en-US","@id":"https:\/\/www.rimocc.com\/product\/quiqeg-golem-series-ride-20\/#primaryimage","url":"https:\/\/www.rimocc.com\/wp-content\/uploads\/2025\/12\/Quiqeg-Golem-Series-Ride-20-1.jpg","contentUrl":"https:\/\/www.rimocc.com\/wp-content\/uploads\/2025\/12\/Quiqeg-Golem-Series-Ride-20-1.jpg","width":1920,"height":1920,"caption":"Quiqeg Golem Series Ride 20"},{"@type":"BreadcrumbList","@id":"https:\/\/www.rimocc.com\/product\/quiqeg-golem-series-ride-20\/#breadcrumb","itemListElement":[{"@type":"ListItem","position":1,"name":"Home","item":"https:\/\/www.rimocc.com\/"},{"@type":"ListItem","position":2,"name":"Shop","item":"https:\/\/www.rimocc.com\/shop\/"},{"@type":"ListItem","position":3,"name":"Quiqeg Golem Series Ride 20&#8243;"}]},{"@type":"WebSite","@id":"https:\/\/www.rimocc.com\/#website","url":"https:\/\/www.rimocc.com\/","name":"D\u00e9p\u00f4t Vente Batterie Percussion | Rimocc Lyon","description":"Rimocc: l&#039;unique magasin d\u00e9di\u00e9 enti\u00e8rement \u00e0 la batterie, percussion d&#039;occasion et vintage \u00e0 Lyon, France","publisher":{"@id":"https:\/\/www.rimocc.com\/#organization"},"alternateName":"Rimocc'","potentialAction":[{"@type":"SearchAction","target":{"@type":"EntryPoint","urlTemplate":"https:\/\/www.rimocc.com\/?s={search_term_string}"},"query-input":{"@type":"PropertyValueSpecification","valueRequired":true,"valueName":"search_term_string"}}],"inLanguage":"en-US"},{"@type":"Organization","@id":"https:\/\/www.rimocc.com\/#organization","name":"Rimocc'","alternateName":"Rimocc","url":"https:\/\/www.rimocc.com\/","logo":{"@type":"ImageObject","inLanguage":"en-US","@id":"https:\/\/www.rimocc.com\/#\/schema\/logo\/image\/","url":"https:\/\/i0.wp.com\/www.rimocc.com\/wp-content\/uploads\/2023\/07\/RIMOCC_LOGO.jpg?fit=459%2C114&ssl=1","contentUrl":"https:\/\/i0.wp.com\/www.rimocc.com\/wp-content\/uploads\/2023\/07\/RIMOCC_LOGO.jpg?fit=459%2C114&ssl=1","width":459,"height":114,"caption":"Rimocc'"},"image":{"@id":"https:\/\/www.rimocc.com\/#\/schema\/logo\/image\/"},"sameAs":["https:\/\/www.facebook.com\/rimocclyon\/?locale=fr_FR","https:\/\/www.instagram.com\/rimoccc\/?hl=fr","https:\/\/www.tiktok.com\/@rimocc","https:\/\/www.youtube.com\/@Rimocc"]}]}},"jetpack_publicize_connections":[],"jetpack_sharing_enabled":true,"_links":{"self":[{"href":"https:\/\/www.rimocc.com\/en\/wp-json\/wp\/v2\/product\/16634","targetHints":{"allow":["GET"]}}],"collection":[{"href":"https:\/\/www.rimocc.com\/en\/wp-json\/wp\/v2\/product"}],"about":[{"href":"https:\/\/www.rimocc.com\/en\/wp-json\/wp\/v2\/types\/product"}],"replies":[{"embeddable":true,"href":"https:\/\/www.rimocc.com\/en\/wp-json\/wp\/v2\/comments?post=16634"}],"wp:featuredmedia":[{"embeddable":true,"href":"https:\/\/www.rimocc.com\/en\/wp-json\/wp\/v2\/media\/16633"}],"wp:attachment":[{"href":"https:\/\/www.rimocc.com\/en\/wp-json\/wp\/v2\/media?parent=16634"}],"wp:term":[{"taxonomy":"product_brand","embeddable":true,"href":"https:\/\/www.rimocc.com\/en\/wp-json\/wp\/v2\/product_brand?post=16634"},{"taxonomy":"product_cat","embeddable":true,"href":"https:\/\/www.rimocc.com\/en\/wp-json\/wp\/v2\/product_cat?post=16634"},{"taxonomy":"product_tag","embeddable":true,"href":"https:\/\/www.rimocc.com\/en\/wp-json\/wp\/v2\/product_tag?post=16634"}],"curies":[{"name":"wp","href":"https:\/\/api.w.org\/{rel}","templated":true}]}}