{"id":16591,"date":"2025-11-27T14:23:03","date_gmt":"2025-11-27T13:23:03","guid":{"rendered":"https:\/\/www.rimocc.com\/?post_type=product&#038;p=16591"},"modified":"2025-11-27T16:29:45","modified_gmt":"2025-11-27T15:29:45","slug":"rav-vast-b-celtic-indigo-double-ding-432hz","status":"publish","type":"product","link":"https:\/\/www.rimocc.com\/en\/product\/rav-vast-b-celtic-indigo-double-ding-432hz\/","title":{"rendered":"Rav Vast B Celtic Indigo Double Ding 432Hz"},"content":{"rendered":"<p>Nouvel arrivage!<br \/>\nRav Vast B Celtic Indigo Double Ding 432Hz<br \/>\n<span class=\"math-inline\" data-math=\"B2\">B2<\/span><span class=\"citation-12 citation-end-12\"> (Double Ding) <\/span>A2 F#3 A3 B3 C#4 D4 E4 F#4 A4<br \/>\nComme neuf, jamais jou\u00e9. Quelques traces de frottements sur la finition<\/p>\n<p>\u00ab\u00a0La gamme <b>B Celtic Double Ding<\/b> refl\u00e8te l&rsquo;arrangement des notes de la <b>B Celtic Minor<\/b> mais ajoute une note suppl\u00e9mentaire, transformant le T<b>ongue Pan<\/b> en parfait canevas pour l&rsquo;improvisation et la composition. <span class=\"citation-1\">Tout en conservant ce son <\/span><b><span class=\"citation-1\">doux, m\u00e9lodieux et romantique<\/span><\/b><span class=\"citation-1\">, le B Celtic Double Ding 432 affiche une <\/span><b><span class=\"citation-1\">hauteur plus basse<\/span><\/b><span class=\"citation-1 citation-end-1\"> compar\u00e9e \u00e0 l&rsquo;\u00e9chelle traditionnelle \u00e0 440 Hz.\u00a0\u00bb<\/span><\/p>\n<p><strong>!!Envoi par La Poste Colissimo seulement. Pas d&rsquo;envoi par Mondial Relay car trop volumineux.\u00a0 Merci de s\u00e9lectionner La Poste Colissimo lors de la commande sur le site!!<\/strong><\/p>\n<div id=\"model-response-message-contentr_9341bd899cd902ed\" class=\"markdown markdown-main-panel enable-updated-hr-color\" dir=\"ltr\" aria-live=\"polite\" aria-busy=\"false\">\n<hr data-path-to-node=\"1\" \/>\n<h2>RAV Vast B Celtic Indigo Double Ding 432Hz : Le Tongue Pan pour une R\u00e9sonance Harmonique Profonde<\/h2>\n<p>&nbsp;<\/p>\n<p data-path-to-node=\"3\">Le <b>RAV Vast B Celtic Indigo Double Ding 432Hz<\/b> repr\u00e9sente l&rsquo;apog\u00e9e de la conception de tongue drums, offrant une exp\u00e9rience sonore \u00e0 la fois m\u00e9ditative et intens\u00e9ment cr\u00e9ative. <span class=\"citation-15 citation-end-15\">Con\u00e7u pour les musiciens professionnels, les th\u00e9rapeutes sonores et les passionn\u00e9s de handpan, cet instrument se distingue par son accordage sp\u00e9cifique et sa richesse harmonique.<\/span> Il est indispensable pour quiconque cherche \u00e0 allier la m\u00e9lodie celtique traditionnelle \u00e0 la profondeur vibratoire du 432 Hz.<\/p>\n<h3>Accordage et R\u00e9sonance : La Fr\u00e9quence Sacr\u00e9e de 432 Hz pour une Musique Spirituelle<\/h3>\n<p data-path-to-node=\"5\">L&rsquo;une des caract\u00e9ristiques les plus remarquables de ce mod\u00e8le est son <b>accordage en 432 Hz<\/b>. Contrairement \u00e0 l&rsquo;accordage standard de <span class=\"math-inline\" data-math=\"440 \\text{ Hz}\">440Hz<\/span>, cette fr\u00e9quence est souvent appel\u00e9e la \u00ab fr\u00e9quence de l&rsquo;Univers \u00bb ou la \u00ab fr\u00e9quence de gu\u00e9rison \u00bb. Par cons\u00e9quent, les vibrations produites par le <b>RAV Vast 432Hz<\/b> sont per\u00e7ues comme \u00e9tant plus relaxantes, plus naturelles et plus align\u00e9es avec les rythmes biologiques humains.<\/p>\n<table data-path-to-node=\"6\">\n<thead>\n<tr>\n<td><strong>Caract\u00e9ristique Technique<\/strong><\/td>\n<td><strong>Sp\u00e9cification<\/strong><\/td>\n<td><strong>B\u00e9n\u00e9fice\u00a0<\/strong><\/td>\n<\/tr>\n<\/thead>\n<tbody>\n<tr>\n<td><span data-path-to-node=\"6,1,0,0\"><b>Gamme Musicale<\/b><\/span><\/td>\n<td><span data-path-to-node=\"6,1,1,0\">B Celtic Double Ding<\/span><\/td>\n<td><span data-path-to-node=\"6,1,2,0\">Mellow, m\u00e9lancolique, excellent pour l&rsquo;improvisation.<\/span><\/td>\n<\/tr>\n<tr>\n<td><span data-path-to-node=\"6,2,0,0\"><b>Fr\u00e9quence<\/b><\/span><\/td>\n<td><span data-path-to-node=\"6,2,1,0\"><span class=\"math-inline\" data-math=\"432 \\text{ Hz}\">432Hz<\/span><\/span><\/td>\n<td><span data-path-to-node=\"6,2,2,0\">R\u00e9sonance profonde, alignement vibratoire, effet relaxant.<\/span><\/td>\n<\/tr>\n<tr>\n<td><span data-path-to-node=\"6,3,0,0\"><b>Mat\u00e9riau<\/b><\/span><\/td>\n<td><span data-path-to-node=\"6,3,1,0\">Acier inoxydable (alliage sp\u00e9cial)<\/span><\/td>\n<td><span data-path-to-node=\"6,3,2,0\">Durabilit\u00e9 sup\u00e9rieure, r\u00e9sistance \u00e0 la corrosion, clart\u00e9 tonale.<\/span><\/td>\n<\/tr>\n<tr>\n<td><span data-path-to-node=\"6,4,0,0\"><b>Technologie<\/b><\/span><\/td>\n<td><span data-path-to-node=\"6,4,1,0\">Double Ding<\/span><\/td>\n<td><span data-path-to-node=\"6,4,2,0\">Note centrale (Ding) double pour une complexit\u00e9 harmonique accrue.<\/span><\/td>\n<\/tr>\n<tr>\n<td><span data-path-to-node=\"6,5,0,0\"><b>Diam\u00e8tre \/ Poids<\/b><\/span><\/td>\n<td><span data-path-to-node=\"6,5,1,0\">Environ 51 cm \/ 4.9 kg<\/span><\/td>\n<td><span data-path-to-node=\"6,5,2,0\">Taille standard, portabilit\u00e9 raisonnable pour un tongue drum professionnel.<\/span><\/td>\n<\/tr>\n<\/tbody>\n<\/table>\n<h3>Structure des Notes : La Gamme Celtique Mellow et la Technologie Double Ding<\/h3>\n<p data-path-to-node=\"8\"><span class=\"citation-14\">La gamme choisie, <\/span><b><span class=\"citation-14\">B Celtic Double Ding<\/span><\/b><span class=\"citation-14 citation-end-14\">, est une variation enrichie de la c\u00e9l\u00e8bre gamme B Celtic Minor.<\/span> <span class=\"citation-13\">Cette variation inclut non seulement la structure m\u00e9lancolique et douce de la gamme celtique (souvent utilis\u00e9e en musique irlandaise et de m\u00e9ditation), mais elle int\u00e8gre \u00e9galement un <\/span><b><span class=\"citation-13\">Double Ding<\/span><\/b><span class=\"citation-13 citation-end-13\">.<\/span> Cette innovation technique offre une note centrale plus complexe et plus riche en harmoniques que les handpans traditionnels. En d&rsquo;autres termes, cela permet un sustain prolong\u00e9 et une plus grande facilit\u00e9 \u00e0 cr\u00e9er des accords fluides.<\/p>\n<p data-path-to-node=\"9\"><b>Les notes sp\u00e9cifiques du RAV Vast B Celtic Indigo Double Ding sont :<\/b><\/p>\n<p data-path-to-node=\"10\"><span class=\"math-inline\" data-math=\"B2\">B2<\/span><span class=\"citation-12 citation-end-12\"> (Double Ding) <\/span>A2 F#3 A3 B3 C#4 D4 E4 F#4 A4<\/p>\n<p data-path-to-node=\"11\">Ainsi, cette configuration de <b>9 notes<\/b> (avec le double Ding) garantit un son \u00e9th\u00e9r\u00e9 et une libert\u00e9 totale pour la composition, faisant de ce mod\u00e8le l&rsquo;un des plus recherch\u00e9s pour l&rsquo;<b>improvisation sur handpan<\/b>.<\/p>\n<h3>Conception et Durabilit\u00e9 : L&rsquo;Alliage Indigo pour les Percussions M\u00e9lodiques<\/h3>\n<p data-path-to-node=\"13\">Le <b>RAV Vast B Celtic Indigo<\/b> tire son nom de la finition bleut\u00e9e et profonde de son acier, obtenue gr\u00e2ce \u00e0 un traitement thermique unique. Non seulement cette couleur ajoute un attrait esth\u00e9tique distinctif, mais elle est \u00e9galement le r\u00e9sultat du processus de trempe qui conf\u00e8re \u00e0 l&rsquo;instrument sa <b>r\u00e9sistance et sa clart\u00e9 tonale exceptionnelles<\/b>. Par cons\u00e9quent, le <b>tongue drum RAV Vast<\/b> est reconnu pour sa grande robustesse et sa capacit\u00e9 \u00e0 maintenir son accordage, m\u00eame apr\u00e8s de longues sessions de jeu.<\/p>\n<h3>Public Cible et Utilisation : Instrument de M\u00e9ditation, Performance et Th\u00e9rapie Sonore<\/h3>\n<p data-path-to-node=\"15\">Gr\u00e2ce \u00e0 sa fr\u00e9quence en 432 Hz et sa gamme apaisante, le <b>RAV Vast B Celtic Indigo Double Ding<\/b> est id\u00e9al pour :<\/p>\n<ul data-path-to-node=\"16\">\n<li>\n<p data-path-to-node=\"16,0,0\"><b><span class=\"citation-11\">La musicoth\u00e9rapie :<\/span><\/b><span class=\"citation-11 citation-end-11\"> Son\u00a0<\/span><span class=\"math-inline\" data-math=\"432 \\text{ Hz}\">432Hz<\/span><span class=\"citation-10 citation-end-10\">\u00a0est pl\u00e9biscit\u00e9 pour induire des \u00e9tats de relaxation profonde.<\/span><\/p>\n<\/li>\n<li>\n<p data-path-to-node=\"16,1,0\"><b>Les performances :<\/b> Le sustain long et la clart\u00e9 des harmoniques permettent des performances live captivantes.<\/p>\n<\/li>\n<li>\n<p data-path-to-node=\"16,2,0\"><b><span class=\"citation-9\">La m\u00e9ditation et le yoga :<\/span><\/b><span class=\"citation-9 citation-end-9\"> Il sert de puissant outil pour l&rsquo;\u00e9tablissement d&rsquo;une atmosph\u00e8re calme et centr\u00e9e.<\/span><\/p>\n<\/li>\n<\/ul>\n<p data-path-to-node=\"17\">En conclusion, choisir le <b>RAV Vast B Celtic Indigo Double Ding 432Hz<\/b>, c&rsquo;est investir dans un instrument de percussion m\u00e9lodique qui excelle tant par sa qualit\u00e9 de fabrication que par sa profondeur spirituelle et sonore.<\/p>\n<hr data-path-to-node=\"18\" \/>\n<\/div>\n<div class=\"source-inline-chip-container ng-star-inserted\"><a href=\"https:\/\/ravlabs.com\/\">https:\/\/ravlabs.com\/<\/a><br \/>\n<a href=\"https:\/\/www.rimocc.com\/en\/product-category\/percussions\/\">https:\/\/www.rimocc.com\/product-category\/percussions\/<\/a><\/div>\n<div><a href=\"https:\/\/www.youtube.com\/watch?v=Ik0sKCOr1QQ&amp;t=22s\">https:\/\/www.youtube.com\/watch?v=Ik0sKCOr1QQ&amp;t=22s<\/a><\/div>","protected":false},"excerpt":{"rendered":"<p>Nouvel arrivage! Rav Vast B Celtic Indigo Double Ding 432Hz B2 (Double Ding) A2 F#3 A3 B3 C#4 D4 E4 F#4 A4 Comme neuf, jamais jou\u00e9. Quelques traces de frottements sur la finition \u00ab\u00a0La gamme B Celtic Double Ding refl\u00e8te l&rsquo;arrangement des notes de la B Celtic Minor mais ajoute une note suppl\u00e9mentaire, transformant le [&hellip;]<\/p>\n","protected":false},"featured_media":16590,"comment_status":"open","ping_status":"closed","template":"","meta":{"jetpack_publicize_message":"","jetpack_publicize_feature_enabled":true,"jetpack_social_post_already_shared":true,"jetpack_social_options":{"image_generator_settings":{"template":"highway","default_image_id":0,"font":"","enabled":false},"version":2}},"product_brand":[705],"product_cat":[16],"product_tag":[732],"class_list":{"0":"post-16591","1":"product","2":"type-product","3":"status-publish","4":"has-post-thumbnail","6":"product_brand-rav","7":"product_cat-percussions","8":"product_tag-rav-vast","10":"entry","11":"has-media","13":"first","14":"instock","15":"shipping-taxable","16":"purchasable","17":"product-type-simple","18":"has-product-nav","19":"col","20":"span_1_of_3","21":"owp-content-center","22":"owp-thumbs-layout-horizontal","23":"owp-btn-normal","24":"owp-tabs-layout-horizontal"},"yoast_head":"<!-- This site is optimized with the Yoast SEO plugin v27.4 - https:\/\/yoast.com\/product\/yoast-seo-wordpress\/ -->\n<title>Rav Vast B Celtic Indigo Double Ding 432Hz - D\u00e9p\u00f4t Vente Batterie Percussion | Rimocc Lyon<\/title>\n<meta name=\"description\" content=\"RAV Vast B Celtic Indigo Double Ding 432Hz : le tongue pan 432 Hz celtique le plus profond. Son m\u00e9ditatif, r\u00e9sonance sacr\u00e9e et harmoniques riches. Id\u00e9al pour th\u00e9rapie sonore et improvisation.\" \/>\n<meta name=\"robots\" content=\"index, follow, max-snippet:-1, max-image-preview:large, max-video-preview:-1\" \/>\n<link rel=\"canonical\" href=\"https:\/\/www.rimocc.com\/en\/product\/rav-vast-b-celtic-indigo-double-ding-432hz\/\" \/>\n<meta property=\"og:locale\" content=\"en_US\" \/>\n<meta property=\"og:type\" content=\"article\" \/>\n<meta property=\"og:title\" content=\"Rav Vast B Celtic Indigo Double Ding 432Hz - D\u00e9p\u00f4t Vente Batterie Percussion | Rimocc Lyon\" \/>\n<meta property=\"og:description\" content=\"RAV Vast B Celtic Indigo Double Ding 432Hz : le tongue pan 432 Hz celtique le plus profond. Son m\u00e9ditatif, r\u00e9sonance sacr\u00e9e et harmoniques riches. Id\u00e9al pour th\u00e9rapie sonore et improvisation.\" \/>\n<meta property=\"og:url\" content=\"https:\/\/www.rimocc.com\/en\/product\/rav-vast-b-celtic-indigo-double-ding-432hz\/\" \/>\n<meta property=\"og:site_name\" content=\"D\u00e9p\u00f4t Vente Batterie Percussion | Rimocc Lyon\" \/>\n<meta property=\"article:publisher\" content=\"https:\/\/www.facebook.com\/rimocclyon\/?locale=fr_FR\" \/>\n<meta property=\"article:modified_time\" content=\"2025-11-27T15:29:45+00:00\" \/>\n<meta property=\"og:image\" content=\"https:\/\/www.rimocc.com\/wp-content\/uploads\/2025\/11\/Rav-Vast-B-Celtic-Indigo-Double-Ding-432Hz-1.jpg\" \/>\n\t<meta property=\"og:image:width\" content=\"1920\" \/>\n\t<meta property=\"og:image:height\" content=\"1920\" \/>\n\t<meta property=\"og:image:type\" content=\"image\/jpeg\" \/>\n<meta name=\"twitter:card\" content=\"summary_large_image\" \/>\n<meta name=\"twitter:label1\" content=\"Est. reading time\" \/>\n\t<meta name=\"twitter:data1\" content=\"4 minutes\" \/>\n<script type=\"application\/ld+json\" class=\"yoast-schema-graph\">{\"@context\":\"https:\\\/\\\/schema.org\",\"@graph\":[{\"@type\":\"WebPage\",\"@id\":\"https:\\\/\\\/www.rimocc.com\\\/product\\\/rav-vast-b-celtic-indigo-double-ding-432hz\\\/\",\"url\":\"https:\\\/\\\/www.rimocc.com\\\/product\\\/rav-vast-b-celtic-indigo-double-ding-432hz\\\/\",\"name\":\"Rav Vast B Celtic Indigo Double Ding 432Hz - D\u00e9p\u00f4t Vente Batterie Percussion | Rimocc Lyon\",\"isPartOf\":{\"@id\":\"https:\\\/\\\/www.rimocc.com\\\/#website\"},\"primaryImageOfPage\":{\"@id\":\"https:\\\/\\\/www.rimocc.com\\\/product\\\/rav-vast-b-celtic-indigo-double-ding-432hz\\\/#primaryimage\"},\"image\":{\"@id\":\"https:\\\/\\\/www.rimocc.com\\\/product\\\/rav-vast-b-celtic-indigo-double-ding-432hz\\\/#primaryimage\"},\"thumbnailUrl\":\"https:\\\/\\\/www.rimocc.com\\\/wp-content\\\/uploads\\\/2025\\\/11\\\/Rav-Vast-B-Celtic-Indigo-Double-Ding-432Hz-1.jpg\",\"datePublished\":\"2025-11-27T13:23:03+00:00\",\"dateModified\":\"2025-11-27T15:29:45+00:00\",\"description\":\"RAV Vast B Celtic Indigo Double Ding 432Hz : le tongue pan 432 Hz celtique le plus profond. Son m\u00e9ditatif, r\u00e9sonance sacr\u00e9e et harmoniques riches. Id\u00e9al pour th\u00e9rapie sonore et improvisation.\",\"breadcrumb\":{\"@id\":\"https:\\\/\\\/www.rimocc.com\\\/product\\\/rav-vast-b-celtic-indigo-double-ding-432hz\\\/#breadcrumb\"},\"inLanguage\":\"en-US\",\"potentialAction\":[{\"@type\":\"ReadAction\",\"target\":[\"https:\\\/\\\/www.rimocc.com\\\/product\\\/rav-vast-b-celtic-indigo-double-ding-432hz\\\/\"]}]},{\"@type\":\"ImageObject\",\"inLanguage\":\"en-US\",\"@id\":\"https:\\\/\\\/www.rimocc.com\\\/product\\\/rav-vast-b-celtic-indigo-double-ding-432hz\\\/#primaryimage\",\"url\":\"https:\\\/\\\/www.rimocc.com\\\/wp-content\\\/uploads\\\/2025\\\/11\\\/Rav-Vast-B-Celtic-Indigo-Double-Ding-432Hz-1.jpg\",\"contentUrl\":\"https:\\\/\\\/www.rimocc.com\\\/wp-content\\\/uploads\\\/2025\\\/11\\\/Rav-Vast-B-Celtic-Indigo-Double-Ding-432Hz-1.jpg\",\"width\":1920,\"height\":1920,\"caption\":\"Rav Vast B Celtic Indigo Double Ding 432Hz\"},{\"@type\":\"BreadcrumbList\",\"@id\":\"https:\\\/\\\/www.rimocc.com\\\/product\\\/rav-vast-b-celtic-indigo-double-ding-432hz\\\/#breadcrumb\",\"itemListElement\":[{\"@type\":\"ListItem\",\"position\":1,\"name\":\"Home\",\"item\":\"https:\\\/\\\/www.rimocc.com\\\/\"},{\"@type\":\"ListItem\",\"position\":2,\"name\":\"Shop\",\"item\":\"https:\\\/\\\/www.rimocc.com\\\/shop\\\/\"},{\"@type\":\"ListItem\",\"position\":3,\"name\":\"Rav Vast B Celtic Indigo Double Ding 432Hz\"}]},{\"@type\":\"WebSite\",\"@id\":\"https:\\\/\\\/www.rimocc.com\\\/#website\",\"url\":\"https:\\\/\\\/www.rimocc.com\\\/\",\"name\":\"D\u00e9p\u00f4t Vente Batterie Percussion | Rimocc Lyon\",\"description\":\"Rimocc: l&#039;unique magasin d\u00e9di\u00e9 enti\u00e8rement \u00e0 la batterie, percussion d&#039;occasion et vintage \u00e0 Lyon, France\",\"publisher\":{\"@id\":\"https:\\\/\\\/www.rimocc.com\\\/#organization\"},\"alternateName\":\"Rimocc'\",\"potentialAction\":[{\"@type\":\"SearchAction\",\"target\":{\"@type\":\"EntryPoint\",\"urlTemplate\":\"https:\\\/\\\/www.rimocc.com\\\/?s={search_term_string}\"},\"query-input\":{\"@type\":\"PropertyValueSpecification\",\"valueRequired\":true,\"valueName\":\"search_term_string\"}}],\"inLanguage\":\"en-US\"},{\"@type\":\"Organization\",\"@id\":\"https:\\\/\\\/www.rimocc.com\\\/#organization\",\"name\":\"Rimocc'\",\"alternateName\":\"Rimocc\",\"url\":\"https:\\\/\\\/www.rimocc.com\\\/\",\"logo\":{\"@type\":\"ImageObject\",\"inLanguage\":\"en-US\",\"@id\":\"https:\\\/\\\/www.rimocc.com\\\/#\\\/schema\\\/logo\\\/image\\\/\",\"url\":\"https:\\\/\\\/i0.wp.com\\\/www.rimocc.com\\\/wp-content\\\/uploads\\\/2023\\\/07\\\/RIMOCC_LOGO.jpg?fit=459%2C114&ssl=1\",\"contentUrl\":\"https:\\\/\\\/i0.wp.com\\\/www.rimocc.com\\\/wp-content\\\/uploads\\\/2023\\\/07\\\/RIMOCC_LOGO.jpg?fit=459%2C114&ssl=1\",\"width\":459,\"height\":114,\"caption\":\"Rimocc'\"},\"image\":{\"@id\":\"https:\\\/\\\/www.rimocc.com\\\/#\\\/schema\\\/logo\\\/image\\\/\"},\"sameAs\":[\"https:\\\/\\\/www.facebook.com\\\/rimocclyon\\\/?locale=fr_FR\",\"https:\\\/\\\/www.instagram.com\\\/rimoccc\\\/?hl=fr\",\"https:\\\/\\\/www.tiktok.com\\\/@rimocc\",\"https:\\\/\\\/www.youtube.com\\\/@Rimocc\"]}]}<\/script>\n<!-- \/ Yoast SEO plugin. -->","yoast_head_json":{"title":"Rav Vast B Celtic Indigo Double Ding 432Hz - D\u00e9p\u00f4t Vente Batterie Percussion | Rimocc Lyon","description":"RAV Vast B Celtic Indigo Double Ding 432Hz : le tongue pan 432 Hz celtique le plus profond. Son m\u00e9ditatif, r\u00e9sonance sacr\u00e9e et harmoniques riches. Id\u00e9al pour th\u00e9rapie sonore et improvisation.","robots":{"index":"index","follow":"follow","max-snippet":"max-snippet:-1","max-image-preview":"max-image-preview:large","max-video-preview":"max-video-preview:-1"},"canonical":"https:\/\/www.rimocc.com\/en\/product\/rav-vast-b-celtic-indigo-double-ding-432hz\/","og_locale":"en_US","og_type":"article","og_title":"Rav Vast B Celtic Indigo Double Ding 432Hz - D\u00e9p\u00f4t Vente Batterie Percussion | Rimocc Lyon","og_description":"RAV Vast B Celtic Indigo Double Ding 432Hz : le tongue pan 432 Hz celtique le plus profond. Son m\u00e9ditatif, r\u00e9sonance sacr\u00e9e et harmoniques riches. Id\u00e9al pour th\u00e9rapie sonore et improvisation.","og_url":"https:\/\/www.rimocc.com\/en\/product\/rav-vast-b-celtic-indigo-double-ding-432hz\/","og_site_name":"D\u00e9p\u00f4t Vente Batterie Percussion | Rimocc Lyon","article_publisher":"https:\/\/www.facebook.com\/rimocclyon\/?locale=fr_FR","article_modified_time":"2025-11-27T15:29:45+00:00","og_image":[{"width":1920,"height":1920,"url":"https:\/\/www.rimocc.com\/wp-content\/uploads\/2025\/11\/Rav-Vast-B-Celtic-Indigo-Double-Ding-432Hz-1.jpg","type":"image\/jpeg"}],"twitter_card":"summary_large_image","twitter_misc":{"Est. reading time":"4 minutes"},"schema":{"@context":"https:\/\/schema.org","@graph":[{"@type":"WebPage","@id":"https:\/\/www.rimocc.com\/product\/rav-vast-b-celtic-indigo-double-ding-432hz\/","url":"https:\/\/www.rimocc.com\/product\/rav-vast-b-celtic-indigo-double-ding-432hz\/","name":"Rav Vast B Celtic Indigo Double Ding 432Hz - D\u00e9p\u00f4t Vente Batterie Percussion | Rimocc Lyon","isPartOf":{"@id":"https:\/\/www.rimocc.com\/#website"},"primaryImageOfPage":{"@id":"https:\/\/www.rimocc.com\/product\/rav-vast-b-celtic-indigo-double-ding-432hz\/#primaryimage"},"image":{"@id":"https:\/\/www.rimocc.com\/product\/rav-vast-b-celtic-indigo-double-ding-432hz\/#primaryimage"},"thumbnailUrl":"https:\/\/www.rimocc.com\/wp-content\/uploads\/2025\/11\/Rav-Vast-B-Celtic-Indigo-Double-Ding-432Hz-1.jpg","datePublished":"2025-11-27T13:23:03+00:00","dateModified":"2025-11-27T15:29:45+00:00","description":"RAV Vast B Celtic Indigo Double Ding 432Hz : le tongue pan 432 Hz celtique le plus profond. Son m\u00e9ditatif, r\u00e9sonance sacr\u00e9e et harmoniques riches. Id\u00e9al pour th\u00e9rapie sonore et improvisation.","breadcrumb":{"@id":"https:\/\/www.rimocc.com\/product\/rav-vast-b-celtic-indigo-double-ding-432hz\/#breadcrumb"},"inLanguage":"en-US","potentialAction":[{"@type":"ReadAction","target":["https:\/\/www.rimocc.com\/product\/rav-vast-b-celtic-indigo-double-ding-432hz\/"]}]},{"@type":"ImageObject","inLanguage":"en-US","@id":"https:\/\/www.rimocc.com\/product\/rav-vast-b-celtic-indigo-double-ding-432hz\/#primaryimage","url":"https:\/\/www.rimocc.com\/wp-content\/uploads\/2025\/11\/Rav-Vast-B-Celtic-Indigo-Double-Ding-432Hz-1.jpg","contentUrl":"https:\/\/www.rimocc.com\/wp-content\/uploads\/2025\/11\/Rav-Vast-B-Celtic-Indigo-Double-Ding-432Hz-1.jpg","width":1920,"height":1920,"caption":"Rav Vast B Celtic Indigo Double Ding 432Hz"},{"@type":"BreadcrumbList","@id":"https:\/\/www.rimocc.com\/product\/rav-vast-b-celtic-indigo-double-ding-432hz\/#breadcrumb","itemListElement":[{"@type":"ListItem","position":1,"name":"Home","item":"https:\/\/www.rimocc.com\/"},{"@type":"ListItem","position":2,"name":"Shop","item":"https:\/\/www.rimocc.com\/shop\/"},{"@type":"ListItem","position":3,"name":"Rav Vast B Celtic Indigo Double Ding 432Hz"}]},{"@type":"WebSite","@id":"https:\/\/www.rimocc.com\/#website","url":"https:\/\/www.rimocc.com\/","name":"D\u00e9p\u00f4t Vente Batterie Percussion | Rimocc Lyon","description":"Rimocc: l&#039;unique magasin d\u00e9di\u00e9 enti\u00e8rement \u00e0 la batterie, percussion d&#039;occasion et vintage \u00e0 Lyon, France","publisher":{"@id":"https:\/\/www.rimocc.com\/#organization"},"alternateName":"Rimocc'","potentialAction":[{"@type":"SearchAction","target":{"@type":"EntryPoint","urlTemplate":"https:\/\/www.rimocc.com\/?s={search_term_string}"},"query-input":{"@type":"PropertyValueSpecification","valueRequired":true,"valueName":"search_term_string"}}],"inLanguage":"en-US"},{"@type":"Organization","@id":"https:\/\/www.rimocc.com\/#organization","name":"Rimocc'","alternateName":"Rimocc","url":"https:\/\/www.rimocc.com\/","logo":{"@type":"ImageObject","inLanguage":"en-US","@id":"https:\/\/www.rimocc.com\/#\/schema\/logo\/image\/","url":"https:\/\/i0.wp.com\/www.rimocc.com\/wp-content\/uploads\/2023\/07\/RIMOCC_LOGO.jpg?fit=459%2C114&ssl=1","contentUrl":"https:\/\/i0.wp.com\/www.rimocc.com\/wp-content\/uploads\/2023\/07\/RIMOCC_LOGO.jpg?fit=459%2C114&ssl=1","width":459,"height":114,"caption":"Rimocc'"},"image":{"@id":"https:\/\/www.rimocc.com\/#\/schema\/logo\/image\/"},"sameAs":["https:\/\/www.facebook.com\/rimocclyon\/?locale=fr_FR","https:\/\/www.instagram.com\/rimoccc\/?hl=fr","https:\/\/www.tiktok.com\/@rimocc","https:\/\/www.youtube.com\/@Rimocc"]}]}},"jetpack_publicize_connections":[],"jetpack_sharing_enabled":true,"_links":{"self":[{"href":"https:\/\/www.rimocc.com\/en\/wp-json\/wp\/v2\/product\/16591","targetHints":{"allow":["GET"]}}],"collection":[{"href":"https:\/\/www.rimocc.com\/en\/wp-json\/wp\/v2\/product"}],"about":[{"href":"https:\/\/www.rimocc.com\/en\/wp-json\/wp\/v2\/types\/product"}],"replies":[{"embeddable":true,"href":"https:\/\/www.rimocc.com\/en\/wp-json\/wp\/v2\/comments?post=16591"}],"wp:featuredmedia":[{"embeddable":true,"href":"https:\/\/www.rimocc.com\/en\/wp-json\/wp\/v2\/media\/16590"}],"wp:attachment":[{"href":"https:\/\/www.rimocc.com\/en\/wp-json\/wp\/v2\/media?parent=16591"}],"wp:term":[{"taxonomy":"product_brand","embeddable":true,"href":"https:\/\/www.rimocc.com\/en\/wp-json\/wp\/v2\/product_brand?post=16591"},{"taxonomy":"product_cat","embeddable":true,"href":"https:\/\/www.rimocc.com\/en\/wp-json\/wp\/v2\/product_cat?post=16591"},{"taxonomy":"product_tag","embeddable":true,"href":"https:\/\/www.rimocc.com\/en\/wp-json\/wp\/v2\/product_tag?post=16591"}],"curies":[{"name":"wp","href":"https:\/\/api.w.org\/{rel}","templated":true}]}}