{"id":16223,"date":"2025-10-16T17:53:08","date_gmt":"2025-10-16T15:53:08","guid":{"rendered":"https:\/\/www.rimocc.com\/?post_type=product&#038;p=16223"},"modified":"2025-10-23T15:34:00","modified_gmt":"2025-10-23T13:34:00","slug":"rav-vast-b-kurd-indigo-double-ding","status":"publish","type":"product","link":"https:\/\/www.rimocc.com\/en\/product\/rav-vast-b-kurd-indigo-double-ding\/","title":{"rendered":"RAV Vast B Kurd Indigo Double Ding"},"content":{"rendered":"<p>RAV Vast B Kurd Indigo Double Ding<br \/>\nComme neuf jamais jou\u00e9 (05\/09\/2025)<br \/>\nQuelques traces de frottement sur le finish<\/p>\n<div id=\"model-response-message-contentr_4379d00695fc59dd\" class=\"markdown markdown-main-panel enable-updated-hr-color\" dir=\"ltr\">\n<h1>RAV Vast B Kurd Indigo Double Ding : Ma\u00eetrise Sonore et R\u00e9sonance Orientale<\/h1>\n<p>Le <b>RAV Vast B Kurd Indigo Double Ding<\/b> n&rsquo;est pas un simple <i>tongue drum<\/i>, mais une v\u00e9ritable avanc\u00e9e dans le monde des percussions m\u00e9lodiques, rivalisant avec la richesse harmonique des meilleurs <i>handpans<\/i>. Con\u00e7u par RAV Laboratories, cet instrument d&rsquo;exception combine une technique de fabrication brevet\u00e9e et une gamme Kurde profonde pour offrir une exp\u00e9rience sonore immersive et m\u00e9ditative.<\/p>\n<div id=\"model-response-message-contentr_6c7d5643f4a198ec\" class=\"markdown markdown-main-panel enable-updated-hr-color\" dir=\"ltr\">\n<p><span class=\"citation-49\">S&rsquo;inspirant des traditions musicales du Moyen-Orient, le <\/span><i><span class=\"citation-49\">tongue drum<\/span><\/i> <b><span class=\"citation-49\">B Kurd<\/span><\/b><span class=\"citation-49 citation-end-49\"> offre une sonorit\u00e9 harmonieuse.<\/span> <span class=\"citation-48\">Se distinguant de la plupart des <\/span><i><span class=\"citation-48\">tongue drums<\/span><\/i><span class=\"citation-48\"> RAV Vast, il est dot\u00e9 de <\/span><b><span class=\"citation-48\">10 notes<\/span><\/b><span class=\"citation-48\">, ce qui le rend parfait pour perfectionner vos comp\u00e9tences en <\/span><b><span class=\"citation-48\">improvisation<\/span><\/b><span class=\"citation-48\"> et en <\/span><b><span class=\"citation-48\">composition<\/span><\/b><span class=\"citation-48 citation-end-48\">.<\/span><\/p>\n<p>Bien qu&rsquo;il soit tout \u00e0 fait adapt\u00e9 aux <b>musiciens exp\u00e9riment\u00e9s<\/b>, les <b>d\u00e9butants<\/b> peuvent \u00e9galement se lancer dans un voyage enrichissant avec cet instrument. M\u00eame si cela peut repr\u00e9senter un l\u00e9ger d\u00e9fi au d\u00e9but, vos efforts porteront leurs fruits rapidement.<\/p>\n<p><span class=\"citation-47\">De plus, le <\/span><b><span class=\"citation-47\">B Kurd s&rsquo;harmonise magnifiquement<\/span><\/b><span class=\"citation-47\"> avec une vari\u00e9t\u00e9 d&rsquo;autres <\/span><i><span class=\"citation-47\">tongue drums<\/span><\/i><span class=\"citation-47 citation-end-47\"> RAV Vast, notamment le B Celtic Double Ding, le B Celtic Minor, le B Kurd, le D Major, le F# In Sen, et m\u00eame le RAV Pan E La Sirena. <\/span><b>Explorez les possibilit\u00e9s musicales !<\/b><\/p>\n<\/div>\n<h2>Fiche Technique de l&rsquo;Instrument de Percussion M\u00e9lodique<\/h2>\n<p>Ce Tongue Pan en acier \u00e0 languettes est optimis\u00e9 pour les musiciens recherchant \u00e0 la fois polyvalence et une r\u00e9sonance soutenue.<\/p>\n<h3>Caract\u00e9ristiques Physiques et Protection<\/h3>\n<table>\n<thead>\n<tr>\n<td><strong>Sp\u00e9cification<\/strong><\/td>\n<td><strong>D\u00e9tail Technique<\/strong><\/td>\n<td><strong>Avantage pour l&rsquo;Utilisateur<\/strong><\/td>\n<\/tr>\n<\/thead>\n<tbody>\n<tr>\n<td><b>Mat\u00e9riau<\/b><\/td>\n<td>Acier de <span class=\"math-inline\" data-math=\"2\">2<\/span>\u00a0mm d&rsquo;\u00e9paisseur<\/td>\n<td>Contribue \u00e0 la profondeur sonore et \u00e0 l&rsquo;incroyable <i>sustain<\/i>.<\/td>\n<\/tr>\n<tr>\n<td><b>Diam\u00e8tre<\/b><\/td>\n<td><span class=\"math-inline\" data-math=\"51\">51<\/span>\u00a0cm (<span class=\"math-inline\" data-math=\"20\">20<\/span>\u00a0pouces)<\/td>\n<td>Taille standard assurant une r\u00e9sonance optimale et une ergonomie de jeu.<\/td>\n<\/tr>\n<tr>\n<td><b>Hauteur<\/b><\/td>\n<td><span class=\"math-inline\" data-math=\"17-17,7\">17-17,7<\/span>\u00a0cm (<span class=\"math-inline\" data-math=\"7\">7<\/span>\u00a0pouces)<\/td>\n<td>Volume interne pens\u00e9 pour amplifier les harmoniques.<\/td>\n<\/tr>\n<tr>\n<td><b>Poids<\/b><\/td>\n<td>Environ <span class=\"math-inline\" data-math=\"5,9\">5,9<\/span>\u00a0\u2013 <span class=\"math-inline\" data-math=\"6,3\">6,3<\/span>\u00a0kg (<span class=\"math-inline\" data-math=\"14\">14<\/span>\u00a0lb)<\/td>\n<td>Poids id\u00e9al pour la stabilit\u00e9 sur tr\u00e9pied ou les genoux.<\/td>\n<\/tr>\n<tr>\n<td><b>Rev\u00eatement<\/b><\/td>\n<td><b>Finition Indigo Hydrophobe<\/b><\/td>\n<td>Couleur obtenue par un traitement thermique au four, offrant un gradient unique (chameleon) et une protection anti-corrosion sup\u00e9rieure.<\/td>\n<\/tr>\n<tr>\n<td><b>Bord<\/b><\/td>\n<td>Jante en Laiton (Brass Rim)<\/td>\n<td>Ajout esth\u00e9tique et potentiel de jeu percussif suppl\u00e9mentaire.<\/td>\n<\/tr>\n<\/tbody>\n<\/table>\n<p>&nbsp;<\/p>\n<h3>Gamme Musicale et Acoustique Avanc\u00e9e<\/h3>\n<p>La s\u00e9rie <b>Double Ding<\/b> de RAV Vast se distingue par sa complexit\u00e9 musicale, offrant un potentiel d&rsquo;improvisation \u00e9tendu.<\/p>\n<ul>\n<li><b>Gamme :<\/b> <b>B Kurd (Si Kurde)<\/b><\/li>\n<li><b><span class=\"citation-43\">Notes (10 Languettes) :<\/span><\/b><span class=\"citation-43 citation-end-43\">\u00a0<\/span><span class=\"css-1hskxpo\">B2 F#3 G3 A3 B3 C#4 D4 E4 F#4 A4<\/span><\/li>\n<li><b>Fonctionnalit\u00e9 Double Ding :<\/b> Bien que ce mod\u00e8le soit le B Kurd \u00ab\u00a0standard\u00a0\u00bb \u00e0 10 notes (souvent appel\u00e9 Double Ding en r\u00e9f\u00e9rence \u00e0 la gamme B Celtic Double Ding de la marque qui est la plus courante), il est essentiel de noter que chaque languette brevet\u00e9e RAV Vast g\u00e9n\u00e8re <b>plusieurs harmoniques accord\u00e9es<\/b> (jusqu&rsquo;\u00e0 <span class=\"math-inline\" data-math=\"7\">7<\/span>\u00a0notes accord\u00e9es par languette).<\/li>\n<li><b>Temp\u00e9rament Sonore :<\/b> <b>\u00c9quilibr\u00e9 (Balanced)<\/b>, avec une forte influence <b>Moyen-Orientale<\/b> (culture Kurde).<\/li>\n<li><b>Tonalit\u00e9 :<\/b> <b>Mineure et \u00c9motionnelle.<\/b> \u00c9voque des paysages sonores profonds, myst\u00e9rieux, m\u00e9lancoliques et introspectifs.<\/li>\n<li><b>Sustain (R\u00e9sonance) :<\/b> Exceptionnel. La conception unique du corps et des languettes permet un <b>long sustain<\/b> et un effet de ch\u0153ur naturel et riche, sup\u00e9rieur aux <i>tongue drums<\/i> traditionnels.<\/li>\n<li><b>Niveau de Comp\u00e9tence :<\/b> Interm\u00e9diaire, mais tr\u00e8s accessible aux <b>d\u00e9butants<\/b> gr\u00e2ce \u00e0 la richesse intrins\u00e8que de la gamme.<\/li>\n<\/ul>\n<h2>Technologie de Languettes Brevet\u00e9e (Tongue PAN)<\/h2>\n<p>Le <b>tambour \u00e0 languettes RAV Vast<\/b> utilise une technologie de d\u00e9coupe laser de haute pr\u00e9cision et une forme de languette en &lsquo;V&rsquo; (V-tip) pour garantir que chaque zone de frappe produise un son net, riche et complexe, avec des harmoniques accord\u00e9es. Cette prouesse d&rsquo;ing\u00e9nierie assure que le son est <b>propre, riche et puissant<\/b>, sans les harmoniques \u00ab\u00a0sales\u00a0\u00bb ou \u00e9touff\u00e9es souvent trouv\u00e9es sur les <i>tongue drums<\/i> de qualit\u00e9 inf\u00e9rieure.<\/p>\n<p>Cet <b>instrument polyphonique<\/b> en tonalit\u00e9 B Kurd Indigo est une invitation \u00e0 l&rsquo;exploration musicale profonde, un must-have pour la <b>m\u00e9ditation<\/b>, the <b>sonoth\u00e9rapie<\/b> et la composition de m\u00e9lodies ethniques.<\/p>\n<p><a href=\"https:\/\/ravlabs.com\/\">https:\/\/ravlabs.com\/<\/a><br \/>\n<a href=\"https:\/\/www.rimocc.com\/en\/product-category\/percussions\/\">https:\/\/www.rimocc.com\/product-category\/percussions\/<\/a><\/p>\n<p class=\"responsive-video-wrap clr\"><iframe title=\"RAV Vast B Kurd Indigo\" width=\"563\" height=\"1000\" src=\"https:\/\/www.youtube.com\/embed\/3S1cIuJNFjI?feature=oembed\" frameborder=\"0\" allow=\"accelerometer; autoplay; clipboard-write; encrypted-media; gyroscope; picture-in-picture; web-share\" referrerpolicy=\"strict-origin-when-cross-origin\" allowfullscreen><\/iframe><\/p>\n<\/div>","protected":false},"excerpt":{"rendered":"<p>RAV Vast B Kurd Indigo Double Ding Comme neuf jamais jou\u00e9 (05\/09\/2025) Quelques traces de frottement sur le finish RAV Vast B Kurd Indigo Double Ding : Ma\u00eetrise Sonore et R\u00e9sonance Orientale Le RAV Vast B Kurd Indigo Double Ding n&rsquo;est pas un simple tongue drum, mais une v\u00e9ritable avanc\u00e9e dans le monde des percussions [&hellip;]<\/p>\n","protected":false},"featured_media":16222,"comment_status":"open","ping_status":"closed","template":"","meta":{"jetpack_publicize_message":"","jetpack_publicize_feature_enabled":true,"jetpack_social_post_already_shared":true,"jetpack_social_options":{"image_generator_settings":{"template":"highway","default_image_id":0,"font":"","enabled":false},"version":2}},"product_brand":[705],"product_cat":[16],"product_tag":[732],"class_list":{"0":"post-16223","1":"product","2":"type-product","3":"status-publish","4":"has-post-thumbnail","6":"product_brand-rav","7":"product_cat-percussions","8":"product_tag-rav-vast","10":"entry","11":"has-media","13":"first","14":"outofstock","15":"shipping-taxable","16":"purchasable","17":"product-type-simple","18":"has-product-nav","19":"col","20":"span_1_of_3","21":"owp-content-center","22":"owp-thumbs-layout-horizontal","23":"owp-btn-normal","24":"owp-tabs-layout-horizontal"},"yoast_head":"<!-- This site is optimized with the Yoast SEO plugin v27.4 - https:\/\/yoast.com\/product\/yoast-seo-wordpress\/ -->\n<title>RAV Vast B Kurd Indigo Double Ding - D\u00e9p\u00f4t Vente Batterie Percussion | Rimocc Lyon<\/title>\n<meta name=\"description\" content=\"RAV Vast B Kurd Indigo Double Ding (10 notes). Sonorit\u00e9 riche et harmonieuse inspir\u00e9e du Moyen-Orient, id\u00e9ale pour improvisation et m\u00e9ditation.\" \/>\n<meta name=\"robots\" content=\"index, follow, max-snippet:-1, max-image-preview:large, max-video-preview:-1\" \/>\n<link rel=\"canonical\" href=\"https:\/\/www.rimocc.com\/en\/product\/rav-vast-b-kurd-indigo-double-ding\/\" \/>\n<meta property=\"og:locale\" content=\"en_US\" \/>\n<meta property=\"og:type\" content=\"article\" \/>\n<meta property=\"og:title\" content=\"RAV Vast B Kurd Indigo Double Ding - D\u00e9p\u00f4t Vente Batterie Percussion | Rimocc Lyon\" \/>\n<meta property=\"og:description\" content=\"RAV Vast B Kurd Indigo Double Ding (10 notes). Sonorit\u00e9 riche et harmonieuse inspir\u00e9e du Moyen-Orient, id\u00e9ale pour improvisation et m\u00e9ditation.\" \/>\n<meta property=\"og:url\" content=\"https:\/\/www.rimocc.com\/en\/product\/rav-vast-b-kurd-indigo-double-ding\/\" \/>\n<meta property=\"og:site_name\" content=\"D\u00e9p\u00f4t Vente Batterie Percussion | Rimocc Lyon\" \/>\n<meta property=\"article:publisher\" content=\"https:\/\/www.facebook.com\/rimocclyon\/?locale=fr_FR\" \/>\n<meta property=\"article:modified_time\" content=\"2025-10-23T13:34:00+00:00\" \/>\n<meta property=\"og:image\" content=\"https:\/\/www.rimocc.com\/wp-content\/uploads\/2025\/10\/RAV-Vast-B-Kurd-Indigo-Double-Ding-1.jpg\" \/>\n\t<meta property=\"og:image:width\" content=\"1920\" \/>\n\t<meta property=\"og:image:height\" content=\"1920\" \/>\n\t<meta property=\"og:image:type\" content=\"image\/jpeg\" \/>\n<meta name=\"twitter:card\" content=\"summary_large_image\" \/>\n<meta name=\"twitter:label1\" content=\"Est. reading time\" \/>\n\t<meta name=\"twitter:data1\" content=\"3 minutes\" \/>\n<script type=\"application\/ld+json\" class=\"yoast-schema-graph\">{\"@context\":\"https:\\\/\\\/schema.org\",\"@graph\":[{\"@type\":\"WebPage\",\"@id\":\"https:\\\/\\\/www.rimocc.com\\\/product\\\/rav-vast-b-kurd-indigo-double-ding\\\/\",\"url\":\"https:\\\/\\\/www.rimocc.com\\\/product\\\/rav-vast-b-kurd-indigo-double-ding\\\/\",\"name\":\"RAV Vast B Kurd Indigo Double Ding - D\u00e9p\u00f4t Vente Batterie Percussion | Rimocc Lyon\",\"isPartOf\":{\"@id\":\"https:\\\/\\\/www.rimocc.com\\\/#website\"},\"primaryImageOfPage\":{\"@id\":\"https:\\\/\\\/www.rimocc.com\\\/product\\\/rav-vast-b-kurd-indigo-double-ding\\\/#primaryimage\"},\"image\":{\"@id\":\"https:\\\/\\\/www.rimocc.com\\\/product\\\/rav-vast-b-kurd-indigo-double-ding\\\/#primaryimage\"},\"thumbnailUrl\":\"https:\\\/\\\/www.rimocc.com\\\/wp-content\\\/uploads\\\/2025\\\/10\\\/RAV-Vast-B-Kurd-Indigo-Double-Ding-1.jpg\",\"datePublished\":\"2025-10-16T15:53:08+00:00\",\"dateModified\":\"2025-10-23T13:34:00+00:00\",\"description\":\"RAV Vast B Kurd Indigo Double Ding (10 notes). Sonorit\u00e9 riche et harmonieuse inspir\u00e9e du Moyen-Orient, id\u00e9ale pour improvisation et m\u00e9ditation.\",\"breadcrumb\":{\"@id\":\"https:\\\/\\\/www.rimocc.com\\\/product\\\/rav-vast-b-kurd-indigo-double-ding\\\/#breadcrumb\"},\"inLanguage\":\"en-US\",\"potentialAction\":[{\"@type\":\"ReadAction\",\"target\":[\"https:\\\/\\\/www.rimocc.com\\\/product\\\/rav-vast-b-kurd-indigo-double-ding\\\/\"]}]},{\"@type\":\"ImageObject\",\"inLanguage\":\"en-US\",\"@id\":\"https:\\\/\\\/www.rimocc.com\\\/product\\\/rav-vast-b-kurd-indigo-double-ding\\\/#primaryimage\",\"url\":\"https:\\\/\\\/www.rimocc.com\\\/wp-content\\\/uploads\\\/2025\\\/10\\\/RAV-Vast-B-Kurd-Indigo-Double-Ding-1.jpg\",\"contentUrl\":\"https:\\\/\\\/www.rimocc.com\\\/wp-content\\\/uploads\\\/2025\\\/10\\\/RAV-Vast-B-Kurd-Indigo-Double-Ding-1.jpg\",\"width\":1920,\"height\":1920,\"caption\":\"RAV Vast B Kurd Indigo Double Ding\"},{\"@type\":\"BreadcrumbList\",\"@id\":\"https:\\\/\\\/www.rimocc.com\\\/product\\\/rav-vast-b-kurd-indigo-double-ding\\\/#breadcrumb\",\"itemListElement\":[{\"@type\":\"ListItem\",\"position\":1,\"name\":\"Home\",\"item\":\"https:\\\/\\\/www.rimocc.com\\\/\"},{\"@type\":\"ListItem\",\"position\":2,\"name\":\"Shop\",\"item\":\"https:\\\/\\\/www.rimocc.com\\\/shop\\\/\"},{\"@type\":\"ListItem\",\"position\":3,\"name\":\"RAV Vast B Kurd Indigo Double Ding\"}]},{\"@type\":\"WebSite\",\"@id\":\"https:\\\/\\\/www.rimocc.com\\\/#website\",\"url\":\"https:\\\/\\\/www.rimocc.com\\\/\",\"name\":\"D\u00e9p\u00f4t Vente Batterie Percussion | Rimocc Lyon\",\"description\":\"Rimocc: l&#039;unique magasin d\u00e9di\u00e9 enti\u00e8rement \u00e0 la batterie, percussion d&#039;occasion et vintage \u00e0 Lyon, France\",\"publisher\":{\"@id\":\"https:\\\/\\\/www.rimocc.com\\\/#organization\"},\"alternateName\":\"Rimocc'\",\"potentialAction\":[{\"@type\":\"SearchAction\",\"target\":{\"@type\":\"EntryPoint\",\"urlTemplate\":\"https:\\\/\\\/www.rimocc.com\\\/?s={search_term_string}\"},\"query-input\":{\"@type\":\"PropertyValueSpecification\",\"valueRequired\":true,\"valueName\":\"search_term_string\"}}],\"inLanguage\":\"en-US\"},{\"@type\":\"Organization\",\"@id\":\"https:\\\/\\\/www.rimocc.com\\\/#organization\",\"name\":\"Rimocc'\",\"alternateName\":\"Rimocc\",\"url\":\"https:\\\/\\\/www.rimocc.com\\\/\",\"logo\":{\"@type\":\"ImageObject\",\"inLanguage\":\"en-US\",\"@id\":\"https:\\\/\\\/www.rimocc.com\\\/#\\\/schema\\\/logo\\\/image\\\/\",\"url\":\"https:\\\/\\\/i0.wp.com\\\/www.rimocc.com\\\/wp-content\\\/uploads\\\/2023\\\/07\\\/RIMOCC_LOGO.jpg?fit=459%2C114&ssl=1\",\"contentUrl\":\"https:\\\/\\\/i0.wp.com\\\/www.rimocc.com\\\/wp-content\\\/uploads\\\/2023\\\/07\\\/RIMOCC_LOGO.jpg?fit=459%2C114&ssl=1\",\"width\":459,\"height\":114,\"caption\":\"Rimocc'\"},\"image\":{\"@id\":\"https:\\\/\\\/www.rimocc.com\\\/#\\\/schema\\\/logo\\\/image\\\/\"},\"sameAs\":[\"https:\\\/\\\/www.facebook.com\\\/rimocclyon\\\/?locale=fr_FR\",\"https:\\\/\\\/www.instagram.com\\\/rimoccc\\\/?hl=fr\",\"https:\\\/\\\/www.tiktok.com\\\/@rimocc\",\"https:\\\/\\\/www.youtube.com\\\/@Rimocc\"]}]}<\/script>\n<!-- \/ Yoast SEO plugin. -->","yoast_head_json":{"title":"RAV Vast B Kurd Indigo Double Ding - D\u00e9p\u00f4t Vente Batterie Percussion | Rimocc Lyon","description":"RAV Vast B Kurd Indigo Double Ding (10 notes). Sonorit\u00e9 riche et harmonieuse inspir\u00e9e du Moyen-Orient, id\u00e9ale pour improvisation et m\u00e9ditation.","robots":{"index":"index","follow":"follow","max-snippet":"max-snippet:-1","max-image-preview":"max-image-preview:large","max-video-preview":"max-video-preview:-1"},"canonical":"https:\/\/www.rimocc.com\/en\/product\/rav-vast-b-kurd-indigo-double-ding\/","og_locale":"en_US","og_type":"article","og_title":"RAV Vast B Kurd Indigo Double Ding - D\u00e9p\u00f4t Vente Batterie Percussion | Rimocc Lyon","og_description":"RAV Vast B Kurd Indigo Double Ding (10 notes). Sonorit\u00e9 riche et harmonieuse inspir\u00e9e du Moyen-Orient, id\u00e9ale pour improvisation et m\u00e9ditation.","og_url":"https:\/\/www.rimocc.com\/en\/product\/rav-vast-b-kurd-indigo-double-ding\/","og_site_name":"D\u00e9p\u00f4t Vente Batterie Percussion | Rimocc Lyon","article_publisher":"https:\/\/www.facebook.com\/rimocclyon\/?locale=fr_FR","article_modified_time":"2025-10-23T13:34:00+00:00","og_image":[{"width":1920,"height":1920,"url":"https:\/\/www.rimocc.com\/wp-content\/uploads\/2025\/10\/RAV-Vast-B-Kurd-Indigo-Double-Ding-1.jpg","type":"image\/jpeg"}],"twitter_card":"summary_large_image","twitter_misc":{"Est. reading time":"3 minutes"},"schema":{"@context":"https:\/\/schema.org","@graph":[{"@type":"WebPage","@id":"https:\/\/www.rimocc.com\/product\/rav-vast-b-kurd-indigo-double-ding\/","url":"https:\/\/www.rimocc.com\/product\/rav-vast-b-kurd-indigo-double-ding\/","name":"RAV Vast B Kurd Indigo Double Ding - D\u00e9p\u00f4t Vente Batterie Percussion | Rimocc Lyon","isPartOf":{"@id":"https:\/\/www.rimocc.com\/#website"},"primaryImageOfPage":{"@id":"https:\/\/www.rimocc.com\/product\/rav-vast-b-kurd-indigo-double-ding\/#primaryimage"},"image":{"@id":"https:\/\/www.rimocc.com\/product\/rav-vast-b-kurd-indigo-double-ding\/#primaryimage"},"thumbnailUrl":"https:\/\/www.rimocc.com\/wp-content\/uploads\/2025\/10\/RAV-Vast-B-Kurd-Indigo-Double-Ding-1.jpg","datePublished":"2025-10-16T15:53:08+00:00","dateModified":"2025-10-23T13:34:00+00:00","description":"RAV Vast B Kurd Indigo Double Ding (10 notes). Sonorit\u00e9 riche et harmonieuse inspir\u00e9e du Moyen-Orient, id\u00e9ale pour improvisation et m\u00e9ditation.","breadcrumb":{"@id":"https:\/\/www.rimocc.com\/product\/rav-vast-b-kurd-indigo-double-ding\/#breadcrumb"},"inLanguage":"en-US","potentialAction":[{"@type":"ReadAction","target":["https:\/\/www.rimocc.com\/product\/rav-vast-b-kurd-indigo-double-ding\/"]}]},{"@type":"ImageObject","inLanguage":"en-US","@id":"https:\/\/www.rimocc.com\/product\/rav-vast-b-kurd-indigo-double-ding\/#primaryimage","url":"https:\/\/www.rimocc.com\/wp-content\/uploads\/2025\/10\/RAV-Vast-B-Kurd-Indigo-Double-Ding-1.jpg","contentUrl":"https:\/\/www.rimocc.com\/wp-content\/uploads\/2025\/10\/RAV-Vast-B-Kurd-Indigo-Double-Ding-1.jpg","width":1920,"height":1920,"caption":"RAV Vast B Kurd Indigo Double Ding"},{"@type":"BreadcrumbList","@id":"https:\/\/www.rimocc.com\/product\/rav-vast-b-kurd-indigo-double-ding\/#breadcrumb","itemListElement":[{"@type":"ListItem","position":1,"name":"Home","item":"https:\/\/www.rimocc.com\/"},{"@type":"ListItem","position":2,"name":"Shop","item":"https:\/\/www.rimocc.com\/shop\/"},{"@type":"ListItem","position":3,"name":"RAV Vast B Kurd Indigo Double Ding"}]},{"@type":"WebSite","@id":"https:\/\/www.rimocc.com\/#website","url":"https:\/\/www.rimocc.com\/","name":"D\u00e9p\u00f4t Vente Batterie Percussion | Rimocc Lyon","description":"Rimocc: l&#039;unique magasin d\u00e9di\u00e9 enti\u00e8rement \u00e0 la batterie, percussion d&#039;occasion et vintage \u00e0 Lyon, France","publisher":{"@id":"https:\/\/www.rimocc.com\/#organization"},"alternateName":"Rimocc'","potentialAction":[{"@type":"SearchAction","target":{"@type":"EntryPoint","urlTemplate":"https:\/\/www.rimocc.com\/?s={search_term_string}"},"query-input":{"@type":"PropertyValueSpecification","valueRequired":true,"valueName":"search_term_string"}}],"inLanguage":"en-US"},{"@type":"Organization","@id":"https:\/\/www.rimocc.com\/#organization","name":"Rimocc'","alternateName":"Rimocc","url":"https:\/\/www.rimocc.com\/","logo":{"@type":"ImageObject","inLanguage":"en-US","@id":"https:\/\/www.rimocc.com\/#\/schema\/logo\/image\/","url":"https:\/\/i0.wp.com\/www.rimocc.com\/wp-content\/uploads\/2023\/07\/RIMOCC_LOGO.jpg?fit=459%2C114&ssl=1","contentUrl":"https:\/\/i0.wp.com\/www.rimocc.com\/wp-content\/uploads\/2023\/07\/RIMOCC_LOGO.jpg?fit=459%2C114&ssl=1","width":459,"height":114,"caption":"Rimocc'"},"image":{"@id":"https:\/\/www.rimocc.com\/#\/schema\/logo\/image\/"},"sameAs":["https:\/\/www.facebook.com\/rimocclyon\/?locale=fr_FR","https:\/\/www.instagram.com\/rimoccc\/?hl=fr","https:\/\/www.tiktok.com\/@rimocc","https:\/\/www.youtube.com\/@Rimocc"]}]}},"jetpack_publicize_connections":[],"jetpack_sharing_enabled":true,"_links":{"self":[{"href":"https:\/\/www.rimocc.com\/en\/wp-json\/wp\/v2\/product\/16223","targetHints":{"allow":["GET"]}}],"collection":[{"href":"https:\/\/www.rimocc.com\/en\/wp-json\/wp\/v2\/product"}],"about":[{"href":"https:\/\/www.rimocc.com\/en\/wp-json\/wp\/v2\/types\/product"}],"replies":[{"embeddable":true,"href":"https:\/\/www.rimocc.com\/en\/wp-json\/wp\/v2\/comments?post=16223"}],"wp:featuredmedia":[{"embeddable":true,"href":"https:\/\/www.rimocc.com\/en\/wp-json\/wp\/v2\/media\/16222"}],"wp:attachment":[{"href":"https:\/\/www.rimocc.com\/en\/wp-json\/wp\/v2\/media?parent=16223"}],"wp:term":[{"taxonomy":"product_brand","embeddable":true,"href":"https:\/\/www.rimocc.com\/en\/wp-json\/wp\/v2\/product_brand?post=16223"},{"taxonomy":"product_cat","embeddable":true,"href":"https:\/\/www.rimocc.com\/en\/wp-json\/wp\/v2\/product_cat?post=16223"},{"taxonomy":"product_tag","embeddable":true,"href":"https:\/\/www.rimocc.com\/en\/wp-json\/wp\/v2\/product_tag?post=16223"}],"curies":[{"name":"wp","href":"https:\/\/api.w.org\/{rel}","templated":true}]}}