{"id":16192,"date":"2025-10-15T18:46:51","date_gmt":"2025-10-15T16:46:51","guid":{"rendered":"https:\/\/www.rimocc.com\/?post_type=product&#038;p=16192"},"modified":"2025-11-25T18:08:38","modified_gmt":"2025-11-25T17:08:38","slug":"rav-vast-b-celtic-double-ding-indigo","status":"publish","type":"product","link":"https:\/\/www.rimocc.com\/en\/product\/rav-vast-b-celtic-double-ding-indigo\/","title":{"rendered":"RAV Vast B Celtic Double Ding Indigo"},"content":{"rendered":"<p>RAV Vast B Celtic Double Ding Indigo (Tongue Pan)<br \/>\n440 Hz<br \/>\nDated 25\/07\/2025<br \/>\nComme neuf, jamais jou\u00e9. Quelques traces de frottements sur la finition top<\/p>\n<div class=\"teaser-sub\"><em>\u00ab\u00a0RAV Vast has created an entirely new class of instruments, thanks to several patented innovations. RAV Vast sounds deeper and richer than traditional handpans and other tongue drums<\/em><\/div>\n<div class=\"teaser-sub\"><em> because its tongues are uniquely designed to produce seven harmonically tuned overtones from a single strike \u2014 something no other instrument can achieve.\u00a0<\/em><br \/>\n<em>Thanks to this and other features, RAV Vast has gained worldwide recognition, with over 40,000 players across the globe.\u00a0\u00bb<\/em><\/div>\n<div id=\"model-response-message-contentr_4c36f8bd7f6d434c\" class=\"markdown markdown-main-panel enable-updated-hr-color\" dir=\"ltr\">\n<h1>RAV Vast B Celtic Double Ding Indigo<\/h1>\n<h2>Le M\u00e9lange Parfait de S\u00e9r\u00e9nit\u00e9 et de Cr\u00e9ativit\u00e9 Musicale<\/h2>\n<p>Le <b>RAV Vast B Celtic Double Ding Indigo<\/b> est un instrument de musique percussif de la famille des <b>tongue drums<\/b> (tambours \u00e0 langues) qui se distingue par une qualit\u00e9 sonore, une r\u00e9sonance et une polyvalence exceptionnelles. Con\u00e7u par RAV Vast, cet instrument fusionne les principes du handpan (ou <i>hang drum<\/i>) avec la robustesse d&rsquo;un <b>tambour en acier<\/b> unique, offrant une exp\u00e9rience m\u00e9ditative et profond\u00e9ment expressive.<\/p>\n<p><span class=\"citation-23\">Sa finition <\/span><i><span class=\"citation-23\">Indigo<\/span><\/i><span class=\"citation-23 citation-end-23\"> est le fruit d&rsquo;une technologie de rev\u00eatement hydrophobe innovante, issue d&rsquo;une cuisson sp\u00e9ciale de l&rsquo;acier, offrant une protection sup\u00e9rieure contre la rouille et l&rsquo;usure tout en assurant une couleur captivante, souvent avec des nuances variant du bleu au violet\/vert.<\/span><\/p>\n<h2>Caract\u00e9ristiques Techniques D\u00e9taill\u00e9es du RAV Vast<\/h2>\n<h3>Gamme Musicale et Acoustique Optimis\u00e9e<\/h3>\n<table>\n<thead>\n<tr>\n<td>Caract\u00e9ristique<\/td>\n<td>D\u00e9tail Technique<\/td>\n<\/tr>\n<\/thead>\n<tbody>\n<tr>\n<td><b>Gamme<\/b><\/td>\n<td>B Celtic Double Ding (Double Ding = deux notes centrales\/basses)<\/td>\n<\/tr>\n<tr>\n<td><b>Notes<\/b><\/td>\n<td>A2, <b>B2<\/b>, F#3, A3, B3, C#4, D4, E4, F#4, A4 (10 notes au total)<\/td>\n<\/tr>\n<tr>\n<td><b>Tonalit\u00e9 de Base<\/b><\/td>\n<td>B mineur (ou A majeur, selon la note fondamentale jou\u00e9e)<\/td>\n<\/tr>\n<tr>\n<td><b>Fr\u00e9quence\u00a0<\/b><\/td>\n<td>440 Hz (Standard)<\/td>\n<\/tr>\n<tr>\n<td><b>Ambiance<\/b><\/td>\n<td>Paisible, Apaisante, M\u00e9lancolique (mineure) et Joyeuse (Majeure)<\/td>\n<\/tr>\n<tr>\n<td><b>Culture<\/b><\/td>\n<td>Celtique<\/td>\n<\/tr>\n<tr>\n<td><b>Potentialit\u00e9s Harmoniques<\/b><\/td>\n<td>Excellente r\u00e9sonance, longue persistance du son (sustain) et richesse harmonique gr\u00e2ce \u00e0 la conception unique des languettes.<\/td>\n<\/tr>\n<\/tbody>\n<\/table>\n<p>&nbsp;<\/p>\n<h3>Mat\u00e9riaux, Dimensions et Rev\u00eatement Hydrophobe<\/h3>\n<table>\n<thead>\n<tr>\n<td>Caract\u00e9ristique<\/td>\n<td>D\u00e9tail Fabricant<\/td>\n<\/tr>\n<\/thead>\n<tbody>\n<tr>\n<td><b>Mat\u00e9riau du Corps<\/b><\/td>\n<td>Acier sp\u00e9cial (2 mm d&rsquo;\u00e9paisseur)<\/td>\n<\/tr>\n<tr>\n<td><b>Diam\u00e8tre<\/b><\/td>\n<td><span class=\"math-inline\"><span class=\"katex\"><span class=\"katex-html\" aria-hidden=\"true\"><span class=\"base\"><span class=\"mrel\">\u2248<\/span><\/span><span class=\"base\"><span class=\"mord\">51<\/span><span class=\"mord text\"><span class=\"mord\">\u00a0cm\u00a0<\/span><\/span><span class=\"mopen\">(<\/span><span class=\"mord\">2<\/span><span class=\"mord\">0<span class=\"msupsub\"><span class=\"vlist-t\"><span class=\"vlist-r\"><span class=\"vlist\"><span class=\"\"><span class=\"sizing reset-size6 size3 mtight\"><span class=\"mord mtight\">\u2032\u2032<\/span><\/span><\/span><\/span><\/span><\/span><\/span><\/span><span class=\"mclose\">)<\/span><\/span><\/span><\/span><\/span><\/td>\n<\/tr>\n<tr>\n<td><b>Hauteur<\/b><\/td>\n<td><span class=\"math-inline\"><span class=\"katex\"><span class=\"katex-html\" aria-hidden=\"true\"><span class=\"base\"><span class=\"mrel\">\u2248<\/span><\/span><span class=\"base\"><span class=\"mord\">17<\/span><span class=\"mord text\"><span class=\"mord\">\u00a0cm\u00a0<\/span><\/span><span class=\"mopen\">(<\/span><span class=\"mord\">7<span class=\"msupsub\"><span class=\"vlist-t\"><span class=\"vlist-r\"><span class=\"vlist\"><span class=\"\"><span class=\"sizing reset-size6 size3 mtight\"><span class=\"mord mtight\">\u2032\u2032<\/span><\/span><\/span><\/span><\/span><\/span><\/span><\/span><span class=\"mclose\">)<\/span><\/span><\/span><\/span><\/span><\/td>\n<\/tr>\n<tr>\n<td><b>Poids<\/b><\/td>\n<td><span class=\"math-inline\"><span class=\"katex\"><span class=\"katex-html\" aria-hidden=\"true\"><span class=\"base\"><span class=\"mrel\">\u2248<\/span><\/span><span class=\"base\"><span class=\"mord\">5.9<\/span><span class=\"mord text\"><span class=\"mord\">\u00a0kg\u00a0<\/span><\/span><span class=\"mopen\">(<\/span><span class=\"mord\">13<\/span><span class=\"mbin\">\u2212<\/span><\/span><span class=\"base\"><span class=\"mord\">14<\/span><span class=\"mord text\"><span class=\"mord\">\u00a0lb<\/span><\/span><span class=\"mclose\">)<\/span><\/span><\/span><\/span><\/span><\/td>\n<\/tr>\n<tr>\n<td><b>Finition \/ Couleur<\/b><\/td>\n<td><i>Indigo<\/i> (Obtenue par cuisson, chaque pi\u00e8ce est unique)<\/td>\n<\/tr>\n<tr>\n<td><b>Rev\u00eatement<\/b><\/td>\n<td>Rev\u00eatement hydrophobe de nouvelle g\u00e9n\u00e9ration (protection antirouille)<\/td>\n<\/tr>\n<tr>\n<td><b>Bordure (Rim)<\/b><\/td>\n<td>Laiton (peut foncer avec le temps)<\/td>\n<\/tr>\n<\/tbody>\n<\/table>\n<h2><\/h2>\n<h3>Polyvalence pour les Musiciens D\u00e9butants et Exp\u00e9riment\u00e9s<\/h3>\n<p><span class=\"citation-22 citation-end-22\">Le\u00a0<\/span><span class=\"math-inline\"><span class=\"katex\"><span class=\"katex-html\" aria-hidden=\"true\"><span class=\"base\"><span class=\"mord mathnormal\">B<\/span><span class=\"mord text\"><span class=\"mord\">\u00a0Celtic\u00a0Double\u00a0Ding<\/span><\/span><\/span><\/span><\/span><\/span><span class=\"citation-21 citation-end-21\"> est une am\u00e9lioration de la gamme\u00a0<\/span><span class=\"math-inline\"><span class=\"katex\"><span class=\"katex-html\" aria-hidden=\"true\"><span class=\"base\"><span class=\"mord mathnormal\">B<\/span><span class=\"mord text\"><span class=\"mord\">\u00a0Celtic\u00a0Minor<\/span><\/span><\/span><\/span><\/span><\/span><span class=\"citation-20 citation-end-20\">, int\u00e9grant une note suppl\u00e9mentaire pour \u00e9tendre le champ d&rsquo;improvisation et de composition.<\/span><\/p>\n<ul>\n<li><b>Pour les D\u00e9butants<\/b> : La structure diatonique de la gamme facilite la cr\u00e9ation de m\u00e9lodies harmonieuses, rendant l&rsquo;instrument facile \u00e0 ma\u00eetriser.<\/li>\n<li><b>Pour les Professionnels<\/b> : Les deux notes basses (<i>Double Ding<\/i>) offrent plus de flexibilit\u00e9 pour alterner entre les modes B mineur et A majeur, permettant des compositions plus sophistiqu\u00e9es et expressives.<\/li>\n<\/ul>\n<h3>Synergie d&rsquo;Ensemble et Applications Th\u00e9rapeutiques<\/h3>\n<p><span class=\"citation-19\">Ce <\/span><b><span class=\"citation-19\">tambour de relaxation<\/span><\/b><span class=\"citation-19 citation-end-19\"> est particuli\u00e8rement recherch\u00e9 pour sa capacit\u00e9 \u00e0 produire un son calme, m\u00e9ditatif et th\u00e9rapeutique.<\/span><\/p>\n<ul>\n<li><b><span class=\"citation-18\">Association Harmonieuse<\/span><\/b><span class=\"citation-18 citation-end-18\"> : Il se marie parfaitement avec d&rsquo;autres \u00e9chelles RAV Vast, notamment le\u00a0<\/span><span class=\"math-inline\"><span class=\"katex\"><span class=\"katex-html\" aria-hidden=\"true\"><span class=\"base\"><span class=\"mord mathnormal\">B<\/span><span class=\"mord text\"><span class=\"mord\">\u00a0Celtic\u00a0Minor<\/span><\/span><\/span><\/span><\/span><\/span><span class=\"citation-17 citation-end-17\">,\u00a0<\/span><span class=\"math-inline\"><span class=\"katex\"><span class=\"katex-html\" aria-hidden=\"true\"><span class=\"base\"><span class=\"mord mathnormal\">B<\/span><span class=\"mord text\"><span class=\"mord\">\u00a0RUS<\/span><\/span><\/span><\/span><\/span><\/span><span class=\"citation-16 citation-end-16\">,\u00a0<\/span><span class=\"math-inline\"><span class=\"katex\"><span class=\"katex-html\" aria-hidden=\"true\"><span class=\"base\"><span class=\"mord mathnormal\">B<\/span><span class=\"mord text\"><span class=\"mord\">\u00a0Kurd<\/span><\/span><\/span><\/span><\/span><\/span><span class=\"citation-15 citation-end-15\">,\u00a0<\/span><span class=\"math-inline\"><span class=\"katex\"><span class=\"katex-html\" aria-hidden=\"true\"><span class=\"base\"><span class=\"mord mathnormal\">D<\/span><span class=\"mord text\"><span class=\"mord\">\u00a0Major<\/span><\/span><\/span><\/span><\/span><\/span><span class=\"citation-14 citation-end-14\">,\u00a0<\/span><span class=\"math-inline\"><span class=\"katex\"><span class=\"katex-html\" aria-hidden=\"true\"><span class=\"base\"><span class=\"mord mathnormal\">F<\/span><span class=\"mord\">#<\/span><span class=\"mord text\"><span class=\"mord\">\u00a0In\u00a0Sen<\/span><\/span><\/span><\/span><\/span><\/span><span class=\"citation-13 citation-end-13\"> et le\u00a0<\/span><span class=\"math-inline\"><span class=\"katex\"><span class=\"katex-html\" aria-hidden=\"true\"><span class=\"base\"><span class=\"mord mathnormal\">R<\/span><span class=\"mord mathnormal\">A<\/span><span class=\"mord mathnormal\">V<\/span><span class=\"mord text\"><span class=\"mord\">\u00a0Pan\u00a0E\u00a0La\u00a0Sirena<\/span><\/span><\/span><\/span><\/span><\/span><span class=\"citation-12 citation-end-12\">.<\/span><\/li>\n<li><b>Utilisation<\/b> : Id\u00e9al pour la <b>m\u00e9ditation<\/b>, le <b>yoga<\/b>, la sonoth\u00e9rapie (<i>Sound Healing<\/i>), la cr\u00e9ation de musique d&rsquo;ambiance, ou les performances live. Sa sonorit\u00e9 profonde et son <i>sustain<\/i> prolong\u00e9 cr\u00e9ent une atmosph\u00e8re immersive et enveloppante.<\/li>\n<\/ul>\n<p>Le <b>RAV Vast B Celtic Double Ding Indigo<\/b> est un instrument <b>haut de gamme<\/b> qui promet non seulement une qualit\u00e9 sonore in\u00e9gal\u00e9e dans l&rsquo;univers des <i>tongue drums<\/i> et des <b>percussions m\u00e9lodiques<\/b>, mais aussi une durabilit\u00e9 et une esth\u00e9tique remarquables.<\/p>\n<\/div>\n<p><a href=\"https:\/\/ravlabs.com\/\">https:\/\/ravlabs.com\/<\/a><br \/>\n<a href=\"https:\/\/www.rimocc.com\/en\/product-category\/percussions\/\">https:\/\/www.rimocc.com\/product-category\/percussions\/<\/a><\/p>\n<p class=\"responsive-video-wrap clr\"><iframe title=\"RAV Vast B Celtic Double Ding Indigo\" width=\"563\" height=\"1000\" src=\"https:\/\/www.youtube.com\/embed\/hnZKTnN6MUc?feature=oembed\" frameborder=\"0\" allow=\"accelerometer; autoplay; clipboard-write; encrypted-media; gyroscope; picture-in-picture; web-share\" referrerpolicy=\"strict-origin-when-cross-origin\" allowfullscreen><\/iframe><\/p>","protected":false},"excerpt":{"rendered":"<p>RAV Vast B Celtic Double Ding Indigo (Tongue Pan) 440 Hz Dated 25\/07\/2025 Comme neuf, jamais jou\u00e9. Quelques traces de frottements sur la finition top \u00ab\u00a0RAV Vast has created an entirely new class of instruments, thanks to several patented innovations. RAV Vast sounds deeper and richer than traditional handpans and other tongue drums because its [&hellip;]<\/p>\n","protected":false},"featured_media":16191,"comment_status":"open","ping_status":"closed","template":"","meta":{"jetpack_publicize_message":"","jetpack_publicize_feature_enabled":true,"jetpack_social_post_already_shared":true,"jetpack_social_options":{"image_generator_settings":{"template":"highway","default_image_id":0,"font":"","enabled":false},"version":2}},"product_brand":[705],"product_cat":[16],"product_tag":[732],"class_list":{"0":"post-16192","1":"product","2":"type-product","3":"status-publish","4":"has-post-thumbnail","6":"product_brand-rav","7":"product_cat-percussions","8":"product_tag-rav-vast","10":"entry","11":"has-media","13":"first","14":"outofstock","15":"shipping-taxable","16":"purchasable","17":"product-type-simple","18":"has-product-nav","19":"col","20":"span_1_of_3","21":"owp-content-center","22":"owp-thumbs-layout-horizontal","23":"owp-btn-normal","24":"owp-tabs-layout-horizontal"},"yoast_head":"<!-- This site is optimized with the Yoast SEO plugin v27.4 - https:\/\/yoast.com\/product\/yoast-seo-wordpress\/ -->\n<title>RAV Vast B Celtic Double Ding Indigo - D\u00e9p\u00f4t Vente Batterie Percussion | Rimocc Lyon<\/title>\n<meta name=\"description\" content=\"une sonorit\u00e9 apaisante et polyvalente (B mineur\/A majeur). Gamme unique (10 notes). Id\u00e9al pour la m\u00e9ditation et les musiciens.\" \/>\n<meta name=\"robots\" content=\"index, follow, max-snippet:-1, max-image-preview:large, max-video-preview:-1\" \/>\n<link rel=\"canonical\" href=\"https:\/\/www.rimocc.com\/en\/product\/rav-vast-b-celtic-double-ding-indigo\/\" \/>\n<meta property=\"og:locale\" content=\"en_US\" \/>\n<meta property=\"og:type\" content=\"article\" \/>\n<meta property=\"og:title\" content=\"RAV Vast B Celtic Double Ding Indigo - D\u00e9p\u00f4t Vente Batterie Percussion | Rimocc Lyon\" \/>\n<meta property=\"og:description\" content=\"une sonorit\u00e9 apaisante et polyvalente (B mineur\/A majeur). Gamme unique (10 notes). Id\u00e9al pour la m\u00e9ditation et les musiciens.\" \/>\n<meta property=\"og:url\" content=\"https:\/\/www.rimocc.com\/en\/product\/rav-vast-b-celtic-double-ding-indigo\/\" \/>\n<meta property=\"og:site_name\" content=\"D\u00e9p\u00f4t Vente Batterie Percussion | Rimocc Lyon\" \/>\n<meta property=\"article:publisher\" content=\"https:\/\/www.facebook.com\/rimocclyon\/?locale=fr_FR\" \/>\n<meta property=\"article:modified_time\" content=\"2025-11-25T17:08:38+00:00\" \/>\n<meta property=\"og:image\" content=\"https:\/\/www.rimocc.com\/wp-content\/uploads\/2025\/10\/RAV-Vast-B-Celtic-Double-Ding-Indigo-1.jpg\" \/>\n\t<meta property=\"og:image:width\" content=\"1920\" \/>\n\t<meta property=\"og:image:height\" content=\"1920\" \/>\n\t<meta property=\"og:image:type\" content=\"image\/jpeg\" \/>\n<meta name=\"twitter:card\" content=\"summary_large_image\" \/>\n<meta name=\"twitter:label1\" content=\"Est. reading time\" \/>\n\t<meta name=\"twitter:data1\" content=\"3 minutes\" \/>\n<script type=\"application\/ld+json\" class=\"yoast-schema-graph\">{\"@context\":\"https:\\\/\\\/schema.org\",\"@graph\":[{\"@type\":\"WebPage\",\"@id\":\"https:\\\/\\\/www.rimocc.com\\\/product\\\/rav-vast-b-celtic-double-ding-indigo\\\/\",\"url\":\"https:\\\/\\\/www.rimocc.com\\\/product\\\/rav-vast-b-celtic-double-ding-indigo\\\/\",\"name\":\"RAV Vast B Celtic Double Ding Indigo - D\u00e9p\u00f4t Vente Batterie Percussion | Rimocc Lyon\",\"isPartOf\":{\"@id\":\"https:\\\/\\\/www.rimocc.com\\\/#website\"},\"primaryImageOfPage\":{\"@id\":\"https:\\\/\\\/www.rimocc.com\\\/product\\\/rav-vast-b-celtic-double-ding-indigo\\\/#primaryimage\"},\"image\":{\"@id\":\"https:\\\/\\\/www.rimocc.com\\\/product\\\/rav-vast-b-celtic-double-ding-indigo\\\/#primaryimage\"},\"thumbnailUrl\":\"https:\\\/\\\/www.rimocc.com\\\/wp-content\\\/uploads\\\/2025\\\/10\\\/RAV-Vast-B-Celtic-Double-Ding-Indigo-1.jpg\",\"datePublished\":\"2025-10-15T16:46:51+00:00\",\"dateModified\":\"2025-11-25T17:08:38+00:00\",\"description\":\"une sonorit\u00e9 apaisante et polyvalente (B mineur\\\/A majeur). Gamme unique (10 notes). Id\u00e9al pour la m\u00e9ditation et les musiciens.\",\"breadcrumb\":{\"@id\":\"https:\\\/\\\/www.rimocc.com\\\/product\\\/rav-vast-b-celtic-double-ding-indigo\\\/#breadcrumb\"},\"inLanguage\":\"en-US\",\"potentialAction\":[{\"@type\":\"ReadAction\",\"target\":[\"https:\\\/\\\/www.rimocc.com\\\/product\\\/rav-vast-b-celtic-double-ding-indigo\\\/\"]}]},{\"@type\":\"ImageObject\",\"inLanguage\":\"en-US\",\"@id\":\"https:\\\/\\\/www.rimocc.com\\\/product\\\/rav-vast-b-celtic-double-ding-indigo\\\/#primaryimage\",\"url\":\"https:\\\/\\\/www.rimocc.com\\\/wp-content\\\/uploads\\\/2025\\\/10\\\/RAV-Vast-B-Celtic-Double-Ding-Indigo-1.jpg\",\"contentUrl\":\"https:\\\/\\\/www.rimocc.com\\\/wp-content\\\/uploads\\\/2025\\\/10\\\/RAV-Vast-B-Celtic-Double-Ding-Indigo-1.jpg\",\"width\":1920,\"height\":1920,\"caption\":\"RAV Vast B Celtic Double Ding Indigo\"},{\"@type\":\"BreadcrumbList\",\"@id\":\"https:\\\/\\\/www.rimocc.com\\\/product\\\/rav-vast-b-celtic-double-ding-indigo\\\/#breadcrumb\",\"itemListElement\":[{\"@type\":\"ListItem\",\"position\":1,\"name\":\"Home\",\"item\":\"https:\\\/\\\/www.rimocc.com\\\/\"},{\"@type\":\"ListItem\",\"position\":2,\"name\":\"Shop\",\"item\":\"https:\\\/\\\/www.rimocc.com\\\/shop\\\/\"},{\"@type\":\"ListItem\",\"position\":3,\"name\":\"RAV Vast B Celtic Double Ding Indigo\"}]},{\"@type\":\"WebSite\",\"@id\":\"https:\\\/\\\/www.rimocc.com\\\/#website\",\"url\":\"https:\\\/\\\/www.rimocc.com\\\/\",\"name\":\"D\u00e9p\u00f4t Vente Batterie Percussion | Rimocc Lyon\",\"description\":\"Rimocc: l&#039;unique magasin d\u00e9di\u00e9 enti\u00e8rement \u00e0 la batterie, percussion d&#039;occasion et vintage \u00e0 Lyon, France\",\"publisher\":{\"@id\":\"https:\\\/\\\/www.rimocc.com\\\/#organization\"},\"alternateName\":\"Rimocc'\",\"potentialAction\":[{\"@type\":\"SearchAction\",\"target\":{\"@type\":\"EntryPoint\",\"urlTemplate\":\"https:\\\/\\\/www.rimocc.com\\\/?s={search_term_string}\"},\"query-input\":{\"@type\":\"PropertyValueSpecification\",\"valueRequired\":true,\"valueName\":\"search_term_string\"}}],\"inLanguage\":\"en-US\"},{\"@type\":\"Organization\",\"@id\":\"https:\\\/\\\/www.rimocc.com\\\/#organization\",\"name\":\"Rimocc'\",\"alternateName\":\"Rimocc\",\"url\":\"https:\\\/\\\/www.rimocc.com\\\/\",\"logo\":{\"@type\":\"ImageObject\",\"inLanguage\":\"en-US\",\"@id\":\"https:\\\/\\\/www.rimocc.com\\\/#\\\/schema\\\/logo\\\/image\\\/\",\"url\":\"https:\\\/\\\/i0.wp.com\\\/www.rimocc.com\\\/wp-content\\\/uploads\\\/2023\\\/07\\\/RIMOCC_LOGO.jpg?fit=459%2C114&ssl=1\",\"contentUrl\":\"https:\\\/\\\/i0.wp.com\\\/www.rimocc.com\\\/wp-content\\\/uploads\\\/2023\\\/07\\\/RIMOCC_LOGO.jpg?fit=459%2C114&ssl=1\",\"width\":459,\"height\":114,\"caption\":\"Rimocc'\"},\"image\":{\"@id\":\"https:\\\/\\\/www.rimocc.com\\\/#\\\/schema\\\/logo\\\/image\\\/\"},\"sameAs\":[\"https:\\\/\\\/www.facebook.com\\\/rimocclyon\\\/?locale=fr_FR\",\"https:\\\/\\\/www.instagram.com\\\/rimoccc\\\/?hl=fr\",\"https:\\\/\\\/www.tiktok.com\\\/@rimocc\",\"https:\\\/\\\/www.youtube.com\\\/@Rimocc\"]}]}<\/script>\n<!-- \/ Yoast SEO plugin. -->","yoast_head_json":{"title":"RAV Vast B Celtic Double Ding Indigo - D\u00e9p\u00f4t Vente Batterie Percussion | Rimocc Lyon","description":"une sonorit\u00e9 apaisante et polyvalente (B mineur\/A majeur). Gamme unique (10 notes). Id\u00e9al pour la m\u00e9ditation et les musiciens.","robots":{"index":"index","follow":"follow","max-snippet":"max-snippet:-1","max-image-preview":"max-image-preview:large","max-video-preview":"max-video-preview:-1"},"canonical":"https:\/\/www.rimocc.com\/en\/product\/rav-vast-b-celtic-double-ding-indigo\/","og_locale":"en_US","og_type":"article","og_title":"RAV Vast B Celtic Double Ding Indigo - D\u00e9p\u00f4t Vente Batterie Percussion | Rimocc Lyon","og_description":"une sonorit\u00e9 apaisante et polyvalente (B mineur\/A majeur). Gamme unique (10 notes). Id\u00e9al pour la m\u00e9ditation et les musiciens.","og_url":"https:\/\/www.rimocc.com\/en\/product\/rav-vast-b-celtic-double-ding-indigo\/","og_site_name":"D\u00e9p\u00f4t Vente Batterie Percussion | Rimocc Lyon","article_publisher":"https:\/\/www.facebook.com\/rimocclyon\/?locale=fr_FR","article_modified_time":"2025-11-25T17:08:38+00:00","og_image":[{"width":1920,"height":1920,"url":"https:\/\/www.rimocc.com\/wp-content\/uploads\/2025\/10\/RAV-Vast-B-Celtic-Double-Ding-Indigo-1.jpg","type":"image\/jpeg"}],"twitter_card":"summary_large_image","twitter_misc":{"Est. reading time":"3 minutes"},"schema":{"@context":"https:\/\/schema.org","@graph":[{"@type":"WebPage","@id":"https:\/\/www.rimocc.com\/product\/rav-vast-b-celtic-double-ding-indigo\/","url":"https:\/\/www.rimocc.com\/product\/rav-vast-b-celtic-double-ding-indigo\/","name":"RAV Vast B Celtic Double Ding Indigo - D\u00e9p\u00f4t Vente Batterie Percussion | Rimocc Lyon","isPartOf":{"@id":"https:\/\/www.rimocc.com\/#website"},"primaryImageOfPage":{"@id":"https:\/\/www.rimocc.com\/product\/rav-vast-b-celtic-double-ding-indigo\/#primaryimage"},"image":{"@id":"https:\/\/www.rimocc.com\/product\/rav-vast-b-celtic-double-ding-indigo\/#primaryimage"},"thumbnailUrl":"https:\/\/www.rimocc.com\/wp-content\/uploads\/2025\/10\/RAV-Vast-B-Celtic-Double-Ding-Indigo-1.jpg","datePublished":"2025-10-15T16:46:51+00:00","dateModified":"2025-11-25T17:08:38+00:00","description":"une sonorit\u00e9 apaisante et polyvalente (B mineur\/A majeur). Gamme unique (10 notes). Id\u00e9al pour la m\u00e9ditation et les musiciens.","breadcrumb":{"@id":"https:\/\/www.rimocc.com\/product\/rav-vast-b-celtic-double-ding-indigo\/#breadcrumb"},"inLanguage":"en-US","potentialAction":[{"@type":"ReadAction","target":["https:\/\/www.rimocc.com\/product\/rav-vast-b-celtic-double-ding-indigo\/"]}]},{"@type":"ImageObject","inLanguage":"en-US","@id":"https:\/\/www.rimocc.com\/product\/rav-vast-b-celtic-double-ding-indigo\/#primaryimage","url":"https:\/\/www.rimocc.com\/wp-content\/uploads\/2025\/10\/RAV-Vast-B-Celtic-Double-Ding-Indigo-1.jpg","contentUrl":"https:\/\/www.rimocc.com\/wp-content\/uploads\/2025\/10\/RAV-Vast-B-Celtic-Double-Ding-Indigo-1.jpg","width":1920,"height":1920,"caption":"RAV Vast B Celtic Double Ding Indigo"},{"@type":"BreadcrumbList","@id":"https:\/\/www.rimocc.com\/product\/rav-vast-b-celtic-double-ding-indigo\/#breadcrumb","itemListElement":[{"@type":"ListItem","position":1,"name":"Home","item":"https:\/\/www.rimocc.com\/"},{"@type":"ListItem","position":2,"name":"Shop","item":"https:\/\/www.rimocc.com\/shop\/"},{"@type":"ListItem","position":3,"name":"RAV Vast B Celtic Double Ding Indigo"}]},{"@type":"WebSite","@id":"https:\/\/www.rimocc.com\/#website","url":"https:\/\/www.rimocc.com\/","name":"D\u00e9p\u00f4t Vente Batterie Percussion | Rimocc Lyon","description":"Rimocc: l&#039;unique magasin d\u00e9di\u00e9 enti\u00e8rement \u00e0 la batterie, percussion d&#039;occasion et vintage \u00e0 Lyon, France","publisher":{"@id":"https:\/\/www.rimocc.com\/#organization"},"alternateName":"Rimocc'","potentialAction":[{"@type":"SearchAction","target":{"@type":"EntryPoint","urlTemplate":"https:\/\/www.rimocc.com\/?s={search_term_string}"},"query-input":{"@type":"PropertyValueSpecification","valueRequired":true,"valueName":"search_term_string"}}],"inLanguage":"en-US"},{"@type":"Organization","@id":"https:\/\/www.rimocc.com\/#organization","name":"Rimocc'","alternateName":"Rimocc","url":"https:\/\/www.rimocc.com\/","logo":{"@type":"ImageObject","inLanguage":"en-US","@id":"https:\/\/www.rimocc.com\/#\/schema\/logo\/image\/","url":"https:\/\/i0.wp.com\/www.rimocc.com\/wp-content\/uploads\/2023\/07\/RIMOCC_LOGO.jpg?fit=459%2C114&ssl=1","contentUrl":"https:\/\/i0.wp.com\/www.rimocc.com\/wp-content\/uploads\/2023\/07\/RIMOCC_LOGO.jpg?fit=459%2C114&ssl=1","width":459,"height":114,"caption":"Rimocc'"},"image":{"@id":"https:\/\/www.rimocc.com\/#\/schema\/logo\/image\/"},"sameAs":["https:\/\/www.facebook.com\/rimocclyon\/?locale=fr_FR","https:\/\/www.instagram.com\/rimoccc\/?hl=fr","https:\/\/www.tiktok.com\/@rimocc","https:\/\/www.youtube.com\/@Rimocc"]}]}},"jetpack_publicize_connections":[],"jetpack_sharing_enabled":true,"_links":{"self":[{"href":"https:\/\/www.rimocc.com\/en\/wp-json\/wp\/v2\/product\/16192","targetHints":{"allow":["GET"]}}],"collection":[{"href":"https:\/\/www.rimocc.com\/en\/wp-json\/wp\/v2\/product"}],"about":[{"href":"https:\/\/www.rimocc.com\/en\/wp-json\/wp\/v2\/types\/product"}],"replies":[{"embeddable":true,"href":"https:\/\/www.rimocc.com\/en\/wp-json\/wp\/v2\/comments?post=16192"}],"wp:featuredmedia":[{"embeddable":true,"href":"https:\/\/www.rimocc.com\/en\/wp-json\/wp\/v2\/media\/16191"}],"wp:attachment":[{"href":"https:\/\/www.rimocc.com\/en\/wp-json\/wp\/v2\/media?parent=16192"}],"wp:term":[{"taxonomy":"product_brand","embeddable":true,"href":"https:\/\/www.rimocc.com\/en\/wp-json\/wp\/v2\/product_brand?post=16192"},{"taxonomy":"product_cat","embeddable":true,"href":"https:\/\/www.rimocc.com\/en\/wp-json\/wp\/v2\/product_cat?post=16192"},{"taxonomy":"product_tag","embeddable":true,"href":"https:\/\/www.rimocc.com\/en\/wp-json\/wp\/v2\/product_tag?post=16192"}],"curies":[{"name":"wp","href":"https:\/\/api.w.org\/{rel}","templated":true}]}}