{"id":16166,"date":"2025-10-10T18:11:20","date_gmt":"2025-10-10T16:11:20","guid":{"rendered":"https:\/\/www.rimocc.com\/?post_type=product&#038;p=16166"},"modified":"2025-10-19T09:28:19","modified_gmt":"2025-10-19T07:28:19","slug":"akai-mpc-2000-xl","status":"publish","type":"product","link":"https:\/\/www.rimocc.com\/en\/product\/akai-mpc-2000-xl\/","title":{"rendered":"Akai MPC 2000 XL"},"content":{"rendered":"<p>Akai MPC 2000 XL<br \/>\n32MB de Ram + lecteur Iomega Zip Drive 250<br \/>\nTr\u00e8s bon \u00e9tat g\u00e9n\u00e9ral<br \/>\nComplet avec Manuels<\/p>\n<div id=\"model-response-message-contentr_4fbb57c0a5ce2eaa\" class=\"markdown markdown-main-panel enable-updated-hr-color\" dir=\"ltr\">\n<h1>Akai MPC 2000 XL Optimis\u00e9e : Le Workstation S\u00e9quenceur-Sampler Ultime (32 Mo RAM + Lecteur Iomega Zip 250)<\/h1>\n<p>D\u00e9couvrez la <b>Akai MPC 2000 XL<\/b> dans une configuration compl\u00e8te et l\u00e9gendaire, l&rsquo;outil de production musicale qui a d\u00e9fini le son du Hip-Hop et de la musique \u00e9lectronique. Cette version, boost\u00e9e par une extension m\u00e9moire maximale de <b>32 Mo de RAM<\/b> et \u00e9quip\u00e9e du <b>lecteur Iomega Zip Drive 250<\/b> (interface SCSI), est la station de travail autonome par excellence pour le <i>beatmaking<\/i> professionnel et la performance <i>live<\/i>. Plongez dans un flux de travail (workflow) incomparable, r\u00e9put\u00e9 pour son \u00ab\u00a0groove\u00a0\u00bb organique et ses pads ultra-r\u00e9actifs.<\/p>\n<h2>Sp\u00e9cifications Techniques Avanc\u00e9es du Sampler et S\u00e9quenceur<\/h2>\n<p><span class=\"citation-27\">La <\/span><b><span class=\"citation-27\">MPC 2000 XL<\/span><\/b><span class=\"citation-27\"> combine la puissance d&rsquo;un s\u00e9quenceur MIDI 64 pistes \u00e0 celle d&rsquo;un \u00e9chantillonneur st\u00e9r\u00e9o num\u00e9rique 32 voix, le tout contr\u00f4l\u00e9 par les 16 <\/span><b><span class=\"citation-27\">pads sensibles \u00e0 la v\u00e9locit\u00e9<\/span><\/b><span class=\"citation-27 citation-end-27\"> qui font la renomm\u00e9e d&rsquo;Akai.<sup class=\"superscript\" data-turn-source-index=\"1\">1<\/sup><\/span><\/p>\n<h3>Moteur de Sampling et Performances Audio Cl\u00e9s<\/h3>\n<p>Le c\u0153ur de cette machine est un \u00e9chantillonneur num\u00e9rique de haute fid\u00e9lit\u00e9, parfaitement dimensionn\u00e9 pour la cr\u00e9ation de rythmes et de phrases musicales.<\/p>\n<table>\n<thead>\n<tr>\n<td>Caract\u00e9ristique<\/td>\n<td>D\u00e9tails Techniques<\/td>\n<td>Avantage Cl\u00e9<\/td>\n<\/tr>\n<\/thead>\n<tbody>\n<tr>\n<td><b>M\u00e9moire RAM<\/b><\/td>\n<td><b>32 Mo (Maximum)<\/b><\/td>\n<td>Temps d&rsquo;enregistrement maximal \u00e9tendu \u00e0 environ 6 minutes en Mono \/ 3 minutes en St\u00e9r\u00e9o. Permet de charger des kits de sons volumineux et de longs samples.<\/td>\n<\/tr>\n<tr>\n<td><b>Format d&rsquo;\u00c9chantillonnage<\/b><\/td>\n<td>16-bit lin\u00e9aire, <span class=\"math-inline\"><span class=\"katex\"><span class=\"katex-html\" aria-hidden=\"true\"><span class=\"base\"><span class=\"mord\">44.1<\/span><span class=\"mord text\"><span class=\"mord\">\u00a0kHz<\/span><\/span><\/span><\/span><\/span><\/span> (Qualit\u00e9 CD)<\/td>\n<td>Son clair, net et dynamique, avec la possibilit\u00e9 de r\u00e9\u00e9chantillonner en 12-bit pour un grain \u00ab\u00a0vintage\u00a0\u00bb.<\/td>\n<\/tr>\n<tr>\n<td><b>Polyphonie<\/b><\/td>\n<td>32 voix<\/td>\n<td>Permet une lecture simultan\u00e9e d&rsquo;un grand nombre de pads et de notes MIDI sans coupure.<\/td>\n<\/tr>\n<tr>\n<td><b>Filtres<\/b><\/td>\n<td>1 filtre passe-bas r\u00e9sonant dynamique <span class=\"math-inline\"><span class=\"katex\"><span class=\"katex-html\" aria-hidden=\"true\"><span class=\"base\"><span class=\"mord\">12<\/span><span class=\"mord text\"><span class=\"mord\">\u00a0dB\/octave<\/span><\/span><\/span><\/span><\/span><\/span> par voix<\/td>\n<td>Id\u00e9al pour le design sonore et les effets de balayage de fr\u00e9quence caract\u00e9ristiques de l&rsquo;EDM et du Hip-Hop.<\/td>\n<\/tr>\n<tr>\n<td><b>Fonctionnalit\u00e9s XL<\/b><\/td>\n<td>D\u00e9coupage (<i>Slice<\/i>) des \u00e9chantillons, Resampling, Time Stretching<\/td>\n<td>Capacit\u00e9s d&rsquo;\u00e9dition de samples non destructives et avanc\u00e9es pour le d\u00e9coupage de boucles (<i>loop chopping<\/i>).<\/td>\n<\/tr>\n<\/tbody>\n<\/table>\n<p>&nbsp;<\/p>\n<h3>Le S\u00e9quenceur MIDI <span class=\"math-inline\"><span class=\"katex\"><span class=\"katex-html\" aria-hidden=\"true\"><span class=\"base\"><span class=\"mord\">64<\/span><\/span><\/span><\/span><\/span> Pistes<\/h3>\n<p>Con\u00e7u pour un \u00ab\u00a0groove\u00a0\u00bb infaillible, le s\u00e9quenceur de la MPC 2000 XL est la raison pour laquelle elle est devenue un classique.<\/p>\n<ul>\n<li><b>Capacit\u00e9 :<\/b> <span class=\"math-inline\"><span class=\"katex\"><span class=\"katex-html\" aria-hidden=\"true\"><span class=\"base\"><span class=\"mord\">300<\/span><span class=\"mspace\">\u00a0<\/span><span class=\"mord\">000<\/span><\/span><\/span><\/span><\/span> notes.<\/li>\n<li><b>R\u00e9solution :<\/b> <span class=\"math-inline\"><span class=\"katex\"><span class=\"katex-html\" aria-hidden=\"true\"><span class=\"base\"><span class=\"mord\">96<\/span><\/span><\/span><\/span><\/span> PPQN (<i>parts per quarter note<\/i>) pour une pr\u00e9cision chirurgicale.<\/li>\n<li><b>Mode d&rsquo;Enregistrement :<\/b> Temps r\u00e9el, pas \u00e0 pas (<i>step edit<\/i>), et en boucle (<i>pattern-based<\/i>).<\/li>\n<li><b>Connectivit\u00e9 MIDI :<\/b> <span class=\"math-inline\"><span class=\"katex\"><span class=\"katex-html\" aria-hidden=\"true\"><span class=\"base\"><span class=\"mord\">2<\/span><\/span><\/span><\/span><\/span> entr\u00e9es MIDI et <span class=\"math-inline\"><span class=\"katex\"><span class=\"katex-html\" aria-hidden=\"true\"><span class=\"base\"><span class=\"mord\">2<\/span><\/span><\/span><\/span><\/span> sorties MIDI, offrant un total de <span class=\"math-inline\"><span class=\"katex\"><span class=\"katex-html\" aria-hidden=\"true\"><span class=\"base\"><span class=\"mord\">32<\/span><\/span><\/span><\/span><\/span> canaux MIDI pour le pilotage d&rsquo;\u00e9quipements externes.<\/li>\n<\/ul>\n<p>&nbsp;<\/p>\n<h2>Stockage et Connectivit\u00e9 : La Configuration <i>SCSI<\/i> Compl\u00e8te<\/h2>\n<p>Cette configuration sp\u00e9cifique se distingue par son syst\u00e8me de stockage \u00e9tendu, contournant la limitation de la disquette <span class=\"math-inline\"><span class=\"katex\"><span class=\"katex-html\" aria-hidden=\"true\"><span class=\"base\"><span class=\"mord\">1.44<\/span><span class=\"mord text\"><span class=\"mord\">\u00a0Mo<\/span><\/span><\/span><\/span><\/span><\/span> d&rsquo;origine.<\/p>\n<h3>Lecteur Iomega Zip 250 SCSI : La Solution de Sauvegarde de l&rsquo;\u00c2ge d&rsquo;Or<\/h3>\n<p>L&rsquo;int\u00e9gration d&rsquo;un <b>lecteur Iomega Zip Drive 250 externe<\/b> connect\u00e9 via l&rsquo;interface <b>SCSI 50-pin<\/b> augmente massivement la capacit\u00e9 de stockage et la vitesse de chargement de vos projets.<\/p>\n<ul>\n<li><b>Capacit\u00e9 de Stockage :<\/b> Chaque disque Zip offre <span class=\"math-inline\"><span class=\"katex\"><span class=\"katex-html\" aria-hidden=\"true\"><span class=\"base\"><span class=\"mord\">250<\/span><span class=\"mord text\"><span class=\"mord\">\u00a0Mo<\/span><\/span><\/span><\/span><\/span><\/span> (soit l&rsquo;\u00e9quivalent de plus de <span class=\"math-inline\"><span class=\"katex\"><span class=\"katex-html\" aria-hidden=\"true\"><span class=\"base\"><span class=\"mord\">170<\/span><\/span><\/span><\/span><\/span> disquettes <span class=\"math-inline\"><span class=\"katex\"><span class=\"katex-html\" aria-hidden=\"true\"><span class=\"base\"><span class=\"mord\">1.44<\/span><span class=\"mord text\"><span class=\"mord\">\u00a0Mo<\/span><\/span><\/span><\/span><\/span><\/span>).<\/li>\n<li><b>Vitesse SCSI :<\/b> Le protocole SCSI assure des temps de chargement et de sauvegarde nettement sup\u00e9rieurs \u00e0 ceux d&rsquo;un lecteur de disquette standard.<\/li>\n<li><b>Autonomie Compl\u00e8te :<\/b> L&rsquo;ajout de ce <b>p\u00e9riph\u00e9rique de stockage externe pour MPC<\/b> vous permet de sauvegarder des projets entiers, des banques de sons (jusqu&rsquo;\u00e0 <span class=\"math-inline\"><span class=\"katex\"><span class=\"katex-html\" aria-hidden=\"true\"><span class=\"base\"><span class=\"mord\">256<\/span><\/span><\/span><\/span><\/span> \u00e9chantillons) et des syst\u00e8mes d&rsquo;exploitation personnalis\u00e9s sans d\u00e9pendre d&rsquo;un ordinateur.<\/li>\n<\/ul>\n<h3>Options d&rsquo;Extension Audio Professionnelles<\/h3>\n<p>Pour une int\u00e9gration parfaite en studio, l&rsquo;unit\u00e9 est pr\u00eate \u00e0 accueillir les cartes d&rsquo;extension optionnelles (non incluses mais recherch\u00e9es) :<\/p>\n<ul>\n<li><b><span class=\"citation-26\">Sorties Multiples (Option IB-M208P) :<\/span><\/b><span class=\"citation-26 citation-end-26\"> Possibilit\u00e9 d&rsquo;ajouter\u00a0<\/span><span class=\"math-inline\"><span class=\"katex\"><span class=\"katex-html\" aria-hidden=\"true\"><span class=\"base\"><span class=\"mord\">8<\/span><\/span><\/span><\/span><\/span><span class=\"citation-25 citation-end-25\"> sorties audio individuelles pour le mixage sur console externe ou carte son professionnelle.<\/span><\/li>\n<li><b>Multi-Effets Int\u00e9gr\u00e9s (Option EB16) :<\/b> Ajout de <span class=\"math-inline\"><span class=\"katex\"><span class=\"katex-html\" aria-hidden=\"true\"><span class=\"base\"><span class=\"mord\">4<\/span><\/span><\/span><\/span><\/span> effets simultan\u00e9s (<i>reverb, delay, chorus, distorsion<\/i>).<\/li>\n<li><b>Connectivit\u00e9 Num\u00e9rique (Option) :<\/b> Entr\u00e9es\/Sorties num\u00e9riques (S\/PDIF) pour l&rsquo;\u00e9chantillonnage et la transmission sans perte.<\/li>\n<\/ul>\n<p>Cette <b>Akai MPC 2000 XL 32Mb RAM + Iomega Zip 250<\/b> est un v\u00e9ritable classique enti\u00e8rement \u00e9quip\u00e9, assurant une station de production robuste, rapide et compl\u00e8te pour les puristes du <i>hardware<\/i> et les professionnels.<\/p>\n<p><a href=\"https:\/\/www.rimocc.com\/en\/product-category\/accessoires-batterie\/\">https:\/\/www.rimocc.com\/product-category\/accessoires-batterie\/<\/a><\/p>\n<p class=\"responsive-video-wrap clr\"><iframe title=\"Akai MPC 2000 XL\" width=\"563\" height=\"1000\" src=\"https:\/\/www.youtube.com\/embed\/DK4m2aScQRY?feature=oembed\" frameborder=\"0\" allow=\"accelerometer; autoplay; clipboard-write; encrypted-media; gyroscope; picture-in-picture; web-share\" referrerpolicy=\"strict-origin-when-cross-origin\" allowfullscreen><\/iframe><\/p>\n<\/div>","protected":false},"excerpt":{"rendered":"<p>Akai MPC 2000 XL 32MB de Ram + lecteur Iomega Zip Drive 250 Tr\u00e8s bon \u00e9tat g\u00e9n\u00e9ral Complet avec Manuels Akai MPC 2000 XL Optimis\u00e9e : Le Workstation S\u00e9quenceur-Sampler Ultime (32 Mo RAM + Lecteur Iomega Zip 250) D\u00e9couvrez la Akai MPC 2000 XL dans une configuration compl\u00e8te et l\u00e9gendaire, l&rsquo;outil de production musicale qui [&hellip;]<\/p>\n","protected":false},"featured_media":16165,"comment_status":"open","ping_status":"closed","template":"","meta":{"jetpack_publicize_message":"","jetpack_publicize_feature_enabled":true,"jetpack_social_post_already_shared":true,"jetpack_social_options":{"image_generator_settings":{"template":"highway","default_image_id":0,"font":"","enabled":false},"version":2}},"product_brand":[714],"product_cat":[22],"product_tag":[557],"class_list":{"0":"post-16166","1":"product","2":"type-product","3":"status-publish","4":"has-post-thumbnail","6":"product_brand-akai","7":"product_cat-accessoires-batterie","8":"product_tag-akai","10":"entry","11":"has-media","13":"first","14":"outofstock","15":"shipping-taxable","16":"purchasable","17":"product-type-simple","18":"has-product-nav","19":"col","20":"span_1_of_3","21":"owp-content-center","22":"owp-thumbs-layout-horizontal","23":"owp-btn-normal","24":"owp-tabs-layout-horizontal"},"yoast_head":"<!-- This site is optimized with the Yoast SEO plugin v27.4 - https:\/\/yoast.com\/product\/yoast-seo-wordpress\/ -->\n<title>Akai MPC 2000 XL - D\u00e9p\u00f4t Vente Batterie Percussion | Rimocc Lyon<\/title>\n<meta name=\"description\" content=\"Am\u00e9liorez votre beatmaking avec l&#039;Akai MPC 2000 XL ! S\u00e9quenceur-sampler l\u00e9gendaire, id\u00e9al Hip-Hop\/Electro. Inclus : Lecteur Iomega Zip 250 SCSI pour un stockage rapide.\" \/>\n<meta name=\"robots\" content=\"index, follow, max-snippet:-1, max-image-preview:large, max-video-preview:-1\" \/>\n<link rel=\"canonical\" href=\"https:\/\/www.rimocc.com\/en\/product\/akai-mpc-2000-xl\/\" \/>\n<meta property=\"og:locale\" content=\"en_US\" \/>\n<meta property=\"og:type\" content=\"article\" \/>\n<meta property=\"og:title\" content=\"Akai MPC 2000 XL - D\u00e9p\u00f4t Vente Batterie Percussion | Rimocc Lyon\" \/>\n<meta property=\"og:description\" content=\"Am\u00e9liorez votre beatmaking avec l&#039;Akai MPC 2000 XL ! S\u00e9quenceur-sampler l\u00e9gendaire, id\u00e9al Hip-Hop\/Electro. Inclus : Lecteur Iomega Zip 250 SCSI pour un stockage rapide.\" \/>\n<meta property=\"og:url\" content=\"https:\/\/www.rimocc.com\/en\/product\/akai-mpc-2000-xl\/\" \/>\n<meta property=\"og:site_name\" content=\"D\u00e9p\u00f4t Vente Batterie Percussion | Rimocc Lyon\" \/>\n<meta property=\"article:publisher\" content=\"https:\/\/www.facebook.com\/rimocclyon\/?locale=fr_FR\" \/>\n<meta property=\"article:modified_time\" content=\"2025-10-19T07:28:19+00:00\" \/>\n<meta property=\"og:image\" content=\"https:\/\/www.rimocc.com\/wp-content\/uploads\/2025\/10\/Akai-MPC-2000-XL-1.jpg\" \/>\n\t<meta property=\"og:image:width\" content=\"1920\" \/>\n\t<meta property=\"og:image:height\" content=\"1920\" \/>\n\t<meta property=\"og:image:type\" content=\"image\/jpeg\" \/>\n<meta name=\"twitter:card\" content=\"summary_large_image\" \/>\n<meta name=\"twitter:label1\" content=\"Est. reading time\" \/>\n\t<meta name=\"twitter:data1\" content=\"4 minutes\" \/>\n<script type=\"application\/ld+json\" class=\"yoast-schema-graph\">{\"@context\":\"https:\\\/\\\/schema.org\",\"@graph\":[{\"@type\":\"WebPage\",\"@id\":\"https:\\\/\\\/www.rimocc.com\\\/product\\\/akai-mpc-2000-xl\\\/\",\"url\":\"https:\\\/\\\/www.rimocc.com\\\/product\\\/akai-mpc-2000-xl\\\/\",\"name\":\"Akai MPC 2000 XL - D\u00e9p\u00f4t Vente Batterie Percussion | Rimocc Lyon\",\"isPartOf\":{\"@id\":\"https:\\\/\\\/www.rimocc.com\\\/#website\"},\"primaryImageOfPage\":{\"@id\":\"https:\\\/\\\/www.rimocc.com\\\/product\\\/akai-mpc-2000-xl\\\/#primaryimage\"},\"image\":{\"@id\":\"https:\\\/\\\/www.rimocc.com\\\/product\\\/akai-mpc-2000-xl\\\/#primaryimage\"},\"thumbnailUrl\":\"https:\\\/\\\/www.rimocc.com\\\/wp-content\\\/uploads\\\/2025\\\/10\\\/Akai-MPC-2000-XL-1.jpg\",\"datePublished\":\"2025-10-10T16:11:20+00:00\",\"dateModified\":\"2025-10-19T07:28:19+00:00\",\"description\":\"Am\u00e9liorez votre beatmaking avec l'Akai MPC 2000 XL ! S\u00e9quenceur-sampler l\u00e9gendaire, id\u00e9al Hip-Hop\\\/Electro. Inclus : Lecteur Iomega Zip 250 SCSI pour un stockage rapide.\",\"breadcrumb\":{\"@id\":\"https:\\\/\\\/www.rimocc.com\\\/product\\\/akai-mpc-2000-xl\\\/#breadcrumb\"},\"inLanguage\":\"en-US\",\"potentialAction\":[{\"@type\":\"ReadAction\",\"target\":[\"https:\\\/\\\/www.rimocc.com\\\/product\\\/akai-mpc-2000-xl\\\/\"]}]},{\"@type\":\"ImageObject\",\"inLanguage\":\"en-US\",\"@id\":\"https:\\\/\\\/www.rimocc.com\\\/product\\\/akai-mpc-2000-xl\\\/#primaryimage\",\"url\":\"https:\\\/\\\/www.rimocc.com\\\/wp-content\\\/uploads\\\/2025\\\/10\\\/Akai-MPC-2000-XL-1.jpg\",\"contentUrl\":\"https:\\\/\\\/www.rimocc.com\\\/wp-content\\\/uploads\\\/2025\\\/10\\\/Akai-MPC-2000-XL-1.jpg\",\"width\":1920,\"height\":1920,\"caption\":\"Akai MPC 2000 XL\"},{\"@type\":\"BreadcrumbList\",\"@id\":\"https:\\\/\\\/www.rimocc.com\\\/product\\\/akai-mpc-2000-xl\\\/#breadcrumb\",\"itemListElement\":[{\"@type\":\"ListItem\",\"position\":1,\"name\":\"Home\",\"item\":\"https:\\\/\\\/www.rimocc.com\\\/\"},{\"@type\":\"ListItem\",\"position\":2,\"name\":\"Shop\",\"item\":\"https:\\\/\\\/www.rimocc.com\\\/shop\\\/\"},{\"@type\":\"ListItem\",\"position\":3,\"name\":\"Akai MPC 2000 XL\"}]},{\"@type\":\"WebSite\",\"@id\":\"https:\\\/\\\/www.rimocc.com\\\/#website\",\"url\":\"https:\\\/\\\/www.rimocc.com\\\/\",\"name\":\"D\u00e9p\u00f4t Vente Batterie Percussion | Rimocc Lyon\",\"description\":\"Rimocc: l&#039;unique magasin d\u00e9di\u00e9 enti\u00e8rement \u00e0 la batterie, percussion d&#039;occasion et vintage \u00e0 Lyon, France\",\"publisher\":{\"@id\":\"https:\\\/\\\/www.rimocc.com\\\/#organization\"},\"alternateName\":\"Rimocc'\",\"potentialAction\":[{\"@type\":\"SearchAction\",\"target\":{\"@type\":\"EntryPoint\",\"urlTemplate\":\"https:\\\/\\\/www.rimocc.com\\\/?s={search_term_string}\"},\"query-input\":{\"@type\":\"PropertyValueSpecification\",\"valueRequired\":true,\"valueName\":\"search_term_string\"}}],\"inLanguage\":\"en-US\"},{\"@type\":\"Organization\",\"@id\":\"https:\\\/\\\/www.rimocc.com\\\/#organization\",\"name\":\"Rimocc'\",\"alternateName\":\"Rimocc\",\"url\":\"https:\\\/\\\/www.rimocc.com\\\/\",\"logo\":{\"@type\":\"ImageObject\",\"inLanguage\":\"en-US\",\"@id\":\"https:\\\/\\\/www.rimocc.com\\\/#\\\/schema\\\/logo\\\/image\\\/\",\"url\":\"https:\\\/\\\/i0.wp.com\\\/www.rimocc.com\\\/wp-content\\\/uploads\\\/2023\\\/07\\\/RIMOCC_LOGO.jpg?fit=459%2C114&ssl=1\",\"contentUrl\":\"https:\\\/\\\/i0.wp.com\\\/www.rimocc.com\\\/wp-content\\\/uploads\\\/2023\\\/07\\\/RIMOCC_LOGO.jpg?fit=459%2C114&ssl=1\",\"width\":459,\"height\":114,\"caption\":\"Rimocc'\"},\"image\":{\"@id\":\"https:\\\/\\\/www.rimocc.com\\\/#\\\/schema\\\/logo\\\/image\\\/\"},\"sameAs\":[\"https:\\\/\\\/www.facebook.com\\\/rimocclyon\\\/?locale=fr_FR\",\"https:\\\/\\\/www.instagram.com\\\/rimoccc\\\/?hl=fr\",\"https:\\\/\\\/www.tiktok.com\\\/@rimocc\",\"https:\\\/\\\/www.youtube.com\\\/@Rimocc\"]}]}<\/script>\n<!-- \/ Yoast SEO plugin. -->","yoast_head_json":{"title":"Akai MPC 2000 XL - D\u00e9p\u00f4t Vente Batterie Percussion | Rimocc Lyon","description":"Am\u00e9liorez votre beatmaking avec l'Akai MPC 2000 XL ! S\u00e9quenceur-sampler l\u00e9gendaire, id\u00e9al Hip-Hop\/Electro. Inclus : Lecteur Iomega Zip 250 SCSI pour un stockage rapide.","robots":{"index":"index","follow":"follow","max-snippet":"max-snippet:-1","max-image-preview":"max-image-preview:large","max-video-preview":"max-video-preview:-1"},"canonical":"https:\/\/www.rimocc.com\/en\/product\/akai-mpc-2000-xl\/","og_locale":"en_US","og_type":"article","og_title":"Akai MPC 2000 XL - D\u00e9p\u00f4t Vente Batterie Percussion | Rimocc Lyon","og_description":"Am\u00e9liorez votre beatmaking avec l'Akai MPC 2000 XL ! S\u00e9quenceur-sampler l\u00e9gendaire, id\u00e9al Hip-Hop\/Electro. Inclus : Lecteur Iomega Zip 250 SCSI pour un stockage rapide.","og_url":"https:\/\/www.rimocc.com\/en\/product\/akai-mpc-2000-xl\/","og_site_name":"D\u00e9p\u00f4t Vente Batterie Percussion | Rimocc Lyon","article_publisher":"https:\/\/www.facebook.com\/rimocclyon\/?locale=fr_FR","article_modified_time":"2025-10-19T07:28:19+00:00","og_image":[{"width":1920,"height":1920,"url":"https:\/\/www.rimocc.com\/wp-content\/uploads\/2025\/10\/Akai-MPC-2000-XL-1.jpg","type":"image\/jpeg"}],"twitter_card":"summary_large_image","twitter_misc":{"Est. reading time":"4 minutes"},"schema":{"@context":"https:\/\/schema.org","@graph":[{"@type":"WebPage","@id":"https:\/\/www.rimocc.com\/product\/akai-mpc-2000-xl\/","url":"https:\/\/www.rimocc.com\/product\/akai-mpc-2000-xl\/","name":"Akai MPC 2000 XL - D\u00e9p\u00f4t Vente Batterie Percussion | Rimocc Lyon","isPartOf":{"@id":"https:\/\/www.rimocc.com\/#website"},"primaryImageOfPage":{"@id":"https:\/\/www.rimocc.com\/product\/akai-mpc-2000-xl\/#primaryimage"},"image":{"@id":"https:\/\/www.rimocc.com\/product\/akai-mpc-2000-xl\/#primaryimage"},"thumbnailUrl":"https:\/\/www.rimocc.com\/wp-content\/uploads\/2025\/10\/Akai-MPC-2000-XL-1.jpg","datePublished":"2025-10-10T16:11:20+00:00","dateModified":"2025-10-19T07:28:19+00:00","description":"Am\u00e9liorez votre beatmaking avec l'Akai MPC 2000 XL ! S\u00e9quenceur-sampler l\u00e9gendaire, id\u00e9al Hip-Hop\/Electro. Inclus : Lecteur Iomega Zip 250 SCSI pour un stockage rapide.","breadcrumb":{"@id":"https:\/\/www.rimocc.com\/product\/akai-mpc-2000-xl\/#breadcrumb"},"inLanguage":"en-US","potentialAction":[{"@type":"ReadAction","target":["https:\/\/www.rimocc.com\/product\/akai-mpc-2000-xl\/"]}]},{"@type":"ImageObject","inLanguage":"en-US","@id":"https:\/\/www.rimocc.com\/product\/akai-mpc-2000-xl\/#primaryimage","url":"https:\/\/www.rimocc.com\/wp-content\/uploads\/2025\/10\/Akai-MPC-2000-XL-1.jpg","contentUrl":"https:\/\/www.rimocc.com\/wp-content\/uploads\/2025\/10\/Akai-MPC-2000-XL-1.jpg","width":1920,"height":1920,"caption":"Akai MPC 2000 XL"},{"@type":"BreadcrumbList","@id":"https:\/\/www.rimocc.com\/product\/akai-mpc-2000-xl\/#breadcrumb","itemListElement":[{"@type":"ListItem","position":1,"name":"Home","item":"https:\/\/www.rimocc.com\/"},{"@type":"ListItem","position":2,"name":"Shop","item":"https:\/\/www.rimocc.com\/shop\/"},{"@type":"ListItem","position":3,"name":"Akai MPC 2000 XL"}]},{"@type":"WebSite","@id":"https:\/\/www.rimocc.com\/#website","url":"https:\/\/www.rimocc.com\/","name":"D\u00e9p\u00f4t Vente Batterie Percussion | Rimocc Lyon","description":"Rimocc: l&#039;unique magasin d\u00e9di\u00e9 enti\u00e8rement \u00e0 la batterie, percussion d&#039;occasion et vintage \u00e0 Lyon, France","publisher":{"@id":"https:\/\/www.rimocc.com\/#organization"},"alternateName":"Rimocc'","potentialAction":[{"@type":"SearchAction","target":{"@type":"EntryPoint","urlTemplate":"https:\/\/www.rimocc.com\/?s={search_term_string}"},"query-input":{"@type":"PropertyValueSpecification","valueRequired":true,"valueName":"search_term_string"}}],"inLanguage":"en-US"},{"@type":"Organization","@id":"https:\/\/www.rimocc.com\/#organization","name":"Rimocc'","alternateName":"Rimocc","url":"https:\/\/www.rimocc.com\/","logo":{"@type":"ImageObject","inLanguage":"en-US","@id":"https:\/\/www.rimocc.com\/#\/schema\/logo\/image\/","url":"https:\/\/i0.wp.com\/www.rimocc.com\/wp-content\/uploads\/2023\/07\/RIMOCC_LOGO.jpg?fit=459%2C114&ssl=1","contentUrl":"https:\/\/i0.wp.com\/www.rimocc.com\/wp-content\/uploads\/2023\/07\/RIMOCC_LOGO.jpg?fit=459%2C114&ssl=1","width":459,"height":114,"caption":"Rimocc'"},"image":{"@id":"https:\/\/www.rimocc.com\/#\/schema\/logo\/image\/"},"sameAs":["https:\/\/www.facebook.com\/rimocclyon\/?locale=fr_FR","https:\/\/www.instagram.com\/rimoccc\/?hl=fr","https:\/\/www.tiktok.com\/@rimocc","https:\/\/www.youtube.com\/@Rimocc"]}]}},"jetpack_publicize_connections":[],"jetpack_sharing_enabled":true,"_links":{"self":[{"href":"https:\/\/www.rimocc.com\/en\/wp-json\/wp\/v2\/product\/16166","targetHints":{"allow":["GET"]}}],"collection":[{"href":"https:\/\/www.rimocc.com\/en\/wp-json\/wp\/v2\/product"}],"about":[{"href":"https:\/\/www.rimocc.com\/en\/wp-json\/wp\/v2\/types\/product"}],"replies":[{"embeddable":true,"href":"https:\/\/www.rimocc.com\/en\/wp-json\/wp\/v2\/comments?post=16166"}],"wp:featuredmedia":[{"embeddable":true,"href":"https:\/\/www.rimocc.com\/en\/wp-json\/wp\/v2\/media\/16165"}],"wp:attachment":[{"href":"https:\/\/www.rimocc.com\/en\/wp-json\/wp\/v2\/media?parent=16166"}],"wp:term":[{"taxonomy":"product_brand","embeddable":true,"href":"https:\/\/www.rimocc.com\/en\/wp-json\/wp\/v2\/product_brand?post=16166"},{"taxonomy":"product_cat","embeddable":true,"href":"https:\/\/www.rimocc.com\/en\/wp-json\/wp\/v2\/product_cat?post=16166"},{"taxonomy":"product_tag","embeddable":true,"href":"https:\/\/www.rimocc.com\/en\/wp-json\/wp\/v2\/product_tag?post=16166"}],"curies":[{"name":"wp","href":"https:\/\/api.w.org\/{rel}","templated":true}]}}