{"id":16067,"date":"2025-10-02T16:30:47","date_gmt":"2025-10-02T14:30:47","guid":{"rendered":"https:\/\/www.rimocc.com\/?post_type=product&#038;p=16067"},"modified":"2026-03-07T17:15:17","modified_gmt":"2026-03-07T16:15:17","slug":"dave-collingwood-jazz-crash-16","status":"publish","type":"product","link":"https:\/\/www.rimocc.com\/en\/product\/dave-collingwood-jazz-crash-16\/","title":{"rendered":"Dave Collingwood Jazz Crash 16&Prime;"},"content":{"rendered":"<p>Dave Collingwood Jazz Crash 16&Prime;<br \/>\n1045grs<\/p>\n<div id=\"model-response-message-contentr_8294b43d931edda8\" class=\"markdown markdown-main-panel enable-updated-hr-color\" dir=\"ltr\">\n<h1><span class=\"citation-37 citation-end-37\">Cymbale Jazz Crash Dave Collingwood 16&Prime; 1045g : L&rsquo;\u00c2me du Bronze B20<\/span><\/h1>\n<p><span class=\"citation-36\">D\u00e9couvrez la <\/span><b><span class=\"citation-36\">cymbale Jazz Crash 16&Prime; 1045 grammes<\/span><\/b><span class=\"citation-36 citation-end-36\"> de Dave Collingwood, une \u0153uvre d&rsquo;art artisanale con\u00e7ue pour offrir une explosion sonore rapide, sombre et incroyablement musicale.<\/span> Avec son poids l\u00e9ger pour un diam\u00e8tre de 16 pouces, cette cymbale est la d\u00e9finition m\u00eame d&rsquo;un <i>crash<\/i> sensible et expressif, id\u00e9al pour le Jazz, le Blues et tous les contextes n\u00e9cessitant une touche de couleur et une d\u00e9cadence rapide.<\/p>\n<p>&nbsp;<\/p>\n<hr \/>\n<p>&nbsp;<\/p>\n<h2>Caract\u00e9ristiques Techniques et Acoustiques de la Crash Jazz 16 Pouces<\/h2>\n<h3>Dimensions, Poids et Forme Optimaux<\/h3>\n<table>\n<thead>\n<tr>\n<td>Caract\u00e9ristique<\/td>\n<td>Sp\u00e9cification<\/td>\n<\/tr>\n<\/thead>\n<tbody>\n<tr>\n<td><b>Diam\u00e8tre<\/b><\/td>\n<td><b>16 pouces<\/b> (environ 40,64 cm) \u2013 Taille id\u00e9ale pour un <b>Crash<\/b> rapide et <i>jazzy<\/i>.<\/td>\n<\/tr>\n<tr>\n<td><b>Poids (Masse) :<\/b><\/td>\n<td><b>1045 grammes<\/b> (1,045 kg)<\/td>\n<\/tr>\n<tr>\n<td><b>Classification de Poids<\/b><\/td>\n<td><b>Thin<\/b> (Mince) ou <b>Extra-Thin<\/b> pour un 16&Prime;, ce qui maximise la r\u00e9activit\u00e9 et la rapidit\u00e9 du <i>decay<\/i>.<\/td>\n<\/tr>\n<tr>\n<td><b>Alliage M\u00e9tallurgique<\/b><\/td>\n<td><b>Bronze Turc B20<\/b> \u2013 Le choix des professionnels pour sa richesse harmonique et sa capacit\u00e9 \u00e0 produire des sonorit\u00e9s sombres et complexes.<\/td>\n<\/tr>\n<\/tbody>\n<\/table>\n<p>&nbsp;<\/p>\n<h3>La Sonorit\u00e9 \u00ab\u00a0Jazz Crash\u00a0\u00bb Unique<\/h3>\n<p>La combinaison du poids plume et du martelage intensif fait de cette <b>cymbale Dave Collingwood<\/b> une pi\u00e8ce de choix pour l&rsquo;expression subtile :<\/p>\n<ul>\n<li><b>R\u00e9ponse et Attaque :<\/b> Extr\u00eamement <b>rapide et explosive<\/b>. Le son s&rsquo;ouvre instantan\u00e9ment avec une force surprenante malgr\u00e9 la finesse du m\u00e9tal.<\/li>\n<li><b>Le <i>Decay<\/i> (Extinction) :<\/b> Un <b>decay ultra-rapide et court<\/b>, essentiel pour les accents qui ne doivent pas submerger le mix, offrant un effet \u00ab\u00a0splash\u00a0\u00bb \u00e9tendu.<\/li>\n<li><b>Tonalit\u00e9 et Timbre :<\/b> Un son globalement <b>sombre, chaud et bois\u00e9<\/b>, avec une complexit\u00e9 harmonique (ou <i>trashiness<\/i>) qui \u00e9vite la brillance agressive des cymbales plus lourdes ou en B8.<\/li>\n<li><b>Sensibilit\u00e9 :<\/b> Sensibilit\u00e9 remarquable, r\u00e9agissant m\u00eame \u00e0 un l\u00e9ger effleurement, permettant une utilisation en tant que <b>Ride d&rsquo;accent<\/b> extr\u00eamement doux, avec un <i>ping<\/i> l\u00e9ger et vaporeux.<\/li>\n<li><b>La Cloche (<i>Bell<\/i>) :<\/b> Cloche petite, offrant un <i>ping<\/i> mod\u00e9r\u00e9 et musical, mais son r\u00f4le principal est d&rsquo;ajouter de la stabilit\u00e9 \u00e0 la structure plut\u00f4t que de servir d&rsquo;accent principal.<\/li>\n<\/ul>\n<h3>Fabrication Artisanale de Ma\u00eetre<\/h3>\n<p>Le caract\u00e8re unique de cet <b>instrument de percussion<\/b> est le r\u00e9sultat du processus de fabrication de Dave Collingwood :<\/p>\n<ul>\n<li><b>Martelage Manuel D\u00e9vou\u00e9 :<\/b> Chaque coup de marteau est d\u00e9lib\u00e9r\u00e9 et irr\u00e9gulier, cr\u00e9ant des pics et des creux qui sculptent le timbre du bronze. Le martelage est dense, notamment vers le centre, pour garantir une stabilit\u00e9 malgr\u00e9 la finesse de la cymbale.<\/li>\n<li><b>Profil Faible (<i>Low Profile<\/i>) :<\/b> Un profil peu profond contribue au <i>wash<\/i> rapide et contr\u00f4l\u00e9, emp\u00eachant le son de s&rsquo;accumuler et d&rsquo;\u00e9mettre des harmoniques per\u00e7antes.<\/li>\n<li><b>Id\u00e9ale pour le Jazz et l&rsquo;Acoustique :<\/b> Sa nature l\u00e9g\u00e8re et son son sombre la rendent parfaite pour les configurations de batterie acoustique, le Jazz (o\u00f9 la cymbale s&rsquo;int\u00e8gre au lieu de dominer), la Folk et le Blues.<\/li>\n<\/ul>\n<hr \/>\n<p>&nbsp;<\/p>\n<h2>Le Cymbalier : Dave Collingwood, L&rsquo;Art de Forger le Son<\/h2>\n<p>D\u00e9couvrez le cr\u00e9ateur de cette <b>cymbale Jazz Crash 16&Prime;<\/b>, un artisan dont l&rsquo;exp\u00e9rience musicale enrichit chaque pi\u00e8ce qu&rsquo;il fa\u00e7onne.<\/p>\n<h3>Du Batteur Session au Ma\u00eetre du Bronze<\/h3>\n<p>Dave Collingwood a d\u00e9but\u00e9 sa carri\u00e8re comme batteur professionnel de renomm\u00e9e, jouant pour des artistes majeurs comme <b>Yann Tiersen<\/b>. Apr\u00e8s des ann\u00e9es sur la route, il a canalis\u00e9 sa passion pour la percussion dans l&rsquo;art de la <b>cymbale form\u00e9e \u00e0 la main<\/b>, motiv\u00e9 par le besoin de rester pr\u00e8s de son foyer \u00e0 Bristol et d&rsquo;explorer les possibilit\u00e9s infinies du m\u00e9tal.<\/p>\n<p>C&rsquo;est cette perspective de musicien, qui comprend ce qu&rsquo;un batteur <i>entend<\/i> et <i>ressent<\/i> en jouant, qui distingue son travail.<\/p>\n<h3>L&rsquo;Exploration au C\u0153ur de Collingwood Cymbals<\/h3>\n<p>Dave Collingwood est un <b>cymbalier autodidacte<\/b> qui rejette les cha\u00eenes de production standardis\u00e9es. Sa philosophie est l&rsquo;<b>exp\u00e9rimentation<\/b> : il cr\u00e9e des pi\u00e8ces uniques sans lignes de produits fixes, cherchant \u00e0 d\u00e9couvrir la \u00ab\u00a0voix\u00a0\u00bb propre de chaque disque de bronze B20. Cette approche artisanale garantit que le <b>Jazz Crash 16&Prime;<\/b> est non seulement un instrument de haute performance, mais aussi une pi\u00e8ce de collection personnelle, avec une profondeur sonore et une complexit\u00e9 que l&rsquo;on ne peut obtenir que par un travail manuel passionn\u00e9. Il partage d&rsquo;ailleurs activement son savoir-faire et ses techniques via des formations, promouvant l&rsquo;excellence du savoir-faire traditionnel.<\/p>\n<p><a href=\"https:\/\/collingwoodcymbals.com\/\">https:\/\/collingwoodcymbals.com\/<\/a><\/p>\n<p><a href=\"https:\/\/www.rimocc.com\/en\/product-category\/cymbales\/\">https:\/\/www.rimocc.com\/product-category\/cymbales\/<\/a><\/p>\n<p>Demo par Dave Collingwood:<br \/>\n<a href=\"https:\/\/youtu.be\/t5TZ8KdFnj0\">https:\/\/youtu.be\/t5TZ8KdFnj0<\/a><\/p>\n<\/div>","protected":false},"excerpt":{"rendered":"<p>Dave Collingwood Jazz Crash 16&Prime; 1045grs Cymbale Jazz Crash Dave Collingwood 16&Prime; 1045g : L&rsquo;\u00c2me du Bronze B20 D\u00e9couvrez la cymbale Jazz Crash 16&Prime; 1045 grammes de Dave Collingwood, une \u0153uvre d&rsquo;art artisanale con\u00e7ue pour offrir une explosion sonore rapide, sombre et incroyablement musicale. Avec son poids l\u00e9ger pour un diam\u00e8tre de 16 pouces, cette [&hellip;]<\/p>\n","protected":false},"featured_media":16066,"comment_status":"open","ping_status":"closed","template":"","meta":{"jetpack_publicize_message":"","jetpack_publicize_feature_enabled":true,"jetpack_social_post_already_shared":true,"jetpack_social_options":{"image_generator_settings":{"template":"highway","default_image_id":0,"font":"","enabled":false},"version":2}},"product_brand":[729],"product_cat":[749],"product_tag":[730],"class_list":{"0":"post-16067","1":"product","2":"type-product","3":"status-publish","4":"has-post-thumbnail","6":"product_brand-collingwood","7":"product_cat-cymbales-dartisans-independants","8":"product_tag-collingwood","10":"entry","11":"has-media","13":"first","14":"outofstock","15":"shipping-taxable","16":"purchasable","17":"product-type-simple","18":"has-product-nav","19":"col","20":"span_1_of_3","21":"owp-content-center","22":"owp-thumbs-layout-horizontal","23":"owp-btn-normal","24":"owp-tabs-layout-horizontal"},"yoast_head":"<!-- This site is optimized with the Yoast SEO plugin v27.4 - https:\/\/yoast.com\/product\/yoast-seo-wordpress\/ -->\n<title>Dave Collingwood Jazz Crash 16&quot; - D\u00e9p\u00f4t Vente Batterie Percussion | Rimocc Lyon<\/title>\n<meta name=\"description\" content=\"Jazz Crash Dave Collingwood 16&quot; (1045g) : Cymbale artisanale Thin B20. R\u00e9ponse ultra-rapide, son sombre et chaud avec decay court. Le Crash parfait !\" \/>\n<meta name=\"robots\" content=\"index, follow, max-snippet:-1, max-image-preview:large, max-video-preview:-1\" \/>\n<link rel=\"canonical\" href=\"https:\/\/www.rimocc.com\/en\/product\/dave-collingwood-jazz-crash-16\/\" \/>\n<meta property=\"og:locale\" content=\"en_US\" \/>\n<meta property=\"og:type\" content=\"article\" \/>\n<meta property=\"og:title\" content=\"Dave Collingwood Jazz Crash 16&quot; - D\u00e9p\u00f4t Vente Batterie Percussion | Rimocc Lyon\" \/>\n<meta property=\"og:description\" content=\"Jazz Crash Dave Collingwood 16&quot; (1045g) : Cymbale artisanale Thin B20. R\u00e9ponse ultra-rapide, son sombre et chaud avec decay court. Le Crash parfait !\" \/>\n<meta property=\"og:url\" content=\"https:\/\/www.rimocc.com\/en\/product\/dave-collingwood-jazz-crash-16\/\" \/>\n<meta property=\"og:site_name\" content=\"D\u00e9p\u00f4t Vente Batterie Percussion | Rimocc Lyon\" \/>\n<meta property=\"article:publisher\" content=\"https:\/\/www.facebook.com\/rimocclyon\/?locale=fr_FR\" \/>\n<meta property=\"article:modified_time\" content=\"2026-03-07T16:15:17+00:00\" \/>\n<meta property=\"og:image\" content=\"https:\/\/www.rimocc.com\/wp-content\/uploads\/2025\/10\/Dave-Collingwood-Jazz-Crash-16_-1.jpg\" \/>\n\t<meta property=\"og:image:width\" content=\"1920\" \/>\n\t<meta property=\"og:image:height\" content=\"1920\" \/>\n\t<meta property=\"og:image:type\" content=\"image\/jpeg\" \/>\n<meta name=\"twitter:card\" content=\"summary_large_image\" \/>\n<meta name=\"twitter:label1\" content=\"Est. reading time\" \/>\n\t<meta name=\"twitter:data1\" content=\"4 minutes\" \/>\n<script type=\"application\/ld+json\" class=\"yoast-schema-graph\">{\"@context\":\"https:\\\/\\\/schema.org\",\"@graph\":[{\"@type\":\"WebPage\",\"@id\":\"https:\\\/\\\/www.rimocc.com\\\/product\\\/dave-collingwood-jazz-crash-16\\\/\",\"url\":\"https:\\\/\\\/www.rimocc.com\\\/product\\\/dave-collingwood-jazz-crash-16\\\/\",\"name\":\"Dave Collingwood Jazz Crash 16\\\" - D\u00e9p\u00f4t Vente Batterie Percussion | Rimocc Lyon\",\"isPartOf\":{\"@id\":\"https:\\\/\\\/www.rimocc.com\\\/#website\"},\"primaryImageOfPage\":{\"@id\":\"https:\\\/\\\/www.rimocc.com\\\/product\\\/dave-collingwood-jazz-crash-16\\\/#primaryimage\"},\"image\":{\"@id\":\"https:\\\/\\\/www.rimocc.com\\\/product\\\/dave-collingwood-jazz-crash-16\\\/#primaryimage\"},\"thumbnailUrl\":\"https:\\\/\\\/www.rimocc.com\\\/wp-content\\\/uploads\\\/2025\\\/10\\\/Dave-Collingwood-Jazz-Crash-16_-1.jpg\",\"datePublished\":\"2025-10-02T14:30:47+00:00\",\"dateModified\":\"2026-03-07T16:15:17+00:00\",\"description\":\"Jazz Crash Dave Collingwood 16\\\" (1045g) : Cymbale artisanale Thin B20. R\u00e9ponse ultra-rapide, son sombre et chaud avec decay court. Le Crash parfait !\",\"breadcrumb\":{\"@id\":\"https:\\\/\\\/www.rimocc.com\\\/product\\\/dave-collingwood-jazz-crash-16\\\/#breadcrumb\"},\"inLanguage\":\"en-US\",\"potentialAction\":[{\"@type\":\"ReadAction\",\"target\":[\"https:\\\/\\\/www.rimocc.com\\\/product\\\/dave-collingwood-jazz-crash-16\\\/\"]}]},{\"@type\":\"ImageObject\",\"inLanguage\":\"en-US\",\"@id\":\"https:\\\/\\\/www.rimocc.com\\\/product\\\/dave-collingwood-jazz-crash-16\\\/#primaryimage\",\"url\":\"https:\\\/\\\/www.rimocc.com\\\/wp-content\\\/uploads\\\/2025\\\/10\\\/Dave-Collingwood-Jazz-Crash-16_-1.jpg\",\"contentUrl\":\"https:\\\/\\\/www.rimocc.com\\\/wp-content\\\/uploads\\\/2025\\\/10\\\/Dave-Collingwood-Jazz-Crash-16_-1.jpg\",\"width\":1920,\"height\":1920,\"caption\":\"Dave Collingwood Jazz Crash 16\\\"\"},{\"@type\":\"BreadcrumbList\",\"@id\":\"https:\\\/\\\/www.rimocc.com\\\/product\\\/dave-collingwood-jazz-crash-16\\\/#breadcrumb\",\"itemListElement\":[{\"@type\":\"ListItem\",\"position\":1,\"name\":\"Home\",\"item\":\"https:\\\/\\\/www.rimocc.com\\\/\"},{\"@type\":\"ListItem\",\"position\":2,\"name\":\"Shop\",\"item\":\"https:\\\/\\\/www.rimocc.com\\\/shop\\\/\"},{\"@type\":\"ListItem\",\"position\":3,\"name\":\"Dave Collingwood Jazz Crash 16&#8243;\"}]},{\"@type\":\"WebSite\",\"@id\":\"https:\\\/\\\/www.rimocc.com\\\/#website\",\"url\":\"https:\\\/\\\/www.rimocc.com\\\/\",\"name\":\"D\u00e9p\u00f4t Vente Batterie Percussion | Rimocc Lyon\",\"description\":\"Rimocc: l&#039;unique magasin d\u00e9di\u00e9 enti\u00e8rement \u00e0 la batterie, percussion d&#039;occasion et vintage \u00e0 Lyon, France\",\"publisher\":{\"@id\":\"https:\\\/\\\/www.rimocc.com\\\/#organization\"},\"alternateName\":\"Rimocc'\",\"potentialAction\":[{\"@type\":\"SearchAction\",\"target\":{\"@type\":\"EntryPoint\",\"urlTemplate\":\"https:\\\/\\\/www.rimocc.com\\\/?s={search_term_string}\"},\"query-input\":{\"@type\":\"PropertyValueSpecification\",\"valueRequired\":true,\"valueName\":\"search_term_string\"}}],\"inLanguage\":\"en-US\"},{\"@type\":\"Organization\",\"@id\":\"https:\\\/\\\/www.rimocc.com\\\/#organization\",\"name\":\"Rimocc'\",\"alternateName\":\"Rimocc\",\"url\":\"https:\\\/\\\/www.rimocc.com\\\/\",\"logo\":{\"@type\":\"ImageObject\",\"inLanguage\":\"en-US\",\"@id\":\"https:\\\/\\\/www.rimocc.com\\\/#\\\/schema\\\/logo\\\/image\\\/\",\"url\":\"https:\\\/\\\/i0.wp.com\\\/www.rimocc.com\\\/wp-content\\\/uploads\\\/2023\\\/07\\\/RIMOCC_LOGO.jpg?fit=459%2C114&ssl=1\",\"contentUrl\":\"https:\\\/\\\/i0.wp.com\\\/www.rimocc.com\\\/wp-content\\\/uploads\\\/2023\\\/07\\\/RIMOCC_LOGO.jpg?fit=459%2C114&ssl=1\",\"width\":459,\"height\":114,\"caption\":\"Rimocc'\"},\"image\":{\"@id\":\"https:\\\/\\\/www.rimocc.com\\\/#\\\/schema\\\/logo\\\/image\\\/\"},\"sameAs\":[\"https:\\\/\\\/www.facebook.com\\\/rimocclyon\\\/?locale=fr_FR\",\"https:\\\/\\\/www.instagram.com\\\/rimoccc\\\/?hl=fr\",\"https:\\\/\\\/www.tiktok.com\\\/@rimocc\",\"https:\\\/\\\/www.youtube.com\\\/@Rimocc\"]}]}<\/script>\n<!-- \/ Yoast SEO plugin. -->","yoast_head_json":{"title":"Dave Collingwood Jazz Crash 16\" - D\u00e9p\u00f4t Vente Batterie Percussion | Rimocc Lyon","description":"Jazz Crash Dave Collingwood 16\" (1045g) : Cymbale artisanale Thin B20. R\u00e9ponse ultra-rapide, son sombre et chaud avec decay court. Le Crash parfait !","robots":{"index":"index","follow":"follow","max-snippet":"max-snippet:-1","max-image-preview":"max-image-preview:large","max-video-preview":"max-video-preview:-1"},"canonical":"https:\/\/www.rimocc.com\/en\/product\/dave-collingwood-jazz-crash-16\/","og_locale":"en_US","og_type":"article","og_title":"Dave Collingwood Jazz Crash 16\" - D\u00e9p\u00f4t Vente Batterie Percussion | Rimocc Lyon","og_description":"Jazz Crash Dave Collingwood 16\" (1045g) : Cymbale artisanale Thin B20. R\u00e9ponse ultra-rapide, son sombre et chaud avec decay court. Le Crash parfait !","og_url":"https:\/\/www.rimocc.com\/en\/product\/dave-collingwood-jazz-crash-16\/","og_site_name":"D\u00e9p\u00f4t Vente Batterie Percussion | Rimocc Lyon","article_publisher":"https:\/\/www.facebook.com\/rimocclyon\/?locale=fr_FR","article_modified_time":"2026-03-07T16:15:17+00:00","og_image":[{"width":1920,"height":1920,"url":"https:\/\/www.rimocc.com\/wp-content\/uploads\/2025\/10\/Dave-Collingwood-Jazz-Crash-16_-1.jpg","type":"image\/jpeg"}],"twitter_card":"summary_large_image","twitter_misc":{"Est. reading time":"4 minutes"},"schema":{"@context":"https:\/\/schema.org","@graph":[{"@type":"WebPage","@id":"https:\/\/www.rimocc.com\/product\/dave-collingwood-jazz-crash-16\/","url":"https:\/\/www.rimocc.com\/product\/dave-collingwood-jazz-crash-16\/","name":"Dave Collingwood Jazz Crash 16\" - D\u00e9p\u00f4t Vente Batterie Percussion | Rimocc Lyon","isPartOf":{"@id":"https:\/\/www.rimocc.com\/#website"},"primaryImageOfPage":{"@id":"https:\/\/www.rimocc.com\/product\/dave-collingwood-jazz-crash-16\/#primaryimage"},"image":{"@id":"https:\/\/www.rimocc.com\/product\/dave-collingwood-jazz-crash-16\/#primaryimage"},"thumbnailUrl":"https:\/\/www.rimocc.com\/wp-content\/uploads\/2025\/10\/Dave-Collingwood-Jazz-Crash-16_-1.jpg","datePublished":"2025-10-02T14:30:47+00:00","dateModified":"2026-03-07T16:15:17+00:00","description":"Jazz Crash Dave Collingwood 16\" (1045g) : Cymbale artisanale Thin B20. R\u00e9ponse ultra-rapide, son sombre et chaud avec decay court. Le Crash parfait !","breadcrumb":{"@id":"https:\/\/www.rimocc.com\/product\/dave-collingwood-jazz-crash-16\/#breadcrumb"},"inLanguage":"en-US","potentialAction":[{"@type":"ReadAction","target":["https:\/\/www.rimocc.com\/product\/dave-collingwood-jazz-crash-16\/"]}]},{"@type":"ImageObject","inLanguage":"en-US","@id":"https:\/\/www.rimocc.com\/product\/dave-collingwood-jazz-crash-16\/#primaryimage","url":"https:\/\/www.rimocc.com\/wp-content\/uploads\/2025\/10\/Dave-Collingwood-Jazz-Crash-16_-1.jpg","contentUrl":"https:\/\/www.rimocc.com\/wp-content\/uploads\/2025\/10\/Dave-Collingwood-Jazz-Crash-16_-1.jpg","width":1920,"height":1920,"caption":"Dave Collingwood Jazz Crash 16\""},{"@type":"BreadcrumbList","@id":"https:\/\/www.rimocc.com\/product\/dave-collingwood-jazz-crash-16\/#breadcrumb","itemListElement":[{"@type":"ListItem","position":1,"name":"Home","item":"https:\/\/www.rimocc.com\/"},{"@type":"ListItem","position":2,"name":"Shop","item":"https:\/\/www.rimocc.com\/shop\/"},{"@type":"ListItem","position":3,"name":"Dave Collingwood Jazz Crash 16&#8243;"}]},{"@type":"WebSite","@id":"https:\/\/www.rimocc.com\/#website","url":"https:\/\/www.rimocc.com\/","name":"D\u00e9p\u00f4t Vente Batterie Percussion | Rimocc Lyon","description":"Rimocc: l&#039;unique magasin d\u00e9di\u00e9 enti\u00e8rement \u00e0 la batterie, percussion d&#039;occasion et vintage \u00e0 Lyon, France","publisher":{"@id":"https:\/\/www.rimocc.com\/#organization"},"alternateName":"Rimocc'","potentialAction":[{"@type":"SearchAction","target":{"@type":"EntryPoint","urlTemplate":"https:\/\/www.rimocc.com\/?s={search_term_string}"},"query-input":{"@type":"PropertyValueSpecification","valueRequired":true,"valueName":"search_term_string"}}],"inLanguage":"en-US"},{"@type":"Organization","@id":"https:\/\/www.rimocc.com\/#organization","name":"Rimocc'","alternateName":"Rimocc","url":"https:\/\/www.rimocc.com\/","logo":{"@type":"ImageObject","inLanguage":"en-US","@id":"https:\/\/www.rimocc.com\/#\/schema\/logo\/image\/","url":"https:\/\/i0.wp.com\/www.rimocc.com\/wp-content\/uploads\/2023\/07\/RIMOCC_LOGO.jpg?fit=459%2C114&ssl=1","contentUrl":"https:\/\/i0.wp.com\/www.rimocc.com\/wp-content\/uploads\/2023\/07\/RIMOCC_LOGO.jpg?fit=459%2C114&ssl=1","width":459,"height":114,"caption":"Rimocc'"},"image":{"@id":"https:\/\/www.rimocc.com\/#\/schema\/logo\/image\/"},"sameAs":["https:\/\/www.facebook.com\/rimocclyon\/?locale=fr_FR","https:\/\/www.instagram.com\/rimoccc\/?hl=fr","https:\/\/www.tiktok.com\/@rimocc","https:\/\/www.youtube.com\/@Rimocc"]}]}},"jetpack_publicize_connections":[],"jetpack_sharing_enabled":true,"_links":{"self":[{"href":"https:\/\/www.rimocc.com\/en\/wp-json\/wp\/v2\/product\/16067","targetHints":{"allow":["GET"]}}],"collection":[{"href":"https:\/\/www.rimocc.com\/en\/wp-json\/wp\/v2\/product"}],"about":[{"href":"https:\/\/www.rimocc.com\/en\/wp-json\/wp\/v2\/types\/product"}],"replies":[{"embeddable":true,"href":"https:\/\/www.rimocc.com\/en\/wp-json\/wp\/v2\/comments?post=16067"}],"wp:featuredmedia":[{"embeddable":true,"href":"https:\/\/www.rimocc.com\/en\/wp-json\/wp\/v2\/media\/16066"}],"wp:attachment":[{"href":"https:\/\/www.rimocc.com\/en\/wp-json\/wp\/v2\/media?parent=16067"}],"wp:term":[{"taxonomy":"product_brand","embeddable":true,"href":"https:\/\/www.rimocc.com\/en\/wp-json\/wp\/v2\/product_brand?post=16067"},{"taxonomy":"product_cat","embeddable":true,"href":"https:\/\/www.rimocc.com\/en\/wp-json\/wp\/v2\/product_cat?post=16067"},{"taxonomy":"product_tag","embeddable":true,"href":"https:\/\/www.rimocc.com\/en\/wp-json\/wp\/v2\/product_tag?post=16067"}],"curies":[{"name":"wp","href":"https:\/\/api.w.org\/{rel}","templated":true}]}}