{"id":15992,"date":"2025-09-20T17:41:30","date_gmt":"2025-09-20T15:41:30","guid":{"rendered":"https:\/\/www.rimocc.com\/?post_type=product&#038;p=15992"},"modified":"2025-10-02T10:18:45","modified_gmt":"2025-10-02T08:18:45","slug":"dw-3000-pedale-grosse-caisse-dwcp3000","status":"publish","type":"product","link":"https:\/\/www.rimocc.com\/en\/product\/dw-3000-pedale-grosse-caisse-dwcp3000\/","title":{"rendered":"DW 3000 P\u00e9dale Grosse Caisse DWCP3000"},"content":{"rendered":"<p>DW 3000 P\u00e9dale Grosse Caisse DWCP3000<br \/>\nTr\u00e8s bon \u00e9tat g\u00e9n\u00e9ral (traces d&rsquo;adh\u00e9sif sur l&rsquo;ext\u00e9rieur de la batte)<\/p>\n<div id=\"model-response-message-contentr_d6d89a889fc7b8db\" class=\"markdown markdown-main-panel enable-updated-hr-color\" dir=\"ltr\">\n<h3><b>L&rsquo;Excellence Technique \u00e0 Port\u00e9e de Main<\/b><\/h3>\n<p>La p\u00e9dale de grosse caisse DW 3000, r\u00e9f\u00e9rence DWCP3000, est l&rsquo;incarnation de la philosophie de Drum Workshop : offrir des performances de haut niveau et une fiabilit\u00e9 \u00e0 toute \u00e9preuve, accessibles \u00e0 un large \u00e9ventail de batteurs. Que vous soyez un musicien en pleine ascension ou un professionnel aguerri, cette p\u00e9dale simple de batterie propose une exp\u00e9rience de jeu fluide, rapide et incroyablement stable. Elle int\u00e8gre des technologies issues des mod\u00e8les haut de gamme de la marque, tout en conservant une simplicit\u00e9 d&rsquo;utilisation appr\u00e9ci\u00e9e par tous.<\/p>\n<p><b>Caract\u00e9ristiques Techniques :<\/b><\/p>\n<ul>\n<li><b><span class=\"citation-29\">Type de Transmission :<\/span><\/b><span class=\"citation-29 citation-end-29\"> Double cha\u00eene \u00ab\u00a0Accelerator\u00a0\u00bb<\/span><\/li>\n<li><b><span class=\"citation-28\">Conception :<\/span><\/b><span class=\"citation-28 citation-end-28\"> Plaque de base en acier avec patins antid\u00e9rapants<\/span><\/li>\n<li><b><span class=\"citation-27\">Batte :<\/span><\/b><span class=\"citation-27 citation-end-27\"> DW101 \u00e0 deux faces (feutre\/plastique)<\/span><\/li>\n<li><b><span class=\"citation-26\">Syst\u00e8me de serrage :<\/span><\/b><span class=\"citation-26 citation-end-26\"> M\u00e2choire pivotante lat\u00e9rale (Side-Mount Clamp)<\/span><\/li>\n<li><b><span class=\"citation-25\">Fonctionnalit\u00e9s :<\/span><\/b><span class=\"citation-25 citation-end-25\"> R\u00e9glage de la tension du ressort sur roulement \u00e0 billes, r\u00e9glages de la batte<\/span><\/li>\n<\/ul>\n<h3><b>M\u00e9canismes et Ing\u00e9nierie de Pr\u00e9cision<\/b><\/h3>\n<p><span class=\"citation-24 citation-end-24\">L&rsquo;une des caract\u00e9ristiques les plus remarquables de cette p\u00e9dale de grosse caisse est son syst\u00e8me de transmission.<\/span> La double cha\u00eene \u00ab\u00a0Accelerator\u00a0\u00bb est con\u00e7ue pour augmenter la vitesse de frappe sur la fin de la course, procurant une sensation de puissance et une r\u00e9ponse plus rapide, sans n\u00e9cessiter d&rsquo;effort suppl\u00e9mentaire. Cette came excentrique est id\u00e9ale pour les styles musicaux n\u00e9cessitant des accents prononc\u00e9s et une attaque percutante.<\/p>\n<p><span class=\"citation-23 citation-end-23\">La plaque de base en acier, associ\u00e9e \u00e0 des patins en caoutchouc antid\u00e9rapants, garantit une stabilit\u00e9 irr\u00e9prochable, emp\u00eachant la p\u00e9dale de bouger, m\u00eame lors des passages les plus intenses.<\/span> Le m\u00e9canisme de serrage lat\u00e9ral de la m\u00e2choire de grosse caisse simplifie l&rsquo;installation et le retrait de la p\u00e9dale, un atout majeur pour les batteurs qui se produisent souvent sur sc\u00e8ne ou en r\u00e9p\u00e9tition.<\/p>\n<h3><b>Jouabilit\u00e9 et Personnalisation : Une P\u00e9dale Polyvalente<\/b><\/h3>\n<p>La p\u00e9dale DWCP3000 a \u00e9t\u00e9 pens\u00e9e pour s&rsquo;adapter \u00e0 une grande vari\u00e9t\u00e9 de styles de jeu et de pr\u00e9f\u00e9rences.<\/p>\n<ul>\n<li><b>La Batte DW101 :<\/b> La batte \u00e0 deux faces offre deux options sonores distinctes. La surface en feutre produit un son plus chaud et rond, id\u00e9al pour le rock ou le jazz, tandis que la surface en plastique offre une attaque plus vive et un son plus claquant, parfait pour le funk ou le m\u00e9tal.<\/li>\n<li><b>Le R\u00e9glage de la Tension :<\/b><span class=\"citation-21 citation-end-21\"> Le syst\u00e8me de r\u00e9glage du ressort, mont\u00e9 sur roulement \u00e0 billes, assure une action incroyablement fluide et une r\u00e9ponse constante.<\/span> L&rsquo;ajustement est pr\u00e9cis et intuitif, permettant au batteur d&rsquo;optimiser le rebond et la r\u00e9sistance de la p\u00e9dale selon son ressenti et le style musical jou\u00e9.<\/li>\n<\/ul>\n<p>En r\u00e9sum\u00e9, la p\u00e9dale de grosse caisse DW 3000 repr\u00e9sente un \u00e9quilibre parfait entre innovation, durabilit\u00e9 et accessibilit\u00e9. Elle offre une performance digne des mod\u00e8les professionnels de Drum Workshop, faisant d&rsquo;elle un choix de premier ordre pour les musiciens recherchant un outil fiable et polyvalent pour leur grosse caisse.<\/p>\n<\/div>\n<p><a href=\"https:\/\/www.dwdrums.com\/\">https:\/\/www.dwdrums.com\/<\/a><br \/>\n<a href=\"https:\/\/www.rimocc.com\/en\/product-category\/pedales\/\">https:\/\/www.rimocc.com\/product-category\/pedales\/<\/a><\/p>","protected":false},"excerpt":{"rendered":"<p>DW 3000 P\u00e9dale Grosse Caisse DWCP3000 Tr\u00e8s bon \u00e9tat g\u00e9n\u00e9ral (traces d&rsquo;adh\u00e9sif sur l&rsquo;ext\u00e9rieur de la batte) L&rsquo;Excellence Technique \u00e0 Port\u00e9e de Main La p\u00e9dale de grosse caisse DW 3000, r\u00e9f\u00e9rence DWCP3000, est l&rsquo;incarnation de la philosophie de Drum Workshop : offrir des performances de haut niveau et une fiabilit\u00e9 \u00e0 toute \u00e9preuve, accessibles \u00e0 [&hellip;]<\/p>\n","protected":false},"featured_media":15991,"comment_status":"open","ping_status":"closed","template":"","meta":{"jetpack_publicize_message":"","jetpack_publicize_feature_enabled":true,"jetpack_social_post_already_shared":false,"jetpack_social_options":{"image_generator_settings":{"template":"highway","default_image_id":0,"font":"","enabled":false},"version":2}},"product_brand":[728],"product_cat":[19],"product_tag":[225],"class_list":{"0":"post-15992","1":"product","2":"type-product","3":"status-publish","4":"has-post-thumbnail","6":"product_brand-dw","7":"product_cat-pedales","8":"product_tag-dw","10":"entry","11":"has-media","13":"first","14":"outofstock","15":"shipping-taxable","16":"purchasable","17":"product-type-simple","18":"has-product-nav","19":"col","20":"span_1_of_3","21":"owp-content-center","22":"owp-thumbs-layout-horizontal","23":"owp-btn-normal","24":"owp-tabs-layout-horizontal"},"yoast_head":"<!-- This site is optimized with the Yoast SEO plugin v27.6 - https:\/\/yoast.com\/product\/yoast-seo-wordpress\/ -->\n<title>DW 3000 P\u00e9dale Grosse Caisse DWCP3000 - D\u00e9p\u00f4t Vente Batterie Percussion | Rimocc Lyon<\/title>\n<meta name=\"description\" content=\"P\u00e9dale de grosse caisse DW 3000 (DWCP3000). Alliant robustesse, vitesse et fluidit\u00e9 gr\u00e2ce \u00e0 sa double cha\u00eene &quot;Accelerator&quot;\" \/>\n<meta name=\"robots\" content=\"index, follow, max-snippet:-1, max-image-preview:large, max-video-preview:-1\" \/>\n<link rel=\"canonical\" href=\"https:\/\/www.rimocc.com\/en\/product\/dw-3000-pedale-grosse-caisse-dwcp3000\/\" \/>\n<meta property=\"og:locale\" content=\"en_US\" \/>\n<meta property=\"og:type\" content=\"article\" \/>\n<meta property=\"og:title\" content=\"DW 3000 P\u00e9dale Grosse Caisse DWCP3000 - D\u00e9p\u00f4t Vente Batterie Percussion | Rimocc Lyon\" \/>\n<meta property=\"og:description\" content=\"P\u00e9dale de grosse caisse DW 3000 (DWCP3000). Alliant robustesse, vitesse et fluidit\u00e9 gr\u00e2ce \u00e0 sa double cha\u00eene &quot;Accelerator&quot;\" \/>\n<meta property=\"og:url\" content=\"https:\/\/www.rimocc.com\/en\/product\/dw-3000-pedale-grosse-caisse-dwcp3000\/\" \/>\n<meta property=\"og:site_name\" content=\"D\u00e9p\u00f4t Vente Batterie Percussion | Rimocc Lyon\" \/>\n<meta property=\"article:publisher\" content=\"https:\/\/www.facebook.com\/rimocclyon\/?locale=fr_FR\" \/>\n<meta property=\"article:modified_time\" content=\"2025-10-02T08:18:45+00:00\" \/>\n<meta property=\"og:image\" content=\"https:\/\/www.rimocc.com\/wp-content\/uploads\/2025\/09\/DW-3000-Pedale-Grosse-Caisse-DWCP3000-1.jpg\" \/>\n\t<meta property=\"og:image:width\" content=\"1920\" \/>\n\t<meta property=\"og:image:height\" content=\"1920\" \/>\n\t<meta property=\"og:image:type\" content=\"image\/jpeg\" \/>\n<meta name=\"twitter:card\" content=\"summary_large_image\" \/>\n<meta name=\"twitter:label1\" content=\"Est. reading time\" \/>\n\t<meta name=\"twitter:data1\" content=\"3 minutes\" \/>\n<script type=\"application\/ld+json\" class=\"yoast-schema-graph\">{\"@context\":\"https:\\\/\\\/schema.org\",\"@graph\":[{\"@type\":\"WebPage\",\"@id\":\"https:\\\/\\\/www.rimocc.com\\\/product\\\/dw-3000-pedale-grosse-caisse-dwcp3000\\\/\",\"url\":\"https:\\\/\\\/www.rimocc.com\\\/product\\\/dw-3000-pedale-grosse-caisse-dwcp3000\\\/\",\"name\":\"DW 3000 P\u00e9dale Grosse Caisse DWCP3000 - D\u00e9p\u00f4t Vente Batterie Percussion | Rimocc Lyon\",\"isPartOf\":{\"@id\":\"https:\\\/\\\/www.rimocc.com\\\/#website\"},\"primaryImageOfPage\":{\"@id\":\"https:\\\/\\\/www.rimocc.com\\\/product\\\/dw-3000-pedale-grosse-caisse-dwcp3000\\\/#primaryimage\"},\"image\":{\"@id\":\"https:\\\/\\\/www.rimocc.com\\\/product\\\/dw-3000-pedale-grosse-caisse-dwcp3000\\\/#primaryimage\"},\"thumbnailUrl\":\"https:\\\/\\\/www.rimocc.com\\\/wp-content\\\/uploads\\\/2025\\\/09\\\/DW-3000-Pedale-Grosse-Caisse-DWCP3000-1.jpg\",\"datePublished\":\"2025-09-20T15:41:30+00:00\",\"dateModified\":\"2025-10-02T08:18:45+00:00\",\"description\":\"P\u00e9dale de grosse caisse DW 3000 (DWCP3000). Alliant robustesse, vitesse et fluidit\u00e9 gr\u00e2ce \u00e0 sa double cha\u00eene \\\"Accelerator\\\"\",\"breadcrumb\":{\"@id\":\"https:\\\/\\\/www.rimocc.com\\\/product\\\/dw-3000-pedale-grosse-caisse-dwcp3000\\\/#breadcrumb\"},\"inLanguage\":\"en-US\",\"potentialAction\":[{\"@type\":\"ReadAction\",\"target\":[\"https:\\\/\\\/www.rimocc.com\\\/product\\\/dw-3000-pedale-grosse-caisse-dwcp3000\\\/\"]}]},{\"@type\":\"ImageObject\",\"inLanguage\":\"en-US\",\"@id\":\"https:\\\/\\\/www.rimocc.com\\\/product\\\/dw-3000-pedale-grosse-caisse-dwcp3000\\\/#primaryimage\",\"url\":\"https:\\\/\\\/www.rimocc.com\\\/wp-content\\\/uploads\\\/2025\\\/09\\\/DW-3000-Pedale-Grosse-Caisse-DWCP3000-1.jpg\",\"contentUrl\":\"https:\\\/\\\/www.rimocc.com\\\/wp-content\\\/uploads\\\/2025\\\/09\\\/DW-3000-Pedale-Grosse-Caisse-DWCP3000-1.jpg\",\"width\":1920,\"height\":1920,\"caption\":\"DW 3000 P\u00e9dale Grosse Caisse DWCP3000\"},{\"@type\":\"BreadcrumbList\",\"@id\":\"https:\\\/\\\/www.rimocc.com\\\/product\\\/dw-3000-pedale-grosse-caisse-dwcp3000\\\/#breadcrumb\",\"itemListElement\":[{\"@type\":\"ListItem\",\"position\":1,\"name\":\"Home\",\"item\":\"https:\\\/\\\/www.rimocc.com\\\/\"},{\"@type\":\"ListItem\",\"position\":2,\"name\":\"Shop\",\"item\":\"https:\\\/\\\/www.rimocc.com\\\/shop\\\/\"},{\"@type\":\"ListItem\",\"position\":3,\"name\":\"DW 3000 P\u00e9dale Grosse Caisse DWCP3000\"}]},{\"@type\":\"WebSite\",\"@id\":\"https:\\\/\\\/www.rimocc.com\\\/#website\",\"url\":\"https:\\\/\\\/www.rimocc.com\\\/\",\"name\":\"D\u00e9p\u00f4t Vente Batterie Percussion | Rimocc Lyon\",\"description\":\"Rimocc: l&#039;unique magasin d\u00e9di\u00e9 enti\u00e8rement \u00e0 la batterie, percussion d&#039;occasion et vintage \u00e0 Lyon, France\",\"publisher\":{\"@id\":\"https:\\\/\\\/www.rimocc.com\\\/#organization\"},\"alternateName\":\"Rimocc'\",\"potentialAction\":[{\"@type\":\"SearchAction\",\"target\":{\"@type\":\"EntryPoint\",\"urlTemplate\":\"https:\\\/\\\/www.rimocc.com\\\/?s={search_term_string}\"},\"query-input\":{\"@type\":\"PropertyValueSpecification\",\"valueRequired\":true,\"valueName\":\"search_term_string\"}}],\"inLanguage\":\"en-US\"},{\"@type\":\"Organization\",\"@id\":\"https:\\\/\\\/www.rimocc.com\\\/#organization\",\"name\":\"Rimocc'\",\"alternateName\":\"Rimocc\",\"url\":\"https:\\\/\\\/www.rimocc.com\\\/\",\"logo\":{\"@type\":\"ImageObject\",\"inLanguage\":\"en-US\",\"@id\":\"https:\\\/\\\/www.rimocc.com\\\/#\\\/schema\\\/logo\\\/image\\\/\",\"url\":\"https:\\\/\\\/i0.wp.com\\\/www.rimocc.com\\\/wp-content\\\/uploads\\\/2023\\\/07\\\/RIMOCC_LOGO.jpg?fit=459%2C114&ssl=1\",\"contentUrl\":\"https:\\\/\\\/i0.wp.com\\\/www.rimocc.com\\\/wp-content\\\/uploads\\\/2023\\\/07\\\/RIMOCC_LOGO.jpg?fit=459%2C114&ssl=1\",\"width\":459,\"height\":114,\"caption\":\"Rimocc'\"},\"image\":{\"@id\":\"https:\\\/\\\/www.rimocc.com\\\/#\\\/schema\\\/logo\\\/image\\\/\"},\"sameAs\":[\"https:\\\/\\\/www.facebook.com\\\/rimocclyon\\\/?locale=fr_FR\",\"https:\\\/\\\/www.instagram.com\\\/rimoccc\\\/?hl=fr\",\"https:\\\/\\\/www.tiktok.com\\\/@rimocc\",\"https:\\\/\\\/www.youtube.com\\\/@Rimocc\"]}]}<\/script>\n<!-- \/ Yoast SEO plugin. -->","yoast_head_json":{"title":"DW 3000 P\u00e9dale Grosse Caisse DWCP3000 - D\u00e9p\u00f4t Vente Batterie Percussion | Rimocc Lyon","description":"P\u00e9dale de grosse caisse DW 3000 (DWCP3000). Alliant robustesse, vitesse et fluidit\u00e9 gr\u00e2ce \u00e0 sa double cha\u00eene \"Accelerator\"","robots":{"index":"index","follow":"follow","max-snippet":"max-snippet:-1","max-image-preview":"max-image-preview:large","max-video-preview":"max-video-preview:-1"},"canonical":"https:\/\/www.rimocc.com\/en\/product\/dw-3000-pedale-grosse-caisse-dwcp3000\/","og_locale":"en_US","og_type":"article","og_title":"DW 3000 P\u00e9dale Grosse Caisse DWCP3000 - D\u00e9p\u00f4t Vente Batterie Percussion | Rimocc Lyon","og_description":"P\u00e9dale de grosse caisse DW 3000 (DWCP3000). Alliant robustesse, vitesse et fluidit\u00e9 gr\u00e2ce \u00e0 sa double cha\u00eene \"Accelerator\"","og_url":"https:\/\/www.rimocc.com\/en\/product\/dw-3000-pedale-grosse-caisse-dwcp3000\/","og_site_name":"D\u00e9p\u00f4t Vente Batterie Percussion | Rimocc Lyon","article_publisher":"https:\/\/www.facebook.com\/rimocclyon\/?locale=fr_FR","article_modified_time":"2025-10-02T08:18:45+00:00","og_image":[{"width":1920,"height":1920,"url":"https:\/\/www.rimocc.com\/wp-content\/uploads\/2025\/09\/DW-3000-Pedale-Grosse-Caisse-DWCP3000-1.jpg","type":"image\/jpeg"}],"twitter_card":"summary_large_image","twitter_misc":{"Est. reading time":"3 minutes"},"schema":{"@context":"https:\/\/schema.org","@graph":[{"@type":"WebPage","@id":"https:\/\/www.rimocc.com\/product\/dw-3000-pedale-grosse-caisse-dwcp3000\/","url":"https:\/\/www.rimocc.com\/product\/dw-3000-pedale-grosse-caisse-dwcp3000\/","name":"DW 3000 P\u00e9dale Grosse Caisse DWCP3000 - D\u00e9p\u00f4t Vente Batterie Percussion | Rimocc Lyon","isPartOf":{"@id":"https:\/\/www.rimocc.com\/#website"},"primaryImageOfPage":{"@id":"https:\/\/www.rimocc.com\/product\/dw-3000-pedale-grosse-caisse-dwcp3000\/#primaryimage"},"image":{"@id":"https:\/\/www.rimocc.com\/product\/dw-3000-pedale-grosse-caisse-dwcp3000\/#primaryimage"},"thumbnailUrl":"https:\/\/www.rimocc.com\/wp-content\/uploads\/2025\/09\/DW-3000-Pedale-Grosse-Caisse-DWCP3000-1.jpg","datePublished":"2025-09-20T15:41:30+00:00","dateModified":"2025-10-02T08:18:45+00:00","description":"P\u00e9dale de grosse caisse DW 3000 (DWCP3000). Alliant robustesse, vitesse et fluidit\u00e9 gr\u00e2ce \u00e0 sa double cha\u00eene \"Accelerator\"","breadcrumb":{"@id":"https:\/\/www.rimocc.com\/product\/dw-3000-pedale-grosse-caisse-dwcp3000\/#breadcrumb"},"inLanguage":"en-US","potentialAction":[{"@type":"ReadAction","target":["https:\/\/www.rimocc.com\/product\/dw-3000-pedale-grosse-caisse-dwcp3000\/"]}]},{"@type":"ImageObject","inLanguage":"en-US","@id":"https:\/\/www.rimocc.com\/product\/dw-3000-pedale-grosse-caisse-dwcp3000\/#primaryimage","url":"https:\/\/www.rimocc.com\/wp-content\/uploads\/2025\/09\/DW-3000-Pedale-Grosse-Caisse-DWCP3000-1.jpg","contentUrl":"https:\/\/www.rimocc.com\/wp-content\/uploads\/2025\/09\/DW-3000-Pedale-Grosse-Caisse-DWCP3000-1.jpg","width":1920,"height":1920,"caption":"DW 3000 P\u00e9dale Grosse Caisse DWCP3000"},{"@type":"BreadcrumbList","@id":"https:\/\/www.rimocc.com\/product\/dw-3000-pedale-grosse-caisse-dwcp3000\/#breadcrumb","itemListElement":[{"@type":"ListItem","position":1,"name":"Home","item":"https:\/\/www.rimocc.com\/"},{"@type":"ListItem","position":2,"name":"Shop","item":"https:\/\/www.rimocc.com\/shop\/"},{"@type":"ListItem","position":3,"name":"DW 3000 P\u00e9dale Grosse Caisse DWCP3000"}]},{"@type":"WebSite","@id":"https:\/\/www.rimocc.com\/#website","url":"https:\/\/www.rimocc.com\/","name":"D\u00e9p\u00f4t Vente Batterie Percussion | Rimocc Lyon","description":"Rimocc: l&#039;unique magasin d\u00e9di\u00e9 enti\u00e8rement \u00e0 la batterie, percussion d&#039;occasion et vintage \u00e0 Lyon, France","publisher":{"@id":"https:\/\/www.rimocc.com\/#organization"},"alternateName":"Rimocc'","potentialAction":[{"@type":"SearchAction","target":{"@type":"EntryPoint","urlTemplate":"https:\/\/www.rimocc.com\/?s={search_term_string}"},"query-input":{"@type":"PropertyValueSpecification","valueRequired":true,"valueName":"search_term_string"}}],"inLanguage":"en-US"},{"@type":"Organization","@id":"https:\/\/www.rimocc.com\/#organization","name":"Rimocc'","alternateName":"Rimocc","url":"https:\/\/www.rimocc.com\/","logo":{"@type":"ImageObject","inLanguage":"en-US","@id":"https:\/\/www.rimocc.com\/#\/schema\/logo\/image\/","url":"https:\/\/i0.wp.com\/www.rimocc.com\/wp-content\/uploads\/2023\/07\/RIMOCC_LOGO.jpg?fit=459%2C114&ssl=1","contentUrl":"https:\/\/i0.wp.com\/www.rimocc.com\/wp-content\/uploads\/2023\/07\/RIMOCC_LOGO.jpg?fit=459%2C114&ssl=1","width":459,"height":114,"caption":"Rimocc'"},"image":{"@id":"https:\/\/www.rimocc.com\/#\/schema\/logo\/image\/"},"sameAs":["https:\/\/www.facebook.com\/rimocclyon\/?locale=fr_FR","https:\/\/www.instagram.com\/rimoccc\/?hl=fr","https:\/\/www.tiktok.com\/@rimocc","https:\/\/www.youtube.com\/@Rimocc"]}]}},"jetpack_publicize_connections":[],"jetpack_sharing_enabled":true,"_links":{"self":[{"href":"https:\/\/www.rimocc.com\/en\/wp-json\/wp\/v2\/product\/15992","targetHints":{"allow":["GET"]}}],"collection":[{"href":"https:\/\/www.rimocc.com\/en\/wp-json\/wp\/v2\/product"}],"about":[{"href":"https:\/\/www.rimocc.com\/en\/wp-json\/wp\/v2\/types\/product"}],"replies":[{"embeddable":true,"href":"https:\/\/www.rimocc.com\/en\/wp-json\/wp\/v2\/comments?post=15992"}],"wp:featuredmedia":[{"embeddable":true,"href":"https:\/\/www.rimocc.com\/en\/wp-json\/wp\/v2\/media\/15991"}],"wp:attachment":[{"href":"https:\/\/www.rimocc.com\/en\/wp-json\/wp\/v2\/media?parent=15992"}],"wp:term":[{"taxonomy":"product_brand","embeddable":true,"href":"https:\/\/www.rimocc.com\/en\/wp-json\/wp\/v2\/product_brand?post=15992"},{"taxonomy":"product_cat","embeddable":true,"href":"https:\/\/www.rimocc.com\/en\/wp-json\/wp\/v2\/product_cat?post=15992"},{"taxonomy":"product_tag","embeddable":true,"href":"https:\/\/www.rimocc.com\/en\/wp-json\/wp\/v2\/product_tag?post=15992"}],"curies":[{"name":"wp","href":"https:\/\/api.w.org\/{rel}","templated":true}]}}