{"id":15894,"date":"2025-09-05T16:13:28","date_gmt":"2025-09-05T14:13:28","guid":{"rendered":"https:\/\/www.rimocc.com\/?post_type=product&#038;p=15894"},"modified":"2025-12-10T07:27:54","modified_gmt":"2025-12-10T06:27:54","slug":"mattie-foulds-fx1-crash-17-new","status":"publish","type":"product","link":"https:\/\/www.rimocc.com\/en\/product\/mattie-foulds-fx1-crash-17-new\/","title":{"rendered":"Mattie Foulds FX1 Crash 17&Prime;"},"content":{"rendered":"<p>Mattie Foulds FX1 Crash 17&Prime;<br \/>\nCanadian B20 Minibell 24 holes 1192grs<\/p>\n<p>Loin d\u2019une cymbale classique, la <b>Mattie Foulds FX1 Crash 17&Prime;<\/b> est une cymbale d\u2019effet artisanale qui offre un son unique et percutant. Con\u00e7ue avec une pr\u00e9cision m\u00e9ticuleuse par le cymbalsmith Mattie Foulds, cet instrument est une v\u00e9ritable innovation sonore qui enrichit la palette du batteur moderne. Chaque d\u00e9tail a \u00e9t\u00e9 pens\u00e9 pour cr\u00e9er un son \u00e0 la fois explosif et contr\u00f4l\u00e9, id\u00e9al pour ceux qui cherchent \u00e0 se d\u00e9marquer.<\/p>\n<p><em>\u00ab\u00a0Handmade cymbals are a special thing. Crafted, not mass produced. The quality and individual sound is the thing that makes them stand above the big company offerings. What I want to do is find the sound you&rsquo;ve been looking for. The sound you can&rsquo;t find on that massive cymbal wall in your local drum shop.\u00a0\u00bb\u00a0<\/em>Mattie Foulds<\/p>\n<h4>Caract\u00e9ristiques et Conception Unique d&rsquo;une Cymbale d&rsquo;Effet<\/h4>\n<p>La singularit\u00e9 de cette cymbale r\u00e9side dans sa conception technique, qui est l&rsquo;aboutissement d&rsquo;une recherche acoustique approfondie.<\/p>\n<ul>\n<li><b>Trous d&rsquo;\u00c9vacuation (24 au total) :<\/b> La pr\u00e9sence de 24 trous sur la surface de la cymbale est la cl\u00e9 de son identit\u00e9 sonore. Ils permettent d&rsquo;\u00e9liminer le \u00ab\u00a0sustain\u00a0\u00bb et les harmoniques parasites, cr\u00e9ant un son de crash qui s&rsquo;\u00e9teint instantan\u00e9ment apr\u00e8s la frappe. Cet effet est recherch\u00e9 pour les accents pr\u00e9cis, les phrases percussives et pour un enregistrement studio sans compromis, o\u00f9 le son ne doit pas envahir le mix.<\/li>\n<li><b>Poids et Taille :<\/b> Avec un poids de <b>1192 grammes<\/b> et un diam\u00e8tre de 17 pouces, cette cymbale trouve un \u00e9quilibre parfait entre projection et r\u00e9activit\u00e9. Son poids \u00ab\u00a0Thin\u00a0\u00bb lui permet de s&rsquo;ouvrir \u00e0 la moindre sollicitation, tandis que sa taille offre une pr\u00e9sence sonore sur sc\u00e8ne comme en studio.<\/li>\n<\/ul>\n<h4>La Qualit\u00e9 du Bronze B20 Canadien et l&rsquo;Artisanat<\/h4>\n<p>L&rsquo;excellence de cette cymbale est enracin\u00e9e dans la qualit\u00e9 de ses mat\u00e9riaux et la ma\u00eetrise de son cr\u00e9ateur.<\/p>\n<ul>\n<li><b>Alliage :<\/b> Le bronze B20, compos\u00e9 de 80 % de cuivre et de 20 % d&rsquo;\u00e9tain, est le mat\u00e9riau de pr\u00e9dilection des artisans. Sa haute teneur en \u00e9tain le rend plus musical et complexe, capable de produire une gamme de sons riche et chaleureuse. L&rsquo;utilisation d&rsquo;un <b>alliage canadien<\/b> garantit une qualit\u00e9 et une puret\u00e9 exceptionnelles.<\/li>\n<li><b>Mini-Cloche :<\/b> La petite cloche (Minibell) a \u00e9t\u00e9 con\u00e7ue pour concentrer le son. Elle r\u00e9duit les harmoniques de cloche ind\u00e9sirables et permet au son de la cymbale de rester ax\u00e9 sur l&rsquo;effet de \u00ab\u00a0crash\u00a0\u00bb, sans interf\u00e9rence.<\/li>\n<li><b>Fabrication \u00e0 la main :<\/b> Comme toutes les cr\u00e9ations de Mattie Foulds, cette cymbale est <b>martel\u00e9e et tourn\u00e9e \u00e0 la main<\/b>. Ce processus artisanal permet de contr\u00f4ler chaque aspect du son, de la r\u00e9sonance \u00e0 la texture, assurant que chaque instrument est unique.<\/li>\n<\/ul>\n<h4>Utilisation et Sonorit\u00e9s<\/h4>\n<p>La cymbale FX1 Crash 17&Prime; est une cymbale d&rsquo;effet polyvalente, id\u00e9ale pour les batteurs qui veulent ajouter des couleurs \u00e0 leur jeu.<\/p>\n<ul>\n<li><b>Son \u00ab\u00a0Trashy\u00a0\u00bb et \u00ab\u00a0Fast\u00a0\u00bb :<\/b> Son attaque est explosive et \u00ab\u00a0trashy\u00a0\u00bb, avec un son percutant et une extinction quasi-imm\u00e9diate. Cette caract\u00e9ristique la rend parfaite pour les genres musicaux qui demandent des accents rapides, tels que le rock, le m\u00e9tal, le hip-hop ou la musique \u00e9lectronique.<\/li>\n<li><b>Polyvalence :<\/b> Elle peut \u00eatre utilis\u00e9e seule ou en \u00ab\u00a0stack\u00a0\u00bb avec d&rsquo;autres cymbales pour cr\u00e9er des effets sonores innovants et percussifs.<\/li>\n<\/ul>\n<p>En conclusion, la <b>cymbale d&rsquo;effet Mattie Foulds FX1<\/b> est un outil essentiel pour le batteur moderne. Elle offre une combinaison unique de rapidit\u00e9, de caract\u00e8re et de puissance, vous permettant de repousser les limites de votre cr\u00e9ativit\u00e9 sonore.<\/p>\n<p><a href=\"https:\/\/www.mfcymbals.com\/\">https:\/\/www.mfcymbals.com\/<\/a><br \/>\n<a href=\"https:\/\/www.rimocc.com\/en\/product-category\/cymbales\/\">https:\/\/www.rimocc.com\/product-category\/cymbales\/<\/a><\/p>","protected":false},"excerpt":{"rendered":"<p>Mattie Foulds FX1 Crash 17&Prime; Canadian B20 Minibell 24 holes 1192grs Loin d\u2019une cymbale classique, la Mattie Foulds FX1 Crash 17&Prime; est une cymbale d\u2019effet artisanale qui offre un son unique et percutant. Con\u00e7ue avec une pr\u00e9cision m\u00e9ticuleuse par le cymbalsmith Mattie Foulds, cet instrument est une v\u00e9ritable innovation sonore qui enrichit la palette du [&hellip;]<\/p>\n","protected":false},"featured_media":15893,"comment_status":"open","ping_status":"closed","template":"","meta":{"jetpack_publicize_message":"","jetpack_publicize_feature_enabled":true,"jetpack_social_post_already_shared":false,"jetpack_social_options":{"image_generator_settings":{"template":"highway","default_image_id":0,"font":"","enabled":false},"version":2}},"product_brand":[721],"product_cat":[749],"product_tag":[722],"class_list":{"0":"post-15894","1":"product","2":"type-product","3":"status-publish","4":"has-post-thumbnail","6":"product_brand-mattie-foulds","7":"product_cat-cymbales-dartisans-independants","8":"product_tag-mattie-foulds","10":"entry","11":"has-media","13":"first","14":"outofstock","15":"shipping-taxable","16":"purchasable","17":"product-type-simple","18":"has-product-nav","19":"col","20":"span_1_of_3","21":"owp-content-center","22":"owp-thumbs-layout-horizontal","23":"owp-btn-normal","24":"owp-tabs-layout-horizontal"},"yoast_head":"<!-- This site is optimized with the Yoast SEO plugin v27.4 - https:\/\/yoast.com\/product\/yoast-seo-wordpress\/ -->\n<title>Mattie Foulds FX1 Crash 17&quot; - D\u00e9p\u00f4t Vente Batterie Percussion | Rimocc Lyon<\/title>\n<meta name=\"description\" content=\"Mattie Foulds FX1 Crash 17&quot; : une cymbale d&#039;effet artisanale en bronze B20. Avec ses 24 trous et son poids de 1192grs, elle offre un son &quot;trashy&quot; et un decay tr\u00e8s court, parfait pour des accents percutants.\" \/>\n<meta name=\"robots\" content=\"index, follow, max-snippet:-1, max-image-preview:large, max-video-preview:-1\" \/>\n<link rel=\"canonical\" href=\"https:\/\/www.rimocc.com\/en\/product\/mattie-foulds-fx1-crash-17-new\/\" \/>\n<meta property=\"og:locale\" content=\"en_US\" \/>\n<meta property=\"og:type\" content=\"article\" \/>\n<meta property=\"og:title\" content=\"Mattie Foulds FX1 Crash 17&quot; - D\u00e9p\u00f4t Vente Batterie Percussion | Rimocc Lyon\" \/>\n<meta property=\"og:description\" content=\"Mattie Foulds FX1 Crash 17&quot; : une cymbale d&#039;effet artisanale en bronze B20. Avec ses 24 trous et son poids de 1192grs, elle offre un son &quot;trashy&quot; et un decay tr\u00e8s court, parfait pour des accents percutants.\" \/>\n<meta property=\"og:url\" content=\"https:\/\/www.rimocc.com\/en\/product\/mattie-foulds-fx1-crash-17-new\/\" \/>\n<meta property=\"og:site_name\" content=\"D\u00e9p\u00f4t Vente Batterie Percussion | Rimocc Lyon\" \/>\n<meta property=\"article:publisher\" content=\"https:\/\/www.facebook.com\/rimocclyon\/?locale=fr_FR\" \/>\n<meta property=\"article:modified_time\" content=\"2025-12-10T06:27:54+00:00\" \/>\n<meta property=\"og:image\" content=\"https:\/\/www.rimocc.com\/wp-content\/uploads\/2025\/09\/Mattie-Foulds-FX1-Crash-17_-1.jpg\" \/>\n\t<meta property=\"og:image:width\" content=\"1920\" \/>\n\t<meta property=\"og:image:height\" content=\"1920\" \/>\n\t<meta property=\"og:image:type\" content=\"image\/jpeg\" \/>\n<meta name=\"twitter:card\" content=\"summary_large_image\" \/>\n<meta name=\"twitter:label1\" content=\"Est. reading time\" \/>\n\t<meta name=\"twitter:data1\" content=\"3 minutes\" \/>\n<script type=\"application\/ld+json\" class=\"yoast-schema-graph\">{\"@context\":\"https:\\\/\\\/schema.org\",\"@graph\":[{\"@type\":\"WebPage\",\"@id\":\"https:\\\/\\\/www.rimocc.com\\\/product\\\/mattie-foulds-fx1-crash-17-new\\\/\",\"url\":\"https:\\\/\\\/www.rimocc.com\\\/product\\\/mattie-foulds-fx1-crash-17-new\\\/\",\"name\":\"Mattie Foulds FX1 Crash 17\\\" - D\u00e9p\u00f4t Vente Batterie Percussion | Rimocc Lyon\",\"isPartOf\":{\"@id\":\"https:\\\/\\\/www.rimocc.com\\\/#website\"},\"primaryImageOfPage\":{\"@id\":\"https:\\\/\\\/www.rimocc.com\\\/product\\\/mattie-foulds-fx1-crash-17-new\\\/#primaryimage\"},\"image\":{\"@id\":\"https:\\\/\\\/www.rimocc.com\\\/product\\\/mattie-foulds-fx1-crash-17-new\\\/#primaryimage\"},\"thumbnailUrl\":\"https:\\\/\\\/www.rimocc.com\\\/wp-content\\\/uploads\\\/2025\\\/09\\\/Mattie-Foulds-FX1-Crash-17_-1.jpg\",\"datePublished\":\"2025-09-05T14:13:28+00:00\",\"dateModified\":\"2025-12-10T06:27:54+00:00\",\"description\":\"Mattie Foulds FX1 Crash 17\\\" : une cymbale d'effet artisanale en bronze B20. Avec ses 24 trous et son poids de 1192grs, elle offre un son \\\"trashy\\\" et un decay tr\u00e8s court, parfait pour des accents percutants.\",\"breadcrumb\":{\"@id\":\"https:\\\/\\\/www.rimocc.com\\\/product\\\/mattie-foulds-fx1-crash-17-new\\\/#breadcrumb\"},\"inLanguage\":\"en-US\",\"potentialAction\":[{\"@type\":\"ReadAction\",\"target\":[\"https:\\\/\\\/www.rimocc.com\\\/product\\\/mattie-foulds-fx1-crash-17-new\\\/\"]}]},{\"@type\":\"ImageObject\",\"inLanguage\":\"en-US\",\"@id\":\"https:\\\/\\\/www.rimocc.com\\\/product\\\/mattie-foulds-fx1-crash-17-new\\\/#primaryimage\",\"url\":\"https:\\\/\\\/www.rimocc.com\\\/wp-content\\\/uploads\\\/2025\\\/09\\\/Mattie-Foulds-FX1-Crash-17_-1.jpg\",\"contentUrl\":\"https:\\\/\\\/www.rimocc.com\\\/wp-content\\\/uploads\\\/2025\\\/09\\\/Mattie-Foulds-FX1-Crash-17_-1.jpg\",\"width\":1920,\"height\":1920,\"caption\":\"Mattie Foulds FX1 Crash 17\\\"\"},{\"@type\":\"BreadcrumbList\",\"@id\":\"https:\\\/\\\/www.rimocc.com\\\/product\\\/mattie-foulds-fx1-crash-17-new\\\/#breadcrumb\",\"itemListElement\":[{\"@type\":\"ListItem\",\"position\":1,\"name\":\"Home\",\"item\":\"https:\\\/\\\/www.rimocc.com\\\/\"},{\"@type\":\"ListItem\",\"position\":2,\"name\":\"Shop\",\"item\":\"https:\\\/\\\/www.rimocc.com\\\/shop\\\/\"},{\"@type\":\"ListItem\",\"position\":3,\"name\":\"Mattie Foulds FX1 Crash 17&#8243;\"}]},{\"@type\":\"WebSite\",\"@id\":\"https:\\\/\\\/www.rimocc.com\\\/#website\",\"url\":\"https:\\\/\\\/www.rimocc.com\\\/\",\"name\":\"D\u00e9p\u00f4t Vente Batterie Percussion | Rimocc Lyon\",\"description\":\"Rimocc: l&#039;unique magasin d\u00e9di\u00e9 enti\u00e8rement \u00e0 la batterie, percussion d&#039;occasion et vintage \u00e0 Lyon, France\",\"publisher\":{\"@id\":\"https:\\\/\\\/www.rimocc.com\\\/#organization\"},\"alternateName\":\"Rimocc'\",\"potentialAction\":[{\"@type\":\"SearchAction\",\"target\":{\"@type\":\"EntryPoint\",\"urlTemplate\":\"https:\\\/\\\/www.rimocc.com\\\/?s={search_term_string}\"},\"query-input\":{\"@type\":\"PropertyValueSpecification\",\"valueRequired\":true,\"valueName\":\"search_term_string\"}}],\"inLanguage\":\"en-US\"},{\"@type\":\"Organization\",\"@id\":\"https:\\\/\\\/www.rimocc.com\\\/#organization\",\"name\":\"Rimocc'\",\"alternateName\":\"Rimocc\",\"url\":\"https:\\\/\\\/www.rimocc.com\\\/\",\"logo\":{\"@type\":\"ImageObject\",\"inLanguage\":\"en-US\",\"@id\":\"https:\\\/\\\/www.rimocc.com\\\/#\\\/schema\\\/logo\\\/image\\\/\",\"url\":\"https:\\\/\\\/i0.wp.com\\\/www.rimocc.com\\\/wp-content\\\/uploads\\\/2023\\\/07\\\/RIMOCC_LOGO.jpg?fit=459%2C114&ssl=1\",\"contentUrl\":\"https:\\\/\\\/i0.wp.com\\\/www.rimocc.com\\\/wp-content\\\/uploads\\\/2023\\\/07\\\/RIMOCC_LOGO.jpg?fit=459%2C114&ssl=1\",\"width\":459,\"height\":114,\"caption\":\"Rimocc'\"},\"image\":{\"@id\":\"https:\\\/\\\/www.rimocc.com\\\/#\\\/schema\\\/logo\\\/image\\\/\"},\"sameAs\":[\"https:\\\/\\\/www.facebook.com\\\/rimocclyon\\\/?locale=fr_FR\",\"https:\\\/\\\/www.instagram.com\\\/rimoccc\\\/?hl=fr\",\"https:\\\/\\\/www.tiktok.com\\\/@rimocc\",\"https:\\\/\\\/www.youtube.com\\\/@Rimocc\"]}]}<\/script>\n<!-- \/ Yoast SEO plugin. -->","yoast_head_json":{"title":"Mattie Foulds FX1 Crash 17\" - D\u00e9p\u00f4t Vente Batterie Percussion | Rimocc Lyon","description":"Mattie Foulds FX1 Crash 17\" : une cymbale d'effet artisanale en bronze B20. Avec ses 24 trous et son poids de 1192grs, elle offre un son \"trashy\" et un decay tr\u00e8s court, parfait pour des accents percutants.","robots":{"index":"index","follow":"follow","max-snippet":"max-snippet:-1","max-image-preview":"max-image-preview:large","max-video-preview":"max-video-preview:-1"},"canonical":"https:\/\/www.rimocc.com\/en\/product\/mattie-foulds-fx1-crash-17-new\/","og_locale":"en_US","og_type":"article","og_title":"Mattie Foulds FX1 Crash 17\" - D\u00e9p\u00f4t Vente Batterie Percussion | Rimocc Lyon","og_description":"Mattie Foulds FX1 Crash 17\" : une cymbale d'effet artisanale en bronze B20. Avec ses 24 trous et son poids de 1192grs, elle offre un son \"trashy\" et un decay tr\u00e8s court, parfait pour des accents percutants.","og_url":"https:\/\/www.rimocc.com\/en\/product\/mattie-foulds-fx1-crash-17-new\/","og_site_name":"D\u00e9p\u00f4t Vente Batterie Percussion | Rimocc Lyon","article_publisher":"https:\/\/www.facebook.com\/rimocclyon\/?locale=fr_FR","article_modified_time":"2025-12-10T06:27:54+00:00","og_image":[{"width":1920,"height":1920,"url":"https:\/\/www.rimocc.com\/wp-content\/uploads\/2025\/09\/Mattie-Foulds-FX1-Crash-17_-1.jpg","type":"image\/jpeg"}],"twitter_card":"summary_large_image","twitter_misc":{"Est. reading time":"3 minutes"},"schema":{"@context":"https:\/\/schema.org","@graph":[{"@type":"WebPage","@id":"https:\/\/www.rimocc.com\/product\/mattie-foulds-fx1-crash-17-new\/","url":"https:\/\/www.rimocc.com\/product\/mattie-foulds-fx1-crash-17-new\/","name":"Mattie Foulds FX1 Crash 17\" - D\u00e9p\u00f4t Vente Batterie Percussion | Rimocc Lyon","isPartOf":{"@id":"https:\/\/www.rimocc.com\/#website"},"primaryImageOfPage":{"@id":"https:\/\/www.rimocc.com\/product\/mattie-foulds-fx1-crash-17-new\/#primaryimage"},"image":{"@id":"https:\/\/www.rimocc.com\/product\/mattie-foulds-fx1-crash-17-new\/#primaryimage"},"thumbnailUrl":"https:\/\/www.rimocc.com\/wp-content\/uploads\/2025\/09\/Mattie-Foulds-FX1-Crash-17_-1.jpg","datePublished":"2025-09-05T14:13:28+00:00","dateModified":"2025-12-10T06:27:54+00:00","description":"Mattie Foulds FX1 Crash 17\" : une cymbale d'effet artisanale en bronze B20. Avec ses 24 trous et son poids de 1192grs, elle offre un son \"trashy\" et un decay tr\u00e8s court, parfait pour des accents percutants.","breadcrumb":{"@id":"https:\/\/www.rimocc.com\/product\/mattie-foulds-fx1-crash-17-new\/#breadcrumb"},"inLanguage":"en-US","potentialAction":[{"@type":"ReadAction","target":["https:\/\/www.rimocc.com\/product\/mattie-foulds-fx1-crash-17-new\/"]}]},{"@type":"ImageObject","inLanguage":"en-US","@id":"https:\/\/www.rimocc.com\/product\/mattie-foulds-fx1-crash-17-new\/#primaryimage","url":"https:\/\/www.rimocc.com\/wp-content\/uploads\/2025\/09\/Mattie-Foulds-FX1-Crash-17_-1.jpg","contentUrl":"https:\/\/www.rimocc.com\/wp-content\/uploads\/2025\/09\/Mattie-Foulds-FX1-Crash-17_-1.jpg","width":1920,"height":1920,"caption":"Mattie Foulds FX1 Crash 17\""},{"@type":"BreadcrumbList","@id":"https:\/\/www.rimocc.com\/product\/mattie-foulds-fx1-crash-17-new\/#breadcrumb","itemListElement":[{"@type":"ListItem","position":1,"name":"Home","item":"https:\/\/www.rimocc.com\/"},{"@type":"ListItem","position":2,"name":"Shop","item":"https:\/\/www.rimocc.com\/shop\/"},{"@type":"ListItem","position":3,"name":"Mattie Foulds FX1 Crash 17&#8243;"}]},{"@type":"WebSite","@id":"https:\/\/www.rimocc.com\/#website","url":"https:\/\/www.rimocc.com\/","name":"D\u00e9p\u00f4t Vente Batterie Percussion | Rimocc Lyon","description":"Rimocc: l&#039;unique magasin d\u00e9di\u00e9 enti\u00e8rement \u00e0 la batterie, percussion d&#039;occasion et vintage \u00e0 Lyon, France","publisher":{"@id":"https:\/\/www.rimocc.com\/#organization"},"alternateName":"Rimocc'","potentialAction":[{"@type":"SearchAction","target":{"@type":"EntryPoint","urlTemplate":"https:\/\/www.rimocc.com\/?s={search_term_string}"},"query-input":{"@type":"PropertyValueSpecification","valueRequired":true,"valueName":"search_term_string"}}],"inLanguage":"en-US"},{"@type":"Organization","@id":"https:\/\/www.rimocc.com\/#organization","name":"Rimocc'","alternateName":"Rimocc","url":"https:\/\/www.rimocc.com\/","logo":{"@type":"ImageObject","inLanguage":"en-US","@id":"https:\/\/www.rimocc.com\/#\/schema\/logo\/image\/","url":"https:\/\/i0.wp.com\/www.rimocc.com\/wp-content\/uploads\/2023\/07\/RIMOCC_LOGO.jpg?fit=459%2C114&ssl=1","contentUrl":"https:\/\/i0.wp.com\/www.rimocc.com\/wp-content\/uploads\/2023\/07\/RIMOCC_LOGO.jpg?fit=459%2C114&ssl=1","width":459,"height":114,"caption":"Rimocc'"},"image":{"@id":"https:\/\/www.rimocc.com\/#\/schema\/logo\/image\/"},"sameAs":["https:\/\/www.facebook.com\/rimocclyon\/?locale=fr_FR","https:\/\/www.instagram.com\/rimoccc\/?hl=fr","https:\/\/www.tiktok.com\/@rimocc","https:\/\/www.youtube.com\/@Rimocc"]}]}},"jetpack_publicize_connections":[],"jetpack_sharing_enabled":true,"_links":{"self":[{"href":"https:\/\/www.rimocc.com\/en\/wp-json\/wp\/v2\/product\/15894","targetHints":{"allow":["GET"]}}],"collection":[{"href":"https:\/\/www.rimocc.com\/en\/wp-json\/wp\/v2\/product"}],"about":[{"href":"https:\/\/www.rimocc.com\/en\/wp-json\/wp\/v2\/types\/product"}],"replies":[{"embeddable":true,"href":"https:\/\/www.rimocc.com\/en\/wp-json\/wp\/v2\/comments?post=15894"}],"wp:featuredmedia":[{"embeddable":true,"href":"https:\/\/www.rimocc.com\/en\/wp-json\/wp\/v2\/media\/15893"}],"wp:attachment":[{"href":"https:\/\/www.rimocc.com\/en\/wp-json\/wp\/v2\/media?parent=15894"}],"wp:term":[{"taxonomy":"product_brand","embeddable":true,"href":"https:\/\/www.rimocc.com\/en\/wp-json\/wp\/v2\/product_brand?post=15894"},{"taxonomy":"product_cat","embeddable":true,"href":"https:\/\/www.rimocc.com\/en\/wp-json\/wp\/v2\/product_cat?post=15894"},{"taxonomy":"product_tag","embeddable":true,"href":"https:\/\/www.rimocc.com\/en\/wp-json\/wp\/v2\/product_tag?post=15894"}],"curies":[{"name":"wp","href":"https:\/\/api.w.org\/{rel}","templated":true}]}}