{"id":15836,"date":"2025-08-30T17:59:16","date_gmt":"2025-08-30T15:59:16","guid":{"rendered":"https:\/\/www.rimocc.com\/?post_type=product&#038;p=15836"},"modified":"2025-09-04T17:10:26","modified_gmt":"2025-09-04T15:10:26","slug":"sonor-phonic-rosewood-tom-15x12","status":"publish","type":"product","link":"https:\/\/www.rimocc.com\/en\/product\/sonor-phonic-rosewood-tom-15x12\/","title":{"rendered":"Sonor Phonic Rosewood Tom 15&#215;12"},"content":{"rendered":"<p>Sonor Phonic Rosewood Tom 15&#215;12<br \/>\nVintage 80&rsquo;s<br \/>\nRosewood veneer in &amp; out<br \/>\nTr\u00e8s bon \u00e9tat g\u00e9n\u00e9ral (2 l\u00e9g\u00e8res \u00e9raflures, frottements sur le f\u00fbt)<br \/>\nA l&rsquo;origine, il s&rsquo;agissait d&rsquo;un tom de concert modifi\u00e9 par un luthier professionnel avec rajout coquilles et cercles Sonor d&rsquo;origines pour cot\u00e9 r\u00e9so. Chanfreins sur le cot\u00e9 r\u00e9so cr\u00e9\u00e9s \u00e0 l&rsquo;identique.<\/p>\n<div id=\"model-response-message-contentr_528849803477ea2b\" class=\"markdown markdown-main-panel enable-updated-hr-color\" dir=\"ltr\">\n<p><b>Sonor Phonic Rosewood<\/b> est une s\u00e9rie embl\u00e9matique et tr\u00e8s recherch\u00e9e, qui incarne l&rsquo;\u00e2ge d&rsquo;or de la fabrication de batteries allemandes par Sonor. Elle est c\u00e9l\u00e8bre pour sa construction massive et son son puissant.<\/p>\n<h3>Histoire<\/h3>\n<ul>\n<li><b>P\u00e9riode de production :<\/b> La s\u00e9rie Sonor Phonic a \u00e9t\u00e9 produite principalement de la fin des ann\u00e9es 1970 au d\u00e9but des ann\u00e9es 1990. La finition <b>Rosewood<\/b> (palissandre) a \u00e9t\u00e9 une des finitions les plus luxueuses et distinctives de la gamme Phonic, disponible \u00e0 partir de la fin des ann\u00e9es 70 et jusqu&rsquo;au milieu des ann\u00e9es 80 environ.<\/li>\n<li><b>Contexte :<\/b> \u00c0 cette \u00e9poque, Sonor se distinguait par sa philosophie de fabrication sans compromis : des f\u00fbts \u00e9pais, des finitions de haute qualit\u00e9 et un accastillage ultra-robuste. La Phonic \u00e9tait un concurrent direct des batteries haut de gamme de l&rsquo;\u00e9poque comme les Gretsch USA Custom ou les Ludwig Classic.<\/li>\n<li><b>Statut mythique :<\/b> Le mod\u00e8le \u00ab\u00a0Rosewood\u00a0\u00bb est devenu particuli\u00e8rement mythique, non seulement pour son esth\u00e9tique somptueuse (placage en palissandre \u00e0 l&rsquo;int\u00e9rieur comme \u00e0 l&rsquo;ext\u00e9rieur), mais aussi pour son son caract\u00e9ristique.<\/li>\n<\/ul>\n<h3>Sp\u00e9cifications Techniques<\/h3>\n<ul>\n<li><b>F\u00fbts (Shells) :<\/b>\n<ul>\n<li><b>Mat\u00e9riau :<\/b> La base des f\u00fbts est en <b>h\u00eatre (beech)<\/b>. Sonor a toujours favoris\u00e9 le h\u00eatre pour sa densit\u00e9 et sa capacit\u00e9 \u00e0 produire un son puissant et plein, avec une excellente projection.<\/li>\n<li><b>Construction :<\/b> Les f\u00fbts Phonic sont r\u00e9put\u00e9s pour leur \u00e9paisseur. Ils sont compos\u00e9s de <b>9 plis de h\u00eatre<\/b>, ce qui les rend extr\u00eamement rigides, lourds et durables. Cette construction, combin\u00e9e au processus de \u00ab\u00a0Cross Laminated Tension Free\u00a0\u00bb (CLTF) de Sonor, garantit une stabilit\u00e9 et une r\u00e9sonance exceptionnelles.<\/li>\n<li><b>Finition Rosewood :<\/b> Ce qui distingue la version \u00ab\u00a0Rosewood\u00a0\u00bb, c&rsquo;est le placage ext\u00e9rieur (et parfois int\u00e9rieur) en <b>palissandre v\u00e9ritable (rosewood veneer)<\/b>. Ce bois noble, en plus d&rsquo;une esth\u00e9tique unique et chaleureuse, contribue \u00e0 la richesse sonore et \u00e0 la projection.<\/li>\n<\/ul>\n<\/li>\n<li><b>Accastillage (Hardware) :<\/b>\n<ul>\n<li><b>Coquilles (Lugs) :<\/b> Les batteries Phonic sont instantan\u00e9ment reconnaissables \u00e0 leurs <b>massives coquilles \u00e0 double t\u00eate<\/b> (double lugs). Ces coquilles sont lourdes et surdimensionn\u00e9es, garantissant une grande stabilit\u00e9 de l&rsquo;accordage.<\/li>\n<li><b>Tirants :<\/b> Les tirants sont <b>lourds et chrom\u00e9s<\/b>, con\u00e7us pour r\u00e9sister \u00e0 des tensions \u00e9lev\u00e9es.<\/li>\n<li><b>Cercles (Hoops) :<\/b> Les kits Phonic \u00e9taient souvent \u00e9quip\u00e9s de <b>cercles moul\u00e9s (die-cast hoops)<\/b> sur les toms et les caisses claires, ce qui augmentait la projection, la d\u00e9finition et la durabilit\u00e9. Ces cercles, plus lourds que les cercles emboutis (triple-flanged), contribuent \u00e0 la puissance et \u00e0 la clart\u00e9 du son.<\/li>\n<\/ul>\n<\/li>\n<li><b>Sonorit\u00e9 :<\/b>\n<ul>\n<li><b>Puissance et Projection :<\/b> Le son de la Sonor Phonic est souvent d\u00e9crit comme <b>puissant, massif et percutant<\/b>. L&rsquo;\u00e9paisseur des f\u00fbts en h\u00eatre et la lourdeur de l&rsquo;accastillage produisent un son avec une \u00e9norme attaque et un \u00ab\u00a0punch\u00a0\u00bb impressionnant, id\u00e9al pour le rock et le hard rock des ann\u00e9es 80.<\/li>\n<li><b>D\u00e9finition et Focus :<\/b> Le h\u00eatre donne au son une grande clart\u00e9 et un focus pr\u00e9cis, avec des harmoniques contr\u00f4l\u00e9es. Le son n&rsquo;est pas \u00ab\u00a0ouvert\u00a0\u00bb ou \u00ab\u00a0chantant\u00a0\u00bb comme celui de l&rsquo;\u00e9rable, mais plut\u00f4t \u00ab\u00a0droit\u00a0\u00bb, direct et percutant.<\/li>\n<li><b>Profondeur :<\/b> Le placage de palissandre ajoute une certaine profondeur et une chaleur au timbre g\u00e9n\u00e9ral, sans sacrifier l&rsquo;attaque et la projection.<\/li>\n<\/ul>\n<\/li>\n<\/ul>\n<p><a href=\"https:\/\/www.sonor.com\/\">https:\/\/www.sonor.com\/<\/a><br \/>\n<a href=\"https:\/\/www.rimocc.com\/en\/product-category\/toms\/\">https:\/\/www.rimocc.com\/product-category\/toms\/<\/a><\/p>\n<p class=\"responsive-video-wrap clr\"><iframe title=\"Sonor Rosewood 15x12\" width=\"563\" height=\"1000\" src=\"https:\/\/www.youtube.com\/embed\/2aGNakLMC88?feature=oembed\" frameborder=\"0\" allow=\"accelerometer; autoplay; clipboard-write; encrypted-media; gyroscope; picture-in-picture; web-share\" referrerpolicy=\"strict-origin-when-cross-origin\" allowfullscreen><\/iframe><\/p>\n<\/div>","protected":false},"excerpt":{"rendered":"<p>Sonor Phonic Rosewood Tom 15&#215;12 Vintage 80&rsquo;s Rosewood veneer in &amp; out Tr\u00e8s bon \u00e9tat g\u00e9n\u00e9ral (2 l\u00e9g\u00e8res \u00e9raflures, frottements sur le f\u00fbt) A l&rsquo;origine, il s&rsquo;agissait d&rsquo;un tom de concert modifi\u00e9 par un luthier professionnel avec rajout coquilles et cercles Sonor d&rsquo;origines pour cot\u00e9 r\u00e9so. Chanfreins sur le cot\u00e9 r\u00e9so cr\u00e9\u00e9s \u00e0 l&rsquo;identique. Sonor [&hellip;]<\/p>\n","protected":false},"featured_media":15835,"comment_status":"open","ping_status":"closed","template":"","meta":{"jetpack_publicize_message":"","jetpack_publicize_feature_enabled":true,"jetpack_social_post_already_shared":false,"jetpack_social_options":{"image_generator_settings":{"template":"highway","default_image_id":0,"font":"","enabled":false},"version":2}},"product_brand":[691],"product_cat":[18],"product_tag":[67],"class_list":{"0":"post-15836","1":"product","2":"type-product","3":"status-publish","4":"has-post-thumbnail","6":"product_brand-sonor","7":"product_cat-toms","8":"product_tag-sonor","10":"entry","11":"has-media","13":"first","14":"outofstock","15":"shipping-taxable","16":"purchasable","17":"product-type-simple","18":"has-product-nav","19":"col","20":"span_1_of_3","21":"owp-content-center","22":"owp-thumbs-layout-horizontal","23":"owp-btn-normal","24":"owp-tabs-layout-horizontal"},"yoast_head":"<!-- This site is optimized with the Yoast SEO plugin v27.5 - https:\/\/yoast.com\/product\/yoast-seo-wordpress\/ -->\n<title>Sonor Phonic Rosewood Tom 15x12 - D\u00e9p\u00f4t Vente Batterie Percussion | Rimocc Lyon<\/title>\n<meta name=\"description\" content=\"Pi\u00e8ce de collection de la l\u00e9gendaire s\u00e9rie allemande. F\u00fbt en h\u00eatre massif avec placage palissandre, son puissant et profond. Pi\u00e8ce rare\" \/>\n<meta name=\"robots\" content=\"index, follow, max-snippet:-1, max-image-preview:large, max-video-preview:-1\" \/>\n<link rel=\"canonical\" href=\"https:\/\/www.rimocc.com\/en\/product\/sonor-phonic-rosewood-tom-15x12\/\" \/>\n<meta property=\"og:locale\" content=\"en_US\" \/>\n<meta property=\"og:type\" content=\"article\" \/>\n<meta property=\"og:title\" content=\"Sonor Phonic Rosewood Tom 15x12 - D\u00e9p\u00f4t Vente Batterie Percussion | Rimocc Lyon\" \/>\n<meta property=\"og:description\" content=\"Pi\u00e8ce de collection de la l\u00e9gendaire s\u00e9rie allemande. F\u00fbt en h\u00eatre massif avec placage palissandre, son puissant et profond. Pi\u00e8ce rare\" \/>\n<meta property=\"og:url\" content=\"https:\/\/www.rimocc.com\/en\/product\/sonor-phonic-rosewood-tom-15x12\/\" \/>\n<meta property=\"og:site_name\" content=\"D\u00e9p\u00f4t Vente Batterie Percussion | Rimocc Lyon\" \/>\n<meta property=\"article:publisher\" content=\"https:\/\/www.facebook.com\/rimocclyon\/?locale=fr_FR\" \/>\n<meta property=\"article:modified_time\" content=\"2025-09-04T15:10:26+00:00\" \/>\n<meta property=\"og:image\" content=\"https:\/\/www.rimocc.com\/wp-content\/uploads\/2025\/08\/Sonor-Phonic-Rosewood-Tom-15x12-1.jpg\" \/>\n\t<meta property=\"og:image:width\" content=\"1920\" \/>\n\t<meta property=\"og:image:height\" content=\"1920\" \/>\n\t<meta property=\"og:image:type\" content=\"image\/jpeg\" \/>\n<meta name=\"twitter:card\" content=\"summary_large_image\" \/>\n<meta name=\"twitter:label1\" content=\"Est. reading time\" \/>\n\t<meta name=\"twitter:data1\" content=\"3 minutes\" \/>\n<script type=\"application\/ld+json\" class=\"yoast-schema-graph\">{\"@context\":\"https:\\\/\\\/schema.org\",\"@graph\":[{\"@type\":\"WebPage\",\"@id\":\"https:\\\/\\\/www.rimocc.com\\\/product\\\/sonor-phonic-rosewood-tom-15x12\\\/\",\"url\":\"https:\\\/\\\/www.rimocc.com\\\/product\\\/sonor-phonic-rosewood-tom-15x12\\\/\",\"name\":\"Sonor Phonic Rosewood Tom 15x12 - D\u00e9p\u00f4t Vente Batterie Percussion | Rimocc Lyon\",\"isPartOf\":{\"@id\":\"https:\\\/\\\/www.rimocc.com\\\/#website\"},\"primaryImageOfPage\":{\"@id\":\"https:\\\/\\\/www.rimocc.com\\\/product\\\/sonor-phonic-rosewood-tom-15x12\\\/#primaryimage\"},\"image\":{\"@id\":\"https:\\\/\\\/www.rimocc.com\\\/product\\\/sonor-phonic-rosewood-tom-15x12\\\/#primaryimage\"},\"thumbnailUrl\":\"https:\\\/\\\/www.rimocc.com\\\/wp-content\\\/uploads\\\/2025\\\/08\\\/Sonor-Phonic-Rosewood-Tom-15x12-1.jpg\",\"datePublished\":\"2025-08-30T15:59:16+00:00\",\"dateModified\":\"2025-09-04T15:10:26+00:00\",\"description\":\"Pi\u00e8ce de collection de la l\u00e9gendaire s\u00e9rie allemande. F\u00fbt en h\u00eatre massif avec placage palissandre, son puissant et profond. Pi\u00e8ce rare\",\"breadcrumb\":{\"@id\":\"https:\\\/\\\/www.rimocc.com\\\/product\\\/sonor-phonic-rosewood-tom-15x12\\\/#breadcrumb\"},\"inLanguage\":\"en-US\",\"potentialAction\":[{\"@type\":\"ReadAction\",\"target\":[\"https:\\\/\\\/www.rimocc.com\\\/product\\\/sonor-phonic-rosewood-tom-15x12\\\/\"]}]},{\"@type\":\"ImageObject\",\"inLanguage\":\"en-US\",\"@id\":\"https:\\\/\\\/www.rimocc.com\\\/product\\\/sonor-phonic-rosewood-tom-15x12\\\/#primaryimage\",\"url\":\"https:\\\/\\\/www.rimocc.com\\\/wp-content\\\/uploads\\\/2025\\\/08\\\/Sonor-Phonic-Rosewood-Tom-15x12-1.jpg\",\"contentUrl\":\"https:\\\/\\\/www.rimocc.com\\\/wp-content\\\/uploads\\\/2025\\\/08\\\/Sonor-Phonic-Rosewood-Tom-15x12-1.jpg\",\"width\":1920,\"height\":1920},{\"@type\":\"BreadcrumbList\",\"@id\":\"https:\\\/\\\/www.rimocc.com\\\/product\\\/sonor-phonic-rosewood-tom-15x12\\\/#breadcrumb\",\"itemListElement\":[{\"@type\":\"ListItem\",\"position\":1,\"name\":\"Home\",\"item\":\"https:\\\/\\\/www.rimocc.com\\\/\"},{\"@type\":\"ListItem\",\"position\":2,\"name\":\"Shop\",\"item\":\"https:\\\/\\\/www.rimocc.com\\\/shop\\\/\"},{\"@type\":\"ListItem\",\"position\":3,\"name\":\"Sonor Phonic Rosewood Tom 15&#215;12\"}]},{\"@type\":\"WebSite\",\"@id\":\"https:\\\/\\\/www.rimocc.com\\\/#website\",\"url\":\"https:\\\/\\\/www.rimocc.com\\\/\",\"name\":\"D\u00e9p\u00f4t Vente Batterie Percussion | Rimocc Lyon\",\"description\":\"Rimocc: l&#039;unique magasin d\u00e9di\u00e9 enti\u00e8rement \u00e0 la batterie, percussion d&#039;occasion et vintage \u00e0 Lyon, France\",\"publisher\":{\"@id\":\"https:\\\/\\\/www.rimocc.com\\\/#organization\"},\"alternateName\":\"Rimocc'\",\"potentialAction\":[{\"@type\":\"SearchAction\",\"target\":{\"@type\":\"EntryPoint\",\"urlTemplate\":\"https:\\\/\\\/www.rimocc.com\\\/?s={search_term_string}\"},\"query-input\":{\"@type\":\"PropertyValueSpecification\",\"valueRequired\":true,\"valueName\":\"search_term_string\"}}],\"inLanguage\":\"en-US\"},{\"@type\":\"Organization\",\"@id\":\"https:\\\/\\\/www.rimocc.com\\\/#organization\",\"name\":\"Rimocc'\",\"alternateName\":\"Rimocc\",\"url\":\"https:\\\/\\\/www.rimocc.com\\\/\",\"logo\":{\"@type\":\"ImageObject\",\"inLanguage\":\"en-US\",\"@id\":\"https:\\\/\\\/www.rimocc.com\\\/#\\\/schema\\\/logo\\\/image\\\/\",\"url\":\"https:\\\/\\\/i0.wp.com\\\/www.rimocc.com\\\/wp-content\\\/uploads\\\/2023\\\/07\\\/RIMOCC_LOGO.jpg?fit=459%2C114&ssl=1\",\"contentUrl\":\"https:\\\/\\\/i0.wp.com\\\/www.rimocc.com\\\/wp-content\\\/uploads\\\/2023\\\/07\\\/RIMOCC_LOGO.jpg?fit=459%2C114&ssl=1\",\"width\":459,\"height\":114,\"caption\":\"Rimocc'\"},\"image\":{\"@id\":\"https:\\\/\\\/www.rimocc.com\\\/#\\\/schema\\\/logo\\\/image\\\/\"},\"sameAs\":[\"https:\\\/\\\/www.facebook.com\\\/rimocclyon\\\/?locale=fr_FR\",\"https:\\\/\\\/www.instagram.com\\\/rimoccc\\\/?hl=fr\",\"https:\\\/\\\/www.tiktok.com\\\/@rimocc\",\"https:\\\/\\\/www.youtube.com\\\/@Rimocc\"]}]}<\/script>\n<!-- \/ Yoast SEO plugin. -->","yoast_head_json":{"title":"Sonor Phonic Rosewood Tom 15x12 - D\u00e9p\u00f4t Vente Batterie Percussion | Rimocc Lyon","description":"Pi\u00e8ce de collection de la l\u00e9gendaire s\u00e9rie allemande. F\u00fbt en h\u00eatre massif avec placage palissandre, son puissant et profond. Pi\u00e8ce rare","robots":{"index":"index","follow":"follow","max-snippet":"max-snippet:-1","max-image-preview":"max-image-preview:large","max-video-preview":"max-video-preview:-1"},"canonical":"https:\/\/www.rimocc.com\/en\/product\/sonor-phonic-rosewood-tom-15x12\/","og_locale":"en_US","og_type":"article","og_title":"Sonor Phonic Rosewood Tom 15x12 - D\u00e9p\u00f4t Vente Batterie Percussion | Rimocc Lyon","og_description":"Pi\u00e8ce de collection de la l\u00e9gendaire s\u00e9rie allemande. F\u00fbt en h\u00eatre massif avec placage palissandre, son puissant et profond. Pi\u00e8ce rare","og_url":"https:\/\/www.rimocc.com\/en\/product\/sonor-phonic-rosewood-tom-15x12\/","og_site_name":"D\u00e9p\u00f4t Vente Batterie Percussion | Rimocc Lyon","article_publisher":"https:\/\/www.facebook.com\/rimocclyon\/?locale=fr_FR","article_modified_time":"2025-09-04T15:10:26+00:00","og_image":[{"width":1920,"height":1920,"url":"https:\/\/www.rimocc.com\/wp-content\/uploads\/2025\/08\/Sonor-Phonic-Rosewood-Tom-15x12-1.jpg","type":"image\/jpeg"}],"twitter_card":"summary_large_image","twitter_misc":{"Est. reading time":"3 minutes"},"schema":{"@context":"https:\/\/schema.org","@graph":[{"@type":"WebPage","@id":"https:\/\/www.rimocc.com\/product\/sonor-phonic-rosewood-tom-15x12\/","url":"https:\/\/www.rimocc.com\/product\/sonor-phonic-rosewood-tom-15x12\/","name":"Sonor Phonic Rosewood Tom 15x12 - D\u00e9p\u00f4t Vente Batterie Percussion | Rimocc Lyon","isPartOf":{"@id":"https:\/\/www.rimocc.com\/#website"},"primaryImageOfPage":{"@id":"https:\/\/www.rimocc.com\/product\/sonor-phonic-rosewood-tom-15x12\/#primaryimage"},"image":{"@id":"https:\/\/www.rimocc.com\/product\/sonor-phonic-rosewood-tom-15x12\/#primaryimage"},"thumbnailUrl":"https:\/\/www.rimocc.com\/wp-content\/uploads\/2025\/08\/Sonor-Phonic-Rosewood-Tom-15x12-1.jpg","datePublished":"2025-08-30T15:59:16+00:00","dateModified":"2025-09-04T15:10:26+00:00","description":"Pi\u00e8ce de collection de la l\u00e9gendaire s\u00e9rie allemande. F\u00fbt en h\u00eatre massif avec placage palissandre, son puissant et profond. Pi\u00e8ce rare","breadcrumb":{"@id":"https:\/\/www.rimocc.com\/product\/sonor-phonic-rosewood-tom-15x12\/#breadcrumb"},"inLanguage":"en-US","potentialAction":[{"@type":"ReadAction","target":["https:\/\/www.rimocc.com\/product\/sonor-phonic-rosewood-tom-15x12\/"]}]},{"@type":"ImageObject","inLanguage":"en-US","@id":"https:\/\/www.rimocc.com\/product\/sonor-phonic-rosewood-tom-15x12\/#primaryimage","url":"https:\/\/www.rimocc.com\/wp-content\/uploads\/2025\/08\/Sonor-Phonic-Rosewood-Tom-15x12-1.jpg","contentUrl":"https:\/\/www.rimocc.com\/wp-content\/uploads\/2025\/08\/Sonor-Phonic-Rosewood-Tom-15x12-1.jpg","width":1920,"height":1920},{"@type":"BreadcrumbList","@id":"https:\/\/www.rimocc.com\/product\/sonor-phonic-rosewood-tom-15x12\/#breadcrumb","itemListElement":[{"@type":"ListItem","position":1,"name":"Home","item":"https:\/\/www.rimocc.com\/"},{"@type":"ListItem","position":2,"name":"Shop","item":"https:\/\/www.rimocc.com\/shop\/"},{"@type":"ListItem","position":3,"name":"Sonor Phonic Rosewood Tom 15&#215;12"}]},{"@type":"WebSite","@id":"https:\/\/www.rimocc.com\/#website","url":"https:\/\/www.rimocc.com\/","name":"D\u00e9p\u00f4t Vente Batterie Percussion | Rimocc Lyon","description":"Rimocc: l&#039;unique magasin d\u00e9di\u00e9 enti\u00e8rement \u00e0 la batterie, percussion d&#039;occasion et vintage \u00e0 Lyon, France","publisher":{"@id":"https:\/\/www.rimocc.com\/#organization"},"alternateName":"Rimocc'","potentialAction":[{"@type":"SearchAction","target":{"@type":"EntryPoint","urlTemplate":"https:\/\/www.rimocc.com\/?s={search_term_string}"},"query-input":{"@type":"PropertyValueSpecification","valueRequired":true,"valueName":"search_term_string"}}],"inLanguage":"en-US"},{"@type":"Organization","@id":"https:\/\/www.rimocc.com\/#organization","name":"Rimocc'","alternateName":"Rimocc","url":"https:\/\/www.rimocc.com\/","logo":{"@type":"ImageObject","inLanguage":"en-US","@id":"https:\/\/www.rimocc.com\/#\/schema\/logo\/image\/","url":"https:\/\/i0.wp.com\/www.rimocc.com\/wp-content\/uploads\/2023\/07\/RIMOCC_LOGO.jpg?fit=459%2C114&ssl=1","contentUrl":"https:\/\/i0.wp.com\/www.rimocc.com\/wp-content\/uploads\/2023\/07\/RIMOCC_LOGO.jpg?fit=459%2C114&ssl=1","width":459,"height":114,"caption":"Rimocc'"},"image":{"@id":"https:\/\/www.rimocc.com\/#\/schema\/logo\/image\/"},"sameAs":["https:\/\/www.facebook.com\/rimocclyon\/?locale=fr_FR","https:\/\/www.instagram.com\/rimoccc\/?hl=fr","https:\/\/www.tiktok.com\/@rimocc","https:\/\/www.youtube.com\/@Rimocc"]}]}},"jetpack_publicize_connections":[],"jetpack_sharing_enabled":true,"_links":{"self":[{"href":"https:\/\/www.rimocc.com\/en\/wp-json\/wp\/v2\/product\/15836","targetHints":{"allow":["GET"]}}],"collection":[{"href":"https:\/\/www.rimocc.com\/en\/wp-json\/wp\/v2\/product"}],"about":[{"href":"https:\/\/www.rimocc.com\/en\/wp-json\/wp\/v2\/types\/product"}],"replies":[{"embeddable":true,"href":"https:\/\/www.rimocc.com\/en\/wp-json\/wp\/v2\/comments?post=15836"}],"wp:featuredmedia":[{"embeddable":true,"href":"https:\/\/www.rimocc.com\/en\/wp-json\/wp\/v2\/media\/15835"}],"wp:attachment":[{"href":"https:\/\/www.rimocc.com\/en\/wp-json\/wp\/v2\/media?parent=15836"}],"wp:term":[{"taxonomy":"product_brand","embeddable":true,"href":"https:\/\/www.rimocc.com\/en\/wp-json\/wp\/v2\/product_brand?post=15836"},{"taxonomy":"product_cat","embeddable":true,"href":"https:\/\/www.rimocc.com\/en\/wp-json\/wp\/v2\/product_cat?post=15836"},{"taxonomy":"product_tag","embeddable":true,"href":"https:\/\/www.rimocc.com\/en\/wp-json\/wp\/v2\/product_tag?post=15836"}],"curies":[{"name":"wp","href":"https:\/\/api.w.org\/{rel}","templated":true}]}}