{"id":15818,"date":"2025-08-29T17:31:58","date_gmt":"2025-08-29T15:31:58","guid":{"rendered":"https:\/\/www.rimocc.com\/?post_type=product&#038;p=15818"},"modified":"2025-09-04T17:02:02","modified_gmt":"2025-09-04T15:02:02","slug":"mapex-10x8-12x9-14x14-18x16","status":"publish","type":"product","link":"https:\/\/www.rimocc.com\/en\/product\/mapex-10x8-12x9-14x14-18x16\/","title":{"rendered":"Mapex 10&Prime;x8&Prime; 12&Prime;x9&Prime; 14&Prime;x14&Prime; 18&Prime;x16&Prime;"},"content":{"rendered":"<p>Mapex 10&Prime;x8&Prime; 12&Prime;x9&Prime; 14&Prime;x14&Prime; 18&Prime;x16&Prime; Bop Kit<br \/>\nCrystal Sparkle<br \/>\nBasswood<br \/>\nTr\u00e8s bon \u00e9tat g\u00e9n\u00e9ral<\/p>\n<p><strong>\u00ab\u00a0Enl\u00e8vement sur place privil\u00e9gi\u00e9 mais envoi possible dans toute la France sur devis s\u00e9par\u00e9 &#8211; merci de s\u00e9lectionner l&rsquo;option \u00ab\u00a0retrait en magasin\u00a0\u00bb et nous vous ferons parvenir un devis s\u00e9par\u00e9 pour la livraison, \u00e0 r\u00e9gler s\u00e9par\u00e9ment<\/strong><br \/>\n<strong>International order, pick-up ONLY\u00a0\u00bb<\/strong><\/p>\n<p>Mapex est une marque ta\u00efwanaise d&rsquo;instruments de musique qui a \u00e9t\u00e9 \u00e9tablie en 1989 par le groupe KHS Musical Instruments. Contrairement \u00e0 de nombreuses marques familiales, Mapex a \u00e9t\u00e9 cr\u00e9\u00e9e par une grande entreprise d\u00e9j\u00e0 \u00e9tablie, avec pour objectif de proposer des batteries de qualit\u00e9 professionnelle \u00e0 un prix comp\u00e9titif, rendant ainsi des instruments de haute qualit\u00e9 accessibles aux musiciens de tous niveaux. Le nom Mapex est un acronyme de \u00ab\u00a0Music And Percussion EXcellence\u00a0\u00bb (Excellence en Musique et Percussion).<\/p>\n<p>L&rsquo;innovation et le d\u00e9veloppement<\/p>\n<p>D\u00e8s ses d\u00e9buts, Mapex a cherch\u00e9 \u00e0 se d\u00e9marquer par l&rsquo;innovation. La marque est l&rsquo;une des rares dans l&rsquo;industrie \u00e0 disposer de sa propre usine de fabrication d\u00e9di\u00e9e, ce qui lui permet de contr\u00f4ler l&rsquo;int\u00e9gralit\u00e9 du processus de production, de la s\u00e9lection des bois \u00e0 la finition.<\/p>\n<p>Ann\u00e9es 1990 : Mapex se fait rapidement conna\u00eetre pour ses batteries en \u00e9rable, offrant un son chaud et r\u00e9sonnant. La marque introduit des innovations telles que le syst\u00e8me de suspension de toms \u00ab\u00a0Mounting System\u00a0\u00bb et le syst\u00e8me de r\u00e9glage rapide \u00ab\u00a0SONIClear\u00a0\u00bb qui permettent aux f\u00fbts de r\u00e9sonner plus librement.<\/p>\n<p>Les s\u00e9ries phares : Au fil des ans, Mapex a lanc\u00e9 des gammes embl\u00e9matiques qui ont solidifi\u00e9 sa r\u00e9putation :<\/p>\n<p>Orion Custom Maple : Une s\u00e9rie haut de gamme qui a symbolis\u00e9 l&rsquo;entr\u00e9e de Mapex sur le march\u00e9 des batteries professionnelles.<\/p>\n<p>Mars Pro : La premi\u00e8re s\u00e9rie de batterie de milieu de gamme avec une finition laqu\u00e9e, une innovation pour l&rsquo;\u00e9poque.<\/p>\n<p>Black Panther : Initialement une ligne de caisses claires haut de gamme, elle est devenue une s\u00e9rie de kits complets tr\u00e8s acclam\u00e9e, reconnue pour ses f\u00fbts exceptionnels et son accastillage robuste.<\/p>\n<p>Saturn : Une s\u00e9rie phare qui continue d&rsquo;\u00eatre tr\u00e8s populaire, souvent lou\u00e9e pour son m\u00e9lange de plis en \u00e9rable et en noyer, offrant une sonorit\u00e9 riche et polyvalente.<\/p>\n<p>Reconnaissance et notori\u00e9t\u00e9<\/p>\n<p>La notori\u00e9t\u00e9 de Mapex s&rsquo;est construite gr\u00e2ce \u00e0 la qualit\u00e9 de ses produits et \u00e0 son rapport qualit\u00e9-prix. Elle a su s&rsquo;attirer la confiance de batteurs de renom, comme le regrett\u00e9 Ralph Peterson qui a \u00e9t\u00e9 un fervent endosseur de la marque pendant 30 ans. D&rsquo;autres artistes de premier plan comme Billy Cobham ont \u00e9galement collabor\u00e9 avec Mapex, renfor\u00e7ant son image de marque de qualit\u00e9 sur la sc\u00e8ne internationale.<\/p>\n<p>Aujourd&rsquo;hui, Mapex est une marque reconnue et respect\u00e9e dans l&rsquo;industrie de la batterie, offrant une large gamme de produits, des kits d&rsquo;entr\u00e9e de gamme pour d\u00e9butants aux mod\u00e8les haut de gamme utilis\u00e9s par les professionnels.<\/p>\n<p><a href=\"https:\/\/www.mapexdrums.com\/\">https:\/\/www.mapexdrums.com\/<\/a><br \/>\n<a href=\"https:\/\/www.rimocc.com\/en\/product-category\/batterie\/\">https:\/\/www.rimocc.com\/product-category\/batterie\/<\/a><\/p>\n<p class=\"responsive-video-wrap clr\"><iframe title=\"Mapex Bop Kit\" width=\"563\" height=\"1000\" src=\"https:\/\/www.youtube.com\/embed\/AKVkWgrS7qA?feature=oembed\" frameborder=\"0\" allow=\"accelerometer; autoplay; clipboard-write; encrypted-media; gyroscope; picture-in-picture; web-share\" referrerpolicy=\"strict-origin-when-cross-origin\" allowfullscreen><\/iframe><\/p>","protected":false},"excerpt":{"rendered":"<p>Mapex 10&Prime;x8&Prime; 12&Prime;x9&Prime; 14&Prime;x14&Prime; 18&Prime;x16&Prime; Bop Kit Crystal Sparkle Basswood Tr\u00e8s bon \u00e9tat g\u00e9n\u00e9ral \u00ab\u00a0Enl\u00e8vement sur place privil\u00e9gi\u00e9 mais envoi possible dans toute la France sur devis s\u00e9par\u00e9 &#8211; merci de s\u00e9lectionner l&rsquo;option \u00ab\u00a0retrait en magasin\u00a0\u00bb et nous vous ferons parvenir un devis s\u00e9par\u00e9 pour la livraison, \u00e0 r\u00e9gler s\u00e9par\u00e9ment International order, pick-up ONLY\u00a0\u00bb Mapex [&hellip;]<\/p>\n","protected":false},"featured_media":15817,"comment_status":"open","ping_status":"closed","template":"","meta":{"jetpack_publicize_message":"","jetpack_publicize_feature_enabled":true,"jetpack_social_post_already_shared":false,"jetpack_social_options":{"image_generator_settings":{"template":"highway","default_image_id":0,"font":"","enabled":false},"version":2}},"product_brand":[662],"product_cat":[20],"product_tag":[49],"class_list":{"0":"post-15818","1":"product","2":"type-product","3":"status-publish","4":"has-post-thumbnail","6":"product_brand-mapex","7":"product_cat-batterie","8":"product_tag-mapex","10":"entry","11":"has-media","13":"first","14":"outofstock","15":"shipping-taxable","16":"purchasable","17":"product-type-simple","18":"has-product-nav","19":"col","20":"span_1_of_3","21":"owp-content-center","22":"owp-thumbs-layout-horizontal","23":"owp-btn-normal","24":"owp-tabs-layout-horizontal"},"yoast_head":"<!-- This site is optimized with the Yoast SEO plugin v27.5 - https:\/\/yoast.com\/product\/yoast-seo-wordpress\/ -->\n<title>Mapex 10&quot;x8&quot; 12&quot;x9&quot; 14&quot;x14&quot; 18&quot;x16&quot; - D\u00e9p\u00f4t Vente Batterie Percussion | Rimocc Lyon<\/title>\n<meta name=\"description\" content=\"Mapex 10&quot;x8&quot; 12&quot;x9&quot; 14&quot;x14&quot; 18&quot;x16&quot; Bop Kit Crystal Sparkle Basswood\" \/>\n<meta name=\"robots\" content=\"index, follow, max-snippet:-1, max-image-preview:large, max-video-preview:-1\" \/>\n<link rel=\"canonical\" href=\"https:\/\/www.rimocc.com\/en\/product\/mapex-10x8-12x9-14x14-18x16\/\" \/>\n<meta property=\"og:locale\" content=\"en_US\" \/>\n<meta property=\"og:type\" content=\"article\" \/>\n<meta property=\"og:title\" content=\"Mapex 10&quot;x8&quot; 12&quot;x9&quot; 14&quot;x14&quot; 18&quot;x16&quot; - D\u00e9p\u00f4t Vente Batterie Percussion | Rimocc Lyon\" \/>\n<meta property=\"og:description\" content=\"Mapex 10&quot;x8&quot; 12&quot;x9&quot; 14&quot;x14&quot; 18&quot;x16&quot; Bop Kit Crystal Sparkle Basswood\" \/>\n<meta property=\"og:url\" content=\"https:\/\/www.rimocc.com\/en\/product\/mapex-10x8-12x9-14x14-18x16\/\" \/>\n<meta property=\"og:site_name\" content=\"D\u00e9p\u00f4t Vente Batterie Percussion | Rimocc Lyon\" \/>\n<meta property=\"article:publisher\" content=\"https:\/\/www.facebook.com\/rimocclyon\/?locale=fr_FR\" \/>\n<meta property=\"article:modified_time\" content=\"2025-09-04T15:02:02+00:00\" \/>\n<meta property=\"og:image\" content=\"https:\/\/www.rimocc.com\/wp-content\/uploads\/2025\/08\/Mapex-10_x8_-12_x9_-14_x14_-18_x16_-Bop-Kit.jpg\" \/>\n\t<meta property=\"og:image:width\" content=\"1920\" \/>\n\t<meta property=\"og:image:height\" content=\"1920\" \/>\n\t<meta property=\"og:image:type\" content=\"image\/jpeg\" \/>\n<meta name=\"twitter:card\" content=\"summary_large_image\" \/>\n<meta name=\"twitter:label1\" content=\"Est. reading time\" \/>\n\t<meta name=\"twitter:data1\" content=\"3 minutes\" \/>\n<script type=\"application\/ld+json\" class=\"yoast-schema-graph\">{\"@context\":\"https:\\\/\\\/schema.org\",\"@graph\":[{\"@type\":\"WebPage\",\"@id\":\"https:\\\/\\\/www.rimocc.com\\\/product\\\/mapex-10x8-12x9-14x14-18x16\\\/\",\"url\":\"https:\\\/\\\/www.rimocc.com\\\/product\\\/mapex-10x8-12x9-14x14-18x16\\\/\",\"name\":\"Mapex 10\\\"x8\\\" 12\\\"x9\\\" 14\\\"x14\\\" 18\\\"x16\\\" - D\u00e9p\u00f4t Vente Batterie Percussion | Rimocc Lyon\",\"isPartOf\":{\"@id\":\"https:\\\/\\\/www.rimocc.com\\\/#website\"},\"primaryImageOfPage\":{\"@id\":\"https:\\\/\\\/www.rimocc.com\\\/product\\\/mapex-10x8-12x9-14x14-18x16\\\/#primaryimage\"},\"image\":{\"@id\":\"https:\\\/\\\/www.rimocc.com\\\/product\\\/mapex-10x8-12x9-14x14-18x16\\\/#primaryimage\"},\"thumbnailUrl\":\"https:\\\/\\\/www.rimocc.com\\\/wp-content\\\/uploads\\\/2025\\\/08\\\/Mapex-10_x8_-12_x9_-14_x14_-18_x16_-Bop-Kit.jpg\",\"datePublished\":\"2025-08-29T15:31:58+00:00\",\"dateModified\":\"2025-09-04T15:02:02+00:00\",\"description\":\"Mapex 10\\\"x8\\\" 12\\\"x9\\\" 14\\\"x14\\\" 18\\\"x16\\\" Bop Kit Crystal Sparkle Basswood\",\"breadcrumb\":{\"@id\":\"https:\\\/\\\/www.rimocc.com\\\/product\\\/mapex-10x8-12x9-14x14-18x16\\\/#breadcrumb\"},\"inLanguage\":\"en-US\",\"potentialAction\":[{\"@type\":\"ReadAction\",\"target\":[\"https:\\\/\\\/www.rimocc.com\\\/product\\\/mapex-10x8-12x9-14x14-18x16\\\/\"]}]},{\"@type\":\"ImageObject\",\"inLanguage\":\"en-US\",\"@id\":\"https:\\\/\\\/www.rimocc.com\\\/product\\\/mapex-10x8-12x9-14x14-18x16\\\/#primaryimage\",\"url\":\"https:\\\/\\\/www.rimocc.com\\\/wp-content\\\/uploads\\\/2025\\\/08\\\/Mapex-10_x8_-12_x9_-14_x14_-18_x16_-Bop-Kit.jpg\",\"contentUrl\":\"https:\\\/\\\/www.rimocc.com\\\/wp-content\\\/uploads\\\/2025\\\/08\\\/Mapex-10_x8_-12_x9_-14_x14_-18_x16_-Bop-Kit.jpg\",\"width\":1920,\"height\":1920,\"caption\":\"Mapex 10\\\"x8\\\" 12\\\"x9\\\" 14\\\"x14\\\" 18\\\"x16\\\" Bop Kit\"},{\"@type\":\"BreadcrumbList\",\"@id\":\"https:\\\/\\\/www.rimocc.com\\\/product\\\/mapex-10x8-12x9-14x14-18x16\\\/#breadcrumb\",\"itemListElement\":[{\"@type\":\"ListItem\",\"position\":1,\"name\":\"Home\",\"item\":\"https:\\\/\\\/www.rimocc.com\\\/\"},{\"@type\":\"ListItem\",\"position\":2,\"name\":\"Shop\",\"item\":\"https:\\\/\\\/www.rimocc.com\\\/shop\\\/\"},{\"@type\":\"ListItem\",\"position\":3,\"name\":\"Mapex 10&#8243;x8&#8243; 12&#8243;x9&#8243; 14&#8243;x14&#8243; 18&#8243;x16&#8243;\"}]},{\"@type\":\"WebSite\",\"@id\":\"https:\\\/\\\/www.rimocc.com\\\/#website\",\"url\":\"https:\\\/\\\/www.rimocc.com\\\/\",\"name\":\"D\u00e9p\u00f4t Vente Batterie Percussion | Rimocc Lyon\",\"description\":\"Rimocc: l&#039;unique magasin d\u00e9di\u00e9 enti\u00e8rement \u00e0 la batterie, percussion d&#039;occasion et vintage \u00e0 Lyon, France\",\"publisher\":{\"@id\":\"https:\\\/\\\/www.rimocc.com\\\/#organization\"},\"alternateName\":\"Rimocc'\",\"potentialAction\":[{\"@type\":\"SearchAction\",\"target\":{\"@type\":\"EntryPoint\",\"urlTemplate\":\"https:\\\/\\\/www.rimocc.com\\\/?s={search_term_string}\"},\"query-input\":{\"@type\":\"PropertyValueSpecification\",\"valueRequired\":true,\"valueName\":\"search_term_string\"}}],\"inLanguage\":\"en-US\"},{\"@type\":\"Organization\",\"@id\":\"https:\\\/\\\/www.rimocc.com\\\/#organization\",\"name\":\"Rimocc'\",\"alternateName\":\"Rimocc\",\"url\":\"https:\\\/\\\/www.rimocc.com\\\/\",\"logo\":{\"@type\":\"ImageObject\",\"inLanguage\":\"en-US\",\"@id\":\"https:\\\/\\\/www.rimocc.com\\\/#\\\/schema\\\/logo\\\/image\\\/\",\"url\":\"https:\\\/\\\/i0.wp.com\\\/www.rimocc.com\\\/wp-content\\\/uploads\\\/2023\\\/07\\\/RIMOCC_LOGO.jpg?fit=459%2C114&ssl=1\",\"contentUrl\":\"https:\\\/\\\/i0.wp.com\\\/www.rimocc.com\\\/wp-content\\\/uploads\\\/2023\\\/07\\\/RIMOCC_LOGO.jpg?fit=459%2C114&ssl=1\",\"width\":459,\"height\":114,\"caption\":\"Rimocc'\"},\"image\":{\"@id\":\"https:\\\/\\\/www.rimocc.com\\\/#\\\/schema\\\/logo\\\/image\\\/\"},\"sameAs\":[\"https:\\\/\\\/www.facebook.com\\\/rimocclyon\\\/?locale=fr_FR\",\"https:\\\/\\\/www.instagram.com\\\/rimoccc\\\/?hl=fr\",\"https:\\\/\\\/www.tiktok.com\\\/@rimocc\",\"https:\\\/\\\/www.youtube.com\\\/@Rimocc\"]}]}<\/script>\n<!-- \/ Yoast SEO plugin. -->","yoast_head_json":{"title":"Mapex 10\"x8\" 12\"x9\" 14\"x14\" 18\"x16\" - D\u00e9p\u00f4t Vente Batterie Percussion | Rimocc Lyon","description":"Mapex 10\"x8\" 12\"x9\" 14\"x14\" 18\"x16\" Bop Kit Crystal Sparkle Basswood","robots":{"index":"index","follow":"follow","max-snippet":"max-snippet:-1","max-image-preview":"max-image-preview:large","max-video-preview":"max-video-preview:-1"},"canonical":"https:\/\/www.rimocc.com\/en\/product\/mapex-10x8-12x9-14x14-18x16\/","og_locale":"en_US","og_type":"article","og_title":"Mapex 10\"x8\" 12\"x9\" 14\"x14\" 18\"x16\" - D\u00e9p\u00f4t Vente Batterie Percussion | Rimocc Lyon","og_description":"Mapex 10\"x8\" 12\"x9\" 14\"x14\" 18\"x16\" Bop Kit Crystal Sparkle Basswood","og_url":"https:\/\/www.rimocc.com\/en\/product\/mapex-10x8-12x9-14x14-18x16\/","og_site_name":"D\u00e9p\u00f4t Vente Batterie Percussion | Rimocc Lyon","article_publisher":"https:\/\/www.facebook.com\/rimocclyon\/?locale=fr_FR","article_modified_time":"2025-09-04T15:02:02+00:00","og_image":[{"width":1920,"height":1920,"url":"https:\/\/www.rimocc.com\/wp-content\/uploads\/2025\/08\/Mapex-10_x8_-12_x9_-14_x14_-18_x16_-Bop-Kit.jpg","type":"image\/jpeg"}],"twitter_card":"summary_large_image","twitter_misc":{"Est. reading time":"3 minutes"},"schema":{"@context":"https:\/\/schema.org","@graph":[{"@type":"WebPage","@id":"https:\/\/www.rimocc.com\/product\/mapex-10x8-12x9-14x14-18x16\/","url":"https:\/\/www.rimocc.com\/product\/mapex-10x8-12x9-14x14-18x16\/","name":"Mapex 10\"x8\" 12\"x9\" 14\"x14\" 18\"x16\" - D\u00e9p\u00f4t Vente Batterie Percussion | Rimocc Lyon","isPartOf":{"@id":"https:\/\/www.rimocc.com\/#website"},"primaryImageOfPage":{"@id":"https:\/\/www.rimocc.com\/product\/mapex-10x8-12x9-14x14-18x16\/#primaryimage"},"image":{"@id":"https:\/\/www.rimocc.com\/product\/mapex-10x8-12x9-14x14-18x16\/#primaryimage"},"thumbnailUrl":"https:\/\/www.rimocc.com\/wp-content\/uploads\/2025\/08\/Mapex-10_x8_-12_x9_-14_x14_-18_x16_-Bop-Kit.jpg","datePublished":"2025-08-29T15:31:58+00:00","dateModified":"2025-09-04T15:02:02+00:00","description":"Mapex 10\"x8\" 12\"x9\" 14\"x14\" 18\"x16\" Bop Kit Crystal Sparkle Basswood","breadcrumb":{"@id":"https:\/\/www.rimocc.com\/product\/mapex-10x8-12x9-14x14-18x16\/#breadcrumb"},"inLanguage":"en-US","potentialAction":[{"@type":"ReadAction","target":["https:\/\/www.rimocc.com\/product\/mapex-10x8-12x9-14x14-18x16\/"]}]},{"@type":"ImageObject","inLanguage":"en-US","@id":"https:\/\/www.rimocc.com\/product\/mapex-10x8-12x9-14x14-18x16\/#primaryimage","url":"https:\/\/www.rimocc.com\/wp-content\/uploads\/2025\/08\/Mapex-10_x8_-12_x9_-14_x14_-18_x16_-Bop-Kit.jpg","contentUrl":"https:\/\/www.rimocc.com\/wp-content\/uploads\/2025\/08\/Mapex-10_x8_-12_x9_-14_x14_-18_x16_-Bop-Kit.jpg","width":1920,"height":1920,"caption":"Mapex 10\"x8\" 12\"x9\" 14\"x14\" 18\"x16\" Bop Kit"},{"@type":"BreadcrumbList","@id":"https:\/\/www.rimocc.com\/product\/mapex-10x8-12x9-14x14-18x16\/#breadcrumb","itemListElement":[{"@type":"ListItem","position":1,"name":"Home","item":"https:\/\/www.rimocc.com\/"},{"@type":"ListItem","position":2,"name":"Shop","item":"https:\/\/www.rimocc.com\/shop\/"},{"@type":"ListItem","position":3,"name":"Mapex 10&#8243;x8&#8243; 12&#8243;x9&#8243; 14&#8243;x14&#8243; 18&#8243;x16&#8243;"}]},{"@type":"WebSite","@id":"https:\/\/www.rimocc.com\/#website","url":"https:\/\/www.rimocc.com\/","name":"D\u00e9p\u00f4t Vente Batterie Percussion | Rimocc Lyon","description":"Rimocc: l&#039;unique magasin d\u00e9di\u00e9 enti\u00e8rement \u00e0 la batterie, percussion d&#039;occasion et vintage \u00e0 Lyon, France","publisher":{"@id":"https:\/\/www.rimocc.com\/#organization"},"alternateName":"Rimocc'","potentialAction":[{"@type":"SearchAction","target":{"@type":"EntryPoint","urlTemplate":"https:\/\/www.rimocc.com\/?s={search_term_string}"},"query-input":{"@type":"PropertyValueSpecification","valueRequired":true,"valueName":"search_term_string"}}],"inLanguage":"en-US"},{"@type":"Organization","@id":"https:\/\/www.rimocc.com\/#organization","name":"Rimocc'","alternateName":"Rimocc","url":"https:\/\/www.rimocc.com\/","logo":{"@type":"ImageObject","inLanguage":"en-US","@id":"https:\/\/www.rimocc.com\/#\/schema\/logo\/image\/","url":"https:\/\/i0.wp.com\/www.rimocc.com\/wp-content\/uploads\/2023\/07\/RIMOCC_LOGO.jpg?fit=459%2C114&ssl=1","contentUrl":"https:\/\/i0.wp.com\/www.rimocc.com\/wp-content\/uploads\/2023\/07\/RIMOCC_LOGO.jpg?fit=459%2C114&ssl=1","width":459,"height":114,"caption":"Rimocc'"},"image":{"@id":"https:\/\/www.rimocc.com\/#\/schema\/logo\/image\/"},"sameAs":["https:\/\/www.facebook.com\/rimocclyon\/?locale=fr_FR","https:\/\/www.instagram.com\/rimoccc\/?hl=fr","https:\/\/www.tiktok.com\/@rimocc","https:\/\/www.youtube.com\/@Rimocc"]}]}},"jetpack_publicize_connections":[],"jetpack_sharing_enabled":true,"_links":{"self":[{"href":"https:\/\/www.rimocc.com\/en\/wp-json\/wp\/v2\/product\/15818","targetHints":{"allow":["GET"]}}],"collection":[{"href":"https:\/\/www.rimocc.com\/en\/wp-json\/wp\/v2\/product"}],"about":[{"href":"https:\/\/www.rimocc.com\/en\/wp-json\/wp\/v2\/types\/product"}],"replies":[{"embeddable":true,"href":"https:\/\/www.rimocc.com\/en\/wp-json\/wp\/v2\/comments?post=15818"}],"wp:featuredmedia":[{"embeddable":true,"href":"https:\/\/www.rimocc.com\/en\/wp-json\/wp\/v2\/media\/15817"}],"wp:attachment":[{"href":"https:\/\/www.rimocc.com\/en\/wp-json\/wp\/v2\/media?parent=15818"}],"wp:term":[{"taxonomy":"product_brand","embeddable":true,"href":"https:\/\/www.rimocc.com\/en\/wp-json\/wp\/v2\/product_brand?post=15818"},{"taxonomy":"product_cat","embeddable":true,"href":"https:\/\/www.rimocc.com\/en\/wp-json\/wp\/v2\/product_cat?post=15818"},{"taxonomy":"product_tag","embeddable":true,"href":"https:\/\/www.rimocc.com\/en\/wp-json\/wp\/v2\/product_tag?post=15818"}],"curies":[{"name":"wp","href":"https:\/\/api.w.org\/{rel}","templated":true}]}}