{"id":15767,"date":"2025-08-09T18:27:05","date_gmt":"2025-08-09T16:27:05","guid":{"rendered":"https:\/\/www.rimocc.com\/?post_type=product&#038;p=15767"},"modified":"2026-02-01T13:37:03","modified_gmt":"2026-02-01T12:37:03","slug":"meinl-roland-djembe-12-djw2am-12-3-4","status":"publish","type":"product","link":"https:\/\/www.rimocc.com\/en\/product\/meinl-roland-djembe-12-djw2am-12-3-4\/","title":{"rendered":"Meinl\/Roland Djembe 12&Prime; DJW2AM 12 3\/4"},"content":{"rendered":"<p>Meinl\/Roland Djembe 12&Prime; DJW2AM 12 3\/4<br \/>\nBon \u00e9tat g\u00e9n\u00e9ral, quelques traces de frottements et petits \u00e9clats sur le vernis<\/p>\n<p>Le djemb\u00e9 Meinl DJW2AM 12 3\/4 est un instrument de percussion con\u00e7u pour les musiciens recherchant un \u00e9quilibre entre tradition et performance moderne. Cet instrument allie des mat\u00e9riaux de qualit\u00e9 \u00e0 une conception soign\u00e9e, le rendant adapt\u00e9 \u00e0 un large \u00e9ventail de genres musicaux, du folklore africain aux musiques du monde contemporaines.<\/p>\n<p>F\u00fbt en acajou : Le f\u00fbt est taill\u00e9 dans un bloc massif d&rsquo;acajou, un bois reconnu pour sa densit\u00e9 et ses qualit\u00e9s de r\u00e9sonance. Cette essence conf\u00e8re \u00e0 l&rsquo;instrument une sonorit\u00e9 chaude et riche en harmoniques, avec des basses profondes et rondes.<\/p>\n<p>En r\u00e9sum\u00e9, le Meinl DJW2AM 12 3\/4 est un instrument polyvalent, id\u00e9al pour les percussionnistes qui recherchent une sonorit\u00e9 authentique et un instrument fiable. Il est particuli\u00e8rement appr\u00e9ci\u00e9 pour la richesse de ses basses et la clart\u00e9 de ses aigus, ce qui en fait un choix de pr\u00e9dilection tant pour la sc\u00e8ne que pour le studio.<\/p>\n<p><a href=\"https:\/\/meinlpercussion.com\/\">https:\/\/meinlpercussion.com\/<\/a><br \/>\n<a href=\"https:\/\/www.rimocc.com\/en\/product-category\/percussions\/\">https:\/\/www.rimocc.com\/product-category\/percussions\/<\/a><\/p>","protected":false},"excerpt":{"rendered":"<p>Meinl\/Roland Djembe 12&Prime; DJW2AM 12 3\/4 Bon \u00e9tat g\u00e9n\u00e9ral, quelques traces de frottements et petits \u00e9clats sur le vernis Le djemb\u00e9 Meinl DJW2AM 12 3\/4 est un instrument de percussion con\u00e7u pour les musiciens recherchant un \u00e9quilibre entre tradition et performance moderne. Cet instrument allie des mat\u00e9riaux de qualit\u00e9 \u00e0 une conception soign\u00e9e, le rendant [&hellip;]<\/p>\n","protected":false},"featured_media":15766,"comment_status":"open","ping_status":"closed","template":"","meta":{"jetpack_publicize_message":"","jetpack_publicize_feature_enabled":true,"jetpack_social_post_already_shared":false,"jetpack_social_options":{"image_generator_settings":{"template":"highway","default_image_id":0,"font":"","enabled":false},"version":2}},"product_brand":[717],"product_cat":[16],"product_tag":[174],"class_list":{"0":"post-15767","1":"product","2":"type-product","3":"status-publish","4":"has-post-thumbnail","6":"product_brand-meinl","7":"product_cat-percussions","8":"product_tag-meinl","10":"entry","11":"has-media","13":"first","14":"outofstock","15":"shipping-taxable","16":"purchasable","17":"product-type-simple","18":"has-product-nav","19":"col","20":"span_1_of_3","21":"owp-content-center","22":"owp-thumbs-layout-horizontal","23":"owp-btn-normal","24":"owp-tabs-layout-horizontal"},"yoast_head":"<!-- This site is optimized with the Yoast SEO plugin v27.4 - https:\/\/yoast.com\/product\/yoast-seo-wordpress\/ -->\n<title>Meinl\/Roland Djembe 12&quot; DJW2AM 12 3\/4 - D\u00e9p\u00f4t Vente Batterie Percussion | Rimocc Lyon<\/title>\n<meta name=\"description\" content=\"F\u00fbt en acajou pour un son riche et authentique. Id\u00e9al pour percussionnistes de tous niveaux cherchant qualit\u00e9 et polyvalence.\" \/>\n<meta name=\"robots\" content=\"index, follow, max-snippet:-1, max-image-preview:large, max-video-preview:-1\" \/>\n<link rel=\"canonical\" href=\"https:\/\/www.rimocc.com\/en\/product\/meinl-roland-djembe-12-djw2am-12-3-4\/\" \/>\n<meta property=\"og:locale\" content=\"en_US\" \/>\n<meta property=\"og:type\" content=\"article\" \/>\n<meta property=\"og:title\" content=\"Meinl\/Roland Djembe 12&quot; DJW2AM 12 3\/4 - D\u00e9p\u00f4t Vente Batterie Percussion | Rimocc Lyon\" \/>\n<meta property=\"og:description\" content=\"F\u00fbt en acajou pour un son riche et authentique. Id\u00e9al pour percussionnistes de tous niveaux cherchant qualit\u00e9 et polyvalence.\" \/>\n<meta property=\"og:url\" content=\"https:\/\/www.rimocc.com\/en\/product\/meinl-roland-djembe-12-djw2am-12-3-4\/\" \/>\n<meta property=\"og:site_name\" content=\"D\u00e9p\u00f4t Vente Batterie Percussion | Rimocc Lyon\" \/>\n<meta property=\"article:publisher\" content=\"https:\/\/www.facebook.com\/rimocclyon\/?locale=fr_FR\" \/>\n<meta property=\"article:modified_time\" content=\"2026-02-01T12:37:03+00:00\" \/>\n<meta property=\"og:image\" content=\"https:\/\/www.rimocc.com\/wp-content\/uploads\/2025\/08\/Meinl_Roland-Djembe-12_-DJW2AM-12-3_4-1.jpg\" \/>\n\t<meta property=\"og:image:width\" content=\"1920\" \/>\n\t<meta property=\"og:image:height\" content=\"1920\" \/>\n\t<meta property=\"og:image:type\" content=\"image\/jpeg\" \/>\n<meta name=\"twitter:card\" content=\"summary_large_image\" \/>\n<meta name=\"twitter:label1\" content=\"Est. reading time\" \/>\n\t<meta name=\"twitter:data1\" content=\"1 minute\" \/>\n<script type=\"application\/ld+json\" class=\"yoast-schema-graph\">{\"@context\":\"https:\\\/\\\/schema.org\",\"@graph\":[{\"@type\":\"WebPage\",\"@id\":\"https:\\\/\\\/www.rimocc.com\\\/product\\\/meinl-roland-djembe-12-djw2am-12-3-4\\\/\",\"url\":\"https:\\\/\\\/www.rimocc.com\\\/product\\\/meinl-roland-djembe-12-djw2am-12-3-4\\\/\",\"name\":\"Meinl\\\/Roland Djembe 12\\\" DJW2AM 12 3\\\/4 - D\u00e9p\u00f4t Vente Batterie Percussion | Rimocc Lyon\",\"isPartOf\":{\"@id\":\"https:\\\/\\\/www.rimocc.com\\\/#website\"},\"primaryImageOfPage\":{\"@id\":\"https:\\\/\\\/www.rimocc.com\\\/product\\\/meinl-roland-djembe-12-djw2am-12-3-4\\\/#primaryimage\"},\"image\":{\"@id\":\"https:\\\/\\\/www.rimocc.com\\\/product\\\/meinl-roland-djembe-12-djw2am-12-3-4\\\/#primaryimage\"},\"thumbnailUrl\":\"https:\\\/\\\/www.rimocc.com\\\/wp-content\\\/uploads\\\/2025\\\/08\\\/Meinl_Roland-Djembe-12_-DJW2AM-12-3_4-1.jpg\",\"datePublished\":\"2025-08-09T16:27:05+00:00\",\"dateModified\":\"2026-02-01T12:37:03+00:00\",\"description\":\"F\u00fbt en acajou pour un son riche et authentique. Id\u00e9al pour percussionnistes de tous niveaux cherchant qualit\u00e9 et polyvalence.\",\"breadcrumb\":{\"@id\":\"https:\\\/\\\/www.rimocc.com\\\/product\\\/meinl-roland-djembe-12-djw2am-12-3-4\\\/#breadcrumb\"},\"inLanguage\":\"en-US\",\"potentialAction\":[{\"@type\":\"ReadAction\",\"target\":[\"https:\\\/\\\/www.rimocc.com\\\/product\\\/meinl-roland-djembe-12-djw2am-12-3-4\\\/\"]}]},{\"@type\":\"ImageObject\",\"inLanguage\":\"en-US\",\"@id\":\"https:\\\/\\\/www.rimocc.com\\\/product\\\/meinl-roland-djembe-12-djw2am-12-3-4\\\/#primaryimage\",\"url\":\"https:\\\/\\\/www.rimocc.com\\\/wp-content\\\/uploads\\\/2025\\\/08\\\/Meinl_Roland-Djembe-12_-DJW2AM-12-3_4-1.jpg\",\"contentUrl\":\"https:\\\/\\\/www.rimocc.com\\\/wp-content\\\/uploads\\\/2025\\\/08\\\/Meinl_Roland-Djembe-12_-DJW2AM-12-3_4-1.jpg\",\"width\":1920,\"height\":1920,\"caption\":\"Meinl Roland Djembe 12 DJW2AM 12 3\\\/4\"},{\"@type\":\"BreadcrumbList\",\"@id\":\"https:\\\/\\\/www.rimocc.com\\\/product\\\/meinl-roland-djembe-12-djw2am-12-3-4\\\/#breadcrumb\",\"itemListElement\":[{\"@type\":\"ListItem\",\"position\":1,\"name\":\"Home\",\"item\":\"https:\\\/\\\/www.rimocc.com\\\/\"},{\"@type\":\"ListItem\",\"position\":2,\"name\":\"Shop\",\"item\":\"https:\\\/\\\/www.rimocc.com\\\/shop\\\/\"},{\"@type\":\"ListItem\",\"position\":3,\"name\":\"Meinl\\\/Roland Djembe 12&#8243; DJW2AM 12 3\\\/4\"}]},{\"@type\":\"WebSite\",\"@id\":\"https:\\\/\\\/www.rimocc.com\\\/#website\",\"url\":\"https:\\\/\\\/www.rimocc.com\\\/\",\"name\":\"D\u00e9p\u00f4t Vente Batterie Percussion | Rimocc Lyon\",\"description\":\"Rimocc: l&#039;unique magasin d\u00e9di\u00e9 enti\u00e8rement \u00e0 la batterie, percussion d&#039;occasion et vintage \u00e0 Lyon, France\",\"publisher\":{\"@id\":\"https:\\\/\\\/www.rimocc.com\\\/#organization\"},\"alternateName\":\"Rimocc'\",\"potentialAction\":[{\"@type\":\"SearchAction\",\"target\":{\"@type\":\"EntryPoint\",\"urlTemplate\":\"https:\\\/\\\/www.rimocc.com\\\/?s={search_term_string}\"},\"query-input\":{\"@type\":\"PropertyValueSpecification\",\"valueRequired\":true,\"valueName\":\"search_term_string\"}}],\"inLanguage\":\"en-US\"},{\"@type\":\"Organization\",\"@id\":\"https:\\\/\\\/www.rimocc.com\\\/#organization\",\"name\":\"Rimocc'\",\"alternateName\":\"Rimocc\",\"url\":\"https:\\\/\\\/www.rimocc.com\\\/\",\"logo\":{\"@type\":\"ImageObject\",\"inLanguage\":\"en-US\",\"@id\":\"https:\\\/\\\/www.rimocc.com\\\/#\\\/schema\\\/logo\\\/image\\\/\",\"url\":\"https:\\\/\\\/i0.wp.com\\\/www.rimocc.com\\\/wp-content\\\/uploads\\\/2023\\\/07\\\/RIMOCC_LOGO.jpg?fit=459%2C114&ssl=1\",\"contentUrl\":\"https:\\\/\\\/i0.wp.com\\\/www.rimocc.com\\\/wp-content\\\/uploads\\\/2023\\\/07\\\/RIMOCC_LOGO.jpg?fit=459%2C114&ssl=1\",\"width\":459,\"height\":114,\"caption\":\"Rimocc'\"},\"image\":{\"@id\":\"https:\\\/\\\/www.rimocc.com\\\/#\\\/schema\\\/logo\\\/image\\\/\"},\"sameAs\":[\"https:\\\/\\\/www.facebook.com\\\/rimocclyon\\\/?locale=fr_FR\",\"https:\\\/\\\/www.instagram.com\\\/rimoccc\\\/?hl=fr\",\"https:\\\/\\\/www.tiktok.com\\\/@rimocc\",\"https:\\\/\\\/www.youtube.com\\\/@Rimocc\"]}]}<\/script>\n<!-- \/ Yoast SEO plugin. -->","yoast_head_json":{"title":"Meinl\/Roland Djembe 12\" DJW2AM 12 3\/4 - D\u00e9p\u00f4t Vente Batterie Percussion | Rimocc Lyon","description":"F\u00fbt en acajou pour un son riche et authentique. Id\u00e9al pour percussionnistes de tous niveaux cherchant qualit\u00e9 et polyvalence.","robots":{"index":"index","follow":"follow","max-snippet":"max-snippet:-1","max-image-preview":"max-image-preview:large","max-video-preview":"max-video-preview:-1"},"canonical":"https:\/\/www.rimocc.com\/en\/product\/meinl-roland-djembe-12-djw2am-12-3-4\/","og_locale":"en_US","og_type":"article","og_title":"Meinl\/Roland Djembe 12\" DJW2AM 12 3\/4 - D\u00e9p\u00f4t Vente Batterie Percussion | Rimocc Lyon","og_description":"F\u00fbt en acajou pour un son riche et authentique. Id\u00e9al pour percussionnistes de tous niveaux cherchant qualit\u00e9 et polyvalence.","og_url":"https:\/\/www.rimocc.com\/en\/product\/meinl-roland-djembe-12-djw2am-12-3-4\/","og_site_name":"D\u00e9p\u00f4t Vente Batterie Percussion | Rimocc Lyon","article_publisher":"https:\/\/www.facebook.com\/rimocclyon\/?locale=fr_FR","article_modified_time":"2026-02-01T12:37:03+00:00","og_image":[{"width":1920,"height":1920,"url":"https:\/\/www.rimocc.com\/wp-content\/uploads\/2025\/08\/Meinl_Roland-Djembe-12_-DJW2AM-12-3_4-1.jpg","type":"image\/jpeg"}],"twitter_card":"summary_large_image","twitter_misc":{"Est. reading time":"1 minute"},"schema":{"@context":"https:\/\/schema.org","@graph":[{"@type":"WebPage","@id":"https:\/\/www.rimocc.com\/product\/meinl-roland-djembe-12-djw2am-12-3-4\/","url":"https:\/\/www.rimocc.com\/product\/meinl-roland-djembe-12-djw2am-12-3-4\/","name":"Meinl\/Roland Djembe 12\" DJW2AM 12 3\/4 - D\u00e9p\u00f4t Vente Batterie Percussion | Rimocc Lyon","isPartOf":{"@id":"https:\/\/www.rimocc.com\/#website"},"primaryImageOfPage":{"@id":"https:\/\/www.rimocc.com\/product\/meinl-roland-djembe-12-djw2am-12-3-4\/#primaryimage"},"image":{"@id":"https:\/\/www.rimocc.com\/product\/meinl-roland-djembe-12-djw2am-12-3-4\/#primaryimage"},"thumbnailUrl":"https:\/\/www.rimocc.com\/wp-content\/uploads\/2025\/08\/Meinl_Roland-Djembe-12_-DJW2AM-12-3_4-1.jpg","datePublished":"2025-08-09T16:27:05+00:00","dateModified":"2026-02-01T12:37:03+00:00","description":"F\u00fbt en acajou pour un son riche et authentique. Id\u00e9al pour percussionnistes de tous niveaux cherchant qualit\u00e9 et polyvalence.","breadcrumb":{"@id":"https:\/\/www.rimocc.com\/product\/meinl-roland-djembe-12-djw2am-12-3-4\/#breadcrumb"},"inLanguage":"en-US","potentialAction":[{"@type":"ReadAction","target":["https:\/\/www.rimocc.com\/product\/meinl-roland-djembe-12-djw2am-12-3-4\/"]}]},{"@type":"ImageObject","inLanguage":"en-US","@id":"https:\/\/www.rimocc.com\/product\/meinl-roland-djembe-12-djw2am-12-3-4\/#primaryimage","url":"https:\/\/www.rimocc.com\/wp-content\/uploads\/2025\/08\/Meinl_Roland-Djembe-12_-DJW2AM-12-3_4-1.jpg","contentUrl":"https:\/\/www.rimocc.com\/wp-content\/uploads\/2025\/08\/Meinl_Roland-Djembe-12_-DJW2AM-12-3_4-1.jpg","width":1920,"height":1920,"caption":"Meinl Roland Djembe 12 DJW2AM 12 3\/4"},{"@type":"BreadcrumbList","@id":"https:\/\/www.rimocc.com\/product\/meinl-roland-djembe-12-djw2am-12-3-4\/#breadcrumb","itemListElement":[{"@type":"ListItem","position":1,"name":"Home","item":"https:\/\/www.rimocc.com\/"},{"@type":"ListItem","position":2,"name":"Shop","item":"https:\/\/www.rimocc.com\/shop\/"},{"@type":"ListItem","position":3,"name":"Meinl\/Roland Djembe 12&#8243; DJW2AM 12 3\/4"}]},{"@type":"WebSite","@id":"https:\/\/www.rimocc.com\/#website","url":"https:\/\/www.rimocc.com\/","name":"D\u00e9p\u00f4t Vente Batterie Percussion | Rimocc Lyon","description":"Rimocc: l&#039;unique magasin d\u00e9di\u00e9 enti\u00e8rement \u00e0 la batterie, percussion d&#039;occasion et vintage \u00e0 Lyon, France","publisher":{"@id":"https:\/\/www.rimocc.com\/#organization"},"alternateName":"Rimocc'","potentialAction":[{"@type":"SearchAction","target":{"@type":"EntryPoint","urlTemplate":"https:\/\/www.rimocc.com\/?s={search_term_string}"},"query-input":{"@type":"PropertyValueSpecification","valueRequired":true,"valueName":"search_term_string"}}],"inLanguage":"en-US"},{"@type":"Organization","@id":"https:\/\/www.rimocc.com\/#organization","name":"Rimocc'","alternateName":"Rimocc","url":"https:\/\/www.rimocc.com\/","logo":{"@type":"ImageObject","inLanguage":"en-US","@id":"https:\/\/www.rimocc.com\/#\/schema\/logo\/image\/","url":"https:\/\/i0.wp.com\/www.rimocc.com\/wp-content\/uploads\/2023\/07\/RIMOCC_LOGO.jpg?fit=459%2C114&ssl=1","contentUrl":"https:\/\/i0.wp.com\/www.rimocc.com\/wp-content\/uploads\/2023\/07\/RIMOCC_LOGO.jpg?fit=459%2C114&ssl=1","width":459,"height":114,"caption":"Rimocc'"},"image":{"@id":"https:\/\/www.rimocc.com\/#\/schema\/logo\/image\/"},"sameAs":["https:\/\/www.facebook.com\/rimocclyon\/?locale=fr_FR","https:\/\/www.instagram.com\/rimoccc\/?hl=fr","https:\/\/www.tiktok.com\/@rimocc","https:\/\/www.youtube.com\/@Rimocc"]}]}},"jetpack_publicize_connections":[],"jetpack_sharing_enabled":true,"_links":{"self":[{"href":"https:\/\/www.rimocc.com\/en\/wp-json\/wp\/v2\/product\/15767","targetHints":{"allow":["GET"]}}],"collection":[{"href":"https:\/\/www.rimocc.com\/en\/wp-json\/wp\/v2\/product"}],"about":[{"href":"https:\/\/www.rimocc.com\/en\/wp-json\/wp\/v2\/types\/product"}],"replies":[{"embeddable":true,"href":"https:\/\/www.rimocc.com\/en\/wp-json\/wp\/v2\/comments?post=15767"}],"wp:featuredmedia":[{"embeddable":true,"href":"https:\/\/www.rimocc.com\/en\/wp-json\/wp\/v2\/media\/15766"}],"wp:attachment":[{"href":"https:\/\/www.rimocc.com\/en\/wp-json\/wp\/v2\/media?parent=15767"}],"wp:term":[{"taxonomy":"product_brand","embeddable":true,"href":"https:\/\/www.rimocc.com\/en\/wp-json\/wp\/v2\/product_brand?post=15767"},{"taxonomy":"product_cat","embeddable":true,"href":"https:\/\/www.rimocc.com\/en\/wp-json\/wp\/v2\/product_cat?post=15767"},{"taxonomy":"product_tag","embeddable":true,"href":"https:\/\/www.rimocc.com\/en\/wp-json\/wp\/v2\/product_tag?post=15767"}],"curies":[{"name":"wp","href":"https:\/\/api.w.org\/{rel}","templated":true}]}}