{"id":15750,"date":"2025-08-08T17:51:37","date_gmt":"2025-08-08T15:51:37","guid":{"rendered":"https:\/\/www.rimocc.com\/?post_type=product&#038;p=15750"},"modified":"2025-08-12T19:14:44","modified_gmt":"2025-08-12T17:14:44","slug":"vaudou-drums-half-half-black-nickel-plated-bronze-14x65","status":"publish","type":"product","link":"https:\/\/www.rimocc.com\/en\/product\/vaudou-drums-half-half-black-nickel-plated-bronze-14x65\/","title":{"rendered":"Vaudou Drums Half &#038; Half Black Nickel Plated &#038; Bronze 14&#215;6,5"},"content":{"rendered":"<p>Vaudou Drums Half &amp; Half Black Nickel Plated &amp; Bronze 14&#215;6,5<br \/>\nCaisse Claire d&rsquo;artisan &#8211; Canada<br \/>\nComme neuve<br \/>\nHalf &amp; Half : f\u00fbt stainless black nickel plated et une bande de brushed bronze (milieu)<\/p>\n<p>Vaudou Drums est une entreprise qu\u00e9b\u00e9coise sp\u00e9cialis\u00e9e dans la conception et la fabrication de batteries et de caisses claires artisanales. Situ\u00e9e \u00e0 Magog, au Qu\u00e9bec, l&rsquo;entreprise se distingue par son approche de lutherie moderne, utilisant des techniques d&rsquo;\u00e9b\u00e9nisterie et de design pour cr\u00e9er des instruments acoustiques de haute qualit\u00e9.<\/p>\n<p>L&rsquo;entreprise se concentre sur la fabrication de caisses claires, de batteries compl\u00e8tes et d&rsquo;autres percussions. Ses instruments sont reconnus pour la qualit\u00e9 des bois utilis\u00e9s (souvent des bois exotiques), leur sonorit\u00e9 particuli\u00e8re et leurs finitions soign\u00e9es. Chaque instrument est con\u00e7u avec une attention particuli\u00e8re aux d\u00e9tails, de l&rsquo;assemblage des f\u00fbts au choix des accastillages.<\/p>\n<p>Vaudou Drums s&rsquo;adresse \u00e0 une client\u00e8le de musiciens professionnels et d&rsquo;amateurs avertis qui recherchent des instruments uniques et sur mesure.<\/p>\n<p>Historique de l&rsquo;entreprise<\/p>\n<p>L&rsquo;histoire de Vaudou Drums est celle d&rsquo;une passion pour la musique et le travail du bois. L&rsquo;entreprise a \u00e9t\u00e9 fond\u00e9e en 1998, bien que d&rsquo;autres sources mentionnent une cr\u00e9ation en 2005. Le fondateur, dont on peut retrouver les traces dans le milieu du design industriel (Pierre-Luc Lebrun), a d\u00e9marr\u00e9 l&rsquo;entreprise \u00e0 Saint-Romain, pr\u00e8s du Grand lac Saint-Fran\u00e7ois, au Qu\u00e9bec.<\/p>\n<p>Contrairement \u00e0 d&rsquo;autres entreprises du m\u00eame secteur, Vaudou Drums a su se positionner comme un artisan de luxe, avec des produits qui allient tradition (le travail du bois) et modernit\u00e9 (le design et la sonorit\u00e9 recherch\u00e9e).<\/p>\n<p>L&rsquo;entreprise a \u00e9volu\u00e9 au fil des ans, passant d&rsquo;un atelier artisanal \u00e0 une marque reconnue sur le march\u00e9 des percussions au Qu\u00e9bec.<\/p>\n<p><a href=\"https:\/\/www.rimocc.com\/en\/product-category\/caisse-claire\/\">https:\/\/www.rimocc.com\/product-category\/caisse-claire\/<\/a><\/p>\n<p class=\"responsive-video-wrap clr\"><iframe title=\"Vaudou Drums 14x6,5\" width=\"1200\" height=\"675\" src=\"https:\/\/www.youtube.com\/embed\/9lUkVr675yY?feature=oembed\" frameborder=\"0\" allow=\"accelerometer; autoplay; clipboard-write; encrypted-media; gyroscope; picture-in-picture; web-share\" referrerpolicy=\"strict-origin-when-cross-origin\" allowfullscreen><\/iframe><\/p>","protected":false},"excerpt":{"rendered":"<p>Vaudou Drums Half &amp; Half Black Nickel Plated &amp; Bronze 14&#215;6,5 Caisse Claire d&rsquo;artisan &#8211; Canada Comme neuve Half &amp; Half : f\u00fbt stainless black nickel plated et une bande de brushed bronze (milieu) Vaudou Drums est une entreprise qu\u00e9b\u00e9coise sp\u00e9cialis\u00e9e dans la conception et la fabrication de batteries et de caisses claires artisanales. Situ\u00e9e [&hellip;]<\/p>\n","protected":false},"featured_media":15749,"comment_status":"open","ping_status":"closed","template":"","meta":{"jetpack_publicize_message":"","jetpack_publicize_feature_enabled":true,"jetpack_social_post_already_shared":false,"jetpack_social_options":{"image_generator_settings":{"template":"highway","default_image_id":0,"font":"","enabled":false},"version":2}},"product_brand":[715],"product_cat":[25],"product_tag":[716],"class_list":{"0":"post-15750","1":"product","2":"type-product","3":"status-publish","4":"has-post-thumbnail","6":"product_brand-vaudou-drums","7":"product_cat-caisse-claire","8":"product_tag-vaudou-drums","10":"entry","11":"has-media","13":"first","14":"outofstock","15":"shipping-taxable","16":"purchasable","17":"product-type-simple","18":"has-product-nav","19":"col","20":"span_1_of_3","21":"owp-content-center","22":"owp-thumbs-layout-horizontal","23":"owp-btn-normal","24":"owp-tabs-layout-horizontal"},"yoast_head":"<!-- This site is optimized with the Yoast SEO plugin v27.4 - https:\/\/yoast.com\/product\/yoast-seo-wordpress\/ -->\n<title>Vaudou Drums Half &amp; Half Black Nickel Plated &amp; Bronze 14x6,5 - D\u00e9p\u00f4t Vente Batterie Percussion | Rimocc Lyon<\/title>\n<meta name=\"description\" content=\"D\u00e9couvrez un instrument artisanal qu\u00e9b\u00e9cois unique, combinant un f\u00fbt en bronze et une finition noire plaqu\u00e9e nickel pour une sonorit\u00e9 puissante et un design saisissant. Parfait pour les batteurs exigeants en qu\u00eate d&#039;un son distinctif et d&#039;une esth\u00e9tique raffin\u00e9e.\" \/>\n<meta name=\"robots\" content=\"index, follow, max-snippet:-1, max-image-preview:large, max-video-preview:-1\" \/>\n<link rel=\"canonical\" href=\"https:\/\/www.rimocc.com\/en\/product\/vaudou-drums-half-half-black-nickel-plated-bronze-14x65\/\" \/>\n<meta property=\"og:locale\" content=\"en_US\" \/>\n<meta property=\"og:type\" content=\"article\" \/>\n<meta property=\"og:title\" content=\"Vaudou Drums Half &amp; Half Black Nickel Plated &amp; Bronze 14x6,5 - D\u00e9p\u00f4t Vente Batterie Percussion | Rimocc Lyon\" \/>\n<meta property=\"og:description\" content=\"D\u00e9couvrez un instrument artisanal qu\u00e9b\u00e9cois unique, combinant un f\u00fbt en bronze et une finition noire plaqu\u00e9e nickel pour une sonorit\u00e9 puissante et un design saisissant. Parfait pour les batteurs exigeants en qu\u00eate d&#039;un son distinctif et d&#039;une esth\u00e9tique raffin\u00e9e.\" \/>\n<meta property=\"og:url\" content=\"https:\/\/www.rimocc.com\/en\/product\/vaudou-drums-half-half-black-nickel-plated-bronze-14x65\/\" \/>\n<meta property=\"og:site_name\" content=\"D\u00e9p\u00f4t Vente Batterie Percussion | Rimocc Lyon\" \/>\n<meta property=\"article:publisher\" content=\"https:\/\/www.facebook.com\/rimocclyon\/?locale=fr_FR\" \/>\n<meta property=\"article:modified_time\" content=\"2025-08-12T17:14:44+00:00\" \/>\n<meta property=\"og:image\" content=\"https:\/\/www.rimocc.com\/wp-content\/uploads\/2025\/08\/Vaudou-Drums-Half-Half-Black-Nickel-Plated-Bronze-14x65-1.jpg\" \/>\n\t<meta property=\"og:image:width\" content=\"1920\" \/>\n\t<meta property=\"og:image:height\" content=\"1920\" \/>\n\t<meta property=\"og:image:type\" content=\"image\/jpeg\" \/>\n<meta name=\"twitter:card\" content=\"summary_large_image\" \/>\n<meta name=\"twitter:label1\" content=\"Est. reading time\" \/>\n\t<meta name=\"twitter:data1\" content=\"2 minutes\" \/>\n<script type=\"application\/ld+json\" class=\"yoast-schema-graph\">{\"@context\":\"https:\\\/\\\/schema.org\",\"@graph\":[{\"@type\":\"WebPage\",\"@id\":\"https:\\\/\\\/www.rimocc.com\\\/product\\\/vaudou-drums-half-half-black-nickel-plated-bronze-14x65\\\/\",\"url\":\"https:\\\/\\\/www.rimocc.com\\\/product\\\/vaudou-drums-half-half-black-nickel-plated-bronze-14x65\\\/\",\"name\":\"Vaudou Drums Half & Half Black Nickel Plated & Bronze 14x6,5 - D\u00e9p\u00f4t Vente Batterie Percussion | Rimocc Lyon\",\"isPartOf\":{\"@id\":\"https:\\\/\\\/www.rimocc.com\\\/#website\"},\"primaryImageOfPage\":{\"@id\":\"https:\\\/\\\/www.rimocc.com\\\/product\\\/vaudou-drums-half-half-black-nickel-plated-bronze-14x65\\\/#primaryimage\"},\"image\":{\"@id\":\"https:\\\/\\\/www.rimocc.com\\\/product\\\/vaudou-drums-half-half-black-nickel-plated-bronze-14x65\\\/#primaryimage\"},\"thumbnailUrl\":\"https:\\\/\\\/www.rimocc.com\\\/wp-content\\\/uploads\\\/2025\\\/08\\\/Vaudou-Drums-Half-Half-Black-Nickel-Plated-Bronze-14x65-1.jpg\",\"datePublished\":\"2025-08-08T15:51:37+00:00\",\"dateModified\":\"2025-08-12T17:14:44+00:00\",\"description\":\"D\u00e9couvrez un instrument artisanal qu\u00e9b\u00e9cois unique, combinant un f\u00fbt en bronze et une finition noire plaqu\u00e9e nickel pour une sonorit\u00e9 puissante et un design saisissant. Parfait pour les batteurs exigeants en qu\u00eate d'un son distinctif et d'une esth\u00e9tique raffin\u00e9e.\",\"breadcrumb\":{\"@id\":\"https:\\\/\\\/www.rimocc.com\\\/product\\\/vaudou-drums-half-half-black-nickel-plated-bronze-14x65\\\/#breadcrumb\"},\"inLanguage\":\"en-US\",\"potentialAction\":[{\"@type\":\"ReadAction\",\"target\":[\"https:\\\/\\\/www.rimocc.com\\\/product\\\/vaudou-drums-half-half-black-nickel-plated-bronze-14x65\\\/\"]}]},{\"@type\":\"ImageObject\",\"inLanguage\":\"en-US\",\"@id\":\"https:\\\/\\\/www.rimocc.com\\\/product\\\/vaudou-drums-half-half-black-nickel-plated-bronze-14x65\\\/#primaryimage\",\"url\":\"https:\\\/\\\/www.rimocc.com\\\/wp-content\\\/uploads\\\/2025\\\/08\\\/Vaudou-Drums-Half-Half-Black-Nickel-Plated-Bronze-14x65-1.jpg\",\"contentUrl\":\"https:\\\/\\\/www.rimocc.com\\\/wp-content\\\/uploads\\\/2025\\\/08\\\/Vaudou-Drums-Half-Half-Black-Nickel-Plated-Bronze-14x65-1.jpg\",\"width\":1920,\"height\":1920,\"caption\":\"Vaudou Drums Half & Half Black Nickel Plated & Bronze 14x6,5\"},{\"@type\":\"BreadcrumbList\",\"@id\":\"https:\\\/\\\/www.rimocc.com\\\/product\\\/vaudou-drums-half-half-black-nickel-plated-bronze-14x65\\\/#breadcrumb\",\"itemListElement\":[{\"@type\":\"ListItem\",\"position\":1,\"name\":\"Home\",\"item\":\"https:\\\/\\\/www.rimocc.com\\\/\"},{\"@type\":\"ListItem\",\"position\":2,\"name\":\"Shop\",\"item\":\"https:\\\/\\\/www.rimocc.com\\\/shop\\\/\"},{\"@type\":\"ListItem\",\"position\":3,\"name\":\"Vaudou Drums Half &#038; Half Black Nickel Plated &#038; Bronze 14&#215;6,5\"}]},{\"@type\":\"WebSite\",\"@id\":\"https:\\\/\\\/www.rimocc.com\\\/#website\",\"url\":\"https:\\\/\\\/www.rimocc.com\\\/\",\"name\":\"D\u00e9p\u00f4t Vente Batterie Percussion | Rimocc Lyon\",\"description\":\"Rimocc: l&#039;unique magasin d\u00e9di\u00e9 enti\u00e8rement \u00e0 la batterie, percussion d&#039;occasion et vintage \u00e0 Lyon, France\",\"publisher\":{\"@id\":\"https:\\\/\\\/www.rimocc.com\\\/#organization\"},\"alternateName\":\"Rimocc'\",\"potentialAction\":[{\"@type\":\"SearchAction\",\"target\":{\"@type\":\"EntryPoint\",\"urlTemplate\":\"https:\\\/\\\/www.rimocc.com\\\/?s={search_term_string}\"},\"query-input\":{\"@type\":\"PropertyValueSpecification\",\"valueRequired\":true,\"valueName\":\"search_term_string\"}}],\"inLanguage\":\"en-US\"},{\"@type\":\"Organization\",\"@id\":\"https:\\\/\\\/www.rimocc.com\\\/#organization\",\"name\":\"Rimocc'\",\"alternateName\":\"Rimocc\",\"url\":\"https:\\\/\\\/www.rimocc.com\\\/\",\"logo\":{\"@type\":\"ImageObject\",\"inLanguage\":\"en-US\",\"@id\":\"https:\\\/\\\/www.rimocc.com\\\/#\\\/schema\\\/logo\\\/image\\\/\",\"url\":\"https:\\\/\\\/i0.wp.com\\\/www.rimocc.com\\\/wp-content\\\/uploads\\\/2023\\\/07\\\/RIMOCC_LOGO.jpg?fit=459%2C114&ssl=1\",\"contentUrl\":\"https:\\\/\\\/i0.wp.com\\\/www.rimocc.com\\\/wp-content\\\/uploads\\\/2023\\\/07\\\/RIMOCC_LOGO.jpg?fit=459%2C114&ssl=1\",\"width\":459,\"height\":114,\"caption\":\"Rimocc'\"},\"image\":{\"@id\":\"https:\\\/\\\/www.rimocc.com\\\/#\\\/schema\\\/logo\\\/image\\\/\"},\"sameAs\":[\"https:\\\/\\\/www.facebook.com\\\/rimocclyon\\\/?locale=fr_FR\",\"https:\\\/\\\/www.instagram.com\\\/rimoccc\\\/?hl=fr\",\"https:\\\/\\\/www.tiktok.com\\\/@rimocc\",\"https:\\\/\\\/www.youtube.com\\\/@Rimocc\"]}]}<\/script>\n<!-- \/ Yoast SEO plugin. -->","yoast_head_json":{"title":"Vaudou Drums Half & Half Black Nickel Plated & Bronze 14x6,5 - D\u00e9p\u00f4t Vente Batterie Percussion | Rimocc Lyon","description":"D\u00e9couvrez un instrument artisanal qu\u00e9b\u00e9cois unique, combinant un f\u00fbt en bronze et une finition noire plaqu\u00e9e nickel pour une sonorit\u00e9 puissante et un design saisissant. Parfait pour les batteurs exigeants en qu\u00eate d'un son distinctif et d'une esth\u00e9tique raffin\u00e9e.","robots":{"index":"index","follow":"follow","max-snippet":"max-snippet:-1","max-image-preview":"max-image-preview:large","max-video-preview":"max-video-preview:-1"},"canonical":"https:\/\/www.rimocc.com\/en\/product\/vaudou-drums-half-half-black-nickel-plated-bronze-14x65\/","og_locale":"en_US","og_type":"article","og_title":"Vaudou Drums Half & Half Black Nickel Plated & Bronze 14x6,5 - D\u00e9p\u00f4t Vente Batterie Percussion | Rimocc Lyon","og_description":"D\u00e9couvrez un instrument artisanal qu\u00e9b\u00e9cois unique, combinant un f\u00fbt en bronze et une finition noire plaqu\u00e9e nickel pour une sonorit\u00e9 puissante et un design saisissant. Parfait pour les batteurs exigeants en qu\u00eate d'un son distinctif et d'une esth\u00e9tique raffin\u00e9e.","og_url":"https:\/\/www.rimocc.com\/en\/product\/vaudou-drums-half-half-black-nickel-plated-bronze-14x65\/","og_site_name":"D\u00e9p\u00f4t Vente Batterie Percussion | Rimocc Lyon","article_publisher":"https:\/\/www.facebook.com\/rimocclyon\/?locale=fr_FR","article_modified_time":"2025-08-12T17:14:44+00:00","og_image":[{"width":1920,"height":1920,"url":"https:\/\/www.rimocc.com\/wp-content\/uploads\/2025\/08\/Vaudou-Drums-Half-Half-Black-Nickel-Plated-Bronze-14x65-1.jpg","type":"image\/jpeg"}],"twitter_card":"summary_large_image","twitter_misc":{"Est. reading time":"2 minutes"},"schema":{"@context":"https:\/\/schema.org","@graph":[{"@type":"WebPage","@id":"https:\/\/www.rimocc.com\/product\/vaudou-drums-half-half-black-nickel-plated-bronze-14x65\/","url":"https:\/\/www.rimocc.com\/product\/vaudou-drums-half-half-black-nickel-plated-bronze-14x65\/","name":"Vaudou Drums Half & Half Black Nickel Plated & Bronze 14x6,5 - D\u00e9p\u00f4t Vente Batterie Percussion | Rimocc Lyon","isPartOf":{"@id":"https:\/\/www.rimocc.com\/#website"},"primaryImageOfPage":{"@id":"https:\/\/www.rimocc.com\/product\/vaudou-drums-half-half-black-nickel-plated-bronze-14x65\/#primaryimage"},"image":{"@id":"https:\/\/www.rimocc.com\/product\/vaudou-drums-half-half-black-nickel-plated-bronze-14x65\/#primaryimage"},"thumbnailUrl":"https:\/\/www.rimocc.com\/wp-content\/uploads\/2025\/08\/Vaudou-Drums-Half-Half-Black-Nickel-Plated-Bronze-14x65-1.jpg","datePublished":"2025-08-08T15:51:37+00:00","dateModified":"2025-08-12T17:14:44+00:00","description":"D\u00e9couvrez un instrument artisanal qu\u00e9b\u00e9cois unique, combinant un f\u00fbt en bronze et une finition noire plaqu\u00e9e nickel pour une sonorit\u00e9 puissante et un design saisissant. Parfait pour les batteurs exigeants en qu\u00eate d'un son distinctif et d'une esth\u00e9tique raffin\u00e9e.","breadcrumb":{"@id":"https:\/\/www.rimocc.com\/product\/vaudou-drums-half-half-black-nickel-plated-bronze-14x65\/#breadcrumb"},"inLanguage":"en-US","potentialAction":[{"@type":"ReadAction","target":["https:\/\/www.rimocc.com\/product\/vaudou-drums-half-half-black-nickel-plated-bronze-14x65\/"]}]},{"@type":"ImageObject","inLanguage":"en-US","@id":"https:\/\/www.rimocc.com\/product\/vaudou-drums-half-half-black-nickel-plated-bronze-14x65\/#primaryimage","url":"https:\/\/www.rimocc.com\/wp-content\/uploads\/2025\/08\/Vaudou-Drums-Half-Half-Black-Nickel-Plated-Bronze-14x65-1.jpg","contentUrl":"https:\/\/www.rimocc.com\/wp-content\/uploads\/2025\/08\/Vaudou-Drums-Half-Half-Black-Nickel-Plated-Bronze-14x65-1.jpg","width":1920,"height":1920,"caption":"Vaudou Drums Half & Half Black Nickel Plated & Bronze 14x6,5"},{"@type":"BreadcrumbList","@id":"https:\/\/www.rimocc.com\/product\/vaudou-drums-half-half-black-nickel-plated-bronze-14x65\/#breadcrumb","itemListElement":[{"@type":"ListItem","position":1,"name":"Home","item":"https:\/\/www.rimocc.com\/"},{"@type":"ListItem","position":2,"name":"Shop","item":"https:\/\/www.rimocc.com\/shop\/"},{"@type":"ListItem","position":3,"name":"Vaudou Drums Half &#038; Half Black Nickel Plated &#038; Bronze 14&#215;6,5"}]},{"@type":"WebSite","@id":"https:\/\/www.rimocc.com\/#website","url":"https:\/\/www.rimocc.com\/","name":"D\u00e9p\u00f4t Vente Batterie Percussion | Rimocc Lyon","description":"Rimocc: l&#039;unique magasin d\u00e9di\u00e9 enti\u00e8rement \u00e0 la batterie, percussion d&#039;occasion et vintage \u00e0 Lyon, France","publisher":{"@id":"https:\/\/www.rimocc.com\/#organization"},"alternateName":"Rimocc'","potentialAction":[{"@type":"SearchAction","target":{"@type":"EntryPoint","urlTemplate":"https:\/\/www.rimocc.com\/?s={search_term_string}"},"query-input":{"@type":"PropertyValueSpecification","valueRequired":true,"valueName":"search_term_string"}}],"inLanguage":"en-US"},{"@type":"Organization","@id":"https:\/\/www.rimocc.com\/#organization","name":"Rimocc'","alternateName":"Rimocc","url":"https:\/\/www.rimocc.com\/","logo":{"@type":"ImageObject","inLanguage":"en-US","@id":"https:\/\/www.rimocc.com\/#\/schema\/logo\/image\/","url":"https:\/\/i0.wp.com\/www.rimocc.com\/wp-content\/uploads\/2023\/07\/RIMOCC_LOGO.jpg?fit=459%2C114&ssl=1","contentUrl":"https:\/\/i0.wp.com\/www.rimocc.com\/wp-content\/uploads\/2023\/07\/RIMOCC_LOGO.jpg?fit=459%2C114&ssl=1","width":459,"height":114,"caption":"Rimocc'"},"image":{"@id":"https:\/\/www.rimocc.com\/#\/schema\/logo\/image\/"},"sameAs":["https:\/\/www.facebook.com\/rimocclyon\/?locale=fr_FR","https:\/\/www.instagram.com\/rimoccc\/?hl=fr","https:\/\/www.tiktok.com\/@rimocc","https:\/\/www.youtube.com\/@Rimocc"]}]}},"jetpack_publicize_connections":[],"jetpack_sharing_enabled":true,"_links":{"self":[{"href":"https:\/\/www.rimocc.com\/en\/wp-json\/wp\/v2\/product\/15750","targetHints":{"allow":["GET"]}}],"collection":[{"href":"https:\/\/www.rimocc.com\/en\/wp-json\/wp\/v2\/product"}],"about":[{"href":"https:\/\/www.rimocc.com\/en\/wp-json\/wp\/v2\/types\/product"}],"replies":[{"embeddable":true,"href":"https:\/\/www.rimocc.com\/en\/wp-json\/wp\/v2\/comments?post=15750"}],"wp:featuredmedia":[{"embeddable":true,"href":"https:\/\/www.rimocc.com\/en\/wp-json\/wp\/v2\/media\/15749"}],"wp:attachment":[{"href":"https:\/\/www.rimocc.com\/en\/wp-json\/wp\/v2\/media?parent=15750"}],"wp:term":[{"taxonomy":"product_brand","embeddable":true,"href":"https:\/\/www.rimocc.com\/en\/wp-json\/wp\/v2\/product_brand?post=15750"},{"taxonomy":"product_cat","embeddable":true,"href":"https:\/\/www.rimocc.com\/en\/wp-json\/wp\/v2\/product_cat?post=15750"},{"taxonomy":"product_tag","embeddable":true,"href":"https:\/\/www.rimocc.com\/en\/wp-json\/wp\/v2\/product_tag?post=15750"}],"curies":[{"name":"wp","href":"https:\/\/api.w.org\/{rel}","templated":true}]}}