{"id":15696,"date":"2025-08-03T09:25:59","date_gmt":"2025-08-03T07:25:59","guid":{"rendered":"https:\/\/www.rimocc.com\/?post_type=product&#038;p=15696"},"modified":"2025-10-04T12:34:50","modified_gmt":"2025-10-04T10:34:50","slug":"ludwig-vistalite-amber-22x14-13x9-14x10-18x16","status":"publish","type":"product","link":"https:\/\/www.rimocc.com\/en\/product\/ludwig-vistalite-amber-22x14-13x9-14x10-18x16\/","title":{"rendered":"Ludwig Vistalite Amber 22&Prime;x14&Prime; 13&Prime;x9&Prime; 14&Prime;x10&Prime; 18&Prime;x16&Prime;"},"content":{"rendered":"<p>Ludwig Vistalite Amber 22&Prime;x14&Prime; 13&Prime;x9&Prime; 14&Prime;x10&Prime; 18&Prime;x16&Prime;<br \/>\nVintage fin 70&rsquo;s, d\u00e9but 80&rsquo;s<br \/>\nTr\u00e8s bon \u00e9tat g\u00e9n\u00e9ral<br \/>\nF\u00fbts int\u00e8gres, pas de f\u00ealures<br \/>\nToms mediums sur syst\u00e8me Pearl ISS avec attaches DW (les coquilles de fixation d&rsquo;origine sur les toms medium ne sont pas pr\u00e9sentes, \u00e0 rajouter si besoin &#8211; non dispo)<br \/>\nPied support toms DW inclus<br \/>\nTout d&rsquo;origine sauf pieds de tom bass (Pearl)<br \/>\nSerial numbers: 13&Prime;: 2100505 14&Prime;: 2100904 18&Prime;:2100967 22&Prime;: 2100670<br \/>\n(Certains pointed badges sont tordus, classique)<\/p>\n<p><strong>\u00ab\u00a0Enl\u00e8vement sur place privil\u00e9gi\u00e9 mais envoi possible dans toute la France sur devis s\u00e9par\u00e9 &#8211; merci de s\u00e9lectionner l&rsquo;option \u00ab\u00a0retrait en magasin\u00a0\u00bb et nous vous ferons parvenir un devis s\u00e9par\u00e9 pour la livraison, \u00e0 r\u00e9gler s\u00e9par\u00e9ment<\/strong><br \/>\n<strong>International order, pick-up ONLY\u00a0\u00bb<\/strong><\/p>\n<p>La s\u00e9rie Ludwig Vistalite a fait une entr\u00e9e fracassante sur la sc\u00e8ne musicale au d\u00e9but des ann\u00e9es 1970, une p\u00e9riode de grande exp\u00e9rimentation sonore et visuelle. L&rsquo;id\u00e9e de batteries en acrylique n&rsquo;\u00e9tait pas enti\u00e8rement nouvelle (Bill Zickos avait d\u00e9j\u00e0 explor\u00e9 cette voie), mais c&rsquo;est Ludwig qui a su la populariser et en faire une ic\u00f4ne.<\/p>\n<p>L&rsquo;inspiration : La conception des Vistalite a \u00e9t\u00e9 en partie influenc\u00e9e par les travaux de l&rsquo;entreprise de batterie Fibes, mais c&rsquo;est Ludwig qui a su capitaliser sur le look et le son distinctifs de l&rsquo;acrylique.<\/p>\n<p>P\u00e9riode de production : La production initiale a eu lieu de 1972 \u00e0 1979. Apr\u00e8s une longue interruption, Ludwig a relanc\u00e9 la s\u00e9rie Vistalite au d\u00e9but des ann\u00e9es 2000, proposant des mod\u00e8les bas\u00e9s sur les designs originaux mais avec des am\u00e9liorations modernes.<\/p>\n<p>L&rsquo;apog\u00e9e : Les ann\u00e9es 1970 ont \u00e9t\u00e9 l&rsquo;\u00e2ge d&rsquo;or des Vistalite. Elles ont \u00e9t\u00e9 rendues c\u00e9l\u00e8bres par des batteurs de l\u00e9gende, le plus embl\u00e9matique \u00e9tant John Bonham de Led Zeppelin. Sa batterie Vistalite \u00ab\u00a0Amber\u00a0\u00bb (ou \u00ab\u00a0Tequila Sunrise\u00a0\u00bb) est l&rsquo;une des plus c\u00e9l\u00e8bres de l&rsquo;histoire du rock.<\/p>\n<p>Le design : Le look transparent ou color\u00e9 des Vistalite \u00e9tait un \u00e9l\u00e9ment cl\u00e9 de leur attrait. \u00c0 une \u00e9poque o\u00f9 les batteurs cherchaient \u00e0 se d\u00e9marquer sur sc\u00e8ne, ces f\u00fbts semi-transparents ou unis (orange, bleu, rouge, jaune, etc.) offraient un spectacle visuel unique.<\/p>\n<p>Descriptif Technique (Mod\u00e8les Vintage 1970s)<\/p>\n<p>Les Vistalite vintage sont caract\u00e9ris\u00e9es par des sp\u00e9cifications techniques pr\u00e9cises qui leur conf\u00e8rent leur sonorit\u00e9 et leur esth\u00e9tique si particuli\u00e8res.<\/p>\n<p>Mat\u00e9riau des F\u00fbts : L&rsquo;\u00e9l\u00e9ment distinctif est l&rsquo;acrylique. Ludwig utilisait un type de plastique rigide et durable qui, contrairement au bois, ne n\u00e9cessite pas de plis ou de renforts de chanfrein (reinforcement rings).<\/p>\n<p>\u00c9paisseur des F\u00fbts : L&rsquo;\u00e9paisseur standard des f\u00fbts Vistalite vintage \u00e9tait d&rsquo;environ 6,35 mm (1\/4 pouce). Cette \u00e9paisseur, combin\u00e9e \u00e0 la densit\u00e9 de l&rsquo;acrylique, est un facteur majeur dans la projection sonore.<\/p>\n<p>Chanfreins (Bearing Edges) : Les chanfreins des Vistalite \u00e9taient coup\u00e9s \u00e0 un angle de 45 degr\u00e9s, mais ils \u00e9taient moins \u00ab\u00a0tranchants\u00a0\u00bb que sur les f\u00fbts en bois de la m\u00eame \u00e9poque. Cette surface de contact plus large avec la peau de frappe contribuait au sustain et au volume de la batterie.<\/p>\n<p>Coquilles (Lugs) et Accastillage :<\/p>\n<p>Les mod\u00e8les vintage utilisaient les coquilles \u00ab\u00a0Classic Lugs\u00a0\u00bb (similaires aux f\u00fbts en bois).<\/p>\n<p>Les cercles (hoops) \u00e9taient en acier triple-flanged.<\/p>\n<p>Le syst\u00e8me de montage des toms (tom mount) \u00e9tait le c\u00e9l\u00e8bre \u00ab\u00a0Ludwig Keystone Mount\u00a0\u00bb, une fixation en forme de cl\u00e9 de voute embl\u00e9matique.<\/p>\n<p>Couleurs et Finitions :<\/p>\n<p>Solid Colors (Couleurs unies) : Transparent, Blue, Red, Yellow, Green, Amber (orange).<\/p>\n<p>\u00ab\u00a0Tequila Sunrise\u00a0\u00bb : La finition la plus c\u00e9l\u00e8bre, qui consiste en un d\u00e9grad\u00e9 de couleurs chaudes (jaune, orange, rouge). D&rsquo;autres finitions bicolores et tricolores ont \u00e9galement \u00e9t\u00e9 propos\u00e9es, comme le \u00ab\u00a0Tritone\u00a0\u00bb (par exemple, bleu, jaune, rouge).<\/p>\n<p>Sonorit\u00e9 Caract\u00e9ristique : Le son des Vistalite est souvent d\u00e9crit comme fort, percussif et avec un sustain tr\u00e8s long. Il a moins de chaleur et de complexit\u00e9 que le bois, mais il offre une attaque claire et une projection massive, parfait pour le rock, le funk et d&rsquo;autres genres n\u00e9cessitant de la puissance.<\/p>\n<p>Sonorit\u00e9 \u00ab\u00a0diff\u00e9rente\u00a0\u00bb : Les Vistalite ne sonnent pas comme une batterie en bois. Leur sonorit\u00e9 est une question de go\u00fbt. Elles sont id\u00e9ales pour ceux qui recherchent une frappe puissante et un son direct, mais moins pour ceux qui pr\u00e9f\u00e8rent les tons chauds et ronds du bois.<\/p>\n<p>En r\u00e9sum\u00e9, la Ludwig Vistalite vintage est bien plus qu&rsquo;une simple batterie. C&rsquo;est un morceau d&rsquo;histoire du rock, reconnaissable \u00e0 son look spectaculaire et \u00e0 son son puissant et distinctif. Elle reste une pi\u00e8ce de collection tr\u00e8s recherch\u00e9e et un instrument de choix pour les batteurs qui veulent faire une d\u00e9claration visuelle et sonore forte.<\/p>\n<p><a href=\"https:\/\/www.ludwig-drums.com\/en-us\/ludwig\/products\/drumkits\/vistalite\">https:\/\/www.ludwig-drums.com\/en-us\/ludwig\/products\/drumkits\/vistalite<\/a><br \/>\n<a href=\"https:\/\/www.rimocc.com\/en\/product-category\/batterie\/\">https:\/\/www.rimocc.com\/product-category\/batterie\/<\/a><\/p>\n<p class=\"responsive-video-wrap clr\"><iframe title=\"Ludwig Vistalite Amber\" width=\"563\" height=\"1000\" src=\"https:\/\/www.youtube.com\/embed\/Delxzo-TK6U?feature=oembed\" frameborder=\"0\" allow=\"accelerometer; autoplay; clipboard-write; encrypted-media; gyroscope; picture-in-picture; web-share\" referrerpolicy=\"strict-origin-when-cross-origin\" allowfullscreen><\/iframe><\/p>","protected":false},"excerpt":{"rendered":"<p>Ludwig Vistalite Amber 22&Prime;x14&Prime; 13&Prime;x9&Prime; 14&Prime;x10&Prime; 18&Prime;x16&Prime; Vintage fin 70&rsquo;s, d\u00e9but 80&rsquo;s Tr\u00e8s bon \u00e9tat g\u00e9n\u00e9ral F\u00fbts int\u00e8gres, pas de f\u00ealures Toms mediums sur syst\u00e8me Pearl ISS avec attaches DW (les coquilles de fixation d&rsquo;origine sur les toms medium ne sont pas pr\u00e9sentes, \u00e0 rajouter si besoin &#8211; non dispo) Pied support toms DW inclus [&hellip;]<\/p>\n","protected":false},"featured_media":15695,"comment_status":"open","ping_status":"closed","template":"","meta":{"jetpack_publicize_message":"","jetpack_publicize_feature_enabled":true,"jetpack_social_post_already_shared":false,"jetpack_social_options":{"image_generator_settings":{"template":"highway","default_image_id":0,"font":"","enabled":false},"version":2}},"product_brand":[669],"product_cat":[20],"product_tag":[93],"class_list":{"0":"post-15696","1":"product","2":"type-product","3":"status-publish","4":"has-post-thumbnail","6":"product_brand-ludwig","7":"product_cat-batterie","8":"product_tag-ludwig","10":"entry","11":"has-media","13":"first","14":"outofstock","15":"shipping-taxable","16":"purchasable","17":"product-type-simple","18":"has-product-nav","19":"col","20":"span_1_of_3","21":"owp-content-center","22":"owp-thumbs-layout-horizontal","23":"owp-btn-normal","24":"owp-tabs-layout-horizontal"},"yoast_head":"<!-- This site is optimized with the Yoast SEO plugin v27.5 - https:\/\/yoast.com\/product\/yoast-seo-wordpress\/ -->\n<title>Ludwig Vistalite Amber 22&quot;x14&quot; 13&quot;x9&quot; 14&quot;x10&quot; 18&quot;x16&quot; - D\u00e9p\u00f4t Vente Batterie Percussion | Rimocc Lyon<\/title>\n<meta name=\"description\" content=\"La l\u00e9gendaire Ludwig Vistalite Amber. Configuration 22&quot;x14&quot;, 13&quot;x9&quot;, 14&quot;x10&quot;, 18&quot;x16&quot;. Le kit mythique du rock avec une puissance et un look inimitables.\" \/>\n<meta name=\"robots\" content=\"index, follow, max-snippet:-1, max-image-preview:large, max-video-preview:-1\" \/>\n<link rel=\"canonical\" href=\"https:\/\/www.rimocc.com\/en\/product\/ludwig-vistalite-amber-22x14-13x9-14x10-18x16\/\" \/>\n<meta property=\"og:locale\" content=\"en_US\" \/>\n<meta property=\"og:type\" content=\"article\" \/>\n<meta property=\"og:title\" content=\"Ludwig Vistalite Amber 22&quot;x14&quot; 13&quot;x9&quot; 14&quot;x10&quot; 18&quot;x16&quot; - D\u00e9p\u00f4t Vente Batterie Percussion | Rimocc Lyon\" \/>\n<meta property=\"og:description\" content=\"La l\u00e9gendaire Ludwig Vistalite Amber. Configuration 22&quot;x14&quot;, 13&quot;x9&quot;, 14&quot;x10&quot;, 18&quot;x16&quot;. Le kit mythique du rock avec une puissance et un look inimitables.\" \/>\n<meta property=\"og:url\" content=\"https:\/\/www.rimocc.com\/en\/product\/ludwig-vistalite-amber-22x14-13x9-14x10-18x16\/\" \/>\n<meta property=\"og:site_name\" content=\"D\u00e9p\u00f4t Vente Batterie Percussion | Rimocc Lyon\" \/>\n<meta property=\"article:publisher\" content=\"https:\/\/www.facebook.com\/rimocclyon\/?locale=fr_FR\" \/>\n<meta property=\"article:modified_time\" content=\"2025-10-04T10:34:50+00:00\" \/>\n<meta property=\"og:image\" content=\"https:\/\/www.rimocc.com\/wp-content\/uploads\/2025\/08\/Ludwig-Vistalite-Amber-2.jpg\" \/>\n\t<meta property=\"og:image:width\" content=\"1920\" \/>\n\t<meta property=\"og:image:height\" content=\"1920\" \/>\n\t<meta property=\"og:image:type\" content=\"image\/jpeg\" \/>\n<meta name=\"twitter:card\" content=\"summary_large_image\" \/>\n<meta name=\"twitter:label1\" content=\"Est. reading time\" \/>\n\t<meta name=\"twitter:data1\" content=\"4 minutes\" \/>\n<script type=\"application\/ld+json\" class=\"yoast-schema-graph\">{\"@context\":\"https:\\\/\\\/schema.org\",\"@graph\":[{\"@type\":\"WebPage\",\"@id\":\"https:\\\/\\\/www.rimocc.com\\\/product\\\/ludwig-vistalite-amber-22x14-13x9-14x10-18x16\\\/\",\"url\":\"https:\\\/\\\/www.rimocc.com\\\/product\\\/ludwig-vistalite-amber-22x14-13x9-14x10-18x16\\\/\",\"name\":\"Ludwig Vistalite Amber 22\\\"x14\\\" 13\\\"x9\\\" 14\\\"x10\\\" 18\\\"x16\\\" - D\u00e9p\u00f4t Vente Batterie Percussion | Rimocc Lyon\",\"isPartOf\":{\"@id\":\"https:\\\/\\\/www.rimocc.com\\\/#website\"},\"primaryImageOfPage\":{\"@id\":\"https:\\\/\\\/www.rimocc.com\\\/product\\\/ludwig-vistalite-amber-22x14-13x9-14x10-18x16\\\/#primaryimage\"},\"image\":{\"@id\":\"https:\\\/\\\/www.rimocc.com\\\/product\\\/ludwig-vistalite-amber-22x14-13x9-14x10-18x16\\\/#primaryimage\"},\"thumbnailUrl\":\"https:\\\/\\\/www.rimocc.com\\\/wp-content\\\/uploads\\\/2025\\\/08\\\/Ludwig-Vistalite-Amber-2.jpg\",\"datePublished\":\"2025-08-03T07:25:59+00:00\",\"dateModified\":\"2025-10-04T10:34:50+00:00\",\"description\":\"La l\u00e9gendaire Ludwig Vistalite Amber. Configuration 22\\\"x14\\\", 13\\\"x9\\\", 14\\\"x10\\\", 18\\\"x16\\\". Le kit mythique du rock avec une puissance et un look inimitables.\",\"breadcrumb\":{\"@id\":\"https:\\\/\\\/www.rimocc.com\\\/product\\\/ludwig-vistalite-amber-22x14-13x9-14x10-18x16\\\/#breadcrumb\"},\"inLanguage\":\"en-US\",\"potentialAction\":[{\"@type\":\"ReadAction\",\"target\":[\"https:\\\/\\\/www.rimocc.com\\\/product\\\/ludwig-vistalite-amber-22x14-13x9-14x10-18x16\\\/\"]}]},{\"@type\":\"ImageObject\",\"inLanguage\":\"en-US\",\"@id\":\"https:\\\/\\\/www.rimocc.com\\\/product\\\/ludwig-vistalite-amber-22x14-13x9-14x10-18x16\\\/#primaryimage\",\"url\":\"https:\\\/\\\/www.rimocc.com\\\/wp-content\\\/uploads\\\/2025\\\/08\\\/Ludwig-Vistalite-Amber-2.jpg\",\"contentUrl\":\"https:\\\/\\\/www.rimocc.com\\\/wp-content\\\/uploads\\\/2025\\\/08\\\/Ludwig-Vistalite-Amber-2.jpg\",\"width\":1920,\"height\":1920},{\"@type\":\"BreadcrumbList\",\"@id\":\"https:\\\/\\\/www.rimocc.com\\\/product\\\/ludwig-vistalite-amber-22x14-13x9-14x10-18x16\\\/#breadcrumb\",\"itemListElement\":[{\"@type\":\"ListItem\",\"position\":1,\"name\":\"Home\",\"item\":\"https:\\\/\\\/www.rimocc.com\\\/\"},{\"@type\":\"ListItem\",\"position\":2,\"name\":\"Shop\",\"item\":\"https:\\\/\\\/www.rimocc.com\\\/shop\\\/\"},{\"@type\":\"ListItem\",\"position\":3,\"name\":\"Ludwig Vistalite Amber 22&#8243;x14&#8243; 13&#8243;x9&#8243; 14&#8243;x10&#8243; 18&#8243;x16&#8243;\"}]},{\"@type\":\"WebSite\",\"@id\":\"https:\\\/\\\/www.rimocc.com\\\/#website\",\"url\":\"https:\\\/\\\/www.rimocc.com\\\/\",\"name\":\"D\u00e9p\u00f4t Vente Batterie Percussion | Rimocc Lyon\",\"description\":\"Rimocc: l&#039;unique magasin d\u00e9di\u00e9 enti\u00e8rement \u00e0 la batterie, percussion d&#039;occasion et vintage \u00e0 Lyon, France\",\"publisher\":{\"@id\":\"https:\\\/\\\/www.rimocc.com\\\/#organization\"},\"alternateName\":\"Rimocc'\",\"potentialAction\":[{\"@type\":\"SearchAction\",\"target\":{\"@type\":\"EntryPoint\",\"urlTemplate\":\"https:\\\/\\\/www.rimocc.com\\\/?s={search_term_string}\"},\"query-input\":{\"@type\":\"PropertyValueSpecification\",\"valueRequired\":true,\"valueName\":\"search_term_string\"}}],\"inLanguage\":\"en-US\"},{\"@type\":\"Organization\",\"@id\":\"https:\\\/\\\/www.rimocc.com\\\/#organization\",\"name\":\"Rimocc'\",\"alternateName\":\"Rimocc\",\"url\":\"https:\\\/\\\/www.rimocc.com\\\/\",\"logo\":{\"@type\":\"ImageObject\",\"inLanguage\":\"en-US\",\"@id\":\"https:\\\/\\\/www.rimocc.com\\\/#\\\/schema\\\/logo\\\/image\\\/\",\"url\":\"https:\\\/\\\/i0.wp.com\\\/www.rimocc.com\\\/wp-content\\\/uploads\\\/2023\\\/07\\\/RIMOCC_LOGO.jpg?fit=459%2C114&ssl=1\",\"contentUrl\":\"https:\\\/\\\/i0.wp.com\\\/www.rimocc.com\\\/wp-content\\\/uploads\\\/2023\\\/07\\\/RIMOCC_LOGO.jpg?fit=459%2C114&ssl=1\",\"width\":459,\"height\":114,\"caption\":\"Rimocc'\"},\"image\":{\"@id\":\"https:\\\/\\\/www.rimocc.com\\\/#\\\/schema\\\/logo\\\/image\\\/\"},\"sameAs\":[\"https:\\\/\\\/www.facebook.com\\\/rimocclyon\\\/?locale=fr_FR\",\"https:\\\/\\\/www.instagram.com\\\/rimoccc\\\/?hl=fr\",\"https:\\\/\\\/www.tiktok.com\\\/@rimocc\",\"https:\\\/\\\/www.youtube.com\\\/@Rimocc\"]}]}<\/script>\n<!-- \/ Yoast SEO plugin. -->","yoast_head_json":{"title":"Ludwig Vistalite Amber 22\"x14\" 13\"x9\" 14\"x10\" 18\"x16\" - D\u00e9p\u00f4t Vente Batterie Percussion | Rimocc Lyon","description":"La l\u00e9gendaire Ludwig Vistalite Amber. Configuration 22\"x14\", 13\"x9\", 14\"x10\", 18\"x16\". Le kit mythique du rock avec une puissance et un look inimitables.","robots":{"index":"index","follow":"follow","max-snippet":"max-snippet:-1","max-image-preview":"max-image-preview:large","max-video-preview":"max-video-preview:-1"},"canonical":"https:\/\/www.rimocc.com\/en\/product\/ludwig-vistalite-amber-22x14-13x9-14x10-18x16\/","og_locale":"en_US","og_type":"article","og_title":"Ludwig Vistalite Amber 22\"x14\" 13\"x9\" 14\"x10\" 18\"x16\" - D\u00e9p\u00f4t Vente Batterie Percussion | Rimocc Lyon","og_description":"La l\u00e9gendaire Ludwig Vistalite Amber. Configuration 22\"x14\", 13\"x9\", 14\"x10\", 18\"x16\". Le kit mythique du rock avec une puissance et un look inimitables.","og_url":"https:\/\/www.rimocc.com\/en\/product\/ludwig-vistalite-amber-22x14-13x9-14x10-18x16\/","og_site_name":"D\u00e9p\u00f4t Vente Batterie Percussion | Rimocc Lyon","article_publisher":"https:\/\/www.facebook.com\/rimocclyon\/?locale=fr_FR","article_modified_time":"2025-10-04T10:34:50+00:00","og_image":[{"width":1920,"height":1920,"url":"https:\/\/www.rimocc.com\/wp-content\/uploads\/2025\/08\/Ludwig-Vistalite-Amber-2.jpg","type":"image\/jpeg"}],"twitter_card":"summary_large_image","twitter_misc":{"Est. reading time":"4 minutes"},"schema":{"@context":"https:\/\/schema.org","@graph":[{"@type":"WebPage","@id":"https:\/\/www.rimocc.com\/product\/ludwig-vistalite-amber-22x14-13x9-14x10-18x16\/","url":"https:\/\/www.rimocc.com\/product\/ludwig-vistalite-amber-22x14-13x9-14x10-18x16\/","name":"Ludwig Vistalite Amber 22\"x14\" 13\"x9\" 14\"x10\" 18\"x16\" - D\u00e9p\u00f4t Vente Batterie Percussion | Rimocc Lyon","isPartOf":{"@id":"https:\/\/www.rimocc.com\/#website"},"primaryImageOfPage":{"@id":"https:\/\/www.rimocc.com\/product\/ludwig-vistalite-amber-22x14-13x9-14x10-18x16\/#primaryimage"},"image":{"@id":"https:\/\/www.rimocc.com\/product\/ludwig-vistalite-amber-22x14-13x9-14x10-18x16\/#primaryimage"},"thumbnailUrl":"https:\/\/www.rimocc.com\/wp-content\/uploads\/2025\/08\/Ludwig-Vistalite-Amber-2.jpg","datePublished":"2025-08-03T07:25:59+00:00","dateModified":"2025-10-04T10:34:50+00:00","description":"La l\u00e9gendaire Ludwig Vistalite Amber. Configuration 22\"x14\", 13\"x9\", 14\"x10\", 18\"x16\". Le kit mythique du rock avec une puissance et un look inimitables.","breadcrumb":{"@id":"https:\/\/www.rimocc.com\/product\/ludwig-vistalite-amber-22x14-13x9-14x10-18x16\/#breadcrumb"},"inLanguage":"en-US","potentialAction":[{"@type":"ReadAction","target":["https:\/\/www.rimocc.com\/product\/ludwig-vistalite-amber-22x14-13x9-14x10-18x16\/"]}]},{"@type":"ImageObject","inLanguage":"en-US","@id":"https:\/\/www.rimocc.com\/product\/ludwig-vistalite-amber-22x14-13x9-14x10-18x16\/#primaryimage","url":"https:\/\/www.rimocc.com\/wp-content\/uploads\/2025\/08\/Ludwig-Vistalite-Amber-2.jpg","contentUrl":"https:\/\/www.rimocc.com\/wp-content\/uploads\/2025\/08\/Ludwig-Vistalite-Amber-2.jpg","width":1920,"height":1920},{"@type":"BreadcrumbList","@id":"https:\/\/www.rimocc.com\/product\/ludwig-vistalite-amber-22x14-13x9-14x10-18x16\/#breadcrumb","itemListElement":[{"@type":"ListItem","position":1,"name":"Home","item":"https:\/\/www.rimocc.com\/"},{"@type":"ListItem","position":2,"name":"Shop","item":"https:\/\/www.rimocc.com\/shop\/"},{"@type":"ListItem","position":3,"name":"Ludwig Vistalite Amber 22&#8243;x14&#8243; 13&#8243;x9&#8243; 14&#8243;x10&#8243; 18&#8243;x16&#8243;"}]},{"@type":"WebSite","@id":"https:\/\/www.rimocc.com\/#website","url":"https:\/\/www.rimocc.com\/","name":"D\u00e9p\u00f4t Vente Batterie Percussion | Rimocc Lyon","description":"Rimocc: l&#039;unique magasin d\u00e9di\u00e9 enti\u00e8rement \u00e0 la batterie, percussion d&#039;occasion et vintage \u00e0 Lyon, France","publisher":{"@id":"https:\/\/www.rimocc.com\/#organization"},"alternateName":"Rimocc'","potentialAction":[{"@type":"SearchAction","target":{"@type":"EntryPoint","urlTemplate":"https:\/\/www.rimocc.com\/?s={search_term_string}"},"query-input":{"@type":"PropertyValueSpecification","valueRequired":true,"valueName":"search_term_string"}}],"inLanguage":"en-US"},{"@type":"Organization","@id":"https:\/\/www.rimocc.com\/#organization","name":"Rimocc'","alternateName":"Rimocc","url":"https:\/\/www.rimocc.com\/","logo":{"@type":"ImageObject","inLanguage":"en-US","@id":"https:\/\/www.rimocc.com\/#\/schema\/logo\/image\/","url":"https:\/\/i0.wp.com\/www.rimocc.com\/wp-content\/uploads\/2023\/07\/RIMOCC_LOGO.jpg?fit=459%2C114&ssl=1","contentUrl":"https:\/\/i0.wp.com\/www.rimocc.com\/wp-content\/uploads\/2023\/07\/RIMOCC_LOGO.jpg?fit=459%2C114&ssl=1","width":459,"height":114,"caption":"Rimocc'"},"image":{"@id":"https:\/\/www.rimocc.com\/#\/schema\/logo\/image\/"},"sameAs":["https:\/\/www.facebook.com\/rimocclyon\/?locale=fr_FR","https:\/\/www.instagram.com\/rimoccc\/?hl=fr","https:\/\/www.tiktok.com\/@rimocc","https:\/\/www.youtube.com\/@Rimocc"]}]}},"jetpack_publicize_connections":[],"jetpack_sharing_enabled":true,"_links":{"self":[{"href":"https:\/\/www.rimocc.com\/en\/wp-json\/wp\/v2\/product\/15696","targetHints":{"allow":["GET"]}}],"collection":[{"href":"https:\/\/www.rimocc.com\/en\/wp-json\/wp\/v2\/product"}],"about":[{"href":"https:\/\/www.rimocc.com\/en\/wp-json\/wp\/v2\/types\/product"}],"replies":[{"embeddable":true,"href":"https:\/\/www.rimocc.com\/en\/wp-json\/wp\/v2\/comments?post=15696"}],"wp:featuredmedia":[{"embeddable":true,"href":"https:\/\/www.rimocc.com\/en\/wp-json\/wp\/v2\/media\/15695"}],"wp:attachment":[{"href":"https:\/\/www.rimocc.com\/en\/wp-json\/wp\/v2\/media?parent=15696"}],"wp:term":[{"taxonomy":"product_brand","embeddable":true,"href":"https:\/\/www.rimocc.com\/en\/wp-json\/wp\/v2\/product_brand?post=15696"},{"taxonomy":"product_cat","embeddable":true,"href":"https:\/\/www.rimocc.com\/en\/wp-json\/wp\/v2\/product_cat?post=15696"},{"taxonomy":"product_tag","embeddable":true,"href":"https:\/\/www.rimocc.com\/en\/wp-json\/wp\/v2\/product_tag?post=15696"}],"curies":[{"name":"wp","href":"https:\/\/api.w.org\/{rel}","templated":true}]}}