{"id":15676,"date":"2025-08-02T15:42:59","date_gmt":"2025-08-02T13:42:59","guid":{"rendered":"https:\/\/www.rimocc.com\/?post_type=product&#038;p=15676"},"modified":"2025-08-02T15:42:59","modified_gmt":"2025-08-02T13:42:59","slug":"ahead-gants-glm-drummer-gloves-medium","status":"publish","type":"product","link":"https:\/\/www.rimocc.com\/en\/product\/ahead-gants-glm-drummer-gloves-medium\/","title":{"rendered":"Ahead Gants GLM Drummer Gloves medium"},"content":{"rendered":"<p>Ahead Gants GLM Drummer Gloves medium<br \/>\nUtilis\u00e9s 1 fois, comme neufs<\/p>\n<p>Les gants de batteur Ahead GLM sont con\u00e7us pour offrir une meilleure prise en main, une protection et un confort optimal pendant le jeu. Le mod\u00e8le medium est une taille standard pour adultes.<\/p>\n<p>Mat\u00e9riaux : Fabriqu\u00e9s \u00e0 partir d&rsquo;un m\u00e9lange de mat\u00e9riaux de haute qualit\u00e9, les gants combinent la durabilit\u00e9 du cuir souple et ultra-fin avec l&rsquo;\u00e9lasticit\u00e9 du Lycra et du Spandex. L&rsquo;ajout d&rsquo;une bande \u00e9lastique contribue \u00e9galement \u00e0 la flexibilit\u00e9 et au maintien. La composition exacte est souvent indiqu\u00e9e comme suit : 40 % cuir, 30 % Lycra, 20 % Spandex, 10 % bande \u00e9lastique.<\/p>\n<p>Construction robuste : Con\u00e7us pour \u00eatre deux fois plus durables que la plupart des gants de batteur du march\u00e9, ils sont faits pour r\u00e9sister aux rigueurs de l&rsquo;utilisation intensive.<\/p>\n<p>Points de contact renforc\u00e9s : Des renforts sont strat\u00e9giquement plac\u00e9s au niveau du pouce et de l&rsquo;index, l\u00e0 o\u00f9 le contact avec la baguette est le plus fr\u00e9quent, pour pr\u00e9venir l&rsquo;usure et les ampoules.<\/p>\n<p>Ventilation : La partie en Lycra et Spandex permet aux gants de respirer, gardant les mains au frais et r\u00e9duisant la transpiration.<\/p>\n<p>Support de poignet : Un support de poignet int\u00e9gr\u00e9, r\u00e9glable par velcro, offre un maintien suppl\u00e9mentaire et une absorption des chocs, ce qui peut aider \u00e0 pr\u00e9venir les blessures.<\/p>\n<p>Fonctionnalit\u00e9s :<\/p>\n<p>Absorption des chocs : La conception et les mat\u00e9riaux utilis\u00e9s aident \u00e0 absorber les chocs et les vibrations qui peuvent \u00eatre transmis des baguettes aux mains.<\/p>\n<p>Am\u00e9lioration de la prise en main : Les gants sont con\u00e7us pour offrir une prise ferme et stable sur les baguettes, m\u00eame lorsque les mains transpirent.<\/p>\n<p>Taille : Medium (M), qui correspond g\u00e9n\u00e9ralement \u00e0 une taille homme 8\/8,5.<\/p>\n<p>Couleur : noir avec le logo Ahead en blanc.<\/p>\n<p>En r\u00e9sum\u00e9, les gants Ahead GLM en taille medium sont une option de haute performance pour les batteurs recherchant une protection durable, une meilleure adh\u00e9rence et un confort accru, le tout dans un design solide et bien pens\u00e9.<\/p>\n<p><a href=\"https:\/\/www.rimocc.com\/en\/product-category\/accessoires-batterie\/\">https:\/\/www.rimocc.com\/product-category\/accessoires-batterie\/<\/a><\/p>","protected":false},"excerpt":{"rendered":"<p>Ahead Gants GLM Drummer Gloves medium Utilis\u00e9s 1 fois, comme neufs Les gants de batteur Ahead GLM sont con\u00e7us pour offrir une meilleure prise en main, une protection et un confort optimal pendant le jeu. Le mod\u00e8le medium est une taille standard pour adultes. Mat\u00e9riaux : Fabriqu\u00e9s \u00e0 partir d&rsquo;un m\u00e9lange de mat\u00e9riaux de haute [&hellip;]<\/p>\n","protected":false},"featured_media":15675,"comment_status":"open","ping_status":"closed","template":"","meta":{"jetpack_publicize_message":"","jetpack_publicize_feature_enabled":true,"jetpack_social_post_already_shared":false,"jetpack_social_options":{"image_generator_settings":{"template":"highway","default_image_id":0,"font":"","enabled":false},"version":2}},"product_brand":[709],"product_cat":[22],"product_tag":[710],"class_list":{"0":"post-15676","1":"product","2":"type-product","3":"status-publish","4":"has-post-thumbnail","6":"product_brand-ahead","7":"product_cat-accessoires-batterie","8":"product_tag-ahead","10":"entry","11":"has-media","13":"first","14":"instock","15":"shipping-taxable","16":"purchasable","17":"product-type-simple","18":"has-product-nav","19":"col","20":"span_1_of_3","21":"owp-content-center","22":"owp-thumbs-layout-horizontal","23":"owp-btn-normal","24":"owp-tabs-layout-horizontal"},"yoast_head":"<!-- This site is optimized with the Yoast SEO plugin v27.6 - https:\/\/yoast.com\/product\/yoast-seo-wordpress\/ -->\n<title>Ahead Gants GLM Drummer Gloves medium - D\u00e9p\u00f4t Vente Batterie Percussion | Rimocc Lyon<\/title>\n<meta name=\"description\" content=\"Les gants de batteur Ahead GLM taille M sont con\u00e7us en cuir et Lycra pour une meilleure prise, un confort optimal et une protection contre les vibrations.\" \/>\n<meta name=\"robots\" content=\"index, follow, max-snippet:-1, max-image-preview:large, max-video-preview:-1\" \/>\n<link rel=\"canonical\" href=\"https:\/\/www.rimocc.com\/en\/product\/ahead-gants-glm-drummer-gloves-medium\/\" \/>\n<meta property=\"og:locale\" content=\"en_US\" \/>\n<meta property=\"og:type\" content=\"article\" \/>\n<meta property=\"og:title\" content=\"Ahead Gants GLM Drummer Gloves medium - D\u00e9p\u00f4t Vente Batterie Percussion | Rimocc Lyon\" \/>\n<meta property=\"og:description\" content=\"Les gants de batteur Ahead GLM taille M sont con\u00e7us en cuir et Lycra pour une meilleure prise, un confort optimal et une protection contre les vibrations.\" \/>\n<meta property=\"og:url\" content=\"https:\/\/www.rimocc.com\/en\/product\/ahead-gants-glm-drummer-gloves-medium\/\" \/>\n<meta property=\"og:site_name\" content=\"D\u00e9p\u00f4t Vente Batterie Percussion | Rimocc Lyon\" \/>\n<meta property=\"article:publisher\" content=\"https:\/\/www.facebook.com\/rimocclyon\/?locale=fr_FR\" \/>\n<meta property=\"og:image\" content=\"https:\/\/www.rimocc.com\/wp-content\/uploads\/2025\/08\/Ahead-Gants-GLM-Drummer-Gloves-medium-1.jpg\" \/>\n\t<meta property=\"og:image:width\" content=\"1920\" \/>\n\t<meta property=\"og:image:height\" content=\"1920\" \/>\n\t<meta property=\"og:image:type\" content=\"image\/jpeg\" \/>\n<meta name=\"twitter:card\" content=\"summary_large_image\" \/>\n<meta name=\"twitter:label1\" content=\"Est. reading time\" \/>\n\t<meta name=\"twitter:data1\" content=\"2 minutes\" \/>\n<script type=\"application\/ld+json\" class=\"yoast-schema-graph\">{\"@context\":\"https:\\\/\\\/schema.org\",\"@graph\":[{\"@type\":\"WebPage\",\"@id\":\"https:\\\/\\\/www.rimocc.com\\\/product\\\/ahead-gants-glm-drummer-gloves-medium\\\/\",\"url\":\"https:\\\/\\\/www.rimocc.com\\\/product\\\/ahead-gants-glm-drummer-gloves-medium\\\/\",\"name\":\"Ahead Gants GLM Drummer Gloves medium - D\u00e9p\u00f4t Vente Batterie Percussion | Rimocc Lyon\",\"isPartOf\":{\"@id\":\"https:\\\/\\\/www.rimocc.com\\\/#website\"},\"primaryImageOfPage\":{\"@id\":\"https:\\\/\\\/www.rimocc.com\\\/product\\\/ahead-gants-glm-drummer-gloves-medium\\\/#primaryimage\"},\"image\":{\"@id\":\"https:\\\/\\\/www.rimocc.com\\\/product\\\/ahead-gants-glm-drummer-gloves-medium\\\/#primaryimage\"},\"thumbnailUrl\":\"https:\\\/\\\/www.rimocc.com\\\/wp-content\\\/uploads\\\/2025\\\/08\\\/Ahead-Gants-GLM-Drummer-Gloves-medium-1.jpg\",\"datePublished\":\"2025-08-02T13:42:59+00:00\",\"description\":\"Les gants de batteur Ahead GLM taille M sont con\u00e7us en cuir et Lycra pour une meilleure prise, un confort optimal et une protection contre les vibrations.\",\"breadcrumb\":{\"@id\":\"https:\\\/\\\/www.rimocc.com\\\/product\\\/ahead-gants-glm-drummer-gloves-medium\\\/#breadcrumb\"},\"inLanguage\":\"en-US\",\"potentialAction\":[{\"@type\":\"ReadAction\",\"target\":[\"https:\\\/\\\/www.rimocc.com\\\/product\\\/ahead-gants-glm-drummer-gloves-medium\\\/\"]}]},{\"@type\":\"ImageObject\",\"inLanguage\":\"en-US\",\"@id\":\"https:\\\/\\\/www.rimocc.com\\\/product\\\/ahead-gants-glm-drummer-gloves-medium\\\/#primaryimage\",\"url\":\"https:\\\/\\\/www.rimocc.com\\\/wp-content\\\/uploads\\\/2025\\\/08\\\/Ahead-Gants-GLM-Drummer-Gloves-medium-1.jpg\",\"contentUrl\":\"https:\\\/\\\/www.rimocc.com\\\/wp-content\\\/uploads\\\/2025\\\/08\\\/Ahead-Gants-GLM-Drummer-Gloves-medium-1.jpg\",\"width\":1920,\"height\":1920,\"caption\":\"Ahead Gants GLM Drummer Gloves medium\"},{\"@type\":\"BreadcrumbList\",\"@id\":\"https:\\\/\\\/www.rimocc.com\\\/product\\\/ahead-gants-glm-drummer-gloves-medium\\\/#breadcrumb\",\"itemListElement\":[{\"@type\":\"ListItem\",\"position\":1,\"name\":\"Home\",\"item\":\"https:\\\/\\\/www.rimocc.com\\\/\"},{\"@type\":\"ListItem\",\"position\":2,\"name\":\"Shop\",\"item\":\"https:\\\/\\\/www.rimocc.com\\\/shop\\\/\"},{\"@type\":\"ListItem\",\"position\":3,\"name\":\"Ahead Gants GLM Drummer Gloves medium\"}]},{\"@type\":\"WebSite\",\"@id\":\"https:\\\/\\\/www.rimocc.com\\\/#website\",\"url\":\"https:\\\/\\\/www.rimocc.com\\\/\",\"name\":\"D\u00e9p\u00f4t Vente Batterie Percussion | Rimocc Lyon\",\"description\":\"Rimocc: l&#039;unique magasin d\u00e9di\u00e9 enti\u00e8rement \u00e0 la batterie, percussion d&#039;occasion et vintage \u00e0 Lyon, France\",\"publisher\":{\"@id\":\"https:\\\/\\\/www.rimocc.com\\\/#organization\"},\"alternateName\":\"Rimocc'\",\"potentialAction\":[{\"@type\":\"SearchAction\",\"target\":{\"@type\":\"EntryPoint\",\"urlTemplate\":\"https:\\\/\\\/www.rimocc.com\\\/?s={search_term_string}\"},\"query-input\":{\"@type\":\"PropertyValueSpecification\",\"valueRequired\":true,\"valueName\":\"search_term_string\"}}],\"inLanguage\":\"en-US\"},{\"@type\":\"Organization\",\"@id\":\"https:\\\/\\\/www.rimocc.com\\\/#organization\",\"name\":\"Rimocc'\",\"alternateName\":\"Rimocc\",\"url\":\"https:\\\/\\\/www.rimocc.com\\\/\",\"logo\":{\"@type\":\"ImageObject\",\"inLanguage\":\"en-US\",\"@id\":\"https:\\\/\\\/www.rimocc.com\\\/#\\\/schema\\\/logo\\\/image\\\/\",\"url\":\"https:\\\/\\\/i0.wp.com\\\/www.rimocc.com\\\/wp-content\\\/uploads\\\/2023\\\/07\\\/RIMOCC_LOGO.jpg?fit=459%2C114&ssl=1\",\"contentUrl\":\"https:\\\/\\\/i0.wp.com\\\/www.rimocc.com\\\/wp-content\\\/uploads\\\/2023\\\/07\\\/RIMOCC_LOGO.jpg?fit=459%2C114&ssl=1\",\"width\":459,\"height\":114,\"caption\":\"Rimocc'\"},\"image\":{\"@id\":\"https:\\\/\\\/www.rimocc.com\\\/#\\\/schema\\\/logo\\\/image\\\/\"},\"sameAs\":[\"https:\\\/\\\/www.facebook.com\\\/rimocclyon\\\/?locale=fr_FR\",\"https:\\\/\\\/www.instagram.com\\\/rimoccc\\\/?hl=fr\",\"https:\\\/\\\/www.tiktok.com\\\/@rimocc\",\"https:\\\/\\\/www.youtube.com\\\/@Rimocc\"]}]}<\/script>\n<!-- \/ Yoast SEO plugin. -->","yoast_head_json":{"title":"Ahead Gants GLM Drummer Gloves medium - D\u00e9p\u00f4t Vente Batterie Percussion | Rimocc Lyon","description":"Les gants de batteur Ahead GLM taille M sont con\u00e7us en cuir et Lycra pour une meilleure prise, un confort optimal et une protection contre les vibrations.","robots":{"index":"index","follow":"follow","max-snippet":"max-snippet:-1","max-image-preview":"max-image-preview:large","max-video-preview":"max-video-preview:-1"},"canonical":"https:\/\/www.rimocc.com\/en\/product\/ahead-gants-glm-drummer-gloves-medium\/","og_locale":"en_US","og_type":"article","og_title":"Ahead Gants GLM Drummer Gloves medium - D\u00e9p\u00f4t Vente Batterie Percussion | Rimocc Lyon","og_description":"Les gants de batteur Ahead GLM taille M sont con\u00e7us en cuir et Lycra pour une meilleure prise, un confort optimal et une protection contre les vibrations.","og_url":"https:\/\/www.rimocc.com\/en\/product\/ahead-gants-glm-drummer-gloves-medium\/","og_site_name":"D\u00e9p\u00f4t Vente Batterie Percussion | Rimocc Lyon","article_publisher":"https:\/\/www.facebook.com\/rimocclyon\/?locale=fr_FR","og_image":[{"width":1920,"height":1920,"url":"https:\/\/www.rimocc.com\/wp-content\/uploads\/2025\/08\/Ahead-Gants-GLM-Drummer-Gloves-medium-1.jpg","type":"image\/jpeg"}],"twitter_card":"summary_large_image","twitter_misc":{"Est. reading time":"2 minutes"},"schema":{"@context":"https:\/\/schema.org","@graph":[{"@type":"WebPage","@id":"https:\/\/www.rimocc.com\/product\/ahead-gants-glm-drummer-gloves-medium\/","url":"https:\/\/www.rimocc.com\/product\/ahead-gants-glm-drummer-gloves-medium\/","name":"Ahead Gants GLM Drummer Gloves medium - D\u00e9p\u00f4t Vente Batterie Percussion | Rimocc Lyon","isPartOf":{"@id":"https:\/\/www.rimocc.com\/#website"},"primaryImageOfPage":{"@id":"https:\/\/www.rimocc.com\/product\/ahead-gants-glm-drummer-gloves-medium\/#primaryimage"},"image":{"@id":"https:\/\/www.rimocc.com\/product\/ahead-gants-glm-drummer-gloves-medium\/#primaryimage"},"thumbnailUrl":"https:\/\/www.rimocc.com\/wp-content\/uploads\/2025\/08\/Ahead-Gants-GLM-Drummer-Gloves-medium-1.jpg","datePublished":"2025-08-02T13:42:59+00:00","description":"Les gants de batteur Ahead GLM taille M sont con\u00e7us en cuir et Lycra pour une meilleure prise, un confort optimal et une protection contre les vibrations.","breadcrumb":{"@id":"https:\/\/www.rimocc.com\/product\/ahead-gants-glm-drummer-gloves-medium\/#breadcrumb"},"inLanguage":"en-US","potentialAction":[{"@type":"ReadAction","target":["https:\/\/www.rimocc.com\/product\/ahead-gants-glm-drummer-gloves-medium\/"]}]},{"@type":"ImageObject","inLanguage":"en-US","@id":"https:\/\/www.rimocc.com\/product\/ahead-gants-glm-drummer-gloves-medium\/#primaryimage","url":"https:\/\/www.rimocc.com\/wp-content\/uploads\/2025\/08\/Ahead-Gants-GLM-Drummer-Gloves-medium-1.jpg","contentUrl":"https:\/\/www.rimocc.com\/wp-content\/uploads\/2025\/08\/Ahead-Gants-GLM-Drummer-Gloves-medium-1.jpg","width":1920,"height":1920,"caption":"Ahead Gants GLM Drummer Gloves medium"},{"@type":"BreadcrumbList","@id":"https:\/\/www.rimocc.com\/product\/ahead-gants-glm-drummer-gloves-medium\/#breadcrumb","itemListElement":[{"@type":"ListItem","position":1,"name":"Home","item":"https:\/\/www.rimocc.com\/"},{"@type":"ListItem","position":2,"name":"Shop","item":"https:\/\/www.rimocc.com\/shop\/"},{"@type":"ListItem","position":3,"name":"Ahead Gants GLM Drummer Gloves medium"}]},{"@type":"WebSite","@id":"https:\/\/www.rimocc.com\/#website","url":"https:\/\/www.rimocc.com\/","name":"D\u00e9p\u00f4t Vente Batterie Percussion | Rimocc Lyon","description":"Rimocc: l&#039;unique magasin d\u00e9di\u00e9 enti\u00e8rement \u00e0 la batterie, percussion d&#039;occasion et vintage \u00e0 Lyon, France","publisher":{"@id":"https:\/\/www.rimocc.com\/#organization"},"alternateName":"Rimocc'","potentialAction":[{"@type":"SearchAction","target":{"@type":"EntryPoint","urlTemplate":"https:\/\/www.rimocc.com\/?s={search_term_string}"},"query-input":{"@type":"PropertyValueSpecification","valueRequired":true,"valueName":"search_term_string"}}],"inLanguage":"en-US"},{"@type":"Organization","@id":"https:\/\/www.rimocc.com\/#organization","name":"Rimocc'","alternateName":"Rimocc","url":"https:\/\/www.rimocc.com\/","logo":{"@type":"ImageObject","inLanguage":"en-US","@id":"https:\/\/www.rimocc.com\/#\/schema\/logo\/image\/","url":"https:\/\/i0.wp.com\/www.rimocc.com\/wp-content\/uploads\/2023\/07\/RIMOCC_LOGO.jpg?fit=459%2C114&ssl=1","contentUrl":"https:\/\/i0.wp.com\/www.rimocc.com\/wp-content\/uploads\/2023\/07\/RIMOCC_LOGO.jpg?fit=459%2C114&ssl=1","width":459,"height":114,"caption":"Rimocc'"},"image":{"@id":"https:\/\/www.rimocc.com\/#\/schema\/logo\/image\/"},"sameAs":["https:\/\/www.facebook.com\/rimocclyon\/?locale=fr_FR","https:\/\/www.instagram.com\/rimoccc\/?hl=fr","https:\/\/www.tiktok.com\/@rimocc","https:\/\/www.youtube.com\/@Rimocc"]}]}},"jetpack_publicize_connections":[],"jetpack_sharing_enabled":true,"_links":{"self":[{"href":"https:\/\/www.rimocc.com\/en\/wp-json\/wp\/v2\/product\/15676","targetHints":{"allow":["GET"]}}],"collection":[{"href":"https:\/\/www.rimocc.com\/en\/wp-json\/wp\/v2\/product"}],"about":[{"href":"https:\/\/www.rimocc.com\/en\/wp-json\/wp\/v2\/types\/product"}],"replies":[{"embeddable":true,"href":"https:\/\/www.rimocc.com\/en\/wp-json\/wp\/v2\/comments?post=15676"}],"wp:featuredmedia":[{"embeddable":true,"href":"https:\/\/www.rimocc.com\/en\/wp-json\/wp\/v2\/media\/15675"}],"wp:attachment":[{"href":"https:\/\/www.rimocc.com\/en\/wp-json\/wp\/v2\/media?parent=15676"}],"wp:term":[{"taxonomy":"product_brand","embeddable":true,"href":"https:\/\/www.rimocc.com\/en\/wp-json\/wp\/v2\/product_brand?post=15676"},{"taxonomy":"product_cat","embeddable":true,"href":"https:\/\/www.rimocc.com\/en\/wp-json\/wp\/v2\/product_cat?post=15676"},{"taxonomy":"product_tag","embeddable":true,"href":"https:\/\/www.rimocc.com\/en\/wp-json\/wp\/v2\/product_tag?post=15676"}],"curies":[{"name":"wp","href":"https:\/\/api.w.org\/{rel}","templated":true}]}}